{"id":999,"date":"2023-02-28T17:17:23","date_gmt":"2023-02-28T22:17:23","guid":{"rendered":"https:\/\/aspenwildlifecontrol.com\/prestations-de-service\/souris\/les-souris-faits\/"},"modified":"2025-02-11T10:21:23","modified_gmt":"2025-02-11T15:21:23","slug":"les-souris-faits","status":"publish","type":"page","link":"https:\/\/aspenwildlifecontrol.com\/fr\/prestations-de-service\/souris\/les-souris-faits\/","title":{"rendered":"Les souris faits"},"content":{"rendered":"<div class=\"et_pb_module et_pb_text et_pb_text_0 et_pb_text_align_left et_pb_bg_layout_light et_had_animation\">\n<div class=\"et_pb_text_inner\">\n<p><b>Nom scientifique <\/b><i><span style=\"font-weight: 400;\">Mus Musculus, Peromyscus maniculatus<\/span><\/i><\/p>\n<p><b>Classe<\/b><span style=\"font-weight: 400;\"> Mammif\u00e8re<\/span><\/p>\n<p><b>Famille<\/b><span style=\"font-weight: 400;\"> Murid\u00e9s pour la souris commune; Cric\u00e9tid\u00e9s pour la souris sylvestre<\/span><\/p>\n<p><b>Ordre<\/b><span style=\"font-weight: 400;\"> Rongeurs<\/span><\/p>\n<p><b>Dur\u00e9e de vie : <\/b><\/p>\n<p>Les souris font partie des mammif\u00e8res \u00e0 la dur\u00e9e de vie la plus courte, avec une dur\u00e9e de vie typique d&rsquo;un an seulement. Si leur proche parente, la souris sylvestre, peut vivre jusqu&rsquo;\u00e0 8 ans en captivit\u00e9 dans des conditions id\u00e9ales (sans pr\u00e9dateurs), elle n&rsquo;est gu\u00e8re mieux dans la nature, o\u00f9 elle est la proie d&rsquo;innombrables esp\u00e8ces mena\u00e7antes et d\u00e9passe rarement 12 mois.<\/p>\n<\/div>\n<\/div>\n<h5><strong>Reproduction<\/strong><\/h5>\n<div class=\"et_pb_module et_pb_text et_pb_text_2 et_pb_text_align_left et_pb_bg_layout_light et_had_animation\">\n<div class=\"et_pb_text_inner\">\n<p>Il existe de nombreuses esp\u00e8ces de souris au Qu\u00e9bec. Les plus susceptibles de se retrouver dans nos habitations sont les suivantes :<\/p>\n<ul>\n<li>Souris sylvestre<\/li>\n<li>Souris commune<\/li>\n<\/ul>\n<p>Les souris sont plus occup\u00e9es que l&rsquo;on pourrait le croire, elles s&rsquo;accouplent toute l&rsquo;ann\u00e9e ! Alors que la plupart des esp\u00e8ces atteignent la maturit\u00e9 sexuelle \u00e0 l&rsquo;\u00e2ge de 5 \u00e0 6 semaines, la souris sylvestre a besoin d&rsquo;un mois suppl\u00e9mentaire pour rattraper son retard. Il est int\u00e9ressant de noter que la gestation varie consid\u00e9rablement : certaines n&rsquo;ont que 18 jours avant de mettre bas, tandis que d&rsquo;autres en prennent plus de 30 pour leur nouvelle port\u00e9e (qui peut aller de 1 \u00e0 18 !).<\/p>\n<\/div>\n<\/div>\n<h5><strong>R\u00e9gime alimentaire<\/strong><\/h5>\n<div class=\"et_pb_module et_pb_text et_pb_text_4 et_pb_text_align_left et_pb_bg_layout_light et_had_animation\">\n<div class=\"et_pb_text_inner\">\n<p>Omnivores, les souris ont un r\u00e9gime alimentaire assez vari\u00e9. Elles se nourrissent de :<\/p>\n<ul>\n<li>Graines, Fruits<\/li>\n<li>Bourgeons<\/li>\n<li>Insectes<\/li>\n<li>Noix<\/li>\n<\/ul>\n<\/div>\n<\/div>\n<h5><strong>Habitat<\/strong><\/h5>\n<div class=\"et_pb_module et_pb_text et_pb_text_6 et_pb_text_align_left et_pb_bg_layout_light et_had_animation\">\n<div class=\"et_pb_text_inner\">\n<p>Les souris sont partout, des prairies ensoleill\u00e9es de Californie aux for\u00eats bor\u00e9ales du Canada. Elles sont tout aussi adaptables et curieuses dans n&rsquo;importe quel climat de ce c\u00f4t\u00e9-ci de l&rsquo;oc\u00e9an.<\/p>\n<\/div>\n<\/div>\n<h5><strong>Pourquoi les souris couinent?<\/strong><\/h5>\n<p>Les souris ont une vie sociale bien remplie ! Elles expriment leurs \u00e9motions par une vari\u00e9t\u00e9 de couinements, dont certains sont m\u00eame hors de notre port\u00e9e auditive. Les souris m\u00e2les courtisent les femelles avec des chansons romantiques, tandis que d&rsquo;autres gazouillis et couinements servent de conversation entre les individus.<\/p>\n<h5><strong>Est-ce que les souris hibernent?<\/strong><\/h5>\n<p>Malgr\u00e9 les temp\u00e9ratures froides de l&rsquo;hiver, les souris sont des cr\u00e9atures robustes qui continuent \u00e0 braver les \u00e9l\u00e9ments pour trouver de la nourriture et se prot\u00e9ger des pr\u00e9dateurs.<\/p>\n<h5><strong>Est-ce que les dents des souris poussent continuellement?<\/strong><\/h5>\n<p>Les souris ont une particularit\u00e9 int\u00e9ressante : leurs dents de devant, ou incisives, poussent de plus en plus longtemps tout au long de leur vie ! Cela s&rsquo;explique par le fait que les souris font partie de la famille des rongeurs.<\/p>\n<h5><strong>Est-ce que les souris aiment le fromage?<\/strong><\/h5>\n<p><span style=\"font-weight: 400;\">Bien que nous ayons \u00e9t\u00e9 amen\u00e9s \u00e0 croire que les souris ont une affinit\u00e9 avec le fromage, ce n&rsquo;est pas le cas. En r\u00e9alit\u00e9, avant que l&rsquo;homme ne l&rsquo;introduise dans leur r\u00e9gime alimentaire, elles s&rsquo;en passent volontiers, ce qui prouve une fois de plus la capacit\u00e9 d&rsquo;adaptation de ces petites b\u00eates.<\/span><\/p>\n<h5><strong>Pourquoi les souris sont-elles utilis\u00e9es en recherche?<\/strong><\/h5>\n<p><span style=\"font-weight: 400;\">L&rsquo;humble souris a \u00e9t\u00e9 une aide inestimable pour la recherche, offrant aux scientifiques sa part g\u00e9n\u00e9reuse de similitudes g\u00e9n\u00e9tiques avec les humains et des caract\u00e9ristiques pratiques telles que des exigences d&rsquo;entretien minimales et un cycle de reproduction rapide.<\/span><\/p>\n","protected":false},"excerpt":{"rendered":"<p>Nom scientifique Mus Musculus, Peromyscus maniculatus Classe Mammif\u00e8re Famille Murid\u00e9s pour la souris commune; Cric\u00e9tid\u00e9s pour la souris sylvestre Ordre Rongeurs Dur\u00e9e de vie : Les souris font partie des mammif\u00e8res \u00e0 la dur\u00e9e de vie la plus courte, avec une dur\u00e9e de vie typique d&rsquo;un an seulement. Si leur proche parente, la souris sylvestre,&hellip; <a class=\"more-link\" href=\"https:\/\/aspenwildlifecontrol.com\/fr\/prestations-de-service\/souris\/les-souris-faits\/\">Poursuivre la lecture <span class=\"screen-reader-text\">Les souris faits<\/span><\/a><\/p>\n","protected":false},"author":1,"featured_media":0,"parent":976,"menu_order":0,"comment_status":"closed","ping_status":"closed","template":"","meta":{"_acf_changed":false,"footnotes":""},"class_list":["post-999","page","type-page","status-publish","hentry","entry"],"acf":{"content":null,"cta_custom":"<h5>Services sur demande<\/h5>\r\nVous avez besoin de services\u00a0Souris\u00a0\u00e0 Ottawa-Gatineau ?\u00a0 <a href=\"https:\/\/aspenwildlifecontrol.com\/fr\/contact\/\">Contactez-nous<\/a>","schema":""},"yoast_head":"<!-- This site is optimized with the Yoast SEO Premium plugin v26.8 (Yoast SEO v27.5) - https:\/\/yoast.com\/product\/yoast-seo-premium-wordpress\/ -->\n<title>Les souris faits | Aspen Wildlife Control Gatineau-Ottawa<\/title>\n<meta name=\"description\" content=\"Apprenez les faits sur les souris avec notre service de contr\u00f4le animalier \u00e0 Gatineau-Ottawa. Solutions efficaces.\" \/>\n<meta name=\"robots\" content=\"index, follow, max-snippet:-1, max-image-preview:large, max-video-preview:-1\" \/>\n<link rel=\"canonical\" href=\"https:\/\/aspenwildlifecontrol.com\/fr\/prestations-de-service\/souris\/les-souris-faits\/\" \/>\n<meta property=\"og:locale\" content=\"fr_FR\" \/>\n<meta property=\"og:type\" content=\"article\" \/>\n<meta property=\"og:title\" content=\"Les souris faits\" \/>\n<meta property=\"og:description\" content=\"Apprenez les faits sur les souris avec notre service de contr\u00f4le animalier \u00e0 Gatineau-Ottawa. Solutions efficaces.\" \/>\n<meta property=\"og:url\" content=\"https:\/\/aspenwildlifecontrol.com\/fr\/prestations-de-service\/souris\/les-souris-faits\/\" \/>\n<meta property=\"og:site_name\" content=\"Aspen Wildlife Control\" \/>\n<meta property=\"article:modified_time\" content=\"2025-02-11T15:21:23+00:00\" \/>\n<meta name=\"twitter:card\" content=\"summary_large_image\" \/>\n<meta name=\"twitter:label1\" content=\"Dur\u00e9e de lecture estim\u00e9e\" \/>\n\t<meta name=\"twitter:data1\" content=\"3 minutes\" \/>\n<script type=\"application\/ld+json\" class=\"yoast-schema-graph\">{\"@context\":\"https:\\\/\\\/schema.org\",\"@graph\":[{\"@type\":\"WebPage\",\"@id\":\"https:\\\/\\\/aspenwildlifecontrol.com\\\/fr\\\/prestations-de-service\\\/souris\\\/les-souris-faits\\\/\",\"url\":\"https:\\\/\\\/aspenwildlifecontrol.com\\\/fr\\\/prestations-de-service\\\/souris\\\/les-souris-faits\\\/\",\"name\":\"Les souris faits | Aspen Wildlife Control Gatineau-Ottawa\",\"isPartOf\":{\"@id\":\"https:\\\/\\\/aspenwildlifecontrol.com\\\/fr\\\/#website\"},\"datePublished\":\"2023-02-28T22:17:23+00:00\",\"dateModified\":\"2025-02-11T15:21:23+00:00\",\"description\":\"Apprenez les faits sur les souris avec notre service de contr\u00f4le animalier \u00e0 Gatineau-Ottawa. Solutions efficaces.\",\"breadcrumb\":{\"@id\":\"https:\\\/\\\/aspenwildlifecontrol.com\\\/fr\\\/prestations-de-service\\\/souris\\\/les-souris-faits\\\/#breadcrumb\"},\"inLanguage\":\"fr-FR\",\"potentialAction\":[{\"@type\":\"ReadAction\",\"target\":[\"https:\\\/\\\/aspenwildlifecontrol.com\\\/fr\\\/prestations-de-service\\\/souris\\\/les-souris-faits\\\/\"]}]},{\"@type\":\"BreadcrumbList\",\"@id\":\"https:\\\/\\\/aspenwildlifecontrol.com\\\/fr\\\/prestations-de-service\\\/souris\\\/les-souris-faits\\\/#breadcrumb\",\"itemListElement\":[{\"@type\":\"ListItem\",\"position\":1,\"name\":\"Home\",\"item\":\"https:\\\/\\\/aspenwildlifecontrol.com\\\/fr\\\/\"},{\"@type\":\"ListItem\",\"position\":2,\"name\":\"Service control animal\",\"item\":\"https:\\\/\\\/aspenwildlifecontrol.com\\\/fr\\\/prestations-de-service\\\/\"},{\"@type\":\"ListItem\",\"position\":3,\"name\":\"Souris\",\"item\":\"https:\\\/\\\/aspenwildlifecontrol.com\\\/fr\\\/prestations-de-service\\\/souris\\\/\"},{\"@type\":\"ListItem\",\"position\":4,\"name\":\"Les souris faits\"}]},{\"@type\":\"WebSite\",\"@id\":\"https:\\\/\\\/aspenwildlifecontrol.com\\\/fr\\\/#website\",\"url\":\"https:\\\/\\\/aspenwildlifecontrol.com\\\/fr\\\/\",\"name\":\"Aspen Wildlife Control\",\"description\":\"Fast, humane wildlife removal in Ottawa-Gatineau \u2014 guaranteed results, 24\\\/7 service\",\"potentialAction\":[{\"@type\":\"SearchAction\",\"target\":{\"@type\":\"EntryPoint\",\"urlTemplate\":\"https:\\\/\\\/aspenwildlifecontrol.com\\\/fr\\\/?s={search_term_string}\"},\"query-input\":{\"@type\":\"PropertyValueSpecification\",\"valueRequired\":true,\"valueName\":\"search_term_string\"}}],\"inLanguage\":\"fr-FR\"}]}<\/script>\n<!-- \/ Yoast SEO Premium plugin. -->","yoast_head_json":{"title":"Les souris faits | Aspen Wildlife Control Gatineau-Ottawa","description":"Apprenez les faits sur les souris avec notre service de contr\u00f4le animalier \u00e0 Gatineau-Ottawa. Solutions efficaces.","robots":{"index":"index","follow":"follow","max-snippet":"max-snippet:-1","max-image-preview":"max-image-preview:large","max-video-preview":"max-video-preview:-1"},"canonical":"https:\/\/aspenwildlifecontrol.com\/fr\/prestations-de-service\/souris\/les-souris-faits\/","og_locale":"fr_FR","og_type":"article","og_title":"Les souris faits","og_description":"Apprenez les faits sur les souris avec notre service de contr\u00f4le animalier \u00e0 Gatineau-Ottawa. Solutions efficaces.","og_url":"https:\/\/aspenwildlifecontrol.com\/fr\/prestations-de-service\/souris\/les-souris-faits\/","og_site_name":"Aspen Wildlife Control","article_modified_time":"2025-02-11T15:21:23+00:00","twitter_card":"summary_large_image","twitter_misc":{"Dur\u00e9e de lecture estim\u00e9e":"3 minutes"},"schema":{"@context":"https:\/\/schema.org","@graph":[{"@type":"WebPage","@id":"https:\/\/aspenwildlifecontrol.com\/fr\/prestations-de-service\/souris\/les-souris-faits\/","url":"https:\/\/aspenwildlifecontrol.com\/fr\/prestations-de-service\/souris\/les-souris-faits\/","name":"Les souris faits | Aspen Wildlife Control Gatineau-Ottawa","isPartOf":{"@id":"https:\/\/aspenwildlifecontrol.com\/fr\/#website"},"datePublished":"2023-02-28T22:17:23+00:00","dateModified":"2025-02-11T15:21:23+00:00","description":"Apprenez les faits sur les souris avec notre service de contr\u00f4le animalier \u00e0 Gatineau-Ottawa. Solutions efficaces.","breadcrumb":{"@id":"https:\/\/aspenwildlifecontrol.com\/fr\/prestations-de-service\/souris\/les-souris-faits\/#breadcrumb"},"inLanguage":"fr-FR","potentialAction":[{"@type":"ReadAction","target":["https:\/\/aspenwildlifecontrol.com\/fr\/prestations-de-service\/souris\/les-souris-faits\/"]}]},{"@type":"BreadcrumbList","@id":"https:\/\/aspenwildlifecontrol.com\/fr\/prestations-de-service\/souris\/les-souris-faits\/#breadcrumb","itemListElement":[{"@type":"ListItem","position":1,"name":"Home","item":"https:\/\/aspenwildlifecontrol.com\/fr\/"},{"@type":"ListItem","position":2,"name":"Service control animal","item":"https:\/\/aspenwildlifecontrol.com\/fr\/prestations-de-service\/"},{"@type":"ListItem","position":3,"name":"Souris","item":"https:\/\/aspenwildlifecontrol.com\/fr\/prestations-de-service\/souris\/"},{"@type":"ListItem","position":4,"name":"Les souris faits"}]},{"@type":"WebSite","@id":"https:\/\/aspenwildlifecontrol.com\/fr\/#website","url":"https:\/\/aspenwildlifecontrol.com\/fr\/","name":"Aspen Wildlife Control","description":"Fast, humane wildlife removal in Ottawa-Gatineau \u2014 guaranteed results, 24\/7 service","potentialAction":[{"@type":"SearchAction","target":{"@type":"EntryPoint","urlTemplate":"https:\/\/aspenwildlifecontrol.com\/fr\/?s={search_term_string}"},"query-input":{"@type":"PropertyValueSpecification","valueRequired":true,"valueName":"search_term_string"}}],"inLanguage":"fr-FR"}]}},"_links":{"self":[{"href":"https:\/\/aspenwildlifecontrol.com\/fr\/wp-json\/wp\/v2\/pages\/999","targetHints":{"allow":["GET"]}}],"collection":[{"href":"https:\/\/aspenwildlifecontrol.com\/fr\/wp-json\/wp\/v2\/pages"}],"about":[{"href":"https:\/\/aspenwildlifecontrol.com\/fr\/wp-json\/wp\/v2\/types\/page"}],"author":[{"embeddable":true,"href":"https:\/\/aspenwildlifecontrol.com\/fr\/wp-json\/wp\/v2\/users\/1"}],"replies":[{"embeddable":true,"href":"https:\/\/aspenwildlifecontrol.com\/fr\/wp-json\/wp\/v2\/comments?post=999"}],"version-history":[{"count":3,"href":"https:\/\/aspenwildlifecontrol.com\/fr\/wp-json\/wp\/v2\/pages\/999\/revisions"}],"predecessor-version":[{"id":3117,"href":"https:\/\/aspenwildlifecontrol.com\/fr\/wp-json\/wp\/v2\/pages\/999\/revisions\/3117"}],"up":[{"embeddable":true,"href":"https:\/\/aspenwildlifecontrol.com\/fr\/wp-json\/wp\/v2\/pages\/976"}],"wp:attachment":[{"href":"https:\/\/aspenwildlifecontrol.com\/fr\/wp-json\/wp\/v2\/media?parent=999"}],"curies":[{"name":"wp","href":"https:\/\/api.w.org\/{rel}","templated":true}]}}