{"id":997,"date":"2023-02-28T16:51:12","date_gmt":"2023-02-28T21:51:12","guid":{"rendered":"https:\/\/aspenwildlifecontrol.com\/prestations-de-service\/chauve-souris\/comment-puis-je-savoir-si-jai-des-chauves-souris\/"},"modified":"2025-01-28T09:55:41","modified_gmt":"2025-01-28T14:55:41","slug":"comment-puis-je-savoir-si-jai-des-chauves-souris","status":"publish","type":"page","link":"https:\/\/aspenwildlifecontrol.com\/fr\/prestations-de-service\/chauve-souris\/comment-puis-je-savoir-si-jai-des-chauves-souris\/","title":{"rendered":"Comment puis-je savoir si j&rsquo;ai des chauves-souris ?"},"content":{"rendered":"<h3><strong>7 signes pour savoir si vous avez des chauves-souris chez vous!<\/strong><\/h3>\n<p>Des bruits et des odeurs \u00e9tranges vous font vous demander s&rsquo;il y a des chauves-souris dans votre maison ? Ne vous inqui\u00e9tez pas &#8211; nous avons les signes qui peuvent vous le dire avec certitude ! Voici 7 fa\u00e7ons de savoir si oui ou non ces cr\u00e9atures ail\u00e9es peuvent se percher juste au-dessus de votre t\u00eate.<\/p>\n<ol>\n<li><strong>Des excr\u00e9ments \u00e0 l\u2019ext\u00e9rieur ou dans votre grenier.<\/strong> Avez-vous d\u00e9j\u00e0 remarqu\u00e9 des excr\u00e9ments \u00e9tranges dans votre grenier ? Il pourrait s&rsquo;agir de guano de chauves-souris! Ces boulettes s\u00e8ches et malodorantes contiennent des r\u00e9sidus brillants qui les distinguent vraiment &#8211; ils ne ressemblent pas \u00e0 des d\u00e9p\u00f4ts de souris ou d&rsquo;oiseaux. En effet, la pr\u00e9sence de ces boulettes montre \u00e0 quel point le caca de chauve-souris est sp\u00e9cial ; il peut m\u00eame agir comme un excellent engrais naturel pour les plantes et le sol.<\/li>\n<li><strong>Des bruits stridents.<\/strong> Les chauves-souris comptent parmi les plus remarquables navigateurs de la nature. Gr\u00e2ce \u00e0 leur sens aigu de l&rsquo;\u00e9cholocation, elles peuvent compter sur un r\u00e9seau complexe d&rsquo;ondes sonores compos\u00e9es de sons aigus qui rebondissent sur des obstacles proches et que les chauves-souris interpr\u00e8tent ensuite pour s&rsquo;identifier et s&rsquo;orienter avec pr\u00e9cision, m\u00eame dans l&rsquo;obscurit\u00e9 ! Donc, si vous entendez des \u00e9chos \u00e9tranges provenant de votre maison, ne paniquez pas &#8211; il se peut qu&rsquo;un invit\u00e9 ind\u00e9sirable se cache dans les parages.<\/li>\n<li><strong>Des traces de griffes sur les murs.<\/strong> Avez-vous d\u00e9j\u00e0 \u00e9t\u00e9 surpris par de myst\u00e9rieux grattements dans la nuit ? Cela pourrait \u00eatre le signe que des chauves-souris ont \u00e9lu domicile dans votre maison! Pr\u00eatez attention aux griffures et aux marques de griffes sur les murs, les plafonds ou les meubles &#8211; elles pourraient indiquer la pr\u00e9sence d&rsquo;un intrus \u00e0 fourrure.<\/li>\n<li><strong>Des taches brunes ou noires autour de points d\u2019entr\u00e9e potentiels.<\/strong> Les chauves-souris ne sont peut-\u00eatre pas toujours les h\u00f4tes les plus appr\u00e9ci\u00e9s, mais leur pr\u00e9sence peut laisser une trace m\u00e9morable &#8211; litt\u00e9ralement ! La graisse de la fourrure de ces cr\u00e9atures nocturnes recouvre souvent les surfaces qu&rsquo;elles touchent en entrant ou en sortant de leur abri. Mais ne vous inqui\u00e9tez pas : avec un traitement ad\u00e9quat, le nettoyage de ces taches graisseuses est un jeu d&rsquo;enfant.<\/li>\n<li><strong>Une odeur naus\u00e9abonde provenant du grenier.<\/strong> Une odeur persistante dans le grenier est un signe r\u00e9v\u00e9lateur que quelque chose a d\u00e9cid\u00e9 d&rsquo;y \u00e9lire domicile. Si vous regardez de plus pr\u00e8s et que vous remarquez une odeur d&rsquo;ammoniaque, il y a de fortes chances que votre invit\u00e9 ind\u00e9sirable soit une chauve-souris ! Les excr\u00e9ments de chauve-souris sont connus pour d\u00e9gager des odeurs fortes, similaires \u00e0 celles que l&rsquo;on pourrait consid\u00e9rer comme \u00ab\u00a0toxiques\u00a0\u00bb.<\/li>\n<li><strong>Des chauves-souris mortes sur votre propri\u00e9t\u00e9.<\/strong> Restez vigilant ! Il se peut que vous rencontriez des chauves-souris qui ne semblent pas vivantes sur votre propri\u00e9t\u00e9. Ne vous inqui\u00e9tez pas, elles pourraient tout aussi bien \u00eatre en train d&rsquo;hiberner, c&rsquo;est-\u00e0-dire d&rsquo;\u00e9conomiser leur \u00e9nergie en faisant une impressionnante sieste.<\/li>\n<li><strong>Des chauves-souris volent dans ou autour de la maison.<\/strong> Avez-vous \u00e9t\u00e9 surpris par la vue d&rsquo;ombres volantes pr\u00e8s de votre maison au cr\u00e9puscule ? Vous \u00eates peut-\u00eatre en train de voir des visiteurs de l&rsquo;au-del\u00e0 : des chauves-souris ! Qu&rsquo;elles cherchent un endroit confortable pour faire leur nid dans votre grenier ou qu&rsquo;elles grignotent des insectes attir\u00e9s par les lampadaires, ces cr\u00e9atures nocturnes ajouteront certainement un \u00e9l\u00e9ment suppl\u00e9mentaire de surprise et d&rsquo;aventure autour de la maison.<\/li>\n<\/ol>\n<p>Vous avez peut-\u00eatre des invit\u00e9s ind\u00e9sirables dans votre maison : des chauves-souris ! Ces cr\u00e9atures peuvent \u00eatre porteuses de maladies graves, aussi, si vous rep\u00e9rez deux signes ou plus de leur pr\u00e9sence, il est pr\u00e9f\u00e9rable de faire appel \u00e0 un professionnel pour s&rsquo;assurer de leur d\u00e9part. Ne prenez pas de risque : assurez-vous que ces cr\u00e9atures volantes sont parties avant que le d\u00e9sastre ne survienne. D\u00e9couvrez les secrets qui expliquent pourquoi les chauves-souris choisissent souvent de faire de nos maisons les leurs!<\/p>\n<h3>Services sur demande<\/h3>\n<p>Vous avez besoin de services <span style=\"font-weight: 400;\">d&rsquo;enl\u00e8vement de <\/span> \u00e0 Ottawa-Gatineau ?<\/p>\n<p><a href=\"#\"><span style=\"font-weight: 400;\"><\/span><\/a><a href=\"http:\/\/aspenwildlifecontrol.com\/fr\/contact\/\">Contactez-nous<\/a><\/p>\n","protected":false},"excerpt":{"rendered":"<p>7 signes pour savoir si vous avez des chauves-souris chez vous! Des bruits et des odeurs \u00e9tranges vous font vous demander s&rsquo;il y a des chauves-souris dans votre maison ? Ne vous inqui\u00e9tez pas &#8211; nous avons les signes qui peuvent vous le dire avec certitude ! Voici 7 fa\u00e7ons de savoir si oui ou&hellip; <a class=\"more-link\" href=\"https:\/\/aspenwildlifecontrol.com\/fr\/prestations-de-service\/chauve-souris\/comment-puis-je-savoir-si-jai-des-chauves-souris\/\">Poursuivre la lecture <span class=\"screen-reader-text\">Comment puis-je savoir si j&rsquo;ai des chauves-souris ?<\/span><\/a><\/p>\n","protected":false},"author":1,"featured_media":0,"parent":975,"menu_order":0,"comment_status":"closed","ping_status":"closed","template":"","meta":{"_acf_changed":false,"footnotes":""},"class_list":["post-997","page","type-page","status-publish","hentry","entry"],"acf":[],"yoast_head":"<!-- This site is optimized with the Yoast SEO Premium plugin v26.8 (Yoast SEO v27.5) - https:\/\/yoast.com\/product\/yoast-seo-premium-wordpress\/ -->\n<title>Comment puis-je savoir si j&#039;ai des chauves-souris | Aspen Wildlife<\/title>\n<meta name=\"description\" content=\"D\u00e9terminez la pr\u00e9sence de chauves-souris avec Aspen Wildlife Control \u00e0 Gatineau-Ottawa. \u00c9valuation pr\u00e9cise et solutions expertes.\" \/>\n<meta name=\"robots\" content=\"index, follow, max-snippet:-1, max-image-preview:large, max-video-preview:-1\" \/>\n<link rel=\"canonical\" href=\"https:\/\/aspenwildlifecontrol.com\/fr\/prestations-de-service\/chauve-souris\/comment-puis-je-savoir-si-jai-des-chauves-souris\/\" \/>\n<meta property=\"og:locale\" content=\"fr_FR\" \/>\n<meta property=\"og:type\" content=\"article\" \/>\n<meta property=\"og:title\" content=\"Comment puis-je savoir si j&#039;ai des chauves-souris ?\" \/>\n<meta property=\"og:description\" content=\"D\u00e9terminez la pr\u00e9sence de chauves-souris avec Aspen Wildlife Control \u00e0 Gatineau-Ottawa. \u00c9valuation pr\u00e9cise et solutions expertes.\" \/>\n<meta property=\"og:url\" content=\"https:\/\/aspenwildlifecontrol.com\/fr\/prestations-de-service\/chauve-souris\/comment-puis-je-savoir-si-jai-des-chauves-souris\/\" \/>\n<meta property=\"og:site_name\" content=\"Aspen Wildlife Control\" \/>\n<meta property=\"article:modified_time\" content=\"2025-01-28T14:55:41+00:00\" \/>\n<meta name=\"twitter:card\" content=\"summary_large_image\" \/>\n<meta name=\"twitter:label1\" content=\"Dur\u00e9e de lecture estim\u00e9e\" \/>\n\t<meta name=\"twitter:data1\" content=\"4 minutes\" \/>\n<script type=\"application\/ld+json\" class=\"yoast-schema-graph\">{\"@context\":\"https:\\\/\\\/schema.org\",\"@graph\":[{\"@type\":\"WebPage\",\"@id\":\"https:\\\/\\\/aspenwildlifecontrol.com\\\/fr\\\/prestations-de-service\\\/chauve-souris\\\/comment-puis-je-savoir-si-jai-des-chauves-souris\\\/\",\"url\":\"https:\\\/\\\/aspenwildlifecontrol.com\\\/fr\\\/prestations-de-service\\\/chauve-souris\\\/comment-puis-je-savoir-si-jai-des-chauves-souris\\\/\",\"name\":\"Comment puis-je savoir si j'ai des chauves-souris | Aspen Wildlife\",\"isPartOf\":{\"@id\":\"https:\\\/\\\/aspenwildlifecontrol.com\\\/fr\\\/#website\"},\"datePublished\":\"2023-02-28T21:51:12+00:00\",\"dateModified\":\"2025-01-28T14:55:41+00:00\",\"description\":\"D\u00e9terminez la pr\u00e9sence de chauves-souris avec Aspen Wildlife Control \u00e0 Gatineau-Ottawa. \u00c9valuation pr\u00e9cise et solutions expertes.\",\"breadcrumb\":{\"@id\":\"https:\\\/\\\/aspenwildlifecontrol.com\\\/fr\\\/prestations-de-service\\\/chauve-souris\\\/comment-puis-je-savoir-si-jai-des-chauves-souris\\\/#breadcrumb\"},\"inLanguage\":\"fr-FR\",\"potentialAction\":[{\"@type\":\"ReadAction\",\"target\":[\"https:\\\/\\\/aspenwildlifecontrol.com\\\/fr\\\/prestations-de-service\\\/chauve-souris\\\/comment-puis-je-savoir-si-jai-des-chauves-souris\\\/\"]}]},{\"@type\":\"BreadcrumbList\",\"@id\":\"https:\\\/\\\/aspenwildlifecontrol.com\\\/fr\\\/prestations-de-service\\\/chauve-souris\\\/comment-puis-je-savoir-si-jai-des-chauves-souris\\\/#breadcrumb\",\"itemListElement\":[{\"@type\":\"ListItem\",\"position\":1,\"name\":\"Home\",\"item\":\"https:\\\/\\\/aspenwildlifecontrol.com\\\/fr\\\/\"},{\"@type\":\"ListItem\",\"position\":2,\"name\":\"Service control animal\",\"item\":\"https:\\\/\\\/aspenwildlifecontrol.com\\\/fr\\\/prestations-de-service\\\/\"},{\"@type\":\"ListItem\",\"position\":3,\"name\":\"Chauve souris\",\"item\":\"https:\\\/\\\/aspenwildlifecontrol.com\\\/fr\\\/prestations-de-service\\\/chauve-souris\\\/\"},{\"@type\":\"ListItem\",\"position\":4,\"name\":\"Comment puis-je savoir si j&#8217;ai des chauves-souris ?\"}]},{\"@type\":\"WebSite\",\"@id\":\"https:\\\/\\\/aspenwildlifecontrol.com\\\/fr\\\/#website\",\"url\":\"https:\\\/\\\/aspenwildlifecontrol.com\\\/fr\\\/\",\"name\":\"Aspen Wildlife Control\",\"description\":\"Fast, humane wildlife removal in Ottawa-Gatineau \u2014 guaranteed results, 24\\\/7 service\",\"potentialAction\":[{\"@type\":\"SearchAction\",\"target\":{\"@type\":\"EntryPoint\",\"urlTemplate\":\"https:\\\/\\\/aspenwildlifecontrol.com\\\/fr\\\/?s={search_term_string}\"},\"query-input\":{\"@type\":\"PropertyValueSpecification\",\"valueRequired\":true,\"valueName\":\"search_term_string\"}}],\"inLanguage\":\"fr-FR\"}]}<\/script>\n<!-- \/ Yoast SEO Premium plugin. -->","yoast_head_json":{"title":"Comment puis-je savoir si j'ai des chauves-souris | Aspen Wildlife","description":"D\u00e9terminez la pr\u00e9sence de chauves-souris avec Aspen Wildlife Control \u00e0 Gatineau-Ottawa. \u00c9valuation pr\u00e9cise et solutions expertes.","robots":{"index":"index","follow":"follow","max-snippet":"max-snippet:-1","max-image-preview":"max-image-preview:large","max-video-preview":"max-video-preview:-1"},"canonical":"https:\/\/aspenwildlifecontrol.com\/fr\/prestations-de-service\/chauve-souris\/comment-puis-je-savoir-si-jai-des-chauves-souris\/","og_locale":"fr_FR","og_type":"article","og_title":"Comment puis-je savoir si j'ai des chauves-souris ?","og_description":"D\u00e9terminez la pr\u00e9sence de chauves-souris avec Aspen Wildlife Control \u00e0 Gatineau-Ottawa. \u00c9valuation pr\u00e9cise et solutions expertes.","og_url":"https:\/\/aspenwildlifecontrol.com\/fr\/prestations-de-service\/chauve-souris\/comment-puis-je-savoir-si-jai-des-chauves-souris\/","og_site_name":"Aspen Wildlife Control","article_modified_time":"2025-01-28T14:55:41+00:00","twitter_card":"summary_large_image","twitter_misc":{"Dur\u00e9e de lecture estim\u00e9e":"4 minutes"},"schema":{"@context":"https:\/\/schema.org","@graph":[{"@type":"WebPage","@id":"https:\/\/aspenwildlifecontrol.com\/fr\/prestations-de-service\/chauve-souris\/comment-puis-je-savoir-si-jai-des-chauves-souris\/","url":"https:\/\/aspenwildlifecontrol.com\/fr\/prestations-de-service\/chauve-souris\/comment-puis-je-savoir-si-jai-des-chauves-souris\/","name":"Comment puis-je savoir si j'ai des chauves-souris | Aspen Wildlife","isPartOf":{"@id":"https:\/\/aspenwildlifecontrol.com\/fr\/#website"},"datePublished":"2023-02-28T21:51:12+00:00","dateModified":"2025-01-28T14:55:41+00:00","description":"D\u00e9terminez la pr\u00e9sence de chauves-souris avec Aspen Wildlife Control \u00e0 Gatineau-Ottawa. \u00c9valuation pr\u00e9cise et solutions expertes.","breadcrumb":{"@id":"https:\/\/aspenwildlifecontrol.com\/fr\/prestations-de-service\/chauve-souris\/comment-puis-je-savoir-si-jai-des-chauves-souris\/#breadcrumb"},"inLanguage":"fr-FR","potentialAction":[{"@type":"ReadAction","target":["https:\/\/aspenwildlifecontrol.com\/fr\/prestations-de-service\/chauve-souris\/comment-puis-je-savoir-si-jai-des-chauves-souris\/"]}]},{"@type":"BreadcrumbList","@id":"https:\/\/aspenwildlifecontrol.com\/fr\/prestations-de-service\/chauve-souris\/comment-puis-je-savoir-si-jai-des-chauves-souris\/#breadcrumb","itemListElement":[{"@type":"ListItem","position":1,"name":"Home","item":"https:\/\/aspenwildlifecontrol.com\/fr\/"},{"@type":"ListItem","position":2,"name":"Service control animal","item":"https:\/\/aspenwildlifecontrol.com\/fr\/prestations-de-service\/"},{"@type":"ListItem","position":3,"name":"Chauve souris","item":"https:\/\/aspenwildlifecontrol.com\/fr\/prestations-de-service\/chauve-souris\/"},{"@type":"ListItem","position":4,"name":"Comment puis-je savoir si j&#8217;ai des chauves-souris ?"}]},{"@type":"WebSite","@id":"https:\/\/aspenwildlifecontrol.com\/fr\/#website","url":"https:\/\/aspenwildlifecontrol.com\/fr\/","name":"Aspen Wildlife Control","description":"Fast, humane wildlife removal in Ottawa-Gatineau \u2014 guaranteed results, 24\/7 service","potentialAction":[{"@type":"SearchAction","target":{"@type":"EntryPoint","urlTemplate":"https:\/\/aspenwildlifecontrol.com\/fr\/?s={search_term_string}"},"query-input":{"@type":"PropertyValueSpecification","valueRequired":true,"valueName":"search_term_string"}}],"inLanguage":"fr-FR"}]}},"_links":{"self":[{"href":"https:\/\/aspenwildlifecontrol.com\/fr\/wp-json\/wp\/v2\/pages\/997","targetHints":{"allow":["GET"]}}],"collection":[{"href":"https:\/\/aspenwildlifecontrol.com\/fr\/wp-json\/wp\/v2\/pages"}],"about":[{"href":"https:\/\/aspenwildlifecontrol.com\/fr\/wp-json\/wp\/v2\/types\/page"}],"author":[{"embeddable":true,"href":"https:\/\/aspenwildlifecontrol.com\/fr\/wp-json\/wp\/v2\/users\/1"}],"replies":[{"embeddable":true,"href":"https:\/\/aspenwildlifecontrol.com\/fr\/wp-json\/wp\/v2\/comments?post=997"}],"version-history":[{"count":1,"href":"https:\/\/aspenwildlifecontrol.com\/fr\/wp-json\/wp\/v2\/pages\/997\/revisions"}],"predecessor-version":[{"id":1354,"href":"https:\/\/aspenwildlifecontrol.com\/fr\/wp-json\/wp\/v2\/pages\/997\/revisions\/1354"}],"up":[{"embeddable":true,"href":"https:\/\/aspenwildlifecontrol.com\/fr\/wp-json\/wp\/v2\/pages\/975"}],"wp:attachment":[{"href":"https:\/\/aspenwildlifecontrol.com\/fr\/wp-json\/wp\/v2\/media?parent=997"}],"curies":[{"name":"wp","href":"https:\/\/api.w.org\/{rel}","templated":true}]}}