{"id":996,"date":"2023-02-28T16:44:36","date_gmt":"2023-02-28T21:44:36","guid":{"rendered":"https:\/\/aspenwildlifecontrol.com\/prestations-de-service\/chauve-souris\/comment-les-chauves-souris-penetrent-elles-dans-mon-grenier\/"},"modified":"2025-01-28T09:55:41","modified_gmt":"2025-01-28T14:55:41","slug":"comment-les-chauves-souris-penetrent-elles-dans-mon-grenier","status":"publish","type":"page","link":"https:\/\/aspenwildlifecontrol.com\/fr\/prestations-de-service\/chauve-souris\/comment-les-chauves-souris-penetrent-elles-dans-mon-grenier\/","title":{"rendered":"Comment les chauves-souris p\u00e9n\u00e8trent-elles dans mon grenier ?"},"content":{"rendered":"<p>Seulement six millim\u00e8tres. C&rsquo;est pratiquement imperceptible \u00e0 l&rsquo;\u0153il humain, mais cela peut suffire \u00e0 certaines esp\u00e8ces de chauves-souris pour se faufiler dans votre grenier! Ces minuscules points d&rsquo;entr\u00e9e peuvent ne pas \u00eatre imm\u00e9diatement \u00e9vidents &#8211; ils peuvent se trouver n&rsquo;importe o\u00f9 sur votre maison et constituer une entr\u00e9e tr\u00e8s appr\u00e9ci\u00e9e de ces bestioles. Si vous pensez qu&rsquo;une chauve-souris s&rsquo;est install\u00e9e chez vous sans autorisation, surveillez de pr\u00e8s les endroits qu&rsquo;elles affectionnent particuli\u00e8rement.<\/p>\n<h3><strong>Les intersections entre le toit et les soffites<\/strong><\/h3>\n<p>Les chauves-souris profitent de l&rsquo;espace cr\u00e9\u00e9 entre le toit et les soffites pour s\u2019infiltrer dans des endroits impensables, offrant ainsi une opportunit\u00e9 inattendue.<\/p>\n<h3><strong>Les conduits \u00e9lectriques<\/strong><\/h3>\n<p>Les chauves-souris peuvent s&rsquo;inviter chez vous gr\u00e2ce aux conduits \u00e9lectriques! Si votre maison n\u2019est pas aliment\u00e9e par un r\u00e9seau souterrain, les petites bestioles trouveront facilement leur passage pour entrer. Prot\u00e9gez-vous et assurez la s\u00e9curit\u00e9 de cet espace commun \u00e0 l&rsquo;aide d&rsquo;un bon syst\u00e8me \u00e9lectrique int\u00e9rieur.<\/p>\n<h3><strong>Les orifices autour de la chemin\u00e9e et des fen\u00eatres<\/strong><\/h3>\n<p>Les chauves-souris sont des acrobates naturelles &#8211; un trou aussi petit qu&rsquo;un tout petit 6 mm peut suffire pour leur permettre de p\u00e9n\u00e9trer \u00e0 l\u2019int\u00e9rieur d\u2019une maison.<\/p>\n<h3><strong>Les diff\u00e9rents types d\u2019\u00e9vents (de toit, d\u2019entre-toit, de s\u00e9cheuse, mural, pour la plomberie)<\/strong><\/h3>\n<div class=\"et_pb_module et_pb_text et_pb_text_8 et_pb_text_align_left et_pb_bg_layout_light et_had_animation\">\n<div class=\"et_pb_text_inner\">\n<p>Les \u00e9vents constituent des passages directement reli\u00e9s \u00e0 l&rsquo;ext\u00e9rieur, permettant une circulation d\u2019air frais ou un d\u00e9gagement de chaleur et humidit\u00e9. Malheureusement, si ces portails ne sont pas correctement ferm\u00e9s, les chauves-souris peuvent p\u00e9n\u00e9trer nos murs pour se nicher confortablement chez nous.<\/p>\n<p>La nuit est l&rsquo;heure id\u00e9ale pour d\u00e9couvrir les secrets des chauves-souris. Quand le voile noir de la tomb\u00e9e du jour recouvre le ciel, elles sortent \u00e0 la chasse et alors que s\u2019\u00e9tendent les rayons dor\u00e9s de l&rsquo;aurore, elles retournent se reposer chez vous peut \u00eatre! Une simple heure d\u2019observation suffit pour comprendre o\u00f9 entrent et sortent celles qui aiment votre maison. Avec un petit effort suppl\u00e9mentaire on peut apprendre si effectivement il y en a trop.<\/p>\n<p>Vous soup\u00e7onnez d&rsquo;avoir des chauves-souris chez vous? D\u00e9couvrez ce que notre \u00e9quipe a \u00e0 dire pour vous guider. Si des chauves-souris se sont aventur\u00e9es chez vous, ne paniquez pas! Contactez notre service d&rsquo;aide pour les faire partir en toute s\u00fbret\u00e9. Nous nous assurons que votre famille, l\u2019animal et vos biens soient toujours prot\u00e9g\u00e9s. Ne prenez plus de risques: Appelez-nous maintenant!<\/p>\n<\/div>\n<\/div>\n<h3>Services sur demande<\/h3>\n<p>Vous avez besoin de services <span style=\"font-weight: 400;\">d&rsquo;enl\u00e8vement de <\/span> \u00e0 Ottawa-Gatineau ?<\/p>\n<p><a href=\"http:\/\/aspenwildlifecontrol.com\/fr\/contact\/\"><span style=\"font-weight: 400;\">Contactez-nous<\/span><\/a><\/p>\n","protected":false},"excerpt":{"rendered":"<p>Seulement six millim\u00e8tres. C&rsquo;est pratiquement imperceptible \u00e0 l&rsquo;\u0153il humain, mais cela peut suffire \u00e0 certaines esp\u00e8ces de chauves-souris pour se faufiler dans votre grenier! Ces minuscules points d&rsquo;entr\u00e9e peuvent ne pas \u00eatre imm\u00e9diatement \u00e9vidents &#8211; ils peuvent se trouver n&rsquo;importe o\u00f9 sur votre maison et constituer une entr\u00e9e tr\u00e8s appr\u00e9ci\u00e9e de ces bestioles. Si vous&hellip; <a class=\"more-link\" href=\"https:\/\/aspenwildlifecontrol.com\/fr\/prestations-de-service\/chauve-souris\/comment-les-chauves-souris-penetrent-elles-dans-mon-grenier\/\">Poursuivre la lecture <span class=\"screen-reader-text\">Comment les chauves-souris p\u00e9n\u00e8trent-elles dans mon grenier ?<\/span><\/a><\/p>\n","protected":false},"author":1,"featured_media":0,"parent":975,"menu_order":0,"comment_status":"closed","ping_status":"closed","template":"","meta":{"_acf_changed":false,"footnotes":""},"class_list":["post-996","page","type-page","status-publish","hentry","entry"],"acf":[],"yoast_head":"<!-- This site is optimized with the Yoast SEO Premium plugin v26.8 (Yoast SEO v27.4) - https:\/\/yoast.com\/product\/yoast-seo-premium-wordpress\/ -->\n<title>Comment les chauves-souris p\u00e9n\u00e8trent-elles dans mon grenier<\/title>\n<meta name=\"description\" content=\"D\u00e9couvrez les m\u00e9thodes d&#039;entr\u00e9e des chauves-souris avec Aspen Wildlife Control \u00e0 Gatineau-Ottawa. Solutions expertes pour pr\u00e9vention.&quot;\" \/>\n<meta name=\"robots\" content=\"index, follow, max-snippet:-1, max-image-preview:large, max-video-preview:-1\" \/>\n<link rel=\"canonical\" href=\"https:\/\/aspenwildlifecontrol.com\/fr\/prestations-de-service\/chauve-souris\/comment-les-chauves-souris-penetrent-elles-dans-mon-grenier\/\" \/>\n<meta property=\"og:locale\" content=\"fr_FR\" \/>\n<meta property=\"og:type\" content=\"article\" \/>\n<meta property=\"og:title\" content=\"Comment les chauves-souris p\u00e9n\u00e8trent-elles dans mon grenier ?\" \/>\n<meta property=\"og:description\" content=\"D\u00e9couvrez les m\u00e9thodes d&#039;entr\u00e9e des chauves-souris avec Aspen Wildlife Control \u00e0 Gatineau-Ottawa. Solutions expertes pour pr\u00e9vention.&quot;\" \/>\n<meta property=\"og:url\" content=\"https:\/\/aspenwildlifecontrol.com\/fr\/prestations-de-service\/chauve-souris\/comment-les-chauves-souris-penetrent-elles-dans-mon-grenier\/\" \/>\n<meta property=\"og:site_name\" content=\"Aspen Wildlife Control\" \/>\n<meta property=\"article:modified_time\" content=\"2025-01-28T14:55:41+00:00\" \/>\n<meta name=\"twitter:card\" content=\"summary_large_image\" \/>\n<meta name=\"twitter:label1\" content=\"Dur\u00e9e de lecture estim\u00e9e\" \/>\n\t<meta name=\"twitter:data1\" content=\"2 minutes\" \/>\n<script type=\"application\/ld+json\" class=\"yoast-schema-graph\">{\"@context\":\"https:\\\/\\\/schema.org\",\"@graph\":[{\"@type\":\"WebPage\",\"@id\":\"https:\\\/\\\/aspenwildlifecontrol.com\\\/fr\\\/prestations-de-service\\\/chauve-souris\\\/comment-les-chauves-souris-penetrent-elles-dans-mon-grenier\\\/\",\"url\":\"https:\\\/\\\/aspenwildlifecontrol.com\\\/fr\\\/prestations-de-service\\\/chauve-souris\\\/comment-les-chauves-souris-penetrent-elles-dans-mon-grenier\\\/\",\"name\":\"Comment les chauves-souris p\u00e9n\u00e8trent-elles dans mon grenier\",\"isPartOf\":{\"@id\":\"https:\\\/\\\/aspenwildlifecontrol.com\\\/fr\\\/#website\"},\"datePublished\":\"2023-02-28T21:44:36+00:00\",\"dateModified\":\"2025-01-28T14:55:41+00:00\",\"description\":\"D\u00e9couvrez les m\u00e9thodes d'entr\u00e9e des chauves-souris avec Aspen Wildlife Control \u00e0 Gatineau-Ottawa. Solutions expertes pour pr\u00e9vention.\\\"\",\"breadcrumb\":{\"@id\":\"https:\\\/\\\/aspenwildlifecontrol.com\\\/fr\\\/prestations-de-service\\\/chauve-souris\\\/comment-les-chauves-souris-penetrent-elles-dans-mon-grenier\\\/#breadcrumb\"},\"inLanguage\":\"fr-FR\",\"potentialAction\":[{\"@type\":\"ReadAction\",\"target\":[\"https:\\\/\\\/aspenwildlifecontrol.com\\\/fr\\\/prestations-de-service\\\/chauve-souris\\\/comment-les-chauves-souris-penetrent-elles-dans-mon-grenier\\\/\"]}]},{\"@type\":\"BreadcrumbList\",\"@id\":\"https:\\\/\\\/aspenwildlifecontrol.com\\\/fr\\\/prestations-de-service\\\/chauve-souris\\\/comment-les-chauves-souris-penetrent-elles-dans-mon-grenier\\\/#breadcrumb\",\"itemListElement\":[{\"@type\":\"ListItem\",\"position\":1,\"name\":\"Home\",\"item\":\"https:\\\/\\\/aspenwildlifecontrol.com\\\/fr\\\/\"},{\"@type\":\"ListItem\",\"position\":2,\"name\":\"Service control animal\",\"item\":\"https:\\\/\\\/aspenwildlifecontrol.com\\\/fr\\\/prestations-de-service\\\/\"},{\"@type\":\"ListItem\",\"position\":3,\"name\":\"Chauve souris\",\"item\":\"https:\\\/\\\/aspenwildlifecontrol.com\\\/fr\\\/prestations-de-service\\\/chauve-souris\\\/\"},{\"@type\":\"ListItem\",\"position\":4,\"name\":\"Comment les chauves-souris p\u00e9n\u00e8trent-elles dans mon grenier ?\"}]},{\"@type\":\"WebSite\",\"@id\":\"https:\\\/\\\/aspenwildlifecontrol.com\\\/fr\\\/#website\",\"url\":\"https:\\\/\\\/aspenwildlifecontrol.com\\\/fr\\\/\",\"name\":\"Aspen Wildlife Control\",\"description\":\"Fast, humane wildlife removal in Ottawa-Gatineau \u2014 guaranteed results, 24\\\/7 service\",\"potentialAction\":[{\"@type\":\"SearchAction\",\"target\":{\"@type\":\"EntryPoint\",\"urlTemplate\":\"https:\\\/\\\/aspenwildlifecontrol.com\\\/fr\\\/?s={search_term_string}\"},\"query-input\":{\"@type\":\"PropertyValueSpecification\",\"valueRequired\":true,\"valueName\":\"search_term_string\"}}],\"inLanguage\":\"fr-FR\"}]}<\/script>\n<!-- \/ Yoast SEO Premium plugin. -->","yoast_head_json":{"title":"Comment les chauves-souris p\u00e9n\u00e8trent-elles dans mon grenier","description":"D\u00e9couvrez les m\u00e9thodes d'entr\u00e9e des chauves-souris avec Aspen Wildlife Control \u00e0 Gatineau-Ottawa. Solutions expertes pour pr\u00e9vention.\"","robots":{"index":"index","follow":"follow","max-snippet":"max-snippet:-1","max-image-preview":"max-image-preview:large","max-video-preview":"max-video-preview:-1"},"canonical":"https:\/\/aspenwildlifecontrol.com\/fr\/prestations-de-service\/chauve-souris\/comment-les-chauves-souris-penetrent-elles-dans-mon-grenier\/","og_locale":"fr_FR","og_type":"article","og_title":"Comment les chauves-souris p\u00e9n\u00e8trent-elles dans mon grenier ?","og_description":"D\u00e9couvrez les m\u00e9thodes d'entr\u00e9e des chauves-souris avec Aspen Wildlife Control \u00e0 Gatineau-Ottawa. Solutions expertes pour pr\u00e9vention.\"","og_url":"https:\/\/aspenwildlifecontrol.com\/fr\/prestations-de-service\/chauve-souris\/comment-les-chauves-souris-penetrent-elles-dans-mon-grenier\/","og_site_name":"Aspen Wildlife Control","article_modified_time":"2025-01-28T14:55:41+00:00","twitter_card":"summary_large_image","twitter_misc":{"Dur\u00e9e de lecture estim\u00e9e":"2 minutes"},"schema":{"@context":"https:\/\/schema.org","@graph":[{"@type":"WebPage","@id":"https:\/\/aspenwildlifecontrol.com\/fr\/prestations-de-service\/chauve-souris\/comment-les-chauves-souris-penetrent-elles-dans-mon-grenier\/","url":"https:\/\/aspenwildlifecontrol.com\/fr\/prestations-de-service\/chauve-souris\/comment-les-chauves-souris-penetrent-elles-dans-mon-grenier\/","name":"Comment les chauves-souris p\u00e9n\u00e8trent-elles dans mon grenier","isPartOf":{"@id":"https:\/\/aspenwildlifecontrol.com\/fr\/#website"},"datePublished":"2023-02-28T21:44:36+00:00","dateModified":"2025-01-28T14:55:41+00:00","description":"D\u00e9couvrez les m\u00e9thodes d'entr\u00e9e des chauves-souris avec Aspen Wildlife Control \u00e0 Gatineau-Ottawa. Solutions expertes pour pr\u00e9vention.\"","breadcrumb":{"@id":"https:\/\/aspenwildlifecontrol.com\/fr\/prestations-de-service\/chauve-souris\/comment-les-chauves-souris-penetrent-elles-dans-mon-grenier\/#breadcrumb"},"inLanguage":"fr-FR","potentialAction":[{"@type":"ReadAction","target":["https:\/\/aspenwildlifecontrol.com\/fr\/prestations-de-service\/chauve-souris\/comment-les-chauves-souris-penetrent-elles-dans-mon-grenier\/"]}]},{"@type":"BreadcrumbList","@id":"https:\/\/aspenwildlifecontrol.com\/fr\/prestations-de-service\/chauve-souris\/comment-les-chauves-souris-penetrent-elles-dans-mon-grenier\/#breadcrumb","itemListElement":[{"@type":"ListItem","position":1,"name":"Home","item":"https:\/\/aspenwildlifecontrol.com\/fr\/"},{"@type":"ListItem","position":2,"name":"Service control animal","item":"https:\/\/aspenwildlifecontrol.com\/fr\/prestations-de-service\/"},{"@type":"ListItem","position":3,"name":"Chauve souris","item":"https:\/\/aspenwildlifecontrol.com\/fr\/prestations-de-service\/chauve-souris\/"},{"@type":"ListItem","position":4,"name":"Comment les chauves-souris p\u00e9n\u00e8trent-elles dans mon grenier ?"}]},{"@type":"WebSite","@id":"https:\/\/aspenwildlifecontrol.com\/fr\/#website","url":"https:\/\/aspenwildlifecontrol.com\/fr\/","name":"Aspen Wildlife Control","description":"Fast, humane wildlife removal in Ottawa-Gatineau \u2014 guaranteed results, 24\/7 service","potentialAction":[{"@type":"SearchAction","target":{"@type":"EntryPoint","urlTemplate":"https:\/\/aspenwildlifecontrol.com\/fr\/?s={search_term_string}"},"query-input":{"@type":"PropertyValueSpecification","valueRequired":true,"valueName":"search_term_string"}}],"inLanguage":"fr-FR"}]}},"_links":{"self":[{"href":"https:\/\/aspenwildlifecontrol.com\/fr\/wp-json\/wp\/v2\/pages\/996","targetHints":{"allow":["GET"]}}],"collection":[{"href":"https:\/\/aspenwildlifecontrol.com\/fr\/wp-json\/wp\/v2\/pages"}],"about":[{"href":"https:\/\/aspenwildlifecontrol.com\/fr\/wp-json\/wp\/v2\/types\/page"}],"author":[{"embeddable":true,"href":"https:\/\/aspenwildlifecontrol.com\/fr\/wp-json\/wp\/v2\/users\/1"}],"replies":[{"embeddable":true,"href":"https:\/\/aspenwildlifecontrol.com\/fr\/wp-json\/wp\/v2\/comments?post=996"}],"version-history":[{"count":1,"href":"https:\/\/aspenwildlifecontrol.com\/fr\/wp-json\/wp\/v2\/pages\/996\/revisions"}],"predecessor-version":[{"id":1353,"href":"https:\/\/aspenwildlifecontrol.com\/fr\/wp-json\/wp\/v2\/pages\/996\/revisions\/1353"}],"up":[{"embeddable":true,"href":"https:\/\/aspenwildlifecontrol.com\/fr\/wp-json\/wp\/v2\/pages\/975"}],"wp:attachment":[{"href":"https:\/\/aspenwildlifecontrol.com\/fr\/wp-json\/wp\/v2\/media?parent=996"}],"curies":[{"name":"wp","href":"https:\/\/api.w.org\/{rel}","templated":true}]}}