{"id":994,"date":"2023-02-28T16:27:30","date_gmt":"2023-02-28T21:27:30","guid":{"rendered":"https:\/\/aspenwildlifecontrol.com\/prestations-de-service\/chauve-souris\/faits-sur-les-chauves-souris\/"},"modified":"2025-01-28T09:55:40","modified_gmt":"2025-01-28T14:55:40","slug":"faits-sur-les-chauves-souris","status":"publish","type":"page","link":"https:\/\/aspenwildlifecontrol.com\/fr\/prestations-de-service\/chauve-souris\/faits-sur-les-chauves-souris\/","title":{"rendered":"Faits sur les chauves-souris"},"content":{"rendered":"<div class=\"et_pb_module et_pb_text et_pb_text_0 et_pb_text_align_left et_pb_bg_layout_light et_had_animation\">\n<div class=\"et_pb_text_inner\">\n<p><b>Nom scientifique <\/b><span style=\"font-weight: 400;\">Eptesicus fuscus, Myotis lucifugus, Perimyotis subflavus, Myotis leibii\u00a0<\/span><\/p>\n<p><b>Classe<\/b><span style=\"font-weight: 400;\"> Mammif\u00e8re<\/span><\/p>\n<p><b>Famille<\/b><span style=\"font-weight: 400;\"> Vespertilionid\u00e9s<\/span><\/p>\n<p><b>Ordre<\/b><span style=\"font-weight: 400;\"> Chiropt\u00e8re<\/span><\/p>\n<p><b>Dur\u00e9e de vie :\u00a0<\/b><\/p>\n<ul>\n<li style=\"font-weight: 400;\" aria-level=\"1\"><span style=\"font-weight: 400;\">Grande chauve-souris brune : Jusqu\u2019\u00e0 19 ans, mais en moyenne 10 ans.<\/span><\/li>\n<li style=\"font-weight: 400;\" aria-level=\"1\"><span style=\"font-weight: 400;\">Petite chauve-souris brune : 8 \u00e0 10 ans en moyenne. Certains individus se sont m\u00eame rendus \u00e0 31 ans.<\/span><\/li>\n<li style=\"font-weight: 400;\" aria-level=\"1\"><span style=\"font-weight: 400;\">Pipistrelle de l\u2019Est : 15 ans pour les m\u00e2les. 10 ans pour les femelles.<\/span><\/li>\n<li style=\"font-weight: 400;\" aria-level=\"1\"><span style=\"font-weight: 400;\">Chauve-souris pygm\u00e9e de l\u2019Est : entre 6 et 7 ans.<\/span><\/li>\n<\/ul>\n<\/div>\n<\/div>\n<h3><strong>Reproduction<\/strong><\/h3>\n<div class=\"et_pb_module et_pb_text et_pb_text_2 et_pb_text_align_left et_pb_bg_layout_light et_had_animation\">\n<div class=\"et_pb_text_inner\">\n<p>Il existe huit esp\u00e8ces de chauves-souris au Qu\u00e9bec. Les plus susceptibles de se retrouver dans nos habitations sont les suivantes :<\/p>\n<ul>\n<li>Grande chauve-souris brune<\/li>\n<li>Petite chauve-souris brune<\/li>\n<li>Pipistrelle de l\u2019Est<\/li>\n<li>Chauve-souris pygm\u00e9e de l\u2019Est<\/li>\n<\/ul>\n<p>\u00c0 l&rsquo;automne, les chauves-souris commencent \u00e0 chercher l&rsquo;amour. En \u00e9t\u00e9, ces cr\u00e9atures nocturnes ont agrandi leur famille en accueillant jusqu&rsquo;\u00e0 deux nouveaux membres &#8211; un fait unique, car de nombreuses esp\u00e8ces de mammif\u00e8res se reproduisent rarement plus d&rsquo;une fois par an.<\/p>\n<\/div>\n<\/div>\n<h3><strong>R\u00e9gime alimentaire<\/strong><\/h3>\n<div class=\"et_pb_module et_pb_text et_pb_text_4 et_pb_text_align_left et_pb_bg_layout_light et_had_animation\">\n<div class=\"et_pb_text_inner\">\n<p>Les chauves-souris sont insectivores. Elles chassent le plus souvent leurs proies en plein vol.<\/p>\n<\/div>\n<\/div>\n<div class=\"et_pb_module et_pb_text et_pb_text_5 et_pb_text_align_left et_pb_bg_layout_light et_had_animation\">\n<div class=\"et_pb_text_inner\">\n<ul>\n<li>Papillons<\/li>\n<li>Hannetons<\/li>\n<li>Scarab\u00e9es<\/li>\n<li>\u00c9ph\u00e9m\u00e8res<\/li>\n<\/ul>\n<\/div>\n<\/div>\n<h3><strong>Habitat<\/strong><\/h3>\n<p>Les chauves-souris sont une esp\u00e8ce incroyablement diversifi\u00e9e et on peut les trouver dans presque tous les environnements. Des for\u00eats luxuriantes pr\u00e8s des rivi\u00e8res aux crevasses des vieux b\u00e2timents, ces mammif\u00e8res nocturnes ont adapt\u00e9 leurs pr\u00e9f\u00e9rences en mati\u00e8re d&rsquo;habitat ; certains individus audacieux cherchent m\u00eame \u00e0 s&rsquo;abriter dans nos maisons.<\/p>\n<h3><strong>Pourquoi les chauves-souris dorment-elles la t\u00eate en bas?<\/strong><\/h3>\n<p>Les chauves-souris sont des cr\u00e9atures incroyablement agiles, qui utilisent leurs ailes comme pattes avant pour se suspendre en hauteur et \u00e9viter les pr\u00e9dateurs. D&rsquo;une chute rapide, elles peuvent se donner un coup de pouce suppl\u00e9mentaire pour se sauver en cas de danger.<\/p>\n<h3><strong>Pourquoi les chauves-souris dorment le jour?<\/strong><\/h3>\n<p>Les chauves-souris ont une strat\u00e9gie astucieuse pour prosp\u00e9rer dans la nature : elles dorment pendant que les oiseaux et les rapaces sont \u00e9veill\u00e9s, ce qui leur permet d&rsquo;\u00e9viter la concurrence ou de devenir une proie. En inversant leur propre calendrier de pr\u00e9dateurs diurnes, les chauves-souris peuvent chasser sans danger pendant la nuit.<\/p>\n<h3><strong>Est-ce que les chauves-souris sont aveugles?<\/strong><\/h3>\n<p>Les chauves-souris ont une capacit\u00e9 \u00e9tonnante \u00e0 se frayer un chemin dans l&rsquo;obscurit\u00e9 &#8211; leur vision est finement adapt\u00e9e \u00e0 la navigation en terrain inconnu. Elles poss\u00e8dent \u00e9galement un super pouvoir : l&rsquo;\u00e9cholocation ! Ce processus consiste \u00e0 \u00e9mettre des sons qui se refl\u00e8tent sur les objets et permettent aux chauves-souris de percevoir ce qui les entoure, cr\u00e9ant ainsi une carte en temps r\u00e9el de l&rsquo;environnement qu&rsquo;elles habitent.<\/p>\n<h3><strong>Est-ce que les chauves-souris hibernent?<\/strong><\/h3>\n<p><span style=\"font-weight: 400;\">Pendant les froids mois d&rsquo;hiver, certains animaux se r\u00e9fugient dans leur terrier pour hiberner ou s&rsquo;envolent vers le sud, comme les amis \u00e0 plumes et les monarques.<\/span><\/p>\n<h3><strong>Est-ce que les chauves-souris boivent du sang?<\/strong><\/h3>\n<div class=\"et_pb_module et_pb_text et_pb_text_17 et_pb_text_align_left et_pb_bg_layout_light et_had_animation\">\n<div class=\"et_pb_text_inner\">\n<p><span style=\"font-weight: 400;\">Si la consommation de sang n&rsquo;est pas la norme chez les esp\u00e8ces, celles qui s&rsquo;y adonnent r\u00e9sident principalement dans les r\u00e9gions tropicales d&rsquo;Am\u00e9rique comme le Mexique, le Chili, le Br\u00e9sil et l&rsquo;Argentine.<\/span><\/p>\n<\/div>\n<\/div>\n<h3>Services sur demande<\/h3>\n<p>Vous avez besoin de services <span style=\"font-weight: 400;\">d&rsquo;enl\u00e8vement de <\/span> \u00e0 Ottawa-Gatineau ?<\/p>\n<p><a href=\"#\"><span style=\"font-weight: 400;\"><\/span><\/a><a href=\"http:\/\/aspenwildlifecontrol.com\/fr\/contact\/\">Contactez-nous<\/a><\/p>\n","protected":false},"excerpt":{"rendered":"<p>Nom scientifique Eptesicus fuscus, Myotis lucifugus, Perimyotis subflavus, Myotis leibii\u00a0 Classe Mammif\u00e8re Famille Vespertilionid\u00e9s Ordre Chiropt\u00e8re Dur\u00e9e de vie :\u00a0 Grande chauve-souris brune : Jusqu\u2019\u00e0 19 ans, mais en moyenne 10 ans. Petite chauve-souris brune : 8 \u00e0 10 ans en moyenne. Certains individus se sont m\u00eame rendus \u00e0 31 ans. Pipistrelle de l\u2019Est :&hellip; <a class=\"more-link\" href=\"https:\/\/aspenwildlifecontrol.com\/fr\/prestations-de-service\/chauve-souris\/faits-sur-les-chauves-souris\/\">Poursuivre la lecture <span class=\"screen-reader-text\">Faits sur les chauves-souris<\/span><\/a><\/p>\n","protected":false},"author":1,"featured_media":0,"parent":975,"menu_order":0,"comment_status":"closed","ping_status":"closed","template":"","meta":{"_acf_changed":false,"footnotes":""},"class_list":["post-994","page","type-page","status-publish","hentry","entry"],"acf":[],"yoast_head":"<!-- This site is optimized with the Yoast SEO Premium plugin v26.8 (Yoast SEO v27.4) - https:\/\/yoast.com\/product\/yoast-seo-premium-wordpress\/ -->\n<title>Faits sur les chauves-souris | Aspen Wildlife Control Gatineau<\/title>\n<meta name=\"description\" content=\"D\u00e9couvrez des faits sur les chauves-souris avec Aspen Wildlife Control \u00e0 Gatineau-Ottawa. Expertise sur ces cr\u00e9atures essentielles.\" \/>\n<meta name=\"robots\" content=\"index, follow, max-snippet:-1, max-image-preview:large, max-video-preview:-1\" \/>\n<link rel=\"canonical\" href=\"https:\/\/aspenwildlifecontrol.com\/fr\/prestations-de-service\/chauve-souris\/faits-sur-les-chauves-souris\/\" \/>\n<meta property=\"og:locale\" content=\"fr_FR\" \/>\n<meta property=\"og:type\" content=\"article\" \/>\n<meta property=\"og:title\" content=\"Faits sur les chauves-souris\" \/>\n<meta property=\"og:description\" content=\"D\u00e9couvrez des faits sur les chauves-souris avec Aspen Wildlife Control \u00e0 Gatineau-Ottawa. Expertise sur ces cr\u00e9atures essentielles.\" \/>\n<meta property=\"og:url\" content=\"https:\/\/aspenwildlifecontrol.com\/fr\/prestations-de-service\/chauve-souris\/faits-sur-les-chauves-souris\/\" \/>\n<meta property=\"og:site_name\" content=\"Aspen Wildlife Control\" \/>\n<meta property=\"article:modified_time\" content=\"2025-01-28T14:55:40+00:00\" \/>\n<meta name=\"twitter:card\" content=\"summary_large_image\" \/>\n<meta name=\"twitter:label1\" content=\"Dur\u00e9e de lecture estim\u00e9e\" \/>\n\t<meta name=\"twitter:data1\" content=\"3 minutes\" \/>\n<script type=\"application\/ld+json\" class=\"yoast-schema-graph\">{\"@context\":\"https:\\\/\\\/schema.org\",\"@graph\":[{\"@type\":\"WebPage\",\"@id\":\"https:\\\/\\\/aspenwildlifecontrol.com\\\/fr\\\/prestations-de-service\\\/chauve-souris\\\/faits-sur-les-chauves-souris\\\/\",\"url\":\"https:\\\/\\\/aspenwildlifecontrol.com\\\/fr\\\/prestations-de-service\\\/chauve-souris\\\/faits-sur-les-chauves-souris\\\/\",\"name\":\"Faits sur les chauves-souris | Aspen Wildlife Control Gatineau\",\"isPartOf\":{\"@id\":\"https:\\\/\\\/aspenwildlifecontrol.com\\\/fr\\\/#website\"},\"datePublished\":\"2023-02-28T21:27:30+00:00\",\"dateModified\":\"2025-01-28T14:55:40+00:00\",\"description\":\"D\u00e9couvrez des faits sur les chauves-souris avec Aspen Wildlife Control \u00e0 Gatineau-Ottawa. Expertise sur ces cr\u00e9atures essentielles.\",\"breadcrumb\":{\"@id\":\"https:\\\/\\\/aspenwildlifecontrol.com\\\/fr\\\/prestations-de-service\\\/chauve-souris\\\/faits-sur-les-chauves-souris\\\/#breadcrumb\"},\"inLanguage\":\"fr-FR\",\"potentialAction\":[{\"@type\":\"ReadAction\",\"target\":[\"https:\\\/\\\/aspenwildlifecontrol.com\\\/fr\\\/prestations-de-service\\\/chauve-souris\\\/faits-sur-les-chauves-souris\\\/\"]}]},{\"@type\":\"BreadcrumbList\",\"@id\":\"https:\\\/\\\/aspenwildlifecontrol.com\\\/fr\\\/prestations-de-service\\\/chauve-souris\\\/faits-sur-les-chauves-souris\\\/#breadcrumb\",\"itemListElement\":[{\"@type\":\"ListItem\",\"position\":1,\"name\":\"Home\",\"item\":\"https:\\\/\\\/aspenwildlifecontrol.com\\\/fr\\\/\"},{\"@type\":\"ListItem\",\"position\":2,\"name\":\"Service control animal\",\"item\":\"https:\\\/\\\/aspenwildlifecontrol.com\\\/fr\\\/prestations-de-service\\\/\"},{\"@type\":\"ListItem\",\"position\":3,\"name\":\"Chauve souris\",\"item\":\"https:\\\/\\\/aspenwildlifecontrol.com\\\/fr\\\/prestations-de-service\\\/chauve-souris\\\/\"},{\"@type\":\"ListItem\",\"position\":4,\"name\":\"Faits sur les chauves-souris\"}]},{\"@type\":\"WebSite\",\"@id\":\"https:\\\/\\\/aspenwildlifecontrol.com\\\/fr\\\/#website\",\"url\":\"https:\\\/\\\/aspenwildlifecontrol.com\\\/fr\\\/\",\"name\":\"Aspen Wildlife Control\",\"description\":\"Fast, humane wildlife removal in Ottawa-Gatineau \u2014 guaranteed results, 24\\\/7 service\",\"potentialAction\":[{\"@type\":\"SearchAction\",\"target\":{\"@type\":\"EntryPoint\",\"urlTemplate\":\"https:\\\/\\\/aspenwildlifecontrol.com\\\/fr\\\/?s={search_term_string}\"},\"query-input\":{\"@type\":\"PropertyValueSpecification\",\"valueRequired\":true,\"valueName\":\"search_term_string\"}}],\"inLanguage\":\"fr-FR\"}]}<\/script>\n<!-- \/ Yoast SEO Premium plugin. -->","yoast_head_json":{"title":"Faits sur les chauves-souris | Aspen Wildlife Control Gatineau","description":"D\u00e9couvrez des faits sur les chauves-souris avec Aspen Wildlife Control \u00e0 Gatineau-Ottawa. Expertise sur ces cr\u00e9atures essentielles.","robots":{"index":"index","follow":"follow","max-snippet":"max-snippet:-1","max-image-preview":"max-image-preview:large","max-video-preview":"max-video-preview:-1"},"canonical":"https:\/\/aspenwildlifecontrol.com\/fr\/prestations-de-service\/chauve-souris\/faits-sur-les-chauves-souris\/","og_locale":"fr_FR","og_type":"article","og_title":"Faits sur les chauves-souris","og_description":"D\u00e9couvrez des faits sur les chauves-souris avec Aspen Wildlife Control \u00e0 Gatineau-Ottawa. Expertise sur ces cr\u00e9atures essentielles.","og_url":"https:\/\/aspenwildlifecontrol.com\/fr\/prestations-de-service\/chauve-souris\/faits-sur-les-chauves-souris\/","og_site_name":"Aspen Wildlife Control","article_modified_time":"2025-01-28T14:55:40+00:00","twitter_card":"summary_large_image","twitter_misc":{"Dur\u00e9e de lecture estim\u00e9e":"3 minutes"},"schema":{"@context":"https:\/\/schema.org","@graph":[{"@type":"WebPage","@id":"https:\/\/aspenwildlifecontrol.com\/fr\/prestations-de-service\/chauve-souris\/faits-sur-les-chauves-souris\/","url":"https:\/\/aspenwildlifecontrol.com\/fr\/prestations-de-service\/chauve-souris\/faits-sur-les-chauves-souris\/","name":"Faits sur les chauves-souris | Aspen Wildlife Control Gatineau","isPartOf":{"@id":"https:\/\/aspenwildlifecontrol.com\/fr\/#website"},"datePublished":"2023-02-28T21:27:30+00:00","dateModified":"2025-01-28T14:55:40+00:00","description":"D\u00e9couvrez des faits sur les chauves-souris avec Aspen Wildlife Control \u00e0 Gatineau-Ottawa. Expertise sur ces cr\u00e9atures essentielles.","breadcrumb":{"@id":"https:\/\/aspenwildlifecontrol.com\/fr\/prestations-de-service\/chauve-souris\/faits-sur-les-chauves-souris\/#breadcrumb"},"inLanguage":"fr-FR","potentialAction":[{"@type":"ReadAction","target":["https:\/\/aspenwildlifecontrol.com\/fr\/prestations-de-service\/chauve-souris\/faits-sur-les-chauves-souris\/"]}]},{"@type":"BreadcrumbList","@id":"https:\/\/aspenwildlifecontrol.com\/fr\/prestations-de-service\/chauve-souris\/faits-sur-les-chauves-souris\/#breadcrumb","itemListElement":[{"@type":"ListItem","position":1,"name":"Home","item":"https:\/\/aspenwildlifecontrol.com\/fr\/"},{"@type":"ListItem","position":2,"name":"Service control animal","item":"https:\/\/aspenwildlifecontrol.com\/fr\/prestations-de-service\/"},{"@type":"ListItem","position":3,"name":"Chauve souris","item":"https:\/\/aspenwildlifecontrol.com\/fr\/prestations-de-service\/chauve-souris\/"},{"@type":"ListItem","position":4,"name":"Faits sur les chauves-souris"}]},{"@type":"WebSite","@id":"https:\/\/aspenwildlifecontrol.com\/fr\/#website","url":"https:\/\/aspenwildlifecontrol.com\/fr\/","name":"Aspen Wildlife Control","description":"Fast, humane wildlife removal in Ottawa-Gatineau \u2014 guaranteed results, 24\/7 service","potentialAction":[{"@type":"SearchAction","target":{"@type":"EntryPoint","urlTemplate":"https:\/\/aspenwildlifecontrol.com\/fr\/?s={search_term_string}"},"query-input":{"@type":"PropertyValueSpecification","valueRequired":true,"valueName":"search_term_string"}}],"inLanguage":"fr-FR"}]}},"_links":{"self":[{"href":"https:\/\/aspenwildlifecontrol.com\/fr\/wp-json\/wp\/v2\/pages\/994","targetHints":{"allow":["GET"]}}],"collection":[{"href":"https:\/\/aspenwildlifecontrol.com\/fr\/wp-json\/wp\/v2\/pages"}],"about":[{"href":"https:\/\/aspenwildlifecontrol.com\/fr\/wp-json\/wp\/v2\/types\/page"}],"author":[{"embeddable":true,"href":"https:\/\/aspenwildlifecontrol.com\/fr\/wp-json\/wp\/v2\/users\/1"}],"replies":[{"embeddable":true,"href":"https:\/\/aspenwildlifecontrol.com\/fr\/wp-json\/wp\/v2\/comments?post=994"}],"version-history":[{"count":1,"href":"https:\/\/aspenwildlifecontrol.com\/fr\/wp-json\/wp\/v2\/pages\/994\/revisions"}],"predecessor-version":[{"id":1351,"href":"https:\/\/aspenwildlifecontrol.com\/fr\/wp-json\/wp\/v2\/pages\/994\/revisions\/1351"}],"up":[{"embeddable":true,"href":"https:\/\/aspenwildlifecontrol.com\/fr\/wp-json\/wp\/v2\/pages\/975"}],"wp:attachment":[{"href":"https:\/\/aspenwildlifecontrol.com\/fr\/wp-json\/wp\/v2\/media?parent=994"}],"curies":[{"name":"wp","href":"https:\/\/api.w.org\/{rel}","templated":true}]}}