{"id":993,"date":"2023-02-28T15:51:38","date_gmt":"2023-02-28T20:51:38","guid":{"rendered":"https:\/\/aspenwildlifecontrol.com\/prestations-de-service\/ecureuils\/ecureuils-dans-le-grenier\/"},"modified":"2025-02-11T08:42:16","modified_gmt":"2025-02-11T13:42:16","slug":"ecureuils-dans-le-grenier","status":"publish","type":"page","link":"https:\/\/aspenwildlifecontrol.com\/fr\/prestations-de-service\/ecureuils\/ecureuils-dans-le-grenier\/","title":{"rendered":"\u00c9cureuils dans le grenier"},"content":{"rendered":"<h5><b>D\u00e9fis li\u00e9s \u00e0 la pr\u00e9sence d&rsquo;\u00e9cureuils dans les greniers<\/b><\/h5>\n<div class=\"et_pb_module et_pb_text et_pb_text_0 et_pb_text_align_left et_pb_bg_layout_light et_had_animation\">\n<div class=\"et_pb_text_inner\">\n<p><span style=\"font-weight: 400;\">G\u00e9rer la pr\u00e9sence d&rsquo;un \u00e9cureuil dans le grenier peut \u00eatre bien plus qu&rsquo;une simple g\u00eane mineure ; cela peut entra\u00eener des dommages importants et du stress. \u00c0 Ottawa-Gatineau, les propri\u00e9taires sont souvent confront\u00e9s au d\u00e9fi de ces rongeurs agiles trouvant leur chemin dans les espaces de grenier \u00e0 travers de petites ouvertures ou des dommages laiss\u00e9s par d&rsquo;autres animaux. Une fois \u00e0 l&rsquo;int\u00e9rieur, les \u00e9cureuils peuvent ronger les fils \u00e9lectriques, l&rsquo;isolation et les structures, causant potentiellement des risques d&rsquo;incendie et des dommages co\u00fbteux. Reconna\u00eetre les premiers signes d&rsquo;activit\u00e9 des \u00e9cureuils, tels que des bruits inhabituels pendant la journ\u00e9e (puisque les \u00e9cureuils sont diurnes) ou des dommages visibles autour des lignes de toit, est crucial pour pr\u00e9venir des dommages \u00e9tendus.<\/span><\/p>\n<\/div>\n<\/div>\n<h5><b>Services professionnels de capture d&rsquo;\u00e9cureuils \u00e0 Ottawa<\/b><\/h5>\n<p><span style=\"font-weight: 400;\">En mati\u00e8re de capture d&rsquo;\u00e9cureuils \u00e0 Ottawa, il est essentiel de faire appel \u00e0 des professionnels sp\u00e9cialis\u00e9s dans des solutions humaines et efficaces. Aspen Wildlife Control est reconnu pour son expertise dans la capture s\u00e9curis\u00e9e des \u00e9cureuils des greniers r\u00e9sidentiels sans nuire aux animaux. En utilisant des techniques d&rsquo;exclusion avanc\u00e9es et en r\u00e9alisant des inspections approfondies, ils garantissent que tous les points d&rsquo;entr\u00e9e potentiels sont solidement scell\u00e9s. Cela retire non seulement les habitants actuels mais dissuade \u00e9galement les futurs visiteurs, pr\u00e9servant ainsi l&rsquo;int\u00e9grit\u00e9 de votre maison et la s\u00e9curit\u00e9 de ses occupants.<\/span><\/p>\n<h5><b>Pr\u00e9vention et gestion \u00e0 long terme<\/b><\/h5>\n<p><span style=\"font-weight: 400;\">G\u00e9rer un probl\u00e8me d&rsquo;\u00ab \u00e9cureuil dans le grenier \u00bb ne concerne pas uniquement la capture ; il s&rsquo;agit de prendre des mesures proactives pour garantir qu&rsquo;ils ne reviennent pas. Aspen Wildlife Control offre aux r\u00e9sidents d&rsquo;Ottawa-Gatineau des strat\u00e9gies compl\u00e8tes qui vont au-del\u00e0 de la simple capture. Cela comprend le renforcement des points d&rsquo;entr\u00e9e potentiels comme les bouches d&rsquo;a\u00e9ration, les soffites et les bords de toit avec des mat\u00e9riaux durables qui r\u00e9sistent au rongement. De plus, ils offrent des conseils sur la modification de l&rsquo;habitat autour de votre propri\u00e9t\u00e9 pour la rendre moins attrayante pour les \u00e9cureuils, comme la taille des branches d&rsquo;arbres qui fournissent un acc\u00e8s facile \u00e0 votre toit et la s\u00e9curisation des sources de nourriture ext\u00e9rieures.<\/span><\/p>\n<p><span style=\"font-weight: 400;\">En abordant les probl\u00e8mes d&rsquo;\u00e9cureuils dans les greniers de mani\u00e8re rapide et efficace, les r\u00e9sidents d&rsquo;Ottawa peuvent prot\u00e9ger leurs maisons des risques associ\u00e9s \u00e0 ces d\u00e9fis courants de la faune urbaine. Aspen Wildlife Control est pr\u00eat \u00e0 fournir des services experts de capture d&rsquo;\u00e9cureuils \u00e0 Ottawa, garantissant une solution s\u00fbre, humaine et durable \u00e0 vos probl\u00e8mes d&rsquo;\u00e9cureuils.<\/span><\/p>\n<p>&nbsp;<\/p>\n","protected":false},"excerpt":{"rendered":"<p>D\u00e9fis li\u00e9s \u00e0 la pr\u00e9sence d&rsquo;\u00e9cureuils dans les greniers G\u00e9rer la pr\u00e9sence d&rsquo;un \u00e9cureuil dans le grenier peut \u00eatre bien plus qu&rsquo;une simple g\u00eane mineure ; cela peut entra\u00eener des dommages importants et du stress. \u00c0 Ottawa-Gatineau, les propri\u00e9taires sont souvent confront\u00e9s au d\u00e9fi de ces rongeurs agiles trouvant leur chemin dans les espaces de&hellip; <a class=\"more-link\" href=\"https:\/\/aspenwildlifecontrol.com\/fr\/prestations-de-service\/ecureuils\/ecureuils-dans-le-grenier\/\">Poursuivre la lecture <span class=\"screen-reader-text\">\u00c9cureuils dans le grenier<\/span><\/a><\/p>\n","protected":false},"author":1,"featured_media":0,"parent":974,"menu_order":0,"comment_status":"closed","ping_status":"closed","template":"","meta":{"_acf_changed":false,"footnotes":""},"class_list":["post-993","page","type-page","status-publish","hentry","entry"],"acf":[],"yoast_head":"<!-- This site is optimized with the Yoast SEO Premium plugin v26.8 (Yoast SEO v27.4) - https:\/\/yoast.com\/product\/yoast-seo-premium-wordpress\/ -->\n<title>\u00c9cureuils dans le grenier | Aspen Wildlife Control \u00e0 Gatineau<\/title>\n<meta name=\"description\" content=\"Gestion d&#039;\u00e9cureuils dans le grenier avec Aspen Wildlife Control \u00e0 Gatineau-Ottawa. Solutions pour un environnement sain.&quot;\" \/>\n<meta name=\"robots\" content=\"index, follow, max-snippet:-1, max-image-preview:large, max-video-preview:-1\" \/>\n<link rel=\"canonical\" href=\"https:\/\/aspenwildlifecontrol.com\/fr\/prestations-de-service\/ecureuils\/ecureuils-dans-le-grenier\/\" \/>\n<meta property=\"og:locale\" content=\"fr_FR\" \/>\n<meta property=\"og:type\" content=\"article\" \/>\n<meta property=\"og:title\" content=\"\u00c9cureuils dans le grenier\" \/>\n<meta property=\"og:description\" content=\"Gestion d&#039;\u00e9cureuils dans le grenier avec Aspen Wildlife Control \u00e0 Gatineau-Ottawa. Solutions pour un environnement sain.&quot;\" \/>\n<meta property=\"og:url\" content=\"https:\/\/aspenwildlifecontrol.com\/fr\/prestations-de-service\/ecureuils\/ecureuils-dans-le-grenier\/\" \/>\n<meta property=\"og:site_name\" content=\"Aspen Wildlife Control\" \/>\n<meta property=\"article:modified_time\" content=\"2025-02-11T13:42:16+00:00\" \/>\n<meta name=\"twitter:card\" content=\"summary_large_image\" \/>\n<meta name=\"twitter:label1\" content=\"Dur\u00e9e de lecture estim\u00e9e\" \/>\n\t<meta name=\"twitter:data1\" content=\"2 minutes\" \/>\n<script type=\"application\/ld+json\" class=\"yoast-schema-graph\">{\"@context\":\"https:\\\/\\\/schema.org\",\"@graph\":[{\"@type\":\"WebPage\",\"@id\":\"https:\\\/\\\/aspenwildlifecontrol.com\\\/fr\\\/prestations-de-service\\\/ecureuils\\\/ecureuils-dans-le-grenier\\\/\",\"url\":\"https:\\\/\\\/aspenwildlifecontrol.com\\\/fr\\\/prestations-de-service\\\/ecureuils\\\/ecureuils-dans-le-grenier\\\/\",\"name\":\"\u00c9cureuils dans le grenier | Aspen Wildlife Control \u00e0 Gatineau\",\"isPartOf\":{\"@id\":\"https:\\\/\\\/aspenwildlifecontrol.com\\\/fr\\\/#website\"},\"datePublished\":\"2023-02-28T20:51:38+00:00\",\"dateModified\":\"2025-02-11T13:42:16+00:00\",\"description\":\"Gestion d'\u00e9cureuils dans le grenier avec Aspen Wildlife Control \u00e0 Gatineau-Ottawa. Solutions pour un environnement sain.\\\"\",\"breadcrumb\":{\"@id\":\"https:\\\/\\\/aspenwildlifecontrol.com\\\/fr\\\/prestations-de-service\\\/ecureuils\\\/ecureuils-dans-le-grenier\\\/#breadcrumb\"},\"inLanguage\":\"fr-FR\",\"potentialAction\":[{\"@type\":\"ReadAction\",\"target\":[\"https:\\\/\\\/aspenwildlifecontrol.com\\\/fr\\\/prestations-de-service\\\/ecureuils\\\/ecureuils-dans-le-grenier\\\/\"]}]},{\"@type\":\"BreadcrumbList\",\"@id\":\"https:\\\/\\\/aspenwildlifecontrol.com\\\/fr\\\/prestations-de-service\\\/ecureuils\\\/ecureuils-dans-le-grenier\\\/#breadcrumb\",\"itemListElement\":[{\"@type\":\"ListItem\",\"position\":1,\"name\":\"Home\",\"item\":\"https:\\\/\\\/aspenwildlifecontrol.com\\\/fr\\\/\"},{\"@type\":\"ListItem\",\"position\":2,\"name\":\"Service control animal\",\"item\":\"https:\\\/\\\/aspenwildlifecontrol.com\\\/fr\\\/prestations-de-service\\\/\"},{\"@type\":\"ListItem\",\"position\":3,\"name\":\"\u00c9cureuils\",\"item\":\"https:\\\/\\\/aspenwildlifecontrol.com\\\/fr\\\/prestations-de-service\\\/ecureuils\\\/\"},{\"@type\":\"ListItem\",\"position\":4,\"name\":\"\u00c9cureuils dans le grenier\"}]},{\"@type\":\"WebSite\",\"@id\":\"https:\\\/\\\/aspenwildlifecontrol.com\\\/fr\\\/#website\",\"url\":\"https:\\\/\\\/aspenwildlifecontrol.com\\\/fr\\\/\",\"name\":\"Aspen Wildlife Control\",\"description\":\"Fast, humane wildlife removal in Ottawa-Gatineau \u2014 guaranteed results, 24\\\/7 service\",\"potentialAction\":[{\"@type\":\"SearchAction\",\"target\":{\"@type\":\"EntryPoint\",\"urlTemplate\":\"https:\\\/\\\/aspenwildlifecontrol.com\\\/fr\\\/?s={search_term_string}\"},\"query-input\":{\"@type\":\"PropertyValueSpecification\",\"valueRequired\":true,\"valueName\":\"search_term_string\"}}],\"inLanguage\":\"fr-FR\"}]}<\/script>\n<!-- \/ Yoast SEO Premium plugin. -->","yoast_head_json":{"title":"\u00c9cureuils dans le grenier | Aspen Wildlife Control \u00e0 Gatineau","description":"Gestion d'\u00e9cureuils dans le grenier avec Aspen Wildlife Control \u00e0 Gatineau-Ottawa. Solutions pour un environnement sain.\"","robots":{"index":"index","follow":"follow","max-snippet":"max-snippet:-1","max-image-preview":"max-image-preview:large","max-video-preview":"max-video-preview:-1"},"canonical":"https:\/\/aspenwildlifecontrol.com\/fr\/prestations-de-service\/ecureuils\/ecureuils-dans-le-grenier\/","og_locale":"fr_FR","og_type":"article","og_title":"\u00c9cureuils dans le grenier","og_description":"Gestion d'\u00e9cureuils dans le grenier avec Aspen Wildlife Control \u00e0 Gatineau-Ottawa. Solutions pour un environnement sain.\"","og_url":"https:\/\/aspenwildlifecontrol.com\/fr\/prestations-de-service\/ecureuils\/ecureuils-dans-le-grenier\/","og_site_name":"Aspen Wildlife Control","article_modified_time":"2025-02-11T13:42:16+00:00","twitter_card":"summary_large_image","twitter_misc":{"Dur\u00e9e de lecture estim\u00e9e":"2 minutes"},"schema":{"@context":"https:\/\/schema.org","@graph":[{"@type":"WebPage","@id":"https:\/\/aspenwildlifecontrol.com\/fr\/prestations-de-service\/ecureuils\/ecureuils-dans-le-grenier\/","url":"https:\/\/aspenwildlifecontrol.com\/fr\/prestations-de-service\/ecureuils\/ecureuils-dans-le-grenier\/","name":"\u00c9cureuils dans le grenier | Aspen Wildlife Control \u00e0 Gatineau","isPartOf":{"@id":"https:\/\/aspenwildlifecontrol.com\/fr\/#website"},"datePublished":"2023-02-28T20:51:38+00:00","dateModified":"2025-02-11T13:42:16+00:00","description":"Gestion d'\u00e9cureuils dans le grenier avec Aspen Wildlife Control \u00e0 Gatineau-Ottawa. Solutions pour un environnement sain.\"","breadcrumb":{"@id":"https:\/\/aspenwildlifecontrol.com\/fr\/prestations-de-service\/ecureuils\/ecureuils-dans-le-grenier\/#breadcrumb"},"inLanguage":"fr-FR","potentialAction":[{"@type":"ReadAction","target":["https:\/\/aspenwildlifecontrol.com\/fr\/prestations-de-service\/ecureuils\/ecureuils-dans-le-grenier\/"]}]},{"@type":"BreadcrumbList","@id":"https:\/\/aspenwildlifecontrol.com\/fr\/prestations-de-service\/ecureuils\/ecureuils-dans-le-grenier\/#breadcrumb","itemListElement":[{"@type":"ListItem","position":1,"name":"Home","item":"https:\/\/aspenwildlifecontrol.com\/fr\/"},{"@type":"ListItem","position":2,"name":"Service control animal","item":"https:\/\/aspenwildlifecontrol.com\/fr\/prestations-de-service\/"},{"@type":"ListItem","position":3,"name":"\u00c9cureuils","item":"https:\/\/aspenwildlifecontrol.com\/fr\/prestations-de-service\/ecureuils\/"},{"@type":"ListItem","position":4,"name":"\u00c9cureuils dans le grenier"}]},{"@type":"WebSite","@id":"https:\/\/aspenwildlifecontrol.com\/fr\/#website","url":"https:\/\/aspenwildlifecontrol.com\/fr\/","name":"Aspen Wildlife Control","description":"Fast, humane wildlife removal in Ottawa-Gatineau \u2014 guaranteed results, 24\/7 service","potentialAction":[{"@type":"SearchAction","target":{"@type":"EntryPoint","urlTemplate":"https:\/\/aspenwildlifecontrol.com\/fr\/?s={search_term_string}"},"query-input":{"@type":"PropertyValueSpecification","valueRequired":true,"valueName":"search_term_string"}}],"inLanguage":"fr-FR"}]}},"_links":{"self":[{"href":"https:\/\/aspenwildlifecontrol.com\/fr\/wp-json\/wp\/v2\/pages\/993","targetHints":{"allow":["GET"]}}],"collection":[{"href":"https:\/\/aspenwildlifecontrol.com\/fr\/wp-json\/wp\/v2\/pages"}],"about":[{"href":"https:\/\/aspenwildlifecontrol.com\/fr\/wp-json\/wp\/v2\/types\/page"}],"author":[{"embeddable":true,"href":"https:\/\/aspenwildlifecontrol.com\/fr\/wp-json\/wp\/v2\/users\/1"}],"replies":[{"embeddable":true,"href":"https:\/\/aspenwildlifecontrol.com\/fr\/wp-json\/wp\/v2\/comments?post=993"}],"version-history":[{"count":2,"href":"https:\/\/aspenwildlifecontrol.com\/fr\/wp-json\/wp\/v2\/pages\/993\/revisions"}],"predecessor-version":[{"id":2986,"href":"https:\/\/aspenwildlifecontrol.com\/fr\/wp-json\/wp\/v2\/pages\/993\/revisions\/2986"}],"up":[{"embeddable":true,"href":"https:\/\/aspenwildlifecontrol.com\/fr\/wp-json\/wp\/v2\/pages\/974"}],"wp:attachment":[{"href":"https:\/\/aspenwildlifecontrol.com\/fr\/wp-json\/wp\/v2\/media?parent=993"}],"curies":[{"name":"wp","href":"https:\/\/api.w.org\/{rel}","templated":true}]}}