{"id":992,"date":"2023-02-28T15:41:11","date_gmt":"2023-02-28T20:41:11","guid":{"rendered":"https:\/\/aspenwildlifecontrol.com\/prestations-de-service\/ecureuils\/comment-les-ecureuils-et-les-tamias-entrent-ils-dans-les-maisons\/"},"modified":"2025-02-11T08:42:12","modified_gmt":"2025-02-11T13:42:12","slug":"comment-les-ecureuils-et-les-tamias-entrent-ils-dans-les-maisons","status":"publish","type":"page","link":"https:\/\/aspenwildlifecontrol.com\/fr\/prestations-de-service\/ecureuils\/comment-les-ecureuils-et-les-tamias-entrent-ils-dans-les-maisons\/","title":{"rendered":"Comment les \u00e9cureuils et les tamias entrent-ils dans les maisons ?"},"content":{"rendered":"<p>Les experts de la faune sauvage ont pu constater l&rsquo;impressionnante ing\u00e9niosit\u00e9 des rongeurs, m\u00eame lorsqu&rsquo;il s&rsquo;agit de p\u00e9n\u00e9trer dans nos maisons. Les \u00e9cureuils d\u00e9brouillards sont connus pour se frayer un chemin de mani\u00e8re inattendue et inopportune \u00e0 travers de petits espaces tels que les unit\u00e9s de climatisation, les chemin\u00e9es ou les lignes \u00e9lectriques &#8211; ce qui nous rappelle qu&rsquo;aucune maison n&rsquo;est totalement s\u00fbre:<\/p>\n<h5><strong>Par les diff\u00e9rents types d\u2019\u00e9vents (de toit, d\u2019entretoit, de s\u00e9cheuse, mural, pour la plomberie)<\/strong><\/h5>\n<p>Les ventilations sont souvent consid\u00e9r\u00e9es comme allant de soi, mais elles doivent \u00eatre surveill\u00e9es de pr\u00e8s. Sans protection ad\u00e9quate, toutes les ouvertures dans votre toit ou vos murs peuvent inviter des bestioles comme les \u00e9cureuils \u00e0 entrer ! Les \u00e9vents de grenier et les \u00e9vents de s\u00e9choir permettent \u00e0 la chaleur de s&rsquo;\u00e9chapper des maisons, tandis que les \u00e9vents de mur et de plomberie assurent la circulation de l&rsquo;air en cas de besoin &#8211; autant d&rsquo;\u00e9l\u00e9ments n\u00e9cessaires \u00e0 un environnement de vie s\u00fbr qui n\u00e9cessitent une attention suppl\u00e9mentaire s&rsquo;ils sont laiss\u00e9s ouverts trop longtemps.<\/p>\n<h5><strong>Par le bord du toit<\/strong><\/h5>\n<p>Les bords de toit, qui sont souvent bord\u00e9s de goutti\u00e8res et de bancs de neige, peuvent rapidement devenir un aimant pour l&rsquo;eau. Ce liquide stagnant entra\u00eene une d\u00e9gradation des surfaces plus importante qu&rsquo;\u00e0 d&rsquo;autres endroits de la maison, cr\u00e9ant ainsi une porte d&rsquo;entr\u00e9e id\u00e9ale pour les \u00e9cureuils qui cherchent \u00e0 se frayer un chemin \u00e0 l&rsquo;int\u00e9rieur.<\/p>\n<h5><strong>Par les intersections entre le toit et l&rsquo;ext\u00e9rieur<\/strong><\/h5>\n<p>Une zone apparemment inoffensive de l&rsquo;ext\u00e9rieur d&rsquo;une maison peut \u00eatre une cible attrayante pour des cr\u00e9atures curieuses. Les \u00e9cureuils sont particuli\u00e8rement habiles lorsqu&rsquo;il s&rsquo;agit de profiter de l&rsquo;espace entre les toits et les soffites pour acc\u00e9der facilement aux greniers.<\/p>\n<h5><strong>Par les chemin\u00e9es<\/strong><\/h5>\n<p>Prot\u00e9gez votre chemin\u00e9e des visiteurs ind\u00e9sirables en veillant \u00e0 ce qu&rsquo;elle soit \u00e9quip\u00e9e d&rsquo;une t\u00eate, d&rsquo;un \u00e9pi de fa\u00eetage ou d&rsquo;une couronne. Sinon, vous risquez d&rsquo;\u00eatre confront\u00e9 \u00e0 des \u00e9cureuils qui viendront vous rendre une visite inattendue.<\/p>\n<h5><strong>Par les trous faits par d\u2019autres animaux<\/strong><\/h5>\n<p>Avez-vous d\u00e9j\u00e0 re\u00e7u la visite d&rsquo;animaux sauvages et d\u00e9couvert de myst\u00e9rieux trous dans vos murs ou votre toit ? Si vous ne vous en occupez pas correctement, ces ouvertures peuvent \u00eatre une invitation s\u00e9duisante pour une \u00e9quipe d&rsquo;invit\u00e9s ind\u00e9sirables : les \u00e9cureuils ! Prot\u00e9gez-vous et assurez-vous que les trous sont colmat\u00e9s afin qu&rsquo;ils ne s&rsquo;installent pas.<\/p>\n<h5><strong>Par les trous que les \u00e9cureuils se font eux-m\u00eames<\/strong><\/h5>\n<p>Quelles que soient les pr\u00e9cautions que vous prenez, ces petits \u00e9cureuils effront\u00e9s ont toujours un moyen d&rsquo;entrer. Leurs dents ac\u00e9r\u00e9es leur permettent de grignoter les murs et de s&rsquo;y installer.<\/p>\n<h5><strong>Et si les \u00e9cureuils sont d\u00e9j\u00e0 \u00e0 l\u2019int\u00e9rieur?<\/strong><\/h5>\n<div class=\"et_pb_module et_pb_text et_pb_text_14 et_pb_text_align_left et_pb_bg_layout_light et_had_animation\">\n<div class=\"et_pb_text_inner\">\n<p>Si vous pensez que des \u00e9cureuils se sont install\u00e9s chez vous, ne vous empressez pas de les faire sortir ! Bien qu&rsquo;il s&rsquo;agisse d&rsquo;une nuisance, le fait de bloquer les points d&rsquo;entr\u00e9e potentiels pourrait entra\u00eener des probl\u00e8mes plus importants. Ne laissez pas la curiosit\u00e9 se transformer en une situation d&rsquo;animaux en d\u00e9tresse ; il est pr\u00e9f\u00e9rable de ne pas se m\u00ealer de la nature si possible.<\/p>\n<p>Aspen Wildlife Control est l&rsquo;agence de r\u00e9f\u00e9rence pour une aide fiable et efficace pour tous vos besoins en mati\u00e8re de soins des animaux de compagnie!<\/p>\n<\/div>\n<\/div>\n<p>&nbsp;<\/p>\n","protected":false},"excerpt":{"rendered":"<p>Les experts de la faune sauvage ont pu constater l&rsquo;impressionnante ing\u00e9niosit\u00e9 des rongeurs, m\u00eame lorsqu&rsquo;il s&rsquo;agit de p\u00e9n\u00e9trer dans nos maisons. Les \u00e9cureuils d\u00e9brouillards sont connus pour se frayer un chemin de mani\u00e8re inattendue et inopportune \u00e0 travers de petits espaces tels que les unit\u00e9s de climatisation, les chemin\u00e9es ou les lignes \u00e9lectriques &#8211; ce&hellip; <a class=\"more-link\" href=\"https:\/\/aspenwildlifecontrol.com\/fr\/prestations-de-service\/ecureuils\/comment-les-ecureuils-et-les-tamias-entrent-ils-dans-les-maisons\/\">Poursuivre la lecture <span class=\"screen-reader-text\">Comment les \u00e9cureuils et les tamias entrent-ils dans les maisons ?<\/span><\/a><\/p>\n","protected":false},"author":1,"featured_media":0,"parent":974,"menu_order":0,"comment_status":"closed","ping_status":"closed","template":"","meta":{"_acf_changed":false,"footnotes":""},"class_list":["post-992","page","type-page","status-publish","hentry","entry"],"acf":[],"yoast_head":"<!-- This site is optimized with the Yoast SEO Premium plugin v26.8 (Yoast SEO v27.5) - https:\/\/yoast.com\/product\/yoast-seo-premium-wordpress\/ -->\n<title>Comment les \u00e9cureuils et les tamias entrent-ils dans les maisons<\/title>\n<meta name=\"description\" content=\"D\u00e9couvrez comment les \u00e9cureuils \u00e9cureuils et tamias avec Aspen Wildlife Control \u00e0 Gatineau-Ottawa. Pr\u00e9vention experte.\" \/>\n<meta name=\"robots\" content=\"index, follow, max-snippet:-1, max-image-preview:large, max-video-preview:-1\" \/>\n<link rel=\"canonical\" href=\"https:\/\/aspenwildlifecontrol.com\/fr\/prestations-de-service\/ecureuils\/comment-les-ecureuils-et-les-tamias-entrent-ils-dans-les-maisons\/\" \/>\n<meta property=\"og:locale\" content=\"fr_FR\" \/>\n<meta property=\"og:type\" content=\"article\" \/>\n<meta property=\"og:title\" content=\"Comment les \u00e9cureuils et les tamias entrent-ils dans les maisons ?\" \/>\n<meta property=\"og:description\" content=\"D\u00e9couvrez comment les \u00e9cureuils \u00e9cureuils et tamias avec Aspen Wildlife Control \u00e0 Gatineau-Ottawa. Pr\u00e9vention experte.\" \/>\n<meta property=\"og:url\" content=\"https:\/\/aspenwildlifecontrol.com\/fr\/prestations-de-service\/ecureuils\/comment-les-ecureuils-et-les-tamias-entrent-ils-dans-les-maisons\/\" \/>\n<meta property=\"og:site_name\" content=\"Aspen Wildlife Control\" \/>\n<meta property=\"article:modified_time\" content=\"2025-02-11T13:42:12+00:00\" \/>\n<meta name=\"twitter:card\" content=\"summary_large_image\" \/>\n<meta name=\"twitter:label1\" content=\"Dur\u00e9e de lecture estim\u00e9e\" \/>\n\t<meta name=\"twitter:data1\" content=\"3 minutes\" \/>\n<script type=\"application\/ld+json\" class=\"yoast-schema-graph\">{\"@context\":\"https:\\\/\\\/schema.org\",\"@graph\":[{\"@type\":\"WebPage\",\"@id\":\"https:\\\/\\\/aspenwildlifecontrol.com\\\/fr\\\/prestations-de-service\\\/ecureuils\\\/comment-les-ecureuils-et-les-tamias-entrent-ils-dans-les-maisons\\\/\",\"url\":\"https:\\\/\\\/aspenwildlifecontrol.com\\\/fr\\\/prestations-de-service\\\/ecureuils\\\/comment-les-ecureuils-et-les-tamias-entrent-ils-dans-les-maisons\\\/\",\"name\":\"Comment les \u00e9cureuils et les tamias entrent-ils dans les maisons\",\"isPartOf\":{\"@id\":\"https:\\\/\\\/aspenwildlifecontrol.com\\\/fr\\\/#website\"},\"datePublished\":\"2023-02-28T20:41:11+00:00\",\"dateModified\":\"2025-02-11T13:42:12+00:00\",\"description\":\"D\u00e9couvrez comment les \u00e9cureuils \u00e9cureuils et tamias avec Aspen Wildlife Control \u00e0 Gatineau-Ottawa. Pr\u00e9vention experte.\",\"breadcrumb\":{\"@id\":\"https:\\\/\\\/aspenwildlifecontrol.com\\\/fr\\\/prestations-de-service\\\/ecureuils\\\/comment-les-ecureuils-et-les-tamias-entrent-ils-dans-les-maisons\\\/#breadcrumb\"},\"inLanguage\":\"fr-FR\",\"potentialAction\":[{\"@type\":\"ReadAction\",\"target\":[\"https:\\\/\\\/aspenwildlifecontrol.com\\\/fr\\\/prestations-de-service\\\/ecureuils\\\/comment-les-ecureuils-et-les-tamias-entrent-ils-dans-les-maisons\\\/\"]}]},{\"@type\":\"BreadcrumbList\",\"@id\":\"https:\\\/\\\/aspenwildlifecontrol.com\\\/fr\\\/prestations-de-service\\\/ecureuils\\\/comment-les-ecureuils-et-les-tamias-entrent-ils-dans-les-maisons\\\/#breadcrumb\",\"itemListElement\":[{\"@type\":\"ListItem\",\"position\":1,\"name\":\"Home\",\"item\":\"https:\\\/\\\/aspenwildlifecontrol.com\\\/fr\\\/\"},{\"@type\":\"ListItem\",\"position\":2,\"name\":\"Service control animal\",\"item\":\"https:\\\/\\\/aspenwildlifecontrol.com\\\/fr\\\/prestations-de-service\\\/\"},{\"@type\":\"ListItem\",\"position\":3,\"name\":\"\u00c9cureuils\",\"item\":\"https:\\\/\\\/aspenwildlifecontrol.com\\\/fr\\\/prestations-de-service\\\/ecureuils\\\/\"},{\"@type\":\"ListItem\",\"position\":4,\"name\":\"Comment les \u00e9cureuils et les tamias entrent-ils dans les maisons ?\"}]},{\"@type\":\"WebSite\",\"@id\":\"https:\\\/\\\/aspenwildlifecontrol.com\\\/fr\\\/#website\",\"url\":\"https:\\\/\\\/aspenwildlifecontrol.com\\\/fr\\\/\",\"name\":\"Aspen Wildlife Control\",\"description\":\"Fast, humane wildlife removal in Ottawa-Gatineau \u2014 guaranteed results, 24\\\/7 service\",\"potentialAction\":[{\"@type\":\"SearchAction\",\"target\":{\"@type\":\"EntryPoint\",\"urlTemplate\":\"https:\\\/\\\/aspenwildlifecontrol.com\\\/fr\\\/?s={search_term_string}\"},\"query-input\":{\"@type\":\"PropertyValueSpecification\",\"valueRequired\":true,\"valueName\":\"search_term_string\"}}],\"inLanguage\":\"fr-FR\"}]}<\/script>\n<!-- \/ Yoast SEO Premium plugin. -->","yoast_head_json":{"title":"Comment les \u00e9cureuils et les tamias entrent-ils dans les maisons","description":"D\u00e9couvrez comment les \u00e9cureuils \u00e9cureuils et tamias avec Aspen Wildlife Control \u00e0 Gatineau-Ottawa. Pr\u00e9vention experte.","robots":{"index":"index","follow":"follow","max-snippet":"max-snippet:-1","max-image-preview":"max-image-preview:large","max-video-preview":"max-video-preview:-1"},"canonical":"https:\/\/aspenwildlifecontrol.com\/fr\/prestations-de-service\/ecureuils\/comment-les-ecureuils-et-les-tamias-entrent-ils-dans-les-maisons\/","og_locale":"fr_FR","og_type":"article","og_title":"Comment les \u00e9cureuils et les tamias entrent-ils dans les maisons ?","og_description":"D\u00e9couvrez comment les \u00e9cureuils \u00e9cureuils et tamias avec Aspen Wildlife Control \u00e0 Gatineau-Ottawa. Pr\u00e9vention experte.","og_url":"https:\/\/aspenwildlifecontrol.com\/fr\/prestations-de-service\/ecureuils\/comment-les-ecureuils-et-les-tamias-entrent-ils-dans-les-maisons\/","og_site_name":"Aspen Wildlife Control","article_modified_time":"2025-02-11T13:42:12+00:00","twitter_card":"summary_large_image","twitter_misc":{"Dur\u00e9e de lecture estim\u00e9e":"3 minutes"},"schema":{"@context":"https:\/\/schema.org","@graph":[{"@type":"WebPage","@id":"https:\/\/aspenwildlifecontrol.com\/fr\/prestations-de-service\/ecureuils\/comment-les-ecureuils-et-les-tamias-entrent-ils-dans-les-maisons\/","url":"https:\/\/aspenwildlifecontrol.com\/fr\/prestations-de-service\/ecureuils\/comment-les-ecureuils-et-les-tamias-entrent-ils-dans-les-maisons\/","name":"Comment les \u00e9cureuils et les tamias entrent-ils dans les maisons","isPartOf":{"@id":"https:\/\/aspenwildlifecontrol.com\/fr\/#website"},"datePublished":"2023-02-28T20:41:11+00:00","dateModified":"2025-02-11T13:42:12+00:00","description":"D\u00e9couvrez comment les \u00e9cureuils \u00e9cureuils et tamias avec Aspen Wildlife Control \u00e0 Gatineau-Ottawa. Pr\u00e9vention experte.","breadcrumb":{"@id":"https:\/\/aspenwildlifecontrol.com\/fr\/prestations-de-service\/ecureuils\/comment-les-ecureuils-et-les-tamias-entrent-ils-dans-les-maisons\/#breadcrumb"},"inLanguage":"fr-FR","potentialAction":[{"@type":"ReadAction","target":["https:\/\/aspenwildlifecontrol.com\/fr\/prestations-de-service\/ecureuils\/comment-les-ecureuils-et-les-tamias-entrent-ils-dans-les-maisons\/"]}]},{"@type":"BreadcrumbList","@id":"https:\/\/aspenwildlifecontrol.com\/fr\/prestations-de-service\/ecureuils\/comment-les-ecureuils-et-les-tamias-entrent-ils-dans-les-maisons\/#breadcrumb","itemListElement":[{"@type":"ListItem","position":1,"name":"Home","item":"https:\/\/aspenwildlifecontrol.com\/fr\/"},{"@type":"ListItem","position":2,"name":"Service control animal","item":"https:\/\/aspenwildlifecontrol.com\/fr\/prestations-de-service\/"},{"@type":"ListItem","position":3,"name":"\u00c9cureuils","item":"https:\/\/aspenwildlifecontrol.com\/fr\/prestations-de-service\/ecureuils\/"},{"@type":"ListItem","position":4,"name":"Comment les \u00e9cureuils et les tamias entrent-ils dans les maisons ?"}]},{"@type":"WebSite","@id":"https:\/\/aspenwildlifecontrol.com\/fr\/#website","url":"https:\/\/aspenwildlifecontrol.com\/fr\/","name":"Aspen Wildlife Control","description":"Fast, humane wildlife removal in Ottawa-Gatineau \u2014 guaranteed results, 24\/7 service","potentialAction":[{"@type":"SearchAction","target":{"@type":"EntryPoint","urlTemplate":"https:\/\/aspenwildlifecontrol.com\/fr\/?s={search_term_string}"},"query-input":{"@type":"PropertyValueSpecification","valueRequired":true,"valueName":"search_term_string"}}],"inLanguage":"fr-FR"}]}},"_links":{"self":[{"href":"https:\/\/aspenwildlifecontrol.com\/fr\/wp-json\/wp\/v2\/pages\/992","targetHints":{"allow":["GET"]}}],"collection":[{"href":"https:\/\/aspenwildlifecontrol.com\/fr\/wp-json\/wp\/v2\/pages"}],"about":[{"href":"https:\/\/aspenwildlifecontrol.com\/fr\/wp-json\/wp\/v2\/types\/page"}],"author":[{"embeddable":true,"href":"https:\/\/aspenwildlifecontrol.com\/fr\/wp-json\/wp\/v2\/users\/1"}],"replies":[{"embeddable":true,"href":"https:\/\/aspenwildlifecontrol.com\/fr\/wp-json\/wp\/v2\/comments?post=992"}],"version-history":[{"count":3,"href":"https:\/\/aspenwildlifecontrol.com\/fr\/wp-json\/wp\/v2\/pages\/992\/revisions"}],"predecessor-version":[{"id":2985,"href":"https:\/\/aspenwildlifecontrol.com\/fr\/wp-json\/wp\/v2\/pages\/992\/revisions\/2985"}],"up":[{"embeddable":true,"href":"https:\/\/aspenwildlifecontrol.com\/fr\/wp-json\/wp\/v2\/pages\/974"}],"wp:attachment":[{"href":"https:\/\/aspenwildlifecontrol.com\/fr\/wp-json\/wp\/v2\/media?parent=992"}],"curies":[{"name":"wp","href":"https:\/\/api.w.org\/{rel}","templated":true}]}}