{"id":991,"date":"2023-02-28T15:25:18","date_gmt":"2023-02-28T20:25:18","guid":{"rendered":"https:\/\/aspenwildlifecontrol.com\/prestations-de-service\/ecureuils\/faits-sur-les-ecureuils\/"},"modified":"2025-02-11T08:43:43","modified_gmt":"2025-02-11T13:43:43","slug":"faits-sur-les-ecureuils","status":"publish","type":"page","link":"https:\/\/aspenwildlifecontrol.com\/fr\/prestations-de-service\/ecureuils\/faits-sur-les-ecureuils\/","title":{"rendered":"Faits sur les \u00e9cureuils"},"content":{"rendered":"<div class=\"et_pb_module et_pb_text et_pb_text_0 et_pb_text_align_left et_pb_bg_layout_light et_had_animation\">\n<div class=\"et_pb_text_inner\">\n<p><b>Nom scientifique <\/b><span style=\"font-weight: 400;\">Sciurus carolinensis<\/span><b><br \/>\n<\/b><b>Classe <\/b><span style=\"font-weight: 400;\">Rodent mammals<\/span><b><br \/>\n<\/b><b>Famille <\/b><span style=\"font-weight: 400;\">Sciuridae<\/span><b><br \/>\n<\/b><b>Ordre <\/b><span style=\"font-weight: 400;\">Omnivorous<\/span><b><br \/>\n<\/b><b>Dur\u00e9e de vie :<\/b><b><br \/>\n<\/b> <span style=\"font-weight: 400;\">Moyenne en nature : 5 ans<\/span><span style=\"font-weight: 400;\"><br \/>\n<\/span> <span style=\"font-weight: 400;\">Maximum en nature : 12 ans<\/span><span style=\"font-weight: 400;\"><br \/>\n<\/span> <span style=\"font-weight: 400;\">En captivit\u00e9 : 15 \u00e0 20 ans<\/span><\/p>\n<\/div>\n<\/div>\n<h5><strong>Reproduction<\/strong><\/h5>\n<p>Au cours de l&rsquo;ann\u00e9e, les \u00e9cureuils sauvages entrent deux fois en \u00e9tat de reproduction. Au d\u00e9but du printemps et au milieu de l&rsquo;\u00e9t\u00e9, leur rituel d&rsquo;accouplement commence par un sifflement persistant des m\u00e2les pour attirer les femelles. La chasse est ouverte ! Apr\u00e8s avoir marqu\u00e9 les arbres de leur odeur avec de petites quantit\u00e9s d&rsquo;urine, pendant quelques minutes seulement, ces cr\u00e9atures \u00e0 fourrure se reproduisent avec succ\u00e8s pour une nouvelle g\u00e9n\u00e9ration de charognards des arbres.<\/p>\n<h5><strong>R\u00e9gime alimentaire<\/strong><\/h5>\n<p>Les \u00e9cureuils sont peut-\u00eatre petits, mais leur app\u00e9tit est tout autre! Bien qu&rsquo;ils soient omnivores et que leur r\u00e9gime alimentaire soit principalement \u00e0 base de plantes, ces cr\u00e9atures sont connues pour engloutir des quantit\u00e9s consid\u00e9rables de nourriture en une seule fois. Un spectacle incroyable \u00e0 voir. Ils pr\u00e9f\u00e8rent:<\/p>\n<div class=\"et_pb_module et_pb_text et_pb_text_5 et_pb_text_align_left et_pb_bg_layout_light et_had_animation\">\n<div class=\"et_pb_text_inner\">\n<ul>\n<li>Noix<\/li>\n<li>Champignons<\/li>\n<li>Noisettes<\/li>\n<li>\u00c9corces<\/li>\n<li>Les oeufs voire les oisillons<\/li>\n<li>Insectes<\/li>\n<li>Vers et autres limaces<\/li>\n<li>Esp\u00e8ces v\u00e9n\u00e9neuses comme l&rsquo;amanite phallo\u00efde<\/li>\n<\/ul>\n<\/div>\n<\/div>\n<p>Les ratons laveurs n&rsquo;ont pas peur de sortir dans le monde pour trouver des sources vari\u00e9es de nourriture. En saison, ils sont attir\u00e9s par les champs abondants en bl\u00e9 d\u2019Inde et passent aussi la majorit\u00e9 du temps \u00e0 fouiller dans des poubelles ou \u00e0 consommer une carcasse animale captur\u00e9e r\u00e9cemment.<\/p>\n<h5><strong>Habitat<\/strong><\/h5>\n<p>L&rsquo;\u00e9cureuil, curieux et adaptable, est tr\u00e8s pr\u00e9sent dans les villes d&rsquo;Am\u00e9rique du Nord et d&rsquo;Europe, o\u00f9 il a trouv\u00e9 un \u00e9quilibre facile avec la civilisation humaine. Bien que son habitat naturel soit la for\u00eat, remplie d&rsquo;un sous-bois luxuriant qui le prot\u00e8ge des pr\u00e9dateurs, cette cr\u00e9ature d\u00e9brouillarde se sent \u00e9galement chez elle en haut des branches ou nich\u00e9e dans des troncs creux. Il se fabrique des petites maisons douillettes garnies d&rsquo;une liti\u00e8re duveteuse compos\u00e9e de mousses, d&rsquo;herbes s\u00e8ches et de plumes pour l&rsquo;isolation.<\/p>\n<h5><strong>L\u2019\u00e9cureuil, un bandit?<\/strong><\/h5>\n<p>Les fils \u00e9lectriques peuvent \u00eatre un terrain de jeu pour les bandits \u00e0 fourrure, car les \u00e9cureuils et d&rsquo;autres bestioles ont \u00e9t\u00e9 associ\u00e9s \u00e0 la cause de pannes de courant en Am\u00e9rique du Nord. Hydro-Qu\u00e9bec estime que ces animaux sournois sont responsables de pr\u00e8s de 40 % des pannes d&rsquo;\u00e9lectricit\u00e9. Il semblerait qu&rsquo;ils soient pr\u00eats \u00e0 faire des pieds et des mains pour prendre leur pied.<\/p>\n<h5><strong>\u00c0 quoi sert la queue de l\u2019\u00e9cureuil?<\/strong><\/h5>\n<p>Leur queue touffue a plusieurs fonctions : elle peut \u00eatre utilis\u00e9e comme une \u00ab\u00a0couverture\u00a0\u00bb douillette pour se tenir au chaud, ou servir de syst\u00e8me d&rsquo;alarme lorsqu&rsquo;elle claque sur le sol. Cette caract\u00e9ristique unique leur offre une protection contre les \u00e9l\u00e9ments environnementaux et les pr\u00e9dateurs potentiels.<\/p>\n<h5><strong>L\u2019\u00e9cureuil est-il intelligent?<\/strong><\/h5>\n<p>Les \u00e9cureuils font partie des plus grands penseurs du monde, se classant en t\u00eate d&rsquo;une liste de dix animaux r\u00e9put\u00e9s pour leur esprit vif. Ils sont r\u00e9put\u00e9s pour \u00eatre les cr\u00e9atures les plus intelligentes du monde.<\/p>\n<h5><strong>L\u2019\u00e9cureuil un \u00eatre \u00e9cologique?<\/strong><\/h5>\n<p>\u00c0 l&rsquo;approche de l&rsquo;hiver, les \u00e9cureuils plantent sans le savoir les graines des futures for\u00eats! En cachant les graines dans des endroits sp\u00e9cifiques de leur territoire, ces cr\u00e9atures intelligentes jouent un r\u00f4le essentiel dans la cr\u00e9ation de nouveaux habitats et de nouvelles sources de subsistance. La nature est vraiment incroyable &#8211; elle t\u00e9moigne du fait que m\u00eame les plus petits habitants des for\u00eats peuvent avoir un impact monumental sur le paysage qui nous entoure.<\/p>\n<h5><strong>Que fait les \u00e9cureuils dans l\u2019hiver? squirrel do in the winter?<\/strong><\/h5>\n<p>Pendant les mois les plus froids, les \u00e9cureuils sont moins actifs qu&rsquo;\u00e0 l&rsquo;accoutum\u00e9e, surtout les jours de grand froid. Ils renoncent \u00e0 l&rsquo;hibernation et choisissent plut\u00f4t de s&rsquo;installer dans un nid o\u00f9 ils peuvent passer plusieurs jours d&rsquo;affil\u00e9e \u00e0 se reposer jusqu&rsquo;\u00e0 ce que leur enthousiasme pour la collecte de nourriture reprenne.<\/p>\n","protected":false},"excerpt":{"rendered":"<p>Nom scientifique Sciurus carolinensis Classe Rodent mammals Famille Sciuridae Ordre Omnivorous Dur\u00e9e de vie : Moyenne en nature : 5 ans Maximum en nature : 12 ans En captivit\u00e9 : 15 \u00e0 20 ans Reproduction Au cours de l&rsquo;ann\u00e9e, les \u00e9cureuils sauvages entrent deux fois en \u00e9tat de reproduction. Au d\u00e9but du printemps et au&hellip; <a class=\"more-link\" href=\"https:\/\/aspenwildlifecontrol.com\/fr\/prestations-de-service\/ecureuils\/faits-sur-les-ecureuils\/\">Poursuivre la lecture <span class=\"screen-reader-text\">Faits sur les \u00e9cureuils<\/span><\/a><\/p>\n","protected":false},"author":1,"featured_media":0,"parent":974,"menu_order":0,"comment_status":"closed","ping_status":"closed","template":"","meta":{"_acf_changed":false,"footnotes":""},"class_list":["post-991","page","type-page","status-publish","hentry","entry"],"acf":[],"yoast_head":"<!-- This site is optimized with the Yoast SEO Premium plugin v26.8 (Yoast SEO v27.5) - https:\/\/yoast.com\/product\/yoast-seo-premium-wordpress\/ -->\n<title>Faits sur les \u00e9cureuils | Aspen Wildlife Control Gatineau-Ottawa<\/title>\n<meta name=\"description\" content=\"D\u00e9couvrez des faits int\u00e9ressants sur les \u00e9cureuils avec Aspen Wildlife Control \u00e0 Gatineau-Ottawa. Expertise sur ces cr\u00e9atures.\" \/>\n<meta name=\"robots\" content=\"index, follow, max-snippet:-1, max-image-preview:large, max-video-preview:-1\" \/>\n<link rel=\"canonical\" href=\"https:\/\/aspenwildlifecontrol.com\/fr\/prestations-de-service\/ecureuils\/faits-sur-les-ecureuils\/\" \/>\n<meta property=\"og:locale\" content=\"fr_FR\" \/>\n<meta property=\"og:type\" content=\"article\" \/>\n<meta property=\"og:title\" content=\"Faits sur les \u00e9cureuils\" \/>\n<meta property=\"og:description\" content=\"D\u00e9couvrez des faits int\u00e9ressants sur les \u00e9cureuils avec Aspen Wildlife Control \u00e0 Gatineau-Ottawa. Expertise sur ces cr\u00e9atures.\" \/>\n<meta property=\"og:url\" content=\"https:\/\/aspenwildlifecontrol.com\/fr\/prestations-de-service\/ecureuils\/faits-sur-les-ecureuils\/\" \/>\n<meta property=\"og:site_name\" content=\"Aspen Wildlife Control\" \/>\n<meta property=\"article:modified_time\" content=\"2025-02-11T13:43:43+00:00\" \/>\n<meta name=\"twitter:card\" content=\"summary_large_image\" \/>\n<meta name=\"twitter:label1\" content=\"Dur\u00e9e de lecture estim\u00e9e\" \/>\n\t<meta name=\"twitter:data1\" content=\"3 minutes\" \/>\n<script type=\"application\/ld+json\" class=\"yoast-schema-graph\">{\"@context\":\"https:\\\/\\\/schema.org\",\"@graph\":[{\"@type\":\"WebPage\",\"@id\":\"https:\\\/\\\/aspenwildlifecontrol.com\\\/fr\\\/prestations-de-service\\\/ecureuils\\\/faits-sur-les-ecureuils\\\/\",\"url\":\"https:\\\/\\\/aspenwildlifecontrol.com\\\/fr\\\/prestations-de-service\\\/ecureuils\\\/faits-sur-les-ecureuils\\\/\",\"name\":\"Faits sur les \u00e9cureuils | Aspen Wildlife Control Gatineau-Ottawa\",\"isPartOf\":{\"@id\":\"https:\\\/\\\/aspenwildlifecontrol.com\\\/fr\\\/#website\"},\"datePublished\":\"2023-02-28T20:25:18+00:00\",\"dateModified\":\"2025-02-11T13:43:43+00:00\",\"description\":\"D\u00e9couvrez des faits int\u00e9ressants sur les \u00e9cureuils avec Aspen Wildlife Control \u00e0 Gatineau-Ottawa. Expertise sur ces cr\u00e9atures.\",\"breadcrumb\":{\"@id\":\"https:\\\/\\\/aspenwildlifecontrol.com\\\/fr\\\/prestations-de-service\\\/ecureuils\\\/faits-sur-les-ecureuils\\\/#breadcrumb\"},\"inLanguage\":\"fr-FR\",\"potentialAction\":[{\"@type\":\"ReadAction\",\"target\":[\"https:\\\/\\\/aspenwildlifecontrol.com\\\/fr\\\/prestations-de-service\\\/ecureuils\\\/faits-sur-les-ecureuils\\\/\"]}]},{\"@type\":\"BreadcrumbList\",\"@id\":\"https:\\\/\\\/aspenwildlifecontrol.com\\\/fr\\\/prestations-de-service\\\/ecureuils\\\/faits-sur-les-ecureuils\\\/#breadcrumb\",\"itemListElement\":[{\"@type\":\"ListItem\",\"position\":1,\"name\":\"Home\",\"item\":\"https:\\\/\\\/aspenwildlifecontrol.com\\\/fr\\\/\"},{\"@type\":\"ListItem\",\"position\":2,\"name\":\"Service control animal\",\"item\":\"https:\\\/\\\/aspenwildlifecontrol.com\\\/fr\\\/prestations-de-service\\\/\"},{\"@type\":\"ListItem\",\"position\":3,\"name\":\"\u00c9cureuils\",\"item\":\"https:\\\/\\\/aspenwildlifecontrol.com\\\/fr\\\/prestations-de-service\\\/ecureuils\\\/\"},{\"@type\":\"ListItem\",\"position\":4,\"name\":\"Faits sur les \u00e9cureuils\"}]},{\"@type\":\"WebSite\",\"@id\":\"https:\\\/\\\/aspenwildlifecontrol.com\\\/fr\\\/#website\",\"url\":\"https:\\\/\\\/aspenwildlifecontrol.com\\\/fr\\\/\",\"name\":\"Aspen Wildlife Control\",\"description\":\"Fast, humane wildlife removal in Ottawa-Gatineau \u2014 guaranteed results, 24\\\/7 service\",\"potentialAction\":[{\"@type\":\"SearchAction\",\"target\":{\"@type\":\"EntryPoint\",\"urlTemplate\":\"https:\\\/\\\/aspenwildlifecontrol.com\\\/fr\\\/?s={search_term_string}\"},\"query-input\":{\"@type\":\"PropertyValueSpecification\",\"valueRequired\":true,\"valueName\":\"search_term_string\"}}],\"inLanguage\":\"fr-FR\"}]}<\/script>\n<!-- \/ Yoast SEO Premium plugin. -->","yoast_head_json":{"title":"Faits sur les \u00e9cureuils | Aspen Wildlife Control Gatineau-Ottawa","description":"D\u00e9couvrez des faits int\u00e9ressants sur les \u00e9cureuils avec Aspen Wildlife Control \u00e0 Gatineau-Ottawa. Expertise sur ces cr\u00e9atures.","robots":{"index":"index","follow":"follow","max-snippet":"max-snippet:-1","max-image-preview":"max-image-preview:large","max-video-preview":"max-video-preview:-1"},"canonical":"https:\/\/aspenwildlifecontrol.com\/fr\/prestations-de-service\/ecureuils\/faits-sur-les-ecureuils\/","og_locale":"fr_FR","og_type":"article","og_title":"Faits sur les \u00e9cureuils","og_description":"D\u00e9couvrez des faits int\u00e9ressants sur les \u00e9cureuils avec Aspen Wildlife Control \u00e0 Gatineau-Ottawa. Expertise sur ces cr\u00e9atures.","og_url":"https:\/\/aspenwildlifecontrol.com\/fr\/prestations-de-service\/ecureuils\/faits-sur-les-ecureuils\/","og_site_name":"Aspen Wildlife Control","article_modified_time":"2025-02-11T13:43:43+00:00","twitter_card":"summary_large_image","twitter_misc":{"Dur\u00e9e de lecture estim\u00e9e":"3 minutes"},"schema":{"@context":"https:\/\/schema.org","@graph":[{"@type":"WebPage","@id":"https:\/\/aspenwildlifecontrol.com\/fr\/prestations-de-service\/ecureuils\/faits-sur-les-ecureuils\/","url":"https:\/\/aspenwildlifecontrol.com\/fr\/prestations-de-service\/ecureuils\/faits-sur-les-ecureuils\/","name":"Faits sur les \u00e9cureuils | Aspen Wildlife Control Gatineau-Ottawa","isPartOf":{"@id":"https:\/\/aspenwildlifecontrol.com\/fr\/#website"},"datePublished":"2023-02-28T20:25:18+00:00","dateModified":"2025-02-11T13:43:43+00:00","description":"D\u00e9couvrez des faits int\u00e9ressants sur les \u00e9cureuils avec Aspen Wildlife Control \u00e0 Gatineau-Ottawa. Expertise sur ces cr\u00e9atures.","breadcrumb":{"@id":"https:\/\/aspenwildlifecontrol.com\/fr\/prestations-de-service\/ecureuils\/faits-sur-les-ecureuils\/#breadcrumb"},"inLanguage":"fr-FR","potentialAction":[{"@type":"ReadAction","target":["https:\/\/aspenwildlifecontrol.com\/fr\/prestations-de-service\/ecureuils\/faits-sur-les-ecureuils\/"]}]},{"@type":"BreadcrumbList","@id":"https:\/\/aspenwildlifecontrol.com\/fr\/prestations-de-service\/ecureuils\/faits-sur-les-ecureuils\/#breadcrumb","itemListElement":[{"@type":"ListItem","position":1,"name":"Home","item":"https:\/\/aspenwildlifecontrol.com\/fr\/"},{"@type":"ListItem","position":2,"name":"Service control animal","item":"https:\/\/aspenwildlifecontrol.com\/fr\/prestations-de-service\/"},{"@type":"ListItem","position":3,"name":"\u00c9cureuils","item":"https:\/\/aspenwildlifecontrol.com\/fr\/prestations-de-service\/ecureuils\/"},{"@type":"ListItem","position":4,"name":"Faits sur les \u00e9cureuils"}]},{"@type":"WebSite","@id":"https:\/\/aspenwildlifecontrol.com\/fr\/#website","url":"https:\/\/aspenwildlifecontrol.com\/fr\/","name":"Aspen Wildlife Control","description":"Fast, humane wildlife removal in Ottawa-Gatineau \u2014 guaranteed results, 24\/7 service","potentialAction":[{"@type":"SearchAction","target":{"@type":"EntryPoint","urlTemplate":"https:\/\/aspenwildlifecontrol.com\/fr\/?s={search_term_string}"},"query-input":{"@type":"PropertyValueSpecification","valueRequired":true,"valueName":"search_term_string"}}],"inLanguage":"fr-FR"}]}},"_links":{"self":[{"href":"https:\/\/aspenwildlifecontrol.com\/fr\/wp-json\/wp\/v2\/pages\/991","targetHints":{"allow":["GET"]}}],"collection":[{"href":"https:\/\/aspenwildlifecontrol.com\/fr\/wp-json\/wp\/v2\/pages"}],"about":[{"href":"https:\/\/aspenwildlifecontrol.com\/fr\/wp-json\/wp\/v2\/types\/page"}],"author":[{"embeddable":true,"href":"https:\/\/aspenwildlifecontrol.com\/fr\/wp-json\/wp\/v2\/users\/1"}],"replies":[{"embeddable":true,"href":"https:\/\/aspenwildlifecontrol.com\/fr\/wp-json\/wp\/v2\/comments?post=991"}],"version-history":[{"count":3,"href":"https:\/\/aspenwildlifecontrol.com\/fr\/wp-json\/wp\/v2\/pages\/991\/revisions"}],"predecessor-version":[{"id":2989,"href":"https:\/\/aspenwildlifecontrol.com\/fr\/wp-json\/wp\/v2\/pages\/991\/revisions\/2989"}],"up":[{"embeddable":true,"href":"https:\/\/aspenwildlifecontrol.com\/fr\/wp-json\/wp\/v2\/pages\/974"}],"wp:attachment":[{"href":"https:\/\/aspenwildlifecontrol.com\/fr\/wp-json\/wp\/v2\/media?parent=991"}],"curies":[{"name":"wp","href":"https:\/\/api.w.org\/{rel}","templated":true}]}}