{"id":990,"date":"2023-02-27T20:49:33","date_gmt":"2023-02-28T01:49:33","guid":{"rendered":"https:\/\/aspenwildlifecontrol.com\/prestations-de-service\/ratons-laveurs\/comment-puis-je-savoir-sil-y-a-des-ratons-laveurs-dans-ma-maison\/"},"modified":"2025-02-11T09:19:22","modified_gmt":"2025-02-11T14:19:22","slug":"comment-puis-je-savoir-sil-y-a-des-ratons-laveurs-dans-ma-maison","status":"publish","type":"page","link":"https:\/\/aspenwildlifecontrol.com\/fr\/prestations-de-service\/ratons-laveurs\/comment-puis-je-savoir-sil-y-a-des-ratons-laveurs-dans-ma-maison\/","title":{"rendered":"Comment puis-je savoir s&rsquo;il y a des ratons laveurs dans ma maison ?"},"content":{"rendered":"<p>Quelque chose vous d\u00e9range dans votre maison ? Il pourrait s&rsquo;agir d&rsquo;un visiteur ind\u00e9sirable ! Si vous entendez des bruits d\u00e9sagr\u00e9ables, si vous voyez des marques d&#8217;empreintes digitales ou si vous remarquez de petites crottes ressemblant \u00e0 celles pr\u00e9sent\u00e9es ici, il est fort probable qu&rsquo;il s&rsquo;agisse d&rsquo;un raton laveur. Ne vous inqui\u00e9tez pas &#8211; notre \u00e9quipe de contr\u00f4le des animaux de la capitale s&rsquo;occupera d&rsquo;eux avec des mesures humaines et s&rsquo;assurera qu&rsquo;ils retrouvent le chemin de la nature en toute s\u00e9curit\u00e9.<\/p>\n","protected":false},"excerpt":{"rendered":"<p>Quelque chose vous d\u00e9range dans votre maison ? Il pourrait s&rsquo;agir d&rsquo;un visiteur ind\u00e9sirable ! Si vous entendez des bruits d\u00e9sagr\u00e9ables, si vous voyez des marques d&#8217;empreintes digitales ou si vous remarquez de petites crottes ressemblant \u00e0 celles pr\u00e9sent\u00e9es ici, il est fort probable qu&rsquo;il s&rsquo;agisse d&rsquo;un raton laveur. Ne vous inqui\u00e9tez pas &#8211; notre&hellip; <a class=\"more-link\" href=\"https:\/\/aspenwildlifecontrol.com\/fr\/prestations-de-service\/ratons-laveurs\/comment-puis-je-savoir-sil-y-a-des-ratons-laveurs-dans-ma-maison\/\">Poursuivre la lecture <span class=\"screen-reader-text\">Comment puis-je savoir s&rsquo;il y a des ratons laveurs dans ma maison ?<\/span><\/a><\/p>\n","protected":false},"author":1,"featured_media":0,"parent":973,"menu_order":0,"comment_status":"closed","ping_status":"closed","template":"","meta":{"_acf_changed":false,"footnotes":""},"class_list":["post-990","page","type-page","status-publish","hentry","entry"],"acf":{"content":null,"cta_custom":"<h5>Services sur demande<\/h5>\r\nVous avez besoin de services d'enl\u00e8vement de ratons laveurs \u00e0 Ottawa-Gatineau ?\u00a0 <a href=\"https:\/\/aspenwildlifecontrol.com\/fr\/contact\/\">Contactez-nous<\/a>","schema":""},"yoast_head":"<!-- This site is optimized with the Yoast SEO Premium plugin v26.8 (Yoast SEO v27.6) - https:\/\/yoast.com\/product\/yoast-seo-premium-wordpress\/ -->\n<title>Comment puis-je savoir s&#039;il y a des ratons laveurs dans ma maison<\/title>\n<meta name=\"description\" content=\"Identifiez la pr\u00e9sence de ratons laveurs dans votre maison avec Aspen Wildlife Control \u00e0 Gatineau-Ottawa. Solutions professionnelle.\" \/>\n<meta name=\"robots\" content=\"index, follow, max-snippet:-1, max-image-preview:large, max-video-preview:-1\" \/>\n<link rel=\"canonical\" href=\"https:\/\/aspenwildlifecontrol.com\/fr\/prestations-de-service\/ratons-laveurs\/comment-puis-je-savoir-sil-y-a-des-ratons-laveurs-dans-ma-maison\/\" \/>\n<meta property=\"og:locale\" content=\"fr_FR\" \/>\n<meta property=\"og:type\" content=\"article\" \/>\n<meta property=\"og:title\" content=\"Comment puis-je savoir s&#039;il y a des ratons laveurs dans ma maison ?\" \/>\n<meta property=\"og:description\" content=\"Identifiez la pr\u00e9sence de ratons laveurs dans votre maison avec Aspen Wildlife Control \u00e0 Gatineau-Ottawa. Solutions professionnelle.\" \/>\n<meta property=\"og:url\" content=\"https:\/\/aspenwildlifecontrol.com\/fr\/prestations-de-service\/ratons-laveurs\/comment-puis-je-savoir-sil-y-a-des-ratons-laveurs-dans-ma-maison\/\" \/>\n<meta property=\"og:site_name\" content=\"Aspen Wildlife Control\" \/>\n<meta property=\"article:modified_time\" content=\"2025-02-11T14:19:22+00:00\" \/>\n<meta name=\"twitter:card\" content=\"summary_large_image\" \/>\n<meta name=\"twitter:label1\" content=\"Dur\u00e9e de lecture estim\u00e9e\" \/>\n\t<meta name=\"twitter:data1\" content=\"1 minute\" \/>\n<script type=\"application\/ld+json\" class=\"yoast-schema-graph\">{\"@context\":\"https:\\\/\\\/schema.org\",\"@graph\":[{\"@type\":\"WebPage\",\"@id\":\"https:\\\/\\\/aspenwildlifecontrol.com\\\/fr\\\/prestations-de-service\\\/ratons-laveurs\\\/comment-puis-je-savoir-sil-y-a-des-ratons-laveurs-dans-ma-maison\\\/\",\"url\":\"https:\\\/\\\/aspenwildlifecontrol.com\\\/fr\\\/prestations-de-service\\\/ratons-laveurs\\\/comment-puis-je-savoir-sil-y-a-des-ratons-laveurs-dans-ma-maison\\\/\",\"name\":\"Comment puis-je savoir s'il y a des ratons laveurs dans ma maison\",\"isPartOf\":{\"@id\":\"https:\\\/\\\/aspenwildlifecontrol.com\\\/fr\\\/#website\"},\"datePublished\":\"2023-02-28T01:49:33+00:00\",\"dateModified\":\"2025-02-11T14:19:22+00:00\",\"description\":\"Identifiez la pr\u00e9sence de ratons laveurs dans votre maison avec Aspen Wildlife Control \u00e0 Gatineau-Ottawa. Solutions professionnelle.\",\"breadcrumb\":{\"@id\":\"https:\\\/\\\/aspenwildlifecontrol.com\\\/fr\\\/prestations-de-service\\\/ratons-laveurs\\\/comment-puis-je-savoir-sil-y-a-des-ratons-laveurs-dans-ma-maison\\\/#breadcrumb\"},\"inLanguage\":\"fr-FR\",\"potentialAction\":[{\"@type\":\"ReadAction\",\"target\":[\"https:\\\/\\\/aspenwildlifecontrol.com\\\/fr\\\/prestations-de-service\\\/ratons-laveurs\\\/comment-puis-je-savoir-sil-y-a-des-ratons-laveurs-dans-ma-maison\\\/\"]}]},{\"@type\":\"BreadcrumbList\",\"@id\":\"https:\\\/\\\/aspenwildlifecontrol.com\\\/fr\\\/prestations-de-service\\\/ratons-laveurs\\\/comment-puis-je-savoir-sil-y-a-des-ratons-laveurs-dans-ma-maison\\\/#breadcrumb\",\"itemListElement\":[{\"@type\":\"ListItem\",\"position\":1,\"name\":\"Home\",\"item\":\"https:\\\/\\\/aspenwildlifecontrol.com\\\/fr\\\/\"},{\"@type\":\"ListItem\",\"position\":2,\"name\":\"Service control animal\",\"item\":\"https:\\\/\\\/aspenwildlifecontrol.com\\\/fr\\\/prestations-de-service\\\/\"},{\"@type\":\"ListItem\",\"position\":3,\"name\":\"Ratons Laveurs\",\"item\":\"https:\\\/\\\/aspenwildlifecontrol.com\\\/fr\\\/prestations-de-service\\\/ratons-laveurs\\\/\"},{\"@type\":\"ListItem\",\"position\":4,\"name\":\"Comment puis-je savoir s&rsquo;il y a des ratons laveurs dans ma maison ?\"}]},{\"@type\":\"WebSite\",\"@id\":\"https:\\\/\\\/aspenwildlifecontrol.com\\\/fr\\\/#website\",\"url\":\"https:\\\/\\\/aspenwildlifecontrol.com\\\/fr\\\/\",\"name\":\"Aspen Wildlife Control\",\"description\":\"Fast, humane wildlife removal in Ottawa-Gatineau \u2014 guaranteed results, 24\\\/7 service\",\"potentialAction\":[{\"@type\":\"SearchAction\",\"target\":{\"@type\":\"EntryPoint\",\"urlTemplate\":\"https:\\\/\\\/aspenwildlifecontrol.com\\\/fr\\\/?s={search_term_string}\"},\"query-input\":{\"@type\":\"PropertyValueSpecification\",\"valueRequired\":true,\"valueName\":\"search_term_string\"}}],\"inLanguage\":\"fr-FR\"}]}<\/script>\n<!-- \/ Yoast SEO Premium plugin. -->","yoast_head_json":{"title":"Comment puis-je savoir s'il y a des ratons laveurs dans ma maison","description":"Identifiez la pr\u00e9sence de ratons laveurs dans votre maison avec Aspen Wildlife Control \u00e0 Gatineau-Ottawa. Solutions professionnelle.","robots":{"index":"index","follow":"follow","max-snippet":"max-snippet:-1","max-image-preview":"max-image-preview:large","max-video-preview":"max-video-preview:-1"},"canonical":"https:\/\/aspenwildlifecontrol.com\/fr\/prestations-de-service\/ratons-laveurs\/comment-puis-je-savoir-sil-y-a-des-ratons-laveurs-dans-ma-maison\/","og_locale":"fr_FR","og_type":"article","og_title":"Comment puis-je savoir s'il y a des ratons laveurs dans ma maison ?","og_description":"Identifiez la pr\u00e9sence de ratons laveurs dans votre maison avec Aspen Wildlife Control \u00e0 Gatineau-Ottawa. Solutions professionnelle.","og_url":"https:\/\/aspenwildlifecontrol.com\/fr\/prestations-de-service\/ratons-laveurs\/comment-puis-je-savoir-sil-y-a-des-ratons-laveurs-dans-ma-maison\/","og_site_name":"Aspen Wildlife Control","article_modified_time":"2025-02-11T14:19:22+00:00","twitter_card":"summary_large_image","twitter_misc":{"Dur\u00e9e de lecture estim\u00e9e":"1 minute"},"schema":{"@context":"https:\/\/schema.org","@graph":[{"@type":"WebPage","@id":"https:\/\/aspenwildlifecontrol.com\/fr\/prestations-de-service\/ratons-laveurs\/comment-puis-je-savoir-sil-y-a-des-ratons-laveurs-dans-ma-maison\/","url":"https:\/\/aspenwildlifecontrol.com\/fr\/prestations-de-service\/ratons-laveurs\/comment-puis-je-savoir-sil-y-a-des-ratons-laveurs-dans-ma-maison\/","name":"Comment puis-je savoir s'il y a des ratons laveurs dans ma maison","isPartOf":{"@id":"https:\/\/aspenwildlifecontrol.com\/fr\/#website"},"datePublished":"2023-02-28T01:49:33+00:00","dateModified":"2025-02-11T14:19:22+00:00","description":"Identifiez la pr\u00e9sence de ratons laveurs dans votre maison avec Aspen Wildlife Control \u00e0 Gatineau-Ottawa. Solutions professionnelle.","breadcrumb":{"@id":"https:\/\/aspenwildlifecontrol.com\/fr\/prestations-de-service\/ratons-laveurs\/comment-puis-je-savoir-sil-y-a-des-ratons-laveurs-dans-ma-maison\/#breadcrumb"},"inLanguage":"fr-FR","potentialAction":[{"@type":"ReadAction","target":["https:\/\/aspenwildlifecontrol.com\/fr\/prestations-de-service\/ratons-laveurs\/comment-puis-je-savoir-sil-y-a-des-ratons-laveurs-dans-ma-maison\/"]}]},{"@type":"BreadcrumbList","@id":"https:\/\/aspenwildlifecontrol.com\/fr\/prestations-de-service\/ratons-laveurs\/comment-puis-je-savoir-sil-y-a-des-ratons-laveurs-dans-ma-maison\/#breadcrumb","itemListElement":[{"@type":"ListItem","position":1,"name":"Home","item":"https:\/\/aspenwildlifecontrol.com\/fr\/"},{"@type":"ListItem","position":2,"name":"Service control animal","item":"https:\/\/aspenwildlifecontrol.com\/fr\/prestations-de-service\/"},{"@type":"ListItem","position":3,"name":"Ratons Laveurs","item":"https:\/\/aspenwildlifecontrol.com\/fr\/prestations-de-service\/ratons-laveurs\/"},{"@type":"ListItem","position":4,"name":"Comment puis-je savoir s&rsquo;il y a des ratons laveurs dans ma maison ?"}]},{"@type":"WebSite","@id":"https:\/\/aspenwildlifecontrol.com\/fr\/#website","url":"https:\/\/aspenwildlifecontrol.com\/fr\/","name":"Aspen Wildlife Control","description":"Fast, humane wildlife removal in Ottawa-Gatineau \u2014 guaranteed results, 24\/7 service","potentialAction":[{"@type":"SearchAction","target":{"@type":"EntryPoint","urlTemplate":"https:\/\/aspenwildlifecontrol.com\/fr\/?s={search_term_string}"},"query-input":{"@type":"PropertyValueSpecification","valueRequired":true,"valueName":"search_term_string"}}],"inLanguage":"fr-FR"}]}},"_links":{"self":[{"href":"https:\/\/aspenwildlifecontrol.com\/fr\/wp-json\/wp\/v2\/pages\/990","targetHints":{"allow":["GET"]}}],"collection":[{"href":"https:\/\/aspenwildlifecontrol.com\/fr\/wp-json\/wp\/v2\/pages"}],"about":[{"href":"https:\/\/aspenwildlifecontrol.com\/fr\/wp-json\/wp\/v2\/types\/page"}],"author":[{"embeddable":true,"href":"https:\/\/aspenwildlifecontrol.com\/fr\/wp-json\/wp\/v2\/users\/1"}],"replies":[{"embeddable":true,"href":"https:\/\/aspenwildlifecontrol.com\/fr\/wp-json\/wp\/v2\/comments?post=990"}],"version-history":[{"count":2,"href":"https:\/\/aspenwildlifecontrol.com\/fr\/wp-json\/wp\/v2\/pages\/990\/revisions"}],"predecessor-version":[{"id":3046,"href":"https:\/\/aspenwildlifecontrol.com\/fr\/wp-json\/wp\/v2\/pages\/990\/revisions\/3046"}],"up":[{"embeddable":true,"href":"https:\/\/aspenwildlifecontrol.com\/fr\/wp-json\/wp\/v2\/pages\/973"}],"wp:attachment":[{"href":"https:\/\/aspenwildlifecontrol.com\/fr\/wp-json\/wp\/v2\/media?parent=990"}],"curies":[{"name":"wp","href":"https:\/\/api.w.org\/{rel}","templated":true}]}}