{"id":989,"date":"2023-03-15T13:37:43","date_gmt":"2023-03-15T17:37:43","guid":{"rendered":"https:\/\/aspenwildlifecontrol.com\/prestations-de-service\/ratons-laveurs\/comment-attraper-un-raton-laveur\/"},"modified":"2025-02-11T09:16:45","modified_gmt":"2025-02-11T14:16:45","slug":"comment-attraper-un-raton-laveur","status":"publish","type":"page","link":"https:\/\/aspenwildlifecontrol.com\/fr\/prestations-de-service\/ratons-laveurs\/comment-attraper-un-raton-laveur\/","title":{"rendered":"Comment attraper un raton laveur"},"content":{"rendered":"<p>Le pi\u00e9geage d&rsquo;un raton laveur peut \u00eatre une t\u00e2che intimidante, mais il ne doit pas n\u00e9cessairement entra\u00eener l&rsquo;extermination de ces cr\u00e9atures \u00e0 fourrure. Chez Aspen Wildlife Control, nos experts utilisent des techniques plus humaines afin que vous et votre famille puissiez rester \u00e0 l&rsquo;abri des maladies ou des parasites dont les ratons laveurs peuvent \u00eatre porteurs sans avoir \u00e0 leur faire du mal.<\/p>\n<h5><strong>Pourquoi les ratons laveurs entrent dans les maisons<\/strong><\/h5>\n<p>Les ratons laveurs sont attir\u00e9s par les gens et leurs maisons en raison de l&rsquo;abondance de nourriture, ainsi que de l&rsquo;endroit s\u00fbr o\u00f9 ils peuvent construire leur nid en toute tranquillit\u00e9. Si vous voulez \u00e9viter que les ratons laveurs ne s&rsquo;installent pr\u00e8s de votre domicile, il est important que vous vous assuriez que votre maison n&rsquo;est pas un lieu d&rsquo;habitation attrayant.<\/p>\n<h5><strong>5 conseils pour \u00e9loigner les ratons laveurs:<\/strong><\/h5>\n<div class=\"et_pb_module et_pb_text et_pb_text_4 et_pb_text_align_left et_pb_bg_layout_light et_had_animation\">\n<div class=\"et_pb_text_inner\">\n<ul>\n<li>Si les branches des arbres voisins empi\u00e8tent sur votre maison, faites appel \u00e0 une \u00e9quipe d&rsquo;experts pour les \u00e9laguer efficacement et en toute s\u00e9curit\u00e9.<\/li>\n<li>Prot\u00e9gez votre maison contre les ratons laveurs en \u00e9vitant les \u00e9chelles ou autres moyens d&rsquo;escalade et en g\u00e9rant tout feuillage susceptible de cr\u00e9er des points d&rsquo;appui.<\/li>\n<li>Prot\u00e9gez votre toit contre les dommages en effectuant des contr\u00f4les r\u00e9guliers &#8211; recherchez chaque fois les soffites en aluminium affaiblis et n&rsquo;oubliez pas de regarder vers le haut.<\/li>\n<li>Veillez \u00e0 ce que vos ordures et vos d\u00e9chets organiques restent bien ferm\u00e9s &#8211; une habitude simple qui contribue \u00e0 garder l&rsquo;environnement propre.<\/li>\n<li style=\"font-weight: 400;\" aria-level=\"1\"><span style=\"font-weight: 400;\">Les ratons laveurs sont des petites cr\u00e9atures intelligentes et ils ont trouv\u00e9 leur chemin, profitant de chaque occasion pour s&rsquo;introduire dans votre maison :<\/span><\/li>\n<\/ul>\n<ol>\n<li><span style=\"font-weight: 400;\">Par le bord du toit<\/span><\/li>\n<li><span style=\"font-weight: 400;\">Par les intersections entre le toit et l&rsquo;ext\u00e9rieur <\/span><\/li>\n<li><span style=\"font-weight: 400;\">Par les chemin\u00e9es <\/span><\/li>\n<li><span style=\"font-weight: 400;\">Ils peuvent entrer par des trous dans les fondations ou par des bouches d&rsquo;a\u00e9ration.<\/span><\/li>\n<\/ol>\n<\/div>\n<\/div>\n","protected":false},"excerpt":{"rendered":"<p>Le pi\u00e9geage d&rsquo;un raton laveur peut \u00eatre une t\u00e2che intimidante, mais il ne doit pas n\u00e9cessairement entra\u00eener l&rsquo;extermination de ces cr\u00e9atures \u00e0 fourrure. Chez Aspen Wildlife Control, nos experts utilisent des techniques plus humaines afin que vous et votre famille puissiez rester \u00e0 l&rsquo;abri des maladies ou des parasites dont les ratons laveurs peuvent \u00eatre&hellip; <a class=\"more-link\" href=\"https:\/\/aspenwildlifecontrol.com\/fr\/prestations-de-service\/ratons-laveurs\/comment-attraper-un-raton-laveur\/\">Poursuivre la lecture <span class=\"screen-reader-text\">Comment attraper un raton laveur<\/span><\/a><\/p>\n","protected":false},"author":1,"featured_media":0,"parent":973,"menu_order":0,"comment_status":"closed","ping_status":"closed","template":"","meta":{"_acf_changed":false,"footnotes":""},"class_list":["post-989","page","type-page","status-publish","hentry","entry"],"acf":{"content":null,"cta_custom":"<h5>Services sur demande<\/h5>\r\nVous avez besoin de services d'enl\u00e8vement de ratons laveurs \u00e0 Ottawa-Gatineau ?\u00a0 <a href=\"https:\/\/aspenwildlifecontrol.com\/fr\/contact\/\">Contactez-nous<\/a>","schema":""},"yoast_head":"<!-- This site is optimized with the Yoast SEO Premium plugin v26.8 (Yoast SEO v27.6) - https:\/\/yoast.com\/product\/yoast-seo-premium-wordpress\/ -->\n<title>Comment attraper un raton laveur | Aspen Wildlife Control Gatineau<\/title>\n<meta name=\"description\" content=\"Apprenez comment les ratons laveurs sont attraper en toute s\u00e9curit\u00e9 par les professionnels d&#039;Aspen Wildlife Control \u00e0 Gatineau-Ottawa.\" \/>\n<meta name=\"robots\" content=\"index, follow, max-snippet:-1, max-image-preview:large, max-video-preview:-1\" \/>\n<link rel=\"canonical\" href=\"https:\/\/aspenwildlifecontrol.com\/fr\/prestations-de-service\/ratons-laveurs\/comment-attraper-un-raton-laveur\/\" \/>\n<meta property=\"og:locale\" content=\"fr_FR\" \/>\n<meta property=\"og:type\" content=\"article\" \/>\n<meta property=\"og:title\" content=\"Comment attraper un raton laveur\" \/>\n<meta property=\"og:description\" content=\"Apprenez comment les ratons laveurs sont attraper en toute s\u00e9curit\u00e9 par les professionnels d&#039;Aspen Wildlife Control \u00e0 Gatineau-Ottawa.\" \/>\n<meta property=\"og:url\" content=\"https:\/\/aspenwildlifecontrol.com\/fr\/prestations-de-service\/ratons-laveurs\/comment-attraper-un-raton-laveur\/\" \/>\n<meta property=\"og:site_name\" content=\"Aspen Wildlife Control\" \/>\n<meta property=\"article:modified_time\" content=\"2025-02-11T14:16:45+00:00\" \/>\n<meta name=\"twitter:card\" content=\"summary_large_image\" \/>\n<meta name=\"twitter:label1\" content=\"Dur\u00e9e de lecture estim\u00e9e\" \/>\n\t<meta name=\"twitter:data1\" content=\"2 minutes\" \/>\n<script type=\"application\/ld+json\" class=\"yoast-schema-graph\">{\"@context\":\"https:\\\/\\\/schema.org\",\"@graph\":[{\"@type\":\"WebPage\",\"@id\":\"https:\\\/\\\/aspenwildlifecontrol.com\\\/fr\\\/prestations-de-service\\\/ratons-laveurs\\\/comment-attraper-un-raton-laveur\\\/\",\"url\":\"https:\\\/\\\/aspenwildlifecontrol.com\\\/fr\\\/prestations-de-service\\\/ratons-laveurs\\\/comment-attraper-un-raton-laveur\\\/\",\"name\":\"Comment attraper un raton laveur | Aspen Wildlife Control Gatineau\",\"isPartOf\":{\"@id\":\"https:\\\/\\\/aspenwildlifecontrol.com\\\/fr\\\/#website\"},\"datePublished\":\"2023-03-15T17:37:43+00:00\",\"dateModified\":\"2025-02-11T14:16:45+00:00\",\"description\":\"Apprenez comment les ratons laveurs sont attraper en toute s\u00e9curit\u00e9 par les professionnels d'Aspen Wildlife Control \u00e0 Gatineau-Ottawa.\",\"breadcrumb\":{\"@id\":\"https:\\\/\\\/aspenwildlifecontrol.com\\\/fr\\\/prestations-de-service\\\/ratons-laveurs\\\/comment-attraper-un-raton-laveur\\\/#breadcrumb\"},\"inLanguage\":\"fr-FR\",\"potentialAction\":[{\"@type\":\"ReadAction\",\"target\":[\"https:\\\/\\\/aspenwildlifecontrol.com\\\/fr\\\/prestations-de-service\\\/ratons-laveurs\\\/comment-attraper-un-raton-laveur\\\/\"]}]},{\"@type\":\"BreadcrumbList\",\"@id\":\"https:\\\/\\\/aspenwildlifecontrol.com\\\/fr\\\/prestations-de-service\\\/ratons-laveurs\\\/comment-attraper-un-raton-laveur\\\/#breadcrumb\",\"itemListElement\":[{\"@type\":\"ListItem\",\"position\":1,\"name\":\"Home\",\"item\":\"https:\\\/\\\/aspenwildlifecontrol.com\\\/fr\\\/\"},{\"@type\":\"ListItem\",\"position\":2,\"name\":\"Service control animal\",\"item\":\"https:\\\/\\\/aspenwildlifecontrol.com\\\/fr\\\/prestations-de-service\\\/\"},{\"@type\":\"ListItem\",\"position\":3,\"name\":\"Ratons Laveurs\",\"item\":\"https:\\\/\\\/aspenwildlifecontrol.com\\\/fr\\\/prestations-de-service\\\/ratons-laveurs\\\/\"},{\"@type\":\"ListItem\",\"position\":4,\"name\":\"Comment attraper un raton laveur\"}]},{\"@type\":\"WebSite\",\"@id\":\"https:\\\/\\\/aspenwildlifecontrol.com\\\/fr\\\/#website\",\"url\":\"https:\\\/\\\/aspenwildlifecontrol.com\\\/fr\\\/\",\"name\":\"Aspen Wildlife Control\",\"description\":\"Fast, humane wildlife removal in Ottawa-Gatineau \u2014 guaranteed results, 24\\\/7 service\",\"potentialAction\":[{\"@type\":\"SearchAction\",\"target\":{\"@type\":\"EntryPoint\",\"urlTemplate\":\"https:\\\/\\\/aspenwildlifecontrol.com\\\/fr\\\/?s={search_term_string}\"},\"query-input\":{\"@type\":\"PropertyValueSpecification\",\"valueRequired\":true,\"valueName\":\"search_term_string\"}}],\"inLanguage\":\"fr-FR\"}]}<\/script>\n<!-- \/ Yoast SEO Premium plugin. -->","yoast_head_json":{"title":"Comment attraper un raton laveur | Aspen Wildlife Control Gatineau","description":"Apprenez comment les ratons laveurs sont attraper en toute s\u00e9curit\u00e9 par les professionnels d'Aspen Wildlife Control \u00e0 Gatineau-Ottawa.","robots":{"index":"index","follow":"follow","max-snippet":"max-snippet:-1","max-image-preview":"max-image-preview:large","max-video-preview":"max-video-preview:-1"},"canonical":"https:\/\/aspenwildlifecontrol.com\/fr\/prestations-de-service\/ratons-laveurs\/comment-attraper-un-raton-laveur\/","og_locale":"fr_FR","og_type":"article","og_title":"Comment attraper un raton laveur","og_description":"Apprenez comment les ratons laveurs sont attraper en toute s\u00e9curit\u00e9 par les professionnels d'Aspen Wildlife Control \u00e0 Gatineau-Ottawa.","og_url":"https:\/\/aspenwildlifecontrol.com\/fr\/prestations-de-service\/ratons-laveurs\/comment-attraper-un-raton-laveur\/","og_site_name":"Aspen Wildlife Control","article_modified_time":"2025-02-11T14:16:45+00:00","twitter_card":"summary_large_image","twitter_misc":{"Dur\u00e9e de lecture estim\u00e9e":"2 minutes"},"schema":{"@context":"https:\/\/schema.org","@graph":[{"@type":"WebPage","@id":"https:\/\/aspenwildlifecontrol.com\/fr\/prestations-de-service\/ratons-laveurs\/comment-attraper-un-raton-laveur\/","url":"https:\/\/aspenwildlifecontrol.com\/fr\/prestations-de-service\/ratons-laveurs\/comment-attraper-un-raton-laveur\/","name":"Comment attraper un raton laveur | Aspen Wildlife Control Gatineau","isPartOf":{"@id":"https:\/\/aspenwildlifecontrol.com\/fr\/#website"},"datePublished":"2023-03-15T17:37:43+00:00","dateModified":"2025-02-11T14:16:45+00:00","description":"Apprenez comment les ratons laveurs sont attraper en toute s\u00e9curit\u00e9 par les professionnels d'Aspen Wildlife Control \u00e0 Gatineau-Ottawa.","breadcrumb":{"@id":"https:\/\/aspenwildlifecontrol.com\/fr\/prestations-de-service\/ratons-laveurs\/comment-attraper-un-raton-laveur\/#breadcrumb"},"inLanguage":"fr-FR","potentialAction":[{"@type":"ReadAction","target":["https:\/\/aspenwildlifecontrol.com\/fr\/prestations-de-service\/ratons-laveurs\/comment-attraper-un-raton-laveur\/"]}]},{"@type":"BreadcrumbList","@id":"https:\/\/aspenwildlifecontrol.com\/fr\/prestations-de-service\/ratons-laveurs\/comment-attraper-un-raton-laveur\/#breadcrumb","itemListElement":[{"@type":"ListItem","position":1,"name":"Home","item":"https:\/\/aspenwildlifecontrol.com\/fr\/"},{"@type":"ListItem","position":2,"name":"Service control animal","item":"https:\/\/aspenwildlifecontrol.com\/fr\/prestations-de-service\/"},{"@type":"ListItem","position":3,"name":"Ratons Laveurs","item":"https:\/\/aspenwildlifecontrol.com\/fr\/prestations-de-service\/ratons-laveurs\/"},{"@type":"ListItem","position":4,"name":"Comment attraper un raton laveur"}]},{"@type":"WebSite","@id":"https:\/\/aspenwildlifecontrol.com\/fr\/#website","url":"https:\/\/aspenwildlifecontrol.com\/fr\/","name":"Aspen Wildlife Control","description":"Fast, humane wildlife removal in Ottawa-Gatineau \u2014 guaranteed results, 24\/7 service","potentialAction":[{"@type":"SearchAction","target":{"@type":"EntryPoint","urlTemplate":"https:\/\/aspenwildlifecontrol.com\/fr\/?s={search_term_string}"},"query-input":{"@type":"PropertyValueSpecification","valueRequired":true,"valueName":"search_term_string"}}],"inLanguage":"fr-FR"}]}},"_links":{"self":[{"href":"https:\/\/aspenwildlifecontrol.com\/fr\/wp-json\/wp\/v2\/pages\/989","targetHints":{"allow":["GET"]}}],"collection":[{"href":"https:\/\/aspenwildlifecontrol.com\/fr\/wp-json\/wp\/v2\/pages"}],"about":[{"href":"https:\/\/aspenwildlifecontrol.com\/fr\/wp-json\/wp\/v2\/types\/page"}],"author":[{"embeddable":true,"href":"https:\/\/aspenwildlifecontrol.com\/fr\/wp-json\/wp\/v2\/users\/1"}],"replies":[{"embeddable":true,"href":"https:\/\/aspenwildlifecontrol.com\/fr\/wp-json\/wp\/v2\/comments?post=989"}],"version-history":[{"count":3,"href":"https:\/\/aspenwildlifecontrol.com\/fr\/wp-json\/wp\/v2\/pages\/989\/revisions"}],"predecessor-version":[{"id":3292,"href":"https:\/\/aspenwildlifecontrol.com\/fr\/wp-json\/wp\/v2\/pages\/989\/revisions\/3292"}],"up":[{"embeddable":true,"href":"https:\/\/aspenwildlifecontrol.com\/fr\/wp-json\/wp\/v2\/pages\/973"}],"wp:attachment":[{"href":"https:\/\/aspenwildlifecontrol.com\/fr\/wp-json\/wp\/v2\/media?parent=989"}],"curies":[{"name":"wp","href":"https:\/\/api.w.org\/{rel}","templated":true}]}}