{"id":986,"date":"2023-03-01T17:01:45","date_gmt":"2023-03-01T22:01:45","guid":{"rendered":"https:\/\/aspenwildlifecontrol.com\/contact-2\/"},"modified":"2026-01-15T09:36:29","modified_gmt":"2026-01-15T14:36:29","slug":"contact","status":"publish","type":"page","link":"https:\/\/aspenwildlifecontrol.com\/fr\/contact\/","title":{"rendered":"Contact"},"content":{"rendered":"","protected":false},"excerpt":{"rendered":"","protected":false},"author":1,"featured_media":0,"parent":0,"menu_order":5,"comment_status":"closed","ping_status":"closed","template":"","meta":{"_acf_changed":false,"footnotes":""},"class_list":["post-986","page","type-page","status-publish","hentry","entry"],"acf":{"content":[{"acf_fc_layout":"banniere","texte_banniere":"<h1>Contactez-nous<\/h1>\r\n<span class=\"letterSpace bleuF\">R\u00e9gion Gatineau<\/span>\r\n<h4><a href=\"tel:+18199680349\">819 968-0349<\/a><\/h4>\r\n<span class=\"letterSpace bleuF\">R\u00e9gion Ottawa<\/span>\r\n<h4><span class=\"bleuF\"><a href=\"tel:+16136061190\">613 606-1190<\/a><\/span><\/h4>\r\n<span class=\"letterSpace bleuF\">Courriel<\/span>\r\n<h4><a href=\"mailto:info@aspenwildlifecontrol.com\">info@aspenwildlifecontrol.com<\/a><\/h4>\r\n&nbsp;","image_banniere":2251},{"acf_fc_layout":"content_100","background-color":"bg_blanc","contenu_100":"[ninja_form id=2]"}],"cta_custom":"","schema":""},"yoast_head":"<!-- This site is optimized with the Yoast SEO Premium plugin v26.8 (Yoast SEO v27.6) - https:\/\/yoast.com\/product\/yoast-seo-premium-wordpress\/ -->\n<title>Contact | Aspen Wildlife Control \u00e0 Gatineau-Ottawa<\/title>\n<meta name=\"description\" content=\"Contact d&#039;Aspen Wildlife Control: Contactez nos experts en contr\u00f4le animalier r\u00e9pondent \u00e0 vos besoins \u00e0 Gatineau-Ottawa. Contactez-nous!\" \/>\n<meta name=\"robots\" content=\"index, follow, max-snippet:-1, max-image-preview:large, max-video-preview:-1\" \/>\n<link rel=\"canonical\" href=\"https:\/\/aspenwildlifecontrol.com\/fr\/contact\/\" \/>\n<meta property=\"og:locale\" content=\"fr_FR\" \/>\n<meta property=\"og:type\" content=\"article\" \/>\n<meta property=\"og:title\" content=\"Contact\" \/>\n<meta property=\"og:description\" content=\"Contact d&#039;Aspen Wildlife Control: Contactez nos experts en contr\u00f4le animalier r\u00e9pondent \u00e0 vos besoins \u00e0 Gatineau-Ottawa. Contactez-nous!\" \/>\n<meta property=\"og:url\" content=\"https:\/\/aspenwildlifecontrol.com\/fr\/contact\/\" \/>\n<meta property=\"og:site_name\" content=\"Aspen Wildlife Control\" \/>\n<meta property=\"article:modified_time\" content=\"2026-01-15T14:36:29+00:00\" \/>\n<meta name=\"twitter:card\" content=\"summary_large_image\" \/>\n<script type=\"application\/ld+json\" class=\"yoast-schema-graph\">{\"@context\":\"https:\\\/\\\/schema.org\",\"@graph\":[{\"@type\":\"WebPage\",\"@id\":\"https:\\\/\\\/aspenwildlifecontrol.com\\\/fr\\\/contact\\\/\",\"url\":\"https:\\\/\\\/aspenwildlifecontrol.com\\\/fr\\\/contact\\\/\",\"name\":\"Contact | Aspen Wildlife Control \u00e0 Gatineau-Ottawa\",\"isPartOf\":{\"@id\":\"https:\\\/\\\/aspenwildlifecontrol.com\\\/fr\\\/#website\"},\"datePublished\":\"2023-03-01T22:01:45+00:00\",\"dateModified\":\"2026-01-15T14:36:29+00:00\",\"description\":\"Contact d'Aspen Wildlife Control: Contactez nos experts en contr\u00f4le animalier r\u00e9pondent \u00e0 vos besoins \u00e0 Gatineau-Ottawa. Contactez-nous!\",\"breadcrumb\":{\"@id\":\"https:\\\/\\\/aspenwildlifecontrol.com\\\/fr\\\/contact\\\/#breadcrumb\"},\"inLanguage\":\"fr-FR\",\"potentialAction\":[{\"@type\":\"ReadAction\",\"target\":[\"https:\\\/\\\/aspenwildlifecontrol.com\\\/fr\\\/contact\\\/\"]}]},{\"@type\":\"BreadcrumbList\",\"@id\":\"https:\\\/\\\/aspenwildlifecontrol.com\\\/fr\\\/contact\\\/#breadcrumb\",\"itemListElement\":[{\"@type\":\"ListItem\",\"position\":1,\"name\":\"Home\",\"item\":\"https:\\\/\\\/aspenwildlifecontrol.com\\\/fr\\\/\"},{\"@type\":\"ListItem\",\"position\":2,\"name\":\"Contact\"}]},{\"@type\":\"WebSite\",\"@id\":\"https:\\\/\\\/aspenwildlifecontrol.com\\\/fr\\\/#website\",\"url\":\"https:\\\/\\\/aspenwildlifecontrol.com\\\/fr\\\/\",\"name\":\"Aspen Wildlife Control\",\"description\":\"Fast, humane wildlife removal in Ottawa-Gatineau \u2014 guaranteed results, 24\\\/7 service\",\"potentialAction\":[{\"@type\":\"SearchAction\",\"target\":{\"@type\":\"EntryPoint\",\"urlTemplate\":\"https:\\\/\\\/aspenwildlifecontrol.com\\\/fr\\\/?s={search_term_string}\"},\"query-input\":{\"@type\":\"PropertyValueSpecification\",\"valueRequired\":true,\"valueName\":\"search_term_string\"}}],\"inLanguage\":\"fr-FR\"}]}<\/script>\n<!-- \/ Yoast SEO Premium plugin. -->","yoast_head_json":{"title":"Contact | Aspen Wildlife Control \u00e0 Gatineau-Ottawa","description":"Contact d'Aspen Wildlife Control: Contactez nos experts en contr\u00f4le animalier r\u00e9pondent \u00e0 vos besoins \u00e0 Gatineau-Ottawa. Contactez-nous!","robots":{"index":"index","follow":"follow","max-snippet":"max-snippet:-1","max-image-preview":"max-image-preview:large","max-video-preview":"max-video-preview:-1"},"canonical":"https:\/\/aspenwildlifecontrol.com\/fr\/contact\/","og_locale":"fr_FR","og_type":"article","og_title":"Contact","og_description":"Contact d'Aspen Wildlife Control: Contactez nos experts en contr\u00f4le animalier r\u00e9pondent \u00e0 vos besoins \u00e0 Gatineau-Ottawa. Contactez-nous!","og_url":"https:\/\/aspenwildlifecontrol.com\/fr\/contact\/","og_site_name":"Aspen Wildlife Control","article_modified_time":"2026-01-15T14:36:29+00:00","twitter_card":"summary_large_image","schema":{"@context":"https:\/\/schema.org","@graph":[{"@type":"WebPage","@id":"https:\/\/aspenwildlifecontrol.com\/fr\/contact\/","url":"https:\/\/aspenwildlifecontrol.com\/fr\/contact\/","name":"Contact | Aspen Wildlife Control \u00e0 Gatineau-Ottawa","isPartOf":{"@id":"https:\/\/aspenwildlifecontrol.com\/fr\/#website"},"datePublished":"2023-03-01T22:01:45+00:00","dateModified":"2026-01-15T14:36:29+00:00","description":"Contact d'Aspen Wildlife Control: Contactez nos experts en contr\u00f4le animalier r\u00e9pondent \u00e0 vos besoins \u00e0 Gatineau-Ottawa. Contactez-nous!","breadcrumb":{"@id":"https:\/\/aspenwildlifecontrol.com\/fr\/contact\/#breadcrumb"},"inLanguage":"fr-FR","potentialAction":[{"@type":"ReadAction","target":["https:\/\/aspenwildlifecontrol.com\/fr\/contact\/"]}]},{"@type":"BreadcrumbList","@id":"https:\/\/aspenwildlifecontrol.com\/fr\/contact\/#breadcrumb","itemListElement":[{"@type":"ListItem","position":1,"name":"Home","item":"https:\/\/aspenwildlifecontrol.com\/fr\/"},{"@type":"ListItem","position":2,"name":"Contact"}]},{"@type":"WebSite","@id":"https:\/\/aspenwildlifecontrol.com\/fr\/#website","url":"https:\/\/aspenwildlifecontrol.com\/fr\/","name":"Aspen Wildlife Control","description":"Fast, humane wildlife removal in Ottawa-Gatineau \u2014 guaranteed results, 24\/7 service","potentialAction":[{"@type":"SearchAction","target":{"@type":"EntryPoint","urlTemplate":"https:\/\/aspenwildlifecontrol.com\/fr\/?s={search_term_string}"},"query-input":{"@type":"PropertyValueSpecification","valueRequired":true,"valueName":"search_term_string"}}],"inLanguage":"fr-FR"}]}},"_links":{"self":[{"href":"https:\/\/aspenwildlifecontrol.com\/fr\/wp-json\/wp\/v2\/pages\/986","targetHints":{"allow":["GET"]}}],"collection":[{"href":"https:\/\/aspenwildlifecontrol.com\/fr\/wp-json\/wp\/v2\/pages"}],"about":[{"href":"https:\/\/aspenwildlifecontrol.com\/fr\/wp-json\/wp\/v2\/types\/page"}],"author":[{"embeddable":true,"href":"https:\/\/aspenwildlifecontrol.com\/fr\/wp-json\/wp\/v2\/users\/1"}],"replies":[{"embeddable":true,"href":"https:\/\/aspenwildlifecontrol.com\/fr\/wp-json\/wp\/v2\/comments?post=986"}],"version-history":[{"count":6,"href":"https:\/\/aspenwildlifecontrol.com\/fr\/wp-json\/wp\/v2\/pages\/986\/revisions"}],"predecessor-version":[{"id":4129,"href":"https:\/\/aspenwildlifecontrol.com\/fr\/wp-json\/wp\/v2\/pages\/986\/revisions\/4129"}],"wp:attachment":[{"href":"https:\/\/aspenwildlifecontrol.com\/fr\/wp-json\/wp\/v2\/media?parent=986"}],"curies":[{"name":"wp","href":"https:\/\/api.w.org\/{rel}","templated":true}]}}