{"id":984,"date":"2023-03-15T12:35:11","date_gmt":"2023-03-15T16:35:11","guid":{"rendered":"https:\/\/aspenwildlifecontrol.com\/prestations-de-service\/restauration-de-geniers\/"},"modified":"2026-03-11T15:22:25","modified_gmt":"2026-03-11T19:22:25","slug":"restauration-de-geniers","status":"publish","type":"page","link":"https:\/\/aspenwildlifecontrol.com\/fr\/prestations-de-service\/restauration-de-geniers\/","title":{"rendered":"Restauration de geniers"},"content":{"rendered":"","protected":false},"excerpt":{"rendered":"","protected":false},"author":1,"featured_media":0,"parent":3136,"menu_order":0,"comment_status":"closed","ping_status":"closed","template":"","meta":{"_acf_changed":false,"footnotes":""},"class_list":["post-984","page","type-page","status-publish","hentry","entry"],"acf":{"content":[{"acf_fc_layout":"banniere","texte_banniere":"<h6><span class=\"letterSpace\">Restauration de grenier \u00e0 Ottawa-Gatineau<\/span><\/h6>\r\n<h1>Restauration de greniers<\/h1>\r\n<h6>Apr\u00e8s le d\u00e9part de votre invit\u00e9 ind\u00e9sirable, il est temps de vous remettre sur les rails et de donner \u00e0 votre grenier la r\u00e9novation dont il a besoin, une restauration de greniers. Pour commencer, v\u00e9rifiez s\u2019il y a des signes de contamination par des animaux sauvages ind\u00e9sirables, comme des excr\u00e9ments ou de l\u2019urine. Non seulement ces signes sont inqui\u00e9tants lorsqu\u2019il s\u2019agit de nettoyer les excr\u00e9ments des animaux qui vivent \u00e0 proximit\u00e9 de chez vous, mais ils peuvent aussi amener des agents pathog\u00e8nes dangereux \u00e0 entrer en contact avec vous et les v\u00f4tres ! Si n\u00e9cessaire, remplacez tous les isolants qui ont \u00e9t\u00e9 souill\u00e9s par notre intrus \u00e0 quatre pattes avant de les sceller \u00e0 nouveau.<\/h6>","image_banniere":2579},{"acf_fc_layout":"content_5050","5050_direction":false,"background-color":"bg_blanc","5050_col1":{"type":"imag","text":"","imag":2583},"5050_col2":{"type":"text","text":"<h3><span class=\"bleuF\">Remplacement complet ou partiel de l\u2019isolation<\/span><\/h3>\r\nApr\u00e8s un nettoyage et une d\u00e9sodorisation en profondeur, notre \u00e9quipe peut commencer le processus de remplacement de l\u2019isolation fortement impact\u00e9e de votre grenier ou de vos combles. Nous enlevons soigneusement \u00e0 la main tout mat\u00e9riau qui a \u00e9t\u00e9 expos\u00e9 \u00e0 des d\u00e9chets animaux tandis qu\u2019un atomiseur \u00e9lectrique d\u00e9livre un fin brouillard d\u00e9sinfectant con\u00e7u pour atteindre m\u00eame les fissures, les crevasses et les surfaces poreuses les plus \u00e9loign\u00e9es. Ainsi, chaque parcelle d\u2019urine impr\u00e9gn\u00e9e est trait\u00e9e au contact.\r\n\r\nSi vous avez remarqu\u00e9 un invit\u00e9 de longue date dans votre grenier, il est peut-\u00eatre temps de remplacer l\u2019isolation. Avec Aspen Wildlife Control, l\u2019enl\u00e8vement et le remplacement de votre mat\u00e9riau souffl\u00e9 ou b\u00e2ch\u00e9 est facile et sans souci ! Notre \u00e9quipe d\u2019experts utilise des aspirateurs industriels qui aspirent tous les r\u00e9sidus des greniers, des murs et des vides sanitaires. Par contre, pour les feuilles d\u2019isolant plus tenaces, nos mains expertes prennent le relais pour une efficacit\u00e9 maximale.\r\n\r\n<a class=\"btnFleche\" href=\"https:\/\/aspenwildlifecontrol.com\/contact\/\">Demandez une soumission<\/a>","imag":null}},{"acf_fc_layout":"content_100","background-color":"bg_bleu","contenu_100":"<h3>Types de mat\u00e9riaux isolants<\/h3>\r\nNon seulement le remplacement de l\u2019isolant de votre grenier peut le rendre plus efficace sur le plan thermique, mais vous pourriez aussi avoir droit \u00e0 des cr\u00e9dits d\u2019imp\u00f4t si ce nouveau mat\u00e9riau est \u00e9cologique ! Au Qu\u00e9bec, il existe de nombreux types d\u2019isolants \u00e9cologiques parmi lesquels vous pouvez choisir, qui seront b\u00e9n\u00e9fiques \u00e0 la fois pour votre portefeuille et pour notre plan\u00e8te. Alors n\u2019attendez pas \u2013 investissez maintenant et r\u00e9coltez de belles r\u00e9compenses plus tard.\r\n\r\nL\u2019\u00e9quipe d\u2019Aspen Wildlife Control est l\u00e0 pour vous aider \u00e0 restaurer votre grenier et \u00e0 combattre toute contamination caus\u00e9e par les animaux sauvages. Contactez-la d\u00e8s aujourd\u2019hui pour b\u00e9n\u00e9ficier d\u2019une expertise in\u00e9gal\u00e9e !\r\n\r\nIl existe plusieurs types de mat\u00e9riaux isolants :"},{"acf_fc_layout":"slider","background-color":"bg_bleu","type":"text","le_slider":[{"texte":"<span class=\"letterSpace\">La fibre de cellulose ou fibre cellulosique<\/span>\r\nC\u2019est le mat\u00e9riau le plus recommand\u00e9 dans l\u2019industrie en raison de ses propri\u00e9t\u00e9s d\u2019isolation thermique et acoustique. C\u2019est \u00e9galement un isolant \u00e9cologique tr\u00e8s appr\u00e9ci\u00e9 dans les b\u00e2timents \u00e9cologiques.","image":null},{"texte":"<span class=\"letterSpace\">La laine min\u00e9rale<\/span>\r\nLa laine min\u00e9rale est un isolant populaire, utilis\u00e9 pour maintenir des temp\u00e9ratures et des niveaux sonores bas. Cependant, en fonction de la taille de ses fibres, ce mat\u00e9riau peut potentiellement mettre en danger votre sant\u00e9.","image":null},{"texte":"<span class=\"letterSpace\">La fibre de verre<\/span>\r\nLa fibre de verre et la ouate de verre ont le pouvoir de nous garder au frais, tranquilles, s\u00fbrs \u2013 et sains ! Utilis\u00e9s comme isolant dans les maisons ou les bureaux, ils constituent un moyen efficace de fournir une protection thermique tout en poss\u00e9dant des capacit\u00e9s ignifuges.","image":null},{"texte":"<span class=\"letterSpace\">Mousse de polystyr\u00e8ne<\/span>\r\nLa mousse de polystyr\u00e8ne est couramment utilis\u00e9e pour isoler les b\u00e2timents r\u00e9sidentiels en raison de ses qualit\u00e9s de r\u00e9sistance au feu et \u00e0 l\u2019humidit\u00e9, mais malheureusement, ce processus de production utilise de nombreux produits chimiques dangereux qui peuvent nuire \u00e0 la sant\u00e9 et \u00e0 l\u2019environnement. Tout comme les mousses synth\u00e9tiques de polyur\u00e9thane et de polyisocyanurate, le recyclage de ces mat\u00e9riaux tend \u00e0 \u00eatre difficile tout en lib\u00e9rant des gaz toxiques dans l\u2019atmosph\u00e8re.","image":null},{"texte":"<span class=\"letterSpace\">Feutre Tarcork<\/span>\r\nUne maison isol\u00e9e est un refuge id\u00e9al contre les \u00e9l\u00e9ments, et les mat\u00e9riaux \u00e0 base de chanvre permettent de r\u00e9aliser ce r\u00eave ! La combinaison du chanvre avec le li\u00e8ge et le bitume cr\u00e9e un m\u00e9lange imbattable de r\u00e9gulation de la temp\u00e9rature, d\u2019insonorisation, de r\u00e9sistance au feu (un must !) \u2013 ainsi que de ventilation. Vous avez ainsi la certitude que votre maison est \u00e0 l\u2019abri des forces ext\u00e9rieures en toutes saisons.","image":null},{"texte":"<span class=\"letterSpace\">Li\u00e8ge expans\u00e9<\/span>\r\nFaites l\u2019exp\u00e9rience du confort et de la s\u00e9curit\u00e9 ultimes avec l\u2019isolation en li\u00e8ge ! Ses propri\u00e9t\u00e9s uniques en font un excellent choix pour garder votre maison chaude en hiver, silencieuse toute l\u2019ann\u00e9e, r\u00e9sistante au feu, respirante et durable.","image":null}]},{"acf_fc_layout":"content_5050","5050_direction":false,"background-color":"bg_blanc","5050_col1":{"type":"text","text":"<h2 style=\"text-align: center;\">Avant<\/h2>\r\n<img class=\"alignnone size-full wp-image-4628\" src=\"https:\/\/aspenwildlifecontrol.com\/wp-content\/uploads\/2026\/03\/IMG_9249.webp\" alt=\"\" width=\"1080\" height=\"810\" \/>","imag":null},"5050_col2":{"type":"text","text":"<h2 style=\"text-align: center;\">Apr\u00e8s<\/h2>\r\n<img class=\"alignnone size-full wp-image-4630\" src=\"https:\/\/aspenwildlifecontrol.com\/wp-content\/uploads\/2026\/03\/IMG_9254.webp\" alt=\"\" width=\"1080\" height=\"810\" \/>","imag":null}}],"cta_custom":"<h5>Vous avez un probl\u00e8me de grenier?<\/h5>\r\nNous avons ce qu'il vous faut ! Appelez-nous d\u00e8s aujourd\u2019hui pour des services de restauration de grenier.","schema":""},"yoast_head":"<!-- This site is optimized with the Yoast SEO Premium plugin v26.8 (Yoast SEO v27.6) - https:\/\/yoast.com\/product\/yoast-seo-premium-wordpress\/ -->\n<title>Restauration de greniers | Aspen Wildlife Control Gatineau-Ottawa<\/title>\n<meta name=\"description\" content=\"Restauration de greniers avec Aspen Wildlife \u00e0 Gatineau-Ottawa. Votre grenier est-il endommag\u00e9 par une infestation d&#039;animaux sauvages ?\" \/>\n<meta name=\"robots\" content=\"index, follow, max-snippet:-1, max-image-preview:large, max-video-preview:-1\" \/>\n<link rel=\"canonical\" href=\"https:\/\/aspenwildlifecontrol.com\/fr\/prestations-de-service\/restauration-de-geniers\/\" \/>\n<meta property=\"og:locale\" content=\"fr_FR\" \/>\n<meta property=\"og:type\" content=\"article\" \/>\n<meta property=\"og:title\" content=\"Restauration de geniers\" \/>\n<meta property=\"og:description\" content=\"Restauration de greniers avec Aspen Wildlife \u00e0 Gatineau-Ottawa. Votre grenier est-il endommag\u00e9 par une infestation d&#039;animaux sauvages ?\" \/>\n<meta property=\"og:url\" content=\"https:\/\/aspenwildlifecontrol.com\/fr\/prestations-de-service\/restauration-de-geniers\/\" \/>\n<meta property=\"og:site_name\" content=\"Aspen Wildlife Control\" \/>\n<meta property=\"article:modified_time\" content=\"2026-03-11T19:22:25+00:00\" \/>\n<meta name=\"twitter:card\" content=\"summary_large_image\" \/>\n<script type=\"application\/ld+json\" class=\"yoast-schema-graph\">{\"@context\":\"https:\\\/\\\/schema.org\",\"@graph\":[{\"@type\":\"WebPage\",\"@id\":\"https:\\\/\\\/aspenwildlifecontrol.com\\\/fr\\\/prestations-de-service\\\/restauration-de-geniers\\\/\",\"url\":\"https:\\\/\\\/aspenwildlifecontrol.com\\\/fr\\\/prestations-de-service\\\/restauration-de-geniers\\\/\",\"name\":\"Restauration de greniers | Aspen Wildlife Control Gatineau-Ottawa\",\"isPartOf\":{\"@id\":\"https:\\\/\\\/aspenwildlifecontrol.com\\\/fr\\\/#website\"},\"datePublished\":\"2023-03-15T16:35:11+00:00\",\"dateModified\":\"2026-03-11T19:22:25+00:00\",\"description\":\"Restauration de greniers avec Aspen Wildlife \u00e0 Gatineau-Ottawa. Votre grenier est-il endommag\u00e9 par une infestation d'animaux sauvages ?\",\"breadcrumb\":{\"@id\":\"https:\\\/\\\/aspenwildlifecontrol.com\\\/fr\\\/prestations-de-service\\\/restauration-de-geniers\\\/#breadcrumb\"},\"inLanguage\":\"fr-FR\",\"potentialAction\":[{\"@type\":\"ReadAction\",\"target\":[\"https:\\\/\\\/aspenwildlifecontrol.com\\\/fr\\\/prestations-de-service\\\/restauration-de-geniers\\\/\"]}]},{\"@type\":\"BreadcrumbList\",\"@id\":\"https:\\\/\\\/aspenwildlifecontrol.com\\\/fr\\\/prestations-de-service\\\/restauration-de-geniers\\\/#breadcrumb\",\"itemListElement\":[{\"@type\":\"ListItem\",\"position\":1,\"name\":\"Home\",\"item\":\"https:\\\/\\\/aspenwildlifecontrol.com\\\/fr\\\/\"},{\"@type\":\"ListItem\",\"position\":2,\"name\":\"Service control animal\",\"item\":\"https:\\\/\\\/aspenwildlifecontrol.com\\\/fr\\\/prestations-de-service\\\/\"},{\"@type\":\"ListItem\",\"position\":3,\"name\":\"Restauration de geniers\"}]},{\"@type\":\"WebSite\",\"@id\":\"https:\\\/\\\/aspenwildlifecontrol.com\\\/fr\\\/#website\",\"url\":\"https:\\\/\\\/aspenwildlifecontrol.com\\\/fr\\\/\",\"name\":\"Aspen Wildlife Control\",\"description\":\"Fast, humane wildlife removal in Ottawa-Gatineau \u2014 guaranteed results, 24\\\/7 service\",\"potentialAction\":[{\"@type\":\"SearchAction\",\"target\":{\"@type\":\"EntryPoint\",\"urlTemplate\":\"https:\\\/\\\/aspenwildlifecontrol.com\\\/fr\\\/?s={search_term_string}\"},\"query-input\":{\"@type\":\"PropertyValueSpecification\",\"valueRequired\":true,\"valueName\":\"search_term_string\"}}],\"inLanguage\":\"fr-FR\"}]}<\/script>\n<!-- \/ Yoast SEO Premium plugin. -->","yoast_head_json":{"title":"Restauration de greniers | Aspen Wildlife Control Gatineau-Ottawa","description":"Restauration de greniers avec Aspen Wildlife \u00e0 Gatineau-Ottawa. Votre grenier est-il endommag\u00e9 par une infestation d'animaux sauvages ?","robots":{"index":"index","follow":"follow","max-snippet":"max-snippet:-1","max-image-preview":"max-image-preview:large","max-video-preview":"max-video-preview:-1"},"canonical":"https:\/\/aspenwildlifecontrol.com\/fr\/prestations-de-service\/restauration-de-geniers\/","og_locale":"fr_FR","og_type":"article","og_title":"Restauration de geniers","og_description":"Restauration de greniers avec Aspen Wildlife \u00e0 Gatineau-Ottawa. Votre grenier est-il endommag\u00e9 par une infestation d'animaux sauvages ?","og_url":"https:\/\/aspenwildlifecontrol.com\/fr\/prestations-de-service\/restauration-de-geniers\/","og_site_name":"Aspen Wildlife Control","article_modified_time":"2026-03-11T19:22:25+00:00","twitter_card":"summary_large_image","schema":{"@context":"https:\/\/schema.org","@graph":[{"@type":"WebPage","@id":"https:\/\/aspenwildlifecontrol.com\/fr\/prestations-de-service\/restauration-de-geniers\/","url":"https:\/\/aspenwildlifecontrol.com\/fr\/prestations-de-service\/restauration-de-geniers\/","name":"Restauration de greniers | Aspen Wildlife Control Gatineau-Ottawa","isPartOf":{"@id":"https:\/\/aspenwildlifecontrol.com\/fr\/#website"},"datePublished":"2023-03-15T16:35:11+00:00","dateModified":"2026-03-11T19:22:25+00:00","description":"Restauration de greniers avec Aspen Wildlife \u00e0 Gatineau-Ottawa. Votre grenier est-il endommag\u00e9 par une infestation d'animaux sauvages ?","breadcrumb":{"@id":"https:\/\/aspenwildlifecontrol.com\/fr\/prestations-de-service\/restauration-de-geniers\/#breadcrumb"},"inLanguage":"fr-FR","potentialAction":[{"@type":"ReadAction","target":["https:\/\/aspenwildlifecontrol.com\/fr\/prestations-de-service\/restauration-de-geniers\/"]}]},{"@type":"BreadcrumbList","@id":"https:\/\/aspenwildlifecontrol.com\/fr\/prestations-de-service\/restauration-de-geniers\/#breadcrumb","itemListElement":[{"@type":"ListItem","position":1,"name":"Home","item":"https:\/\/aspenwildlifecontrol.com\/fr\/"},{"@type":"ListItem","position":2,"name":"Service control animal","item":"https:\/\/aspenwildlifecontrol.com\/fr\/prestations-de-service\/"},{"@type":"ListItem","position":3,"name":"Restauration de geniers"}]},{"@type":"WebSite","@id":"https:\/\/aspenwildlifecontrol.com\/fr\/#website","url":"https:\/\/aspenwildlifecontrol.com\/fr\/","name":"Aspen Wildlife Control","description":"Fast, humane wildlife removal in Ottawa-Gatineau \u2014 guaranteed results, 24\/7 service","potentialAction":[{"@type":"SearchAction","target":{"@type":"EntryPoint","urlTemplate":"https:\/\/aspenwildlifecontrol.com\/fr\/?s={search_term_string}"},"query-input":{"@type":"PropertyValueSpecification","valueRequired":true,"valueName":"search_term_string"}}],"inLanguage":"fr-FR"}]}},"_links":{"self":[{"href":"https:\/\/aspenwildlifecontrol.com\/fr\/wp-json\/wp\/v2\/pages\/984","targetHints":{"allow":["GET"]}}],"collection":[{"href":"https:\/\/aspenwildlifecontrol.com\/fr\/wp-json\/wp\/v2\/pages"}],"about":[{"href":"https:\/\/aspenwildlifecontrol.com\/fr\/wp-json\/wp\/v2\/types\/page"}],"author":[{"embeddable":true,"href":"https:\/\/aspenwildlifecontrol.com\/fr\/wp-json\/wp\/v2\/users\/1"}],"replies":[{"embeddable":true,"href":"https:\/\/aspenwildlifecontrol.com\/fr\/wp-json\/wp\/v2\/comments?post=984"}],"version-history":[{"count":9,"href":"https:\/\/aspenwildlifecontrol.com\/fr\/wp-json\/wp\/v2\/pages\/984\/revisions"}],"predecessor-version":[{"id":4636,"href":"https:\/\/aspenwildlifecontrol.com\/fr\/wp-json\/wp\/v2\/pages\/984\/revisions\/4636"}],"up":[{"embeddable":true,"href":"https:\/\/aspenwildlifecontrol.com\/fr\/wp-json\/wp\/v2\/pages\/3136"}],"wp:attachment":[{"href":"https:\/\/aspenwildlifecontrol.com\/fr\/wp-json\/wp\/v2\/media?parent=984"}],"curies":[{"name":"wp","href":"https:\/\/api.w.org\/{rel}","templated":true}]}}