{"id":983,"date":"2023-03-01T15:51:37","date_gmt":"2023-03-01T20:51:37","guid":{"rendered":"https:\/\/aspenwildlifecontrol.com\/prestations-de-service\/contamination-laine-isolante\/"},"modified":"2025-02-12T15:07:08","modified_gmt":"2025-02-12T20:07:08","slug":"contamination-laine-isolante","status":"publish","type":"page","link":"https:\/\/aspenwildlifecontrol.com\/fr\/prestations-de-service\/contamination-laine-isolante\/","title":{"rendered":"Contamination \/ Laine isolante"},"content":{"rendered":"","protected":false},"excerpt":{"rendered":"","protected":false},"author":1,"featured_media":0,"parent":3136,"menu_order":0,"comment_status":"closed","ping_status":"closed","template":"","meta":{"_acf_changed":false,"footnotes":""},"class_list":["post-983","page","type-page","status-publish","hentry","entry"],"acf":{"content":[{"acf_fc_layout":"banniere","texte_banniere":"<h1>Contamination de la laine isolante<\/h1>\r\n<h6>Votre maison accueille-t-elle un invit\u00e9 ind\u00e9sirable ? Les rongeurs pourraient \u00eatre \u00e0 l'aff\u00fbt, il est donc peut-\u00eatre temps de penser \u00e0 retirer l'isolation anti-contamination \u00e0 Ottawa \u2013 Gatineau.<\/h6>","image_banniere":2600},{"acf_fc_layout":"content_5050","5050_direction":false,"background-color":"bg_blanc","5050_col1":{"type":"text","text":"<h3><span class=\"bleuF\">Comment fonctionne le service de retrait d\u2019isolants contamin\u00e9s&nbsp;?<\/span><\/h3>\r\n<h6>Notre \u00e9quipe exp\u00e9riment\u00e9e peut vous aider \u00e0 simplifier le processus de d\u00e9contamination et \u00e0 \u00e9liminer tout souci de vermiculite dans votre maison. Laissez nos professionnels prendre soin de vous avec leur expertise \u2013 faites-nous confiance pour bannir ces particules emb\u00eatantes rapidement et compl\u00e8tement.<\/h6>\r\n<a class=\"btnFleche\" href=\"https:\/\/aspenwildlifecontrol.com\/contact\/\">Demandez une soumission<\/a>","imag":null},"5050_col2":{"type":"text","text":"<span class=\"letterSpace\">Pourquoi faut-il enlever la vermiculite ?<\/span>\r\nLes visiteurs ind\u00e9sirables, comme les puces et les punaises de lit, peuvent apporter plus qu'une simple nuisance \u00e0 votre maison ou \u00e0 votre entreprise - ils peuvent aussi laisser derri\u00e8re eux des toxines potentiellement dangereuses, des excr\u00e9ments d'animaux et de la moisissure. Prenez les mesures n\u00e9cessaires pour les \u00e9loigner pour de bon.\r\n\r\nLes fibres contamin\u00e9es pr\u00e9sentes dans votre maison peuvent causer de graves probl\u00e8mes de sant\u00e9 et entra\u00eener diverses maladies respiratoires. L'inhalation des mati\u00e8res dangereuses pr\u00e9sentes dans ces particules pr\u00e9sente un risque alarmant, car elles s'installent profond\u00e9ment dans nos poumons et deviennent de plus en plus difficiles \u00e0 extraire.\r\n\r\n<span class=\"letterSpace\">Comment d\u00e9contaminer la vermiculite ?<\/span>\r\nSi vous avez remarqu\u00e9 un invit\u00e9 de longue date dans votre grenier, il est peut-\u00eatre temps de remplacer l'isolation. Avec Aspen Wildlife Control, l'enl\u00e8vement et le remplacement de votre mat\u00e9riau souffl\u00e9 ou b\u00e2ch\u00e9 est facile et sans souci ! Notre \u00e9quipe d'experts utilise des aspirateurs industriels qui aspirent tous les r\u00e9sidus des greniers, des murs et des vides sanitaires. Par contre, pour les feuilles d'isolant plus tenaces, nos mains expertes prennent le relais pour une efficacit\u00e9 maximale.\r\n\r\nUne fois le processus de d\u00e9contamination termin\u00e9, il est essentiel d\u2019effectuer un test de l\u2019air. Ainsi, vous pouvez \u00eatre s\u00fbr que votre environnement est parfaitement propre avant de commencer la r\u00e9 isolation.\r\n\r\n<span class=\"letterSpace\">C'est ce que notre \u00e9quipe fait pour vous :<\/span>\r\n<ul>\r\n \t<li>Pour assurer votre s\u00e9curit\u00e9, nous avons cr\u00e9\u00e9 un couloir de protection pour prot\u00e9ger le reste de votre maison d'une \u00e9ventuelle contamination.<\/li>\r\n \t<li>Notre \u00e9quipe utilise une technologie de pointe pour \u00e9liminer la vermiculite de votre espace, rapidement et efficacement.<\/li>\r\n \t<li>Nous nettoyons et purifions votre grenier en profondeur.<\/li>\r\n \t<li>Nous fournissons un havre de s\u00e9curit\u00e9 o\u00f9 l'air est propre et rafra\u00eechissant, sans odeurs ind\u00e9sirables.<\/li>\r\n<\/ul>","imag":null}},{"acf_fc_layout":"content_5050","5050_direction":false,"background-color":"bg_gris","5050_col1":{"type":"text","text":"<h3><span class=\"bleuF\">Nettoyage et d\u00e9contamination de votre grenier<\/span><\/h3>\r\n<h6>Apr\u00e8s une longue attente, vous pouvez enfin dire adieu \u00e0 votre invit\u00e9 ind\u00e9sirable dans le grenier ! Il est maintenant temps de proc\u00e9der \u00e0 un nettoyage en profondeur et \u00e0 une d\u00e9contamination - ne vous inqui\u00e9tez pas, nous sommes l\u00e0 pour vous expliquer comment faire. N'oubliez pas que ces \u00e9tapes n\u00e9cessitent des produits et des outils sp\u00e9ciaux car certaines d\u00e9jections ou urines d'animaux peuvent contenir des micro-organismes dangereux pour l'homme. Alors pr\u00e9parez-vous - faisons en sorte qu'il n'y ait pas d'autre \"visiteur\" surprise de sit\u00f4t !<\/h6>","imag":null},"5050_col2":{"type":"text","text":"<span class=\"letterSpace\">L'aspirateur pour les petits morceaux d'excr\u00e9ments\r\n<\/span>M\u00eame les plus petites crottes de rongeurs peuvent \u00eatre \u00e9limin\u00e9es rapidement et en profondeur avec un aspirateur \u00e9quip\u00e9 d'un filtre efficace ! Avec cet outil, vous retrouverez votre espace propre en un rien de temps, quel que soit le nombre de bestioles \u00e0 fourrure qui s'y trouvent.\r\n\r\n<span class=\"letterSpace\">Ramasser \u00e0 la main les gros morceaux d'excr\u00e9ments\r\n<\/span>Nous faisons tr\u00e8s attention \u00e0 ne pas toucher les gros morceaux d'excr\u00e9ments \u00e0 mains nues. \u00c9quip\u00e9s de gants en caoutchouc ou en latex et d'un masque, nous ramassons avec soin les excr\u00e9ments d'animaux comme les ratons laveurs et les mouffettes. De cette fa\u00e7on, nous nous prot\u00e9geons des parasites en suspension dans l'air tout en \u00e9vitant l'exposition aux vapeurs d'urine !\r\n\r\n<span class=\"letterSpace\" style=\"font-weight: 400;\">Enlevez la contamination\r\n<\/span>Ne vous attaquez pas \u00e0 la d\u00e9sinfection de votre grenier par vous-m\u00eame ! Les produits chimiques et l'\u00e9quipement sp\u00e9cialis\u00e9s n\u00e9cessaires pour nettoyer correctement l'espace ne sont pas disponibles dans les magasins ordinaires, il est donc fortement conseill\u00e9 de faire appel \u00e0 un professionnel. Il est donc fortement conseill\u00e9 de faire appel \u00e0 un professionnel. En prenant cette mesure, vous vous assurez que la t\u00e2che ne sera pas trop p\u00e9nible, ce qui vous laissera plus de temps pour vous reposer et vous d\u00e9tendre par la suite.\r\n\r\n<span class=\"letterSpace\">Remplacer l'isolation\r\n<\/span>L'isolation en laine peut \u00eatre un terrain propice \u00e0 la prolif\u00e9ration de parasites porteurs de virus, il est donc pr\u00e9f\u00e9rable de prendre des mesures pr\u00e9ventives. Remplacez votre isolation en laine contamin\u00e9e si des animaux sont pass\u00e9s dans votre maison et veillez \u00e0 faire appel \u00e0 des professionnels - cela est particuli\u00e8rement n\u00e9cessaire dans deux cas : lorsque des excr\u00e9ments sont visibles ou qu'il semble y avoir une infestation quelconque. N'attendez pas que le probl\u00e8me devienne in\u00e9vitable ; agissez maintenant pour vous prot\u00e9ger des risques potentiels pour la sant\u00e9, surtout dans ces deux cas :\r\n<ul>\r\n \t<li>Lorsqu'il y a le moindre risque qu'il ait \u00e9t\u00e9 contamin\u00e9 par des micro-organismes porteurs de maladies ;<\/li>\r\n \t<li>Lorsqu'il y a eu beaucoup d'excr\u00e9ments et d'urine dans votre grenier.<\/li>\r\n<\/ul>","imag":null}},{"acf_fc_layout":"content_100","background-color":"bg_blanc","contenu_100":"<h3><span class=\"borderLR\" style=\"font-weight: 400;\">Optimisez vos ressources en faisant appel \u00e0 des experts !<\/span><\/h3>\r\n<h6>Contactez-nous d\u00e8s maintenant et laissez-nous vous soulager de ce fardeau.<\/h6>"}],"cta_custom":"<h5>Vous avez un probl\u00e8me de contamination ?<\/h5>\r\nNous sommes l\u00e0 pour vous aider ! Appelez-nous pour obtenir des services de contamination et laine isolante d\u00e8s aujourd\u2019hui.","schema":""},"yoast_head":"<!-- This site is optimized with the Yoast SEO Premium plugin v26.8 (Yoast SEO v27.6) - https:\/\/yoast.com\/product\/yoast-seo-premium-wordpress\/ -->\n<title>Contamination laine isolante | Aspen Wildlife Control \u00e0 Gatineau<\/title>\n<meta name=\"description\" content=\"Pr\u00e9servez l&#039;isolation de votre grenier avec Aspen Wildlife Control \u00e0 Gatineau-Ottawa. Solutions expertes pour \u00e9viter la contamination.\" \/>\n<meta name=\"robots\" content=\"index, follow, max-snippet:-1, max-image-preview:large, max-video-preview:-1\" \/>\n<link rel=\"canonical\" href=\"https:\/\/aspenwildlifecontrol.com\/fr\/prestations-de-service\/contamination-laine-isolante\/\" \/>\n<meta property=\"og:locale\" content=\"fr_FR\" \/>\n<meta property=\"og:type\" content=\"article\" \/>\n<meta property=\"og:title\" content=\"Contamination \/ Laine isolante\" \/>\n<meta property=\"og:description\" content=\"Pr\u00e9servez l&#039;isolation de votre grenier avec Aspen Wildlife Control \u00e0 Gatineau-Ottawa. Solutions expertes pour \u00e9viter la contamination.\" \/>\n<meta property=\"og:url\" content=\"https:\/\/aspenwildlifecontrol.com\/fr\/prestations-de-service\/contamination-laine-isolante\/\" \/>\n<meta property=\"og:site_name\" content=\"Aspen Wildlife Control\" \/>\n<meta property=\"article:modified_time\" content=\"2025-02-12T20:07:08+00:00\" \/>\n<meta name=\"twitter:card\" content=\"summary_large_image\" \/>\n<script type=\"application\/ld+json\" class=\"yoast-schema-graph\">{\"@context\":\"https:\\\/\\\/schema.org\",\"@graph\":[{\"@type\":\"WebPage\",\"@id\":\"https:\\\/\\\/aspenwildlifecontrol.com\\\/fr\\\/prestations-de-service\\\/contamination-laine-isolante\\\/\",\"url\":\"https:\\\/\\\/aspenwildlifecontrol.com\\\/fr\\\/prestations-de-service\\\/contamination-laine-isolante\\\/\",\"name\":\"Contamination laine isolante | Aspen Wildlife Control \u00e0 Gatineau\",\"isPartOf\":{\"@id\":\"https:\\\/\\\/aspenwildlifecontrol.com\\\/fr\\\/#website\"},\"datePublished\":\"2023-03-01T20:51:37+00:00\",\"dateModified\":\"2025-02-12T20:07:08+00:00\",\"description\":\"Pr\u00e9servez l'isolation de votre grenier avec Aspen Wildlife Control \u00e0 Gatineau-Ottawa. Solutions expertes pour \u00e9viter la contamination.\",\"breadcrumb\":{\"@id\":\"https:\\\/\\\/aspenwildlifecontrol.com\\\/fr\\\/prestations-de-service\\\/contamination-laine-isolante\\\/#breadcrumb\"},\"inLanguage\":\"fr-FR\",\"potentialAction\":[{\"@type\":\"ReadAction\",\"target\":[\"https:\\\/\\\/aspenwildlifecontrol.com\\\/fr\\\/prestations-de-service\\\/contamination-laine-isolante\\\/\"]}]},{\"@type\":\"BreadcrumbList\",\"@id\":\"https:\\\/\\\/aspenwildlifecontrol.com\\\/fr\\\/prestations-de-service\\\/contamination-laine-isolante\\\/#breadcrumb\",\"itemListElement\":[{\"@type\":\"ListItem\",\"position\":1,\"name\":\"Home\",\"item\":\"https:\\\/\\\/aspenwildlifecontrol.com\\\/fr\\\/\"},{\"@type\":\"ListItem\",\"position\":2,\"name\":\"Service control animal\",\"item\":\"https:\\\/\\\/aspenwildlifecontrol.com\\\/fr\\\/prestations-de-service\\\/\"},{\"@type\":\"ListItem\",\"position\":3,\"name\":\"Contamination \\\/ Laine isolante\"}]},{\"@type\":\"WebSite\",\"@id\":\"https:\\\/\\\/aspenwildlifecontrol.com\\\/fr\\\/#website\",\"url\":\"https:\\\/\\\/aspenwildlifecontrol.com\\\/fr\\\/\",\"name\":\"Aspen Wildlife Control\",\"description\":\"Fast, humane wildlife removal in Ottawa-Gatineau \u2014 guaranteed results, 24\\\/7 service\",\"potentialAction\":[{\"@type\":\"SearchAction\",\"target\":{\"@type\":\"EntryPoint\",\"urlTemplate\":\"https:\\\/\\\/aspenwildlifecontrol.com\\\/fr\\\/?s={search_term_string}\"},\"query-input\":{\"@type\":\"PropertyValueSpecification\",\"valueRequired\":true,\"valueName\":\"search_term_string\"}}],\"inLanguage\":\"fr-FR\"}]}<\/script>\n<!-- \/ Yoast SEO Premium plugin. -->","yoast_head_json":{"title":"Contamination laine isolante | Aspen Wildlife Control \u00e0 Gatineau","description":"Pr\u00e9servez l'isolation de votre grenier avec Aspen Wildlife Control \u00e0 Gatineau-Ottawa. Solutions expertes pour \u00e9viter la contamination.","robots":{"index":"index","follow":"follow","max-snippet":"max-snippet:-1","max-image-preview":"max-image-preview:large","max-video-preview":"max-video-preview:-1"},"canonical":"https:\/\/aspenwildlifecontrol.com\/fr\/prestations-de-service\/contamination-laine-isolante\/","og_locale":"fr_FR","og_type":"article","og_title":"Contamination \/ Laine isolante","og_description":"Pr\u00e9servez l'isolation de votre grenier avec Aspen Wildlife Control \u00e0 Gatineau-Ottawa. Solutions expertes pour \u00e9viter la contamination.","og_url":"https:\/\/aspenwildlifecontrol.com\/fr\/prestations-de-service\/contamination-laine-isolante\/","og_site_name":"Aspen Wildlife Control","article_modified_time":"2025-02-12T20:07:08+00:00","twitter_card":"summary_large_image","schema":{"@context":"https:\/\/schema.org","@graph":[{"@type":"WebPage","@id":"https:\/\/aspenwildlifecontrol.com\/fr\/prestations-de-service\/contamination-laine-isolante\/","url":"https:\/\/aspenwildlifecontrol.com\/fr\/prestations-de-service\/contamination-laine-isolante\/","name":"Contamination laine isolante | Aspen Wildlife Control \u00e0 Gatineau","isPartOf":{"@id":"https:\/\/aspenwildlifecontrol.com\/fr\/#website"},"datePublished":"2023-03-01T20:51:37+00:00","dateModified":"2025-02-12T20:07:08+00:00","description":"Pr\u00e9servez l'isolation de votre grenier avec Aspen Wildlife Control \u00e0 Gatineau-Ottawa. Solutions expertes pour \u00e9viter la contamination.","breadcrumb":{"@id":"https:\/\/aspenwildlifecontrol.com\/fr\/prestations-de-service\/contamination-laine-isolante\/#breadcrumb"},"inLanguage":"fr-FR","potentialAction":[{"@type":"ReadAction","target":["https:\/\/aspenwildlifecontrol.com\/fr\/prestations-de-service\/contamination-laine-isolante\/"]}]},{"@type":"BreadcrumbList","@id":"https:\/\/aspenwildlifecontrol.com\/fr\/prestations-de-service\/contamination-laine-isolante\/#breadcrumb","itemListElement":[{"@type":"ListItem","position":1,"name":"Home","item":"https:\/\/aspenwildlifecontrol.com\/fr\/"},{"@type":"ListItem","position":2,"name":"Service control animal","item":"https:\/\/aspenwildlifecontrol.com\/fr\/prestations-de-service\/"},{"@type":"ListItem","position":3,"name":"Contamination \/ Laine isolante"}]},{"@type":"WebSite","@id":"https:\/\/aspenwildlifecontrol.com\/fr\/#website","url":"https:\/\/aspenwildlifecontrol.com\/fr\/","name":"Aspen Wildlife Control","description":"Fast, humane wildlife removal in Ottawa-Gatineau \u2014 guaranteed results, 24\/7 service","potentialAction":[{"@type":"SearchAction","target":{"@type":"EntryPoint","urlTemplate":"https:\/\/aspenwildlifecontrol.com\/fr\/?s={search_term_string}"},"query-input":{"@type":"PropertyValueSpecification","valueRequired":true,"valueName":"search_term_string"}}],"inLanguage":"fr-FR"}]}},"_links":{"self":[{"href":"https:\/\/aspenwildlifecontrol.com\/fr\/wp-json\/wp\/v2\/pages\/983","targetHints":{"allow":["GET"]}}],"collection":[{"href":"https:\/\/aspenwildlifecontrol.com\/fr\/wp-json\/wp\/v2\/pages"}],"about":[{"href":"https:\/\/aspenwildlifecontrol.com\/fr\/wp-json\/wp\/v2\/types\/page"}],"author":[{"embeddable":true,"href":"https:\/\/aspenwildlifecontrol.com\/fr\/wp-json\/wp\/v2\/users\/1"}],"replies":[{"embeddable":true,"href":"https:\/\/aspenwildlifecontrol.com\/fr\/wp-json\/wp\/v2\/comments?post=983"}],"version-history":[{"count":11,"href":"https:\/\/aspenwildlifecontrol.com\/fr\/wp-json\/wp\/v2\/pages\/983\/revisions"}],"predecessor-version":[{"id":3345,"href":"https:\/\/aspenwildlifecontrol.com\/fr\/wp-json\/wp\/v2\/pages\/983\/revisions\/3345"}],"up":[{"embeddable":true,"href":"https:\/\/aspenwildlifecontrol.com\/fr\/wp-json\/wp\/v2\/pages\/3136"}],"wp:attachment":[{"href":"https:\/\/aspenwildlifecontrol.com\/fr\/wp-json\/wp\/v2\/media?parent=983"}],"curies":[{"name":"wp","href":"https:\/\/api.w.org\/{rel}","templated":true}]}}