{"id":962,"date":"2023-02-27T16:12:20","date_gmt":"2023-02-27T21:12:20","guid":{"rendered":"https:\/\/aspenwildlifecontrol.com\/cantley\/"},"modified":"2025-02-12T09:22:30","modified_gmt":"2025-02-12T14:22:30","slug":"cantley","status":"publish","type":"page","link":"https:\/\/aspenwildlifecontrol.com\/fr\/villes-desservies\/cantley\/","title":{"rendered":"Cantley"},"content":{"rendered":"<h2><span style=\"font-weight: 400;\">Besoin de services de lutte contre les nuisibles \u00e0 Cantley?<\/span><\/h2>\n<div class=\"et_pb_module et_pb_text et_pb_text_1 et_pb_text_align_left et_pb_bg_layout_light et_had_animation\">\n<div class=\"et_pb_text_inner\">\n<p>Aspen Wildlife Control est une entreprise de contr\u00f4le animalier de premier plan \u00e0 Cantley qui offre son expertise et son exp\u00e9rience dans la grande r\u00e9gion d&rsquo;Ottawa-Gatineau. Avec plus de 25 ans de connaissances en gestion de la faune.<\/p>\n<p>Vincent Leclerc &#8211; propri\u00e9taire et expert en environnement &#8211; dirige la mission d&rsquo;Aspen qui vise \u00e0 assurer une coexistence humaine entre les humains et les animaux sans avoir recours \u00e0 des services d&rsquo;extermination. Son \u00e9quipe travaille dans toute la r\u00e9gion de la capitale nationale pour prot\u00e9ger la s\u00e9curit\u00e9 publique et l&rsquo;environnement en contr\u00f4lant les parasites potentiels.<\/p>\n<\/div>\n<\/div>\n<h5><strong>Notre \u00e9quipe d&rsquo;experts fournit une assistance \u00e0 la relocalisation \u00e0 un large \u00e9ventail d\u2019animaux \u00e0 Cantley:<\/strong><\/h5>\n<div class=\"et_pb_module et_pb_text et_pb_text_3 et_pb_text_align_left et_pb_bg_layout_light et_had_animation\">\n<div class=\"et_pb_text_inner\">\n<ul>\n<li style=\"font-weight: 400;\" aria-level=\"1\"><span style=\"font-weight: 400;\"><a href=\"http:\/\/aspenwildlifecontrol.com\/fr\/prestations-de-service\/ratons-laveurs\/\">Les ratons laveurs<\/a>;<\/span><\/li>\n<li style=\"font-weight: 400;\" aria-level=\"1\"><span style=\"font-weight: 400;\"><a href=\"http:\/\/aspenwildlifecontrol.com\/fr\/prestations-de-service\/ecureuils\/\">Les \u00e9cureuils<\/a>;<\/span><\/li>\n<li style=\"font-weight: 400;\" aria-level=\"1\"><span style=\"font-weight: 400;\"><a href=\"http:\/\/aspenwildlifecontrol.com\/fr\/prestations-de-service\/moufettes\/\">Les mouffettes<\/a>;<\/span><\/li>\n<li style=\"font-weight: 400;\" aria-level=\"1\"><span style=\"font-weight: 400;\"><a href=\"http:\/\/aspenwildlifecontrol.com\/fr\/prestations-de-service\/oiseaux\/\">Les oiseaux<\/a>;<\/span><\/li>\n<li style=\"font-weight: 400;\" aria-level=\"1\"><span style=\"font-weight: 400;\"><a href=\"http:\/\/aspenwildlifecontrol.com\/fr\/prestations-de-service\/marmottes\/\">Les marmottes<\/a>;<\/span><\/li>\n<li style=\"font-weight: 400;\" aria-level=\"1\"><span style=\"font-weight: 400;\"><a href=\"http:\/\/aspenwildlifecontrol.com\/fr\/prestations-de-service\/guepes\/\">Les gu\u00eapes<\/a>;<\/span><\/li>\n<li style=\"font-weight: 400;\" aria-level=\"1\"><span style=\"font-weight: 400;\"><a href=\"http:\/\/aspenwildlifecontrol.com\/fr\/prestations-de-service\/chauve-souris\/\">Les chauves-souris<\/a>;<\/span><\/li>\n<li style=\"font-weight: 400;\" aria-level=\"1\"><span style=\"font-weight: 400;\"><a href=\"http:\/\/aspenwildlifecontrol.com\/fr\/prestations-de-service\/souris\/\">Les souris<\/a>;<\/span><\/li>\n<li style=\"font-weight: 400;\" aria-level=\"1\"><span style=\"font-weight: 400;\"><a href=\"http:\/\/aspenwildlifecontrol.com\/fr\/prestations-de-service\/rats\/\">Les rats<\/a>;<\/span><\/li>\n<li style=\"font-weight: 400;\" aria-level=\"1\"><span style=\"font-weight: 400;\"><a href=\"http:\/\/aspenwildlifecontrol.com\/fr\/prestations-de-service\/souris-des-champs\/\">Les mulots<\/a>.<\/span><\/li>\n<\/ul>\n<p><strong style=\"font-family: var(--heading--font-family); font-size: var(--heading--font-size-h5); letter-spacing: var(--heading--letter-spacing-h5); background-color: var(--global--color-background); color: var(--global--color-primary);\">Notre proc\u00e9dure d&rsquo;enl\u00e8vement des animaux sauvages est con\u00e7ue de mani\u00e8re unique pour garantir un traitement humain et efficace de toute situation \u00e0 Cantley:<\/strong><\/p>\n<\/div>\n<\/div>\n<p><span class=\"letterSpace\">1. \u00c9VALUER ET \u00c9LIMINER<\/span><\/p>\n<p>La premi\u00e8re \u00e9tape pour r\u00e9soudre tout probl\u00e8me li\u00e9 \u00e0 la faune sauvage commence par un diagnostic pr\u00e9cis. Nos professionnels qualifi\u00e9s commencent par effectuer une \u00e9tude approfondie de votre maison ou de votre propri\u00e9t\u00e9, en \u00e9valuant des \u00e9l\u00e9ments tels que :<\/p>\n<div class=\"et_pb_module et_pb_text et_pb_text_7 et_pb_text_align_left et_pb_bg_layout_light et_had_animation\">\n<div class=\"et_pb_text_inner\">\n<ul>\n<li>Quelle est l&rsquo;esp\u00e8ce animale concern\u00e9e ?<\/li>\n<li>O\u00f9 et quand est le point d&rsquo;entr\u00e9e ?<\/li>\n<li>Y a-t-il un point de retour ?<\/li>\n<li>Quels sont les dommages et la contamination potentiels ?<\/li>\n<\/ul>\n<p>&nbsp;<\/p>\n<\/div>\n<\/div>\n<p>Apr\u00e8s avoir termin\u00e9, notre technicien vous pr\u00e9sentera les r\u00e9sultats de son analyse professionnelle et cr\u00e9era un plan unique pour votre situation sp\u00e9cifique. En tenant compte du comportement de l&rsquo;animal ainsi que des caract\u00e9ristiques de votre maison, ce plan est adapt\u00e9 \u00e0 votre situation particuli\u00e8re.<\/p>\n<p><span class=\"letterSpace\">2. CLAIR ET PROPRE<\/span><\/p>\n<div class=\"et_pb_module et_pb_text et_pb_text_10 et_pb_text_align_left et_pb_bg_layout_light et_had_animation\">\n<div class=\"et_pb_text_inner\">\n<p>Les animaux sauvages vivant dans les zones urbaines, il est important de savoir comment traiter les dommages qu&rsquo;ils peuvent causer lorsqu&rsquo;ils visitent les maisons. Notre \u00e9quipe exp\u00e9riment\u00e9e vous aidera non seulement \u00e0 prendre soin de ce visiteur \u00e0 poils, mais aussi \u00e0 faire face \u00e0 toute contamination et \u00e0 tout dommage caus\u00e9s par leur pr\u00e9sence &#8211; en veillant \u00e0 ce que votre maison reste s\u00fbre pour les humains comme pour les animaux sauvages.<\/p>\n<p>Nos greniers peuvent sembler inoffensifs, mais lorsque l&rsquo;isolation est endommag\u00e9e ou d\u00e9plac\u00e9e, cela peut entra\u00eener une augmentation des co\u00fbts \u00e9nerg\u00e9tiques &#8211; en plus des dangers cach\u00e9s caus\u00e9s par de fortes concentrations d&rsquo;urine et de mati\u00e8res f\u00e9cales ! Il est essentiel de pr\u00e9server nos maisons de ces contaminations pour prot\u00e9ger \u00e0 la fois notre porte-monnaie et notre sant\u00e9.<\/p>\n<\/div>\n<\/div>\n<p><span class=\"letterSpace\">Service Rapide<\/span><\/p>\n<p>Lorsque vous avez besoin d&rsquo;aide pour r\u00e9soudre un probl\u00e8me li\u00e9 \u00e0 la faune, Contr\u00f4le des animaux d\u2019Aspen est pr\u00eat et vous attend ! Notre \u00e9quipe locale est fi\u00e8re de desservir la r\u00e9gion de Cantley &#8211; nous pouvons donc \u00eatre l\u00e0 rapidement pour vous fournir une solution efficace. Avec nous \u00e0 vos c\u00f4t\u00e9s, vous avez l&rsquo;esprit tranquille en sachant qu&rsquo;une solution rapide est \u00e0 port\u00e9e de main.<\/p>\n<h5>Vous avez un probl\u00e8me de bestioles \u00e0 Cantley?<\/h5>\n<p>Nous sommes l\u00e0 pour vous aider !<\/p>\n<p>Appelez-nous au num\u00e9ro de <a href=\"tel:(819)%20968-0349\">(819) 968-0349<\/a>\u00a0ou\u00a0<a href=\"tel:6136061190\">(613) 606-1190<\/a>\u00a0pour obtenir des services de contr\u00f4le des animaux nuisibles d\u00e8s aujourd&rsquo;hui.<\/p>\n","protected":false},"excerpt":{"rendered":"<p>Besoin de services de lutte contre les nuisibles \u00e0 Cantley? Aspen Wildlife Control est une entreprise de contr\u00f4le animalier de premier plan \u00e0 Cantley qui offre son expertise et son exp\u00e9rience dans la grande r\u00e9gion d&rsquo;Ottawa-Gatineau. Avec plus de 25 ans de connaissances en gestion de la faune. Vincent Leclerc &#8211; propri\u00e9taire et expert en&hellip; <a class=\"more-link\" href=\"https:\/\/aspenwildlifecontrol.com\/fr\/villes-desservies\/cantley\/\">Poursuivre la lecture <span class=\"screen-reader-text\">Cantley<\/span><\/a><\/p>\n","protected":false},"author":1,"featured_media":0,"parent":971,"menu_order":0,"comment_status":"closed","ping_status":"closed","template":"","meta":{"_acf_changed":false,"footnotes":""},"class_list":["post-962","page","type-page","status-publish","hentry","entry"],"acf":[],"yoast_head":"<!-- This site is optimized with the Yoast SEO Premium plugin v26.8 (Yoast SEO v27.4) - https:\/\/yoast.com\/product\/yoast-seo-premium-wordpress\/ -->\n<title>Cantley | Aspen Wildlife Control | Capture de marmottes \u00e0 Cantley<\/title>\n<meta name=\"description\" content=\"Cantley: nos services de contr\u00f4le animalier desservent Gatineau-Ottawa et les environs. Solutions expertes pour une coexistence pacifique.\" \/>\n<meta name=\"robots\" content=\"index, follow, max-snippet:-1, max-image-preview:large, max-video-preview:-1\" \/>\n<link rel=\"canonical\" href=\"https:\/\/aspenwildlifecontrol.com\/fr\/villes-desservies\/cantley\/\" \/>\n<meta property=\"og:locale\" content=\"fr_FR\" \/>\n<meta property=\"og:type\" content=\"article\" \/>\n<meta property=\"og:title\" content=\"Cantley\" \/>\n<meta property=\"og:description\" content=\"Cantley: nos services de contr\u00f4le animalier desservent Gatineau-Ottawa et les environs. Solutions expertes pour une coexistence pacifique.\" \/>\n<meta property=\"og:url\" content=\"https:\/\/aspenwildlifecontrol.com\/fr\/villes-desservies\/cantley\/\" \/>\n<meta property=\"og:site_name\" content=\"Aspen Wildlife Control\" \/>\n<meta property=\"article:modified_time\" content=\"2025-02-12T14:22:30+00:00\" \/>\n<meta name=\"twitter:card\" content=\"summary_large_image\" \/>\n<meta name=\"twitter:label1\" content=\"Dur\u00e9e de lecture estim\u00e9e\" \/>\n\t<meta name=\"twitter:data1\" content=\"3 minutes\" \/>\n<script type=\"application\/ld+json\" class=\"yoast-schema-graph\">{\"@context\":\"https:\\\/\\\/schema.org\",\"@graph\":[{\"@type\":\"WebPage\",\"@id\":\"https:\\\/\\\/aspenwildlifecontrol.com\\\/fr\\\/villes-desservies\\\/cantley\\\/\",\"url\":\"https:\\\/\\\/aspenwildlifecontrol.com\\\/fr\\\/villes-desservies\\\/cantley\\\/\",\"name\":\"Cantley | Aspen Wildlife Control | Capture de marmottes \u00e0 Cantley\",\"isPartOf\":{\"@id\":\"https:\\\/\\\/aspenwildlifecontrol.com\\\/fr\\\/#website\"},\"datePublished\":\"2023-02-27T21:12:20+00:00\",\"dateModified\":\"2025-02-12T14:22:30+00:00\",\"description\":\"Cantley: nos services de contr\u00f4le animalier desservent Gatineau-Ottawa et les environs. Solutions expertes pour une coexistence pacifique.\",\"breadcrumb\":{\"@id\":\"https:\\\/\\\/aspenwildlifecontrol.com\\\/fr\\\/villes-desservies\\\/cantley\\\/#breadcrumb\"},\"inLanguage\":\"fr-FR\",\"potentialAction\":[{\"@type\":\"ReadAction\",\"target\":[\"https:\\\/\\\/aspenwildlifecontrol.com\\\/fr\\\/villes-desservies\\\/cantley\\\/\"]}]},{\"@type\":\"BreadcrumbList\",\"@id\":\"https:\\\/\\\/aspenwildlifecontrol.com\\\/fr\\\/villes-desservies\\\/cantley\\\/#breadcrumb\",\"itemListElement\":[{\"@type\":\"ListItem\",\"position\":1,\"name\":\"Home\",\"item\":\"https:\\\/\\\/aspenwildlifecontrol.com\\\/fr\\\/\"},{\"@type\":\"ListItem\",\"position\":2,\"name\":\"Villes desservies\",\"item\":\"https:\\\/\\\/aspenwildlifecontrol.com\\\/fr\\\/areas-of-services\\\/\"},{\"@type\":\"ListItem\",\"position\":3,\"name\":\"Cantley\"}]},{\"@type\":\"WebSite\",\"@id\":\"https:\\\/\\\/aspenwildlifecontrol.com\\\/fr\\\/#website\",\"url\":\"https:\\\/\\\/aspenwildlifecontrol.com\\\/fr\\\/\",\"name\":\"Aspen Wildlife Control\",\"description\":\"Fast, humane wildlife removal in Ottawa-Gatineau \u2014 guaranteed results, 24\\\/7 service\",\"potentialAction\":[{\"@type\":\"SearchAction\",\"target\":{\"@type\":\"EntryPoint\",\"urlTemplate\":\"https:\\\/\\\/aspenwildlifecontrol.com\\\/fr\\\/?s={search_term_string}\"},\"query-input\":{\"@type\":\"PropertyValueSpecification\",\"valueRequired\":true,\"valueName\":\"search_term_string\"}}],\"inLanguage\":\"fr-FR\"}]}<\/script>\n<!-- \/ Yoast SEO Premium plugin. -->","yoast_head_json":{"title":"Cantley | Aspen Wildlife Control | Capture de marmottes \u00e0 Cantley","description":"Cantley: nos services de contr\u00f4le animalier desservent Gatineau-Ottawa et les environs. Solutions expertes pour une coexistence pacifique.","robots":{"index":"index","follow":"follow","max-snippet":"max-snippet:-1","max-image-preview":"max-image-preview:large","max-video-preview":"max-video-preview:-1"},"canonical":"https:\/\/aspenwildlifecontrol.com\/fr\/villes-desservies\/cantley\/","og_locale":"fr_FR","og_type":"article","og_title":"Cantley","og_description":"Cantley: nos services de contr\u00f4le animalier desservent Gatineau-Ottawa et les environs. Solutions expertes pour une coexistence pacifique.","og_url":"https:\/\/aspenwildlifecontrol.com\/fr\/villes-desservies\/cantley\/","og_site_name":"Aspen Wildlife Control","article_modified_time":"2025-02-12T14:22:30+00:00","twitter_card":"summary_large_image","twitter_misc":{"Dur\u00e9e de lecture estim\u00e9e":"3 minutes"},"schema":{"@context":"https:\/\/schema.org","@graph":[{"@type":"WebPage","@id":"https:\/\/aspenwildlifecontrol.com\/fr\/villes-desservies\/cantley\/","url":"https:\/\/aspenwildlifecontrol.com\/fr\/villes-desservies\/cantley\/","name":"Cantley | Aspen Wildlife Control | Capture de marmottes \u00e0 Cantley","isPartOf":{"@id":"https:\/\/aspenwildlifecontrol.com\/fr\/#website"},"datePublished":"2023-02-27T21:12:20+00:00","dateModified":"2025-02-12T14:22:30+00:00","description":"Cantley: nos services de contr\u00f4le animalier desservent Gatineau-Ottawa et les environs. Solutions expertes pour une coexistence pacifique.","breadcrumb":{"@id":"https:\/\/aspenwildlifecontrol.com\/fr\/villes-desservies\/cantley\/#breadcrumb"},"inLanguage":"fr-FR","potentialAction":[{"@type":"ReadAction","target":["https:\/\/aspenwildlifecontrol.com\/fr\/villes-desservies\/cantley\/"]}]},{"@type":"BreadcrumbList","@id":"https:\/\/aspenwildlifecontrol.com\/fr\/villes-desservies\/cantley\/#breadcrumb","itemListElement":[{"@type":"ListItem","position":1,"name":"Home","item":"https:\/\/aspenwildlifecontrol.com\/fr\/"},{"@type":"ListItem","position":2,"name":"Villes desservies","item":"https:\/\/aspenwildlifecontrol.com\/fr\/areas-of-services\/"},{"@type":"ListItem","position":3,"name":"Cantley"}]},{"@type":"WebSite","@id":"https:\/\/aspenwildlifecontrol.com\/fr\/#website","url":"https:\/\/aspenwildlifecontrol.com\/fr\/","name":"Aspen Wildlife Control","description":"Fast, humane wildlife removal in Ottawa-Gatineau \u2014 guaranteed results, 24\/7 service","potentialAction":[{"@type":"SearchAction","target":{"@type":"EntryPoint","urlTemplate":"https:\/\/aspenwildlifecontrol.com\/fr\/?s={search_term_string}"},"query-input":{"@type":"PropertyValueSpecification","valueRequired":true,"valueName":"search_term_string"}}],"inLanguage":"fr-FR"}]}},"_links":{"self":[{"href":"https:\/\/aspenwildlifecontrol.com\/fr\/wp-json\/wp\/v2\/pages\/962","targetHints":{"allow":["GET"]}}],"collection":[{"href":"https:\/\/aspenwildlifecontrol.com\/fr\/wp-json\/wp\/v2\/pages"}],"about":[{"href":"https:\/\/aspenwildlifecontrol.com\/fr\/wp-json\/wp\/v2\/types\/page"}],"author":[{"embeddable":true,"href":"https:\/\/aspenwildlifecontrol.com\/fr\/wp-json\/wp\/v2\/users\/1"}],"replies":[{"embeddable":true,"href":"https:\/\/aspenwildlifecontrol.com\/fr\/wp-json\/wp\/v2\/comments?post=962"}],"version-history":[{"count":5,"href":"https:\/\/aspenwildlifecontrol.com\/fr\/wp-json\/wp\/v2\/pages\/962\/revisions"}],"predecessor-version":[{"id":3237,"href":"https:\/\/aspenwildlifecontrol.com\/fr\/wp-json\/wp\/v2\/pages\/962\/revisions\/3237"}],"up":[{"embeddable":true,"href":"https:\/\/aspenwildlifecontrol.com\/fr\/wp-json\/wp\/v2\/pages\/971"}],"wp:attachment":[{"href":"https:\/\/aspenwildlifecontrol.com\/fr\/wp-json\/wp\/v2\/media?parent=962"}],"curies":[{"name":"wp","href":"https:\/\/api.w.org\/{rel}","templated":true}]}}