{"id":936,"date":"2023-03-15T19:19:10","date_gmt":"2023-03-15T23:19:10","guid":{"rendered":"https:\/\/aspenwildlifecontrol.com\/pourquoi-les-chauves-souris-entrent-elles-dans-votre-maison\/"},"modified":"2025-01-28T09:55:07","modified_gmt":"2025-01-28T14:55:07","slug":"pourquoi-les-chauves-souris-entrent-elles-dans-votre-maison","status":"publish","type":"page","link":"https:\/\/aspenwildlifecontrol.com\/fr\/prestations-de-service\/chauve-souris\/pourquoi-les-chauves-souris-entrent-elles-dans-votre-maison\/","title":{"rendered":"Pourquoi les chauves-souris entrent-elles dans votre maison ?"},"content":{"rendered":"<p>Les chauves-souris femelles sont connues pour leur instinct de retour in\u00e9gal\u00e9, revenant souvent au m\u00eame site de nidification ann\u00e9e apr\u00e8s ann\u00e9e. Ayant une pr\u00e9f\u00e9rence pour les endroits sombres et chauds, beaucoup trouvent les greniers de nos maisons comme un endroit id\u00e9al pour donner naissance et \u00e9lever leurs petits.<\/p>\n<h3><strong>Comment les chauves-souris entrent-elles dans les maisons?<\/strong><\/h3>\n<div class=\"et_pb_module et_pb_text et_pb_text_2 et_pb_text_align_left et_pb_bg_layout_light et_had_animation\">\n<div class=\"et_pb_text_inner\">\n<p>Si vous pensez que votre maison pourrait \u00eatre le refuge id\u00e9al pour certaines de nos amies ail\u00e9es, il est probable qu&rsquo;elles s&rsquo;introduisent par les fissures ou les rebords du toit. Il est \u00e9galement possible que de minuscules esp\u00e8ces de chauves-souris puissent se faufiler dans n&rsquo;importe quel syst\u00e8me de ventilation, qu&rsquo;il s&rsquo;agisse des \u00e9vents de grenier ou de toit, des ouvertures de circulation d&rsquo;air dans les murs ou des tuyaux de plomberie.<\/p>\n<p>Apr\u00e8s tout, ces cr\u00e9atures sont capables de p\u00e9n\u00e9trer dans des trous de 6 mm \u00e0 peine.<\/p>\n<\/div>\n<\/div>\n<h3><strong>Les chauves-souris sont-elles dangereuses?<\/strong><\/h3>\n<div class=\"et_pb_module et_pb_text et_pb_text_4 et_pb_text_align_left et_pb_bg_layout_light et_had_animation\">\n<div class=\"et_pb_text_inner\">\n<p>Les chauves-souris sont des h\u00e9ros, qui contr\u00f4lent silencieusement la propagation des insectes nuisibles comme les moustiques. Elles font preuve d&rsquo;un incroyable exploit en voulant nous aider, en attrapant pr\u00e8s de 600 moustiques en une seule heure.<\/p>\n<p>Une rencontre avec une chauve-souris peut \u00eatre pr\u00e9judiciable \u00e0 votre sant\u00e9, car elle peut \u00eatre porteuse de maladies potentiellement mortelles comme la rage et l&rsquo;histoplasmose. M\u00eame si vous n&rsquo;\u00eates pas mordu ou griff\u00e9 par une chauve-souris, le simple fait d&rsquo;\u00eatre \u00e0 proximit\u00e9 de ses excr\u00e9ments peut suffire pour que des champignons en suspension dans l&rsquo;air, comme l&rsquo;histoplasmose, p\u00e9n\u00e8trent dans vos poumons.<\/p>\n<p>Consultez toujours un m\u00e9decin imm\u00e9diatement apr\u00e8s une interaction avec des chauves-souris &#8211; sans tenir compte des morsures visibles ; leurs dents minuscules sont si fines que certaines blessures peuvent passer inaper\u00e7ues !<\/p>\n<p><span style=\"font-weight: 400;\">Ne prenez pas de risque pour votre sant\u00e9 en essayant d&rsquo;\u00e9liminer une chauve-souris de votre maison &#8211; contactez-nous d\u00e8s aujourd&rsquo;hui et laissez notre \u00e9quipe professionnelle s&rsquo;en occuper en toute s\u00e9curit\u00e9.<\/span><\/p>\n<\/div>\n<\/div>\n<h3>Services sur demande<\/h3>\n<p>Vous avez besoin de services <span style=\"font-weight: 400;\">d&rsquo;enl\u00e8vement de <\/span> \u00e0 Ottawa-Gatineau ?<\/p>\n<p><a href=\"#\"><span style=\"font-weight: 400;\"><\/span><\/a><a href=\"http:\/\/aspenwildlifecontrol.com\/fr\/contact\/\">Contactez-nous<\/a><\/p>\n","protected":false},"excerpt":{"rendered":"<p>Les chauves-souris femelles sont connues pour leur instinct de retour in\u00e9gal\u00e9, revenant souvent au m\u00eame site de nidification ann\u00e9e apr\u00e8s ann\u00e9e. Ayant une pr\u00e9f\u00e9rence pour les endroits sombres et chauds, beaucoup trouvent les greniers de nos maisons comme un endroit id\u00e9al pour donner naissance et \u00e9lever leurs petits. Comment les chauves-souris entrent-elles dans les maisons?&hellip; <a class=\"more-link\" href=\"https:\/\/aspenwildlifecontrol.com\/fr\/prestations-de-service\/chauve-souris\/pourquoi-les-chauves-souris-entrent-elles-dans-votre-maison\/\">Poursuivre la lecture <span class=\"screen-reader-text\">Pourquoi les chauves-souris entrent-elles dans votre maison ?<\/span><\/a><\/p>\n","protected":false},"author":1,"featured_media":0,"parent":975,"menu_order":0,"comment_status":"closed","ping_status":"closed","template":"","meta":{"_acf_changed":false,"footnotes":""},"class_list":["post-936","page","type-page","status-publish","hentry","entry"],"acf":[],"yoast_head":"<!-- This site is optimized with the Yoast SEO Premium plugin v26.8 (Yoast SEO v27.4) - https:\/\/yoast.com\/product\/yoast-seo-premium-wordpress\/ -->\n<title>Pourquoi les chauves-souris entrent-elles dans votre maison<\/title>\n<meta name=\"description\" content=\"Comprenez les raisons de la pr\u00e9sence des chauves-souris avec Aspen Wildlife Control \u00e0 Gatineau-Ottawa. Solutions pour la pr\u00e9vention efficace.\" \/>\n<meta name=\"robots\" content=\"index, follow, max-snippet:-1, max-image-preview:large, max-video-preview:-1\" \/>\n<link rel=\"canonical\" href=\"https:\/\/aspenwildlifecontrol.com\/fr\/prestations-de-service\/chauve-souris\/pourquoi-les-chauves-souris-entrent-elles-dans-votre-maison\/\" \/>\n<meta property=\"og:locale\" content=\"fr_FR\" \/>\n<meta property=\"og:type\" content=\"article\" \/>\n<meta property=\"og:title\" content=\"Pourquoi les chauves-souris entrent-elles dans votre maison ?\" \/>\n<meta property=\"og:description\" content=\"Comprenez les raisons de la pr\u00e9sence des chauves-souris avec Aspen Wildlife Control \u00e0 Gatineau-Ottawa. Solutions pour la pr\u00e9vention efficace.\" \/>\n<meta property=\"og:url\" content=\"https:\/\/aspenwildlifecontrol.com\/fr\/prestations-de-service\/chauve-souris\/pourquoi-les-chauves-souris-entrent-elles-dans-votre-maison\/\" \/>\n<meta property=\"og:site_name\" content=\"Aspen Wildlife Control\" \/>\n<meta property=\"article:modified_time\" content=\"2025-01-28T14:55:07+00:00\" \/>\n<meta name=\"twitter:card\" content=\"summary_large_image\" \/>\n<meta name=\"twitter:label1\" content=\"Dur\u00e9e de lecture estim\u00e9e\" \/>\n\t<meta name=\"twitter:data1\" content=\"2 minutes\" \/>\n<script type=\"application\/ld+json\" class=\"yoast-schema-graph\">{\"@context\":\"https:\\\/\\\/schema.org\",\"@graph\":[{\"@type\":\"WebPage\",\"@id\":\"https:\\\/\\\/aspenwildlifecontrol.com\\\/fr\\\/prestations-de-service\\\/chauve-souris\\\/pourquoi-les-chauves-souris-entrent-elles-dans-votre-maison\\\/\",\"url\":\"https:\\\/\\\/aspenwildlifecontrol.com\\\/fr\\\/prestations-de-service\\\/chauve-souris\\\/pourquoi-les-chauves-souris-entrent-elles-dans-votre-maison\\\/\",\"name\":\"Pourquoi les chauves-souris entrent-elles dans votre maison\",\"isPartOf\":{\"@id\":\"https:\\\/\\\/aspenwildlifecontrol.com\\\/fr\\\/#website\"},\"datePublished\":\"2023-03-15T23:19:10+00:00\",\"dateModified\":\"2025-01-28T14:55:07+00:00\",\"description\":\"Comprenez les raisons de la pr\u00e9sence des chauves-souris avec Aspen Wildlife Control \u00e0 Gatineau-Ottawa. Solutions pour la pr\u00e9vention efficace.\",\"breadcrumb\":{\"@id\":\"https:\\\/\\\/aspenwildlifecontrol.com\\\/fr\\\/prestations-de-service\\\/chauve-souris\\\/pourquoi-les-chauves-souris-entrent-elles-dans-votre-maison\\\/#breadcrumb\"},\"inLanguage\":\"fr-FR\",\"potentialAction\":[{\"@type\":\"ReadAction\",\"target\":[\"https:\\\/\\\/aspenwildlifecontrol.com\\\/fr\\\/prestations-de-service\\\/chauve-souris\\\/pourquoi-les-chauves-souris-entrent-elles-dans-votre-maison\\\/\"]}]},{\"@type\":\"BreadcrumbList\",\"@id\":\"https:\\\/\\\/aspenwildlifecontrol.com\\\/fr\\\/prestations-de-service\\\/chauve-souris\\\/pourquoi-les-chauves-souris-entrent-elles-dans-votre-maison\\\/#breadcrumb\",\"itemListElement\":[{\"@type\":\"ListItem\",\"position\":1,\"name\":\"Home\",\"item\":\"https:\\\/\\\/aspenwildlifecontrol.com\\\/fr\\\/\"},{\"@type\":\"ListItem\",\"position\":2,\"name\":\"Service control animal\",\"item\":\"https:\\\/\\\/aspenwildlifecontrol.com\\\/fr\\\/prestations-de-service\\\/\"},{\"@type\":\"ListItem\",\"position\":3,\"name\":\"Chauve souris\",\"item\":\"https:\\\/\\\/aspenwildlifecontrol.com\\\/fr\\\/prestations-de-service\\\/chauve-souris\\\/\"},{\"@type\":\"ListItem\",\"position\":4,\"name\":\"Pourquoi les chauves-souris entrent-elles dans votre maison ?\"}]},{\"@type\":\"WebSite\",\"@id\":\"https:\\\/\\\/aspenwildlifecontrol.com\\\/fr\\\/#website\",\"url\":\"https:\\\/\\\/aspenwildlifecontrol.com\\\/fr\\\/\",\"name\":\"Aspen Wildlife Control\",\"description\":\"Fast, humane wildlife removal in Ottawa-Gatineau \u2014 guaranteed results, 24\\\/7 service\",\"potentialAction\":[{\"@type\":\"SearchAction\",\"target\":{\"@type\":\"EntryPoint\",\"urlTemplate\":\"https:\\\/\\\/aspenwildlifecontrol.com\\\/fr\\\/?s={search_term_string}\"},\"query-input\":{\"@type\":\"PropertyValueSpecification\",\"valueRequired\":true,\"valueName\":\"search_term_string\"}}],\"inLanguage\":\"fr-FR\"}]}<\/script>\n<!-- \/ Yoast SEO Premium plugin. -->","yoast_head_json":{"title":"Pourquoi les chauves-souris entrent-elles dans votre maison","description":"Comprenez les raisons de la pr\u00e9sence des chauves-souris avec Aspen Wildlife Control \u00e0 Gatineau-Ottawa. Solutions pour la pr\u00e9vention efficace.","robots":{"index":"index","follow":"follow","max-snippet":"max-snippet:-1","max-image-preview":"max-image-preview:large","max-video-preview":"max-video-preview:-1"},"canonical":"https:\/\/aspenwildlifecontrol.com\/fr\/prestations-de-service\/chauve-souris\/pourquoi-les-chauves-souris-entrent-elles-dans-votre-maison\/","og_locale":"fr_FR","og_type":"article","og_title":"Pourquoi les chauves-souris entrent-elles dans votre maison ?","og_description":"Comprenez les raisons de la pr\u00e9sence des chauves-souris avec Aspen Wildlife Control \u00e0 Gatineau-Ottawa. Solutions pour la pr\u00e9vention efficace.","og_url":"https:\/\/aspenwildlifecontrol.com\/fr\/prestations-de-service\/chauve-souris\/pourquoi-les-chauves-souris-entrent-elles-dans-votre-maison\/","og_site_name":"Aspen Wildlife Control","article_modified_time":"2025-01-28T14:55:07+00:00","twitter_card":"summary_large_image","twitter_misc":{"Dur\u00e9e de lecture estim\u00e9e":"2 minutes"},"schema":{"@context":"https:\/\/schema.org","@graph":[{"@type":"WebPage","@id":"https:\/\/aspenwildlifecontrol.com\/fr\/prestations-de-service\/chauve-souris\/pourquoi-les-chauves-souris-entrent-elles-dans-votre-maison\/","url":"https:\/\/aspenwildlifecontrol.com\/fr\/prestations-de-service\/chauve-souris\/pourquoi-les-chauves-souris-entrent-elles-dans-votre-maison\/","name":"Pourquoi les chauves-souris entrent-elles dans votre maison","isPartOf":{"@id":"https:\/\/aspenwildlifecontrol.com\/fr\/#website"},"datePublished":"2023-03-15T23:19:10+00:00","dateModified":"2025-01-28T14:55:07+00:00","description":"Comprenez les raisons de la pr\u00e9sence des chauves-souris avec Aspen Wildlife Control \u00e0 Gatineau-Ottawa. Solutions pour la pr\u00e9vention efficace.","breadcrumb":{"@id":"https:\/\/aspenwildlifecontrol.com\/fr\/prestations-de-service\/chauve-souris\/pourquoi-les-chauves-souris-entrent-elles-dans-votre-maison\/#breadcrumb"},"inLanguage":"fr-FR","potentialAction":[{"@type":"ReadAction","target":["https:\/\/aspenwildlifecontrol.com\/fr\/prestations-de-service\/chauve-souris\/pourquoi-les-chauves-souris-entrent-elles-dans-votre-maison\/"]}]},{"@type":"BreadcrumbList","@id":"https:\/\/aspenwildlifecontrol.com\/fr\/prestations-de-service\/chauve-souris\/pourquoi-les-chauves-souris-entrent-elles-dans-votre-maison\/#breadcrumb","itemListElement":[{"@type":"ListItem","position":1,"name":"Home","item":"https:\/\/aspenwildlifecontrol.com\/fr\/"},{"@type":"ListItem","position":2,"name":"Service control animal","item":"https:\/\/aspenwildlifecontrol.com\/fr\/prestations-de-service\/"},{"@type":"ListItem","position":3,"name":"Chauve souris","item":"https:\/\/aspenwildlifecontrol.com\/fr\/prestations-de-service\/chauve-souris\/"},{"@type":"ListItem","position":4,"name":"Pourquoi les chauves-souris entrent-elles dans votre maison ?"}]},{"@type":"WebSite","@id":"https:\/\/aspenwildlifecontrol.com\/fr\/#website","url":"https:\/\/aspenwildlifecontrol.com\/fr\/","name":"Aspen Wildlife Control","description":"Fast, humane wildlife removal in Ottawa-Gatineau \u2014 guaranteed results, 24\/7 service","potentialAction":[{"@type":"SearchAction","target":{"@type":"EntryPoint","urlTemplate":"https:\/\/aspenwildlifecontrol.com\/fr\/?s={search_term_string}"},"query-input":{"@type":"PropertyValueSpecification","valueRequired":true,"valueName":"search_term_string"}}],"inLanguage":"fr-FR"}]}},"_links":{"self":[{"href":"https:\/\/aspenwildlifecontrol.com\/fr\/wp-json\/wp\/v2\/pages\/936","targetHints":{"allow":["GET"]}}],"collection":[{"href":"https:\/\/aspenwildlifecontrol.com\/fr\/wp-json\/wp\/v2\/pages"}],"about":[{"href":"https:\/\/aspenwildlifecontrol.com\/fr\/wp-json\/wp\/v2\/types\/page"}],"author":[{"embeddable":true,"href":"https:\/\/aspenwildlifecontrol.com\/fr\/wp-json\/wp\/v2\/users\/1"}],"replies":[{"embeddable":true,"href":"https:\/\/aspenwildlifecontrol.com\/fr\/wp-json\/wp\/v2\/comments?post=936"}],"version-history":[{"count":2,"href":"https:\/\/aspenwildlifecontrol.com\/fr\/wp-json\/wp\/v2\/pages\/936\/revisions"}],"predecessor-version":[{"id":1293,"href":"https:\/\/aspenwildlifecontrol.com\/fr\/wp-json\/wp\/v2\/pages\/936\/revisions\/1293"}],"up":[{"embeddable":true,"href":"https:\/\/aspenwildlifecontrol.com\/fr\/wp-json\/wp\/v2\/pages\/975"}],"wp:attachment":[{"href":"https:\/\/aspenwildlifecontrol.com\/fr\/wp-json\/wp\/v2\/media?parent=936"}],"curies":[{"name":"wp","href":"https:\/\/api.w.org\/{rel}","templated":true}]}}