{"id":4618,"date":"2026-03-11T14:14:42","date_gmt":"2026-03-11T18:14:42","guid":{"rendered":"https:\/\/aspenwildlifecontrol.com\/villes-desservies\/barrhaven\/"},"modified":"2026-03-16T11:06:14","modified_gmt":"2026-03-16T15:06:14","slug":"barrhaven","status":"publish","type":"page","link":"https:\/\/aspenwildlifecontrol.com\/fr\/villes-desservies\/barrhaven\/","title":{"rendered":"Barrhaven"},"content":{"rendered":"<h2><b>Besoin d\u2019un contr\u00f4le animalier \u00e0 Barrhaven ?<\/b><\/h2>\n<p><span style=\"font-weight: 400;\">Le contr\u00f4le animalier \u00e0 Barrhaven commence souvent lorsque des propri\u00e9taires remarquent une activit\u00e9 inhabituelle autour de leur propri\u00e9t\u00e9. Barrhaven fait partie des districts suburbains d\u2019Ottawa qui connaissent la croissance la plus rapide, o\u00f9 les d\u00e9veloppements r\u00e9sidentiels sont entour\u00e9s de parcs, de bassins de r\u00e9tention des eaux pluviales et de zones vertes tampons. Ces paysages cr\u00e9ent des conditions id\u00e9ales pour les d\u00e9placements de la faune sauvage. Les animaux circulent fr\u00e9quemment \u00e0 travers les arri\u00e8re-cours, les cl\u00f4tures et les toits \u00e0 la recherche de nourriture ou d\u2019un abri.<\/span><\/p>\n<p><span style=\"font-weight: 400;\">Lorsqu\u2019une ouverture appara\u00eet dans un \u00e9vent de toiture, un soffite ou une fissure dans les fondations, la faune peut rapidement p\u00e9n\u00e9trer dans une maison et \u00e9tablir une zone de nidification. Le contr\u00f4le de la faune sauvage \u00e0 Barrhaven vise \u00e0 r\u00e9soudre cette intrusion avant qu\u2019elle ne se propage dans la structure.<\/span><\/p>\n<h5><b>Pourquoi les zones suburbaines comme Barrhaven attirent la faune<\/b><\/h5>\n<p><span style=\"font-weight: 400;\">L\u2019am\u00e9nagement de Barrhaven joue un r\u00f4le important dans l\u2019activit\u00e9 de la faune. De nombreuses rues r\u00e9sidentielles se relient directement \u00e0 des sentiers p\u00e9destres, \u00e0 des bassins de drainage et \u00e0 de petites zones bois\u00e9es. Ces corridors verts permettent aux animaux de circuler discr\u00e8tement dans les quartiers pendant la nuit.<\/span><\/p>\n<p><span style=\"font-weight: 400;\">Pour des animaux comme les<\/span><a href=\"https:\/\/aspenwildlifecontrol.com\/fr\/prestations-de-service\/ratons-laveurs\/\"> <span style=\"font-weight: 400;\">ratons laveurs<\/span><\/a><span style=\"font-weight: 400;\"> et les<\/span><a href=\"https:\/\/aspenwildlifecontrol.com\/fr\/prestations-de-service\/ecureuils\/\"> <span style=\"font-weight: 400;\">\u00e9cureuils<\/span><\/a><span style=\"font-weight: 400;\">, les greniers et les lignes de toiture deviennent des zones de nidification s\u00e9curitaires. Les<\/span><a href=\"https:\/\/aspenwildlifecontrol.com\/fr\/prestations-de-service\/moufettes\/\"> <span style=\"font-weight: 400;\">mouffettes<\/span><\/a><span style=\"font-weight: 400;\"> s\u2019installent souvent sous les porches ou les cabanons, l\u00e0 o\u00f9 le sol est facile \u00e0 creuser. Les<\/span><a href=\"https:\/\/aspenwildlifecontrol.com\/fr\/prestations-de-service\/oiseaux\/\"> <span style=\"font-weight: 400;\">oiseaux<\/span><\/a><span style=\"font-weight: 400;\"> peuvent entrer dans les \u00e9vents ou les ouvertures du toit pour construire leurs nids au printemps.<\/span><\/p>\n<p><span style=\"font-weight: 400;\">Les animaux vivant au sol sont \u00e9galement attir\u00e9s par ces environnements. Les<\/span><a href=\"https:\/\/aspenwildlifecontrol.com\/fr\/prestations-de-service\/marmottes\/\"> <span style=\"font-weight: 400;\">marmottes<\/span><\/a><span style=\"font-weight: 400;\">, par exemple, creusent fr\u00e9quemment des terriers sous les terrasses, les patios ou les cabanons, l\u00e0 o\u00f9 le sol est meuble et peu perturb\u00e9.<\/span><\/p>\n<p><span style=\"font-weight: 400;\">D\u2019autres esp\u00e8ces pr\u00e9f\u00e8rent les espaces \u00e9lev\u00e9s et prot\u00e9g\u00e9s. Les<\/span><a href=\"https:\/\/aspenwildlifecontrol.com\/fr\/prestations-de-service\/chauve-souris\/\"> <span style=\"font-weight: 400;\">chauves-souris<\/span><\/a><span style=\"font-weight: 400;\"> peuvent entrer par de petites ouvertures le long des lignes de toiture, des soffites ou des \u00e9vents et se percher discr\u00e8tement dans les greniers pendant les mois plus chauds.<\/span><\/p>\n<p><span style=\"font-weight: 400;\">Les rongeurs comme les<\/span><a href=\"https:\/\/aspenwildlifecontrol.com\/fr\/prestations-de-service\/souris\/\"> <span style=\"font-weight: 400;\">souris<\/span><\/a><span style=\"font-weight: 400;\">, les<\/span><a href=\"https:\/\/aspenwildlifecontrol.com\/fr\/prestations-de-service\/rats\/\"> <span style=\"font-weight: 400;\">rats<\/span><\/a><span style=\"font-weight: 400;\"> et les<\/span><a href=\"https:\/\/aspenwildlifecontrol.com\/fr\/prestations-de-service\/souris-des-champs\/\"> <span style=\"font-weight: 400;\">campagnols<\/span><\/a><span style=\"font-weight: 400;\"> sont \u00e9galement attir\u00e9s par ces environnements, car ils offrent \u00e0 la fois de la nourriture et une protection contre les pr\u00e9dateurs.<\/span><\/p>\n<p><span style=\"font-weight: 400;\">Dans des paysages suburbains comme Barrhaven, la faune n\u2019a pas besoin de for\u00eats profondes pour survivre. Les zones r\u00e9sidentielles offrent d\u00e9j\u00e0 tout ce dont les animaux ont besoin : un abri, de la nourriture et des endroits s\u00e9curitaires pour se reproduire.<\/span><\/p>\n<h5><b>Notre processus de contr\u00f4le animalier \u00e0 Barrhaven<\/b><\/h5>\n<p><span style=\"font-weight: 400;\">Un contr\u00f4le efficace de la faune n\u00e9cessite de traiter \u00e0 la fois l\u2019animal et le point d\u2019entr\u00e9e utilis\u00e9.<\/span><\/p>\n<h5><b>Inspection de la faune sauvage dans les maisons de Barrhaven<\/b><\/h5>\n<p><span style=\"font-weight: 400;\">Notre \u00e9quipe commence chaque intervention de contr\u00f4le animalier par une inspection d\u00e9taill\u00e9e de la structure ext\u00e9rieure. Les \u00e9vents de toiture, les soffites, les ouvertures de grenier et les jonctions de toiture sont examin\u00e9s attentivement, car ces zones permettent souvent l\u2019entr\u00e9e de la faune.<\/span><\/p>\n<p><span style=\"font-weight: 400;\">Les bases de terrasse, les ouvertures dans les fondations et les passages de services sont \u00e9galement inspect\u00e9s, puisque les rongeurs utilisent fr\u00e9quemment ces acc\u00e8s. La localisation du point d\u2019acc\u00e8s permet de r\u00e9soudre le probl\u00e8me de fa\u00e7on permanente.<\/span><\/p>\n<h5><b>Contr\u00f4le de la faune sauvage sans cruaut\u00e9 \u00e0 Barrhaven<\/b><\/h5>\n<p><span style=\"font-weight: 400;\">Une fois l\u2019animal et la zone de nidification identifi\u00e9s, notre \u00e9quipe proc\u00e8de au retrait de la faune en utilisant des techniques s\u00e9curitaires et contr\u00f4l\u00e9es.<\/span><\/p>\n<p><span style=\"font-weight: 400;\">Le contr\u00f4le de la faune sauvage \u00e0 Barrhaven concerne fr\u00e9quemment les ratons laveurs, les \u00e9cureuils, les mouffettes et les rongeurs. Dans plusieurs situations, le retrait de ratons laveurs \u00e0 Barrhaven exige une manipulation prudente, car ces animaux nichent souvent dans les greniers au printemps. Chaque situation n\u00e9cessite une approche diff\u00e9rente selon l\u2019esp\u00e8ce et l\u2019emplacement du nid.<\/span><\/p>\n<p><span style=\"font-weight: 400;\">Au printemps, les ratons laveurs occupent souvent les greniers avec leurs petits. Le retrait d\u2019\u00e9cureuils repose g\u00e9n\u00e9ralement sur des m\u00e9thodes d\u2019exclusion qui permettent aux animaux de sortir de la structure sans pouvoir y revenir.<\/span><\/p>\n<h4><b>Renforcement des zones vuln\u00e9rables apr\u00e8s le retrait<\/b><\/h4>\n<p><span style=\"font-weight: 400;\">Retirer l\u2019animal r\u00e8gle le probl\u00e8me imm\u00e9diat, mais des r\u00e9parations structurelles doivent suivre. Les \u00e9vents de toiture sont renforc\u00e9s avec des protections durables con\u00e7ues pour r\u00e9sister aux dommages caus\u00e9s par la faune. Les soffites et les planches de rive endommag\u00e9s sont r\u00e9par\u00e9s afin d\u2019\u00e9liminer les points d\u2019acc\u00e8s au grenier. Les petites ouvertures autour des fondations, des supports de terrasse et des conduites de services sont scell\u00e9es pour emp\u00eacher les rongeurs d\u2019entrer dans le b\u00e2timent.<\/span><\/p>\n<p><span style=\"font-weight: 400;\">Ces renforcements transforment les points faibles en barri\u00e8res s\u00e9curis\u00e9es.<\/span><\/p>\n<h4><b>Pr\u00e9venir le retour de la faune sauvage<\/b><\/h4>\n<p><span style=\"font-weight: 400;\">La pr\u00e9vention de la faune vise \u00e0 limiter l\u2019acc\u00e8s \u00e0 la structure. Les branches d\u2019arbres qui d\u00e9passent au-dessus des toits cr\u00e9ent des passages naturels pour les \u00e9cureuils et les ratons laveurs. L\u2019\u00e9lagage de ces branches r\u00e9duit consid\u00e9rablement l\u2019acc\u00e8s au toit.<\/span><\/p>\n<p><span style=\"font-weight: 400;\">Dans les quartiers de Barrhaven situ\u00e9s pr\u00e8s de parcs et de bassins de r\u00e9tention des eaux pluviales, les d\u00e9placements de la faune demeurent constants. Les mesures pr\u00e9ventives contribuent donc \u00e0 prot\u00e9ger les maisons longtemps apr\u00e8s l\u2019intervention.<\/span><\/p>\n<h5><b>Urgences li\u00e9es \u00e0 la faune dans les maisons de Barrhaven<\/b><\/h5>\n<p><span style=\"font-weight: 400;\">Certaines intrusions d\u2019animaux peuvent s\u2019aggraver tr\u00e8s rapidement. Des ratons laveurs peuvent occuper un grenier et commencer \u00e0 endommager l\u2019isolant et les \u00e9vents en peu de temps, ce qui explique pourquoi le retrait de ratons laveurs \u00e0 Barrhaven n\u00e9cessite parfois une intervention imm\u00e9diate. Les \u00e9cureuils peuvent ronger le bois de structure ou les fils \u00e9lectriques, tandis que des rongeurs qui nichent dans les murs contaminent l\u2019isolant et les espaces dissimul\u00e9s.<\/span><\/p>\n<p><span style=\"font-weight: 400;\">Une intervention rapide permet de contenir les dommages avant qu\u2019ils ne se propagent davantage dans la structure.<\/span><\/p>\n<h5><b>Besoin d\u2019un contr\u00f4le animalier \u00e0 Barrhaven ?<\/b><\/h5>\n<p><span style=\"font-weight: 400;\">La pr\u00e9sence d\u2019animaux \u00e0 l\u2019int\u00e9rieur d\u2019une maison se r\u00e8gle rarement d\u2019elle-m\u00eame. Lorsqu\u2019un animal trouve un acc\u00e8s \u00e0 un grenier, \u00e0 une cavit\u00e9 murale ou \u00e0 une ouverture dans la structure, le probl\u00e8me persiste g\u00e9n\u00e9ralement tant que le point d\u2019entr\u00e9e n\u2019est pas s\u00e9curis\u00e9.<\/span><\/p>\n<p><span style=\"font-weight: 400;\">Appelez le <\/span><a href=\"tel:6136061190\">(613) 606-1190<\/a> <span style=\"font-weight: 400;\">pour discuter de votre probl\u00e8me. Notre \u00e9quipe peut identifier comment l\u2019animal est entr\u00e9 et arr\u00eater l\u2019intrusion avant que d\u2019autres dommages structurels ne surviennent.<\/span><\/p>\n","protected":false},"excerpt":{"rendered":"<p>Besoin d\u2019un contr\u00f4le animalier \u00e0 Barrhaven ? Le contr\u00f4le animalier \u00e0 Barrhaven commence souvent lorsque des propri\u00e9taires remarquent une activit\u00e9 inhabituelle autour de leur propri\u00e9t\u00e9. Barrhaven fait partie des districts suburbains d\u2019Ottawa qui connaissent la croissance la plus rapide, o\u00f9 les d\u00e9veloppements r\u00e9sidentiels sont entour\u00e9s de parcs, de bassins de r\u00e9tention des eaux pluviales et&hellip; <a class=\"more-link\" href=\"https:\/\/aspenwildlifecontrol.com\/fr\/villes-desservies\/barrhaven\/\">Poursuivre la lecture <span class=\"screen-reader-text\">Barrhaven<\/span><\/a><\/p>\n","protected":false},"author":1,"featured_media":0,"parent":971,"menu_order":0,"comment_status":"closed","ping_status":"closed","template":"","meta":{"_acf_changed":false,"footnotes":""},"class_list":["post-4618","page","type-page","status-publish","hentry","entry"],"acf":[],"yoast_head":"<!-- This site is optimized with the Yoast SEO Premium plugin v26.8 (Yoast SEO v27.4) - https:\/\/yoast.com\/product\/yoast-seo-premium-wordpress\/ -->\n<title>Contr\u00f4le animalier Barrhaven | Ratons laveurs &amp; \u00c9cureuils<\/title>\n<meta name=\"description\" content=\"Contr\u00f4le animalier professionnel \u00e0 Barrhaven. Experts en retrait de ratons laveurs, \u00e9cureuils, mouffettes et rongeurs. Retrait sans cruaut\u00e9, pr\u00e9vention et r\u00e9parations. Appelez 613-606-1190.\" \/>\n<meta name=\"robots\" content=\"index, follow, max-snippet:-1, max-image-preview:large, max-video-preview:-1\" \/>\n<link rel=\"canonical\" href=\"https:\/\/aspenwildlifecontrol.com\/fr\/villes-desservies\/barrhaven\/\" \/>\n<meta property=\"og:locale\" content=\"fr_FR\" \/>\n<meta property=\"og:type\" content=\"article\" \/>\n<meta property=\"og:title\" content=\"Barrhaven\" \/>\n<meta property=\"og:description\" content=\"Contr\u00f4le animalier professionnel \u00e0 Barrhaven. Experts en retrait de ratons laveurs, \u00e9cureuils, mouffettes et rongeurs. Retrait sans cruaut\u00e9, pr\u00e9vention et r\u00e9parations. Appelez 613-606-1190.\" \/>\n<meta property=\"og:url\" content=\"https:\/\/aspenwildlifecontrol.com\/fr\/villes-desservies\/barrhaven\/\" \/>\n<meta property=\"og:site_name\" content=\"Aspen Wildlife Control\" \/>\n<meta property=\"article:modified_time\" content=\"2026-03-16T15:06:14+00:00\" \/>\n<meta name=\"twitter:card\" content=\"summary_large_image\" \/>\n<meta name=\"twitter:label1\" content=\"Dur\u00e9e de lecture estim\u00e9e\" \/>\n\t<meta name=\"twitter:data1\" content=\"5 minutes\" \/>\n<script type=\"application\/ld+json\" class=\"yoast-schema-graph\">{\"@context\":\"https:\\\/\\\/schema.org\",\"@graph\":[{\"@type\":\"WebPage\",\"@id\":\"https:\\\/\\\/aspenwildlifecontrol.com\\\/fr\\\/villes-desservies\\\/barrhaven\\\/\",\"url\":\"https:\\\/\\\/aspenwildlifecontrol.com\\\/fr\\\/villes-desservies\\\/barrhaven\\\/\",\"name\":\"Contr\u00f4le animalier Barrhaven | Ratons laveurs & \u00c9cureuils\",\"isPartOf\":{\"@id\":\"https:\\\/\\\/aspenwildlifecontrol.com\\\/fr\\\/#website\"},\"datePublished\":\"2026-03-11T18:14:42+00:00\",\"dateModified\":\"2026-03-16T15:06:14+00:00\",\"description\":\"Contr\u00f4le animalier professionnel \u00e0 Barrhaven. Experts en retrait de ratons laveurs, \u00e9cureuils, mouffettes et rongeurs. Retrait sans cruaut\u00e9, pr\u00e9vention et r\u00e9parations. Appelez 613-606-1190.\",\"breadcrumb\":{\"@id\":\"https:\\\/\\\/aspenwildlifecontrol.com\\\/fr\\\/villes-desservies\\\/barrhaven\\\/#breadcrumb\"},\"inLanguage\":\"fr-FR\",\"potentialAction\":[{\"@type\":\"ReadAction\",\"target\":[\"https:\\\/\\\/aspenwildlifecontrol.com\\\/fr\\\/villes-desservies\\\/barrhaven\\\/\"]}]},{\"@type\":\"BreadcrumbList\",\"@id\":\"https:\\\/\\\/aspenwildlifecontrol.com\\\/fr\\\/villes-desservies\\\/barrhaven\\\/#breadcrumb\",\"itemListElement\":[{\"@type\":\"ListItem\",\"position\":1,\"name\":\"Home\",\"item\":\"https:\\\/\\\/aspenwildlifecontrol.com\\\/fr\\\/\"},{\"@type\":\"ListItem\",\"position\":2,\"name\":\"Villes desservies\",\"item\":\"https:\\\/\\\/aspenwildlifecontrol.com\\\/fr\\\/areas-of-services\\\/\"},{\"@type\":\"ListItem\",\"position\":3,\"name\":\"Barrhaven\"}]},{\"@type\":\"WebSite\",\"@id\":\"https:\\\/\\\/aspenwildlifecontrol.com\\\/fr\\\/#website\",\"url\":\"https:\\\/\\\/aspenwildlifecontrol.com\\\/fr\\\/\",\"name\":\"Aspen Wildlife Control\",\"description\":\"Fast, humane wildlife removal in Ottawa-Gatineau \u2014 guaranteed results, 24\\\/7 service\",\"potentialAction\":[{\"@type\":\"SearchAction\",\"target\":{\"@type\":\"EntryPoint\",\"urlTemplate\":\"https:\\\/\\\/aspenwildlifecontrol.com\\\/fr\\\/?s={search_term_string}\"},\"query-input\":{\"@type\":\"PropertyValueSpecification\",\"valueRequired\":true,\"valueName\":\"search_term_string\"}}],\"inLanguage\":\"fr-FR\"}]}<\/script>\n<!-- \/ Yoast SEO Premium plugin. -->","yoast_head_json":{"title":"Contr\u00f4le animalier Barrhaven | Ratons laveurs & \u00c9cureuils","description":"Contr\u00f4le animalier professionnel \u00e0 Barrhaven. Experts en retrait de ratons laveurs, \u00e9cureuils, mouffettes et rongeurs. Retrait sans cruaut\u00e9, pr\u00e9vention et r\u00e9parations. Appelez 613-606-1190.","robots":{"index":"index","follow":"follow","max-snippet":"max-snippet:-1","max-image-preview":"max-image-preview:large","max-video-preview":"max-video-preview:-1"},"canonical":"https:\/\/aspenwildlifecontrol.com\/fr\/villes-desservies\/barrhaven\/","og_locale":"fr_FR","og_type":"article","og_title":"Barrhaven","og_description":"Contr\u00f4le animalier professionnel \u00e0 Barrhaven. Experts en retrait de ratons laveurs, \u00e9cureuils, mouffettes et rongeurs. Retrait sans cruaut\u00e9, pr\u00e9vention et r\u00e9parations. Appelez 613-606-1190.","og_url":"https:\/\/aspenwildlifecontrol.com\/fr\/villes-desservies\/barrhaven\/","og_site_name":"Aspen Wildlife Control","article_modified_time":"2026-03-16T15:06:14+00:00","twitter_card":"summary_large_image","twitter_misc":{"Dur\u00e9e de lecture estim\u00e9e":"5 minutes"},"schema":{"@context":"https:\/\/schema.org","@graph":[{"@type":"WebPage","@id":"https:\/\/aspenwildlifecontrol.com\/fr\/villes-desservies\/barrhaven\/","url":"https:\/\/aspenwildlifecontrol.com\/fr\/villes-desservies\/barrhaven\/","name":"Contr\u00f4le animalier Barrhaven | Ratons laveurs & \u00c9cureuils","isPartOf":{"@id":"https:\/\/aspenwildlifecontrol.com\/fr\/#website"},"datePublished":"2026-03-11T18:14:42+00:00","dateModified":"2026-03-16T15:06:14+00:00","description":"Contr\u00f4le animalier professionnel \u00e0 Barrhaven. Experts en retrait de ratons laveurs, \u00e9cureuils, mouffettes et rongeurs. Retrait sans cruaut\u00e9, pr\u00e9vention et r\u00e9parations. Appelez 613-606-1190.","breadcrumb":{"@id":"https:\/\/aspenwildlifecontrol.com\/fr\/villes-desservies\/barrhaven\/#breadcrumb"},"inLanguage":"fr-FR","potentialAction":[{"@type":"ReadAction","target":["https:\/\/aspenwildlifecontrol.com\/fr\/villes-desservies\/barrhaven\/"]}]},{"@type":"BreadcrumbList","@id":"https:\/\/aspenwildlifecontrol.com\/fr\/villes-desservies\/barrhaven\/#breadcrumb","itemListElement":[{"@type":"ListItem","position":1,"name":"Home","item":"https:\/\/aspenwildlifecontrol.com\/fr\/"},{"@type":"ListItem","position":2,"name":"Villes desservies","item":"https:\/\/aspenwildlifecontrol.com\/fr\/areas-of-services\/"},{"@type":"ListItem","position":3,"name":"Barrhaven"}]},{"@type":"WebSite","@id":"https:\/\/aspenwildlifecontrol.com\/fr\/#website","url":"https:\/\/aspenwildlifecontrol.com\/fr\/","name":"Aspen Wildlife Control","description":"Fast, humane wildlife removal in Ottawa-Gatineau \u2014 guaranteed results, 24\/7 service","potentialAction":[{"@type":"SearchAction","target":{"@type":"EntryPoint","urlTemplate":"https:\/\/aspenwildlifecontrol.com\/fr\/?s={search_term_string}"},"query-input":{"@type":"PropertyValueSpecification","valueRequired":true,"valueName":"search_term_string"}}],"inLanguage":"fr-FR"}]}},"_links":{"self":[{"href":"https:\/\/aspenwildlifecontrol.com\/fr\/wp-json\/wp\/v2\/pages\/4618","targetHints":{"allow":["GET"]}}],"collection":[{"href":"https:\/\/aspenwildlifecontrol.com\/fr\/wp-json\/wp\/v2\/pages"}],"about":[{"href":"https:\/\/aspenwildlifecontrol.com\/fr\/wp-json\/wp\/v2\/types\/page"}],"author":[{"embeddable":true,"href":"https:\/\/aspenwildlifecontrol.com\/fr\/wp-json\/wp\/v2\/users\/1"}],"replies":[{"embeddable":true,"href":"https:\/\/aspenwildlifecontrol.com\/fr\/wp-json\/wp\/v2\/comments?post=4618"}],"version-history":[{"count":3,"href":"https:\/\/aspenwildlifecontrol.com\/fr\/wp-json\/wp\/v2\/pages\/4618\/revisions"}],"predecessor-version":[{"id":4673,"href":"https:\/\/aspenwildlifecontrol.com\/fr\/wp-json\/wp\/v2\/pages\/4618\/revisions\/4673"}],"up":[{"embeddable":true,"href":"https:\/\/aspenwildlifecontrol.com\/fr\/wp-json\/wp\/v2\/pages\/971"}],"wp:attachment":[{"href":"https:\/\/aspenwildlifecontrol.com\/fr\/wp-json\/wp\/v2\/media?parent=4618"}],"curies":[{"name":"wp","href":"https:\/\/api.w.org\/{rel}","templated":true}]}}