{"id":3429,"date":"2025-03-14T10:12:07","date_gmt":"2025-03-14T14:12:07","guid":{"rendered":"https:\/\/aspenwildlifecontrol.com\/?page_id=3429"},"modified":"2026-01-14T16:11:38","modified_gmt":"2026-01-14T21:11:38","slug":"la-verite-sur-la-capture-humanitaire-des-ecureuils-pourquoi-cest-la-meilleure-approche","status":"publish","type":"page","link":"https:\/\/aspenwildlifecontrol.com\/fr\/prestations-de-service\/ecureuils\/la-verite-sur-la-capture-humanitaire-des-ecureuils-pourquoi-cest-la-meilleure-approche\/","title":{"rendered":"La v\u00e9rit\u00e9 sur l&rsquo;exclusion humanitaire des \u00e9cureuils : pourquoi c&rsquo;est la meilleure approche"},"content":{"rendered":"<p><span style=\"font-weight: 400;\">De nombreux propri\u00e9taires se demandent : est-il vraiment n\u00e9cessaire de retirer les \u00e9cureuils de mani\u00e8re humaine ? Ne puis-je pas simplement les attraper moi-m\u00eame ? La v\u00e9rit\u00e9 est que le\u00a0contr\u00f4le humanitaire des \u00e9cureuils est non seulement un choix \u00e9thique, mais aussi la solution la plus efficace \u00e0 long terme.<\/span><\/p>\n<p><span style=\"font-weight: 400;\">Chez <a href=\"https:\/\/aspenwildlifecontrol.com\/fr\/\"><strong>Aspen Wildlife Control<\/strong><\/a>, nous nous sp\u00e9cialisons dans le\u00a0contr\u00f4le s\u00fbre et \u00e9thique des \u00e9cureuils \u00e0 Ottawa et Gatineau, en veillant \u00e0 ce que ces animaux soient relocalis\u00e9s sans dommage, tout en emp\u00eachant leur retour.<\/span><\/p>\n<p><b>Pourquoi ne jamais tenter le\u00a0contr\u00f4le les \u00e9cureuils vous-m\u00eame :<\/b><\/p>\n<p><span style=\"font-weight: 400;\">Attraper un \u00e9cureuil sans strat\u00e9gie ne fonctionne pas ! D\u2019autres prendront sa place.<\/span><\/p>\n<ul>\n<li style=\"font-weight: 400;\" aria-level=\"1\"><span style=\"font-weight: 400;\">Sans sceller les points d&rsquo;entr\u00e9e, de nouveaux \u00e9cureuils entreront.<\/span><\/li>\n<li style=\"font-weight: 400;\" aria-level=\"1\"><span style=\"font-weight: 400;\">Attraper une m\u00e8re sans ses petits peut les laisser affam\u00e9s dans votre grenier.<\/span><\/li>\n<li style=\"font-weight: 400;\" aria-level=\"1\"><span style=\"font-weight: 400;\">Les m\u00e9thodes l\u00e9tales peuvent \u00eatre dangereuses et ill\u00e9gales.<\/span><\/li>\n<\/ul>\n<p><b>Comment Aspen Wildlife Control assure un\u00a0contr\u00f4le\u00a0s\u00fbre et humaine :<\/b><\/p>\n<ul>\n<li style=\"font-weight: 400;\" aria-level=\"1\"><span style=\"font-weight: 400;\">Syst\u00e8mes de portes \u00e0 sens unique pour \u00e9cureuils \u2014 Les \u00e9cureuils sortent mais ne peuvent pas revenir.<\/span><\/li>\n<li style=\"font-weight: 400;\" aria-level=\"1\"><span style=\"font-weight: 400;\">Relocalisation conforme aux lois canadiennes sur la faune.<\/span><\/li>\n<li style=\"font-weight: 400;\" aria-level=\"1\"><span style=\"font-weight: 400;\">Scellement et pr\u00e9vention \u2014 Fermeture de tous les points d\u2019entr\u00e9e pour \u00e9viter de futures invasions.<\/span><\/li>\n<\/ul>\n<p><b>Pourquoi les m\u00e9thodes humaines sont la meilleure solution \u00e0 long terme :<\/b><\/p>\n<ul>\n<li style=\"font-weight: 400;\" aria-level=\"1\"><span style=\"font-weight: 400;\">Prot\u00e8ge votre maison des infestations r\u00e9currentes.<\/span><\/li>\n<li style=\"font-weight: 400;\" aria-level=\"1\"><span style=\"font-weight: 400;\">Garde votre famille en s\u00e9curit\u00e9 des produits chimiques et pi\u00e8ges nuisibles.<\/span><\/li>\n<li style=\"font-weight: 400;\" aria-level=\"1\"><span style=\"font-weight: 400;\">Pr\u00e9serve l&rsquo;\u00e9cosyst\u00e8me local de mani\u00e8re responsable.<\/span><\/li>\n<\/ul>\n<p><span style=\"font-weight: 400;\">Besoin de <a href=\"https:\/\/aspenwildlifecontrol.com\/fr\/prestations-de-service\/ecureuils\/\"><strong>contr\u00f4le des \u00e9cureuils<\/strong><\/a> \u00e0 Ottawa et Gatineau ? Appelez Aspen Wildlife Control d\u00e8s aujourd&rsquo;hui pour des solutions \u00e9thiques et efficaces.<\/span><\/p>\n","protected":false},"excerpt":{"rendered":"<p>De nombreux propri\u00e9taires se demandent : est-il vraiment n\u00e9cessaire de retirer les \u00e9cureuils de mani\u00e8re humaine ? Ne puis-je pas simplement les attraper moi-m\u00eame ? La v\u00e9rit\u00e9 est que le\u00a0contr\u00f4le humanitaire des \u00e9cureuils est non seulement un choix \u00e9thique, mais aussi la solution la plus efficace \u00e0 long terme. Chez Aspen Wildlife Control, nous nous&hellip; <a class=\"more-link\" href=\"https:\/\/aspenwildlifecontrol.com\/fr\/prestations-de-service\/ecureuils\/la-verite-sur-la-capture-humanitaire-des-ecureuils-pourquoi-cest-la-meilleure-approche\/\">Poursuivre la lecture <span class=\"screen-reader-text\">La v\u00e9rit\u00e9 sur l&rsquo;exclusion humanitaire des \u00e9cureuils : pourquoi c&rsquo;est la meilleure approche<\/span><\/a><\/p>\n","protected":false},"author":2,"featured_media":0,"parent":974,"menu_order":0,"comment_status":"closed","ping_status":"closed","template":"","meta":{"_acf_changed":false,"footnotes":""},"class_list":["post-3429","page","type-page","status-publish","hentry","entry"],"acf":[],"yoast_head":"<!-- This site is optimized with the Yoast SEO Premium plugin v26.8 (Yoast SEO v27.4) - https:\/\/yoast.com\/product\/yoast-seo-premium-wordpress\/ -->\n<title>Contr\u00f4le Humanitaire des \u00c9cureuils : La Meilleure Approche<\/title>\n<meta name=\"description\" content=\"D\u00e9couvrez pourquoi l&#039;exclusion humanitaire des \u00e9cureuils est la m\u00e9thode la plus s\u00fbre et efficace pour prot\u00e9ger votre maison \u00e0 Gatineau.\" \/>\n<meta name=\"robots\" content=\"index, follow, max-snippet:-1, max-image-preview:large, max-video-preview:-1\" \/>\n<link rel=\"canonical\" href=\"https:\/\/aspenwildlifecontrol.com\/fr\/prestations-de-service\/ecureuils\/la-verite-sur-la-capture-humanitaire-des-ecureuils-pourquoi-cest-la-meilleure-approche\/\" \/>\n<meta property=\"og:locale\" content=\"fr_FR\" \/>\n<meta property=\"og:type\" content=\"article\" \/>\n<meta property=\"og:title\" content=\"La v\u00e9rit\u00e9 sur l&#039;exclusion humanitaire des \u00e9cureuils : pourquoi c&#039;est la meilleure approche\" \/>\n<meta property=\"og:description\" content=\"D\u00e9couvrez pourquoi l&#039;exclusion humanitaire des \u00e9cureuils est la m\u00e9thode la plus s\u00fbre et efficace pour prot\u00e9ger votre maison \u00e0 Gatineau.\" \/>\n<meta property=\"og:url\" content=\"https:\/\/aspenwildlifecontrol.com\/fr\/prestations-de-service\/ecureuils\/la-verite-sur-la-capture-humanitaire-des-ecureuils-pourquoi-cest-la-meilleure-approche\/\" \/>\n<meta property=\"og:site_name\" content=\"Aspen Wildlife Control\" \/>\n<meta property=\"article:modified_time\" content=\"2026-01-14T21:11:38+00:00\" \/>\n<meta name=\"twitter:card\" content=\"summary_large_image\" \/>\n<meta name=\"twitter:label1\" content=\"Dur\u00e9e de lecture estim\u00e9e\" \/>\n\t<meta name=\"twitter:data1\" content=\"2 minutes\" \/>\n<script type=\"application\/ld+json\" class=\"yoast-schema-graph\">{\"@context\":\"https:\\\/\\\/schema.org\",\"@graph\":[{\"@type\":\"WebPage\",\"@id\":\"https:\\\/\\\/aspenwildlifecontrol.com\\\/fr\\\/prestations-de-service\\\/ecureuils\\\/la-verite-sur-la-capture-humanitaire-des-ecureuils-pourquoi-cest-la-meilleure-approche\\\/\",\"url\":\"https:\\\/\\\/aspenwildlifecontrol.com\\\/fr\\\/prestations-de-service\\\/ecureuils\\\/la-verite-sur-la-capture-humanitaire-des-ecureuils-pourquoi-cest-la-meilleure-approche\\\/\",\"name\":\"Contr\u00f4le Humanitaire des \u00c9cureuils : La Meilleure Approche\",\"isPartOf\":{\"@id\":\"https:\\\/\\\/aspenwildlifecontrol.com\\\/fr\\\/#website\"},\"datePublished\":\"2025-03-14T14:12:07+00:00\",\"dateModified\":\"2026-01-14T21:11:38+00:00\",\"description\":\"D\u00e9couvrez pourquoi l'exclusion humanitaire des \u00e9cureuils est la m\u00e9thode la plus s\u00fbre et efficace pour prot\u00e9ger votre maison \u00e0 Gatineau.\",\"breadcrumb\":{\"@id\":\"https:\\\/\\\/aspenwildlifecontrol.com\\\/fr\\\/prestations-de-service\\\/ecureuils\\\/la-verite-sur-la-capture-humanitaire-des-ecureuils-pourquoi-cest-la-meilleure-approche\\\/#breadcrumb\"},\"inLanguage\":\"fr-FR\",\"potentialAction\":[{\"@type\":\"ReadAction\",\"target\":[\"https:\\\/\\\/aspenwildlifecontrol.com\\\/fr\\\/prestations-de-service\\\/ecureuils\\\/la-verite-sur-la-capture-humanitaire-des-ecureuils-pourquoi-cest-la-meilleure-approche\\\/\"]}]},{\"@type\":\"BreadcrumbList\",\"@id\":\"https:\\\/\\\/aspenwildlifecontrol.com\\\/fr\\\/prestations-de-service\\\/ecureuils\\\/la-verite-sur-la-capture-humanitaire-des-ecureuils-pourquoi-cest-la-meilleure-approche\\\/#breadcrumb\",\"itemListElement\":[{\"@type\":\"ListItem\",\"position\":1,\"name\":\"Home\",\"item\":\"https:\\\/\\\/aspenwildlifecontrol.com\\\/fr\\\/\"},{\"@type\":\"ListItem\",\"position\":2,\"name\":\"Service control animal\",\"item\":\"https:\\\/\\\/aspenwildlifecontrol.com\\\/fr\\\/prestations-de-service\\\/\"},{\"@type\":\"ListItem\",\"position\":3,\"name\":\"\u00c9cureuils\",\"item\":\"https:\\\/\\\/aspenwildlifecontrol.com\\\/fr\\\/prestations-de-service\\\/ecureuils\\\/\"},{\"@type\":\"ListItem\",\"position\":4,\"name\":\"La v\u00e9rit\u00e9 sur l&#8217;exclusion humanitaire des \u00e9cureuils : pourquoi c&#8217;est la meilleure approche\"}]},{\"@type\":\"WebSite\",\"@id\":\"https:\\\/\\\/aspenwildlifecontrol.com\\\/fr\\\/#website\",\"url\":\"https:\\\/\\\/aspenwildlifecontrol.com\\\/fr\\\/\",\"name\":\"Aspen Wildlife Control\",\"description\":\"Fast, humane wildlife removal in Ottawa-Gatineau \u2014 guaranteed results, 24\\\/7 service\",\"potentialAction\":[{\"@type\":\"SearchAction\",\"target\":{\"@type\":\"EntryPoint\",\"urlTemplate\":\"https:\\\/\\\/aspenwildlifecontrol.com\\\/fr\\\/?s={search_term_string}\"},\"query-input\":{\"@type\":\"PropertyValueSpecification\",\"valueRequired\":true,\"valueName\":\"search_term_string\"}}],\"inLanguage\":\"fr-FR\"}]}<\/script>\n<!-- \/ Yoast SEO Premium plugin. -->","yoast_head_json":{"title":"Contr\u00f4le Humanitaire des \u00c9cureuils : La Meilleure Approche","description":"D\u00e9couvrez pourquoi l'exclusion humanitaire des \u00e9cureuils est la m\u00e9thode la plus s\u00fbre et efficace pour prot\u00e9ger votre maison \u00e0 Gatineau.","robots":{"index":"index","follow":"follow","max-snippet":"max-snippet:-1","max-image-preview":"max-image-preview:large","max-video-preview":"max-video-preview:-1"},"canonical":"https:\/\/aspenwildlifecontrol.com\/fr\/prestations-de-service\/ecureuils\/la-verite-sur-la-capture-humanitaire-des-ecureuils-pourquoi-cest-la-meilleure-approche\/","og_locale":"fr_FR","og_type":"article","og_title":"La v\u00e9rit\u00e9 sur l'exclusion humanitaire des \u00e9cureuils : pourquoi c'est la meilleure approche","og_description":"D\u00e9couvrez pourquoi l'exclusion humanitaire des \u00e9cureuils est la m\u00e9thode la plus s\u00fbre et efficace pour prot\u00e9ger votre maison \u00e0 Gatineau.","og_url":"https:\/\/aspenwildlifecontrol.com\/fr\/prestations-de-service\/ecureuils\/la-verite-sur-la-capture-humanitaire-des-ecureuils-pourquoi-cest-la-meilleure-approche\/","og_site_name":"Aspen Wildlife Control","article_modified_time":"2026-01-14T21:11:38+00:00","twitter_card":"summary_large_image","twitter_misc":{"Dur\u00e9e de lecture estim\u00e9e":"2 minutes"},"schema":{"@context":"https:\/\/schema.org","@graph":[{"@type":"WebPage","@id":"https:\/\/aspenwildlifecontrol.com\/fr\/prestations-de-service\/ecureuils\/la-verite-sur-la-capture-humanitaire-des-ecureuils-pourquoi-cest-la-meilleure-approche\/","url":"https:\/\/aspenwildlifecontrol.com\/fr\/prestations-de-service\/ecureuils\/la-verite-sur-la-capture-humanitaire-des-ecureuils-pourquoi-cest-la-meilleure-approche\/","name":"Contr\u00f4le Humanitaire des \u00c9cureuils : La Meilleure Approche","isPartOf":{"@id":"https:\/\/aspenwildlifecontrol.com\/fr\/#website"},"datePublished":"2025-03-14T14:12:07+00:00","dateModified":"2026-01-14T21:11:38+00:00","description":"D\u00e9couvrez pourquoi l'exclusion humanitaire des \u00e9cureuils est la m\u00e9thode la plus s\u00fbre et efficace pour prot\u00e9ger votre maison \u00e0 Gatineau.","breadcrumb":{"@id":"https:\/\/aspenwildlifecontrol.com\/fr\/prestations-de-service\/ecureuils\/la-verite-sur-la-capture-humanitaire-des-ecureuils-pourquoi-cest-la-meilleure-approche\/#breadcrumb"},"inLanguage":"fr-FR","potentialAction":[{"@type":"ReadAction","target":["https:\/\/aspenwildlifecontrol.com\/fr\/prestations-de-service\/ecureuils\/la-verite-sur-la-capture-humanitaire-des-ecureuils-pourquoi-cest-la-meilleure-approche\/"]}]},{"@type":"BreadcrumbList","@id":"https:\/\/aspenwildlifecontrol.com\/fr\/prestations-de-service\/ecureuils\/la-verite-sur-la-capture-humanitaire-des-ecureuils-pourquoi-cest-la-meilleure-approche\/#breadcrumb","itemListElement":[{"@type":"ListItem","position":1,"name":"Home","item":"https:\/\/aspenwildlifecontrol.com\/fr\/"},{"@type":"ListItem","position":2,"name":"Service control animal","item":"https:\/\/aspenwildlifecontrol.com\/fr\/prestations-de-service\/"},{"@type":"ListItem","position":3,"name":"\u00c9cureuils","item":"https:\/\/aspenwildlifecontrol.com\/fr\/prestations-de-service\/ecureuils\/"},{"@type":"ListItem","position":4,"name":"La v\u00e9rit\u00e9 sur l&#8217;exclusion humanitaire des \u00e9cureuils : pourquoi c&#8217;est la meilleure approche"}]},{"@type":"WebSite","@id":"https:\/\/aspenwildlifecontrol.com\/fr\/#website","url":"https:\/\/aspenwildlifecontrol.com\/fr\/","name":"Aspen Wildlife Control","description":"Fast, humane wildlife removal in Ottawa-Gatineau \u2014 guaranteed results, 24\/7 service","potentialAction":[{"@type":"SearchAction","target":{"@type":"EntryPoint","urlTemplate":"https:\/\/aspenwildlifecontrol.com\/fr\/?s={search_term_string}"},"query-input":{"@type":"PropertyValueSpecification","valueRequired":true,"valueName":"search_term_string"}}],"inLanguage":"fr-FR"}]}},"_links":{"self":[{"href":"https:\/\/aspenwildlifecontrol.com\/fr\/wp-json\/wp\/v2\/pages\/3429","targetHints":{"allow":["GET"]}}],"collection":[{"href":"https:\/\/aspenwildlifecontrol.com\/fr\/wp-json\/wp\/v2\/pages"}],"about":[{"href":"https:\/\/aspenwildlifecontrol.com\/fr\/wp-json\/wp\/v2\/types\/page"}],"author":[{"embeddable":true,"href":"https:\/\/aspenwildlifecontrol.com\/fr\/wp-json\/wp\/v2\/users\/2"}],"replies":[{"embeddable":true,"href":"https:\/\/aspenwildlifecontrol.com\/fr\/wp-json\/wp\/v2\/comments?post=3429"}],"version-history":[{"count":4,"href":"https:\/\/aspenwildlifecontrol.com\/fr\/wp-json\/wp\/v2\/pages\/3429\/revisions"}],"predecessor-version":[{"id":4092,"href":"https:\/\/aspenwildlifecontrol.com\/fr\/wp-json\/wp\/v2\/pages\/3429\/revisions\/4092"}],"up":[{"embeddable":true,"href":"https:\/\/aspenwildlifecontrol.com\/fr\/wp-json\/wp\/v2\/pages\/974"}],"wp:attachment":[{"href":"https:\/\/aspenwildlifecontrol.com\/fr\/wp-json\/wp\/v2\/media?parent=3429"}],"curies":[{"name":"wp","href":"https:\/\/api.w.org\/{rel}","templated":true}]}}