{"id":3220,"date":"2024-12-17T13:14:47","date_gmt":"2024-12-17T18:14:47","guid":{"rendered":"https:\/\/aspenwildlifecontrol.com\/controle-animalier\/wasp-bee-pest-control\/"},"modified":"2025-02-12T09:06:48","modified_gmt":"2025-02-12T14:06:48","slug":"controle-animalier-pour-guepes-abeilles","status":"publish","type":"page","link":"https:\/\/aspenwildlifecontrol.com\/fr\/controle-animalier\/controle-animalier-pour-guepes-abeilles\/","title":{"rendered":"Contr\u00f4le animalier pour gu\u00eapes\/abeilles"},"content":{"rendered":"","protected":false},"excerpt":{"rendered":"","protected":false},"author":1,"featured_media":0,"parent":3153,"menu_order":0,"comment_status":"closed","ping_status":"closed","template":"","meta":{"_acf_changed":false,"footnotes":""},"class_list":["post-3220","page","type-page","status-publish","hentry","entry"],"acf":[],"yoast_head":"<!-- This site is optimized with the Yoast SEO Premium plugin v26.8 (Yoast SEO v27.5) - https:\/\/yoast.com\/product\/yoast-seo-premium-wordpress\/ -->\n<title>Contr\u00f4le Gu\u00eapes &amp; Abeilles Ottawa-Gatineau | Aspen Wildlife<\/title>\n<meta name=\"description\" content=\"Aspen Wildlife Control offre des solutions s\u00e9curitaires et efficaces pour l\u2019\u00e9limination des gu\u00eapes et abeilles \u00e0 Ottawa-Gatineau. Prot\u00e9gez votre maison d\u00e8s maintenant.\" \/>\n<meta name=\"robots\" content=\"index, follow, max-snippet:-1, max-image-preview:large, max-video-preview:-1\" \/>\n<link rel=\"canonical\" href=\"https:\/\/aspenwildlifecontrol.com\/fr\/controle-animalier\/controle-animalier-pour-guepes-abeilles\/\" \/>\n<meta property=\"og:locale\" content=\"fr_FR\" \/>\n<meta property=\"og:type\" content=\"article\" \/>\n<meta property=\"og:title\" content=\"Contr\u00f4le animalier pour gu\u00eapes\/abeilles\" \/>\n<meta property=\"og:description\" content=\"Aspen Wildlife Control offre des solutions s\u00e9curitaires et efficaces pour l\u2019\u00e9limination des gu\u00eapes et abeilles \u00e0 Ottawa-Gatineau. Prot\u00e9gez votre maison d\u00e8s maintenant.\" \/>\n<meta property=\"og:url\" content=\"https:\/\/aspenwildlifecontrol.com\/fr\/controle-animalier\/controle-animalier-pour-guepes-abeilles\/\" \/>\n<meta property=\"og:site_name\" content=\"Aspen Wildlife Control\" \/>\n<meta property=\"article:modified_time\" content=\"2025-02-12T14:06:48+00:00\" \/>\n<meta name=\"twitter:card\" content=\"summary_large_image\" \/>\n<script type=\"application\/ld+json\" class=\"yoast-schema-graph\">{\"@context\":\"https:\\\/\\\/schema.org\",\"@graph\":[{\"@type\":\"WebPage\",\"@id\":\"https:\\\/\\\/aspenwildlifecontrol.com\\\/fr\\\/controle-animalier\\\/controle-animalier-pour-guepes-abeilles\\\/\",\"url\":\"https:\\\/\\\/aspenwildlifecontrol.com\\\/fr\\\/controle-animalier\\\/controle-animalier-pour-guepes-abeilles\\\/\",\"name\":\"Contr\u00f4le Gu\u00eapes & Abeilles Ottawa-Gatineau | Aspen Wildlife\",\"isPartOf\":{\"@id\":\"https:\\\/\\\/aspenwildlifecontrol.com\\\/fr\\\/#website\"},\"datePublished\":\"2024-12-17T18:14:47+00:00\",\"dateModified\":\"2025-02-12T14:06:48+00:00\",\"description\":\"Aspen Wildlife Control offre des solutions s\u00e9curitaires et efficaces pour l\u2019\u00e9limination des gu\u00eapes et abeilles \u00e0 Ottawa-Gatineau. Prot\u00e9gez votre maison d\u00e8s maintenant.\",\"breadcrumb\":{\"@id\":\"https:\\\/\\\/aspenwildlifecontrol.com\\\/fr\\\/controle-animalier\\\/controle-animalier-pour-guepes-abeilles\\\/#breadcrumb\"},\"inLanguage\":\"fr-FR\",\"potentialAction\":[{\"@type\":\"ReadAction\",\"target\":[\"https:\\\/\\\/aspenwildlifecontrol.com\\\/fr\\\/controle-animalier\\\/controle-animalier-pour-guepes-abeilles\\\/\"]}]},{\"@type\":\"BreadcrumbList\",\"@id\":\"https:\\\/\\\/aspenwildlifecontrol.com\\\/fr\\\/controle-animalier\\\/controle-animalier-pour-guepes-abeilles\\\/#breadcrumb\",\"itemListElement\":[{\"@type\":\"ListItem\",\"position\":1,\"name\":\"Home\",\"item\":\"https:\\\/\\\/aspenwildlifecontrol.com\\\/fr\\\/\"},{\"@type\":\"ListItem\",\"position\":2,\"name\":\"Contr\u00f4le animalier\",\"item\":\"https:\\\/\\\/aspenwildlifecontrol.com\\\/fr\\\/controle-animalier\\\/\"},{\"@type\":\"ListItem\",\"position\":3,\"name\":\"Contr\u00f4le animalier pour gu\u00eapes\\\/abeilles\"}]},{\"@type\":\"WebSite\",\"@id\":\"https:\\\/\\\/aspenwildlifecontrol.com\\\/fr\\\/#website\",\"url\":\"https:\\\/\\\/aspenwildlifecontrol.com\\\/fr\\\/\",\"name\":\"Aspen Wildlife Control\",\"description\":\"Fast, humane wildlife removal in Ottawa-Gatineau \u2014 guaranteed results, 24\\\/7 service\",\"potentialAction\":[{\"@type\":\"SearchAction\",\"target\":{\"@type\":\"EntryPoint\",\"urlTemplate\":\"https:\\\/\\\/aspenwildlifecontrol.com\\\/fr\\\/?s={search_term_string}\"},\"query-input\":{\"@type\":\"PropertyValueSpecification\",\"valueRequired\":true,\"valueName\":\"search_term_string\"}}],\"inLanguage\":\"fr-FR\"}]}<\/script>\n<!-- \/ Yoast SEO Premium plugin. -->","yoast_head_json":{"title":"Contr\u00f4le Gu\u00eapes & Abeilles Ottawa-Gatineau | Aspen Wildlife","description":"Aspen Wildlife Control offre des solutions s\u00e9curitaires et efficaces pour l\u2019\u00e9limination des gu\u00eapes et abeilles \u00e0 Ottawa-Gatineau. Prot\u00e9gez votre maison d\u00e8s maintenant.","robots":{"index":"index","follow":"follow","max-snippet":"max-snippet:-1","max-image-preview":"max-image-preview:large","max-video-preview":"max-video-preview:-1"},"canonical":"https:\/\/aspenwildlifecontrol.com\/fr\/controle-animalier\/controle-animalier-pour-guepes-abeilles\/","og_locale":"fr_FR","og_type":"article","og_title":"Contr\u00f4le animalier pour gu\u00eapes\/abeilles","og_description":"Aspen Wildlife Control offre des solutions s\u00e9curitaires et efficaces pour l\u2019\u00e9limination des gu\u00eapes et abeilles \u00e0 Ottawa-Gatineau. Prot\u00e9gez votre maison d\u00e8s maintenant.","og_url":"https:\/\/aspenwildlifecontrol.com\/fr\/controle-animalier\/controle-animalier-pour-guepes-abeilles\/","og_site_name":"Aspen Wildlife Control","article_modified_time":"2025-02-12T14:06:48+00:00","twitter_card":"summary_large_image","schema":{"@context":"https:\/\/schema.org","@graph":[{"@type":"WebPage","@id":"https:\/\/aspenwildlifecontrol.com\/fr\/controle-animalier\/controle-animalier-pour-guepes-abeilles\/","url":"https:\/\/aspenwildlifecontrol.com\/fr\/controle-animalier\/controle-animalier-pour-guepes-abeilles\/","name":"Contr\u00f4le Gu\u00eapes & Abeilles Ottawa-Gatineau | Aspen Wildlife","isPartOf":{"@id":"https:\/\/aspenwildlifecontrol.com\/fr\/#website"},"datePublished":"2024-12-17T18:14:47+00:00","dateModified":"2025-02-12T14:06:48+00:00","description":"Aspen Wildlife Control offre des solutions s\u00e9curitaires et efficaces pour l\u2019\u00e9limination des gu\u00eapes et abeilles \u00e0 Ottawa-Gatineau. Prot\u00e9gez votre maison d\u00e8s maintenant.","breadcrumb":{"@id":"https:\/\/aspenwildlifecontrol.com\/fr\/controle-animalier\/controle-animalier-pour-guepes-abeilles\/#breadcrumb"},"inLanguage":"fr-FR","potentialAction":[{"@type":"ReadAction","target":["https:\/\/aspenwildlifecontrol.com\/fr\/controle-animalier\/controle-animalier-pour-guepes-abeilles\/"]}]},{"@type":"BreadcrumbList","@id":"https:\/\/aspenwildlifecontrol.com\/fr\/controle-animalier\/controle-animalier-pour-guepes-abeilles\/#breadcrumb","itemListElement":[{"@type":"ListItem","position":1,"name":"Home","item":"https:\/\/aspenwildlifecontrol.com\/fr\/"},{"@type":"ListItem","position":2,"name":"Contr\u00f4le animalier","item":"https:\/\/aspenwildlifecontrol.com\/fr\/controle-animalier\/"},{"@type":"ListItem","position":3,"name":"Contr\u00f4le animalier pour gu\u00eapes\/abeilles"}]},{"@type":"WebSite","@id":"https:\/\/aspenwildlifecontrol.com\/fr\/#website","url":"https:\/\/aspenwildlifecontrol.com\/fr\/","name":"Aspen Wildlife Control","description":"Fast, humane wildlife removal in Ottawa-Gatineau \u2014 guaranteed results, 24\/7 service","potentialAction":[{"@type":"SearchAction","target":{"@type":"EntryPoint","urlTemplate":"https:\/\/aspenwildlifecontrol.com\/fr\/?s={search_term_string}"},"query-input":{"@type":"PropertyValueSpecification","valueRequired":true,"valueName":"search_term_string"}}],"inLanguage":"fr-FR"}]}},"_links":{"self":[{"href":"https:\/\/aspenwildlifecontrol.com\/fr\/wp-json\/wp\/v2\/pages\/3220","targetHints":{"allow":["GET"]}}],"collection":[{"href":"https:\/\/aspenwildlifecontrol.com\/fr\/wp-json\/wp\/v2\/pages"}],"about":[{"href":"https:\/\/aspenwildlifecontrol.com\/fr\/wp-json\/wp\/v2\/types\/page"}],"author":[{"embeddable":true,"href":"https:\/\/aspenwildlifecontrol.com\/fr\/wp-json\/wp\/v2\/users\/1"}],"replies":[{"embeddable":true,"href":"https:\/\/aspenwildlifecontrol.com\/fr\/wp-json\/wp\/v2\/comments?post=3220"}],"version-history":[{"count":2,"href":"https:\/\/aspenwildlifecontrol.com\/fr\/wp-json\/wp\/v2\/pages\/3220\/revisions"}],"predecessor-version":[{"id":3222,"href":"https:\/\/aspenwildlifecontrol.com\/fr\/wp-json\/wp\/v2\/pages\/3220\/revisions\/3222"}],"up":[{"embeddable":true,"href":"https:\/\/aspenwildlifecontrol.com\/fr\/wp-json\/wp\/v2\/pages\/3153"}],"wp:attachment":[{"href":"https:\/\/aspenwildlifecontrol.com\/fr\/wp-json\/wp\/v2\/media?parent=3220"}],"curies":[{"name":"wp","href":"https:\/\/api.w.org\/{rel}","templated":true}]}}