{"id":3206,"date":"2024-12-17T13:14:41","date_gmt":"2024-12-17T18:14:41","guid":{"rendered":"https:\/\/aspenwildlifecontrol.com\/controle-animalier\/skunk-pest-control\/"},"modified":"2025-02-12T15:18:36","modified_gmt":"2025-02-12T20:18:36","slug":"controle-animalier-pour-mouffettes","status":"publish","type":"page","link":"https:\/\/aspenwildlifecontrol.com\/fr\/controle-animalier\/controle-animalier-pour-mouffettes\/","title":{"rendered":"Contr\u00f4le animalier pour mouffettes"},"content":{"rendered":"","protected":false},"excerpt":{"rendered":"","protected":false},"author":1,"featured_media":0,"parent":3153,"menu_order":0,"comment_status":"closed","ping_status":"closed","template":"","meta":{"_acf_changed":false,"footnotes":""},"class_list":["post-3206","page","type-page","status-publish","hentry","entry"],"acf":{"content":[{"acf_fc_layout":"banniere","texte_banniere":"<h1>Service de contr\u00f4le animalier pour mouffettes \u00e0 Gatineau-Ottawa\r\n<\/h1>\r\nLes mouffettes sont une nuisance fr\u00e9quente dans la r\u00e9gion de Gatineau-Ottawa, reconnues pour leur odeur caract\u00e9ristique et leur potentiel \u00e0 causer des dommages mat\u00e9riels. Bien que ces animaux jouent un r\u00f4le important dans l\u2019\u00e9cosyst\u00e8me, leur pr\u00e9sence dans des zones r\u00e9sidentielles ou commerciales peut engendrer des rencontres d\u00e9sagr\u00e9ables et des pr\u00e9occupations en mati\u00e8re de s\u00e9curit\u00e9. Aspen Wildlife Control se sp\u00e9cialise dans le contr\u00f4le animalier professionnel des mouffettes, offrant des solutions efficaces et humaines pour r\u00e9soudre les probl\u00e8mes li\u00e9s aux mouffettes et ramener la tranquillit\u00e9 sur votre propri\u00e9t\u00e9.\r\n\r\n\r\n\r\n<script type=\"application\/ld+json\">\r\n{\r\n    \"@context\": \"http:\/\/schema.org\",\r\n    \"@type\": \"Service\",\r\n    \"serviceType\": \"skunk Removal\",\r\n    \"serviceOutput\": \"skunk exterminator\", \r\n    \"image\": \"https:\/\/aspenwildlifecontrol.com\/wp-content\/uploads\/2023\/02\/LogoPrincipal-1_Main.png\",\r\n    \"provider\": {\r\n        \"@type\": \"Organization\",\r\n                \"name\": \"Aspen Wildlife Control\",\r\n        \"additionalType\": \"https:\/\/aspenwildlifecontrol.com\/services\/skunks\",\r\n        \"telephone\": \"819 9680349\",\r\n        \"description\": \"Aspen Wildlife Control has the expertise needed to help you and your local wildlife coexist. With over 25 years of experience in animal management, our team is dedicated to providing professional services throughout Ottawa, Gatineau and surrounding areas within the national capital region. We specialize in humanely removing pests from residential properties so that people can live peacefully with their environment.\"    },\r\n    \"areaServed\": \"https:\/\/www.wikidata.org\/wiki\/Q141844, https:\/\/www.wikidata.org\/wiki\/Q1930\",\r\n    \"description\": \"If it's spring or summer in Ottawa-Gatineau, be on the lookout: skunks are out and about! Aspen Wildlife Control is here to help protect your home and property from potential intrusions. But beware \u2013 these nocturnal creatures can react defensively when startled by children or pets so contact us immediately if you're dealing with a pesky problem. We specialize in fast, efficient skunk removal solutions that keep both humans and animals safe.\",\r\n    \"name\": \"Skunk removal\",\r\n    \"@id\": \"https:\/\/aspenwildlifecontrol.com\/services\/skunks\"\r\n}\r\n<\/script>","image_banniere":2547},{"acf_fc_layout":"content_5050","5050_direction":false,"background-color":"bg_blanc","5050_col1":{"type":"imag","text":"","imag":2553},"5050_col2":{"type":"text","text":"<h3>Signes courants d\u2019un probl\u00e8me de mouffettes<\/h3>\r\nLes mouffettes sont des animaux nocturnes, souvent difficiles \u00e0 d\u00e9tecter jusqu\u2019\u00e0 ce qu\u2019elles laissent des traces de leur pr\u00e9sence. Les signes d\u2019une infestation incluent une odeur forte et persistante, des trous en forme de c\u00f4ne dans la cour caus\u00e9s par leur recherche d\u2019insectes, et des poubelles renvers\u00e9es. Vous pourriez \u00e9galement remarquer des empreintes avec cinq orteils et des marques de griffes pr\u00e8s des points d\u2019entr\u00e9e. Les mouffettes cr\u00e9ent souvent leurs terriers sous les porches, les remises ou les terrasses, ce qui peut entra\u00eener des dommages structurels et des risques pour la sant\u00e9.","imag":null}},{"acf_fc_layout":"content_5050","5050_direction":false,"background-color":"bg_blanc","5050_col1":{"type":"text","text":"<h5>contr\u00f4le animalier humaine et pr\u00e9vention des mouffettes<\/h5>\r\nAspen Wildlife Control utilise des m\u00e9thodes humaines pour g\u00e9rer les infestations de mouffettes. Notre processus commence par une inspection approfondie de la propri\u00e9t\u00e9 pour localiser l\u2019activit\u00e9 des mouffettes et identifier les sites potentiels de terriers. Nous utilisons des techniques de contr\u00f4le animalier s\u00e9curitaires et des m\u00e9thodes d\u2019exclusion pour retirer les mouffettes sans leur causer de mal. Une fois les mouffettes retir\u00e9es, nous nous concentrons sur la pr\u00e9vention en scellant les points d\u2019entr\u00e9e, en renfor\u00e7ant les zones vuln\u00e9rables et en fournissant des recommandations pour r\u00e9duire les attractifs comme les d\u00e9chets alimentaires et les abris accessibles.","imag":null},"5050_col2":{"type":"text","text":"<h5>Choisissez Aspen Wildlife Control pour la gestion des mouffettes<\/h5>\r\nProt\u00e9gez votre propri\u00e9t\u00e9 et votre famille des d\u00e9fis pos\u00e9s par les mouffettes. Aspen Wildlife Control offre des services professionnels en contr\u00f4le animalier de mouffettes adapt\u00e9s aux besoins des r\u00e9sidents de Gatineau-Ottawa. Contactez-nous d\u00e8s aujourd\u2019hui pour planifier une inspection et laissez nos experts g\u00e9rer votre probl\u00e8me de mouffettes avec soin et efficacit\u00e9.","imag":null}}],"cta_custom":"<h5>Un probl\u00e8me de mouffettes?\r\n<\/h5>\r\nNous avons la solution ! Appelez-nous\r\n\r\n","schema":"<script type=\"application\/ld+json\">\r\n{\r\n    \"@context\": \"http:\/\/schema.org\",\r\n    \"@type\": \"Service\",\r\n    \"serviceType\": \"skunk Removal\",\r\n    \"serviceOutput\": \"skunk exterminator\", \r\n    \"image\": \"https:\/\/aspenwildlifecontrol.com\/wp-content\/uploads\/2023\/02\/LogoPrincipal-1_Main.png\",\r\n    \"provider\": {\r\n        \"@type\": \"Organization\",\r\n                \"name\": \"Aspen Wildlife Control\",\r\n        \"additionalType\": \"https:\/\/aspenwildlifecontrol.com\/services\/skunks\",\r\n        \"telephone\": \"819 9680349\",\r\n        \"description\": \"Aspen Wildlife Control has the expertise needed to help you and your local wildlife coexist. With over 25 years of experience in animal management, our team is dedicated to providing professional services throughout Ottawa, Gatineau and surrounding areas within the national capital region. We specialize in humanely removing pests from residential properties so that people can live peacefully with their environment.\"    },\r\n    \"areaServed\": \"https:\/\/www.wikidata.org\/wiki\/Q141844, https:\/\/www.wikidata.org\/wiki\/Q1930\",\r\n    \"description\": \"If it's spring or summer in Ottawa-Gatineau, be on the lookout: skunks are out and about! Aspen Wildlife Control is here to help protect your home and property from potential intrusions. But beware \u2013 these nocturnal creatures can react defensively when startled by children or pets so contact us immediately if you're dealing with a pesky problem. We specialize in fast, efficient skunk removal solutions that keep both humans and animals safe.\",\r\n    \"name\": \"Skunk removal\",\r\n    \"@id\": \"https:\/\/aspenwildlifecontrol.com\/services\/skunks\"\r\n}\r\n<\/script>"},"yoast_head":"<!-- This site is optimized with the Yoast SEO Premium plugin v26.8 (Yoast SEO v27.6) - https:\/\/yoast.com\/product\/yoast-seo-premium-wordpress\/ -->\n<title>Contr\u00f4le Mouffettes Ottawa-Gatineau | Aspen Wildlife Control<\/title>\n<meta name=\"description\" content=\"Aspen Wildlife Control propose des solutions s\u00fbres et efficaces pour \u00e9liminer les mouffettes \u00e0 Ottawa-Gatineau. Prot\u00e9gez votre propri\u00e9t\u00e9 avec nos experts certifi\u00e9s.\" \/>\n<meta name=\"robots\" content=\"index, follow, max-snippet:-1, max-image-preview:large, max-video-preview:-1\" \/>\n<link rel=\"canonical\" href=\"https:\/\/aspenwildlifecontrol.com\/fr\/controle-animalier\/controle-animalier-pour-mouffettes\/\" \/>\n<meta property=\"og:locale\" content=\"fr_FR\" \/>\n<meta property=\"og:type\" content=\"article\" \/>\n<meta property=\"og:title\" content=\"Contr\u00f4le animalier pour mouffettes\" \/>\n<meta property=\"og:description\" content=\"Aspen Wildlife Control propose des solutions s\u00fbres et efficaces pour \u00e9liminer les mouffettes \u00e0 Ottawa-Gatineau. Prot\u00e9gez votre propri\u00e9t\u00e9 avec nos experts certifi\u00e9s.\" \/>\n<meta property=\"og:url\" content=\"https:\/\/aspenwildlifecontrol.com\/fr\/controle-animalier\/controle-animalier-pour-mouffettes\/\" \/>\n<meta property=\"og:site_name\" content=\"Aspen Wildlife Control\" \/>\n<meta property=\"article:modified_time\" content=\"2025-02-12T20:18:36+00:00\" \/>\n<meta name=\"twitter:card\" content=\"summary_large_image\" \/>\n<script type=\"application\/ld+json\" class=\"yoast-schema-graph\">{\"@context\":\"https:\\\/\\\/schema.org\",\"@graph\":[{\"@type\":\"WebPage\",\"@id\":\"https:\\\/\\\/aspenwildlifecontrol.com\\\/fr\\\/controle-animalier\\\/controle-animalier-pour-mouffettes\\\/\",\"url\":\"https:\\\/\\\/aspenwildlifecontrol.com\\\/fr\\\/controle-animalier\\\/controle-animalier-pour-mouffettes\\\/\",\"name\":\"Contr\u00f4le Mouffettes Ottawa-Gatineau | Aspen Wildlife Control\",\"isPartOf\":{\"@id\":\"https:\\\/\\\/aspenwildlifecontrol.com\\\/fr\\\/#website\"},\"datePublished\":\"2024-12-17T18:14:41+00:00\",\"dateModified\":\"2025-02-12T20:18:36+00:00\",\"description\":\"Aspen Wildlife Control propose des solutions s\u00fbres et efficaces pour \u00e9liminer les mouffettes \u00e0 Ottawa-Gatineau. Prot\u00e9gez votre propri\u00e9t\u00e9 avec nos experts certifi\u00e9s.\",\"breadcrumb\":{\"@id\":\"https:\\\/\\\/aspenwildlifecontrol.com\\\/fr\\\/controle-animalier\\\/controle-animalier-pour-mouffettes\\\/#breadcrumb\"},\"inLanguage\":\"fr-FR\",\"potentialAction\":[{\"@type\":\"ReadAction\",\"target\":[\"https:\\\/\\\/aspenwildlifecontrol.com\\\/fr\\\/controle-animalier\\\/controle-animalier-pour-mouffettes\\\/\"]}]},{\"@type\":\"BreadcrumbList\",\"@id\":\"https:\\\/\\\/aspenwildlifecontrol.com\\\/fr\\\/controle-animalier\\\/controle-animalier-pour-mouffettes\\\/#breadcrumb\",\"itemListElement\":[{\"@type\":\"ListItem\",\"position\":1,\"name\":\"Home\",\"item\":\"https:\\\/\\\/aspenwildlifecontrol.com\\\/fr\\\/\"},{\"@type\":\"ListItem\",\"position\":2,\"name\":\"Contr\u00f4le animalier\",\"item\":\"https:\\\/\\\/aspenwildlifecontrol.com\\\/fr\\\/controle-animalier\\\/\"},{\"@type\":\"ListItem\",\"position\":3,\"name\":\"Contr\u00f4le animalier pour mouffettes\"}]},{\"@type\":\"WebSite\",\"@id\":\"https:\\\/\\\/aspenwildlifecontrol.com\\\/fr\\\/#website\",\"url\":\"https:\\\/\\\/aspenwildlifecontrol.com\\\/fr\\\/\",\"name\":\"Aspen Wildlife Control\",\"description\":\"Fast, humane wildlife removal in Ottawa-Gatineau \u2014 guaranteed results, 24\\\/7 service\",\"potentialAction\":[{\"@type\":\"SearchAction\",\"target\":{\"@type\":\"EntryPoint\",\"urlTemplate\":\"https:\\\/\\\/aspenwildlifecontrol.com\\\/fr\\\/?s={search_term_string}\"},\"query-input\":{\"@type\":\"PropertyValueSpecification\",\"valueRequired\":true,\"valueName\":\"search_term_string\"}}],\"inLanguage\":\"fr-FR\"}]}<\/script>\n<!-- \/ Yoast SEO Premium plugin. -->","yoast_head_json":{"title":"Contr\u00f4le Mouffettes Ottawa-Gatineau | Aspen Wildlife Control","description":"Aspen Wildlife Control propose des solutions s\u00fbres et efficaces pour \u00e9liminer les mouffettes \u00e0 Ottawa-Gatineau. Prot\u00e9gez votre propri\u00e9t\u00e9 avec nos experts certifi\u00e9s.","robots":{"index":"index","follow":"follow","max-snippet":"max-snippet:-1","max-image-preview":"max-image-preview:large","max-video-preview":"max-video-preview:-1"},"canonical":"https:\/\/aspenwildlifecontrol.com\/fr\/controle-animalier\/controle-animalier-pour-mouffettes\/","og_locale":"fr_FR","og_type":"article","og_title":"Contr\u00f4le animalier pour mouffettes","og_description":"Aspen Wildlife Control propose des solutions s\u00fbres et efficaces pour \u00e9liminer les mouffettes \u00e0 Ottawa-Gatineau. Prot\u00e9gez votre propri\u00e9t\u00e9 avec nos experts certifi\u00e9s.","og_url":"https:\/\/aspenwildlifecontrol.com\/fr\/controle-animalier\/controle-animalier-pour-mouffettes\/","og_site_name":"Aspen Wildlife Control","article_modified_time":"2025-02-12T20:18:36+00:00","twitter_card":"summary_large_image","schema":{"@context":"https:\/\/schema.org","@graph":[{"@type":"WebPage","@id":"https:\/\/aspenwildlifecontrol.com\/fr\/controle-animalier\/controle-animalier-pour-mouffettes\/","url":"https:\/\/aspenwildlifecontrol.com\/fr\/controle-animalier\/controle-animalier-pour-mouffettes\/","name":"Contr\u00f4le Mouffettes Ottawa-Gatineau | Aspen Wildlife Control","isPartOf":{"@id":"https:\/\/aspenwildlifecontrol.com\/fr\/#website"},"datePublished":"2024-12-17T18:14:41+00:00","dateModified":"2025-02-12T20:18:36+00:00","description":"Aspen Wildlife Control propose des solutions s\u00fbres et efficaces pour \u00e9liminer les mouffettes \u00e0 Ottawa-Gatineau. Prot\u00e9gez votre propri\u00e9t\u00e9 avec nos experts certifi\u00e9s.","breadcrumb":{"@id":"https:\/\/aspenwildlifecontrol.com\/fr\/controle-animalier\/controle-animalier-pour-mouffettes\/#breadcrumb"},"inLanguage":"fr-FR","potentialAction":[{"@type":"ReadAction","target":["https:\/\/aspenwildlifecontrol.com\/fr\/controle-animalier\/controle-animalier-pour-mouffettes\/"]}]},{"@type":"BreadcrumbList","@id":"https:\/\/aspenwildlifecontrol.com\/fr\/controle-animalier\/controle-animalier-pour-mouffettes\/#breadcrumb","itemListElement":[{"@type":"ListItem","position":1,"name":"Home","item":"https:\/\/aspenwildlifecontrol.com\/fr\/"},{"@type":"ListItem","position":2,"name":"Contr\u00f4le animalier","item":"https:\/\/aspenwildlifecontrol.com\/fr\/controle-animalier\/"},{"@type":"ListItem","position":3,"name":"Contr\u00f4le animalier pour mouffettes"}]},{"@type":"WebSite","@id":"https:\/\/aspenwildlifecontrol.com\/fr\/#website","url":"https:\/\/aspenwildlifecontrol.com\/fr\/","name":"Aspen Wildlife Control","description":"Fast, humane wildlife removal in Ottawa-Gatineau \u2014 guaranteed results, 24\/7 service","potentialAction":[{"@type":"SearchAction","target":{"@type":"EntryPoint","urlTemplate":"https:\/\/aspenwildlifecontrol.com\/fr\/?s={search_term_string}"},"query-input":{"@type":"PropertyValueSpecification","valueRequired":true,"valueName":"search_term_string"}}],"inLanguage":"fr-FR"}]}},"_links":{"self":[{"href":"https:\/\/aspenwildlifecontrol.com\/fr\/wp-json\/wp\/v2\/pages\/3206","targetHints":{"allow":["GET"]}}],"collection":[{"href":"https:\/\/aspenwildlifecontrol.com\/fr\/wp-json\/wp\/v2\/pages"}],"about":[{"href":"https:\/\/aspenwildlifecontrol.com\/fr\/wp-json\/wp\/v2\/types\/page"}],"author":[{"embeddable":true,"href":"https:\/\/aspenwildlifecontrol.com\/fr\/wp-json\/wp\/v2\/users\/1"}],"replies":[{"embeddable":true,"href":"https:\/\/aspenwildlifecontrol.com\/fr\/wp-json\/wp\/v2\/comments?post=3206"}],"version-history":[{"count":3,"href":"https:\/\/aspenwildlifecontrol.com\/fr\/wp-json\/wp\/v2\/pages\/3206\/revisions"}],"predecessor-version":[{"id":3212,"href":"https:\/\/aspenwildlifecontrol.com\/fr\/wp-json\/wp\/v2\/pages\/3206\/revisions\/3212"}],"up":[{"embeddable":true,"href":"https:\/\/aspenwildlifecontrol.com\/fr\/wp-json\/wp\/v2\/pages\/3153"}],"wp:attachment":[{"href":"https:\/\/aspenwildlifecontrol.com\/fr\/wp-json\/wp\/v2\/media?parent=3206"}],"curies":[{"name":"wp","href":"https:\/\/api.w.org\/{rel}","templated":true}]}}