{"id":3193,"date":"2024-12-17T13:14:34","date_gmt":"2024-12-17T18:14:34","guid":{"rendered":"https:\/\/aspenwildlifecontrol.com\/controle-animalier\/raccoon-pest-control\/"},"modified":"2025-02-12T08:33:21","modified_gmt":"2025-02-12T13:33:21","slug":"controle-animalier-pour-ratons-laveurs","status":"publish","type":"page","link":"https:\/\/aspenwildlifecontrol.com\/fr\/controle-animalier\/controle-animalier-pour-ratons-laveurs\/","title":{"rendered":"Contr\u00f4le animalier pour ratons laveurs"},"content":{"rendered":"","protected":false},"excerpt":{"rendered":"","protected":false},"author":1,"featured_media":0,"parent":3153,"menu_order":0,"comment_status":"closed","ping_status":"closed","template":"","meta":{"_acf_changed":false,"footnotes":""},"class_list":["post-3193","page","type-page","status-publish","hentry","entry"],"acf":{"content":[{"acf_fc_layout":"banniere","texte_banniere":"<h1>Service de contr\u00f4le animalier pour ratons laveurs \u00e0 Gatineau-Ottawa<\/h1>\r\nLes ratons laveurs sont des cr\u00e9atures intelligentes et adaptables, mais leur pr\u00e9sence sur votre propri\u00e9t\u00e9 peut rapidement passer d\u2019une simple nuisance \u00e0 un probl\u00e8me majeur. Aspen Wildlife Control offre des services experts en contr\u00f4le animalier pour ratons laveurs \u00e0 Gatineau-Ottawa, garantissant des solutions humaines et efficaces pour prot\u00e9ger votre maison ou votre entreprise. Avec notre \u00e9quipe de professionnels form\u00e9s, nous proposons des strat\u00e9gies compl\u00e8tes de contr\u00f4le animalier et de pr\u00e9vention adapt\u00e9es \u00e0 vos besoins.\r\n\r\n<script type=\"application\/ld+json\">\r\n{\r\n    \"@context\": \"http:\/\/schema.org\",\r\n    \"@type\": \"Service\",\r\n    \"serviceType\": \"Raccoon removal\",\r\n    \"serviceOutput\": \"raccoon exterminator\", \r\n    \"image\": \"https:\/\/aspenwildlifecontrol.com\/wp-content\/uploads\/2023\/02\/LogoPrincipal-1_Main.png\",\r\n    \"provider\": {\r\n        \"@type\": \"Organization\",\r\n                \"name\": \"Aspen Wildlife Control\",\r\n        \"additionalType\": \"https:\/\/aspenwildlifecontrol.com\/services\/raccoon\/\",\r\n        \"telephone\": \"819-968-0349\",\r\n        \"description\": \"For 25 years, Aspen Wildlife Control has been an expert in the art of animal wildlife control and a staple in the Ottawa-Gatineau area. Offering unparalleled service to preserve native species across Canada\u2019s capital region for over two decades.\"    },\r\n    \"areaServed\": \"https:\/\/www.wikidata.org\/wiki\/Q141844, https:\/\/www.wikidata.org\/wiki\/Q1930\",\r\n    \"description\": \"Spring is raccoon season! Be aware of these wild animals entering your residential areas; mother raccoons are likely to search for safe places like chimneys and attics to raise their young. Don\u2019t forget noisy nighttime scavenging in trash cans as well. If this unwelcome activity shows up near your home or business, contact Aspen Wildlife Control \u2014 experts in Ottawa-Gatineau region with a specialty of dealing with pesky critters such as raccoons.\",\r\n    \"name\": \"Raccoon removal\",\r\n    \"@id\": \"https:\/\/aspenwildlifecontrol.com\/services\/raccoon\/\"\r\n}\r\n<\/script>","image_banniere":2335},{"acf_fc_layout":"content_5050","5050_direction":false,"background-color":"bg_blanc","5050_col1":{"type":"imag","text":"","imag":2337},"5050_col2":{"type":"text","text":"<h3>Les d\u00e9fis des infestations de ratons laveurs<\/h3>\r\nLes ratons laveurs sont r\u00e9put\u00e9s pour causer des dommages aux toits, greniers, chemin\u00e9es et jardins. Ils peuvent d\u00e9chirer l\u2019isolation, ronger des fils \u00e9lectriques et m\u00eame compromettre l\u2019int\u00e9grit\u00e9 structurelle de votre propri\u00e9t\u00e9. Au-del\u00e0 des dommages mat\u00e9riels, les ratons laveurs posent des risques sanitaires, car ils peuvent transmettre des maladies telles que la rage et le ver rond. Identifier les signes d\u2019une infestation, comme des bruits inhabituels, des excr\u00e9ments ou des d\u00e9g\u00e2ts visibles, d\u00e8s le d\u00e9but peut aider \u00e0 pr\u00e9venir des r\u00e9parations co\u00fbteuses et des probl\u00e8mes de sant\u00e9.","imag":null}},{"acf_fc_layout":"content_5050","5050_direction":false,"background-color":"bg_gris","5050_col1":{"type":"text","text":"<h5>M\u00e9thodes humaines de contr\u00f4le animalier de ratons laveurs<\/h5>\r\nChez Aspen Wildlife Control, nous privil\u00e9gions des pratiques humaines pour le contr\u00f4le animalier des ratons laveurs. Notre processus commence par une inspection approfondie pour identifier les points d\u2019entr\u00e9e, les zones de nidification et l\u2019\u00e9tendue de l\u2019infestation. Nous utilisons des techniques de pi\u00e9geage vivant pour retirer les ratons laveurs de votre propri\u00e9t\u00e9 en toute s\u00e9curit\u00e9 et sans leur causer de mal. Une fois captur\u00e9s, nous nous assurons qu\u2019ils sont relocalis\u00e9s dans des habitats appropri\u00e9s loin des zones urbaines, en conformit\u00e9 avec les r\u00e9glementations locales sur la faune.","imag":null},"5050_col2":{"type":"text","text":"<h5>Strat\u00e9gies de pr\u00e9vention \u00e0 long terme<\/h5>\r\nRetirer les ratons laveurs n\u2019est qu\u2019une partie de la solution. Pour \u00e9viter les futures infestations, notre \u00e9quipe met en \u0153uvre des techniques d\u2019exclusion efficaces, comme le colmatage des points d\u2019entr\u00e9e, le renforcement des zones vuln\u00e9rables et l\u2019installation de dispositifs dissuasifs comme des capuchons de chemin\u00e9e ou des grilles de ventilation. Nous fournissons \u00e9galement aux propri\u00e9taires des conseils pratiques pour r\u00e9duire les attractifs, tels que s\u00e9curiser les poubelles et \u00e9liminer les sources de nourriture qui pourraient attirer les ratons laveurs sur votre propri\u00e9t\u00e9.\r\n<h5>Une expertise professionnelle en laquelle vous pouvez avoir confiance<\/h5>\r\nAspen Wildlife Control poss\u00e8de des ann\u00e9es d\u2019exp\u00e9rience dans le contr\u00f4le animalier de ratons laveurs \u00e0 Gatineau-Ottawa. Notre \u00e9quipe certifi\u00e9e dispose des connaissances et des outils n\u00e9cessaires pour g\u00e9rer efficacement et \u00e9thiquement les infestations de ratons laveurs. Nous nous engageons \u00e0 offrir des solutions s\u00fbres et respectueuses de l\u2019environnement qui prot\u00e8gent votre propri\u00e9t\u00e9 tout en assurant le bien-\u00eatre de la faune locale.","imag":null}},{"acf_fc_layout":"content_100","background-color":"bg_blanc","contenu_100":"<h3>Prot\u00e9gez votre propri\u00e9t\u00e9 d\u00e8s aujourd\u2019hui<\/h3>\r\nNe laissez pas les ratons laveurs perturber votre maison ou votre entreprise. Faites confiance \u00e0 Aspen Wildlife Control pour des services experts en contr\u00f4le animalier de ratons laveurs \u00e0 Gatineau-Ottawa. Contactez-nous d\u00e8s aujourd\u2019hui pour planifier une inspection et prendre la premi\u00e8re \u00e9tape vers une propri\u00e9t\u00e9 sans ratons laveurs. Laissez notre \u00e9quipe vous offrir des solutions fiables et humaines pour prot\u00e9ger votre espace."},{"acf_fc_layout":"listing_sub_pages","titre_section":"Liens utiles"}],"cta_custom":"<h5>Un probl\u00e8me de ratons laveurs?<\/h5>\r\nNous avons la solution! Appelez-nous","schema":"<script type=\"application\/ld+json\">\r\n{\r\n    \"@context\": \"http:\/\/schema.org\",\r\n    \"@type\": \"Service\",\r\n    \"serviceType\": \"Raccoon removal\",\r\n    \"serviceOutput\": \"raccoon exterminator\", \r\n    \"image\": \"https:\/\/aspenwildlifecontrol.com\/wp-content\/uploads\/2023\/02\/LogoPrincipal-1_Main.png\",\r\n    \"provider\": {\r\n        \"@type\": \"Organization\",\r\n                \"name\": \"Aspen Wildlife Control\",\r\n        \"additionalType\": \"https:\/\/aspenwildlifecontrol.com\/services\/raccoon\/\",\r\n        \"telephone\": \"819-968-0349\",\r\n        \"description\": \"For 25 years, Aspen Wildlife Control has been an expert in the art of animal wildlife control and a staple in the Ottawa-Gatineau area. Offering unparalleled service to preserve native species across Canada\u2019s capital region for over two decades.\"    },\r\n    \"areaServed\": \"https:\/\/www.wikidata.org\/wiki\/Q141844, https:\/\/www.wikidata.org\/wiki\/Q1930\",\r\n    \"description\": \"Spring is raccoon season! Be aware of these wild animals entering your residential areas; mother raccoons are likely to search for safe places like chimneys and attics to raise their young. Don\u2019t forget noisy nighttime scavenging in trash cans as well. If this unwelcome activity shows up near your home or business, contact Aspen Wildlife Control \u2014 experts in Ottawa-Gatineau region with a specialty of dealing with pesky critters such as raccoons.\",\r\n    \"name\": \"Raccoon removal\",\r\n    \"@id\": \"https:\/\/aspenwildlifecontrol.com\/services\/raccoon\/\"\r\n}\r\n<\/script>"},"yoast_head":"<!-- This site is optimized with the Yoast SEO Premium plugin v26.8 (Yoast SEO v27.6) - https:\/\/yoast.com\/product\/yoast-seo-premium-wordpress\/ -->\n<title>Contr\u00f4le Ratons Laveurs Ottawa - Gatineau | Aspen Wildlife<\/title>\n<meta name=\"description\" content=\"Aspen Wildlife Control propose des solutions efficaces et humaines pour \u00e9loigner les ratons laveurs. Prot\u00e9gez votre maison avec nos services professionnels et s\u00e9curitaires.\" \/>\n<meta name=\"robots\" content=\"index, follow, max-snippet:-1, max-image-preview:large, max-video-preview:-1\" \/>\n<link rel=\"canonical\" href=\"https:\/\/aspenwildlifecontrol.com\/fr\/controle-animalier\/controle-animalier-pour-ratons-laveurs\/\" \/>\n<meta property=\"og:locale\" content=\"fr_FR\" \/>\n<meta property=\"og:type\" content=\"article\" \/>\n<meta property=\"og:title\" content=\"Contr\u00f4le animalier pour ratons laveurs\" \/>\n<meta property=\"og:description\" content=\"Aspen Wildlife Control propose des solutions efficaces et humaines pour \u00e9loigner les ratons laveurs. Prot\u00e9gez votre maison avec nos services professionnels et s\u00e9curitaires.\" \/>\n<meta property=\"og:url\" content=\"https:\/\/aspenwildlifecontrol.com\/fr\/controle-animalier\/controle-animalier-pour-ratons-laveurs\/\" \/>\n<meta property=\"og:site_name\" content=\"Aspen Wildlife Control\" \/>\n<meta property=\"article:modified_time\" content=\"2025-02-12T13:33:21+00:00\" \/>\n<meta name=\"twitter:card\" content=\"summary_large_image\" \/>\n<script type=\"application\/ld+json\" class=\"yoast-schema-graph\">{\"@context\":\"https:\\\/\\\/schema.org\",\"@graph\":[{\"@type\":\"WebPage\",\"@id\":\"https:\\\/\\\/aspenwildlifecontrol.com\\\/fr\\\/controle-animalier\\\/controle-animalier-pour-ratons-laveurs\\\/\",\"url\":\"https:\\\/\\\/aspenwildlifecontrol.com\\\/fr\\\/controle-animalier\\\/controle-animalier-pour-ratons-laveurs\\\/\",\"name\":\"Contr\u00f4le Ratons Laveurs Ottawa - Gatineau | Aspen Wildlife\",\"isPartOf\":{\"@id\":\"https:\\\/\\\/aspenwildlifecontrol.com\\\/fr\\\/#website\"},\"datePublished\":\"2024-12-17T18:14:34+00:00\",\"dateModified\":\"2025-02-12T13:33:21+00:00\",\"description\":\"Aspen Wildlife Control propose des solutions efficaces et humaines pour \u00e9loigner les ratons laveurs. Prot\u00e9gez votre maison avec nos services professionnels et s\u00e9curitaires.\",\"breadcrumb\":{\"@id\":\"https:\\\/\\\/aspenwildlifecontrol.com\\\/fr\\\/controle-animalier\\\/controle-animalier-pour-ratons-laveurs\\\/#breadcrumb\"},\"inLanguage\":\"fr-FR\",\"potentialAction\":[{\"@type\":\"ReadAction\",\"target\":[\"https:\\\/\\\/aspenwildlifecontrol.com\\\/fr\\\/controle-animalier\\\/controle-animalier-pour-ratons-laveurs\\\/\"]}]},{\"@type\":\"BreadcrumbList\",\"@id\":\"https:\\\/\\\/aspenwildlifecontrol.com\\\/fr\\\/controle-animalier\\\/controle-animalier-pour-ratons-laveurs\\\/#breadcrumb\",\"itemListElement\":[{\"@type\":\"ListItem\",\"position\":1,\"name\":\"Home\",\"item\":\"https:\\\/\\\/aspenwildlifecontrol.com\\\/fr\\\/\"},{\"@type\":\"ListItem\",\"position\":2,\"name\":\"Contr\u00f4le animalier\",\"item\":\"https:\\\/\\\/aspenwildlifecontrol.com\\\/fr\\\/controle-animalier\\\/\"},{\"@type\":\"ListItem\",\"position\":3,\"name\":\"Contr\u00f4le animalier pour ratons laveurs\"}]},{\"@type\":\"WebSite\",\"@id\":\"https:\\\/\\\/aspenwildlifecontrol.com\\\/fr\\\/#website\",\"url\":\"https:\\\/\\\/aspenwildlifecontrol.com\\\/fr\\\/\",\"name\":\"Aspen Wildlife Control\",\"description\":\"Fast, humane wildlife removal in Ottawa-Gatineau \u2014 guaranteed results, 24\\\/7 service\",\"potentialAction\":[{\"@type\":\"SearchAction\",\"target\":{\"@type\":\"EntryPoint\",\"urlTemplate\":\"https:\\\/\\\/aspenwildlifecontrol.com\\\/fr\\\/?s={search_term_string}\"},\"query-input\":{\"@type\":\"PropertyValueSpecification\",\"valueRequired\":true,\"valueName\":\"search_term_string\"}}],\"inLanguage\":\"fr-FR\"}]}<\/script>\n<!-- \/ Yoast SEO Premium plugin. -->","yoast_head_json":{"title":"Contr\u00f4le Ratons Laveurs Ottawa - Gatineau | Aspen Wildlife","description":"Aspen Wildlife Control propose des solutions efficaces et humaines pour \u00e9loigner les ratons laveurs. Prot\u00e9gez votre maison avec nos services professionnels et s\u00e9curitaires.","robots":{"index":"index","follow":"follow","max-snippet":"max-snippet:-1","max-image-preview":"max-image-preview:large","max-video-preview":"max-video-preview:-1"},"canonical":"https:\/\/aspenwildlifecontrol.com\/fr\/controle-animalier\/controle-animalier-pour-ratons-laveurs\/","og_locale":"fr_FR","og_type":"article","og_title":"Contr\u00f4le animalier pour ratons laveurs","og_description":"Aspen Wildlife Control propose des solutions efficaces et humaines pour \u00e9loigner les ratons laveurs. Prot\u00e9gez votre maison avec nos services professionnels et s\u00e9curitaires.","og_url":"https:\/\/aspenwildlifecontrol.com\/fr\/controle-animalier\/controle-animalier-pour-ratons-laveurs\/","og_site_name":"Aspen Wildlife Control","article_modified_time":"2025-02-12T13:33:21+00:00","twitter_card":"summary_large_image","schema":{"@context":"https:\/\/schema.org","@graph":[{"@type":"WebPage","@id":"https:\/\/aspenwildlifecontrol.com\/fr\/controle-animalier\/controle-animalier-pour-ratons-laveurs\/","url":"https:\/\/aspenwildlifecontrol.com\/fr\/controle-animalier\/controle-animalier-pour-ratons-laveurs\/","name":"Contr\u00f4le Ratons Laveurs Ottawa - Gatineau | Aspen Wildlife","isPartOf":{"@id":"https:\/\/aspenwildlifecontrol.com\/fr\/#website"},"datePublished":"2024-12-17T18:14:34+00:00","dateModified":"2025-02-12T13:33:21+00:00","description":"Aspen Wildlife Control propose des solutions efficaces et humaines pour \u00e9loigner les ratons laveurs. Prot\u00e9gez votre maison avec nos services professionnels et s\u00e9curitaires.","breadcrumb":{"@id":"https:\/\/aspenwildlifecontrol.com\/fr\/controle-animalier\/controle-animalier-pour-ratons-laveurs\/#breadcrumb"},"inLanguage":"fr-FR","potentialAction":[{"@type":"ReadAction","target":["https:\/\/aspenwildlifecontrol.com\/fr\/controle-animalier\/controle-animalier-pour-ratons-laveurs\/"]}]},{"@type":"BreadcrumbList","@id":"https:\/\/aspenwildlifecontrol.com\/fr\/controle-animalier\/controle-animalier-pour-ratons-laveurs\/#breadcrumb","itemListElement":[{"@type":"ListItem","position":1,"name":"Home","item":"https:\/\/aspenwildlifecontrol.com\/fr\/"},{"@type":"ListItem","position":2,"name":"Contr\u00f4le animalier","item":"https:\/\/aspenwildlifecontrol.com\/fr\/controle-animalier\/"},{"@type":"ListItem","position":3,"name":"Contr\u00f4le animalier pour ratons laveurs"}]},{"@type":"WebSite","@id":"https:\/\/aspenwildlifecontrol.com\/fr\/#website","url":"https:\/\/aspenwildlifecontrol.com\/fr\/","name":"Aspen Wildlife Control","description":"Fast, humane wildlife removal in Ottawa-Gatineau \u2014 guaranteed results, 24\/7 service","potentialAction":[{"@type":"SearchAction","target":{"@type":"EntryPoint","urlTemplate":"https:\/\/aspenwildlifecontrol.com\/fr\/?s={search_term_string}"},"query-input":{"@type":"PropertyValueSpecification","valueRequired":true,"valueName":"search_term_string"}}],"inLanguage":"fr-FR"}]}},"_links":{"self":[{"href":"https:\/\/aspenwildlifecontrol.com\/fr\/wp-json\/wp\/v2\/pages\/3193","targetHints":{"allow":["GET"]}}],"collection":[{"href":"https:\/\/aspenwildlifecontrol.com\/fr\/wp-json\/wp\/v2\/pages"}],"about":[{"href":"https:\/\/aspenwildlifecontrol.com\/fr\/wp-json\/wp\/v2\/types\/page"}],"author":[{"embeddable":true,"href":"https:\/\/aspenwildlifecontrol.com\/fr\/wp-json\/wp\/v2\/users\/1"}],"replies":[{"embeddable":true,"href":"https:\/\/aspenwildlifecontrol.com\/fr\/wp-json\/wp\/v2\/comments?post=3193"}],"version-history":[{"count":5,"href":"https:\/\/aspenwildlifecontrol.com\/fr\/wp-json\/wp\/v2\/pages\/3193\/revisions"}],"predecessor-version":[{"id":3199,"href":"https:\/\/aspenwildlifecontrol.com\/fr\/wp-json\/wp\/v2\/pages\/3193\/revisions\/3199"}],"up":[{"embeddable":true,"href":"https:\/\/aspenwildlifecontrol.com\/fr\/wp-json\/wp\/v2\/pages\/3153"}],"wp:attachment":[{"href":"https:\/\/aspenwildlifecontrol.com\/fr\/wp-json\/wp\/v2\/media?parent=3193"}],"curies":[{"name":"wp","href":"https:\/\/api.w.org\/{rel}","templated":true}]}}