{"id":3187,"date":"2024-12-17T13:14:29","date_gmt":"2024-12-17T18:14:29","guid":{"rendered":"https:\/\/aspenwildlifecontrol.com\/controle-animalier\/mice-pest-control\/"},"modified":"2026-01-14T14:56:57","modified_gmt":"2026-01-14T19:56:57","slug":"controle-animalier-pour-souris","status":"publish","type":"page","link":"https:\/\/aspenwildlifecontrol.com\/fr\/controle-animalier\/controle-animalier-pour-souris\/","title":{"rendered":"Contr\u00f4le animalier pour souris"},"content":{"rendered":"","protected":false},"excerpt":{"rendered":"","protected":false},"author":1,"featured_media":0,"parent":3153,"menu_order":0,"comment_status":"closed","ping_status":"closed","template":"","meta":{"_acf_changed":false,"footnotes":""},"class_list":["post-3187","page","type-page","status-publish","hentry","entry"],"acf":{"content":[{"acf_fc_layout":"banniere","texte_banniere":"<h1>Service de contr\u00f4le animalier pour souris \u00e0 Gatineau-Ottawa<\/h1>\r\n<h6>Quand les souris envahissent votre propri\u00e9t\u00e9, elles apportent bien plus qu\u2019un simple d\u00e9sagr\u00e9ment : elles posent de graves risques pour la sant\u00e9 et causent des dommages structurels. Aspen Wildlife Control propose des services professionnels de contr\u00f4le animalier des souris \u00e0 Gatineau-Ottawa, con\u00e7us pour contr\u00f4ler les souris en toute s\u00e9curit\u00e9 et efficacit\u00e9 de votre maison ou entreprise. Nos m\u00e9thodes \u00e9prouv\u00e9es garantissent une solution durable qui prot\u00e8ge votre espace et restaure votre tranquillit\u00e9 d\u2019esprit.<\/h6>","image_banniere":2495},{"acf_fc_layout":"content_5050","5050_direction":false,"background-color":"bg_blanc","5050_col1":{"type":"imag","text":"","imag":2506},"5050_col2":{"type":"text","text":"<h3>Les risques d\u2019une infestation de souris<\/h3>\r\nLes souris sont petites, mais les probl\u00e8mes qu\u2019elles causent peuvent \u00eatre consid\u00e9rables. Ces rongeurs transportent des maladies comme la salmonellose et l\u2019hantavirus, qui peuvent se propager par leurs excr\u00e9ments, leur urine et leur salive. De plus, elles rongent les fils \u00e9lectriques, l\u2019isolation et le bois, augmentant ainsi les risques d\u2019incendie et de r\u00e9parations co\u00fbteuses. Si elles ne sont pas contr\u00f4l\u00e9es, une petite infestation peut rapidement se transformer en un probl\u00e8me majeur, rendant une intervention imm\u00e9diate essentielle.","imag":null}},{"acf_fc_layout":"content_5050","5050_direction":false,"background-color":"bg_gris","5050_col1":{"type":"text","text":"<h5>Des solutions compl\u00e8tes pour le contr\u00f4le animalier des souris<\/h5>\r\nChez Aspen Wildlife Control, nous utilisons des techniques humaines et efficaces pour r\u00e9soudre vos probl\u00e8mes de souris. Notre processus commence par une inspection d\u00e9taill\u00e9e afin d\u2019identifier les points d\u2019entr\u00e9e, les zones de nidification et les sources de nourriture. Nous mettons ensuite en \u0153uvre des m\u00e9thodes de contr\u00f4le animalier cibl\u00e9es, y compris des pi\u00e8ges s\u00e9curis\u00e9s et des techniques d\u2019exclusion, pour contr\u00f4ler l\u2019infestation tout en priorisant la s\u00e9curit\u00e9 de votre famille et de vos animaux domestiques.","imag":null},"5050_col2":{"type":"text","text":"<h5>Des strat\u00e9gies de pr\u00e9vention \u00e0 long terme<\/h5>\r\nContr\u00f4ler les souris n\u2019est que la premi\u00e8re \u00e9tape : emp\u00eacher leur retour est tout aussi important. Nos experts scellent tous les points d\u2019entr\u00e9e potentiels, offrent des conseils pratiques sur le stockage des aliments et recommandent des mesures pour rendre votre propri\u00e9t\u00e9 moins attrayante pour les rongeurs. Cette approche globale garantit une solution durable, vous permettant de garder confiance que votre maison ou entreprise reste sans souris.","imag":null}},{"acf_fc_layout":"content_100","background-color":"bg_blanc","contenu_100":"<h3>Pourquoi choisir Aspen Wildlife Control ?<\/h3>\r\nAvec des ann\u00e9es d\u2019exp\u00e9rience \u00e0 servir Gatineau-Ottawa, Aspen Wildlife Control est un nom de confiance dans la gestion des nuisibles. Notre \u00e9quipe de professionnels agr\u00e9\u00e9s s\u2019engage \u00e0 fournir des services humains et respectueux de l\u2019environnement qui traitent les infestations \u00e0 leur source. Nous sommes fiers d\u2019offrir des solutions efficaces, fiables et personnalis\u00e9es \u00e0 chaque client."}],"cta_custom":"<h5>Un probl\u00e8me de souris?<\/h5>\r\nNous avons la solution ! Contactez-nous","schema":""},"yoast_head":"<!-- This site is optimized with the Yoast SEO Premium plugin v26.8 (Yoast SEO v27.6) - https:\/\/yoast.com\/product\/yoast-seo-premium-wordpress\/ -->\n<title>Contr\u00f4le Souris in Ottawa - Gatineau | Aspen Wildlife Control<\/title>\n<meta name=\"description\" content=\"Aspen Wildlife Control offre des solutions efficaces et s\u00e9curitaires pour exclure les souris de votre maison. Pr\u00e9venez les infestations.\" \/>\n<meta name=\"robots\" content=\"index, follow, max-snippet:-1, max-image-preview:large, max-video-preview:-1\" \/>\n<link rel=\"canonical\" href=\"https:\/\/aspenwildlifecontrol.com\/fr\/controle-animalier\/controle-animalier-pour-souris\/\" \/>\n<meta property=\"og:locale\" content=\"fr_FR\" \/>\n<meta property=\"og:type\" content=\"article\" \/>\n<meta property=\"og:title\" content=\"Contr\u00f4le animalier pour souris\" \/>\n<meta property=\"og:description\" content=\"Aspen Wildlife Control offre des solutions efficaces et s\u00e9curitaires pour exclure les souris de votre maison. Pr\u00e9venez les infestations.\" \/>\n<meta property=\"og:url\" content=\"https:\/\/aspenwildlifecontrol.com\/fr\/controle-animalier\/controle-animalier-pour-souris\/\" \/>\n<meta property=\"og:site_name\" content=\"Aspen Wildlife Control\" \/>\n<meta property=\"article:modified_time\" content=\"2026-01-14T19:56:57+00:00\" \/>\n<meta name=\"twitter:card\" content=\"summary_large_image\" \/>\n<script type=\"application\/ld+json\" class=\"yoast-schema-graph\">{\"@context\":\"https:\\\/\\\/schema.org\",\"@graph\":[{\"@type\":\"WebPage\",\"@id\":\"https:\\\/\\\/aspenwildlifecontrol.com\\\/fr\\\/controle-animalier\\\/controle-animalier-pour-souris\\\/\",\"url\":\"https:\\\/\\\/aspenwildlifecontrol.com\\\/fr\\\/controle-animalier\\\/controle-animalier-pour-souris\\\/\",\"name\":\"Contr\u00f4le Souris in Ottawa - Gatineau | Aspen Wildlife Control\",\"isPartOf\":{\"@id\":\"https:\\\/\\\/aspenwildlifecontrol.com\\\/fr\\\/#website\"},\"datePublished\":\"2024-12-17T18:14:29+00:00\",\"dateModified\":\"2026-01-14T19:56:57+00:00\",\"description\":\"Aspen Wildlife Control offre des solutions efficaces et s\u00e9curitaires pour exclure les souris de votre maison. Pr\u00e9venez les infestations.\",\"breadcrumb\":{\"@id\":\"https:\\\/\\\/aspenwildlifecontrol.com\\\/fr\\\/controle-animalier\\\/controle-animalier-pour-souris\\\/#breadcrumb\"},\"inLanguage\":\"fr-FR\",\"potentialAction\":[{\"@type\":\"ReadAction\",\"target\":[\"https:\\\/\\\/aspenwildlifecontrol.com\\\/fr\\\/controle-animalier\\\/controle-animalier-pour-souris\\\/\"]}]},{\"@type\":\"BreadcrumbList\",\"@id\":\"https:\\\/\\\/aspenwildlifecontrol.com\\\/fr\\\/controle-animalier\\\/controle-animalier-pour-souris\\\/#breadcrumb\",\"itemListElement\":[{\"@type\":\"ListItem\",\"position\":1,\"name\":\"Home\",\"item\":\"https:\\\/\\\/aspenwildlifecontrol.com\\\/fr\\\/\"},{\"@type\":\"ListItem\",\"position\":2,\"name\":\"Contr\u00f4le animalier\",\"item\":\"https:\\\/\\\/aspenwildlifecontrol.com\\\/fr\\\/controle-animalier\\\/\"},{\"@type\":\"ListItem\",\"position\":3,\"name\":\"Contr\u00f4le animalier pour souris\"}]},{\"@type\":\"WebSite\",\"@id\":\"https:\\\/\\\/aspenwildlifecontrol.com\\\/fr\\\/#website\",\"url\":\"https:\\\/\\\/aspenwildlifecontrol.com\\\/fr\\\/\",\"name\":\"Aspen Wildlife Control\",\"description\":\"Fast, humane wildlife removal in Ottawa-Gatineau \u2014 guaranteed results, 24\\\/7 service\",\"potentialAction\":[{\"@type\":\"SearchAction\",\"target\":{\"@type\":\"EntryPoint\",\"urlTemplate\":\"https:\\\/\\\/aspenwildlifecontrol.com\\\/fr\\\/?s={search_term_string}\"},\"query-input\":{\"@type\":\"PropertyValueSpecification\",\"valueRequired\":true,\"valueName\":\"search_term_string\"}}],\"inLanguage\":\"fr-FR\"}]}<\/script>\n<!-- \/ Yoast SEO Premium plugin. -->","yoast_head_json":{"title":"Contr\u00f4le Souris in Ottawa - Gatineau | Aspen Wildlife Control","description":"Aspen Wildlife Control offre des solutions efficaces et s\u00e9curitaires pour exclure les souris de votre maison. Pr\u00e9venez les infestations.","robots":{"index":"index","follow":"follow","max-snippet":"max-snippet:-1","max-image-preview":"max-image-preview:large","max-video-preview":"max-video-preview:-1"},"canonical":"https:\/\/aspenwildlifecontrol.com\/fr\/controle-animalier\/controle-animalier-pour-souris\/","og_locale":"fr_FR","og_type":"article","og_title":"Contr\u00f4le animalier pour souris","og_description":"Aspen Wildlife Control offre des solutions efficaces et s\u00e9curitaires pour exclure les souris de votre maison. Pr\u00e9venez les infestations.","og_url":"https:\/\/aspenwildlifecontrol.com\/fr\/controle-animalier\/controle-animalier-pour-souris\/","og_site_name":"Aspen Wildlife Control","article_modified_time":"2026-01-14T19:56:57+00:00","twitter_card":"summary_large_image","schema":{"@context":"https:\/\/schema.org","@graph":[{"@type":"WebPage","@id":"https:\/\/aspenwildlifecontrol.com\/fr\/controle-animalier\/controle-animalier-pour-souris\/","url":"https:\/\/aspenwildlifecontrol.com\/fr\/controle-animalier\/controle-animalier-pour-souris\/","name":"Contr\u00f4le Souris in Ottawa - Gatineau | Aspen Wildlife Control","isPartOf":{"@id":"https:\/\/aspenwildlifecontrol.com\/fr\/#website"},"datePublished":"2024-12-17T18:14:29+00:00","dateModified":"2026-01-14T19:56:57+00:00","description":"Aspen Wildlife Control offre des solutions efficaces et s\u00e9curitaires pour exclure les souris de votre maison. Pr\u00e9venez les infestations.","breadcrumb":{"@id":"https:\/\/aspenwildlifecontrol.com\/fr\/controle-animalier\/controle-animalier-pour-souris\/#breadcrumb"},"inLanguage":"fr-FR","potentialAction":[{"@type":"ReadAction","target":["https:\/\/aspenwildlifecontrol.com\/fr\/controle-animalier\/controle-animalier-pour-souris\/"]}]},{"@type":"BreadcrumbList","@id":"https:\/\/aspenwildlifecontrol.com\/fr\/controle-animalier\/controle-animalier-pour-souris\/#breadcrumb","itemListElement":[{"@type":"ListItem","position":1,"name":"Home","item":"https:\/\/aspenwildlifecontrol.com\/fr\/"},{"@type":"ListItem","position":2,"name":"Contr\u00f4le animalier","item":"https:\/\/aspenwildlifecontrol.com\/fr\/controle-animalier\/"},{"@type":"ListItem","position":3,"name":"Contr\u00f4le animalier pour souris"}]},{"@type":"WebSite","@id":"https:\/\/aspenwildlifecontrol.com\/fr\/#website","url":"https:\/\/aspenwildlifecontrol.com\/fr\/","name":"Aspen Wildlife Control","description":"Fast, humane wildlife removal in Ottawa-Gatineau \u2014 guaranteed results, 24\/7 service","potentialAction":[{"@type":"SearchAction","target":{"@type":"EntryPoint","urlTemplate":"https:\/\/aspenwildlifecontrol.com\/fr\/?s={search_term_string}"},"query-input":{"@type":"PropertyValueSpecification","valueRequired":true,"valueName":"search_term_string"}}],"inLanguage":"fr-FR"}]}},"_links":{"self":[{"href":"https:\/\/aspenwildlifecontrol.com\/fr\/wp-json\/wp\/v2\/pages\/3187","targetHints":{"allow":["GET"]}}],"collection":[{"href":"https:\/\/aspenwildlifecontrol.com\/fr\/wp-json\/wp\/v2\/pages"}],"about":[{"href":"https:\/\/aspenwildlifecontrol.com\/fr\/wp-json\/wp\/v2\/types\/page"}],"author":[{"embeddable":true,"href":"https:\/\/aspenwildlifecontrol.com\/fr\/wp-json\/wp\/v2\/users\/1"}],"replies":[{"embeddable":true,"href":"https:\/\/aspenwildlifecontrol.com\/fr\/wp-json\/wp\/v2\/comments?post=3187"}],"version-history":[{"count":3,"href":"https:\/\/aspenwildlifecontrol.com\/fr\/wp-json\/wp\/v2\/pages\/3187\/revisions"}],"predecessor-version":[{"id":4040,"href":"https:\/\/aspenwildlifecontrol.com\/fr\/wp-json\/wp\/v2\/pages\/3187\/revisions\/4040"}],"up":[{"embeddable":true,"href":"https:\/\/aspenwildlifecontrol.com\/fr\/wp-json\/wp\/v2\/pages\/3153"}],"wp:attachment":[{"href":"https:\/\/aspenwildlifecontrol.com\/fr\/wp-json\/wp\/v2\/media?parent=3187"}],"curies":[{"name":"wp","href":"https:\/\/api.w.org\/{rel}","templated":true}]}}