{"id":3166,"date":"2024-12-17T13:13:18","date_gmt":"2024-12-17T18:13:18","guid":{"rendered":"https:\/\/aspenwildlifecontrol.com\/controle-animalier\/bat-pest-control\/"},"modified":"2025-02-11T15:28:43","modified_gmt":"2025-02-11T20:28:43","slug":"controle-animalier-pour-chauves-souris","status":"publish","type":"page","link":"https:\/\/aspenwildlifecontrol.com\/fr\/controle-animalier\/controle-animalier-pour-chauves-souris\/","title":{"rendered":"Contr\u00f4le animalier pour chauve-souris"},"content":{"rendered":"","protected":false},"excerpt":{"rendered":"","protected":false},"author":1,"featured_media":0,"parent":3153,"menu_order":0,"comment_status":"closed","ping_status":"closed","template":"","meta":{"_acf_changed":false,"footnotes":""},"class_list":["post-3166","page","type-page","status-publish","hentry","entry"],"acf":{"content":[{"acf_fc_layout":"banniere","texte_banniere":"<h6><span class=\"letterSpace\">Ottawa-Gatineau<\/span><\/h6>\r\n<h1>Service de contr\u00f4le animalier pour chauve-souris \u00e0 Gatineau-Ottawa<\/h1>\r\n<h6>Les chauves-souris jouent un r\u00f4le essentiel dans l'\u00e9cosyst\u00e8me en aidant \u00e0 contr\u00f4ler les populations d'insectes, mais leur pr\u00e9sence dans les maisons ou les propri\u00e9t\u00e9s commerciales peut poser des d\u00e9fis. \u00c0 Gatineau-Ottawa, les infestations de chauves-souris suscitent souvent des pr\u00e9occupations li\u00e9es aux risques pour la sant\u00e9, aux dommages mat\u00e9riels et aux nuisances sonores. Aspen Wildlife Control se sp\u00e9cialise dans des solutions de contr\u00f4le animalier des chauves-souris efficaces et humaines, prot\u00e9geant \u00e0 la fois votre propri\u00e9t\u00e9 et la population locale de chauves-souris.<\/h6>","image_banniere":2451},{"acf_fc_layout":"content_5050","5050_direction":false,"background-color":"bg_blanc","5050_col1":{"type":"imag","text":"","imag":2453},"5050_col2":{"type":"text","text":"<h3>Identifier une infestation de chauves-souris<\/h3>\r\nLes chauves-souris p\u00e9n\u00e8trent souvent dans les propri\u00e9t\u00e9s par de petites ouvertures dans les toits, les \u00e9vents ou le rev\u00eatement ext\u00e9rieur, cherchant des endroits calmes et sombres comme les greniers pour s\u2019installer. Les signes d\u2019une infestation incluent des bruits de grattement la nuit, des excr\u00e9ments (guano) pr\u00e8s des points d\u2019entr\u00e9e ou des observations de chauves-souris entrant et sortant au cr\u00e9puscule. Bien que les chauves-souris ne soient g\u00e9n\u00e9ralement pas agressives, leur pr\u00e9sence peut pr\u00e9senter des risques pour la sant\u00e9, tels que l\u2019exposition \u00e0 la rage ou \u00e0 l\u2019histoplasmose provenant de leurs excr\u00e9ments, ce qui rend leur retrait rapide essentiel.","imag":null}},{"acf_fc_layout":"content_5050","5050_direction":false,"background-color":"bg_gris","5050_col1":{"type":"text","text":"<h5>Processus de contr\u00f4le animalier sans cruaut\u00e9 des chauves-souris<\/h5>\r\nChez Aspen Wildlife Control, nos services de gestion des chauves-souris \u00e0 Gatineau-Ottawa privil\u00e9gient des m\u00e9thodes humaines et respectueuses de l\u2019environnement. Nos experts en contr\u00f4le animalier r\u00e9alisent une inspection approfondie de votre propri\u00e9t\u00e9 pour localiser les zones de repos et les points d\u2019entr\u00e9e. \u00c0 l\u2019aide de techniques avanc\u00e9es d\u2019exclusion, nous installons des dispositifs \u00e0 sens unique qui permettent aux chauves-souris de sortir mais les emp\u00eachent de revenir. Cela garantit que toutes les chauves-souris sont retir\u00e9es en toute s\u00e9curit\u00e9 et sans danger. Une fois l\u2019exclusion termin\u00e9e, nous scellons tous les points d\u2019entr\u00e9e potentiels pour pr\u00e9venir de futures infestations.","imag":null},"5050_col2":{"type":"text","text":"<h5>Pr\u00e9vention \u00e0 long terme et soutien<\/h5>\r\nUne gestion efficace des chauves-souris ne s\u2019arr\u00eate pas au retrait. Nous proposons des solutions \u00e0 long terme pour garantir que votre propri\u00e9t\u00e9 reste sans chauves-souris. Cela inclut la r\u00e9paration des points d\u2019entr\u00e9e, le renforcement des zones vuln\u00e9rables et des conseils pour maintenir un environnement s\u00fbr. De plus, nous soutenons la conservation des chauves-souris en recommandant des alternatives pour leur habitat, comme l\u2019installation de nichoirs pour chauves-souris loin de votre propri\u00e9t\u00e9.","imag":null}},{"acf_fc_layout":"content_100","background-color":"bg_blanc","contenu_100":"<h3>Contactez Aspen Wildlife Control d\u00e8s aujourd\u2019hui<\/h3>\r\nSi des chauves-souris se sont install\u00e9es dans votre propri\u00e9t\u00e9 \u00e0 Gatineau-Ottawa, faites confiance \u00e0 Aspen Wildlife Control pour des services experts en contr\u00f4le animalier des chauves-souris. Prot\u00e9gez votre maison ou votre entreprise tout en assurant un traitement humain de ces cr\u00e9atures b\u00e9n\u00e9fiques. Contactez-nous d\u00e8s aujourd\u2019hui pour planifier une inspection et profitez d\u2019une propri\u00e9t\u00e9 sans chauves-souris."}],"cta_custom":"<h5>Un probl\u00e8me de chauves-souris?<\/h5>\r\nNous avons la solution ! Contactez-nous","schema":""},"yoast_head":"<!-- This site is optimized with the Yoast SEO Premium plugin v26.8 (Yoast SEO v27.6) - https:\/\/yoast.com\/product\/yoast-seo-premium-wordpress\/ -->\n<title>Contr\u00f4le Chauves-Souris Ottawa-Gatineau | Aspen Wildlife<\/title>\n<meta name=\"description\" content=\"Aspen Wildlife Control offre des solutions s\u00fbres et efficaces pour l\u2019\u00e9loignement des chauves-souris \u00e0 Ottawa-Gatineau. Prot\u00e9gez votre maison avec nos experts certifi\u00e9s.\" \/>\n<meta name=\"robots\" content=\"index, follow, max-snippet:-1, max-image-preview:large, max-video-preview:-1\" \/>\n<link rel=\"canonical\" href=\"https:\/\/aspenwildlifecontrol.com\/fr\/controle-animalier\/controle-animalier-pour-chauves-souris\/\" \/>\n<meta property=\"og:locale\" content=\"fr_FR\" \/>\n<meta property=\"og:type\" content=\"article\" \/>\n<meta property=\"og:title\" content=\"Contr\u00f4le animalier pour chauve-souris\" \/>\n<meta property=\"og:description\" content=\"Aspen Wildlife Control offre des solutions s\u00fbres et efficaces pour l\u2019\u00e9loignement des chauves-souris \u00e0 Ottawa-Gatineau. Prot\u00e9gez votre maison avec nos experts certifi\u00e9s.\" \/>\n<meta property=\"og:url\" content=\"https:\/\/aspenwildlifecontrol.com\/fr\/controle-animalier\/controle-animalier-pour-chauves-souris\/\" \/>\n<meta property=\"og:site_name\" content=\"Aspen Wildlife Control\" \/>\n<meta property=\"article:modified_time\" content=\"2025-02-11T20:28:43+00:00\" \/>\n<meta name=\"twitter:card\" content=\"summary_large_image\" \/>\n<script type=\"application\/ld+json\" class=\"yoast-schema-graph\">{\"@context\":\"https:\\\/\\\/schema.org\",\"@graph\":[{\"@type\":\"WebPage\",\"@id\":\"https:\\\/\\\/aspenwildlifecontrol.com\\\/fr\\\/controle-animalier\\\/controle-animalier-pour-chauves-souris\\\/\",\"url\":\"https:\\\/\\\/aspenwildlifecontrol.com\\\/fr\\\/controle-animalier\\\/controle-animalier-pour-chauves-souris\\\/\",\"name\":\"Contr\u00f4le Chauves-Souris Ottawa-Gatineau | Aspen Wildlife\",\"isPartOf\":{\"@id\":\"https:\\\/\\\/aspenwildlifecontrol.com\\\/fr\\\/#website\"},\"datePublished\":\"2024-12-17T18:13:18+00:00\",\"dateModified\":\"2025-02-11T20:28:43+00:00\",\"description\":\"Aspen Wildlife Control offre des solutions s\u00fbres et efficaces pour l\u2019\u00e9loignement des chauves-souris \u00e0 Ottawa-Gatineau. Prot\u00e9gez votre maison avec nos experts certifi\u00e9s.\",\"breadcrumb\":{\"@id\":\"https:\\\/\\\/aspenwildlifecontrol.com\\\/fr\\\/controle-animalier\\\/controle-animalier-pour-chauves-souris\\\/#breadcrumb\"},\"inLanguage\":\"fr-FR\",\"potentialAction\":[{\"@type\":\"ReadAction\",\"target\":[\"https:\\\/\\\/aspenwildlifecontrol.com\\\/fr\\\/controle-animalier\\\/controle-animalier-pour-chauves-souris\\\/\"]}]},{\"@type\":\"BreadcrumbList\",\"@id\":\"https:\\\/\\\/aspenwildlifecontrol.com\\\/fr\\\/controle-animalier\\\/controle-animalier-pour-chauves-souris\\\/#breadcrumb\",\"itemListElement\":[{\"@type\":\"ListItem\",\"position\":1,\"name\":\"Home\",\"item\":\"https:\\\/\\\/aspenwildlifecontrol.com\\\/fr\\\/\"},{\"@type\":\"ListItem\",\"position\":2,\"name\":\"Contr\u00f4le animalier\",\"item\":\"https:\\\/\\\/aspenwildlifecontrol.com\\\/fr\\\/controle-animalier\\\/\"},{\"@type\":\"ListItem\",\"position\":3,\"name\":\"Contr\u00f4le animalier pour chauve-souris\"}]},{\"@type\":\"WebSite\",\"@id\":\"https:\\\/\\\/aspenwildlifecontrol.com\\\/fr\\\/#website\",\"url\":\"https:\\\/\\\/aspenwildlifecontrol.com\\\/fr\\\/\",\"name\":\"Aspen Wildlife Control\",\"description\":\"Fast, humane wildlife removal in Ottawa-Gatineau \u2014 guaranteed results, 24\\\/7 service\",\"potentialAction\":[{\"@type\":\"SearchAction\",\"target\":{\"@type\":\"EntryPoint\",\"urlTemplate\":\"https:\\\/\\\/aspenwildlifecontrol.com\\\/fr\\\/?s={search_term_string}\"},\"query-input\":{\"@type\":\"PropertyValueSpecification\",\"valueRequired\":true,\"valueName\":\"search_term_string\"}}],\"inLanguage\":\"fr-FR\"}]}<\/script>\n<!-- \/ Yoast SEO Premium plugin. -->","yoast_head_json":{"title":"Contr\u00f4le Chauves-Souris Ottawa-Gatineau | Aspen Wildlife","description":"Aspen Wildlife Control offre des solutions s\u00fbres et efficaces pour l\u2019\u00e9loignement des chauves-souris \u00e0 Ottawa-Gatineau. Prot\u00e9gez votre maison avec nos experts certifi\u00e9s.","robots":{"index":"index","follow":"follow","max-snippet":"max-snippet:-1","max-image-preview":"max-image-preview:large","max-video-preview":"max-video-preview:-1"},"canonical":"https:\/\/aspenwildlifecontrol.com\/fr\/controle-animalier\/controle-animalier-pour-chauves-souris\/","og_locale":"fr_FR","og_type":"article","og_title":"Contr\u00f4le animalier pour chauve-souris","og_description":"Aspen Wildlife Control offre des solutions s\u00fbres et efficaces pour l\u2019\u00e9loignement des chauves-souris \u00e0 Ottawa-Gatineau. Prot\u00e9gez votre maison avec nos experts certifi\u00e9s.","og_url":"https:\/\/aspenwildlifecontrol.com\/fr\/controle-animalier\/controle-animalier-pour-chauves-souris\/","og_site_name":"Aspen Wildlife Control","article_modified_time":"2025-02-11T20:28:43+00:00","twitter_card":"summary_large_image","schema":{"@context":"https:\/\/schema.org","@graph":[{"@type":"WebPage","@id":"https:\/\/aspenwildlifecontrol.com\/fr\/controle-animalier\/controle-animalier-pour-chauves-souris\/","url":"https:\/\/aspenwildlifecontrol.com\/fr\/controle-animalier\/controle-animalier-pour-chauves-souris\/","name":"Contr\u00f4le Chauves-Souris Ottawa-Gatineau | Aspen Wildlife","isPartOf":{"@id":"https:\/\/aspenwildlifecontrol.com\/fr\/#website"},"datePublished":"2024-12-17T18:13:18+00:00","dateModified":"2025-02-11T20:28:43+00:00","description":"Aspen Wildlife Control offre des solutions s\u00fbres et efficaces pour l\u2019\u00e9loignement des chauves-souris \u00e0 Ottawa-Gatineau. Prot\u00e9gez votre maison avec nos experts certifi\u00e9s.","breadcrumb":{"@id":"https:\/\/aspenwildlifecontrol.com\/fr\/controle-animalier\/controle-animalier-pour-chauves-souris\/#breadcrumb"},"inLanguage":"fr-FR","potentialAction":[{"@type":"ReadAction","target":["https:\/\/aspenwildlifecontrol.com\/fr\/controle-animalier\/controle-animalier-pour-chauves-souris\/"]}]},{"@type":"BreadcrumbList","@id":"https:\/\/aspenwildlifecontrol.com\/fr\/controle-animalier\/controle-animalier-pour-chauves-souris\/#breadcrumb","itemListElement":[{"@type":"ListItem","position":1,"name":"Home","item":"https:\/\/aspenwildlifecontrol.com\/fr\/"},{"@type":"ListItem","position":2,"name":"Contr\u00f4le animalier","item":"https:\/\/aspenwildlifecontrol.com\/fr\/controle-animalier\/"},{"@type":"ListItem","position":3,"name":"Contr\u00f4le animalier pour chauve-souris"}]},{"@type":"WebSite","@id":"https:\/\/aspenwildlifecontrol.com\/fr\/#website","url":"https:\/\/aspenwildlifecontrol.com\/fr\/","name":"Aspen Wildlife Control","description":"Fast, humane wildlife removal in Ottawa-Gatineau \u2014 guaranteed results, 24\/7 service","potentialAction":[{"@type":"SearchAction","target":{"@type":"EntryPoint","urlTemplate":"https:\/\/aspenwildlifecontrol.com\/fr\/?s={search_term_string}"},"query-input":{"@type":"PropertyValueSpecification","valueRequired":true,"valueName":"search_term_string"}}],"inLanguage":"fr-FR"}]}},"_links":{"self":[{"href":"https:\/\/aspenwildlifecontrol.com\/fr\/wp-json\/wp\/v2\/pages\/3166","targetHints":{"allow":["GET"]}}],"collection":[{"href":"https:\/\/aspenwildlifecontrol.com\/fr\/wp-json\/wp\/v2\/pages"}],"about":[{"href":"https:\/\/aspenwildlifecontrol.com\/fr\/wp-json\/wp\/v2\/types\/page"}],"author":[{"embeddable":true,"href":"https:\/\/aspenwildlifecontrol.com\/fr\/wp-json\/wp\/v2\/users\/1"}],"replies":[{"embeddable":true,"href":"https:\/\/aspenwildlifecontrol.com\/fr\/wp-json\/wp\/v2\/comments?post=3166"}],"version-history":[{"count":3,"href":"https:\/\/aspenwildlifecontrol.com\/fr\/wp-json\/wp\/v2\/pages\/3166\/revisions"}],"predecessor-version":[{"id":3170,"href":"https:\/\/aspenwildlifecontrol.com\/fr\/wp-json\/wp\/v2\/pages\/3166\/revisions\/3170"}],"up":[{"embeddable":true,"href":"https:\/\/aspenwildlifecontrol.com\/fr\/wp-json\/wp\/v2\/pages\/3153"}],"wp:attachment":[{"href":"https:\/\/aspenwildlifecontrol.com\/fr\/wp-json\/wp\/v2\/media?parent=3166"}],"curies":[{"name":"wp","href":"https:\/\/api.w.org\/{rel}","templated":true}]}}