{"id":3136,"date":"2023-02-27T19:18:53","date_gmt":"2023-02-28T00:18:53","guid":{"rendered":"https:\/\/aspenwildlifecontrol.com\/services\/"},"modified":"2025-06-06T11:29:51","modified_gmt":"2025-06-06T15:29:51","slug":"prestations-de-service","status":"publish","type":"page","link":"https:\/\/aspenwildlifecontrol.com\/fr\/prestations-de-service\/","title":{"rendered":"Service control animal"},"content":{"rendered":"","protected":false},"excerpt":{"rendered":"","protected":false},"author":1,"featured_media":0,"parent":0,"menu_order":2,"comment_status":"closed","ping_status":"closed","template":"","meta":{"_acf_changed":false,"footnotes":""},"class_list":["post-3136","page","type-page","status-publish","hentry","entry"],"acf":{"content":[{"acf_fc_layout":"banniere","texte_banniere":"<h6><span class=\"letterSpace\">Des solutions rapides et efficaces<\/span><\/h6>\r\n<h1>Prestations de service<\/h1>\r\n<h6>Notre expertise locale nous permet d'enlever des animaux en toute s\u00e9curit\u00e9 et sans cruaut\u00e9. Nous avons la capacit\u00e9 d'\u00e9liminer efficacement et avec compassion ces cr\u00e9atures de votre propri\u00e9t\u00e9, en veillant \u00e0 ce qu'elles ne perturbent pas votre s\u00e9r\u00e9nit\u00e9.<\/h6>","image_banniere":2613},{"acf_fc_layout":"content_5050","5050_direction":false,"background-color":"bg_blanc","5050_col1":{"type":"imag","text":"","imag":2553},"5050_col2":{"type":"text","text":"<h2>1. \u00c9valuer et retirer<\/h2>\r\nAvant de pouvoir r\u00e9soudre votre probl\u00e8me de faune, la pr\u00e9cision est essentielle. Nos professionnels \u00e9valueront minutieusement votre propri\u00e9t\u00e9 pour obtenir des informations importantes telles que les esp\u00e8ces et la taille des populations afin d\u2019obtenir les meilleurs r\u00e9sultats possibles:\r\n<ul>\r\n \t<li>Quelle est l\u2019esp\u00e8ce impliqu\u00e9e\u2009?<\/li>\r\n \t<li>Par o\u00f9 et comment p\u00e9n\u00e8trent-ils dans la structure\u2009?<\/li>\r\n \t<li>Point de retour possible\u2009?<\/li>\r\n \t<li>Identifications des d\u00e9g\u00e2ts et des \u00e9ventuelles contaminations<\/li>\r\n<\/ul>\r\nNotre technicien personnalisera la solution parfaite pour votre probl\u00e8me unique de parasites, en tenant compte de toute activit\u00e9 d\u2019animaux sauvages ou des caract\u00e9ristiques de votre maison. Ne faites pas appel \u00e0 un exterminateur et faites confiance \u00e0 notre \u00e9quipe d\u2019experts \u2013 ils vous pr\u00e9senteront un plan sur mesure qui vous conviendra le mieux.","imag":null}},{"acf_fc_layout":"content_5050","5050_direction":false,"background-color":"bg_gris","5050_col1":{"type":"text","text":"<h2>2. Clair et propre<\/h2>\r\n<a href=\"https:\/\/aspenwildlifecontrol.com\/fr\/a-propos\/\" target=\"_blank\" rel=\"noopener\">Notre \u00e9quipe<\/a> de techniciens ne se contente pas d\u2019\u00e9liminer les animaux sauvages de votre maison, elle vous aide \u00e9galement \u00e0 g\u00e9rer les cons\u00e9quences de leur pr\u00e9sence. Apr\u00e8s tout, les animaux urbains peuvent laisser derri\u00e8re eux une contamination nocive et des dommages mat\u00e9riels qui pourraient pr\u00e9senter un risque pour la sant\u00e9 ou une situation dangereuse pour les personnes vivant dans la zone. Notre intervention est accompagn\u00e9e de conseils utiles sur la meilleure fa\u00e7on de g\u00e9rer le d\u00e9sordre cr\u00e9\u00e9 par nos amis \u00e0 fourrure, afin que vous n\u2019ayez pas \u00e0 vous inqui\u00e9ter.\r\n\r\nLe grenier est une source de d\u00e9penses cach\u00e9es et de danger dans la maison, son isolation pi\u00e9tin\u00e9e entra\u00eenant des factures de chauffage ou de climatisation plus \u00e9lev\u00e9es. Plus inqui\u00e9tants encore sont les risques potentiels pour la sant\u00e9 li\u00e9s \u00e0 la concentration d\u2019urine et d\u2019excr\u00e9ments pr\u00e9sents dans cet espace.","imag":null},"5050_col2":{"type":"imag","text":"","imag":2337}},{"acf_fc_layout":"listing_sub_pages","titre_section":"En savoir plus"}],"cta_custom":"<h5>Vous avez un probl\u00e8me de bestioles ?<\/h5>\r\nNous sommes l\u00e0 pour vous aider !","schema":""},"yoast_head":"<!-- This site is optimized with the Yoast SEO Premium plugin v26.8 (Yoast SEO v27.5) - https:\/\/yoast.com\/product\/yoast-seo-premium-wordpress\/ -->\n<title>Contr\u00f4le et retrait d\u2019animaux | Aspen Wildlife Control<\/title>\n<meta name=\"description\" content=\"Aspen Wildlife Control offre des services humains et professionnels de retrait d\u2019animaux \u00e0 Ottawa\u2013Gatineau. Appelez-nous pour une soumission rapide!\" \/>\n<meta name=\"robots\" content=\"index, follow, max-snippet:-1, max-image-preview:large, max-video-preview:-1\" \/>\n<link rel=\"canonical\" href=\"https:\/\/aspenwildlifecontrol.com\/fr\/prestations-de-service\/\" \/>\n<meta property=\"og:locale\" content=\"fr_FR\" \/>\n<meta property=\"og:type\" content=\"article\" \/>\n<meta property=\"og:title\" content=\"Service control animal\" \/>\n<meta property=\"og:description\" content=\"Aspen Wildlife Control offre des services humains et professionnels de retrait d\u2019animaux \u00e0 Ottawa\u2013Gatineau. Appelez-nous pour une soumission rapide!\" \/>\n<meta property=\"og:url\" content=\"https:\/\/aspenwildlifecontrol.com\/fr\/prestations-de-service\/\" \/>\n<meta property=\"og:site_name\" content=\"Aspen Wildlife Control\" \/>\n<meta property=\"article:modified_time\" content=\"2025-06-06T15:29:51+00:00\" \/>\n<meta name=\"twitter:card\" content=\"summary_large_image\" \/>\n<script type=\"application\/ld+json\" class=\"yoast-schema-graph\">{\"@context\":\"https:\\\/\\\/schema.org\",\"@graph\":[{\"@type\":\"WebPage\",\"@id\":\"https:\\\/\\\/aspenwildlifecontrol.com\\\/fr\\\/prestations-de-service\\\/\",\"url\":\"https:\\\/\\\/aspenwildlifecontrol.com\\\/fr\\\/prestations-de-service\\\/\",\"name\":\"Contr\u00f4le et retrait d\u2019animaux | Aspen Wildlife Control\",\"isPartOf\":{\"@id\":\"https:\\\/\\\/aspenwildlifecontrol.com\\\/fr\\\/#website\"},\"datePublished\":\"2023-02-28T00:18:53+00:00\",\"dateModified\":\"2025-06-06T15:29:51+00:00\",\"description\":\"Aspen Wildlife Control offre des services humains et professionnels de retrait d\u2019animaux \u00e0 Ottawa\u2013Gatineau. Appelez-nous pour une soumission rapide!\",\"breadcrumb\":{\"@id\":\"https:\\\/\\\/aspenwildlifecontrol.com\\\/fr\\\/prestations-de-service\\\/#breadcrumb\"},\"inLanguage\":\"fr-FR\",\"potentialAction\":[{\"@type\":\"ReadAction\",\"target\":[\"https:\\\/\\\/aspenwildlifecontrol.com\\\/fr\\\/prestations-de-service\\\/\"]}]},{\"@type\":\"BreadcrumbList\",\"@id\":\"https:\\\/\\\/aspenwildlifecontrol.com\\\/fr\\\/prestations-de-service\\\/#breadcrumb\",\"itemListElement\":[{\"@type\":\"ListItem\",\"position\":1,\"name\":\"Home\",\"item\":\"https:\\\/\\\/aspenwildlifecontrol.com\\\/fr\\\/\"},{\"@type\":\"ListItem\",\"position\":2,\"name\":\"Service control animal\"}]},{\"@type\":\"WebSite\",\"@id\":\"https:\\\/\\\/aspenwildlifecontrol.com\\\/fr\\\/#website\",\"url\":\"https:\\\/\\\/aspenwildlifecontrol.com\\\/fr\\\/\",\"name\":\"Aspen Wildlife Control\",\"description\":\"Fast, humane wildlife removal in Ottawa-Gatineau \u2014 guaranteed results, 24\\\/7 service\",\"potentialAction\":[{\"@type\":\"SearchAction\",\"target\":{\"@type\":\"EntryPoint\",\"urlTemplate\":\"https:\\\/\\\/aspenwildlifecontrol.com\\\/fr\\\/?s={search_term_string}\"},\"query-input\":{\"@type\":\"PropertyValueSpecification\",\"valueRequired\":true,\"valueName\":\"search_term_string\"}}],\"inLanguage\":\"fr-FR\"}]}<\/script>\n<!-- \/ Yoast SEO Premium plugin. -->","yoast_head_json":{"title":"Contr\u00f4le et retrait d\u2019animaux | Aspen Wildlife Control","description":"Aspen Wildlife Control offre des services humains et professionnels de retrait d\u2019animaux \u00e0 Ottawa\u2013Gatineau. Appelez-nous pour une soumission rapide!","robots":{"index":"index","follow":"follow","max-snippet":"max-snippet:-1","max-image-preview":"max-image-preview:large","max-video-preview":"max-video-preview:-1"},"canonical":"https:\/\/aspenwildlifecontrol.com\/fr\/prestations-de-service\/","og_locale":"fr_FR","og_type":"article","og_title":"Service control animal","og_description":"Aspen Wildlife Control offre des services humains et professionnels de retrait d\u2019animaux \u00e0 Ottawa\u2013Gatineau. Appelez-nous pour une soumission rapide!","og_url":"https:\/\/aspenwildlifecontrol.com\/fr\/prestations-de-service\/","og_site_name":"Aspen Wildlife Control","article_modified_time":"2025-06-06T15:29:51+00:00","twitter_card":"summary_large_image","schema":{"@context":"https:\/\/schema.org","@graph":[{"@type":"WebPage","@id":"https:\/\/aspenwildlifecontrol.com\/fr\/prestations-de-service\/","url":"https:\/\/aspenwildlifecontrol.com\/fr\/prestations-de-service\/","name":"Contr\u00f4le et retrait d\u2019animaux | Aspen Wildlife Control","isPartOf":{"@id":"https:\/\/aspenwildlifecontrol.com\/fr\/#website"},"datePublished":"2023-02-28T00:18:53+00:00","dateModified":"2025-06-06T15:29:51+00:00","description":"Aspen Wildlife Control offre des services humains et professionnels de retrait d\u2019animaux \u00e0 Ottawa\u2013Gatineau. Appelez-nous pour une soumission rapide!","breadcrumb":{"@id":"https:\/\/aspenwildlifecontrol.com\/fr\/prestations-de-service\/#breadcrumb"},"inLanguage":"fr-FR","potentialAction":[{"@type":"ReadAction","target":["https:\/\/aspenwildlifecontrol.com\/fr\/prestations-de-service\/"]}]},{"@type":"BreadcrumbList","@id":"https:\/\/aspenwildlifecontrol.com\/fr\/prestations-de-service\/#breadcrumb","itemListElement":[{"@type":"ListItem","position":1,"name":"Home","item":"https:\/\/aspenwildlifecontrol.com\/fr\/"},{"@type":"ListItem","position":2,"name":"Service control animal"}]},{"@type":"WebSite","@id":"https:\/\/aspenwildlifecontrol.com\/fr\/#website","url":"https:\/\/aspenwildlifecontrol.com\/fr\/","name":"Aspen Wildlife Control","description":"Fast, humane wildlife removal in Ottawa-Gatineau \u2014 guaranteed results, 24\/7 service","potentialAction":[{"@type":"SearchAction","target":{"@type":"EntryPoint","urlTemplate":"https:\/\/aspenwildlifecontrol.com\/fr\/?s={search_term_string}"},"query-input":{"@type":"PropertyValueSpecification","valueRequired":true,"valueName":"search_term_string"}}],"inLanguage":"fr-FR"}]}},"_links":{"self":[{"href":"https:\/\/aspenwildlifecontrol.com\/fr\/wp-json\/wp\/v2\/pages\/3136","targetHints":{"allow":["GET"]}}],"collection":[{"href":"https:\/\/aspenwildlifecontrol.com\/fr\/wp-json\/wp\/v2\/pages"}],"about":[{"href":"https:\/\/aspenwildlifecontrol.com\/fr\/wp-json\/wp\/v2\/types\/page"}],"author":[{"embeddable":true,"href":"https:\/\/aspenwildlifecontrol.com\/fr\/wp-json\/wp\/v2\/users\/1"}],"replies":[{"embeddable":true,"href":"https:\/\/aspenwildlifecontrol.com\/fr\/wp-json\/wp\/v2\/comments?post=3136"}],"version-history":[{"count":8,"href":"https:\/\/aspenwildlifecontrol.com\/fr\/wp-json\/wp\/v2\/pages\/3136\/revisions"}],"predecessor-version":[{"id":3227,"href":"https:\/\/aspenwildlifecontrol.com\/fr\/wp-json\/wp\/v2\/pages\/3136\/revisions\/3227"}],"wp:attachment":[{"href":"https:\/\/aspenwildlifecontrol.com\/fr\/wp-json\/wp\/v2\/media?parent=3136"}],"curies":[{"name":"wp","href":"https:\/\/api.w.org\/{rel}","templated":true}]}}