{"id":1224,"date":"2025-01-16T15:56:52","date_gmt":"2025-01-16T20:56:52","guid":{"rendered":"https:\/\/aspenwildlifecontrol.com\/controle-animalier\/controle-animalier-pour-ratons-laveurs\/controle-animalier-des-ratons-laveurs-en-hiver-comment-proteger-votre-maison-a-ottawa-gatineau\/"},"modified":"2025-02-13T14:16:23","modified_gmt":"2025-02-13T19:16:23","slug":"controle-animalier-des-ratons-laveurs-en-hiver-comment-proteger-votre-maison-a-ottawa-gatineau","status":"publish","type":"page","link":"https:\/\/aspenwildlifecontrol.com\/fr\/controle-animalier\/controle-animalier-pour-ratons-laveurs\/controle-animalier-des-ratons-laveurs-en-hiver-comment-proteger-votre-maison-a-ottawa-gatineau\/","title":{"rendered":"Contr\u00f4le animalier des ratons laveurs en hiver : Comment prot\u00e9ger votre maison \u00e0 Ottawa-Gatineau"},"content":{"rendered":"<p><span style=\"font-weight: 400;\">L&rsquo;hiver est une saison difficile pour le contr\u00f4le animalier des ratons laveurs, car ces animaux cherchent de la chaleur et un abri \u00e0 l&rsquo;int\u00e9rieur. Voici comment prot\u00e9ger votre maison :<\/span><\/p>\n<h5><b>1. Comprendre le comportement hivernal<\/b><\/h5>\n<p><span style=\"font-weight: 400;\">Les ratons laveurs ne hibernent pas, mais deviennent moins actifs. Ils recherchent des espaces chauds et ferm\u00e9s comme les greniers et les chemin\u00e9es.<\/span><\/p>\n<h5><b>2. Inspecter votre maison<\/b><\/h5>\n<p><span style=\"font-weight: 400;\">Avant l&rsquo;arriv\u00e9e de l&rsquo;hiver, v\u00e9rifiez :<\/span><\/p>\n<ul>\n<li style=\"font-weight: 400;\" aria-level=\"1\"><span style=\"font-weight: 400;\">Les trous dans votre toit ou vos murs ext\u00e9rieurs<\/span><\/li>\n<li style=\"font-weight: 400;\" aria-level=\"1\"><span style=\"font-weight: 400;\">Les chemin\u00e9es ou les ventilations ouvertes<\/span><\/li>\n<li style=\"font-weight: 400;\" aria-level=\"1\"><span style=\"font-weight: 400;\">Les points faibles autour des portes et des fen\u00eatres<\/span><\/li>\n<\/ul>\n<p>&nbsp;<\/p>\n<h5><b>3. Rendre votre propri\u00e9t\u00e9 pr\u00eat pour l&rsquo;hiver<\/b><\/h5>\n<ul>\n<li style=\"font-weight: 400;\" aria-level=\"1\"><span style=\"font-weight: 400;\">Installez des chapeaux de chemin\u00e9e et des couvertures de ventilation.<\/span><\/li>\n<li style=\"font-weight: 400;\" aria-level=\"1\"><span style=\"font-weight: 400;\">Utilisez du m\u00e9tal pour sceller les points d&rsquo;entr\u00e9e.<\/span><\/li>\n<li style=\"font-weight: 400;\" aria-level=\"1\"><span style=\"font-weight: 400;\">Retirez les sources de nourriture comme la nourriture pour animaux \u00e0 l&rsquo;ext\u00e9rieur ou les graines pour oiseaux.<\/span><\/li>\n<\/ul>\n<p>&nbsp;<\/p>\n<h5><b>4. Faire appel \u00e0 des professionnels<\/b><\/h5>\n<p><span style=\"font-weight: 400;\">Aspen Wildlife Control propose des services d&rsquo;expertise pour le contr\u00f4le animalier en hiver. Ils offrent des inspections compl\u00e8tes et des techniques de capture humaine pour garantir que votre maison reste exempte de ratons laveurs.<\/span><\/p>\n<h6><b>Restez prot\u00e9g\u00e9 cet hiver<\/b><\/h6>\n<p><span style=\"font-weight: 400;\">Ne laissez pas les ratons laveurs g\u00e2cher votre hiver. Contactez Aspen Wildlife Control pour un contr\u00f4le fiable des nuisibles li\u00e9s aux ratons laveurs \u00e0 Ottawa-Gatineau et profitez de la tranquillit\u00e9 d&rsquo;esprit tout au long de la saison.<\/span><\/p>\n","protected":false},"excerpt":{"rendered":"<p>L&rsquo;hiver est une saison difficile pour le contr\u00f4le animalier des ratons laveurs, car ces animaux cherchent de la chaleur et un abri \u00e0 l&rsquo;int\u00e9rieur. Voici comment prot\u00e9ger votre maison : 1. Comprendre le comportement hivernal Les ratons laveurs ne hibernent pas, mais deviennent moins actifs. Ils recherchent des espaces chauds et ferm\u00e9s comme les greniers&hellip; <a class=\"more-link\" href=\"https:\/\/aspenwildlifecontrol.com\/fr\/controle-animalier\/controle-animalier-pour-ratons-laveurs\/controle-animalier-des-ratons-laveurs-en-hiver-comment-proteger-votre-maison-a-ottawa-gatineau\/\">Poursuivre la lecture <span class=\"screen-reader-text\">Contr\u00f4le animalier des ratons laveurs en hiver : Comment prot\u00e9ger votre maison \u00e0 Ottawa-Gatineau<\/span><\/a><\/p>\n","protected":false},"author":1,"featured_media":0,"parent":3193,"menu_order":0,"comment_status":"closed","ping_status":"closed","template":"","meta":{"_acf_changed":false,"footnotes":""},"class_list":["post-1224","page","type-page","status-publish","hentry","entry"],"acf":[],"yoast_head":"<!-- This site is optimized with the Yoast SEO Premium plugin v26.8 (Yoast SEO v27.4) - https:\/\/yoast.com\/product\/yoast-seo-premium-wordpress\/ -->\n<title>Contr\u00f4le des Ratons Laveurs en Hiver | Ottawa-Gatineau<\/title>\n<meta name=\"description\" content=\"Prot\u00e9gez votre maison cet hiver \u00e0 Ottawa-Gatineau gr\u00e2ce \u00e0 des solutions efficaces et humaines d\u2019Aspen Wildlife Control.\" \/>\n<meta name=\"robots\" content=\"index, follow, max-snippet:-1, max-image-preview:large, max-video-preview:-1\" \/>\n<link rel=\"canonical\" href=\"https:\/\/aspenwildlifecontrol.com\/fr\/controle-animalier\/controle-animalier-pour-ratons-laveurs\/controle-animalier-des-ratons-laveurs-en-hiver-comment-proteger-votre-maison-a-ottawa-gatineau\/\" \/>\n<meta property=\"og:locale\" content=\"fr_FR\" \/>\n<meta property=\"og:type\" content=\"article\" \/>\n<meta property=\"og:title\" content=\"Contr\u00f4le animalier des ratons laveurs en hiver : Comment prot\u00e9ger votre maison \u00e0 Ottawa-Gatineau\" \/>\n<meta property=\"og:description\" content=\"Prot\u00e9gez votre maison cet hiver \u00e0 Ottawa-Gatineau gr\u00e2ce \u00e0 des solutions efficaces et humaines d\u2019Aspen Wildlife Control.\" \/>\n<meta property=\"og:url\" content=\"https:\/\/aspenwildlifecontrol.com\/fr\/controle-animalier\/controle-animalier-pour-ratons-laveurs\/controle-animalier-des-ratons-laveurs-en-hiver-comment-proteger-votre-maison-a-ottawa-gatineau\/\" \/>\n<meta property=\"og:site_name\" content=\"Aspen Wildlife Control\" \/>\n<meta property=\"article:modified_time\" content=\"2025-02-13T19:16:23+00:00\" \/>\n<meta name=\"twitter:card\" content=\"summary_large_image\" \/>\n<meta name=\"twitter:label1\" content=\"Dur\u00e9e de lecture estim\u00e9e\" \/>\n\t<meta name=\"twitter:data1\" content=\"1 minute\" \/>\n<script type=\"application\/ld+json\" class=\"yoast-schema-graph\">{\"@context\":\"https:\\\/\\\/schema.org\",\"@graph\":[{\"@type\":\"WebPage\",\"@id\":\"https:\\\/\\\/aspenwildlifecontrol.com\\\/fr\\\/controle-animalier\\\/controle-animalier-pour-ratons-laveurs\\\/controle-animalier-des-ratons-laveurs-en-hiver-comment-proteger-votre-maison-a-ottawa-gatineau\\\/\",\"url\":\"https:\\\/\\\/aspenwildlifecontrol.com\\\/fr\\\/controle-animalier\\\/controle-animalier-pour-ratons-laveurs\\\/controle-animalier-des-ratons-laveurs-en-hiver-comment-proteger-votre-maison-a-ottawa-gatineau\\\/\",\"name\":\"Contr\u00f4le des Ratons Laveurs en Hiver | Ottawa-Gatineau\",\"isPartOf\":{\"@id\":\"https:\\\/\\\/aspenwildlifecontrol.com\\\/fr\\\/#website\"},\"datePublished\":\"2025-01-16T20:56:52+00:00\",\"dateModified\":\"2025-02-13T19:16:23+00:00\",\"description\":\"Prot\u00e9gez votre maison cet hiver \u00e0 Ottawa-Gatineau gr\u00e2ce \u00e0 des solutions efficaces et humaines d\u2019Aspen Wildlife Control.\",\"breadcrumb\":{\"@id\":\"https:\\\/\\\/aspenwildlifecontrol.com\\\/fr\\\/controle-animalier\\\/controle-animalier-pour-ratons-laveurs\\\/controle-animalier-des-ratons-laveurs-en-hiver-comment-proteger-votre-maison-a-ottawa-gatineau\\\/#breadcrumb\"},\"inLanguage\":\"fr-FR\",\"potentialAction\":[{\"@type\":\"ReadAction\",\"target\":[\"https:\\\/\\\/aspenwildlifecontrol.com\\\/fr\\\/controle-animalier\\\/controle-animalier-pour-ratons-laveurs\\\/controle-animalier-des-ratons-laveurs-en-hiver-comment-proteger-votre-maison-a-ottawa-gatineau\\\/\"]}]},{\"@type\":\"BreadcrumbList\",\"@id\":\"https:\\\/\\\/aspenwildlifecontrol.com\\\/fr\\\/controle-animalier\\\/controle-animalier-pour-ratons-laveurs\\\/controle-animalier-des-ratons-laveurs-en-hiver-comment-proteger-votre-maison-a-ottawa-gatineau\\\/#breadcrumb\",\"itemListElement\":[{\"@type\":\"ListItem\",\"position\":1,\"name\":\"Home\",\"item\":\"https:\\\/\\\/aspenwildlifecontrol.com\\\/fr\\\/\"},{\"@type\":\"ListItem\",\"position\":2,\"name\":\"Contr\u00f4le animalier\",\"item\":\"https:\\\/\\\/aspenwildlifecontrol.com\\\/fr\\\/controle-animalier\\\/\"},{\"@type\":\"ListItem\",\"position\":3,\"name\":\"Contr\u00f4le animalier pour ratons laveurs\",\"item\":\"https:\\\/\\\/aspenwildlifecontrol.com\\\/fr\\\/controle-animalier\\\/controle-animalier-pour-ratons-laveurs\\\/\"},{\"@type\":\"ListItem\",\"position\":4,\"name\":\"Contr\u00f4le animalier des ratons laveurs en hiver : Comment prot\u00e9ger votre maison \u00e0 Ottawa-Gatineau\"}]},{\"@type\":\"WebSite\",\"@id\":\"https:\\\/\\\/aspenwildlifecontrol.com\\\/fr\\\/#website\",\"url\":\"https:\\\/\\\/aspenwildlifecontrol.com\\\/fr\\\/\",\"name\":\"Aspen Wildlife Control\",\"description\":\"Fast, humane wildlife removal in Ottawa-Gatineau \u2014 guaranteed results, 24\\\/7 service\",\"potentialAction\":[{\"@type\":\"SearchAction\",\"target\":{\"@type\":\"EntryPoint\",\"urlTemplate\":\"https:\\\/\\\/aspenwildlifecontrol.com\\\/fr\\\/?s={search_term_string}\"},\"query-input\":{\"@type\":\"PropertyValueSpecification\",\"valueRequired\":true,\"valueName\":\"search_term_string\"}}],\"inLanguage\":\"fr-FR\"}]}<\/script>\n<!-- \/ Yoast SEO Premium plugin. -->","yoast_head_json":{"title":"Contr\u00f4le des Ratons Laveurs en Hiver | Ottawa-Gatineau","description":"Prot\u00e9gez votre maison cet hiver \u00e0 Ottawa-Gatineau gr\u00e2ce \u00e0 des solutions efficaces et humaines d\u2019Aspen Wildlife Control.","robots":{"index":"index","follow":"follow","max-snippet":"max-snippet:-1","max-image-preview":"max-image-preview:large","max-video-preview":"max-video-preview:-1"},"canonical":"https:\/\/aspenwildlifecontrol.com\/fr\/controle-animalier\/controle-animalier-pour-ratons-laveurs\/controle-animalier-des-ratons-laveurs-en-hiver-comment-proteger-votre-maison-a-ottawa-gatineau\/","og_locale":"fr_FR","og_type":"article","og_title":"Contr\u00f4le animalier des ratons laveurs en hiver : Comment prot\u00e9ger votre maison \u00e0 Ottawa-Gatineau","og_description":"Prot\u00e9gez votre maison cet hiver \u00e0 Ottawa-Gatineau gr\u00e2ce \u00e0 des solutions efficaces et humaines d\u2019Aspen Wildlife Control.","og_url":"https:\/\/aspenwildlifecontrol.com\/fr\/controle-animalier\/controle-animalier-pour-ratons-laveurs\/controle-animalier-des-ratons-laveurs-en-hiver-comment-proteger-votre-maison-a-ottawa-gatineau\/","og_site_name":"Aspen Wildlife Control","article_modified_time":"2025-02-13T19:16:23+00:00","twitter_card":"summary_large_image","twitter_misc":{"Dur\u00e9e de lecture estim\u00e9e":"1 minute"},"schema":{"@context":"https:\/\/schema.org","@graph":[{"@type":"WebPage","@id":"https:\/\/aspenwildlifecontrol.com\/fr\/controle-animalier\/controle-animalier-pour-ratons-laveurs\/controle-animalier-des-ratons-laveurs-en-hiver-comment-proteger-votre-maison-a-ottawa-gatineau\/","url":"https:\/\/aspenwildlifecontrol.com\/fr\/controle-animalier\/controle-animalier-pour-ratons-laveurs\/controle-animalier-des-ratons-laveurs-en-hiver-comment-proteger-votre-maison-a-ottawa-gatineau\/","name":"Contr\u00f4le des Ratons Laveurs en Hiver | Ottawa-Gatineau","isPartOf":{"@id":"https:\/\/aspenwildlifecontrol.com\/fr\/#website"},"datePublished":"2025-01-16T20:56:52+00:00","dateModified":"2025-02-13T19:16:23+00:00","description":"Prot\u00e9gez votre maison cet hiver \u00e0 Ottawa-Gatineau gr\u00e2ce \u00e0 des solutions efficaces et humaines d\u2019Aspen Wildlife Control.","breadcrumb":{"@id":"https:\/\/aspenwildlifecontrol.com\/fr\/controle-animalier\/controle-animalier-pour-ratons-laveurs\/controle-animalier-des-ratons-laveurs-en-hiver-comment-proteger-votre-maison-a-ottawa-gatineau\/#breadcrumb"},"inLanguage":"fr-FR","potentialAction":[{"@type":"ReadAction","target":["https:\/\/aspenwildlifecontrol.com\/fr\/controle-animalier\/controle-animalier-pour-ratons-laveurs\/controle-animalier-des-ratons-laveurs-en-hiver-comment-proteger-votre-maison-a-ottawa-gatineau\/"]}]},{"@type":"BreadcrumbList","@id":"https:\/\/aspenwildlifecontrol.com\/fr\/controle-animalier\/controle-animalier-pour-ratons-laveurs\/controle-animalier-des-ratons-laveurs-en-hiver-comment-proteger-votre-maison-a-ottawa-gatineau\/#breadcrumb","itemListElement":[{"@type":"ListItem","position":1,"name":"Home","item":"https:\/\/aspenwildlifecontrol.com\/fr\/"},{"@type":"ListItem","position":2,"name":"Contr\u00f4le animalier","item":"https:\/\/aspenwildlifecontrol.com\/fr\/controle-animalier\/"},{"@type":"ListItem","position":3,"name":"Contr\u00f4le animalier pour ratons laveurs","item":"https:\/\/aspenwildlifecontrol.com\/fr\/controle-animalier\/controle-animalier-pour-ratons-laveurs\/"},{"@type":"ListItem","position":4,"name":"Contr\u00f4le animalier des ratons laveurs en hiver : Comment prot\u00e9ger votre maison \u00e0 Ottawa-Gatineau"}]},{"@type":"WebSite","@id":"https:\/\/aspenwildlifecontrol.com\/fr\/#website","url":"https:\/\/aspenwildlifecontrol.com\/fr\/","name":"Aspen Wildlife Control","description":"Fast, humane wildlife removal in Ottawa-Gatineau \u2014 guaranteed results, 24\/7 service","potentialAction":[{"@type":"SearchAction","target":{"@type":"EntryPoint","urlTemplate":"https:\/\/aspenwildlifecontrol.com\/fr\/?s={search_term_string}"},"query-input":{"@type":"PropertyValueSpecification","valueRequired":true,"valueName":"search_term_string"}}],"inLanguage":"fr-FR"}]}},"_links":{"self":[{"href":"https:\/\/aspenwildlifecontrol.com\/fr\/wp-json\/wp\/v2\/pages\/1224","targetHints":{"allow":["GET"]}}],"collection":[{"href":"https:\/\/aspenwildlifecontrol.com\/fr\/wp-json\/wp\/v2\/pages"}],"about":[{"href":"https:\/\/aspenwildlifecontrol.com\/fr\/wp-json\/wp\/v2\/types\/page"}],"author":[{"embeddable":true,"href":"https:\/\/aspenwildlifecontrol.com\/fr\/wp-json\/wp\/v2\/users\/1"}],"replies":[{"embeddable":true,"href":"https:\/\/aspenwildlifecontrol.com\/fr\/wp-json\/wp\/v2\/comments?post=1224"}],"version-history":[{"count":2,"href":"https:\/\/aspenwildlifecontrol.com\/fr\/wp-json\/wp\/v2\/pages\/1224\/revisions"}],"predecessor-version":[{"id":2980,"href":"https:\/\/aspenwildlifecontrol.com\/fr\/wp-json\/wp\/v2\/pages\/1224\/revisions\/2980"}],"up":[{"embeddable":true,"href":"https:\/\/aspenwildlifecontrol.com\/fr\/wp-json\/wp\/v2\/pages\/3193"}],"wp:attachment":[{"href":"https:\/\/aspenwildlifecontrol.com\/fr\/wp-json\/wp\/v2\/media?parent=1224"}],"curies":[{"name":"wp","href":"https:\/\/api.w.org\/{rel}","templated":true}]}}