{"id":1222,"date":"2025-01-14T14:42:37","date_gmt":"2025-01-14T19:42:37","guid":{"rendered":"https:\/\/aspenwildlifecontrol.com\/controle-animalier\/controle-animalier-pour-ratons-laveurs\/quelle-est-la-securite-du-controle-animalier-des-ratons-laveurs-pour-votre-famille-et-vos-animaux-de-compagnie-a-ottawa-gatineau\/"},"modified":"2025-02-13T14:16:49","modified_gmt":"2025-02-13T19:16:49","slug":"quelle-est-la-securite-du-controle-animalier-des-ratons-laveurs-pour-votre-famille-et-vos-animaux-de-compagnie-a-ottawa-gatineau","status":"publish","type":"page","link":"https:\/\/aspenwildlifecontrol.com\/fr\/controle-animalier\/controle-animalier-pour-ratons-laveurs\/quelle-est-la-securite-du-controle-animalier-des-ratons-laveurs-pour-votre-famille-et-vos-animaux-de-compagnie-a-ottawa-gatineau\/","title":{"rendered":"Quelle est la s\u00e9curit\u00e9 du contr\u00f4le animalier des ratons laveurs pour votre famille et vos animaux de compagnie \u00e0 Ottawa-Gatineau ?"},"content":{"rendered":"<h3><b>Quelle est la s\u00e9curit\u00e9 du contr\u00f4le animalier des ratons laveurs pour votre famille et vos animaux de compagnie \u00e0 Ottawa-Gatineau ?<\/b><\/h3>\n<p><span style=\"font-weight: 400;\">Le contr\u00f4le animalier des ratons laveurs est non seulement essentiel pour prot\u00e9ger votre maison, mais aussi pour garantir la s\u00e9curit\u00e9 de votre famille et de vos animaux de compagnie. Voici comment le contr\u00f4le professionnel des ratons laveurs assure la s\u00e9curit\u00e9 de tous :<\/span><\/p>\n<ul>\n<li aria-level=\"1\"><b>Pr\u00e9vention des maladies<\/b><\/li>\n<\/ul>\n<p><span style=\"font-weight: 400;\"><a href=\"https:\/\/aspenwildlifecontrol.com\/fr\/prestations-de-service\/ratons-laveurs\/\" target=\"_blank\" rel=\"noopener\"><strong>Les ratons laveurs<\/strong><\/a> peuvent transmettre des maladies comme la rage et la leptospirose. Le contr\u00f4le professionnel des nuisibles minimise l&rsquo;exposition \u00e0 ces risques.<\/span><\/p>\n<ul>\n<li aria-level=\"1\"><b>M\u00e9thodes non toxiques<\/b><\/li>\n<\/ul>\n<p><span style=\"font-weight: 400;\">Aspen Wildlife Control utilise des techniques humaines et \u00e9cologiques pour capturer les ratons laveurs. Ces m\u00e9thodes sont s\u00fbres pour les enfants, les animaux de compagnie et l&rsquo;environnement.<\/span><\/p>\n<ul>\n<li aria-level=\"1\"><b>Manipulation professionnelle<\/b><\/li>\n<\/ul>\n<p><span style=\"font-weight: 400;\">Les experts sont form\u00e9s pour manipuler les ratons laveurs en toute s\u00e9curit\u00e9, r\u00e9duisant ainsi le risque de rencontres agressives et de contamination par les excr\u00e9ments ou les mat\u00e9riaux de nidification des ratons laveurs.<\/span><\/p>\n<p><b>Mesures pr\u00e9ventives<\/b><\/p>\n<ul>\n<li style=\"font-weight: 400;\" aria-level=\"1\"><span style=\"font-weight: 400;\">Scellez les points d&rsquo;entr\u00e9e pour pr\u00e9venir les futures infestations.<\/span><\/li>\n<li style=\"font-weight: 400;\" aria-level=\"1\"><span style=\"font-weight: 400;\">Nettoyez soigneusement les zones affect\u00e9es avec des produits de d\u00e9sinfection professionnels.<\/span><\/li>\n<\/ul>\n<p><b>Priorisez la s\u00e9curit\u00e9<\/b><\/p>\n<p><span style=\"font-weight: 400;\">Aspen Wildlife Control assure la s\u00e9curit\u00e9 de votre famille tout en traitant les infestations de ratons laveurs. Contactez-les pour des services de contr\u00f4le animalier des ratons laveurs de confiance \u00e0 Ottawa-Gatineau.<\/span><\/p>\n<h3><span>Vous avez un probl\u00e8me de ratons laveurs ?<\/span><\/h3>\n<div>Besoin de services de contr\u00f4le animalier pour ratons laveurs \u00e0 Ottawa-Gatineau?<\/div>\n<h3><a href=\"https:\/\/aspenwildlifecontrol.com\/fr\/contact\/\" style=\"font-size: 16px;\">Contactez-nous<\/a><\/h3>\n","protected":false},"excerpt":{"rendered":"<p>Quelle est la s\u00e9curit\u00e9 du contr\u00f4le animalier des ratons laveurs pour votre famille et vos animaux de compagnie \u00e0 Ottawa-Gatineau ? Le contr\u00f4le animalier des ratons laveurs est non seulement essentiel pour prot\u00e9ger votre maison, mais aussi pour garantir la s\u00e9curit\u00e9 de votre famille et de vos animaux de compagnie. Voici comment le contr\u00f4le professionnel&hellip; <a class=\"more-link\" href=\"https:\/\/aspenwildlifecontrol.com\/fr\/controle-animalier\/controle-animalier-pour-ratons-laveurs\/quelle-est-la-securite-du-controle-animalier-des-ratons-laveurs-pour-votre-famille-et-vos-animaux-de-compagnie-a-ottawa-gatineau\/\">Poursuivre la lecture <span class=\"screen-reader-text\">Quelle est la s\u00e9curit\u00e9 du contr\u00f4le animalier des ratons laveurs pour votre famille et vos animaux de compagnie \u00e0 Ottawa-Gatineau ?<\/span><\/a><\/p>\n","protected":false},"author":1,"featured_media":0,"parent":3193,"menu_order":0,"comment_status":"closed","ping_status":"closed","template":"","meta":{"_acf_changed":false,"footnotes":""},"class_list":["post-1222","page","type-page","status-publish","hentry","entry"],"acf":[],"yoast_head":"<!-- This site is optimized with the Yoast SEO Premium plugin v26.8 (Yoast SEO v27.4) - https:\/\/yoast.com\/product\/yoast-seo-premium-wordpress\/ -->\n<title>Contr\u00f4le S\u00e9curitaire des Ratons Laveurs | Ottawa-Gatineau<\/title>\n<meta name=\"description\" content=\"Prot\u00e9gez votre famille et vos animaux avec des solutions humaines d\u2019Aspen Wildlife Control \u00e0 Ottawa-Gatineau.\" \/>\n<meta name=\"robots\" content=\"index, follow, max-snippet:-1, max-image-preview:large, max-video-preview:-1\" \/>\n<link rel=\"canonical\" href=\"https:\/\/aspenwildlifecontrol.com\/fr\/controle-animalier\/controle-animalier-pour-ratons-laveurs\/quelle-est-la-securite-du-controle-animalier-des-ratons-laveurs-pour-votre-famille-et-vos-animaux-de-compagnie-a-ottawa-gatineau\/\" \/>\n<meta property=\"og:locale\" content=\"fr_FR\" \/>\n<meta property=\"og:type\" content=\"article\" \/>\n<meta property=\"og:title\" content=\"Quelle est la s\u00e9curit\u00e9 du contr\u00f4le animalier des ratons laveurs pour votre famille et vos animaux de compagnie \u00e0 Ottawa-Gatineau ?\" \/>\n<meta property=\"og:description\" content=\"Prot\u00e9gez votre famille et vos animaux avec des solutions humaines d\u2019Aspen Wildlife Control \u00e0 Ottawa-Gatineau.\" \/>\n<meta property=\"og:url\" content=\"https:\/\/aspenwildlifecontrol.com\/fr\/controle-animalier\/controle-animalier-pour-ratons-laveurs\/quelle-est-la-securite-du-controle-animalier-des-ratons-laveurs-pour-votre-famille-et-vos-animaux-de-compagnie-a-ottawa-gatineau\/\" \/>\n<meta property=\"og:site_name\" content=\"Aspen Wildlife Control\" \/>\n<meta property=\"article:modified_time\" content=\"2025-02-13T19:16:49+00:00\" \/>\n<meta name=\"twitter:card\" content=\"summary_large_image\" \/>\n<meta name=\"twitter:label1\" content=\"Dur\u00e9e de lecture estim\u00e9e\" \/>\n\t<meta name=\"twitter:data1\" content=\"1 minute\" \/>\n<script type=\"application\/ld+json\" class=\"yoast-schema-graph\">{\"@context\":\"https:\\\/\\\/schema.org\",\"@graph\":[{\"@type\":\"WebPage\",\"@id\":\"https:\\\/\\\/aspenwildlifecontrol.com\\\/fr\\\/controle-animalier\\\/controle-animalier-pour-ratons-laveurs\\\/quelle-est-la-securite-du-controle-animalier-des-ratons-laveurs-pour-votre-famille-et-vos-animaux-de-compagnie-a-ottawa-gatineau\\\/\",\"url\":\"https:\\\/\\\/aspenwildlifecontrol.com\\\/fr\\\/controle-animalier\\\/controle-animalier-pour-ratons-laveurs\\\/quelle-est-la-securite-du-controle-animalier-des-ratons-laveurs-pour-votre-famille-et-vos-animaux-de-compagnie-a-ottawa-gatineau\\\/\",\"name\":\"Contr\u00f4le S\u00e9curitaire des Ratons Laveurs | Ottawa-Gatineau\",\"isPartOf\":{\"@id\":\"https:\\\/\\\/aspenwildlifecontrol.com\\\/fr\\\/#website\"},\"datePublished\":\"2025-01-14T19:42:37+00:00\",\"dateModified\":\"2025-02-13T19:16:49+00:00\",\"description\":\"Prot\u00e9gez votre famille et vos animaux avec des solutions humaines d\u2019Aspen Wildlife Control \u00e0 Ottawa-Gatineau.\",\"breadcrumb\":{\"@id\":\"https:\\\/\\\/aspenwildlifecontrol.com\\\/fr\\\/controle-animalier\\\/controle-animalier-pour-ratons-laveurs\\\/quelle-est-la-securite-du-controle-animalier-des-ratons-laveurs-pour-votre-famille-et-vos-animaux-de-compagnie-a-ottawa-gatineau\\\/#breadcrumb\"},\"inLanguage\":\"fr-FR\",\"potentialAction\":[{\"@type\":\"ReadAction\",\"target\":[\"https:\\\/\\\/aspenwildlifecontrol.com\\\/fr\\\/controle-animalier\\\/controle-animalier-pour-ratons-laveurs\\\/quelle-est-la-securite-du-controle-animalier-des-ratons-laveurs-pour-votre-famille-et-vos-animaux-de-compagnie-a-ottawa-gatineau\\\/\"]}]},{\"@type\":\"BreadcrumbList\",\"@id\":\"https:\\\/\\\/aspenwildlifecontrol.com\\\/fr\\\/controle-animalier\\\/controle-animalier-pour-ratons-laveurs\\\/quelle-est-la-securite-du-controle-animalier-des-ratons-laveurs-pour-votre-famille-et-vos-animaux-de-compagnie-a-ottawa-gatineau\\\/#breadcrumb\",\"itemListElement\":[{\"@type\":\"ListItem\",\"position\":1,\"name\":\"Home\",\"item\":\"https:\\\/\\\/aspenwildlifecontrol.com\\\/fr\\\/\"},{\"@type\":\"ListItem\",\"position\":2,\"name\":\"Contr\u00f4le animalier\",\"item\":\"https:\\\/\\\/aspenwildlifecontrol.com\\\/fr\\\/controle-animalier\\\/\"},{\"@type\":\"ListItem\",\"position\":3,\"name\":\"Contr\u00f4le animalier pour ratons laveurs\",\"item\":\"https:\\\/\\\/aspenwildlifecontrol.com\\\/fr\\\/controle-animalier\\\/controle-animalier-pour-ratons-laveurs\\\/\"},{\"@type\":\"ListItem\",\"position\":4,\"name\":\"Quelle est la s\u00e9curit\u00e9 du contr\u00f4le animalier des ratons laveurs pour votre famille et vos animaux de compagnie \u00e0 Ottawa-Gatineau ?\"}]},{\"@type\":\"WebSite\",\"@id\":\"https:\\\/\\\/aspenwildlifecontrol.com\\\/fr\\\/#website\",\"url\":\"https:\\\/\\\/aspenwildlifecontrol.com\\\/fr\\\/\",\"name\":\"Aspen Wildlife Control\",\"description\":\"Fast, humane wildlife removal in Ottawa-Gatineau \u2014 guaranteed results, 24\\\/7 service\",\"potentialAction\":[{\"@type\":\"SearchAction\",\"target\":{\"@type\":\"EntryPoint\",\"urlTemplate\":\"https:\\\/\\\/aspenwildlifecontrol.com\\\/fr\\\/?s={search_term_string}\"},\"query-input\":{\"@type\":\"PropertyValueSpecification\",\"valueRequired\":true,\"valueName\":\"search_term_string\"}}],\"inLanguage\":\"fr-FR\"}]}<\/script>\n<!-- \/ Yoast SEO Premium plugin. -->","yoast_head_json":{"title":"Contr\u00f4le S\u00e9curitaire des Ratons Laveurs | Ottawa-Gatineau","description":"Prot\u00e9gez votre famille et vos animaux avec des solutions humaines d\u2019Aspen Wildlife Control \u00e0 Ottawa-Gatineau.","robots":{"index":"index","follow":"follow","max-snippet":"max-snippet:-1","max-image-preview":"max-image-preview:large","max-video-preview":"max-video-preview:-1"},"canonical":"https:\/\/aspenwildlifecontrol.com\/fr\/controle-animalier\/controle-animalier-pour-ratons-laveurs\/quelle-est-la-securite-du-controle-animalier-des-ratons-laveurs-pour-votre-famille-et-vos-animaux-de-compagnie-a-ottawa-gatineau\/","og_locale":"fr_FR","og_type":"article","og_title":"Quelle est la s\u00e9curit\u00e9 du contr\u00f4le animalier des ratons laveurs pour votre famille et vos animaux de compagnie \u00e0 Ottawa-Gatineau ?","og_description":"Prot\u00e9gez votre famille et vos animaux avec des solutions humaines d\u2019Aspen Wildlife Control \u00e0 Ottawa-Gatineau.","og_url":"https:\/\/aspenwildlifecontrol.com\/fr\/controle-animalier\/controle-animalier-pour-ratons-laveurs\/quelle-est-la-securite-du-controle-animalier-des-ratons-laveurs-pour-votre-famille-et-vos-animaux-de-compagnie-a-ottawa-gatineau\/","og_site_name":"Aspen Wildlife Control","article_modified_time":"2025-02-13T19:16:49+00:00","twitter_card":"summary_large_image","twitter_misc":{"Dur\u00e9e de lecture estim\u00e9e":"1 minute"},"schema":{"@context":"https:\/\/schema.org","@graph":[{"@type":"WebPage","@id":"https:\/\/aspenwildlifecontrol.com\/fr\/controle-animalier\/controle-animalier-pour-ratons-laveurs\/quelle-est-la-securite-du-controle-animalier-des-ratons-laveurs-pour-votre-famille-et-vos-animaux-de-compagnie-a-ottawa-gatineau\/","url":"https:\/\/aspenwildlifecontrol.com\/fr\/controle-animalier\/controle-animalier-pour-ratons-laveurs\/quelle-est-la-securite-du-controle-animalier-des-ratons-laveurs-pour-votre-famille-et-vos-animaux-de-compagnie-a-ottawa-gatineau\/","name":"Contr\u00f4le S\u00e9curitaire des Ratons Laveurs | Ottawa-Gatineau","isPartOf":{"@id":"https:\/\/aspenwildlifecontrol.com\/fr\/#website"},"datePublished":"2025-01-14T19:42:37+00:00","dateModified":"2025-02-13T19:16:49+00:00","description":"Prot\u00e9gez votre famille et vos animaux avec des solutions humaines d\u2019Aspen Wildlife Control \u00e0 Ottawa-Gatineau.","breadcrumb":{"@id":"https:\/\/aspenwildlifecontrol.com\/fr\/controle-animalier\/controle-animalier-pour-ratons-laveurs\/quelle-est-la-securite-du-controle-animalier-des-ratons-laveurs-pour-votre-famille-et-vos-animaux-de-compagnie-a-ottawa-gatineau\/#breadcrumb"},"inLanguage":"fr-FR","potentialAction":[{"@type":"ReadAction","target":["https:\/\/aspenwildlifecontrol.com\/fr\/controle-animalier\/controle-animalier-pour-ratons-laveurs\/quelle-est-la-securite-du-controle-animalier-des-ratons-laveurs-pour-votre-famille-et-vos-animaux-de-compagnie-a-ottawa-gatineau\/"]}]},{"@type":"BreadcrumbList","@id":"https:\/\/aspenwildlifecontrol.com\/fr\/controle-animalier\/controle-animalier-pour-ratons-laveurs\/quelle-est-la-securite-du-controle-animalier-des-ratons-laveurs-pour-votre-famille-et-vos-animaux-de-compagnie-a-ottawa-gatineau\/#breadcrumb","itemListElement":[{"@type":"ListItem","position":1,"name":"Home","item":"https:\/\/aspenwildlifecontrol.com\/fr\/"},{"@type":"ListItem","position":2,"name":"Contr\u00f4le animalier","item":"https:\/\/aspenwildlifecontrol.com\/fr\/controle-animalier\/"},{"@type":"ListItem","position":3,"name":"Contr\u00f4le animalier pour ratons laveurs","item":"https:\/\/aspenwildlifecontrol.com\/fr\/controle-animalier\/controle-animalier-pour-ratons-laveurs\/"},{"@type":"ListItem","position":4,"name":"Quelle est la s\u00e9curit\u00e9 du contr\u00f4le animalier des ratons laveurs pour votre famille et vos animaux de compagnie \u00e0 Ottawa-Gatineau ?"}]},{"@type":"WebSite","@id":"https:\/\/aspenwildlifecontrol.com\/fr\/#website","url":"https:\/\/aspenwildlifecontrol.com\/fr\/","name":"Aspen Wildlife Control","description":"Fast, humane wildlife removal in Ottawa-Gatineau \u2014 guaranteed results, 24\/7 service","potentialAction":[{"@type":"SearchAction","target":{"@type":"EntryPoint","urlTemplate":"https:\/\/aspenwildlifecontrol.com\/fr\/?s={search_term_string}"},"query-input":{"@type":"PropertyValueSpecification","valueRequired":true,"valueName":"search_term_string"}}],"inLanguage":"fr-FR"}]}},"_links":{"self":[{"href":"https:\/\/aspenwildlifecontrol.com\/fr\/wp-json\/wp\/v2\/pages\/1222","targetHints":{"allow":["GET"]}}],"collection":[{"href":"https:\/\/aspenwildlifecontrol.com\/fr\/wp-json\/wp\/v2\/pages"}],"about":[{"href":"https:\/\/aspenwildlifecontrol.com\/fr\/wp-json\/wp\/v2\/types\/page"}],"author":[{"embeddable":true,"href":"https:\/\/aspenwildlifecontrol.com\/fr\/wp-json\/wp\/v2\/users\/1"}],"replies":[{"embeddable":true,"href":"https:\/\/aspenwildlifecontrol.com\/fr\/wp-json\/wp\/v2\/comments?post=1222"}],"version-history":[{"count":1,"href":"https:\/\/aspenwildlifecontrol.com\/fr\/wp-json\/wp\/v2\/pages\/1222\/revisions"}],"predecessor-version":[{"id":1579,"href":"https:\/\/aspenwildlifecontrol.com\/fr\/wp-json\/wp\/v2\/pages\/1222\/revisions\/1579"}],"up":[{"embeddable":true,"href":"https:\/\/aspenwildlifecontrol.com\/fr\/wp-json\/wp\/v2\/pages\/3193"}],"wp:attachment":[{"href":"https:\/\/aspenwildlifecontrol.com\/fr\/wp-json\/wp\/v2\/media?parent=1222"}],"curies":[{"name":"wp","href":"https:\/\/api.w.org\/{rel}","templated":true}]}}