{"id":1218,"date":"2025-01-13T21:44:26","date_gmt":"2025-01-14T02:44:26","guid":{"rendered":"https:\/\/aspenwildlifecontrol.com\/controle-animalier\/controle-animalier-pour-ratons-laveurs\/conseils-efficaces-de-controle-animalier-des-ratons-laveurs-pour-les-proprietaires-a-ottawa-gatineau\/"},"modified":"2025-02-13T14:16:06","modified_gmt":"2025-02-13T19:16:06","slug":"conseils-efficaces-de-controle-animalier-des-ratons-laveurs-pour-les-proprietaires-a-ottawa-gatineau","status":"publish","type":"page","link":"https:\/\/aspenwildlifecontrol.com\/fr\/controle-animalier\/controle-animalier-pour-ratons-laveurs\/conseils-efficaces-de-controle-animalier-des-ratons-laveurs-pour-les-proprietaires-a-ottawa-gatineau\/","title":{"rendered":"Conseils efficaces de contr\u00f4le animalier des ratons laveurs pour les propri\u00e9taires \u00e0 Ottawa-Gatineau"},"content":{"rendered":"<p><span style=\"font-weight: 400;\">Les ratons laveurs peuvent \u00eatre un v\u00e9ritable fl\u00e9au pour les propri\u00e9taires \u00e0 Ottawa-Gatineau, surtout lorsqu&rsquo;ils envahissent les greniers, les sous-sols ou les jardins. Suivez ces conseils pratiques pour garder votre propri\u00e9t\u00e9 exempte de ratons laveurs :<\/span><\/p>\n<p><b>1. Reconna\u00eetre les signes<\/b><\/p>\n<ul>\n<li style=\"font-weight: 400;\" aria-level=\"1\"><span style=\"font-weight: 400;\">Bruits de grattage dans les murs ou les plafonds<\/span><\/li>\n<li style=\"font-weight: 400;\" aria-level=\"1\"><span style=\"font-weight: 400;\">Excr\u00e9ments pr\u00e8s des points d&rsquo;entr\u00e9e<\/span><\/li>\n<li style=\"font-weight: 400;\" aria-level=\"1\"><span style=\"font-weight: 400;\">Poubelles renvers\u00e9es<\/span><\/li>\n<\/ul>\n<p>&nbsp;<\/p>\n<p><b>2. Mettre en place des mesures pr\u00e9ventives<\/b><\/p>\n<ul>\n<li style=\"font-weight: 400;\" aria-level=\"1\"><span style=\"font-weight: 400;\">Installez des couvercles de poubelles robustes.<\/span><\/li>\n<li style=\"font-weight: 400;\" aria-level=\"1\"><span style=\"font-weight: 400;\">Utilisez du treillis m\u00e9tallique pour sceller les trous dans les greniers ou les ventilations.<\/span><\/li>\n<li style=\"font-weight: 400;\" aria-level=\"1\"><span style=\"font-weight: 400;\">Retirez les mangeoires pour oiseaux ou s\u00e9curisez-les la nuit.<\/span><\/li>\n<\/ul>\n<p>&nbsp;<\/p>\n<p><b>3. \u00c9viter l&rsquo;\u00e9limination par vous-m\u00eame<\/b><\/p>\n<p><span style=\"font-weight: 400;\">L&rsquo;\u00e9limination des ratons laveurs par vous-m\u00eame peut \u00eatre dangereuse et inefficace. Les ratons laveurs peuvent transmettre des maladies telles que la rage, et une mauvaise gestion peut aggraver le probl\u00e8me.<\/span><\/p>\n<p><b>4. Faites confiance aux professionnels<\/b><\/p>\n<p><span style=\"font-weight: 400;\">Aspen Wildlife Control se sp\u00e9cialise dans la capture et la pr\u00e9vention des ratons laveurs. Leur \u00e9quipe garantit des m\u00e9thodes de contr\u00f4le animalier s\u00fbres, efficaces et respectueuses de l&rsquo;environnement.<\/span><\/p>\n<p><b>Contactez Aspen Wildlife Control<\/b><\/p>\n<p><span style=\"font-weight: 400;\">Prot\u00e9gez votre maison avec des services experts de contr\u00f4le animalier li\u00e9s aux ratons laveurs \u00e0 Ottawa-Gatineau. Planifiez une inspection d\u00e8s aujourd&rsquo;hui.<\/span><\/p>\n<h3><\/h3>\n","protected":false},"excerpt":{"rendered":"<p>Les ratons laveurs peuvent \u00eatre un v\u00e9ritable fl\u00e9au pour les propri\u00e9taires \u00e0 Ottawa-Gatineau, surtout lorsqu&rsquo;ils envahissent les greniers, les sous-sols ou les jardins. Suivez ces conseils pratiques pour garder votre propri\u00e9t\u00e9 exempte de ratons laveurs : 1. Reconna\u00eetre les signes Bruits de grattage dans les murs ou les plafonds Excr\u00e9ments pr\u00e8s des points d&rsquo;entr\u00e9e Poubelles&hellip; <a class=\"more-link\" href=\"https:\/\/aspenwildlifecontrol.com\/fr\/controle-animalier\/controle-animalier-pour-ratons-laveurs\/conseils-efficaces-de-controle-animalier-des-ratons-laveurs-pour-les-proprietaires-a-ottawa-gatineau\/\">Poursuivre la lecture <span class=\"screen-reader-text\">Conseils efficaces de contr\u00f4le animalier des ratons laveurs pour les propri\u00e9taires \u00e0 Ottawa-Gatineau<\/span><\/a><\/p>\n","protected":false},"author":1,"featured_media":0,"parent":3193,"menu_order":0,"comment_status":"closed","ping_status":"closed","template":"","meta":{"_acf_changed":false,"footnotes":""},"class_list":["post-1218","page","type-page","status-publish","hentry","entry"],"acf":[],"yoast_head":"<!-- This site is optimized with the Yoast SEO Premium plugin v26.8 (Yoast SEO v27.4) - https:\/\/yoast.com\/product\/yoast-seo-premium-wordpress\/ -->\n<title>Contr\u00f4le des ratons laveurs | Aspen Wildlife Control<\/title>\n<meta name=\"description\" content=\"Prot\u00e9gez votre maison \u00e0 Ottawa-Gatineau avec des solutions humaines d\u2019Aspen Wildlife Control. Contactez-nous d\u00e8s aujourd\u2019hui pour une intervention rapide et efficace!\" \/>\n<meta name=\"robots\" content=\"index, follow, max-snippet:-1, max-image-preview:large, max-video-preview:-1\" \/>\n<link rel=\"canonical\" href=\"https:\/\/aspenwildlifecontrol.com\/fr\/controle-animalier\/controle-animalier-pour-ratons-laveurs\/conseils-efficaces-de-controle-animalier-des-ratons-laveurs-pour-les-proprietaires-a-ottawa-gatineau\/\" \/>\n<meta property=\"og:locale\" content=\"fr_FR\" \/>\n<meta property=\"og:type\" content=\"article\" \/>\n<meta property=\"og:title\" content=\"Conseils efficaces de contr\u00f4le animalier des ratons laveurs pour les propri\u00e9taires \u00e0 Ottawa-Gatineau\" \/>\n<meta property=\"og:description\" content=\"Prot\u00e9gez votre maison \u00e0 Ottawa-Gatineau avec des solutions humaines d\u2019Aspen Wildlife Control. Contactez-nous d\u00e8s aujourd\u2019hui pour une intervention rapide et efficace!\" \/>\n<meta property=\"og:url\" content=\"https:\/\/aspenwildlifecontrol.com\/fr\/controle-animalier\/controle-animalier-pour-ratons-laveurs\/conseils-efficaces-de-controle-animalier-des-ratons-laveurs-pour-les-proprietaires-a-ottawa-gatineau\/\" \/>\n<meta property=\"og:site_name\" content=\"Aspen Wildlife Control\" \/>\n<meta property=\"article:modified_time\" content=\"2025-02-13T19:16:06+00:00\" \/>\n<meta name=\"twitter:card\" content=\"summary_large_image\" \/>\n<meta name=\"twitter:label1\" content=\"Dur\u00e9e de lecture estim\u00e9e\" \/>\n\t<meta name=\"twitter:data1\" content=\"1 minute\" \/>\n<script type=\"application\/ld+json\" class=\"yoast-schema-graph\">{\"@context\":\"https:\\\/\\\/schema.org\",\"@graph\":[{\"@type\":\"WebPage\",\"@id\":\"https:\\\/\\\/aspenwildlifecontrol.com\\\/fr\\\/controle-animalier\\\/controle-animalier-pour-ratons-laveurs\\\/conseils-efficaces-de-controle-animalier-des-ratons-laveurs-pour-les-proprietaires-a-ottawa-gatineau\\\/\",\"url\":\"https:\\\/\\\/aspenwildlifecontrol.com\\\/fr\\\/controle-animalier\\\/controle-animalier-pour-ratons-laveurs\\\/conseils-efficaces-de-controle-animalier-des-ratons-laveurs-pour-les-proprietaires-a-ottawa-gatineau\\\/\",\"name\":\"Contr\u00f4le des ratons laveurs | Aspen Wildlife Control\",\"isPartOf\":{\"@id\":\"https:\\\/\\\/aspenwildlifecontrol.com\\\/fr\\\/#website\"},\"datePublished\":\"2025-01-14T02:44:26+00:00\",\"dateModified\":\"2025-02-13T19:16:06+00:00\",\"description\":\"Prot\u00e9gez votre maison \u00e0 Ottawa-Gatineau avec des solutions humaines d\u2019Aspen Wildlife Control. Contactez-nous d\u00e8s aujourd\u2019hui pour une intervention rapide et efficace!\",\"breadcrumb\":{\"@id\":\"https:\\\/\\\/aspenwildlifecontrol.com\\\/fr\\\/controle-animalier\\\/controle-animalier-pour-ratons-laveurs\\\/conseils-efficaces-de-controle-animalier-des-ratons-laveurs-pour-les-proprietaires-a-ottawa-gatineau\\\/#breadcrumb\"},\"inLanguage\":\"fr-FR\",\"potentialAction\":[{\"@type\":\"ReadAction\",\"target\":[\"https:\\\/\\\/aspenwildlifecontrol.com\\\/fr\\\/controle-animalier\\\/controle-animalier-pour-ratons-laveurs\\\/conseils-efficaces-de-controle-animalier-des-ratons-laveurs-pour-les-proprietaires-a-ottawa-gatineau\\\/\"]}]},{\"@type\":\"BreadcrumbList\",\"@id\":\"https:\\\/\\\/aspenwildlifecontrol.com\\\/fr\\\/controle-animalier\\\/controle-animalier-pour-ratons-laveurs\\\/conseils-efficaces-de-controle-animalier-des-ratons-laveurs-pour-les-proprietaires-a-ottawa-gatineau\\\/#breadcrumb\",\"itemListElement\":[{\"@type\":\"ListItem\",\"position\":1,\"name\":\"Home\",\"item\":\"https:\\\/\\\/aspenwildlifecontrol.com\\\/fr\\\/\"},{\"@type\":\"ListItem\",\"position\":2,\"name\":\"Contr\u00f4le animalier\",\"item\":\"https:\\\/\\\/aspenwildlifecontrol.com\\\/fr\\\/controle-animalier\\\/\"},{\"@type\":\"ListItem\",\"position\":3,\"name\":\"Contr\u00f4le animalier pour ratons laveurs\",\"item\":\"https:\\\/\\\/aspenwildlifecontrol.com\\\/fr\\\/controle-animalier\\\/controle-animalier-pour-ratons-laveurs\\\/\"},{\"@type\":\"ListItem\",\"position\":4,\"name\":\"Conseils efficaces de contr\u00f4le animalier des ratons laveurs pour les propri\u00e9taires \u00e0 Ottawa-Gatineau\"}]},{\"@type\":\"WebSite\",\"@id\":\"https:\\\/\\\/aspenwildlifecontrol.com\\\/fr\\\/#website\",\"url\":\"https:\\\/\\\/aspenwildlifecontrol.com\\\/fr\\\/\",\"name\":\"Aspen Wildlife Control\",\"description\":\"Fast, humane wildlife removal in Ottawa-Gatineau \u2014 guaranteed results, 24\\\/7 service\",\"potentialAction\":[{\"@type\":\"SearchAction\",\"target\":{\"@type\":\"EntryPoint\",\"urlTemplate\":\"https:\\\/\\\/aspenwildlifecontrol.com\\\/fr\\\/?s={search_term_string}\"},\"query-input\":{\"@type\":\"PropertyValueSpecification\",\"valueRequired\":true,\"valueName\":\"search_term_string\"}}],\"inLanguage\":\"fr-FR\"}]}<\/script>\n<!-- \/ Yoast SEO Premium plugin. -->","yoast_head_json":{"title":"Contr\u00f4le des ratons laveurs | Aspen Wildlife Control","description":"Prot\u00e9gez votre maison \u00e0 Ottawa-Gatineau avec des solutions humaines d\u2019Aspen Wildlife Control. Contactez-nous d\u00e8s aujourd\u2019hui pour une intervention rapide et efficace!","robots":{"index":"index","follow":"follow","max-snippet":"max-snippet:-1","max-image-preview":"max-image-preview:large","max-video-preview":"max-video-preview:-1"},"canonical":"https:\/\/aspenwildlifecontrol.com\/fr\/controle-animalier\/controle-animalier-pour-ratons-laveurs\/conseils-efficaces-de-controle-animalier-des-ratons-laveurs-pour-les-proprietaires-a-ottawa-gatineau\/","og_locale":"fr_FR","og_type":"article","og_title":"Conseils efficaces de contr\u00f4le animalier des ratons laveurs pour les propri\u00e9taires \u00e0 Ottawa-Gatineau","og_description":"Prot\u00e9gez votre maison \u00e0 Ottawa-Gatineau avec des solutions humaines d\u2019Aspen Wildlife Control. Contactez-nous d\u00e8s aujourd\u2019hui pour une intervention rapide et efficace!","og_url":"https:\/\/aspenwildlifecontrol.com\/fr\/controle-animalier\/controle-animalier-pour-ratons-laveurs\/conseils-efficaces-de-controle-animalier-des-ratons-laveurs-pour-les-proprietaires-a-ottawa-gatineau\/","og_site_name":"Aspen Wildlife Control","article_modified_time":"2025-02-13T19:16:06+00:00","twitter_card":"summary_large_image","twitter_misc":{"Dur\u00e9e de lecture estim\u00e9e":"1 minute"},"schema":{"@context":"https:\/\/schema.org","@graph":[{"@type":"WebPage","@id":"https:\/\/aspenwildlifecontrol.com\/fr\/controle-animalier\/controle-animalier-pour-ratons-laveurs\/conseils-efficaces-de-controle-animalier-des-ratons-laveurs-pour-les-proprietaires-a-ottawa-gatineau\/","url":"https:\/\/aspenwildlifecontrol.com\/fr\/controle-animalier\/controle-animalier-pour-ratons-laveurs\/conseils-efficaces-de-controle-animalier-des-ratons-laveurs-pour-les-proprietaires-a-ottawa-gatineau\/","name":"Contr\u00f4le des ratons laveurs | Aspen Wildlife Control","isPartOf":{"@id":"https:\/\/aspenwildlifecontrol.com\/fr\/#website"},"datePublished":"2025-01-14T02:44:26+00:00","dateModified":"2025-02-13T19:16:06+00:00","description":"Prot\u00e9gez votre maison \u00e0 Ottawa-Gatineau avec des solutions humaines d\u2019Aspen Wildlife Control. Contactez-nous d\u00e8s aujourd\u2019hui pour une intervention rapide et efficace!","breadcrumb":{"@id":"https:\/\/aspenwildlifecontrol.com\/fr\/controle-animalier\/controle-animalier-pour-ratons-laveurs\/conseils-efficaces-de-controle-animalier-des-ratons-laveurs-pour-les-proprietaires-a-ottawa-gatineau\/#breadcrumb"},"inLanguage":"fr-FR","potentialAction":[{"@type":"ReadAction","target":["https:\/\/aspenwildlifecontrol.com\/fr\/controle-animalier\/controle-animalier-pour-ratons-laveurs\/conseils-efficaces-de-controle-animalier-des-ratons-laveurs-pour-les-proprietaires-a-ottawa-gatineau\/"]}]},{"@type":"BreadcrumbList","@id":"https:\/\/aspenwildlifecontrol.com\/fr\/controle-animalier\/controle-animalier-pour-ratons-laveurs\/conseils-efficaces-de-controle-animalier-des-ratons-laveurs-pour-les-proprietaires-a-ottawa-gatineau\/#breadcrumb","itemListElement":[{"@type":"ListItem","position":1,"name":"Home","item":"https:\/\/aspenwildlifecontrol.com\/fr\/"},{"@type":"ListItem","position":2,"name":"Contr\u00f4le animalier","item":"https:\/\/aspenwildlifecontrol.com\/fr\/controle-animalier\/"},{"@type":"ListItem","position":3,"name":"Contr\u00f4le animalier pour ratons laveurs","item":"https:\/\/aspenwildlifecontrol.com\/fr\/controle-animalier\/controle-animalier-pour-ratons-laveurs\/"},{"@type":"ListItem","position":4,"name":"Conseils efficaces de contr\u00f4le animalier des ratons laveurs pour les propri\u00e9taires \u00e0 Ottawa-Gatineau"}]},{"@type":"WebSite","@id":"https:\/\/aspenwildlifecontrol.com\/fr\/#website","url":"https:\/\/aspenwildlifecontrol.com\/fr\/","name":"Aspen Wildlife Control","description":"Fast, humane wildlife removal in Ottawa-Gatineau \u2014 guaranteed results, 24\/7 service","potentialAction":[{"@type":"SearchAction","target":{"@type":"EntryPoint","urlTemplate":"https:\/\/aspenwildlifecontrol.com\/fr\/?s={search_term_string}"},"query-input":{"@type":"PropertyValueSpecification","valueRequired":true,"valueName":"search_term_string"}}],"inLanguage":"fr-FR"}]}},"_links":{"self":[{"href":"https:\/\/aspenwildlifecontrol.com\/fr\/wp-json\/wp\/v2\/pages\/1218","targetHints":{"allow":["GET"]}}],"collection":[{"href":"https:\/\/aspenwildlifecontrol.com\/fr\/wp-json\/wp\/v2\/pages"}],"about":[{"href":"https:\/\/aspenwildlifecontrol.com\/fr\/wp-json\/wp\/v2\/types\/page"}],"author":[{"embeddable":true,"href":"https:\/\/aspenwildlifecontrol.com\/fr\/wp-json\/wp\/v2\/users\/1"}],"replies":[{"embeddable":true,"href":"https:\/\/aspenwildlifecontrol.com\/fr\/wp-json\/wp\/v2\/comments?post=1218"}],"version-history":[{"count":3,"href":"https:\/\/aspenwildlifecontrol.com\/fr\/wp-json\/wp\/v2\/pages\/1218\/revisions"}],"predecessor-version":[{"id":2977,"href":"https:\/\/aspenwildlifecontrol.com\/fr\/wp-json\/wp\/v2\/pages\/1218\/revisions\/2977"}],"up":[{"embeddable":true,"href":"https:\/\/aspenwildlifecontrol.com\/fr\/wp-json\/wp\/v2\/pages\/3193"}],"wp:attachment":[{"href":"https:\/\/aspenwildlifecontrol.com\/fr\/wp-json\/wp\/v2\/media?parent=1218"}],"curies":[{"name":"wp","href":"https:\/\/api.w.org\/{rel}","templated":true}]}}