{"id":1216,"date":"2025-01-13T20:05:34","date_gmt":"2025-01-14T01:05:34","guid":{"rendered":"https:\/\/aspenwildlifecontrol.com\/controle-animalier\/controle-animalier-pour-ratons-laveurs\/controle-animalier-de-ratons-laveurs-a-ottawa-gatineau-comment-proteger-votre-maison\/"},"modified":"2025-02-13T14:16:14","modified_gmt":"2025-02-13T19:16:14","slug":"controle-animalier-de-ratons-laveurs-a-ottawa-gatineau-comment-proteger-votre-maison","status":"publish","type":"page","link":"https:\/\/aspenwildlifecontrol.com\/fr\/controle-animalier\/controle-animalier-pour-ratons-laveurs\/controle-animalier-de-ratons-laveurs-a-ottawa-gatineau-comment-proteger-votre-maison\/","title":{"rendered":"Contr\u00f4le animalier de ratons laveurs \u00e0 Ottawa-Gatineau : Comment prot\u00e9ger votre maison"},"content":{"rendered":"<p><span style=\"font-weight: 400;\">Les ratons laveurs sont connus pour envahir les maisons et les propri\u00e9t\u00e9s, causant des dommages et repr\u00e9sentant des risques pour la sant\u00e9. Dans la r\u00e9gion d\u2019Ottawa-Gatineau, leur capacit\u00e9 d\u2019adaptation en fait des nuisibles courants. Prot\u00e9ger votre maison n\u00e9cessite des mesures proactives et une expertise professionnelle. Voici les \u00e9tapes essentielles pour s\u00e9curiser votre propri\u00e9t\u00e9 :<\/span><\/p>\n<p><b>1. Identifier les attractants<\/b><\/p>\n<p><span style=\"font-weight: 400;\">Les <a href=\"https:\/\/aspenwildlifecontrol.com\/fr\/controle-animalier\/controle-animalier-pour-ratons-laveurs\/\" target=\"_blank\" rel=\"noopener\"><strong>ratons laveurs<\/strong><\/a> sont attir\u00e9s par les sources de nourriture, les abris et l\u2019eau. Les attractants courants incluent:<\/span><\/p>\n<ul>\n<li style=\"font-weight: 400;\" aria-level=\"1\"><span style=\"font-weight: 400;\">Des poubelles non s\u00e9curis\u00e9es<\/span><\/li>\n<li style=\"font-weight: 400;\" aria-level=\"1\"><span style=\"font-weight: 400;\">De la nourriture pour animaux laiss\u00e9e \u00e0 l\u2019ext\u00e9rieur<\/span><\/li>\n<li style=\"font-weight: 400;\" aria-level=\"1\"><span style=\"font-weight: 400;\">Des tas de compost<\/span><\/li>\n<\/ul>\n<p>&nbsp;<\/p>\n<p><b>2. S\u00e9curiser votre propri\u00e9t\u00e9<\/b><\/p>\n<p><span style=\"font-weight: 400;\">Emp\u00eachez les ratons laveurs d\u2019acc\u00e9der \u00e0 votre maison en :<\/span><\/p>\n<ul>\n<li style=\"font-weight: 400;\" aria-level=\"1\"><span style=\"font-weight: 400;\">Installant des poubelles anti-raton laveur.<\/span><\/li>\n<li style=\"font-weight: 400;\" aria-level=\"1\"><span style=\"font-weight: 400;\">Scellant les points d\u2019entr\u00e9e dans les greniers, chemin\u00e9es et vides sanitaires.<\/span><\/li>\n<li style=\"font-weight: 400;\" aria-level=\"1\"><span style=\"font-weight: 400;\">Utilisant des lumi\u00e8res ou des arroseurs \u00e0 d\u00e9tection de mouvement pour dissuader les ratons laveurs.<\/span><\/li>\n<\/ul>\n<p>&nbsp;<\/p>\n<p><b>3. Planifier une inspection professionnelle<\/b><\/p>\n<p><span style=\"font-weight: 400;\">Faire appel \u00e0 des experts comme Aspen Wildlife Control garantit une inspection compl\u00e8te et des strat\u00e9gies de pr\u00e9vention efficaces. Leur \u00e9quipe identifie les vuln\u00e9rabilit\u00e9s et fournit des solutions personnalis\u00e9es pour prot\u00e9ger votre maison.<\/span><\/p>\n<p><b>Agissez d\u00e8s aujourd&rsquo;hui<\/b><\/p>\n<p><span style=\"font-weight: 400;\">N&rsquo;attendez pas que les ratons laveurs s&rsquo;installent chez vous. Contactez Aspen Wildlife Control pour des services fiables de contr\u00f4le animalier des ratons laveurs \u00e0 Ottawa-Gatineau. Prot\u00e9gez votre propri\u00e9t\u00e9 et assurez-vous la tranquillit\u00e9 d&rsquo;esprit.<\/span><\/p>\n<h3><\/h3>\n","protected":false},"excerpt":{"rendered":"<p>Les ratons laveurs sont connus pour envahir les maisons et les propri\u00e9t\u00e9s, causant des dommages et repr\u00e9sentant des risques pour la sant\u00e9. Dans la r\u00e9gion d\u2019Ottawa-Gatineau, leur capacit\u00e9 d\u2019adaptation en fait des nuisibles courants. Prot\u00e9ger votre maison n\u00e9cessite des mesures proactives et une expertise professionnelle. Voici les \u00e9tapes essentielles pour s\u00e9curiser votre propri\u00e9t\u00e9 : 1.&hellip; <a class=\"more-link\" href=\"https:\/\/aspenwildlifecontrol.com\/fr\/controle-animalier\/controle-animalier-pour-ratons-laveurs\/controle-animalier-de-ratons-laveurs-a-ottawa-gatineau-comment-proteger-votre-maison\/\">Poursuivre la lecture <span class=\"screen-reader-text\">Contr\u00f4le animalier de ratons laveurs \u00e0 Ottawa-Gatineau : Comment prot\u00e9ger votre maison<\/span><\/a><\/p>\n","protected":false},"author":1,"featured_media":0,"parent":3193,"menu_order":0,"comment_status":"closed","ping_status":"closed","template":"","meta":{"_acf_changed":false,"footnotes":""},"class_list":["post-1216","page","type-page","status-publish","hentry","entry"],"acf":{"content":null,"cta_custom":"<h5>Vous avez un probl\u00e8me de ratons laveurs ?<\/h5>\r\n<div>Besoin de services de contr\u00f4le animalier pour ratons laveurs \u00e0 Ottawa-Gatineau? <a style=\"font-size: 16px;\" href=\"https:\/\/aspenwildlifecontrol.com\/fr\/contact\/\">Contactez-nous<\/a><\/div>","schema":""},"yoast_head":"<!-- This site is optimized with the Yoast SEO Premium plugin v26.8 (Yoast SEO v27.6) - https:\/\/yoast.com\/product\/yoast-seo-premium-wordpress\/ -->\n<title>Contr\u00f4le des ratons laveurs \u00e0 Ottawa-Gatineau | Aspen Wildlife<\/title>\n<meta name=\"description\" content=\"Prot\u00e9gez votre maison des ratons laveurs avec Aspen Wildlife Control. D\u00e9couvrez des solutions efficaces et humaines \u00e0 Ottawa-Gatineau.\" \/>\n<meta name=\"robots\" content=\"index, follow, max-snippet:-1, max-image-preview:large, max-video-preview:-1\" \/>\n<link rel=\"canonical\" href=\"https:\/\/aspenwildlifecontrol.com\/fr\/controle-animalier\/controle-animalier-pour-ratons-laveurs\/controle-animalier-de-ratons-laveurs-a-ottawa-gatineau-comment-proteger-votre-maison\/\" \/>\n<meta property=\"og:locale\" content=\"fr_FR\" \/>\n<meta property=\"og:type\" content=\"article\" \/>\n<meta property=\"og:title\" content=\"Contr\u00f4le animalier de ratons laveurs \u00e0 Ottawa-Gatineau : Comment prot\u00e9ger votre maison\" \/>\n<meta property=\"og:description\" content=\"Prot\u00e9gez votre maison des ratons laveurs avec Aspen Wildlife Control. D\u00e9couvrez des solutions efficaces et humaines \u00e0 Ottawa-Gatineau.\" \/>\n<meta property=\"og:url\" content=\"https:\/\/aspenwildlifecontrol.com\/fr\/controle-animalier\/controle-animalier-pour-ratons-laveurs\/controle-animalier-de-ratons-laveurs-a-ottawa-gatineau-comment-proteger-votre-maison\/\" \/>\n<meta property=\"og:site_name\" content=\"Aspen Wildlife Control\" \/>\n<meta property=\"article:modified_time\" content=\"2025-02-13T19:16:14+00:00\" \/>\n<meta name=\"twitter:card\" content=\"summary_large_image\" \/>\n<meta name=\"twitter:label1\" content=\"Dur\u00e9e de lecture estim\u00e9e\" \/>\n\t<meta name=\"twitter:data1\" content=\"1 minute\" \/>\n<script type=\"application\/ld+json\" class=\"yoast-schema-graph\">{\"@context\":\"https:\\\/\\\/schema.org\",\"@graph\":[{\"@type\":\"WebPage\",\"@id\":\"https:\\\/\\\/aspenwildlifecontrol.com\\\/fr\\\/controle-animalier\\\/controle-animalier-pour-ratons-laveurs\\\/controle-animalier-de-ratons-laveurs-a-ottawa-gatineau-comment-proteger-votre-maison\\\/\",\"url\":\"https:\\\/\\\/aspenwildlifecontrol.com\\\/fr\\\/controle-animalier\\\/controle-animalier-pour-ratons-laveurs\\\/controle-animalier-de-ratons-laveurs-a-ottawa-gatineau-comment-proteger-votre-maison\\\/\",\"name\":\"Contr\u00f4le des ratons laveurs \u00e0 Ottawa-Gatineau | Aspen Wildlife\",\"isPartOf\":{\"@id\":\"https:\\\/\\\/aspenwildlifecontrol.com\\\/fr\\\/#website\"},\"datePublished\":\"2025-01-14T01:05:34+00:00\",\"dateModified\":\"2025-02-13T19:16:14+00:00\",\"description\":\"Prot\u00e9gez votre maison des ratons laveurs avec Aspen Wildlife Control. D\u00e9couvrez des solutions efficaces et humaines \u00e0 Ottawa-Gatineau.\",\"breadcrumb\":{\"@id\":\"https:\\\/\\\/aspenwildlifecontrol.com\\\/fr\\\/controle-animalier\\\/controle-animalier-pour-ratons-laveurs\\\/controle-animalier-de-ratons-laveurs-a-ottawa-gatineau-comment-proteger-votre-maison\\\/#breadcrumb\"},\"inLanguage\":\"fr-FR\",\"potentialAction\":[{\"@type\":\"ReadAction\",\"target\":[\"https:\\\/\\\/aspenwildlifecontrol.com\\\/fr\\\/controle-animalier\\\/controle-animalier-pour-ratons-laveurs\\\/controle-animalier-de-ratons-laveurs-a-ottawa-gatineau-comment-proteger-votre-maison\\\/\"]}]},{\"@type\":\"BreadcrumbList\",\"@id\":\"https:\\\/\\\/aspenwildlifecontrol.com\\\/fr\\\/controle-animalier\\\/controle-animalier-pour-ratons-laveurs\\\/controle-animalier-de-ratons-laveurs-a-ottawa-gatineau-comment-proteger-votre-maison\\\/#breadcrumb\",\"itemListElement\":[{\"@type\":\"ListItem\",\"position\":1,\"name\":\"Home\",\"item\":\"https:\\\/\\\/aspenwildlifecontrol.com\\\/fr\\\/\"},{\"@type\":\"ListItem\",\"position\":2,\"name\":\"Contr\u00f4le animalier\",\"item\":\"https:\\\/\\\/aspenwildlifecontrol.com\\\/fr\\\/controle-animalier\\\/\"},{\"@type\":\"ListItem\",\"position\":3,\"name\":\"Contr\u00f4le animalier pour ratons laveurs\",\"item\":\"https:\\\/\\\/aspenwildlifecontrol.com\\\/fr\\\/controle-animalier\\\/controle-animalier-pour-ratons-laveurs\\\/\"},{\"@type\":\"ListItem\",\"position\":4,\"name\":\"Contr\u00f4le animalier de ratons laveurs \u00e0 Ottawa-Gatineau : Comment prot\u00e9ger votre maison\"}]},{\"@type\":\"WebSite\",\"@id\":\"https:\\\/\\\/aspenwildlifecontrol.com\\\/fr\\\/#website\",\"url\":\"https:\\\/\\\/aspenwildlifecontrol.com\\\/fr\\\/\",\"name\":\"Aspen Wildlife Control\",\"description\":\"Fast, humane wildlife removal in Ottawa-Gatineau \u2014 guaranteed results, 24\\\/7 service\",\"potentialAction\":[{\"@type\":\"SearchAction\",\"target\":{\"@type\":\"EntryPoint\",\"urlTemplate\":\"https:\\\/\\\/aspenwildlifecontrol.com\\\/fr\\\/?s={search_term_string}\"},\"query-input\":{\"@type\":\"PropertyValueSpecification\",\"valueRequired\":true,\"valueName\":\"search_term_string\"}}],\"inLanguage\":\"fr-FR\"}]}<\/script>\n<!-- \/ Yoast SEO Premium plugin. -->","yoast_head_json":{"title":"Contr\u00f4le des ratons laveurs \u00e0 Ottawa-Gatineau | Aspen Wildlife","description":"Prot\u00e9gez votre maison des ratons laveurs avec Aspen Wildlife Control. D\u00e9couvrez des solutions efficaces et humaines \u00e0 Ottawa-Gatineau.","robots":{"index":"index","follow":"follow","max-snippet":"max-snippet:-1","max-image-preview":"max-image-preview:large","max-video-preview":"max-video-preview:-1"},"canonical":"https:\/\/aspenwildlifecontrol.com\/fr\/controle-animalier\/controle-animalier-pour-ratons-laveurs\/controle-animalier-de-ratons-laveurs-a-ottawa-gatineau-comment-proteger-votre-maison\/","og_locale":"fr_FR","og_type":"article","og_title":"Contr\u00f4le animalier de ratons laveurs \u00e0 Ottawa-Gatineau : Comment prot\u00e9ger votre maison","og_description":"Prot\u00e9gez votre maison des ratons laveurs avec Aspen Wildlife Control. D\u00e9couvrez des solutions efficaces et humaines \u00e0 Ottawa-Gatineau.","og_url":"https:\/\/aspenwildlifecontrol.com\/fr\/controle-animalier\/controle-animalier-pour-ratons-laveurs\/controle-animalier-de-ratons-laveurs-a-ottawa-gatineau-comment-proteger-votre-maison\/","og_site_name":"Aspen Wildlife Control","article_modified_time":"2025-02-13T19:16:14+00:00","twitter_card":"summary_large_image","twitter_misc":{"Dur\u00e9e de lecture estim\u00e9e":"1 minute"},"schema":{"@context":"https:\/\/schema.org","@graph":[{"@type":"WebPage","@id":"https:\/\/aspenwildlifecontrol.com\/fr\/controle-animalier\/controle-animalier-pour-ratons-laveurs\/controle-animalier-de-ratons-laveurs-a-ottawa-gatineau-comment-proteger-votre-maison\/","url":"https:\/\/aspenwildlifecontrol.com\/fr\/controle-animalier\/controle-animalier-pour-ratons-laveurs\/controle-animalier-de-ratons-laveurs-a-ottawa-gatineau-comment-proteger-votre-maison\/","name":"Contr\u00f4le des ratons laveurs \u00e0 Ottawa-Gatineau | Aspen Wildlife","isPartOf":{"@id":"https:\/\/aspenwildlifecontrol.com\/fr\/#website"},"datePublished":"2025-01-14T01:05:34+00:00","dateModified":"2025-02-13T19:16:14+00:00","description":"Prot\u00e9gez votre maison des ratons laveurs avec Aspen Wildlife Control. D\u00e9couvrez des solutions efficaces et humaines \u00e0 Ottawa-Gatineau.","breadcrumb":{"@id":"https:\/\/aspenwildlifecontrol.com\/fr\/controle-animalier\/controle-animalier-pour-ratons-laveurs\/controle-animalier-de-ratons-laveurs-a-ottawa-gatineau-comment-proteger-votre-maison\/#breadcrumb"},"inLanguage":"fr-FR","potentialAction":[{"@type":"ReadAction","target":["https:\/\/aspenwildlifecontrol.com\/fr\/controle-animalier\/controle-animalier-pour-ratons-laveurs\/controle-animalier-de-ratons-laveurs-a-ottawa-gatineau-comment-proteger-votre-maison\/"]}]},{"@type":"BreadcrumbList","@id":"https:\/\/aspenwildlifecontrol.com\/fr\/controle-animalier\/controle-animalier-pour-ratons-laveurs\/controle-animalier-de-ratons-laveurs-a-ottawa-gatineau-comment-proteger-votre-maison\/#breadcrumb","itemListElement":[{"@type":"ListItem","position":1,"name":"Home","item":"https:\/\/aspenwildlifecontrol.com\/fr\/"},{"@type":"ListItem","position":2,"name":"Contr\u00f4le animalier","item":"https:\/\/aspenwildlifecontrol.com\/fr\/controle-animalier\/"},{"@type":"ListItem","position":3,"name":"Contr\u00f4le animalier pour ratons laveurs","item":"https:\/\/aspenwildlifecontrol.com\/fr\/controle-animalier\/controle-animalier-pour-ratons-laveurs\/"},{"@type":"ListItem","position":4,"name":"Contr\u00f4le animalier de ratons laveurs \u00e0 Ottawa-Gatineau : Comment prot\u00e9ger votre maison"}]},{"@type":"WebSite","@id":"https:\/\/aspenwildlifecontrol.com\/fr\/#website","url":"https:\/\/aspenwildlifecontrol.com\/fr\/","name":"Aspen Wildlife Control","description":"Fast, humane wildlife removal in Ottawa-Gatineau \u2014 guaranteed results, 24\/7 service","potentialAction":[{"@type":"SearchAction","target":{"@type":"EntryPoint","urlTemplate":"https:\/\/aspenwildlifecontrol.com\/fr\/?s={search_term_string}"},"query-input":{"@type":"PropertyValueSpecification","valueRequired":true,"valueName":"search_term_string"}}],"inLanguage":"fr-FR"}]}},"_links":{"self":[{"href":"https:\/\/aspenwildlifecontrol.com\/fr\/wp-json\/wp\/v2\/pages\/1216","targetHints":{"allow":["GET"]}}],"collection":[{"href":"https:\/\/aspenwildlifecontrol.com\/fr\/wp-json\/wp\/v2\/pages"}],"about":[{"href":"https:\/\/aspenwildlifecontrol.com\/fr\/wp-json\/wp\/v2\/types\/page"}],"author":[{"embeddable":true,"href":"https:\/\/aspenwildlifecontrol.com\/fr\/wp-json\/wp\/v2\/users\/1"}],"replies":[{"embeddable":true,"href":"https:\/\/aspenwildlifecontrol.com\/fr\/wp-json\/wp\/v2\/comments?post=1216"}],"version-history":[{"count":3,"href":"https:\/\/aspenwildlifecontrol.com\/fr\/wp-json\/wp\/v2\/pages\/1216\/revisions"}],"predecessor-version":[{"id":2979,"href":"https:\/\/aspenwildlifecontrol.com\/fr\/wp-json\/wp\/v2\/pages\/1216\/revisions\/2979"}],"up":[{"embeddable":true,"href":"https:\/\/aspenwildlifecontrol.com\/fr\/wp-json\/wp\/v2\/pages\/3193"}],"wp:attachment":[{"href":"https:\/\/aspenwildlifecontrol.com\/fr\/wp-json\/wp\/v2\/media?parent=1216"}],"curies":[{"name":"wp","href":"https:\/\/api.w.org\/{rel}","templated":true}]}}