{"id":1190,"date":"2024-11-26T19:27:33","date_gmt":"2024-11-27T00:27:33","guid":{"rendered":"https:\/\/aspenwildlifecontrol.com\/prestations-de-service\/rats\/comment-les-rats-propagent-les-maladies-et-pourquoi-une-capture-rapide-est-cruciale-avec-aspen-wildlife-control-a-ottawa-et-gatineau\/"},"modified":"2026-01-14T16:29:48","modified_gmt":"2026-01-14T21:29:48","slug":"comment-les-rats-propagent-les-maladies-et-pourquoi-une-capture-rapide-est-cruciale-avec-aspen-wildlife-control-a-ottawa-et-gatineau","status":"publish","type":"page","link":"https:\/\/aspenwildlifecontrol.com\/fr\/prestations-de-service\/rats\/comment-les-rats-propagent-les-maladies-et-pourquoi-une-capture-rapide-est-cruciale-avec-aspen-wildlife-control-a-ottawa-et-gatineau\/","title":{"rendered":"Comment les rats propagent les maladies et pourquoi un contr\u00f4le rapide est cruciale avec Aspen Wildlife Control \u00e0 Ottawa et Gatineau"},"content":{"rendered":"<article class=\"w-full text-token-text-primary focus-visible:outline-2 focus-visible:outline-offset-\" dir=\"auto\" data-testid=\"conversation-turn-552\" data-scroll-anchor=\"false\">\n<div class=\"m-auto text-base py- px-3 md:px-4 w-full md:px-5 lg:px-4 xl:px-5\">\n<div class=\"mx-auto flex flex-1 gap-4 text-base md:gap-5 lg:gap-6 md:max-w-3xl lg:max-w- xl:max-w-\">\n<div class=\"group\/conversation-turn relative flex w-full min-w-0 flex-col\">\n<div class=\"flex-col gap-1 md:gap-3\">\n<div class=\"flex max-w-full flex-col flex-grow\">\n<div class=\"min-h-8 text-message flex w-full flex-col items-end gap-2 whitespace-normal break-words [.text-message+&amp;]:mt-5\" dir=\"auto\" data-message-author-role=\"user\" data-message-id=\"aaa2e159-c8dd-4d7f-ae85-9f4fa3aacf83\">\n<div class=\"flex w-full flex-col gap-1 empty:hidden items-end rtl:items-start\">\n<div class=\"relative max-w- rounded-3xl px-5 py-2.5 bg-[#f4f4f4] dark:bg-token-main-surface-secondary\">\n<h3><span style=\"background-color: var(--global--color-background); color: var(--global--color-primary); font-family: var(--global--font-secondary); font-size: var(--global--font-size-base);\">Les rats sont des porteurs bien connus de maladies pouvant avoir de graves impacts sur la sant\u00e9 humaine. Des maladies telles que la leptospirose, le hantavirus et la salmonellose peuvent se propager par les excr\u00e9ments, l&rsquo;urine ou les morsures de rats. Ces maladies peuvent facilement se transmettre aux humains, en particulier dans les zones o\u00f9 les rats contaminent la nourriture, les surfaces de cuisine ou les espaces de vie.<\/span><\/h3>\n<\/div>\n<\/div>\n<\/div>\n<\/div>\n<\/div>\n<\/div>\n<\/div>\n<\/div>\n<\/article>\n<p>Le contr\u00f4le rapide des rats par Aspen Wildlife Control r\u00e9duit le risque de propagation des maladies en minimisant le contact entre les rats et les environnements domestiques. Les rats peuvent se reproduire rapidement, et au fur et \u00e0 mesure que leur population augmente, le risque de transmission de maladies augmente \u00e9galement. En traitant les infestations rapidement, les propri\u00e9taires d\u2019Ottawa et de Gatineau peuvent emp\u00eacher les rats d\u2019\u00e9tablir des nids et de contaminer davantage d\u2019espaces dans la maison.<\/p>\n<p>Aspen Wildlife Control se sp\u00e9cialise dans les services de contr\u00f4le des rats s\u00fbrs et efficaces, essentiels pour les r\u00e9sidents d\u2019Ottawa et Gatineau pr\u00e9occup\u00e9s par la sant\u00e9 et l\u2019hygi\u00e8ne. L&rsquo;utilisation de techniques professionnelles garantit non seulement le\u00a0contr\u00f4le des rats, mais aussi la d\u00e9sinfection des zones infest\u00e9es et la protection contre les invasions futures, cr\u00e9ant ainsi un environnement domestique plus sain et plus s\u00fbr.<\/p>\n","protected":false},"excerpt":{"rendered":"<p>Les rats sont des porteurs bien connus de maladies pouvant avoir de graves impacts sur la sant\u00e9 humaine. Des maladies telles que la leptospirose, le hantavirus et la salmonellose peuvent se propager par les excr\u00e9ments, l&rsquo;urine ou les morsures de rats. Ces maladies peuvent facilement se transmettre aux humains, en particulier dans les zones o\u00f9&hellip; <a class=\"more-link\" href=\"https:\/\/aspenwildlifecontrol.com\/fr\/prestations-de-service\/rats\/comment-les-rats-propagent-les-maladies-et-pourquoi-une-capture-rapide-est-cruciale-avec-aspen-wildlife-control-a-ottawa-et-gatineau\/\">Poursuivre la lecture <span class=\"screen-reader-text\">Comment les rats propagent les maladies et pourquoi un contr\u00f4le rapide est cruciale avec Aspen Wildlife Control \u00e0 Ottawa et Gatineau<\/span><\/a><\/p>\n","protected":false},"author":1,"featured_media":0,"parent":981,"menu_order":0,"comment_status":"closed","ping_status":"closed","template":"","meta":{"_acf_changed":false,"footnotes":""},"class_list":["post-1190","page","type-page","status-publish","hentry","entry"],"acf":[],"yoast_head":"<!-- This site is optimized with the Yoast SEO Premium plugin v26.8 (Yoast SEO v27.4) - https:\/\/yoast.com\/product\/yoast-seo-premium-wordpress\/ -->\n<title>Propagation des Maladies par les Rats &amp; contr\u00f4le Rapide | Aspen<\/title>\n<meta name=\"description\" content=\"D\u00e9couvrez comment les rats propagent des maladies et pourquoi un contr\u00f4le rapide est essentielle. Aspen Wildlife Control offre des solutions.\" \/>\n<meta name=\"robots\" content=\"index, follow, max-snippet:-1, max-image-preview:large, max-video-preview:-1\" \/>\n<link rel=\"canonical\" href=\"https:\/\/aspenwildlifecontrol.com\/fr\/prestations-de-service\/rats\/comment-les-rats-propagent-les-maladies-et-pourquoi-une-capture-rapide-est-cruciale-avec-aspen-wildlife-control-a-ottawa-et-gatineau\/\" \/>\n<meta property=\"og:locale\" content=\"fr_FR\" \/>\n<meta property=\"og:type\" content=\"article\" \/>\n<meta property=\"og:title\" content=\"Comment les rats propagent les maladies et pourquoi un contr\u00f4le rapide est cruciale avec Aspen Wildlife Control \u00e0 Ottawa et Gatineau\" \/>\n<meta property=\"og:description\" content=\"D\u00e9couvrez comment les rats propagent des maladies et pourquoi un contr\u00f4le rapide est essentielle. Aspen Wildlife Control offre des solutions.\" \/>\n<meta property=\"og:url\" content=\"https:\/\/aspenwildlifecontrol.com\/fr\/prestations-de-service\/rats\/comment-les-rats-propagent-les-maladies-et-pourquoi-une-capture-rapide-est-cruciale-avec-aspen-wildlife-control-a-ottawa-et-gatineau\/\" \/>\n<meta property=\"og:site_name\" content=\"Aspen Wildlife Control\" \/>\n<meta property=\"article:modified_time\" content=\"2026-01-14T21:29:48+00:00\" \/>\n<meta name=\"twitter:card\" content=\"summary_large_image\" \/>\n<meta name=\"twitter:label1\" content=\"Dur\u00e9e de lecture estim\u00e9e\" \/>\n\t<meta name=\"twitter:data1\" content=\"1 minute\" \/>\n<script type=\"application\/ld+json\" class=\"yoast-schema-graph\">{\"@context\":\"https:\\\/\\\/schema.org\",\"@graph\":[{\"@type\":\"WebPage\",\"@id\":\"https:\\\/\\\/aspenwildlifecontrol.com\\\/fr\\\/prestations-de-service\\\/rats\\\/comment-les-rats-propagent-les-maladies-et-pourquoi-une-capture-rapide-est-cruciale-avec-aspen-wildlife-control-a-ottawa-et-gatineau\\\/\",\"url\":\"https:\\\/\\\/aspenwildlifecontrol.com\\\/fr\\\/prestations-de-service\\\/rats\\\/comment-les-rats-propagent-les-maladies-et-pourquoi-une-capture-rapide-est-cruciale-avec-aspen-wildlife-control-a-ottawa-et-gatineau\\\/\",\"name\":\"Propagation des Maladies par les Rats & contr\u00f4le Rapide | Aspen\",\"isPartOf\":{\"@id\":\"https:\\\/\\\/aspenwildlifecontrol.com\\\/fr\\\/#website\"},\"datePublished\":\"2024-11-27T00:27:33+00:00\",\"dateModified\":\"2026-01-14T21:29:48+00:00\",\"description\":\"D\u00e9couvrez comment les rats propagent des maladies et pourquoi un contr\u00f4le rapide est essentielle. Aspen Wildlife Control offre des solutions.\",\"breadcrumb\":{\"@id\":\"https:\\\/\\\/aspenwildlifecontrol.com\\\/fr\\\/prestations-de-service\\\/rats\\\/comment-les-rats-propagent-les-maladies-et-pourquoi-une-capture-rapide-est-cruciale-avec-aspen-wildlife-control-a-ottawa-et-gatineau\\\/#breadcrumb\"},\"inLanguage\":\"fr-FR\",\"potentialAction\":[{\"@type\":\"ReadAction\",\"target\":[\"https:\\\/\\\/aspenwildlifecontrol.com\\\/fr\\\/prestations-de-service\\\/rats\\\/comment-les-rats-propagent-les-maladies-et-pourquoi-une-capture-rapide-est-cruciale-avec-aspen-wildlife-control-a-ottawa-et-gatineau\\\/\"]}]},{\"@type\":\"BreadcrumbList\",\"@id\":\"https:\\\/\\\/aspenwildlifecontrol.com\\\/fr\\\/prestations-de-service\\\/rats\\\/comment-les-rats-propagent-les-maladies-et-pourquoi-une-capture-rapide-est-cruciale-avec-aspen-wildlife-control-a-ottawa-et-gatineau\\\/#breadcrumb\",\"itemListElement\":[{\"@type\":\"ListItem\",\"position\":1,\"name\":\"Home\",\"item\":\"https:\\\/\\\/aspenwildlifecontrol.com\\\/fr\\\/\"},{\"@type\":\"ListItem\",\"position\":2,\"name\":\"Service control animal\",\"item\":\"https:\\\/\\\/aspenwildlifecontrol.com\\\/fr\\\/prestations-de-service\\\/\"},{\"@type\":\"ListItem\",\"position\":3,\"name\":\"Rats\",\"item\":\"https:\\\/\\\/aspenwildlifecontrol.com\\\/fr\\\/prestations-de-service\\\/rats\\\/\"},{\"@type\":\"ListItem\",\"position\":4,\"name\":\"Comment les rats propagent les maladies et pourquoi un contr\u00f4le rapide est cruciale avec Aspen Wildlife Control \u00e0 Ottawa et Gatineau\"}]},{\"@type\":\"WebSite\",\"@id\":\"https:\\\/\\\/aspenwildlifecontrol.com\\\/fr\\\/#website\",\"url\":\"https:\\\/\\\/aspenwildlifecontrol.com\\\/fr\\\/\",\"name\":\"Aspen Wildlife Control\",\"description\":\"Fast, humane wildlife removal in Ottawa-Gatineau \u2014 guaranteed results, 24\\\/7 service\",\"potentialAction\":[{\"@type\":\"SearchAction\",\"target\":{\"@type\":\"EntryPoint\",\"urlTemplate\":\"https:\\\/\\\/aspenwildlifecontrol.com\\\/fr\\\/?s={search_term_string}\"},\"query-input\":{\"@type\":\"PropertyValueSpecification\",\"valueRequired\":true,\"valueName\":\"search_term_string\"}}],\"inLanguage\":\"fr-FR\"}]}<\/script>\n<!-- \/ Yoast SEO Premium plugin. -->","yoast_head_json":{"title":"Propagation des Maladies par les Rats & contr\u00f4le Rapide | Aspen","description":"D\u00e9couvrez comment les rats propagent des maladies et pourquoi un contr\u00f4le rapide est essentielle. Aspen Wildlife Control offre des solutions.","robots":{"index":"index","follow":"follow","max-snippet":"max-snippet:-1","max-image-preview":"max-image-preview:large","max-video-preview":"max-video-preview:-1"},"canonical":"https:\/\/aspenwildlifecontrol.com\/fr\/prestations-de-service\/rats\/comment-les-rats-propagent-les-maladies-et-pourquoi-une-capture-rapide-est-cruciale-avec-aspen-wildlife-control-a-ottawa-et-gatineau\/","og_locale":"fr_FR","og_type":"article","og_title":"Comment les rats propagent les maladies et pourquoi un contr\u00f4le rapide est cruciale avec Aspen Wildlife Control \u00e0 Ottawa et Gatineau","og_description":"D\u00e9couvrez comment les rats propagent des maladies et pourquoi un contr\u00f4le rapide est essentielle. Aspen Wildlife Control offre des solutions.","og_url":"https:\/\/aspenwildlifecontrol.com\/fr\/prestations-de-service\/rats\/comment-les-rats-propagent-les-maladies-et-pourquoi-une-capture-rapide-est-cruciale-avec-aspen-wildlife-control-a-ottawa-et-gatineau\/","og_site_name":"Aspen Wildlife Control","article_modified_time":"2026-01-14T21:29:48+00:00","twitter_card":"summary_large_image","twitter_misc":{"Dur\u00e9e de lecture estim\u00e9e":"1 minute"},"schema":{"@context":"https:\/\/schema.org","@graph":[{"@type":"WebPage","@id":"https:\/\/aspenwildlifecontrol.com\/fr\/prestations-de-service\/rats\/comment-les-rats-propagent-les-maladies-et-pourquoi-une-capture-rapide-est-cruciale-avec-aspen-wildlife-control-a-ottawa-et-gatineau\/","url":"https:\/\/aspenwildlifecontrol.com\/fr\/prestations-de-service\/rats\/comment-les-rats-propagent-les-maladies-et-pourquoi-une-capture-rapide-est-cruciale-avec-aspen-wildlife-control-a-ottawa-et-gatineau\/","name":"Propagation des Maladies par les Rats & contr\u00f4le Rapide | Aspen","isPartOf":{"@id":"https:\/\/aspenwildlifecontrol.com\/fr\/#website"},"datePublished":"2024-11-27T00:27:33+00:00","dateModified":"2026-01-14T21:29:48+00:00","description":"D\u00e9couvrez comment les rats propagent des maladies et pourquoi un contr\u00f4le rapide est essentielle. Aspen Wildlife Control offre des solutions.","breadcrumb":{"@id":"https:\/\/aspenwildlifecontrol.com\/fr\/prestations-de-service\/rats\/comment-les-rats-propagent-les-maladies-et-pourquoi-une-capture-rapide-est-cruciale-avec-aspen-wildlife-control-a-ottawa-et-gatineau\/#breadcrumb"},"inLanguage":"fr-FR","potentialAction":[{"@type":"ReadAction","target":["https:\/\/aspenwildlifecontrol.com\/fr\/prestations-de-service\/rats\/comment-les-rats-propagent-les-maladies-et-pourquoi-une-capture-rapide-est-cruciale-avec-aspen-wildlife-control-a-ottawa-et-gatineau\/"]}]},{"@type":"BreadcrumbList","@id":"https:\/\/aspenwildlifecontrol.com\/fr\/prestations-de-service\/rats\/comment-les-rats-propagent-les-maladies-et-pourquoi-une-capture-rapide-est-cruciale-avec-aspen-wildlife-control-a-ottawa-et-gatineau\/#breadcrumb","itemListElement":[{"@type":"ListItem","position":1,"name":"Home","item":"https:\/\/aspenwildlifecontrol.com\/fr\/"},{"@type":"ListItem","position":2,"name":"Service control animal","item":"https:\/\/aspenwildlifecontrol.com\/fr\/prestations-de-service\/"},{"@type":"ListItem","position":3,"name":"Rats","item":"https:\/\/aspenwildlifecontrol.com\/fr\/prestations-de-service\/rats\/"},{"@type":"ListItem","position":4,"name":"Comment les rats propagent les maladies et pourquoi un contr\u00f4le rapide est cruciale avec Aspen Wildlife Control \u00e0 Ottawa et Gatineau"}]},{"@type":"WebSite","@id":"https:\/\/aspenwildlifecontrol.com\/fr\/#website","url":"https:\/\/aspenwildlifecontrol.com\/fr\/","name":"Aspen Wildlife Control","description":"Fast, humane wildlife removal in Ottawa-Gatineau \u2014 guaranteed results, 24\/7 service","potentialAction":[{"@type":"SearchAction","target":{"@type":"EntryPoint","urlTemplate":"https:\/\/aspenwildlifecontrol.com\/fr\/?s={search_term_string}"},"query-input":{"@type":"PropertyValueSpecification","valueRequired":true,"valueName":"search_term_string"}}],"inLanguage":"fr-FR"}]}},"_links":{"self":[{"href":"https:\/\/aspenwildlifecontrol.com\/fr\/wp-json\/wp\/v2\/pages\/1190","targetHints":{"allow":["GET"]}}],"collection":[{"href":"https:\/\/aspenwildlifecontrol.com\/fr\/wp-json\/wp\/v2\/pages"}],"about":[{"href":"https:\/\/aspenwildlifecontrol.com\/fr\/wp-json\/wp\/v2\/types\/page"}],"author":[{"embeddable":true,"href":"https:\/\/aspenwildlifecontrol.com\/fr\/wp-json\/wp\/v2\/users\/1"}],"replies":[{"embeddable":true,"href":"https:\/\/aspenwildlifecontrol.com\/fr\/wp-json\/wp\/v2\/comments?post=1190"}],"version-history":[{"count":4,"href":"https:\/\/aspenwildlifecontrol.com\/fr\/wp-json\/wp\/v2\/pages\/1190\/revisions"}],"predecessor-version":[{"id":4108,"href":"https:\/\/aspenwildlifecontrol.com\/fr\/wp-json\/wp\/v2\/pages\/1190\/revisions\/4108"}],"up":[{"embeddable":true,"href":"https:\/\/aspenwildlifecontrol.com\/fr\/wp-json\/wp\/v2\/pages\/981"}],"wp:attachment":[{"href":"https:\/\/aspenwildlifecontrol.com\/fr\/wp-json\/wp\/v2\/media?parent=1190"}],"curies":[{"name":"wp","href":"https:\/\/api.w.org\/{rel}","templated":true}]}}