{"id":1189,"date":"2024-11-26T18:58:45","date_gmt":"2024-11-26T23:58:45","guid":{"rendered":"https:\/\/aspenwildlifecontrol.com\/prestations-de-service\/rats\/solutions-a-long-terme-pour-empecher-les-rats-dentrer-dans-votre-maison-dottawa-ou-de-gatineau-avec-aspen-wildlife-control\/"},"modified":"2025-02-18T10:52:02","modified_gmt":"2025-02-18T15:52:02","slug":"solutions-a-long-terme-pour-empecher-les-rats-dentrer-dans-votre-maison-dottawa-ou-de-gatineau-avec-aspen-wildlife-control","status":"publish","type":"page","link":"https:\/\/aspenwildlifecontrol.com\/fr\/prestations-de-service\/rats\/solutions-a-long-terme-pour-empecher-les-rats-dentrer-dans-votre-maison-dottawa-ou-de-gatineau-avec-aspen-wildlife-control\/","title":{"rendered":"Solutions \u00e0 long terme pour emp\u00eacher les rats d&rsquo;entrer dans votre maison d&rsquo;Ottawa ou de Gatineau avec Aspen Wildlife Control"},"content":{"rendered":"<p>Les infestations de rats peuvent rapidement s\u2019aggraver, entra\u00eenant des co\u00fbts financiers et sanitaires importants pour les propri\u00e9taires d\u2019Ottawa et de Gatineau. Les rats causent des dommages structurels en rongeant l\u2019isolation, les fils et le bois, ce qui peut provoquer des incendies et autres r\u00e9parations co\u00fbteuses. Plus une infestation est laiss\u00e9e sans surveillance, plus les dommages s\u2019accumulent, car les rats se reproduisent rapidement, aggravant le probl\u00e8me.<\/p>\n<p>Une intervention rapide avec Aspen Wildlife Control est une strat\u00e9gie cl\u00e9 pour minimiser ces d\u00e9penses. En traitant une infestation d\u00e8s que des signes sont d\u00e9tect\u00e9s, comme des excr\u00e9ments, des marques de dents ou des sons inhabituels, les propri\u00e9taires peuvent \u00e9viter les co\u00fbts \u00e9lev\u00e9s associ\u00e9s aux grandes infestations. Aspen Wildlife Control offre des services d\u2019inspection et de capture efficaces \u00e0 Ottawa et Gatineau pour r\u00e9soudre le probl\u00e8me avant qu\u2019il ne s\u2019aggrave.<\/p>\n<p>En plus des dommages structurels, les risques sanitaires pos\u00e9s par les rats ajoutent d\u2019autres co\u00fbts. Les rats transportent des maladies qui peuvent affecter les humains et les animaux domestiques, entra\u00eenant potentiellement des frais m\u00e9dicaux. Agir rapidement avec Aspen Wildlife Control prot\u00e8ge non seulement la propri\u00e9t\u00e9 mais aussi la sant\u00e9 des occupants, faisant de l\u2019intervention pr\u00e9coce un investissement judicieux.<\/p>\n","protected":false},"excerpt":{"rendered":"<p>Les infestations de rats peuvent rapidement s\u2019aggraver, entra\u00eenant des co\u00fbts financiers et sanitaires importants pour les propri\u00e9taires d\u2019Ottawa et de Gatineau. Les rats causent des dommages structurels en rongeant l\u2019isolation, les fils et le bois, ce qui peut provoquer des incendies et autres r\u00e9parations co\u00fbteuses. Plus une infestation est laiss\u00e9e sans surveillance, plus les dommages&hellip; <a class=\"more-link\" href=\"https:\/\/aspenwildlifecontrol.com\/fr\/prestations-de-service\/rats\/solutions-a-long-terme-pour-empecher-les-rats-dentrer-dans-votre-maison-dottawa-ou-de-gatineau-avec-aspen-wildlife-control\/\">Poursuivre la lecture <span class=\"screen-reader-text\">Solutions \u00e0 long terme pour emp\u00eacher les rats d&rsquo;entrer dans votre maison d&rsquo;Ottawa ou de Gatineau avec Aspen Wildlife Control<\/span><\/a><\/p>\n","protected":false},"author":1,"featured_media":0,"parent":981,"menu_order":0,"comment_status":"closed","ping_status":"closed","template":"","meta":{"_acf_changed":false,"footnotes":""},"class_list":["post-1189","page","type-page","status-publish","hentry","entry"],"acf":[],"yoast_head":"<!-- This site is optimized with the Yoast SEO Premium plugin v26.8 (Yoast SEO v27.4) - https:\/\/yoast.com\/product\/yoast-seo-premium-wordpress\/ -->\n<title>Solutions Durables pour Emp\u00eacher les Rats d\u2019Entrer | Aspen<\/title>\n<meta name=\"description\" content=\"Prot\u00e9gez votre maison \u00e0 Ottawa et Gatineau avec des solutions durables contre les rats. Aspen Wildlife Control vous aide \u00e0 pr\u00e9venir toute infestation efficacement.\" \/>\n<meta name=\"robots\" content=\"index, follow, max-snippet:-1, max-image-preview:large, max-video-preview:-1\" \/>\n<link rel=\"canonical\" href=\"https:\/\/aspenwildlifecontrol.com\/fr\/prestations-de-service\/rats\/solutions-a-long-terme-pour-empecher-les-rats-dentrer-dans-votre-maison-dottawa-ou-de-gatineau-avec-aspen-wildlife-control\/\" \/>\n<meta property=\"og:locale\" content=\"fr_FR\" \/>\n<meta property=\"og:type\" content=\"article\" \/>\n<meta property=\"og:title\" content=\"Solutions \u00e0 long terme pour emp\u00eacher les rats d&#039;entrer dans votre maison d&#039;Ottawa ou de Gatineau avec Aspen Wildlife Control\" \/>\n<meta property=\"og:description\" content=\"Prot\u00e9gez votre maison \u00e0 Ottawa et Gatineau avec des solutions durables contre les rats. Aspen Wildlife Control vous aide \u00e0 pr\u00e9venir toute infestation efficacement.\" \/>\n<meta property=\"og:url\" content=\"https:\/\/aspenwildlifecontrol.com\/fr\/prestations-de-service\/rats\/solutions-a-long-terme-pour-empecher-les-rats-dentrer-dans-votre-maison-dottawa-ou-de-gatineau-avec-aspen-wildlife-control\/\" \/>\n<meta property=\"og:site_name\" content=\"Aspen Wildlife Control\" \/>\n<meta property=\"article:modified_time\" content=\"2025-02-18T15:52:02+00:00\" \/>\n<meta name=\"twitter:card\" content=\"summary_large_image\" \/>\n<meta name=\"twitter:label1\" content=\"Dur\u00e9e de lecture estim\u00e9e\" \/>\n\t<meta name=\"twitter:data1\" content=\"1 minute\" \/>\n<script type=\"application\/ld+json\" class=\"yoast-schema-graph\">{\"@context\":\"https:\\\/\\\/schema.org\",\"@graph\":[{\"@type\":\"WebPage\",\"@id\":\"https:\\\/\\\/aspenwildlifecontrol.com\\\/fr\\\/prestations-de-service\\\/rats\\\/solutions-a-long-terme-pour-empecher-les-rats-dentrer-dans-votre-maison-dottawa-ou-de-gatineau-avec-aspen-wildlife-control\\\/\",\"url\":\"https:\\\/\\\/aspenwildlifecontrol.com\\\/fr\\\/prestations-de-service\\\/rats\\\/solutions-a-long-terme-pour-empecher-les-rats-dentrer-dans-votre-maison-dottawa-ou-de-gatineau-avec-aspen-wildlife-control\\\/\",\"name\":\"Solutions Durables pour Emp\u00eacher les Rats d\u2019Entrer | Aspen\",\"isPartOf\":{\"@id\":\"https:\\\/\\\/aspenwildlifecontrol.com\\\/fr\\\/#website\"},\"datePublished\":\"2024-11-26T23:58:45+00:00\",\"dateModified\":\"2025-02-18T15:52:02+00:00\",\"description\":\"Prot\u00e9gez votre maison \u00e0 Ottawa et Gatineau avec des solutions durables contre les rats. Aspen Wildlife Control vous aide \u00e0 pr\u00e9venir toute infestation efficacement.\",\"breadcrumb\":{\"@id\":\"https:\\\/\\\/aspenwildlifecontrol.com\\\/fr\\\/prestations-de-service\\\/rats\\\/solutions-a-long-terme-pour-empecher-les-rats-dentrer-dans-votre-maison-dottawa-ou-de-gatineau-avec-aspen-wildlife-control\\\/#breadcrumb\"},\"inLanguage\":\"fr-FR\",\"potentialAction\":[{\"@type\":\"ReadAction\",\"target\":[\"https:\\\/\\\/aspenwildlifecontrol.com\\\/fr\\\/prestations-de-service\\\/rats\\\/solutions-a-long-terme-pour-empecher-les-rats-dentrer-dans-votre-maison-dottawa-ou-de-gatineau-avec-aspen-wildlife-control\\\/\"]}]},{\"@type\":\"BreadcrumbList\",\"@id\":\"https:\\\/\\\/aspenwildlifecontrol.com\\\/fr\\\/prestations-de-service\\\/rats\\\/solutions-a-long-terme-pour-empecher-les-rats-dentrer-dans-votre-maison-dottawa-ou-de-gatineau-avec-aspen-wildlife-control\\\/#breadcrumb\",\"itemListElement\":[{\"@type\":\"ListItem\",\"position\":1,\"name\":\"Home\",\"item\":\"https:\\\/\\\/aspenwildlifecontrol.com\\\/fr\\\/\"},{\"@type\":\"ListItem\",\"position\":2,\"name\":\"Service control animal\",\"item\":\"https:\\\/\\\/aspenwildlifecontrol.com\\\/fr\\\/prestations-de-service\\\/\"},{\"@type\":\"ListItem\",\"position\":3,\"name\":\"Rats\",\"item\":\"https:\\\/\\\/aspenwildlifecontrol.com\\\/fr\\\/prestations-de-service\\\/rats\\\/\"},{\"@type\":\"ListItem\",\"position\":4,\"name\":\"Solutions \u00e0 long terme pour emp\u00eacher les rats d&#8217;entrer dans votre maison d&#8217;Ottawa ou de Gatineau avec Aspen Wildlife Control\"}]},{\"@type\":\"WebSite\",\"@id\":\"https:\\\/\\\/aspenwildlifecontrol.com\\\/fr\\\/#website\",\"url\":\"https:\\\/\\\/aspenwildlifecontrol.com\\\/fr\\\/\",\"name\":\"Aspen Wildlife Control\",\"description\":\"Fast, humane wildlife removal in Ottawa-Gatineau \u2014 guaranteed results, 24\\\/7 service\",\"potentialAction\":[{\"@type\":\"SearchAction\",\"target\":{\"@type\":\"EntryPoint\",\"urlTemplate\":\"https:\\\/\\\/aspenwildlifecontrol.com\\\/fr\\\/?s={search_term_string}\"},\"query-input\":{\"@type\":\"PropertyValueSpecification\",\"valueRequired\":true,\"valueName\":\"search_term_string\"}}],\"inLanguage\":\"fr-FR\"}]}<\/script>\n<!-- \/ Yoast SEO Premium plugin. -->","yoast_head_json":{"title":"Solutions Durables pour Emp\u00eacher les Rats d\u2019Entrer | Aspen","description":"Prot\u00e9gez votre maison \u00e0 Ottawa et Gatineau avec des solutions durables contre les rats. Aspen Wildlife Control vous aide \u00e0 pr\u00e9venir toute infestation efficacement.","robots":{"index":"index","follow":"follow","max-snippet":"max-snippet:-1","max-image-preview":"max-image-preview:large","max-video-preview":"max-video-preview:-1"},"canonical":"https:\/\/aspenwildlifecontrol.com\/fr\/prestations-de-service\/rats\/solutions-a-long-terme-pour-empecher-les-rats-dentrer-dans-votre-maison-dottawa-ou-de-gatineau-avec-aspen-wildlife-control\/","og_locale":"fr_FR","og_type":"article","og_title":"Solutions \u00e0 long terme pour emp\u00eacher les rats d'entrer dans votre maison d'Ottawa ou de Gatineau avec Aspen Wildlife Control","og_description":"Prot\u00e9gez votre maison \u00e0 Ottawa et Gatineau avec des solutions durables contre les rats. Aspen Wildlife Control vous aide \u00e0 pr\u00e9venir toute infestation efficacement.","og_url":"https:\/\/aspenwildlifecontrol.com\/fr\/prestations-de-service\/rats\/solutions-a-long-terme-pour-empecher-les-rats-dentrer-dans-votre-maison-dottawa-ou-de-gatineau-avec-aspen-wildlife-control\/","og_site_name":"Aspen Wildlife Control","article_modified_time":"2025-02-18T15:52:02+00:00","twitter_card":"summary_large_image","twitter_misc":{"Dur\u00e9e de lecture estim\u00e9e":"1 minute"},"schema":{"@context":"https:\/\/schema.org","@graph":[{"@type":"WebPage","@id":"https:\/\/aspenwildlifecontrol.com\/fr\/prestations-de-service\/rats\/solutions-a-long-terme-pour-empecher-les-rats-dentrer-dans-votre-maison-dottawa-ou-de-gatineau-avec-aspen-wildlife-control\/","url":"https:\/\/aspenwildlifecontrol.com\/fr\/prestations-de-service\/rats\/solutions-a-long-terme-pour-empecher-les-rats-dentrer-dans-votre-maison-dottawa-ou-de-gatineau-avec-aspen-wildlife-control\/","name":"Solutions Durables pour Emp\u00eacher les Rats d\u2019Entrer | Aspen","isPartOf":{"@id":"https:\/\/aspenwildlifecontrol.com\/fr\/#website"},"datePublished":"2024-11-26T23:58:45+00:00","dateModified":"2025-02-18T15:52:02+00:00","description":"Prot\u00e9gez votre maison \u00e0 Ottawa et Gatineau avec des solutions durables contre les rats. Aspen Wildlife Control vous aide \u00e0 pr\u00e9venir toute infestation efficacement.","breadcrumb":{"@id":"https:\/\/aspenwildlifecontrol.com\/fr\/prestations-de-service\/rats\/solutions-a-long-terme-pour-empecher-les-rats-dentrer-dans-votre-maison-dottawa-ou-de-gatineau-avec-aspen-wildlife-control\/#breadcrumb"},"inLanguage":"fr-FR","potentialAction":[{"@type":"ReadAction","target":["https:\/\/aspenwildlifecontrol.com\/fr\/prestations-de-service\/rats\/solutions-a-long-terme-pour-empecher-les-rats-dentrer-dans-votre-maison-dottawa-ou-de-gatineau-avec-aspen-wildlife-control\/"]}]},{"@type":"BreadcrumbList","@id":"https:\/\/aspenwildlifecontrol.com\/fr\/prestations-de-service\/rats\/solutions-a-long-terme-pour-empecher-les-rats-dentrer-dans-votre-maison-dottawa-ou-de-gatineau-avec-aspen-wildlife-control\/#breadcrumb","itemListElement":[{"@type":"ListItem","position":1,"name":"Home","item":"https:\/\/aspenwildlifecontrol.com\/fr\/"},{"@type":"ListItem","position":2,"name":"Service control animal","item":"https:\/\/aspenwildlifecontrol.com\/fr\/prestations-de-service\/"},{"@type":"ListItem","position":3,"name":"Rats","item":"https:\/\/aspenwildlifecontrol.com\/fr\/prestations-de-service\/rats\/"},{"@type":"ListItem","position":4,"name":"Solutions \u00e0 long terme pour emp\u00eacher les rats d&#8217;entrer dans votre maison d&#8217;Ottawa ou de Gatineau avec Aspen Wildlife Control"}]},{"@type":"WebSite","@id":"https:\/\/aspenwildlifecontrol.com\/fr\/#website","url":"https:\/\/aspenwildlifecontrol.com\/fr\/","name":"Aspen Wildlife Control","description":"Fast, humane wildlife removal in Ottawa-Gatineau \u2014 guaranteed results, 24\/7 service","potentialAction":[{"@type":"SearchAction","target":{"@type":"EntryPoint","urlTemplate":"https:\/\/aspenwildlifecontrol.com\/fr\/?s={search_term_string}"},"query-input":{"@type":"PropertyValueSpecification","valueRequired":true,"valueName":"search_term_string"}}],"inLanguage":"fr-FR"}]}},"_links":{"self":[{"href":"https:\/\/aspenwildlifecontrol.com\/fr\/wp-json\/wp\/v2\/pages\/1189","targetHints":{"allow":["GET"]}}],"collection":[{"href":"https:\/\/aspenwildlifecontrol.com\/fr\/wp-json\/wp\/v2\/pages"}],"about":[{"href":"https:\/\/aspenwildlifecontrol.com\/fr\/wp-json\/wp\/v2\/types\/page"}],"author":[{"embeddable":true,"href":"https:\/\/aspenwildlifecontrol.com\/fr\/wp-json\/wp\/v2\/users\/1"}],"replies":[{"embeddable":true,"href":"https:\/\/aspenwildlifecontrol.com\/fr\/wp-json\/wp\/v2\/comments?post=1189"}],"version-history":[{"count":3,"href":"https:\/\/aspenwildlifecontrol.com\/fr\/wp-json\/wp\/v2\/pages\/1189\/revisions"}],"predecessor-version":[{"id":3095,"href":"https:\/\/aspenwildlifecontrol.com\/fr\/wp-json\/wp\/v2\/pages\/1189\/revisions\/3095"}],"up":[{"embeddable":true,"href":"https:\/\/aspenwildlifecontrol.com\/fr\/wp-json\/wp\/v2\/pages\/981"}],"wp:attachment":[{"href":"https:\/\/aspenwildlifecontrol.com\/fr\/wp-json\/wp\/v2\/media?parent=1189"}],"curies":[{"name":"wp","href":"https:\/\/api.w.org\/{rel}","templated":true}]}}