{"id":1187,"date":"2024-11-26T18:51:47","date_gmt":"2024-11-26T23:51:47","guid":{"rendered":"https:\/\/aspenwildlifecontrol.com\/prestations-de-service\/rats\/capture-sans-cruaute-des-rats-pourquoi-cest-important-et-comment-aspen-wildlife-control-laborde-a-ottawa-et-gatineau\/"},"modified":"2026-01-14T16:28:56","modified_gmt":"2026-01-14T21:28:56","slug":"capture-sans-cruaute-des-rats-pourquoi-cest-important-et-comment-aspen-wildlife-control-laborde-a-ottawa-et-gatineau","status":"publish","type":"page","link":"https:\/\/aspenwildlifecontrol.com\/fr\/prestations-de-service\/rats\/capture-sans-cruaute-des-rats-pourquoi-cest-important-et-comment-aspen-wildlife-control-laborde-a-ottawa-et-gatineau\/","title":{"rendered":"Contr\u00f4le sans cruaut\u00e9 des rats : Pourquoi c\u2019est important et comment Aspen Wildlife Control l\u2019aborde \u00e0 Ottawa et Gatineau"},"content":{"rendered":"<p>Le\u00a0contr\u00f4le sans cruaut\u00e9 des rats met l\u2019accent sur des pratiques \u00e9thiques et responsables pour contr\u00f4ler les infestations sans causer de souffrance inutile. Cette approche est particuli\u00e8rement importante dans les zones urbaines comme Ottawa et Gatineau, o\u00f9 la faune interagit souvent avec les espaces r\u00e9sidentiels. Les m\u00e9thodes humaines priorisent la r\u00e9duction de la souffrance des rats et l\u2019utilisation de tactiques respectueuses de l\u2019environnement, les rendant \u00e0 la fois efficaces et \u00e9thiques.<\/p>\n<p>Aspen Wildlife Control est engag\u00e9 dans des techniques de contr\u00f4le sans cruaut\u00e9, en se concentrant sur des strat\u00e9gies align\u00e9es sur les normes de bien-\u00eatre animal. Plut\u00f4t que de recourir \u00e0 des produits chimiques nocifs, Aspen Wildlife Control utilise des pi\u00e8ges et des m\u00e9thodes d\u2019exclusion pour contr\u00f4ler les rats en toute s\u00e9curit\u00e9. Une fois contr\u00f4l\u00e9s, les rats sont relocalis\u00e9s ou trait\u00e9s conform\u00e9ment aux directives humaines, en veillant au bien-\u00eatre des animaux et des r\u00e9sidents.<\/p>\n<p>En utilisant des m\u00e9thodes humaines, Aspen Wildlife Control maintient non seulement l\u2019\u00e9quilibre \u00e9cologique d\u2019Ottawa et de Gatineau, mais garantit \u00e9galement que les maisons restent exemptes de rats de mani\u00e8re durable. Le\u00a0contr\u00f4le sans cruaut\u00e9 peut \u00eatre tr\u00e8s efficace et est de plus en plus pr\u00e9f\u00e9r\u00e9e par les communaut\u00e9s qui valorisent \u00e0 la fois le contr\u00f4le des nuisibles et le traitement \u00e9thique des animaux.<\/p>\n","protected":false},"excerpt":{"rendered":"<p>Le\u00a0contr\u00f4le sans cruaut\u00e9 des rats met l\u2019accent sur des pratiques \u00e9thiques et responsables pour contr\u00f4ler les infestations sans causer de souffrance inutile. Cette approche est particuli\u00e8rement importante dans les zones urbaines comme Ottawa et Gatineau, o\u00f9 la faune interagit souvent avec les espaces r\u00e9sidentiels. Les m\u00e9thodes humaines priorisent la r\u00e9duction de la souffrance des rats&hellip; <a class=\"more-link\" href=\"https:\/\/aspenwildlifecontrol.com\/fr\/prestations-de-service\/rats\/capture-sans-cruaute-des-rats-pourquoi-cest-important-et-comment-aspen-wildlife-control-laborde-a-ottawa-et-gatineau\/\">Poursuivre la lecture <span class=\"screen-reader-text\">Contr\u00f4le sans cruaut\u00e9 des rats : Pourquoi c\u2019est important et comment Aspen Wildlife Control l\u2019aborde \u00e0 Ottawa et Gatineau<\/span><\/a><\/p>\n","protected":false},"author":1,"featured_media":0,"parent":981,"menu_order":0,"comment_status":"closed","ping_status":"closed","template":"","meta":{"_acf_changed":false,"footnotes":""},"class_list":["post-1187","page","type-page","status-publish","hentry","entry"],"acf":[],"yoast_head":"<!-- This site is optimized with the Yoast SEO Premium plugin v26.8 (Yoast SEO v27.4) - https:\/\/yoast.com\/product\/yoast-seo-premium-wordpress\/ -->\n<title>Contr\u00f4le Sans Cruaut\u00e9 des Rats | Ottawa &amp; Gatineau<\/title>\n<meta name=\"description\" content=\"Apprenez l&#039;importance de la contr\u00f4le sans cruaut\u00e9 des rats et comment Aspen Wildlife Control utilise des m\u00e9thodes \u00e0 Ottawa et Gatineau.\" \/>\n<meta name=\"robots\" content=\"index, follow, max-snippet:-1, max-image-preview:large, max-video-preview:-1\" \/>\n<link rel=\"canonical\" href=\"https:\/\/aspenwildlifecontrol.com\/fr\/prestations-de-service\/rats\/capture-sans-cruaute-des-rats-pourquoi-cest-important-et-comment-aspen-wildlife-control-laborde-a-ottawa-et-gatineau\/\" \/>\n<meta property=\"og:locale\" content=\"fr_FR\" \/>\n<meta property=\"og:type\" content=\"article\" \/>\n<meta property=\"og:title\" content=\"Contr\u00f4le sans cruaut\u00e9 des rats : Pourquoi c\u2019est important et comment Aspen Wildlife Control l\u2019aborde \u00e0 Ottawa et Gatineau\" \/>\n<meta property=\"og:description\" content=\"Apprenez l&#039;importance de la contr\u00f4le sans cruaut\u00e9 des rats et comment Aspen Wildlife Control utilise des m\u00e9thodes \u00e0 Ottawa et Gatineau.\" \/>\n<meta property=\"og:url\" content=\"https:\/\/aspenwildlifecontrol.com\/fr\/prestations-de-service\/rats\/capture-sans-cruaute-des-rats-pourquoi-cest-important-et-comment-aspen-wildlife-control-laborde-a-ottawa-et-gatineau\/\" \/>\n<meta property=\"og:site_name\" content=\"Aspen Wildlife Control\" \/>\n<meta property=\"article:modified_time\" content=\"2026-01-14T21:28:56+00:00\" \/>\n<meta name=\"twitter:card\" content=\"summary_large_image\" \/>\n<meta name=\"twitter:label1\" content=\"Dur\u00e9e de lecture estim\u00e9e\" \/>\n\t<meta name=\"twitter:data1\" content=\"1 minute\" \/>\n<script type=\"application\/ld+json\" class=\"yoast-schema-graph\">{\"@context\":\"https:\\\/\\\/schema.org\",\"@graph\":[{\"@type\":\"WebPage\",\"@id\":\"https:\\\/\\\/aspenwildlifecontrol.com\\\/fr\\\/prestations-de-service\\\/rats\\\/capture-sans-cruaute-des-rats-pourquoi-cest-important-et-comment-aspen-wildlife-control-laborde-a-ottawa-et-gatineau\\\/\",\"url\":\"https:\\\/\\\/aspenwildlifecontrol.com\\\/fr\\\/prestations-de-service\\\/rats\\\/capture-sans-cruaute-des-rats-pourquoi-cest-important-et-comment-aspen-wildlife-control-laborde-a-ottawa-et-gatineau\\\/\",\"name\":\"Contr\u00f4le Sans Cruaut\u00e9 des Rats | Ottawa & Gatineau\",\"isPartOf\":{\"@id\":\"https:\\\/\\\/aspenwildlifecontrol.com\\\/fr\\\/#website\"},\"datePublished\":\"2024-11-26T23:51:47+00:00\",\"dateModified\":\"2026-01-14T21:28:56+00:00\",\"description\":\"Apprenez l'importance de la contr\u00f4le sans cruaut\u00e9 des rats et comment Aspen Wildlife Control utilise des m\u00e9thodes \u00e0 Ottawa et Gatineau.\",\"breadcrumb\":{\"@id\":\"https:\\\/\\\/aspenwildlifecontrol.com\\\/fr\\\/prestations-de-service\\\/rats\\\/capture-sans-cruaute-des-rats-pourquoi-cest-important-et-comment-aspen-wildlife-control-laborde-a-ottawa-et-gatineau\\\/#breadcrumb\"},\"inLanguage\":\"fr-FR\",\"potentialAction\":[{\"@type\":\"ReadAction\",\"target\":[\"https:\\\/\\\/aspenwildlifecontrol.com\\\/fr\\\/prestations-de-service\\\/rats\\\/capture-sans-cruaute-des-rats-pourquoi-cest-important-et-comment-aspen-wildlife-control-laborde-a-ottawa-et-gatineau\\\/\"]}]},{\"@type\":\"BreadcrumbList\",\"@id\":\"https:\\\/\\\/aspenwildlifecontrol.com\\\/fr\\\/prestations-de-service\\\/rats\\\/capture-sans-cruaute-des-rats-pourquoi-cest-important-et-comment-aspen-wildlife-control-laborde-a-ottawa-et-gatineau\\\/#breadcrumb\",\"itemListElement\":[{\"@type\":\"ListItem\",\"position\":1,\"name\":\"Home\",\"item\":\"https:\\\/\\\/aspenwildlifecontrol.com\\\/fr\\\/\"},{\"@type\":\"ListItem\",\"position\":2,\"name\":\"Service control animal\",\"item\":\"https:\\\/\\\/aspenwildlifecontrol.com\\\/fr\\\/prestations-de-service\\\/\"},{\"@type\":\"ListItem\",\"position\":3,\"name\":\"Rats\",\"item\":\"https:\\\/\\\/aspenwildlifecontrol.com\\\/fr\\\/prestations-de-service\\\/rats\\\/\"},{\"@type\":\"ListItem\",\"position\":4,\"name\":\"Contr\u00f4le sans cruaut\u00e9 des rats : Pourquoi c\u2019est important et comment Aspen Wildlife Control l\u2019aborde \u00e0 Ottawa et Gatineau\"}]},{\"@type\":\"WebSite\",\"@id\":\"https:\\\/\\\/aspenwildlifecontrol.com\\\/fr\\\/#website\",\"url\":\"https:\\\/\\\/aspenwildlifecontrol.com\\\/fr\\\/\",\"name\":\"Aspen Wildlife Control\",\"description\":\"Fast, humane wildlife removal in Ottawa-Gatineau \u2014 guaranteed results, 24\\\/7 service\",\"potentialAction\":[{\"@type\":\"SearchAction\",\"target\":{\"@type\":\"EntryPoint\",\"urlTemplate\":\"https:\\\/\\\/aspenwildlifecontrol.com\\\/fr\\\/?s={search_term_string}\"},\"query-input\":{\"@type\":\"PropertyValueSpecification\",\"valueRequired\":true,\"valueName\":\"search_term_string\"}}],\"inLanguage\":\"fr-FR\"}]}<\/script>\n<!-- \/ Yoast SEO Premium plugin. -->","yoast_head_json":{"title":"Contr\u00f4le Sans Cruaut\u00e9 des Rats | Ottawa & Gatineau","description":"Apprenez l'importance de la contr\u00f4le sans cruaut\u00e9 des rats et comment Aspen Wildlife Control utilise des m\u00e9thodes \u00e0 Ottawa et Gatineau.","robots":{"index":"index","follow":"follow","max-snippet":"max-snippet:-1","max-image-preview":"max-image-preview:large","max-video-preview":"max-video-preview:-1"},"canonical":"https:\/\/aspenwildlifecontrol.com\/fr\/prestations-de-service\/rats\/capture-sans-cruaute-des-rats-pourquoi-cest-important-et-comment-aspen-wildlife-control-laborde-a-ottawa-et-gatineau\/","og_locale":"fr_FR","og_type":"article","og_title":"Contr\u00f4le sans cruaut\u00e9 des rats : Pourquoi c\u2019est important et comment Aspen Wildlife Control l\u2019aborde \u00e0 Ottawa et Gatineau","og_description":"Apprenez l'importance de la contr\u00f4le sans cruaut\u00e9 des rats et comment Aspen Wildlife Control utilise des m\u00e9thodes \u00e0 Ottawa et Gatineau.","og_url":"https:\/\/aspenwildlifecontrol.com\/fr\/prestations-de-service\/rats\/capture-sans-cruaute-des-rats-pourquoi-cest-important-et-comment-aspen-wildlife-control-laborde-a-ottawa-et-gatineau\/","og_site_name":"Aspen Wildlife Control","article_modified_time":"2026-01-14T21:28:56+00:00","twitter_card":"summary_large_image","twitter_misc":{"Dur\u00e9e de lecture estim\u00e9e":"1 minute"},"schema":{"@context":"https:\/\/schema.org","@graph":[{"@type":"WebPage","@id":"https:\/\/aspenwildlifecontrol.com\/fr\/prestations-de-service\/rats\/capture-sans-cruaute-des-rats-pourquoi-cest-important-et-comment-aspen-wildlife-control-laborde-a-ottawa-et-gatineau\/","url":"https:\/\/aspenwildlifecontrol.com\/fr\/prestations-de-service\/rats\/capture-sans-cruaute-des-rats-pourquoi-cest-important-et-comment-aspen-wildlife-control-laborde-a-ottawa-et-gatineau\/","name":"Contr\u00f4le Sans Cruaut\u00e9 des Rats | Ottawa & Gatineau","isPartOf":{"@id":"https:\/\/aspenwildlifecontrol.com\/fr\/#website"},"datePublished":"2024-11-26T23:51:47+00:00","dateModified":"2026-01-14T21:28:56+00:00","description":"Apprenez l'importance de la contr\u00f4le sans cruaut\u00e9 des rats et comment Aspen Wildlife Control utilise des m\u00e9thodes \u00e0 Ottawa et Gatineau.","breadcrumb":{"@id":"https:\/\/aspenwildlifecontrol.com\/fr\/prestations-de-service\/rats\/capture-sans-cruaute-des-rats-pourquoi-cest-important-et-comment-aspen-wildlife-control-laborde-a-ottawa-et-gatineau\/#breadcrumb"},"inLanguage":"fr-FR","potentialAction":[{"@type":"ReadAction","target":["https:\/\/aspenwildlifecontrol.com\/fr\/prestations-de-service\/rats\/capture-sans-cruaute-des-rats-pourquoi-cest-important-et-comment-aspen-wildlife-control-laborde-a-ottawa-et-gatineau\/"]}]},{"@type":"BreadcrumbList","@id":"https:\/\/aspenwildlifecontrol.com\/fr\/prestations-de-service\/rats\/capture-sans-cruaute-des-rats-pourquoi-cest-important-et-comment-aspen-wildlife-control-laborde-a-ottawa-et-gatineau\/#breadcrumb","itemListElement":[{"@type":"ListItem","position":1,"name":"Home","item":"https:\/\/aspenwildlifecontrol.com\/fr\/"},{"@type":"ListItem","position":2,"name":"Service control animal","item":"https:\/\/aspenwildlifecontrol.com\/fr\/prestations-de-service\/"},{"@type":"ListItem","position":3,"name":"Rats","item":"https:\/\/aspenwildlifecontrol.com\/fr\/prestations-de-service\/rats\/"},{"@type":"ListItem","position":4,"name":"Contr\u00f4le sans cruaut\u00e9 des rats : Pourquoi c\u2019est important et comment Aspen Wildlife Control l\u2019aborde \u00e0 Ottawa et Gatineau"}]},{"@type":"WebSite","@id":"https:\/\/aspenwildlifecontrol.com\/fr\/#website","url":"https:\/\/aspenwildlifecontrol.com\/fr\/","name":"Aspen Wildlife Control","description":"Fast, humane wildlife removal in Ottawa-Gatineau \u2014 guaranteed results, 24\/7 service","potentialAction":[{"@type":"SearchAction","target":{"@type":"EntryPoint","urlTemplate":"https:\/\/aspenwildlifecontrol.com\/fr\/?s={search_term_string}"},"query-input":{"@type":"PropertyValueSpecification","valueRequired":true,"valueName":"search_term_string"}}],"inLanguage":"fr-FR"}]}},"_links":{"self":[{"href":"https:\/\/aspenwildlifecontrol.com\/fr\/wp-json\/wp\/v2\/pages\/1187","targetHints":{"allow":["GET"]}}],"collection":[{"href":"https:\/\/aspenwildlifecontrol.com\/fr\/wp-json\/wp\/v2\/pages"}],"about":[{"href":"https:\/\/aspenwildlifecontrol.com\/fr\/wp-json\/wp\/v2\/types\/page"}],"author":[{"embeddable":true,"href":"https:\/\/aspenwildlifecontrol.com\/fr\/wp-json\/wp\/v2\/users\/1"}],"replies":[{"embeddable":true,"href":"https:\/\/aspenwildlifecontrol.com\/fr\/wp-json\/wp\/v2\/comments?post=1187"}],"version-history":[{"count":5,"href":"https:\/\/aspenwildlifecontrol.com\/fr\/wp-json\/wp\/v2\/pages\/1187\/revisions"}],"predecessor-version":[{"id":4107,"href":"https:\/\/aspenwildlifecontrol.com\/fr\/wp-json\/wp\/v2\/pages\/1187\/revisions\/4107"}],"up":[{"embeddable":true,"href":"https:\/\/aspenwildlifecontrol.com\/fr\/wp-json\/wp\/v2\/pages\/981"}],"wp:attachment":[{"href":"https:\/\/aspenwildlifecontrol.com\/fr\/wp-json\/wp\/v2\/media?parent=1187"}],"curies":[{"name":"wp","href":"https:\/\/api.w.org\/{rel}","templated":true}]}}