{"id":1186,"date":"2024-11-26T18:40:36","date_gmt":"2024-11-26T23:40:36","guid":{"rendered":"https:\/\/aspenwildlifecontrol.com\/prestations-de-service\/rats\/points-dentree-courants-des-rats-dans-les-maisons-dottawa-et-de-gatineau-et-comment-les-sceller\/"},"modified":"2025-02-11T10:01:31","modified_gmt":"2025-02-11T15:01:31","slug":"points-dentree-courants-des-rats-dans-les-maisons-dottawa-et-de-gatineau-et-comment-les-sceller","status":"publish","type":"page","link":"https:\/\/aspenwildlifecontrol.com\/fr\/prestations-de-service\/rats\/points-dentree-courants-des-rats-dans-les-maisons-dottawa-et-de-gatineau-et-comment-les-sceller\/","title":{"rendered":"Points d&rsquo;entr\u00e9e courants des rats dans les maisons d&rsquo;Ottawa et de Gatineau et comment les sceller"},"content":{"rendered":"<p>Les rats sont experts pour trouver des points d\u2019entr\u00e9e dans les maisons, en se faufilant m\u00eame par les plus petites ouvertures. \u00c0 Ottawa et Gatineau, les points d\u2019acc\u00e8s courants incluent les espaces autour des fen\u00eatres et des portes, les fissures dans les fondations et les \u00e9vents non scell\u00e9s. Ils peuvent \u00e9galement se glisser par les lignes de service public, l\u00e0 o\u00f9 les c\u00e2bles et tuyaux entrent dans la maison. Identifier ces zones est la premi\u00e8re \u00e9tape pour prot\u00e9ger votre maison contre les intrusions de rats.<\/p>\n<p>Sceller les points d\u2019entr\u00e9e n\u00e9cessite des mat\u00e9riaux durables que les rats ne peuvent pas ronger. Aspen Wildlife Control recommande d\u2019utiliser de la laine d\u2019acier et du calfeutrage pour les petites fissures, tandis que le treillis m\u00e9tallique est id\u00e9al pour les plus grands espaces, notamment autour des \u00e9vents et chemin\u00e9es. Inspecter et entretenir r\u00e9guli\u00e8rement ces zones garantit qu\u2019elles restent \u00e0 l\u2019\u00e9preuve des rats. Porter une attention particuli\u00e8re aux portes de garage et aux fen\u00eatres du sous-sol, souvent n\u00e9glig\u00e9es, peut \u00e9galement r\u00e9duire les risques d\u2019infestation.<\/p>\n<p>Pr\u00e9venir l\u2019entr\u00e9e des rats implique \u00e9galement une vigilance accrue concernant l\u2019entretien structurel. Aspen Wildlife Control conseille aux propri\u00e9taires d\u2019Ottawa et Gatineau de v\u00e9rifier r\u00e9guli\u00e8rement les signes de rongeurs, comme des marques de dents, des excr\u00e9ments ou des mat\u00e9riaux de nidification pr\u00e8s des points d\u2019entr\u00e9e potentiels. En traitant ces zones de mani\u00e8re proactive, les propri\u00e9taires peuvent minimiser les chances qu\u2019une infestation de rats prenne racine.<\/p>\n","protected":false},"excerpt":{"rendered":"<p>Les rats sont experts pour trouver des points d\u2019entr\u00e9e dans les maisons, en se faufilant m\u00eame par les plus petites ouvertures. \u00c0 Ottawa et Gatineau, les points d\u2019acc\u00e8s courants incluent les espaces autour des fen\u00eatres et des portes, les fissures dans les fondations et les \u00e9vents non scell\u00e9s. Ils peuvent \u00e9galement se glisser par les&hellip; <a class=\"more-link\" href=\"https:\/\/aspenwildlifecontrol.com\/fr\/prestations-de-service\/rats\/points-dentree-courants-des-rats-dans-les-maisons-dottawa-et-de-gatineau-et-comment-les-sceller\/\">Poursuivre la lecture <span class=\"screen-reader-text\">Points d&rsquo;entr\u00e9e courants des rats dans les maisons d&rsquo;Ottawa et de Gatineau et comment les sceller<\/span><\/a><\/p>\n","protected":false},"author":1,"featured_media":0,"parent":981,"menu_order":0,"comment_status":"closed","ping_status":"closed","template":"","meta":{"_acf_changed":false,"footnotes":""},"class_list":["post-1186","page","type-page","status-publish","hentry","entry"],"acf":[],"yoast_head":"<!-- This site is optimized with the Yoast SEO Premium plugin v26.8 (Yoast SEO v27.4) - https:\/\/yoast.com\/product\/yoast-seo-premium-wordpress\/ -->\n<title>Points d&#039;Entr\u00e9e des Rats et Solutions pour les Sceller<\/title>\n<meta name=\"description\" content=\"D\u00e9couvrez comment identifier et sceller les points d&#039;entr\u00e9e des rats dans les maisons d&#039;Ottawa et Gatineau avec Aspen Wildlife Control.\" \/>\n<meta name=\"robots\" content=\"index, follow, max-snippet:-1, max-image-preview:large, max-video-preview:-1\" \/>\n<link rel=\"canonical\" href=\"https:\/\/aspenwildlifecontrol.com\/fr\/prestations-de-service\/rats\/points-dentree-courants-des-rats-dans-les-maisons-dottawa-et-de-gatineau-et-comment-les-sceller\/\" \/>\n<meta property=\"og:locale\" content=\"fr_FR\" \/>\n<meta property=\"og:type\" content=\"article\" \/>\n<meta property=\"og:title\" content=\"Points d&#039;entr\u00e9e courants des rats dans les maisons d&#039;Ottawa et de Gatineau et comment les sceller\" \/>\n<meta property=\"og:description\" content=\"D\u00e9couvrez comment identifier et sceller les points d&#039;entr\u00e9e des rats dans les maisons d&#039;Ottawa et Gatineau avec Aspen Wildlife Control.\" \/>\n<meta property=\"og:url\" content=\"https:\/\/aspenwildlifecontrol.com\/fr\/prestations-de-service\/rats\/points-dentree-courants-des-rats-dans-les-maisons-dottawa-et-de-gatineau-et-comment-les-sceller\/\" \/>\n<meta property=\"og:site_name\" content=\"Aspen Wildlife Control\" \/>\n<meta property=\"article:modified_time\" content=\"2025-02-11T15:01:31+00:00\" \/>\n<meta name=\"twitter:card\" content=\"summary_large_image\" \/>\n<meta name=\"twitter:label1\" content=\"Dur\u00e9e de lecture estim\u00e9e\" \/>\n\t<meta name=\"twitter:data1\" content=\"2 minutes\" \/>\n<script type=\"application\/ld+json\" class=\"yoast-schema-graph\">{\"@context\":\"https:\\\/\\\/schema.org\",\"@graph\":[{\"@type\":\"WebPage\",\"@id\":\"https:\\\/\\\/aspenwildlifecontrol.com\\\/fr\\\/prestations-de-service\\\/rats\\\/points-dentree-courants-des-rats-dans-les-maisons-dottawa-et-de-gatineau-et-comment-les-sceller\\\/\",\"url\":\"https:\\\/\\\/aspenwildlifecontrol.com\\\/fr\\\/prestations-de-service\\\/rats\\\/points-dentree-courants-des-rats-dans-les-maisons-dottawa-et-de-gatineau-et-comment-les-sceller\\\/\",\"name\":\"Points d'Entr\u00e9e des Rats et Solutions pour les Sceller\",\"isPartOf\":{\"@id\":\"https:\\\/\\\/aspenwildlifecontrol.com\\\/fr\\\/#website\"},\"datePublished\":\"2024-11-26T23:40:36+00:00\",\"dateModified\":\"2025-02-11T15:01:31+00:00\",\"description\":\"D\u00e9couvrez comment identifier et sceller les points d'entr\u00e9e des rats dans les maisons d'Ottawa et Gatineau avec Aspen Wildlife Control.\",\"breadcrumb\":{\"@id\":\"https:\\\/\\\/aspenwildlifecontrol.com\\\/fr\\\/prestations-de-service\\\/rats\\\/points-dentree-courants-des-rats-dans-les-maisons-dottawa-et-de-gatineau-et-comment-les-sceller\\\/#breadcrumb\"},\"inLanguage\":\"fr-FR\",\"potentialAction\":[{\"@type\":\"ReadAction\",\"target\":[\"https:\\\/\\\/aspenwildlifecontrol.com\\\/fr\\\/prestations-de-service\\\/rats\\\/points-dentree-courants-des-rats-dans-les-maisons-dottawa-et-de-gatineau-et-comment-les-sceller\\\/\"]}]},{\"@type\":\"BreadcrumbList\",\"@id\":\"https:\\\/\\\/aspenwildlifecontrol.com\\\/fr\\\/prestations-de-service\\\/rats\\\/points-dentree-courants-des-rats-dans-les-maisons-dottawa-et-de-gatineau-et-comment-les-sceller\\\/#breadcrumb\",\"itemListElement\":[{\"@type\":\"ListItem\",\"position\":1,\"name\":\"Home\",\"item\":\"https:\\\/\\\/aspenwildlifecontrol.com\\\/fr\\\/\"},{\"@type\":\"ListItem\",\"position\":2,\"name\":\"Service control animal\",\"item\":\"https:\\\/\\\/aspenwildlifecontrol.com\\\/fr\\\/prestations-de-service\\\/\"},{\"@type\":\"ListItem\",\"position\":3,\"name\":\"Rats\",\"item\":\"https:\\\/\\\/aspenwildlifecontrol.com\\\/fr\\\/prestations-de-service\\\/rats\\\/\"},{\"@type\":\"ListItem\",\"position\":4,\"name\":\"Points d&rsquo;entr\u00e9e courants des rats dans les maisons d&rsquo;Ottawa et de Gatineau et comment les sceller\"}]},{\"@type\":\"WebSite\",\"@id\":\"https:\\\/\\\/aspenwildlifecontrol.com\\\/fr\\\/#website\",\"url\":\"https:\\\/\\\/aspenwildlifecontrol.com\\\/fr\\\/\",\"name\":\"Aspen Wildlife Control\",\"description\":\"Fast, humane wildlife removal in Ottawa-Gatineau \u2014 guaranteed results, 24\\\/7 service\",\"potentialAction\":[{\"@type\":\"SearchAction\",\"target\":{\"@type\":\"EntryPoint\",\"urlTemplate\":\"https:\\\/\\\/aspenwildlifecontrol.com\\\/fr\\\/?s={search_term_string}\"},\"query-input\":{\"@type\":\"PropertyValueSpecification\",\"valueRequired\":true,\"valueName\":\"search_term_string\"}}],\"inLanguage\":\"fr-FR\"}]}<\/script>\n<!-- \/ Yoast SEO Premium plugin. -->","yoast_head_json":{"title":"Points d'Entr\u00e9e des Rats et Solutions pour les Sceller","description":"D\u00e9couvrez comment identifier et sceller les points d'entr\u00e9e des rats dans les maisons d'Ottawa et Gatineau avec Aspen Wildlife Control.","robots":{"index":"index","follow":"follow","max-snippet":"max-snippet:-1","max-image-preview":"max-image-preview:large","max-video-preview":"max-video-preview:-1"},"canonical":"https:\/\/aspenwildlifecontrol.com\/fr\/prestations-de-service\/rats\/points-dentree-courants-des-rats-dans-les-maisons-dottawa-et-de-gatineau-et-comment-les-sceller\/","og_locale":"fr_FR","og_type":"article","og_title":"Points d'entr\u00e9e courants des rats dans les maisons d'Ottawa et de Gatineau et comment les sceller","og_description":"D\u00e9couvrez comment identifier et sceller les points d'entr\u00e9e des rats dans les maisons d'Ottawa et Gatineau avec Aspen Wildlife Control.","og_url":"https:\/\/aspenwildlifecontrol.com\/fr\/prestations-de-service\/rats\/points-dentree-courants-des-rats-dans-les-maisons-dottawa-et-de-gatineau-et-comment-les-sceller\/","og_site_name":"Aspen Wildlife Control","article_modified_time":"2025-02-11T15:01:31+00:00","twitter_card":"summary_large_image","twitter_misc":{"Dur\u00e9e de lecture estim\u00e9e":"2 minutes"},"schema":{"@context":"https:\/\/schema.org","@graph":[{"@type":"WebPage","@id":"https:\/\/aspenwildlifecontrol.com\/fr\/prestations-de-service\/rats\/points-dentree-courants-des-rats-dans-les-maisons-dottawa-et-de-gatineau-et-comment-les-sceller\/","url":"https:\/\/aspenwildlifecontrol.com\/fr\/prestations-de-service\/rats\/points-dentree-courants-des-rats-dans-les-maisons-dottawa-et-de-gatineau-et-comment-les-sceller\/","name":"Points d'Entr\u00e9e des Rats et Solutions pour les Sceller","isPartOf":{"@id":"https:\/\/aspenwildlifecontrol.com\/fr\/#website"},"datePublished":"2024-11-26T23:40:36+00:00","dateModified":"2025-02-11T15:01:31+00:00","description":"D\u00e9couvrez comment identifier et sceller les points d'entr\u00e9e des rats dans les maisons d'Ottawa et Gatineau avec Aspen Wildlife Control.","breadcrumb":{"@id":"https:\/\/aspenwildlifecontrol.com\/fr\/prestations-de-service\/rats\/points-dentree-courants-des-rats-dans-les-maisons-dottawa-et-de-gatineau-et-comment-les-sceller\/#breadcrumb"},"inLanguage":"fr-FR","potentialAction":[{"@type":"ReadAction","target":["https:\/\/aspenwildlifecontrol.com\/fr\/prestations-de-service\/rats\/points-dentree-courants-des-rats-dans-les-maisons-dottawa-et-de-gatineau-et-comment-les-sceller\/"]}]},{"@type":"BreadcrumbList","@id":"https:\/\/aspenwildlifecontrol.com\/fr\/prestations-de-service\/rats\/points-dentree-courants-des-rats-dans-les-maisons-dottawa-et-de-gatineau-et-comment-les-sceller\/#breadcrumb","itemListElement":[{"@type":"ListItem","position":1,"name":"Home","item":"https:\/\/aspenwildlifecontrol.com\/fr\/"},{"@type":"ListItem","position":2,"name":"Service control animal","item":"https:\/\/aspenwildlifecontrol.com\/fr\/prestations-de-service\/"},{"@type":"ListItem","position":3,"name":"Rats","item":"https:\/\/aspenwildlifecontrol.com\/fr\/prestations-de-service\/rats\/"},{"@type":"ListItem","position":4,"name":"Points d&rsquo;entr\u00e9e courants des rats dans les maisons d&rsquo;Ottawa et de Gatineau et comment les sceller"}]},{"@type":"WebSite","@id":"https:\/\/aspenwildlifecontrol.com\/fr\/#website","url":"https:\/\/aspenwildlifecontrol.com\/fr\/","name":"Aspen Wildlife Control","description":"Fast, humane wildlife removal in Ottawa-Gatineau \u2014 guaranteed results, 24\/7 service","potentialAction":[{"@type":"SearchAction","target":{"@type":"EntryPoint","urlTemplate":"https:\/\/aspenwildlifecontrol.com\/fr\/?s={search_term_string}"},"query-input":{"@type":"PropertyValueSpecification","valueRequired":true,"valueName":"search_term_string"}}],"inLanguage":"fr-FR"}]}},"_links":{"self":[{"href":"https:\/\/aspenwildlifecontrol.com\/fr\/wp-json\/wp\/v2\/pages\/1186","targetHints":{"allow":["GET"]}}],"collection":[{"href":"https:\/\/aspenwildlifecontrol.com\/fr\/wp-json\/wp\/v2\/pages"}],"about":[{"href":"https:\/\/aspenwildlifecontrol.com\/fr\/wp-json\/wp\/v2\/types\/page"}],"author":[{"embeddable":true,"href":"https:\/\/aspenwildlifecontrol.com\/fr\/wp-json\/wp\/v2\/users\/1"}],"replies":[{"embeddable":true,"href":"https:\/\/aspenwildlifecontrol.com\/fr\/wp-json\/wp\/v2\/comments?post=1186"}],"version-history":[{"count":3,"href":"https:\/\/aspenwildlifecontrol.com\/fr\/wp-json\/wp\/v2\/pages\/1186\/revisions"}],"predecessor-version":[{"id":3093,"href":"https:\/\/aspenwildlifecontrol.com\/fr\/wp-json\/wp\/v2\/pages\/1186\/revisions\/3093"}],"up":[{"embeddable":true,"href":"https:\/\/aspenwildlifecontrol.com\/fr\/wp-json\/wp\/v2\/pages\/981"}],"wp:attachment":[{"href":"https:\/\/aspenwildlifecontrol.com\/fr\/wp-json\/wp\/v2\/media?parent=1186"}],"curies":[{"name":"wp","href":"https:\/\/api.w.org\/{rel}","templated":true}]}}