{"id":1180,"date":"2024-11-06T15:44:50","date_gmt":"2024-11-06T20:44:50","guid":{"rendered":"https:\/\/aspenwildlifecontrol.com\/prestations-de-service\/souris\/pourquoi-la-capture-professionnelle-de-souris-est-essentielle-pour-les-entreprises-de-gatineau\/"},"modified":"2026-02-17T15:10:58","modified_gmt":"2026-02-17T20:10:58","slug":"pourquoi-la-capture-professionnelle-de-souris-est-essentielle-pour-les-entreprises-de-gatineau","status":"publish","type":"page","link":"https:\/\/aspenwildlifecontrol.com\/fr\/prestations-de-service\/souris\/pourquoi-la-capture-professionnelle-de-souris-est-essentielle-pour-les-entreprises-de-gatineau\/","title":{"rendered":"Pourquoi la capture professionnelle de souris est essentielle pour les entreprises de Gatineau"},"content":{"rendered":"<p><span dir=\"auto\" style=\"vertical-align: inherit;\"><span dir=\"auto\" style=\"vertical-align: inherit;\">For businesses in Gatineau, a mouse infestation can quickly damage reputation and operations. Mice carry diseases and contaminate food, products, and workspaces, creating serious health risks for employees and customers. With fast and effective mouse control, Gatineau business owners can protect their work environment and maintain customer trust.<\/span><\/span><\/p>\n<p><span dir=\"auto\" style=\"vertical-align: inherit;\"><span dir=\"auto\" style=\"vertical-align: inherit;\">Professional mouse control services offer targeted solutions that go far beyond simple trapping. Aspen Wildlife Control conducts a thorough site inspection to identify entry points, nesting areas, and food sources. By addressing the root causes, we create a long-term plan to prevent re-infestations, saving businesses recurring costs and reputational damage.<\/span><\/span><\/p>\n<p><span dir=\"auto\" style=\"vertical-align: inherit;\"><span dir=\"auto\" style=\"vertical-align: inherit;\">Hiring a professional mouse removal service in Gatineau is essential to ensure compliance and safety. Many sectors, including restaurants and retail, are subject to strict health and hygiene standards. Professional services adhere to these standards and protect businesses from fines or closures related to pest-related health violations.<\/span><\/span><\/p>\n<p><span dir=\"auto\" style=\"vertical-align: inherit;\"><span dir=\"auto\" style=\"vertical-align: inherit;\">Don&rsquo;t let a mouse infestation harm your business. Contact <a href=\"https:\/\/aspenwildlifecontrol.com\">Aspen Wildlife Control<\/a> for complete mouse removal in Gatineau and ensure your workplace remains safe, healthy, and pest-free.<\/span><\/span><\/p>\n","protected":false},"excerpt":{"rendered":"<p>For businesses in Gatineau, a mouse infestation can quickly damage reputation and operations. Mice carry diseases and contaminate food, products, and workspaces, creating serious health risks for employees and customers. With fast and effective mouse control, Gatineau business owners can protect their work environment and maintain customer trust. Professional mouse control services offer targeted solutions&hellip; <a class=\"more-link\" href=\"https:\/\/aspenwildlifecontrol.com\/fr\/prestations-de-service\/souris\/pourquoi-la-capture-professionnelle-de-souris-est-essentielle-pour-les-entreprises-de-gatineau\/\">Poursuivre la lecture <span class=\"screen-reader-text\">Pourquoi la capture professionnelle de souris est essentielle pour les entreprises de Gatineau<\/span><\/a><\/p>\n","protected":false},"author":1,"featured_media":0,"parent":976,"menu_order":0,"comment_status":"closed","ping_status":"closed","template":"","meta":{"_acf_changed":false,"footnotes":""},"class_list":["post-1180","page","type-page","status-publish","hentry","entry"],"acf":[],"yoast_head":"<!-- This site is optimized with the Yoast SEO Premium plugin v26.8 (Yoast SEO v27.5) - https:\/\/yoast.com\/product\/yoast-seo-premium-wordpress\/ -->\n<title>Capture Professionnelle de Souris pour Entreprises \u00e0 Gatineau<\/title>\n<meta name=\"description\" content=\"Aspen Wildlife Control prot\u00e8ge les entreprises de Gatineau contre les risques li\u00e9s aux infestations de souris.\" \/>\n<meta name=\"robots\" content=\"index, follow, max-snippet:-1, max-image-preview:large, max-video-preview:-1\" \/>\n<link rel=\"canonical\" href=\"https:\/\/aspenwildlifecontrol.com\/fr\/prestations-de-service\/souris\/pourquoi-la-capture-professionnelle-de-souris-est-essentielle-pour-les-entreprises-de-gatineau\/\" \/>\n<meta property=\"og:locale\" content=\"fr_FR\" \/>\n<meta property=\"og:type\" content=\"article\" \/>\n<meta property=\"og:title\" content=\"Pourquoi la capture professionnelle de souris est essentielle pour les entreprises de Gatineau\" \/>\n<meta property=\"og:description\" content=\"Aspen Wildlife Control prot\u00e8ge les entreprises de Gatineau contre les risques li\u00e9s aux infestations de souris.\" \/>\n<meta property=\"og:url\" content=\"https:\/\/aspenwildlifecontrol.com\/fr\/prestations-de-service\/souris\/pourquoi-la-capture-professionnelle-de-souris-est-essentielle-pour-les-entreprises-de-gatineau\/\" \/>\n<meta property=\"og:site_name\" content=\"Aspen Wildlife Control\" \/>\n<meta property=\"article:modified_time\" content=\"2026-02-17T20:10:58+00:00\" \/>\n<meta name=\"twitter:card\" content=\"summary_large_image\" \/>\n<meta name=\"twitter:label1\" content=\"Dur\u00e9e de lecture estim\u00e9e\" \/>\n\t<meta name=\"twitter:data1\" content=\"1 minute\" \/>\n<script type=\"application\/ld+json\" class=\"yoast-schema-graph\">{\"@context\":\"https:\\\/\\\/schema.org\",\"@graph\":[{\"@type\":\"WebPage\",\"@id\":\"https:\\\/\\\/aspenwildlifecontrol.com\\\/fr\\\/prestations-de-service\\\/souris\\\/pourquoi-la-capture-professionnelle-de-souris-est-essentielle-pour-les-entreprises-de-gatineau\\\/\",\"url\":\"https:\\\/\\\/aspenwildlifecontrol.com\\\/fr\\\/prestations-de-service\\\/souris\\\/pourquoi-la-capture-professionnelle-de-souris-est-essentielle-pour-les-entreprises-de-gatineau\\\/\",\"name\":\"Capture Professionnelle de Souris pour Entreprises \u00e0 Gatineau\",\"isPartOf\":{\"@id\":\"https:\\\/\\\/aspenwildlifecontrol.com\\\/fr\\\/#website\"},\"datePublished\":\"2024-11-06T20:44:50+00:00\",\"dateModified\":\"2026-02-17T20:10:58+00:00\",\"description\":\"Aspen Wildlife Control prot\u00e8ge les entreprises de Gatineau contre les risques li\u00e9s aux infestations de souris.\",\"breadcrumb\":{\"@id\":\"https:\\\/\\\/aspenwildlifecontrol.com\\\/fr\\\/prestations-de-service\\\/souris\\\/pourquoi-la-capture-professionnelle-de-souris-est-essentielle-pour-les-entreprises-de-gatineau\\\/#breadcrumb\"},\"inLanguage\":\"fr-FR\",\"potentialAction\":[{\"@type\":\"ReadAction\",\"target\":[\"https:\\\/\\\/aspenwildlifecontrol.com\\\/fr\\\/prestations-de-service\\\/souris\\\/pourquoi-la-capture-professionnelle-de-souris-est-essentielle-pour-les-entreprises-de-gatineau\\\/\"]}]},{\"@type\":\"BreadcrumbList\",\"@id\":\"https:\\\/\\\/aspenwildlifecontrol.com\\\/fr\\\/prestations-de-service\\\/souris\\\/pourquoi-la-capture-professionnelle-de-souris-est-essentielle-pour-les-entreprises-de-gatineau\\\/#breadcrumb\",\"itemListElement\":[{\"@type\":\"ListItem\",\"position\":1,\"name\":\"Home\",\"item\":\"https:\\\/\\\/aspenwildlifecontrol.com\\\/fr\\\/\"},{\"@type\":\"ListItem\",\"position\":2,\"name\":\"Service control animal\",\"item\":\"https:\\\/\\\/aspenwildlifecontrol.com\\\/fr\\\/prestations-de-service\\\/\"},{\"@type\":\"ListItem\",\"position\":3,\"name\":\"Souris\",\"item\":\"https:\\\/\\\/aspenwildlifecontrol.com\\\/fr\\\/prestations-de-service\\\/souris\\\/\"},{\"@type\":\"ListItem\",\"position\":4,\"name\":\"Pourquoi la capture professionnelle de souris est essentielle pour les entreprises de Gatineau\"}]},{\"@type\":\"WebSite\",\"@id\":\"https:\\\/\\\/aspenwildlifecontrol.com\\\/fr\\\/#website\",\"url\":\"https:\\\/\\\/aspenwildlifecontrol.com\\\/fr\\\/\",\"name\":\"Aspen Wildlife Control\",\"description\":\"Fast, humane wildlife removal in Ottawa-Gatineau \u2014 guaranteed results, 24\\\/7 service\",\"potentialAction\":[{\"@type\":\"SearchAction\",\"target\":{\"@type\":\"EntryPoint\",\"urlTemplate\":\"https:\\\/\\\/aspenwildlifecontrol.com\\\/fr\\\/?s={search_term_string}\"},\"query-input\":{\"@type\":\"PropertyValueSpecification\",\"valueRequired\":true,\"valueName\":\"search_term_string\"}}],\"inLanguage\":\"fr-FR\"}]}<\/script>\n<!-- \/ Yoast SEO Premium plugin. -->","yoast_head_json":{"title":"Capture Professionnelle de Souris pour Entreprises \u00e0 Gatineau","description":"Aspen Wildlife Control prot\u00e8ge les entreprises de Gatineau contre les risques li\u00e9s aux infestations de souris.","robots":{"index":"index","follow":"follow","max-snippet":"max-snippet:-1","max-image-preview":"max-image-preview:large","max-video-preview":"max-video-preview:-1"},"canonical":"https:\/\/aspenwildlifecontrol.com\/fr\/prestations-de-service\/souris\/pourquoi-la-capture-professionnelle-de-souris-est-essentielle-pour-les-entreprises-de-gatineau\/","og_locale":"fr_FR","og_type":"article","og_title":"Pourquoi la capture professionnelle de souris est essentielle pour les entreprises de Gatineau","og_description":"Aspen Wildlife Control prot\u00e8ge les entreprises de Gatineau contre les risques li\u00e9s aux infestations de souris.","og_url":"https:\/\/aspenwildlifecontrol.com\/fr\/prestations-de-service\/souris\/pourquoi-la-capture-professionnelle-de-souris-est-essentielle-pour-les-entreprises-de-gatineau\/","og_site_name":"Aspen Wildlife Control","article_modified_time":"2026-02-17T20:10:58+00:00","twitter_card":"summary_large_image","twitter_misc":{"Dur\u00e9e de lecture estim\u00e9e":"1 minute"},"schema":{"@context":"https:\/\/schema.org","@graph":[{"@type":"WebPage","@id":"https:\/\/aspenwildlifecontrol.com\/fr\/prestations-de-service\/souris\/pourquoi-la-capture-professionnelle-de-souris-est-essentielle-pour-les-entreprises-de-gatineau\/","url":"https:\/\/aspenwildlifecontrol.com\/fr\/prestations-de-service\/souris\/pourquoi-la-capture-professionnelle-de-souris-est-essentielle-pour-les-entreprises-de-gatineau\/","name":"Capture Professionnelle de Souris pour Entreprises \u00e0 Gatineau","isPartOf":{"@id":"https:\/\/aspenwildlifecontrol.com\/fr\/#website"},"datePublished":"2024-11-06T20:44:50+00:00","dateModified":"2026-02-17T20:10:58+00:00","description":"Aspen Wildlife Control prot\u00e8ge les entreprises de Gatineau contre les risques li\u00e9s aux infestations de souris.","breadcrumb":{"@id":"https:\/\/aspenwildlifecontrol.com\/fr\/prestations-de-service\/souris\/pourquoi-la-capture-professionnelle-de-souris-est-essentielle-pour-les-entreprises-de-gatineau\/#breadcrumb"},"inLanguage":"fr-FR","potentialAction":[{"@type":"ReadAction","target":["https:\/\/aspenwildlifecontrol.com\/fr\/prestations-de-service\/souris\/pourquoi-la-capture-professionnelle-de-souris-est-essentielle-pour-les-entreprises-de-gatineau\/"]}]},{"@type":"BreadcrumbList","@id":"https:\/\/aspenwildlifecontrol.com\/fr\/prestations-de-service\/souris\/pourquoi-la-capture-professionnelle-de-souris-est-essentielle-pour-les-entreprises-de-gatineau\/#breadcrumb","itemListElement":[{"@type":"ListItem","position":1,"name":"Home","item":"https:\/\/aspenwildlifecontrol.com\/fr\/"},{"@type":"ListItem","position":2,"name":"Service control animal","item":"https:\/\/aspenwildlifecontrol.com\/fr\/prestations-de-service\/"},{"@type":"ListItem","position":3,"name":"Souris","item":"https:\/\/aspenwildlifecontrol.com\/fr\/prestations-de-service\/souris\/"},{"@type":"ListItem","position":4,"name":"Pourquoi la capture professionnelle de souris est essentielle pour les entreprises de Gatineau"}]},{"@type":"WebSite","@id":"https:\/\/aspenwildlifecontrol.com\/fr\/#website","url":"https:\/\/aspenwildlifecontrol.com\/fr\/","name":"Aspen Wildlife Control","description":"Fast, humane wildlife removal in Ottawa-Gatineau \u2014 guaranteed results, 24\/7 service","potentialAction":[{"@type":"SearchAction","target":{"@type":"EntryPoint","urlTemplate":"https:\/\/aspenwildlifecontrol.com\/fr\/?s={search_term_string}"},"query-input":{"@type":"PropertyValueSpecification","valueRequired":true,"valueName":"search_term_string"}}],"inLanguage":"fr-FR"}]}},"_links":{"self":[{"href":"https:\/\/aspenwildlifecontrol.com\/fr\/wp-json\/wp\/v2\/pages\/1180","targetHints":{"allow":["GET"]}}],"collection":[{"href":"https:\/\/aspenwildlifecontrol.com\/fr\/wp-json\/wp\/v2\/pages"}],"about":[{"href":"https:\/\/aspenwildlifecontrol.com\/fr\/wp-json\/wp\/v2\/types\/page"}],"author":[{"embeddable":true,"href":"https:\/\/aspenwildlifecontrol.com\/fr\/wp-json\/wp\/v2\/users\/1"}],"replies":[{"embeddable":true,"href":"https:\/\/aspenwildlifecontrol.com\/fr\/wp-json\/wp\/v2\/comments?post=1180"}],"version-history":[{"count":5,"href":"https:\/\/aspenwildlifecontrol.com\/fr\/wp-json\/wp\/v2\/pages\/1180\/revisions"}],"predecessor-version":[{"id":4248,"href":"https:\/\/aspenwildlifecontrol.com\/fr\/wp-json\/wp\/v2\/pages\/1180\/revisions\/4248"}],"up":[{"embeddable":true,"href":"https:\/\/aspenwildlifecontrol.com\/fr\/wp-json\/wp\/v2\/pages\/976"}],"wp:attachment":[{"href":"https:\/\/aspenwildlifecontrol.com\/fr\/wp-json\/wp\/v2\/media?parent=1180"}],"curies":[{"name":"wp","href":"https:\/\/api.w.org\/{rel}","templated":true}]}}