{"id":1179,"date":"2024-11-06T15:38:35","date_gmt":"2024-11-06T20:38:35","guid":{"rendered":"https:\/\/aspenwildlifecontrol.com\/prestations-de-service\/souris\/les-avantages-de-faire-appel-a-aspen-wildlife-control-pour-la-capture-de-souris-a-gatineau\/"},"modified":"2026-02-17T15:12:14","modified_gmt":"2026-02-17T20:12:14","slug":"les-avantages-de-faire-appel-a-aspen-wildlife-control-pour-la-capture-de-souris-a-gatineau","status":"publish","type":"page","link":"https:\/\/aspenwildlifecontrol.com\/fr\/prestations-de-service\/souris\/les-avantages-de-faire-appel-a-aspen-wildlife-control-pour-la-capture-de-souris-a-gatineau\/","title":{"rendered":"Les avantages de faire appel \u00e0 Aspen Wildlife Control pour la capture de souris \u00e0 Gatineau"},"content":{"rendered":"<p><span dir=\"auto\" style=\"vertical-align: inherit;\"><span dir=\"auto\" style=\"vertical-align: inherit;\">For mouse removal in Gatineau, using a trusted professional service like Aspen Wildlife Control offers numerous advantages. Our experienced team provides comprehensive solutions that go beyond simple capture to ensure long-term protection for your home. <\/span><\/span><br \/>\n<span dir=\"auto\" style=\"vertical-align: inherit;\"><span dir=\"auto\" style=\"vertical-align: inherit;\">One of the key benefits of working with Aspen Wildlife Control is our humane and effective approach. As Gatineau mouse removal experts, we use advanced and ethical techniques to eliminate infestations without harming the animals. Our methods include identifying entry points, securing your home, and using safe traps to prevent re-infestation.<\/span><\/span><\/p>\n<p><span dir=\"auto\" style=\"vertical-align: inherit;\"><span dir=\"auto\" style=\"vertical-align: inherit;\">Furthermore, our mouse removal service includes thorough inspections to locate nesting areas, food sources, and potential vulnerabilities. This proactive approach allows us to address the root cause of the problem, ensuring a mouse-free environment. Unlike DIY methods, our services offer a long-term solution, saving you the ongoing hassle and repair costs associated with recurring infestations.<\/span><\/span><\/p>\n<p><span dir=\"auto\" style=\"vertical-align: inherit;\"><span dir=\"auto\" style=\"vertical-align: inherit;\">For reliable, effective, and humane mouse removal in Gatineau, <a href=\"https:\/\/aspenwildlifecontrol.com\">Aspen Wildlife Control<\/a> is your best choice. Protect your home and your health with our professional service. Contact Aspen Wildlife Control today to schedule a consultation and keep your property mouse-free.<\/span><\/span><\/p>\n","protected":false},"excerpt":{"rendered":"<p>For mouse removal in Gatineau, using a trusted professional service like Aspen Wildlife Control offers numerous advantages. Our experienced team provides comprehensive solutions that go beyond simple capture to ensure long-term protection for your home. One of the key benefits of working with Aspen Wildlife Control is our humane and effective approach. As Gatineau mouse&hellip; <a class=\"more-link\" href=\"https:\/\/aspenwildlifecontrol.com\/fr\/prestations-de-service\/souris\/les-avantages-de-faire-appel-a-aspen-wildlife-control-pour-la-capture-de-souris-a-gatineau\/\">Poursuivre la lecture <span class=\"screen-reader-text\">Les avantages de faire appel \u00e0 Aspen Wildlife Control pour la capture de souris \u00e0 Gatineau<\/span><\/a><\/p>\n","protected":false},"author":1,"featured_media":0,"parent":976,"menu_order":0,"comment_status":"closed","ping_status":"closed","template":"","meta":{"_acf_changed":false,"footnotes":""},"class_list":["post-1179","page","type-page","status-publish","hentry","entry"],"acf":{"content":null,"cta_custom":"<h5><span dir=\"auto\" style=\"vertical-align: inherit;\"><span dir=\"auto\" style=\"vertical-align: inherit;\">Services on demand<\/span><\/span><\/h5>\r\n<span dir=\"auto\" style=\"vertical-align: inherit;\"><span dir=\"auto\" style=\"vertical-align: inherit;\">Do you need mouse services in Ottawa-Gatineau?\u00a0 <\/span><\/span><a href=\"https:\/\/aspenwildlifecontrol.com\/fr\/contact\/\"><span dir=\"auto\" style=\"vertical-align: inherit;\"><span dir=\"auto\" style=\"vertical-align: inherit;\">Contact us<\/span><\/span><\/a>","schema":""},"yoast_head":"<!-- This site is optimized with the Yoast SEO Premium plugin v26.8 (Yoast SEO v27.5) - https:\/\/yoast.com\/product\/yoast-seo-premium-wordpress\/ -->\n<title>Avantages d\u2019Aspen Wildlife Control pour la Capture de Souris<\/title>\n<meta name=\"description\" content=\"Aspen Wildlife Control offre une capture de souris efficace et humaine \u00e0 Gatineau pour prot\u00e9ger votre maison en toute s\u00e9curit\u00e9.\" \/>\n<meta name=\"robots\" content=\"index, follow, max-snippet:-1, max-image-preview:large, max-video-preview:-1\" \/>\n<link rel=\"canonical\" href=\"https:\/\/aspenwildlifecontrol.com\/fr\/prestations-de-service\/souris\/les-avantages-de-faire-appel-a-aspen-wildlife-control-pour-la-capture-de-souris-a-gatineau\/\" \/>\n<meta property=\"og:locale\" content=\"fr_FR\" \/>\n<meta property=\"og:type\" content=\"article\" \/>\n<meta property=\"og:title\" content=\"Les avantages de faire appel \u00e0 Aspen Wildlife Control pour la capture de souris \u00e0 Gatineau\" \/>\n<meta property=\"og:description\" content=\"Aspen Wildlife Control offre une capture de souris efficace et humaine \u00e0 Gatineau pour prot\u00e9ger votre maison en toute s\u00e9curit\u00e9.\" \/>\n<meta property=\"og:url\" content=\"https:\/\/aspenwildlifecontrol.com\/fr\/prestations-de-service\/souris\/les-avantages-de-faire-appel-a-aspen-wildlife-control-pour-la-capture-de-souris-a-gatineau\/\" \/>\n<meta property=\"og:site_name\" content=\"Aspen Wildlife Control\" \/>\n<meta property=\"article:modified_time\" content=\"2026-02-17T20:12:14+00:00\" \/>\n<meta name=\"twitter:card\" content=\"summary_large_image\" \/>\n<meta name=\"twitter:label1\" content=\"Dur\u00e9e de lecture estim\u00e9e\" \/>\n\t<meta name=\"twitter:data1\" content=\"1 minute\" \/>\n<script type=\"application\/ld+json\" class=\"yoast-schema-graph\">{\"@context\":\"https:\\\/\\\/schema.org\",\"@graph\":[{\"@type\":\"WebPage\",\"@id\":\"https:\\\/\\\/aspenwildlifecontrol.com\\\/fr\\\/prestations-de-service\\\/souris\\\/les-avantages-de-faire-appel-a-aspen-wildlife-control-pour-la-capture-de-souris-a-gatineau\\\/\",\"url\":\"https:\\\/\\\/aspenwildlifecontrol.com\\\/fr\\\/prestations-de-service\\\/souris\\\/les-avantages-de-faire-appel-a-aspen-wildlife-control-pour-la-capture-de-souris-a-gatineau\\\/\",\"name\":\"Avantages d\u2019Aspen Wildlife Control pour la Capture de Souris\",\"isPartOf\":{\"@id\":\"https:\\\/\\\/aspenwildlifecontrol.com\\\/fr\\\/#website\"},\"datePublished\":\"2024-11-06T20:38:35+00:00\",\"dateModified\":\"2026-02-17T20:12:14+00:00\",\"description\":\"Aspen Wildlife Control offre une capture de souris efficace et humaine \u00e0 Gatineau pour prot\u00e9ger votre maison en toute s\u00e9curit\u00e9.\",\"breadcrumb\":{\"@id\":\"https:\\\/\\\/aspenwildlifecontrol.com\\\/fr\\\/prestations-de-service\\\/souris\\\/les-avantages-de-faire-appel-a-aspen-wildlife-control-pour-la-capture-de-souris-a-gatineau\\\/#breadcrumb\"},\"inLanguage\":\"fr-FR\",\"potentialAction\":[{\"@type\":\"ReadAction\",\"target\":[\"https:\\\/\\\/aspenwildlifecontrol.com\\\/fr\\\/prestations-de-service\\\/souris\\\/les-avantages-de-faire-appel-a-aspen-wildlife-control-pour-la-capture-de-souris-a-gatineau\\\/\"]}]},{\"@type\":\"BreadcrumbList\",\"@id\":\"https:\\\/\\\/aspenwildlifecontrol.com\\\/fr\\\/prestations-de-service\\\/souris\\\/les-avantages-de-faire-appel-a-aspen-wildlife-control-pour-la-capture-de-souris-a-gatineau\\\/#breadcrumb\",\"itemListElement\":[{\"@type\":\"ListItem\",\"position\":1,\"name\":\"Home\",\"item\":\"https:\\\/\\\/aspenwildlifecontrol.com\\\/fr\\\/\"},{\"@type\":\"ListItem\",\"position\":2,\"name\":\"Service control animal\",\"item\":\"https:\\\/\\\/aspenwildlifecontrol.com\\\/fr\\\/prestations-de-service\\\/\"},{\"@type\":\"ListItem\",\"position\":3,\"name\":\"Souris\",\"item\":\"https:\\\/\\\/aspenwildlifecontrol.com\\\/fr\\\/prestations-de-service\\\/souris\\\/\"},{\"@type\":\"ListItem\",\"position\":4,\"name\":\"Les avantages de faire appel \u00e0 Aspen Wildlife Control pour la capture de souris \u00e0 Gatineau\"}]},{\"@type\":\"WebSite\",\"@id\":\"https:\\\/\\\/aspenwildlifecontrol.com\\\/fr\\\/#website\",\"url\":\"https:\\\/\\\/aspenwildlifecontrol.com\\\/fr\\\/\",\"name\":\"Aspen Wildlife Control\",\"description\":\"Fast, humane wildlife removal in Ottawa-Gatineau \u2014 guaranteed results, 24\\\/7 service\",\"potentialAction\":[{\"@type\":\"SearchAction\",\"target\":{\"@type\":\"EntryPoint\",\"urlTemplate\":\"https:\\\/\\\/aspenwildlifecontrol.com\\\/fr\\\/?s={search_term_string}\"},\"query-input\":{\"@type\":\"PropertyValueSpecification\",\"valueRequired\":true,\"valueName\":\"search_term_string\"}}],\"inLanguage\":\"fr-FR\"}]}<\/script>\n<!-- \/ Yoast SEO Premium plugin. -->","yoast_head_json":{"title":"Avantages d\u2019Aspen Wildlife Control pour la Capture de Souris","description":"Aspen Wildlife Control offre une capture de souris efficace et humaine \u00e0 Gatineau pour prot\u00e9ger votre maison en toute s\u00e9curit\u00e9.","robots":{"index":"index","follow":"follow","max-snippet":"max-snippet:-1","max-image-preview":"max-image-preview:large","max-video-preview":"max-video-preview:-1"},"canonical":"https:\/\/aspenwildlifecontrol.com\/fr\/prestations-de-service\/souris\/les-avantages-de-faire-appel-a-aspen-wildlife-control-pour-la-capture-de-souris-a-gatineau\/","og_locale":"fr_FR","og_type":"article","og_title":"Les avantages de faire appel \u00e0 Aspen Wildlife Control pour la capture de souris \u00e0 Gatineau","og_description":"Aspen Wildlife Control offre une capture de souris efficace et humaine \u00e0 Gatineau pour prot\u00e9ger votre maison en toute s\u00e9curit\u00e9.","og_url":"https:\/\/aspenwildlifecontrol.com\/fr\/prestations-de-service\/souris\/les-avantages-de-faire-appel-a-aspen-wildlife-control-pour-la-capture-de-souris-a-gatineau\/","og_site_name":"Aspen Wildlife Control","article_modified_time":"2026-02-17T20:12:14+00:00","twitter_card":"summary_large_image","twitter_misc":{"Dur\u00e9e de lecture estim\u00e9e":"1 minute"},"schema":{"@context":"https:\/\/schema.org","@graph":[{"@type":"WebPage","@id":"https:\/\/aspenwildlifecontrol.com\/fr\/prestations-de-service\/souris\/les-avantages-de-faire-appel-a-aspen-wildlife-control-pour-la-capture-de-souris-a-gatineau\/","url":"https:\/\/aspenwildlifecontrol.com\/fr\/prestations-de-service\/souris\/les-avantages-de-faire-appel-a-aspen-wildlife-control-pour-la-capture-de-souris-a-gatineau\/","name":"Avantages d\u2019Aspen Wildlife Control pour la Capture de Souris","isPartOf":{"@id":"https:\/\/aspenwildlifecontrol.com\/fr\/#website"},"datePublished":"2024-11-06T20:38:35+00:00","dateModified":"2026-02-17T20:12:14+00:00","description":"Aspen Wildlife Control offre une capture de souris efficace et humaine \u00e0 Gatineau pour prot\u00e9ger votre maison en toute s\u00e9curit\u00e9.","breadcrumb":{"@id":"https:\/\/aspenwildlifecontrol.com\/fr\/prestations-de-service\/souris\/les-avantages-de-faire-appel-a-aspen-wildlife-control-pour-la-capture-de-souris-a-gatineau\/#breadcrumb"},"inLanguage":"fr-FR","potentialAction":[{"@type":"ReadAction","target":["https:\/\/aspenwildlifecontrol.com\/fr\/prestations-de-service\/souris\/les-avantages-de-faire-appel-a-aspen-wildlife-control-pour-la-capture-de-souris-a-gatineau\/"]}]},{"@type":"BreadcrumbList","@id":"https:\/\/aspenwildlifecontrol.com\/fr\/prestations-de-service\/souris\/les-avantages-de-faire-appel-a-aspen-wildlife-control-pour-la-capture-de-souris-a-gatineau\/#breadcrumb","itemListElement":[{"@type":"ListItem","position":1,"name":"Home","item":"https:\/\/aspenwildlifecontrol.com\/fr\/"},{"@type":"ListItem","position":2,"name":"Service control animal","item":"https:\/\/aspenwildlifecontrol.com\/fr\/prestations-de-service\/"},{"@type":"ListItem","position":3,"name":"Souris","item":"https:\/\/aspenwildlifecontrol.com\/fr\/prestations-de-service\/souris\/"},{"@type":"ListItem","position":4,"name":"Les avantages de faire appel \u00e0 Aspen Wildlife Control pour la capture de souris \u00e0 Gatineau"}]},{"@type":"WebSite","@id":"https:\/\/aspenwildlifecontrol.com\/fr\/#website","url":"https:\/\/aspenwildlifecontrol.com\/fr\/","name":"Aspen Wildlife Control","description":"Fast, humane wildlife removal in Ottawa-Gatineau \u2014 guaranteed results, 24\/7 service","potentialAction":[{"@type":"SearchAction","target":{"@type":"EntryPoint","urlTemplate":"https:\/\/aspenwildlifecontrol.com\/fr\/?s={search_term_string}"},"query-input":{"@type":"PropertyValueSpecification","valueRequired":true,"valueName":"search_term_string"}}],"inLanguage":"fr-FR"}]}},"_links":{"self":[{"href":"https:\/\/aspenwildlifecontrol.com\/fr\/wp-json\/wp\/v2\/pages\/1179","targetHints":{"allow":["GET"]}}],"collection":[{"href":"https:\/\/aspenwildlifecontrol.com\/fr\/wp-json\/wp\/v2\/pages"}],"about":[{"href":"https:\/\/aspenwildlifecontrol.com\/fr\/wp-json\/wp\/v2\/types\/page"}],"author":[{"embeddable":true,"href":"https:\/\/aspenwildlifecontrol.com\/fr\/wp-json\/wp\/v2\/users\/1"}],"replies":[{"embeddable":true,"href":"https:\/\/aspenwildlifecontrol.com\/fr\/wp-json\/wp\/v2\/comments?post=1179"}],"version-history":[{"count":4,"href":"https:\/\/aspenwildlifecontrol.com\/fr\/wp-json\/wp\/v2\/pages\/1179\/revisions"}],"predecessor-version":[{"id":4249,"href":"https:\/\/aspenwildlifecontrol.com\/fr\/wp-json\/wp\/v2\/pages\/1179\/revisions\/4249"}],"up":[{"embeddable":true,"href":"https:\/\/aspenwildlifecontrol.com\/fr\/wp-json\/wp\/v2\/pages\/976"}],"wp:attachment":[{"href":"https:\/\/aspenwildlifecontrol.com\/fr\/wp-json\/wp\/v2\/media?parent=1179"}],"curies":[{"name":"wp","href":"https:\/\/api.w.org\/{rel}","templated":true}]}}