{"id":1178,"date":"2024-11-06T15:35:51","date_gmt":"2024-11-06T20:35:51","guid":{"rendered":"https:\/\/aspenwildlifecontrol.com\/prestations-de-service\/souris\/mythes-sur-la-capture-de-souris-idees-recues-courantes-pour-les-residents-de-gatineau\/"},"modified":"2025-02-11T10:20:49","modified_gmt":"2025-02-11T15:20:49","slug":"mythes-sur-la-capture-de-souris-idees-recues-courantes-pour-les-residents-de-gatineau","status":"publish","type":"page","link":"https:\/\/aspenwildlifecontrol.com\/fr\/prestations-de-service\/souris\/mythes-sur-la-capture-de-souris-idees-recues-courantes-pour-les-residents-de-gatineau\/","title":{"rendered":"Mythes sur la capture de souris : Id\u00e9es re\u00e7ues courantes pour les r\u00e9sidents de Gatineau"},"content":{"rendered":"<p>En mati\u00e8re de capture de souris \u00e0 Gatineau, plusieurs mythes et id\u00e9es re\u00e7ues peuvent mener les propri\u00e9taires sur de mauvaises pistes. Comprendre la v\u00e9rit\u00e9 derri\u00e8re ces mythes permet de garantir des pratiques de capture efficaces et s\u00e9curitaires.<\/p>\n<p><strong>Mythe 1 :<\/strong>\u00a0Les chats suffisent \u00e0 \u00e9loigner les souris. Bien que certains croient qu\u2019avoir un chat emp\u00eache les souris d\u2019entrer, ce n\u2019est pas une solution garantie. Les souris sont habiles \u00e0 se cacher dans des espaces inaccessibles aux chats. Pour des r\u00e9sultats fiables, un service professionnel de capture de souris reste une approche plus s\u00fbre.<\/p>\n<p><strong>Mythe 2 :<\/strong>\u00a0Les souris n\u2019envahissent que les maisons sales. Les souris recherchent la chaleur, la nourriture et un abri, peu importe la propret\u00e9. M\u00eame les maisons les plus impeccables peuvent subir des infestations, car les souris n\u2019ont besoin que de petites fissures pour entrer et trouver des sources de nourriture.<\/p>\n<p><strong>Mythe 3 :<\/strong>\u00a0Les pi\u00e8ges DIY r\u00e9solvent le probl\u00e8me. Bien que les pi\u00e8ges DIY puissent attraper des souris individuellement, ils ne traitent pas souvent la source de l\u2019infestation. Les souris se reproduisent rapidement, et sans techniques d\u2019exclusion appropri\u00e9es, l\u2019infestation peut persister. Faire appel \u00e0 un expert en capture de souris \u00e0 Gatineau garantit des r\u00e9sultats complets et durables.<\/p>\n<p>Pour un contr\u00f4le s\u00fbr et efficace des souris, faites confiance \u00e0 Aspen Wildlife Control. Notre \u00e9quipe professionnelle offre un service complet de capture de souris \u00e0 Gatineau qui capture les souris et prot\u00e8ge votre maison. Contactez-nous d\u00e8s aujourd\u2019hui pour d\u00e9mystifier ces id\u00e9es re\u00e7ues et r\u00e9soudre d\u00e9finitivement votre probl\u00e8me de souris.<\/p>\n","protected":false},"excerpt":{"rendered":"<p>En mati\u00e8re de capture de souris \u00e0 Gatineau, plusieurs mythes et id\u00e9es re\u00e7ues peuvent mener les propri\u00e9taires sur de mauvaises pistes. Comprendre la v\u00e9rit\u00e9 derri\u00e8re ces mythes permet de garantir des pratiques de capture efficaces et s\u00e9curitaires. Mythe 1 :\u00a0Les chats suffisent \u00e0 \u00e9loigner les souris. Bien que certains croient qu\u2019avoir un chat emp\u00eache les&hellip; <a class=\"more-link\" href=\"https:\/\/aspenwildlifecontrol.com\/fr\/prestations-de-service\/souris\/mythes-sur-la-capture-de-souris-idees-recues-courantes-pour-les-residents-de-gatineau\/\">Poursuivre la lecture <span class=\"screen-reader-text\">Mythes sur la capture de souris : Id\u00e9es re\u00e7ues courantes pour les r\u00e9sidents de Gatineau<\/span><\/a><\/p>\n","protected":false},"author":1,"featured_media":0,"parent":976,"menu_order":0,"comment_status":"closed","ping_status":"closed","template":"","meta":{"_acf_changed":false,"footnotes":""},"class_list":["post-1178","page","type-page","status-publish","hentry","entry"],"acf":{"content":null,"cta_custom":"<h5>Services sur demande<\/h5>\r\nVous avez besoin de services\u00a0Souris\u00a0\u00e0 Ottawa-Gatineau ?\u00a0 <a href=\"https:\/\/aspenwildlifecontrol.com\/fr\/contact\/\">Contactez-nous<\/a>","schema":""},"yoast_head":"<!-- This site is optimized with the Yoast SEO Premium plugin v26.8 (Yoast SEO v27.5) - https:\/\/yoast.com\/product\/yoast-seo-premium-wordpress\/ -->\n<title>Mythes sur la Capture de Souris \u00e0 Gatineau<\/title>\n<meta name=\"description\" content=\"Aspen Wildlife Control d\u00e9mystifie les id\u00e9es re\u00e7ues sur la capture de souris pour les r\u00e9sidents de Gatineau, offrant des solutions s\u00fbres et efficaces.\" \/>\n<meta name=\"robots\" content=\"index, follow, max-snippet:-1, max-image-preview:large, max-video-preview:-1\" \/>\n<link rel=\"canonical\" href=\"https:\/\/aspenwildlifecontrol.com\/fr\/prestations-de-service\/souris\/mythes-sur-la-capture-de-souris-idees-recues-courantes-pour-les-residents-de-gatineau\/\" \/>\n<meta property=\"og:locale\" content=\"fr_FR\" \/>\n<meta property=\"og:type\" content=\"article\" \/>\n<meta property=\"og:title\" content=\"Mythes sur la capture de souris : Id\u00e9es re\u00e7ues courantes pour les r\u00e9sidents de Gatineau\" \/>\n<meta property=\"og:description\" content=\"Aspen Wildlife Control d\u00e9mystifie les id\u00e9es re\u00e7ues sur la capture de souris pour les r\u00e9sidents de Gatineau, offrant des solutions s\u00fbres et efficaces.\" \/>\n<meta property=\"og:url\" content=\"https:\/\/aspenwildlifecontrol.com\/fr\/prestations-de-service\/souris\/mythes-sur-la-capture-de-souris-idees-recues-courantes-pour-les-residents-de-gatineau\/\" \/>\n<meta property=\"og:site_name\" content=\"Aspen Wildlife Control\" \/>\n<meta property=\"article:modified_time\" content=\"2025-02-11T15:20:49+00:00\" \/>\n<meta name=\"twitter:card\" content=\"summary_large_image\" \/>\n<meta name=\"twitter:label1\" content=\"Dur\u00e9e de lecture estim\u00e9e\" \/>\n\t<meta name=\"twitter:data1\" content=\"2 minutes\" \/>\n<script type=\"application\/ld+json\" class=\"yoast-schema-graph\">{\"@context\":\"https:\\\/\\\/schema.org\",\"@graph\":[{\"@type\":\"WebPage\",\"@id\":\"https:\\\/\\\/aspenwildlifecontrol.com\\\/fr\\\/prestations-de-service\\\/souris\\\/mythes-sur-la-capture-de-souris-idees-recues-courantes-pour-les-residents-de-gatineau\\\/\",\"url\":\"https:\\\/\\\/aspenwildlifecontrol.com\\\/fr\\\/prestations-de-service\\\/souris\\\/mythes-sur-la-capture-de-souris-idees-recues-courantes-pour-les-residents-de-gatineau\\\/\",\"name\":\"Mythes sur la Capture de Souris \u00e0 Gatineau\",\"isPartOf\":{\"@id\":\"https:\\\/\\\/aspenwildlifecontrol.com\\\/fr\\\/#website\"},\"datePublished\":\"2024-11-06T20:35:51+00:00\",\"dateModified\":\"2025-02-11T15:20:49+00:00\",\"description\":\"Aspen Wildlife Control d\u00e9mystifie les id\u00e9es re\u00e7ues sur la capture de souris pour les r\u00e9sidents de Gatineau, offrant des solutions s\u00fbres et efficaces.\",\"breadcrumb\":{\"@id\":\"https:\\\/\\\/aspenwildlifecontrol.com\\\/fr\\\/prestations-de-service\\\/souris\\\/mythes-sur-la-capture-de-souris-idees-recues-courantes-pour-les-residents-de-gatineau\\\/#breadcrumb\"},\"inLanguage\":\"fr-FR\",\"potentialAction\":[{\"@type\":\"ReadAction\",\"target\":[\"https:\\\/\\\/aspenwildlifecontrol.com\\\/fr\\\/prestations-de-service\\\/souris\\\/mythes-sur-la-capture-de-souris-idees-recues-courantes-pour-les-residents-de-gatineau\\\/\"]}]},{\"@type\":\"BreadcrumbList\",\"@id\":\"https:\\\/\\\/aspenwildlifecontrol.com\\\/fr\\\/prestations-de-service\\\/souris\\\/mythes-sur-la-capture-de-souris-idees-recues-courantes-pour-les-residents-de-gatineau\\\/#breadcrumb\",\"itemListElement\":[{\"@type\":\"ListItem\",\"position\":1,\"name\":\"Home\",\"item\":\"https:\\\/\\\/aspenwildlifecontrol.com\\\/fr\\\/\"},{\"@type\":\"ListItem\",\"position\":2,\"name\":\"Service control animal\",\"item\":\"https:\\\/\\\/aspenwildlifecontrol.com\\\/fr\\\/prestations-de-service\\\/\"},{\"@type\":\"ListItem\",\"position\":3,\"name\":\"Souris\",\"item\":\"https:\\\/\\\/aspenwildlifecontrol.com\\\/fr\\\/prestations-de-service\\\/souris\\\/\"},{\"@type\":\"ListItem\",\"position\":4,\"name\":\"Mythes sur la capture de souris : Id\u00e9es re\u00e7ues courantes pour les r\u00e9sidents de Gatineau\"}]},{\"@type\":\"WebSite\",\"@id\":\"https:\\\/\\\/aspenwildlifecontrol.com\\\/fr\\\/#website\",\"url\":\"https:\\\/\\\/aspenwildlifecontrol.com\\\/fr\\\/\",\"name\":\"Aspen Wildlife Control\",\"description\":\"Fast, humane wildlife removal in Ottawa-Gatineau \u2014 guaranteed results, 24\\\/7 service\",\"potentialAction\":[{\"@type\":\"SearchAction\",\"target\":{\"@type\":\"EntryPoint\",\"urlTemplate\":\"https:\\\/\\\/aspenwildlifecontrol.com\\\/fr\\\/?s={search_term_string}\"},\"query-input\":{\"@type\":\"PropertyValueSpecification\",\"valueRequired\":true,\"valueName\":\"search_term_string\"}}],\"inLanguage\":\"fr-FR\"}]}<\/script>\n<!-- \/ Yoast SEO Premium plugin. -->","yoast_head_json":{"title":"Mythes sur la Capture de Souris \u00e0 Gatineau","description":"Aspen Wildlife Control d\u00e9mystifie les id\u00e9es re\u00e7ues sur la capture de souris pour les r\u00e9sidents de Gatineau, offrant des solutions s\u00fbres et efficaces.","robots":{"index":"index","follow":"follow","max-snippet":"max-snippet:-1","max-image-preview":"max-image-preview:large","max-video-preview":"max-video-preview:-1"},"canonical":"https:\/\/aspenwildlifecontrol.com\/fr\/prestations-de-service\/souris\/mythes-sur-la-capture-de-souris-idees-recues-courantes-pour-les-residents-de-gatineau\/","og_locale":"fr_FR","og_type":"article","og_title":"Mythes sur la capture de souris : Id\u00e9es re\u00e7ues courantes pour les r\u00e9sidents de Gatineau","og_description":"Aspen Wildlife Control d\u00e9mystifie les id\u00e9es re\u00e7ues sur la capture de souris pour les r\u00e9sidents de Gatineau, offrant des solutions s\u00fbres et efficaces.","og_url":"https:\/\/aspenwildlifecontrol.com\/fr\/prestations-de-service\/souris\/mythes-sur-la-capture-de-souris-idees-recues-courantes-pour-les-residents-de-gatineau\/","og_site_name":"Aspen Wildlife Control","article_modified_time":"2025-02-11T15:20:49+00:00","twitter_card":"summary_large_image","twitter_misc":{"Dur\u00e9e de lecture estim\u00e9e":"2 minutes"},"schema":{"@context":"https:\/\/schema.org","@graph":[{"@type":"WebPage","@id":"https:\/\/aspenwildlifecontrol.com\/fr\/prestations-de-service\/souris\/mythes-sur-la-capture-de-souris-idees-recues-courantes-pour-les-residents-de-gatineau\/","url":"https:\/\/aspenwildlifecontrol.com\/fr\/prestations-de-service\/souris\/mythes-sur-la-capture-de-souris-idees-recues-courantes-pour-les-residents-de-gatineau\/","name":"Mythes sur la Capture de Souris \u00e0 Gatineau","isPartOf":{"@id":"https:\/\/aspenwildlifecontrol.com\/fr\/#website"},"datePublished":"2024-11-06T20:35:51+00:00","dateModified":"2025-02-11T15:20:49+00:00","description":"Aspen Wildlife Control d\u00e9mystifie les id\u00e9es re\u00e7ues sur la capture de souris pour les r\u00e9sidents de Gatineau, offrant des solutions s\u00fbres et efficaces.","breadcrumb":{"@id":"https:\/\/aspenwildlifecontrol.com\/fr\/prestations-de-service\/souris\/mythes-sur-la-capture-de-souris-idees-recues-courantes-pour-les-residents-de-gatineau\/#breadcrumb"},"inLanguage":"fr-FR","potentialAction":[{"@type":"ReadAction","target":["https:\/\/aspenwildlifecontrol.com\/fr\/prestations-de-service\/souris\/mythes-sur-la-capture-de-souris-idees-recues-courantes-pour-les-residents-de-gatineau\/"]}]},{"@type":"BreadcrumbList","@id":"https:\/\/aspenwildlifecontrol.com\/fr\/prestations-de-service\/souris\/mythes-sur-la-capture-de-souris-idees-recues-courantes-pour-les-residents-de-gatineau\/#breadcrumb","itemListElement":[{"@type":"ListItem","position":1,"name":"Home","item":"https:\/\/aspenwildlifecontrol.com\/fr\/"},{"@type":"ListItem","position":2,"name":"Service control animal","item":"https:\/\/aspenwildlifecontrol.com\/fr\/prestations-de-service\/"},{"@type":"ListItem","position":3,"name":"Souris","item":"https:\/\/aspenwildlifecontrol.com\/fr\/prestations-de-service\/souris\/"},{"@type":"ListItem","position":4,"name":"Mythes sur la capture de souris : Id\u00e9es re\u00e7ues courantes pour les r\u00e9sidents de Gatineau"}]},{"@type":"WebSite","@id":"https:\/\/aspenwildlifecontrol.com\/fr\/#website","url":"https:\/\/aspenwildlifecontrol.com\/fr\/","name":"Aspen Wildlife Control","description":"Fast, humane wildlife removal in Ottawa-Gatineau \u2014 guaranteed results, 24\/7 service","potentialAction":[{"@type":"SearchAction","target":{"@type":"EntryPoint","urlTemplate":"https:\/\/aspenwildlifecontrol.com\/fr\/?s={search_term_string}"},"query-input":{"@type":"PropertyValueSpecification","valueRequired":true,"valueName":"search_term_string"}}],"inLanguage":"fr-FR"}]}},"_links":{"self":[{"href":"https:\/\/aspenwildlifecontrol.com\/fr\/wp-json\/wp\/v2\/pages\/1178","targetHints":{"allow":["GET"]}}],"collection":[{"href":"https:\/\/aspenwildlifecontrol.com\/fr\/wp-json\/wp\/v2\/pages"}],"about":[{"href":"https:\/\/aspenwildlifecontrol.com\/fr\/wp-json\/wp\/v2\/types\/page"}],"author":[{"embeddable":true,"href":"https:\/\/aspenwildlifecontrol.com\/fr\/wp-json\/wp\/v2\/users\/1"}],"replies":[{"embeddable":true,"href":"https:\/\/aspenwildlifecontrol.com\/fr\/wp-json\/wp\/v2\/comments?post=1178"}],"version-history":[{"count":4,"href":"https:\/\/aspenwildlifecontrol.com\/fr\/wp-json\/wp\/v2\/pages\/1178\/revisions"}],"predecessor-version":[{"id":3116,"href":"https:\/\/aspenwildlifecontrol.com\/fr\/wp-json\/wp\/v2\/pages\/1178\/revisions\/3116"}],"up":[{"embeddable":true,"href":"https:\/\/aspenwildlifecontrol.com\/fr\/wp-json\/wp\/v2\/pages\/976"}],"wp:attachment":[{"href":"https:\/\/aspenwildlifecontrol.com\/fr\/wp-json\/wp\/v2\/media?parent=1178"}],"curies":[{"name":"wp","href":"https:\/\/api.w.org\/{rel}","templated":true}]}}