{"id":1177,"date":"2024-11-06T15:31:46","date_gmt":"2024-11-06T20:31:46","guid":{"rendered":"https:\/\/aspenwildlifecontrol.com\/prestations-de-service\/souris\/le-cout-des-infestations-de-souris-pourquoi-un-service-professionnel-de-capture-fait-economiser-de-largent-aux-proprietaires-a-gatineau\/"},"modified":"2025-02-11T10:16:41","modified_gmt":"2025-02-11T15:16:41","slug":"le-cout-des-infestations-de-souris-pourquoi-un-service-professionnel-de-capture-fait-economiser-de-largent-aux-proprietaires-a-gatineau","status":"publish","type":"page","link":"https:\/\/aspenwildlifecontrol.com\/fr\/prestations-de-service\/souris\/le-cout-des-infestations-de-souris-pourquoi-un-service-professionnel-de-capture-fait-economiser-de-largent-aux-proprietaires-a-gatineau\/","title":{"rendered":"Le co\u00fbt des infestations de souris : Pourquoi un service professionnel de capture fait \u00e9conomiser de l&rsquo;argent aux propri\u00e9taires \u00e0 Gatineau"},"content":{"rendered":"<p><span style=\"font-weight: 400;\">Une infestation de souris dans votre maison \u00e0 Gatineau peut rapidement engendrer des co\u00fbts importants. Entre les dommages mat\u00e9riels et les risques pour la sant\u00e9, les souris causent des probl\u00e8mes qui peuvent s\u2019aggraver sans intervention rapide. Ignorer l\u2019infestation entra\u00eene souvent des fils \u00e9lectriques endommag\u00e9s, de l\u2019isolation rong\u00e9e, des aliments contamin\u00e9s, et m\u00eame des dommages structurels aux murs et aux planchers. R\u00e9parer ces d\u00e9g\u00e2ts peut devenir co\u00fbteux, bien au-del\u00e0 du co\u00fbt initial de faire appel \u00e0 un service de capture de souris.<\/span><\/p>\n<p><span style=\"font-weight: 400;\">Les d\u00e9penses li\u00e9es \u00e0 la sant\u00e9 repr\u00e9sentent une autre charge potentielle. Les souris sont porteuses de maladies comme le hantavirus et la salmonellose, qui peuvent nuire \u00e0 la sant\u00e9 de votre famille. Traiter les maladies li\u00e9es \u00e0 l\u2019exposition aux excr\u00e9ments ou aux contaminants de souris peut engendrer des frais m\u00e9dicaux \u00e9lev\u00e9s. En investissant dans un service de capture de souris professionnel d\u00e8s le d\u00e9but, vous pr\u00e9venez ces risques et \u00e9vitez des r\u00e9parations ou des d\u00e9penses de sant\u00e9 co\u00fbteuses.<\/span><\/p>\n<p><span style=\"font-weight: 400;\">Faire appel \u00e0 un expert en capture de souris \u00e0 Gatineau, comme Aspen Wildlife Control, offre une approche compl\u00e8te pour r\u00e9soudre le probl\u00e8me. Notre \u00e9quipe utilise des techniques \u00e9prouv\u00e9es pour capturer les souris tout en scellant les points d\u2019entr\u00e9e pour pr\u00e9venir de futures infestations. Cette approche proactive permet aux propri\u00e9taires d\u2019\u00e9conomiser sur le long terme en traitant la cause de l&rsquo;infestation.<\/span><\/p>\n<p><span style=\"font-weight: 400;\">Prot\u00e9gez votre maison et votre budget contre les co\u00fbts li\u00e9s aux souris. Contactez Aspen Wildlife Control d\u00e8s aujourd&rsquo;hui pour une capture de souris efficace et abordable \u00e0 Gatineau, garantissant une tranquillit\u00e9 d\u2019esprit \u00e0 long terme.<\/span><\/p>\n","protected":false},"excerpt":{"rendered":"<p>Une infestation de souris dans votre maison \u00e0 Gatineau peut rapidement engendrer des co\u00fbts importants. Entre les dommages mat\u00e9riels et les risques pour la sant\u00e9, les souris causent des probl\u00e8mes qui peuvent s\u2019aggraver sans intervention rapide. Ignorer l\u2019infestation entra\u00eene souvent des fils \u00e9lectriques endommag\u00e9s, de l\u2019isolation rong\u00e9e, des aliments contamin\u00e9s, et m\u00eame des dommages structurels&hellip; <a class=\"more-link\" href=\"https:\/\/aspenwildlifecontrol.com\/fr\/prestations-de-service\/souris\/le-cout-des-infestations-de-souris-pourquoi-un-service-professionnel-de-capture-fait-economiser-de-largent-aux-proprietaires-a-gatineau\/\">Poursuivre la lecture <span class=\"screen-reader-text\">Le co\u00fbt des infestations de souris : Pourquoi un service professionnel de capture fait \u00e9conomiser de l&rsquo;argent aux propri\u00e9taires \u00e0 Gatineau<\/span><\/a><\/p>\n","protected":false},"author":1,"featured_media":0,"parent":976,"menu_order":0,"comment_status":"closed","ping_status":"closed","template":"","meta":{"_acf_changed":false,"footnotes":""},"class_list":["post-1177","page","type-page","status-publish","hentry","entry"],"acf":[],"yoast_head":"<!-- This site is optimized with the Yoast SEO Premium plugin v26.8 (Yoast SEO v27.4) - https:\/\/yoast.com\/product\/yoast-seo-premium-wordpress\/ -->\n<title>Co\u00fbt des Infestations de Souris : \u00c9conomies avec un Service Pro<\/title>\n<meta name=\"description\" content=\"Une infestation de souris peut co\u00fbter cher. D\u00e9couvrez comment un service de capture professionnel d\u2019Aspen Wildlife Control aide les propri\u00e9taires \u00e0 Gatineau \u00e0 \u00e9conomiser.\" \/>\n<meta name=\"robots\" content=\"index, follow, max-snippet:-1, max-image-preview:large, max-video-preview:-1\" \/>\n<link rel=\"canonical\" href=\"https:\/\/aspenwildlifecontrol.com\/fr\/prestations-de-service\/souris\/le-cout-des-infestations-de-souris-pourquoi-un-service-professionnel-de-capture-fait-economiser-de-largent-aux-proprietaires-a-gatineau\/\" \/>\n<meta property=\"og:locale\" content=\"fr_FR\" \/>\n<meta property=\"og:type\" content=\"article\" \/>\n<meta property=\"og:title\" content=\"Le co\u00fbt des infestations de souris : Pourquoi un service professionnel de capture fait \u00e9conomiser de l&#039;argent aux propri\u00e9taires \u00e0 Gatineau\" \/>\n<meta property=\"og:description\" content=\"Une infestation de souris peut co\u00fbter cher. D\u00e9couvrez comment un service de capture professionnel d\u2019Aspen Wildlife Control aide les propri\u00e9taires \u00e0 Gatineau \u00e0 \u00e9conomiser.\" \/>\n<meta property=\"og:url\" content=\"https:\/\/aspenwildlifecontrol.com\/fr\/prestations-de-service\/souris\/le-cout-des-infestations-de-souris-pourquoi-un-service-professionnel-de-capture-fait-economiser-de-largent-aux-proprietaires-a-gatineau\/\" \/>\n<meta property=\"og:site_name\" content=\"Aspen Wildlife Control\" \/>\n<meta property=\"article:modified_time\" content=\"2025-02-11T15:16:41+00:00\" \/>\n<meta name=\"twitter:card\" content=\"summary_large_image\" \/>\n<meta name=\"twitter:label1\" content=\"Dur\u00e9e de lecture estim\u00e9e\" \/>\n\t<meta name=\"twitter:data1\" content=\"2 minutes\" \/>\n<script type=\"application\/ld+json\" class=\"yoast-schema-graph\">{\"@context\":\"https:\\\/\\\/schema.org\",\"@graph\":[{\"@type\":\"WebPage\",\"@id\":\"https:\\\/\\\/aspenwildlifecontrol.com\\\/fr\\\/prestations-de-service\\\/souris\\\/le-cout-des-infestations-de-souris-pourquoi-un-service-professionnel-de-capture-fait-economiser-de-largent-aux-proprietaires-a-gatineau\\\/\",\"url\":\"https:\\\/\\\/aspenwildlifecontrol.com\\\/fr\\\/prestations-de-service\\\/souris\\\/le-cout-des-infestations-de-souris-pourquoi-un-service-professionnel-de-capture-fait-economiser-de-largent-aux-proprietaires-a-gatineau\\\/\",\"name\":\"Co\u00fbt des Infestations de Souris : \u00c9conomies avec un Service Pro\",\"isPartOf\":{\"@id\":\"https:\\\/\\\/aspenwildlifecontrol.com\\\/fr\\\/#website\"},\"datePublished\":\"2024-11-06T20:31:46+00:00\",\"dateModified\":\"2025-02-11T15:16:41+00:00\",\"description\":\"Une infestation de souris peut co\u00fbter cher. D\u00e9couvrez comment un service de capture professionnel d\u2019Aspen Wildlife Control aide les propri\u00e9taires \u00e0 Gatineau \u00e0 \u00e9conomiser.\",\"breadcrumb\":{\"@id\":\"https:\\\/\\\/aspenwildlifecontrol.com\\\/fr\\\/prestations-de-service\\\/souris\\\/le-cout-des-infestations-de-souris-pourquoi-un-service-professionnel-de-capture-fait-economiser-de-largent-aux-proprietaires-a-gatineau\\\/#breadcrumb\"},\"inLanguage\":\"fr-FR\",\"potentialAction\":[{\"@type\":\"ReadAction\",\"target\":[\"https:\\\/\\\/aspenwildlifecontrol.com\\\/fr\\\/prestations-de-service\\\/souris\\\/le-cout-des-infestations-de-souris-pourquoi-un-service-professionnel-de-capture-fait-economiser-de-largent-aux-proprietaires-a-gatineau\\\/\"]}]},{\"@type\":\"BreadcrumbList\",\"@id\":\"https:\\\/\\\/aspenwildlifecontrol.com\\\/fr\\\/prestations-de-service\\\/souris\\\/le-cout-des-infestations-de-souris-pourquoi-un-service-professionnel-de-capture-fait-economiser-de-largent-aux-proprietaires-a-gatineau\\\/#breadcrumb\",\"itemListElement\":[{\"@type\":\"ListItem\",\"position\":1,\"name\":\"Home\",\"item\":\"https:\\\/\\\/aspenwildlifecontrol.com\\\/fr\\\/\"},{\"@type\":\"ListItem\",\"position\":2,\"name\":\"Service control animal\",\"item\":\"https:\\\/\\\/aspenwildlifecontrol.com\\\/fr\\\/prestations-de-service\\\/\"},{\"@type\":\"ListItem\",\"position\":3,\"name\":\"Souris\",\"item\":\"https:\\\/\\\/aspenwildlifecontrol.com\\\/fr\\\/prestations-de-service\\\/souris\\\/\"},{\"@type\":\"ListItem\",\"position\":4,\"name\":\"Le co\u00fbt des infestations de souris : Pourquoi un service professionnel de capture fait \u00e9conomiser de l&rsquo;argent aux propri\u00e9taires \u00e0 Gatineau\"}]},{\"@type\":\"WebSite\",\"@id\":\"https:\\\/\\\/aspenwildlifecontrol.com\\\/fr\\\/#website\",\"url\":\"https:\\\/\\\/aspenwildlifecontrol.com\\\/fr\\\/\",\"name\":\"Aspen Wildlife Control\",\"description\":\"Fast, humane wildlife removal in Ottawa-Gatineau \u2014 guaranteed results, 24\\\/7 service\",\"potentialAction\":[{\"@type\":\"SearchAction\",\"target\":{\"@type\":\"EntryPoint\",\"urlTemplate\":\"https:\\\/\\\/aspenwildlifecontrol.com\\\/fr\\\/?s={search_term_string}\"},\"query-input\":{\"@type\":\"PropertyValueSpecification\",\"valueRequired\":true,\"valueName\":\"search_term_string\"}}],\"inLanguage\":\"fr-FR\"}]}<\/script>\n<!-- \/ Yoast SEO Premium plugin. -->","yoast_head_json":{"title":"Co\u00fbt des Infestations de Souris : \u00c9conomies avec un Service Pro","description":"Une infestation de souris peut co\u00fbter cher. D\u00e9couvrez comment un service de capture professionnel d\u2019Aspen Wildlife Control aide les propri\u00e9taires \u00e0 Gatineau \u00e0 \u00e9conomiser.","robots":{"index":"index","follow":"follow","max-snippet":"max-snippet:-1","max-image-preview":"max-image-preview:large","max-video-preview":"max-video-preview:-1"},"canonical":"https:\/\/aspenwildlifecontrol.com\/fr\/prestations-de-service\/souris\/le-cout-des-infestations-de-souris-pourquoi-un-service-professionnel-de-capture-fait-economiser-de-largent-aux-proprietaires-a-gatineau\/","og_locale":"fr_FR","og_type":"article","og_title":"Le co\u00fbt des infestations de souris : Pourquoi un service professionnel de capture fait \u00e9conomiser de l'argent aux propri\u00e9taires \u00e0 Gatineau","og_description":"Une infestation de souris peut co\u00fbter cher. D\u00e9couvrez comment un service de capture professionnel d\u2019Aspen Wildlife Control aide les propri\u00e9taires \u00e0 Gatineau \u00e0 \u00e9conomiser.","og_url":"https:\/\/aspenwildlifecontrol.com\/fr\/prestations-de-service\/souris\/le-cout-des-infestations-de-souris-pourquoi-un-service-professionnel-de-capture-fait-economiser-de-largent-aux-proprietaires-a-gatineau\/","og_site_name":"Aspen Wildlife Control","article_modified_time":"2025-02-11T15:16:41+00:00","twitter_card":"summary_large_image","twitter_misc":{"Dur\u00e9e de lecture estim\u00e9e":"2 minutes"},"schema":{"@context":"https:\/\/schema.org","@graph":[{"@type":"WebPage","@id":"https:\/\/aspenwildlifecontrol.com\/fr\/prestations-de-service\/souris\/le-cout-des-infestations-de-souris-pourquoi-un-service-professionnel-de-capture-fait-economiser-de-largent-aux-proprietaires-a-gatineau\/","url":"https:\/\/aspenwildlifecontrol.com\/fr\/prestations-de-service\/souris\/le-cout-des-infestations-de-souris-pourquoi-un-service-professionnel-de-capture-fait-economiser-de-largent-aux-proprietaires-a-gatineau\/","name":"Co\u00fbt des Infestations de Souris : \u00c9conomies avec un Service Pro","isPartOf":{"@id":"https:\/\/aspenwildlifecontrol.com\/fr\/#website"},"datePublished":"2024-11-06T20:31:46+00:00","dateModified":"2025-02-11T15:16:41+00:00","description":"Une infestation de souris peut co\u00fbter cher. D\u00e9couvrez comment un service de capture professionnel d\u2019Aspen Wildlife Control aide les propri\u00e9taires \u00e0 Gatineau \u00e0 \u00e9conomiser.","breadcrumb":{"@id":"https:\/\/aspenwildlifecontrol.com\/fr\/prestations-de-service\/souris\/le-cout-des-infestations-de-souris-pourquoi-un-service-professionnel-de-capture-fait-economiser-de-largent-aux-proprietaires-a-gatineau\/#breadcrumb"},"inLanguage":"fr-FR","potentialAction":[{"@type":"ReadAction","target":["https:\/\/aspenwildlifecontrol.com\/fr\/prestations-de-service\/souris\/le-cout-des-infestations-de-souris-pourquoi-un-service-professionnel-de-capture-fait-economiser-de-largent-aux-proprietaires-a-gatineau\/"]}]},{"@type":"BreadcrumbList","@id":"https:\/\/aspenwildlifecontrol.com\/fr\/prestations-de-service\/souris\/le-cout-des-infestations-de-souris-pourquoi-un-service-professionnel-de-capture-fait-economiser-de-largent-aux-proprietaires-a-gatineau\/#breadcrumb","itemListElement":[{"@type":"ListItem","position":1,"name":"Home","item":"https:\/\/aspenwildlifecontrol.com\/fr\/"},{"@type":"ListItem","position":2,"name":"Service control animal","item":"https:\/\/aspenwildlifecontrol.com\/fr\/prestations-de-service\/"},{"@type":"ListItem","position":3,"name":"Souris","item":"https:\/\/aspenwildlifecontrol.com\/fr\/prestations-de-service\/souris\/"},{"@type":"ListItem","position":4,"name":"Le co\u00fbt des infestations de souris : Pourquoi un service professionnel de capture fait \u00e9conomiser de l&rsquo;argent aux propri\u00e9taires \u00e0 Gatineau"}]},{"@type":"WebSite","@id":"https:\/\/aspenwildlifecontrol.com\/fr\/#website","url":"https:\/\/aspenwildlifecontrol.com\/fr\/","name":"Aspen Wildlife Control","description":"Fast, humane wildlife removal in Ottawa-Gatineau \u2014 guaranteed results, 24\/7 service","potentialAction":[{"@type":"SearchAction","target":{"@type":"EntryPoint","urlTemplate":"https:\/\/aspenwildlifecontrol.com\/fr\/?s={search_term_string}"},"query-input":{"@type":"PropertyValueSpecification","valueRequired":true,"valueName":"search_term_string"}}],"inLanguage":"fr-FR"}]}},"_links":{"self":[{"href":"https:\/\/aspenwildlifecontrol.com\/fr\/wp-json\/wp\/v2\/pages\/1177","targetHints":{"allow":["GET"]}}],"collection":[{"href":"https:\/\/aspenwildlifecontrol.com\/fr\/wp-json\/wp\/v2\/pages"}],"about":[{"href":"https:\/\/aspenwildlifecontrol.com\/fr\/wp-json\/wp\/v2\/types\/page"}],"author":[{"embeddable":true,"href":"https:\/\/aspenwildlifecontrol.com\/fr\/wp-json\/wp\/v2\/users\/1"}],"replies":[{"embeddable":true,"href":"https:\/\/aspenwildlifecontrol.com\/fr\/wp-json\/wp\/v2\/comments?post=1177"}],"version-history":[{"count":3,"href":"https:\/\/aspenwildlifecontrol.com\/fr\/wp-json\/wp\/v2\/pages\/1177\/revisions"}],"predecessor-version":[{"id":3107,"href":"https:\/\/aspenwildlifecontrol.com\/fr\/wp-json\/wp\/v2\/pages\/1177\/revisions\/3107"}],"up":[{"embeddable":true,"href":"https:\/\/aspenwildlifecontrol.com\/fr\/wp-json\/wp\/v2\/pages\/976"}],"wp:attachment":[{"href":"https:\/\/aspenwildlifecontrol.com\/fr\/wp-json\/wp\/v2\/media?parent=1177"}],"curies":[{"name":"wp","href":"https:\/\/api.w.org\/{rel}","templated":true}]}}