{"id":1176,"date":"2024-11-06T15:24:30","date_gmt":"2024-11-06T20:24:30","guid":{"rendered":"https:\/\/aspenwildlifecontrol.com\/prestations-de-service\/souris\/dangers-dignorer-une-infestation-de-souris-a-gatineau\/"},"modified":"2026-02-17T15:13:08","modified_gmt":"2026-02-17T20:13:08","slug":"dangers-dignorer-une-infestation-de-souris-a-gatineau","status":"publish","type":"page","link":"https:\/\/aspenwildlifecontrol.com\/fr\/prestations-de-service\/souris\/dangers-dignorer-une-infestation-de-souris-a-gatineau\/","title":{"rendered":"Les dangers d&rsquo;ignorer une infestation de souris \u00e0 Gatineau"},"content":{"rendered":"<p><span style=\"font-weight: 400;\"><span dir=\"auto\" style=\"vertical-align: inherit;\"><span dir=\"auto\" style=\"vertical-align: inherit;\">Ignoring a mouse infestation in your Gatineau home can lead to significant health and safety risks. Mice carry numerous diseases, such as hantavirus, salmonellosis, and leptospirosis, which can be transmitted through their droppings, urine, and saliva. As mice move through your home, they contaminate surfaces and food sources, increasing the risk of health problems for your family.<\/span><\/span><\/span><\/p>\n<p><span style=\"font-weight: 400;\"><span dir=\"auto\" style=\"vertical-align: inherit;\"><span dir=\"auto\" style=\"vertical-align: inherit;\">In addition to health risks, a mouse infestation can cause structural damage. Mice need to gnaw constantly to keep their teeth short, which leads them to chew through electrical wires, insulation, and building materials. This gnawing habit can create fire hazards and weaken the structure of your home, potentially requiring costly repairs.<\/span><\/span><\/span><\/p>\n<p><span style=\"font-weight: 400;\"><span dir=\"auto\" style=\"vertical-align: inherit;\"><span dir=\"auto\" style=\"vertical-align: inherit;\">If you suspect you have mice in your home, it&rsquo;s essential to act quickly. Aspen Wildlife Control offers <a href=\"https:\/\/aspenwildlifecontrol.com\/services\/mice\/\">professional mouse removal services in Gatineau<\/a> to effectively eliminate infestations and prevent future invasions. Contact us today to protect your home and your health from the dangers associated with mice.<\/span><\/span><\/span><\/p>\n","protected":false},"excerpt":{"rendered":"<p>Ignoring a mouse infestation in your Gatineau home can lead to significant health and safety risks. Mice carry numerous diseases, such as hantavirus, salmonellosis, and leptospirosis, which can be transmitted through their droppings, urine, and saliva. As mice move through your home, they contaminate surfaces and food sources, increasing the risk of health problems for&hellip; <a class=\"more-link\" href=\"https:\/\/aspenwildlifecontrol.com\/fr\/prestations-de-service\/souris\/dangers-dignorer-une-infestation-de-souris-a-gatineau\/\">Poursuivre la lecture <span class=\"screen-reader-text\">Les dangers d&rsquo;ignorer une infestation de souris \u00e0 Gatineau<\/span><\/a><\/p>\n","protected":false},"author":1,"featured_media":0,"parent":976,"menu_order":0,"comment_status":"closed","ping_status":"closed","template":"","meta":{"_acf_changed":false,"footnotes":""},"class_list":["post-1176","page","type-page","status-publish","hentry","entry"],"acf":{"content":null,"cta_custom":"<h5><span dir=\"auto\" style=\"vertical-align: inherit;\"><span dir=\"auto\" style=\"vertical-align: inherit;\">Services on demand<\/span><\/span><\/h5>\r\n<span dir=\"auto\" style=\"vertical-align: inherit;\"><span dir=\"auto\" style=\"vertical-align: inherit;\">Do you need mouse services in Ottawa-Gatineau?\u00a0 <\/span><\/span><a href=\"https:\/\/aspenwildlifecontrol.com\/fr\/contact\/\"><span dir=\"auto\" style=\"vertical-align: inherit;\"><span dir=\"auto\" style=\"vertical-align: inherit;\">Contact us<\/span><\/span><\/a>","schema":""},"yoast_head":"<!-- This site is optimized with the Yoast SEO Premium plugin v26.8 (Yoast SEO v27.5) - https:\/\/yoast.com\/product\/yoast-seo-premium-wordpress\/ -->\n<title>Dangers d&#039;Ignorer une Infestation de Souris \u00e0 Gatineau<\/title>\n<meta name=\"description\" content=\"Ignorer une infestation de souris peut causer des risques de sant\u00e9 et des dommages. Aspen Wildlife Control explique pourquoi agir vite est essentiel \u00e0 Gatineau.\" \/>\n<meta name=\"robots\" content=\"index, follow, max-snippet:-1, max-image-preview:large, max-video-preview:-1\" \/>\n<link rel=\"canonical\" href=\"https:\/\/aspenwildlifecontrol.com\/fr\/prestations-de-service\/souris\/dangers-dignorer-une-infestation-de-souris-a-gatineau\/\" \/>\n<meta property=\"og:locale\" content=\"fr_FR\" \/>\n<meta property=\"og:type\" content=\"article\" \/>\n<meta property=\"og:title\" content=\"Les dangers d&#039;ignorer une infestation de souris \u00e0 Gatineau\" \/>\n<meta property=\"og:description\" content=\"Ignorer une infestation de souris peut causer des risques de sant\u00e9 et des dommages. Aspen Wildlife Control explique pourquoi agir vite est essentiel \u00e0 Gatineau.\" \/>\n<meta property=\"og:url\" content=\"https:\/\/aspenwildlifecontrol.com\/fr\/prestations-de-service\/souris\/dangers-dignorer-une-infestation-de-souris-a-gatineau\/\" \/>\n<meta property=\"og:site_name\" content=\"Aspen Wildlife Control\" \/>\n<meta property=\"article:modified_time\" content=\"2026-02-17T20:13:08+00:00\" \/>\n<meta name=\"twitter:card\" content=\"summary_large_image\" \/>\n<meta name=\"twitter:label1\" content=\"Dur\u00e9e de lecture estim\u00e9e\" \/>\n\t<meta name=\"twitter:data1\" content=\"1 minute\" \/>\n<script type=\"application\/ld+json\" class=\"yoast-schema-graph\">{\"@context\":\"https:\\\/\\\/schema.org\",\"@graph\":[{\"@type\":\"WebPage\",\"@id\":\"https:\\\/\\\/aspenwildlifecontrol.com\\\/fr\\\/prestations-de-service\\\/souris\\\/dangers-dignorer-une-infestation-de-souris-a-gatineau\\\/\",\"url\":\"https:\\\/\\\/aspenwildlifecontrol.com\\\/fr\\\/prestations-de-service\\\/souris\\\/dangers-dignorer-une-infestation-de-souris-a-gatineau\\\/\",\"name\":\"Dangers d'Ignorer une Infestation de Souris \u00e0 Gatineau\",\"isPartOf\":{\"@id\":\"https:\\\/\\\/aspenwildlifecontrol.com\\\/fr\\\/#website\"},\"datePublished\":\"2024-11-06T20:24:30+00:00\",\"dateModified\":\"2026-02-17T20:13:08+00:00\",\"description\":\"Ignorer une infestation de souris peut causer des risques de sant\u00e9 et des dommages. Aspen Wildlife Control explique pourquoi agir vite est essentiel \u00e0 Gatineau.\",\"breadcrumb\":{\"@id\":\"https:\\\/\\\/aspenwildlifecontrol.com\\\/fr\\\/prestations-de-service\\\/souris\\\/dangers-dignorer-une-infestation-de-souris-a-gatineau\\\/#breadcrumb\"},\"inLanguage\":\"fr-FR\",\"potentialAction\":[{\"@type\":\"ReadAction\",\"target\":[\"https:\\\/\\\/aspenwildlifecontrol.com\\\/fr\\\/prestations-de-service\\\/souris\\\/dangers-dignorer-une-infestation-de-souris-a-gatineau\\\/\"]}]},{\"@type\":\"BreadcrumbList\",\"@id\":\"https:\\\/\\\/aspenwildlifecontrol.com\\\/fr\\\/prestations-de-service\\\/souris\\\/dangers-dignorer-une-infestation-de-souris-a-gatineau\\\/#breadcrumb\",\"itemListElement\":[{\"@type\":\"ListItem\",\"position\":1,\"name\":\"Home\",\"item\":\"https:\\\/\\\/aspenwildlifecontrol.com\\\/fr\\\/\"},{\"@type\":\"ListItem\",\"position\":2,\"name\":\"Service control animal\",\"item\":\"https:\\\/\\\/aspenwildlifecontrol.com\\\/fr\\\/prestations-de-service\\\/\"},{\"@type\":\"ListItem\",\"position\":3,\"name\":\"Souris\",\"item\":\"https:\\\/\\\/aspenwildlifecontrol.com\\\/fr\\\/prestations-de-service\\\/souris\\\/\"},{\"@type\":\"ListItem\",\"position\":4,\"name\":\"Les dangers d&#8217;ignorer une infestation de souris \u00e0 Gatineau\"}]},{\"@type\":\"WebSite\",\"@id\":\"https:\\\/\\\/aspenwildlifecontrol.com\\\/fr\\\/#website\",\"url\":\"https:\\\/\\\/aspenwildlifecontrol.com\\\/fr\\\/\",\"name\":\"Aspen Wildlife Control\",\"description\":\"Fast, humane wildlife removal in Ottawa-Gatineau \u2014 guaranteed results, 24\\\/7 service\",\"potentialAction\":[{\"@type\":\"SearchAction\",\"target\":{\"@type\":\"EntryPoint\",\"urlTemplate\":\"https:\\\/\\\/aspenwildlifecontrol.com\\\/fr\\\/?s={search_term_string}\"},\"query-input\":{\"@type\":\"PropertyValueSpecification\",\"valueRequired\":true,\"valueName\":\"search_term_string\"}}],\"inLanguage\":\"fr-FR\"}]}<\/script>\n<!-- \/ Yoast SEO Premium plugin. -->","yoast_head_json":{"title":"Dangers d'Ignorer une Infestation de Souris \u00e0 Gatineau","description":"Ignorer une infestation de souris peut causer des risques de sant\u00e9 et des dommages. Aspen Wildlife Control explique pourquoi agir vite est essentiel \u00e0 Gatineau.","robots":{"index":"index","follow":"follow","max-snippet":"max-snippet:-1","max-image-preview":"max-image-preview:large","max-video-preview":"max-video-preview:-1"},"canonical":"https:\/\/aspenwildlifecontrol.com\/fr\/prestations-de-service\/souris\/dangers-dignorer-une-infestation-de-souris-a-gatineau\/","og_locale":"fr_FR","og_type":"article","og_title":"Les dangers d'ignorer une infestation de souris \u00e0 Gatineau","og_description":"Ignorer une infestation de souris peut causer des risques de sant\u00e9 et des dommages. Aspen Wildlife Control explique pourquoi agir vite est essentiel \u00e0 Gatineau.","og_url":"https:\/\/aspenwildlifecontrol.com\/fr\/prestations-de-service\/souris\/dangers-dignorer-une-infestation-de-souris-a-gatineau\/","og_site_name":"Aspen Wildlife Control","article_modified_time":"2026-02-17T20:13:08+00:00","twitter_card":"summary_large_image","twitter_misc":{"Dur\u00e9e de lecture estim\u00e9e":"1 minute"},"schema":{"@context":"https:\/\/schema.org","@graph":[{"@type":"WebPage","@id":"https:\/\/aspenwildlifecontrol.com\/fr\/prestations-de-service\/souris\/dangers-dignorer-une-infestation-de-souris-a-gatineau\/","url":"https:\/\/aspenwildlifecontrol.com\/fr\/prestations-de-service\/souris\/dangers-dignorer-une-infestation-de-souris-a-gatineau\/","name":"Dangers d'Ignorer une Infestation de Souris \u00e0 Gatineau","isPartOf":{"@id":"https:\/\/aspenwildlifecontrol.com\/fr\/#website"},"datePublished":"2024-11-06T20:24:30+00:00","dateModified":"2026-02-17T20:13:08+00:00","description":"Ignorer une infestation de souris peut causer des risques de sant\u00e9 et des dommages. Aspen Wildlife Control explique pourquoi agir vite est essentiel \u00e0 Gatineau.","breadcrumb":{"@id":"https:\/\/aspenwildlifecontrol.com\/fr\/prestations-de-service\/souris\/dangers-dignorer-une-infestation-de-souris-a-gatineau\/#breadcrumb"},"inLanguage":"fr-FR","potentialAction":[{"@type":"ReadAction","target":["https:\/\/aspenwildlifecontrol.com\/fr\/prestations-de-service\/souris\/dangers-dignorer-une-infestation-de-souris-a-gatineau\/"]}]},{"@type":"BreadcrumbList","@id":"https:\/\/aspenwildlifecontrol.com\/fr\/prestations-de-service\/souris\/dangers-dignorer-une-infestation-de-souris-a-gatineau\/#breadcrumb","itemListElement":[{"@type":"ListItem","position":1,"name":"Home","item":"https:\/\/aspenwildlifecontrol.com\/fr\/"},{"@type":"ListItem","position":2,"name":"Service control animal","item":"https:\/\/aspenwildlifecontrol.com\/fr\/prestations-de-service\/"},{"@type":"ListItem","position":3,"name":"Souris","item":"https:\/\/aspenwildlifecontrol.com\/fr\/prestations-de-service\/souris\/"},{"@type":"ListItem","position":4,"name":"Les dangers d&#8217;ignorer une infestation de souris \u00e0 Gatineau"}]},{"@type":"WebSite","@id":"https:\/\/aspenwildlifecontrol.com\/fr\/#website","url":"https:\/\/aspenwildlifecontrol.com\/fr\/","name":"Aspen Wildlife Control","description":"Fast, humane wildlife removal in Ottawa-Gatineau \u2014 guaranteed results, 24\/7 service","potentialAction":[{"@type":"SearchAction","target":{"@type":"EntryPoint","urlTemplate":"https:\/\/aspenwildlifecontrol.com\/fr\/?s={search_term_string}"},"query-input":{"@type":"PropertyValueSpecification","valueRequired":true,"valueName":"search_term_string"}}],"inLanguage":"fr-FR"}]}},"_links":{"self":[{"href":"https:\/\/aspenwildlifecontrol.com\/fr\/wp-json\/wp\/v2\/pages\/1176","targetHints":{"allow":["GET"]}}],"collection":[{"href":"https:\/\/aspenwildlifecontrol.com\/fr\/wp-json\/wp\/v2\/pages"}],"about":[{"href":"https:\/\/aspenwildlifecontrol.com\/fr\/wp-json\/wp\/v2\/types\/page"}],"author":[{"embeddable":true,"href":"https:\/\/aspenwildlifecontrol.com\/fr\/wp-json\/wp\/v2\/users\/1"}],"replies":[{"embeddable":true,"href":"https:\/\/aspenwildlifecontrol.com\/fr\/wp-json\/wp\/v2\/comments?post=1176"}],"version-history":[{"count":4,"href":"https:\/\/aspenwildlifecontrol.com\/fr\/wp-json\/wp\/v2\/pages\/1176\/revisions"}],"predecessor-version":[{"id":4251,"href":"https:\/\/aspenwildlifecontrol.com\/fr\/wp-json\/wp\/v2\/pages\/1176\/revisions\/4251"}],"up":[{"embeddable":true,"href":"https:\/\/aspenwildlifecontrol.com\/fr\/wp-json\/wp\/v2\/pages\/976"}],"wp:attachment":[{"href":"https:\/\/aspenwildlifecontrol.com\/fr\/wp-json\/wp\/v2\/media?parent=1176"}],"curies":[{"name":"wp","href":"https:\/\/api.w.org\/{rel}","templated":true}]}}