{"id":1175,"date":"2024-11-06T15:19:24","date_gmt":"2024-11-06T20:19:24","guid":{"rendered":"https:\/\/aspenwildlifecontrol.com\/prestations-de-service\/souris\/conseils-preventifs-pour-eloigner-les-souris-de-votre-maison-a-gatineau\/"},"modified":"2025-02-11T10:07:17","modified_gmt":"2025-02-11T15:07:17","slug":"conseils-preventifs-pour-eloigner-les-souris-de-votre-maison-a-gatineau","status":"publish","type":"page","link":"https:\/\/aspenwildlifecontrol.com\/fr\/prestations-de-service\/souris\/conseils-preventifs-pour-eloigner-les-souris-de-votre-maison-a-gatineau\/","title":{"rendered":"Conseils pr\u00e9ventifs pour \u00e9loigner les souris de votre maison \u00e0 Gatineau"},"content":{"rendered":"<p><span style=\"font-weight: 400;\">Pour \u00e9loigner les souris de votre maison \u00e0 Gatineau, adoptez des strat\u00e9gies de pr\u00e9vention efficaces. Les souris p\u00e9n\u00e8trent dans les maisons \u00e0 la recherche de chaleur, de nourriture et d\u2019abri, surtout quand les temp\u00e9ratures baissent. En prenant des mesures proactives, vous pouvez prot\u00e9ger votre domicile des infestations et \u00e9viter le recours \u00e0 des services de capture de souris \u00e9tendus.<\/span><\/p>\n<p><span style=\"font-weight: 400;\">Scellez les points d\u2019entr\u00e9e : Les souris peuvent passer par des trous aussi petits qu\u2019une pi\u00e8ce de dix cents. Inspectez les fondations, les murs et le toit de votre maison \u00e0 la recherche de fissures ou d\u2019ouvertures, et scellez-les avec de la laine d\u2019acier ou du mastic. Portez une attention particuli\u00e8re aux zones autour des portes, des fen\u00eatres et des tuyaux.<\/span><\/p>\n<p><span style=\"font-weight: 400;\">Stockez les aliments correctement : Conservez tous les aliments dans des contenants herm\u00e9tiques, surtout dans le garde-manger et la cuisine. \u00c9vitez de laisser la nourriture des animaux domestiques dehors la nuit, car elle peut attirer les rongeurs.<\/span><\/p>\n<p><span style=\"font-weight: 400;\">Nettoyez r\u00e9guli\u00e8rement : Les souris sont attir\u00e9es par les miettes et les d\u00e9bris de nourriture, donc un nettoyage r\u00e9gulier est essentiel. Passez l\u2019aspirateur, nettoyez les surfaces et sortez les poubelles quotidiennement pour \u00e9liminer les sources de nourriture potentielles.<\/span><\/p>\n<p><span style=\"font-weight: 400;\">D\u00e9barrassez-vous du d\u00e9sordre : Les souris aiment se cacher dans des espaces encombr\u00e9s. En gardant votre maison bien rang\u00e9e, vous la rendez moins attrayante pour les rongeurs.<\/span><\/p>\n<p><span style=\"font-weight: 400;\">Si vous remarquez toujours des signes de souris malgr\u00e9 ces pr\u00e9cautions, contactez Aspen Wildlife Control, l\u2019expert en capture de souris \u00e0 Gatineau. Nous offrons des services complets pour assurer la s\u00e9curit\u00e9 de votre maison. Appelez-nous d\u00e8s aujourd\u2019hui pour planifier une inspection.<\/span><\/p>\n","protected":false},"excerpt":{"rendered":"<p>Pour \u00e9loigner les souris de votre maison \u00e0 Gatineau, adoptez des strat\u00e9gies de pr\u00e9vention efficaces. Les souris p\u00e9n\u00e8trent dans les maisons \u00e0 la recherche de chaleur, de nourriture et d\u2019abri, surtout quand les temp\u00e9ratures baissent. En prenant des mesures proactives, vous pouvez prot\u00e9ger votre domicile des infestations et \u00e9viter le recours \u00e0 des services de&hellip; <a class=\"more-link\" href=\"https:\/\/aspenwildlifecontrol.com\/fr\/prestations-de-service\/souris\/conseils-preventifs-pour-eloigner-les-souris-de-votre-maison-a-gatineau\/\">Poursuivre la lecture <span class=\"screen-reader-text\">Conseils pr\u00e9ventifs pour \u00e9loigner les souris de votre maison \u00e0 Gatineau<\/span><\/a><\/p>\n","protected":false},"author":1,"featured_media":0,"parent":976,"menu_order":0,"comment_status":"closed","ping_status":"closed","template":"","meta":{"_acf_changed":false,"footnotes":""},"class_list":["post-1175","page","type-page","status-publish","hentry","entry"],"acf":{"content":null,"cta_custom":"<h5>Services sur demande<\/h5>\r\nVous avez besoin de services\u00a0Souris\u00a0\u00e0 Ottawa-Gatineau ?\u00a0 <a href=\"https:\/\/aspenwildlifecontrol.com\/fr\/contact\/\">Contactez-nous<\/a>","schema":""},"yoast_head":"<!-- This site is optimized with the Yoast SEO Premium plugin v26.8 (Yoast SEO v27.5) - https:\/\/yoast.com\/product\/yoast-seo-premium-wordpress\/ -->\n<title>Conseils Pr\u00e9ventifs pour \u00c9loigner les Souris<\/title>\n<meta name=\"description\" content=\"D\u00e9couvrez des conseils pratiques d\u2019Aspen Wildlife Control pour \u00e9loigner les souris de votre maison \u00e0 Gatineau et garder votre espace sans nuisibles.\" \/>\n<meta name=\"robots\" content=\"index, follow, max-snippet:-1, max-image-preview:large, max-video-preview:-1\" \/>\n<link rel=\"canonical\" href=\"https:\/\/aspenwildlifecontrol.com\/fr\/prestations-de-service\/souris\/conseils-preventifs-pour-eloigner-les-souris-de-votre-maison-a-gatineau\/\" \/>\n<meta property=\"og:locale\" content=\"fr_FR\" \/>\n<meta property=\"og:type\" content=\"article\" \/>\n<meta property=\"og:title\" content=\"Conseils pr\u00e9ventifs pour \u00e9loigner les souris de votre maison \u00e0 Gatineau\" \/>\n<meta property=\"og:description\" content=\"D\u00e9couvrez des conseils pratiques d\u2019Aspen Wildlife Control pour \u00e9loigner les souris de votre maison \u00e0 Gatineau et garder votre espace sans nuisibles.\" \/>\n<meta property=\"og:url\" content=\"https:\/\/aspenwildlifecontrol.com\/fr\/prestations-de-service\/souris\/conseils-preventifs-pour-eloigner-les-souris-de-votre-maison-a-gatineau\/\" \/>\n<meta property=\"og:site_name\" content=\"Aspen Wildlife Control\" \/>\n<meta property=\"article:modified_time\" content=\"2025-02-11T15:07:17+00:00\" \/>\n<meta name=\"twitter:card\" content=\"summary_large_image\" \/>\n<meta name=\"twitter:label1\" content=\"Dur\u00e9e de lecture estim\u00e9e\" \/>\n\t<meta name=\"twitter:data1\" content=\"2 minutes\" \/>\n<script type=\"application\/ld+json\" class=\"yoast-schema-graph\">{\"@context\":\"https:\\\/\\\/schema.org\",\"@graph\":[{\"@type\":\"WebPage\",\"@id\":\"https:\\\/\\\/aspenwildlifecontrol.com\\\/fr\\\/prestations-de-service\\\/souris\\\/conseils-preventifs-pour-eloigner-les-souris-de-votre-maison-a-gatineau\\\/\",\"url\":\"https:\\\/\\\/aspenwildlifecontrol.com\\\/fr\\\/prestations-de-service\\\/souris\\\/conseils-preventifs-pour-eloigner-les-souris-de-votre-maison-a-gatineau\\\/\",\"name\":\"Conseils Pr\u00e9ventifs pour \u00c9loigner les Souris\",\"isPartOf\":{\"@id\":\"https:\\\/\\\/aspenwildlifecontrol.com\\\/fr\\\/#website\"},\"datePublished\":\"2024-11-06T20:19:24+00:00\",\"dateModified\":\"2025-02-11T15:07:17+00:00\",\"description\":\"D\u00e9couvrez des conseils pratiques d\u2019Aspen Wildlife Control pour \u00e9loigner les souris de votre maison \u00e0 Gatineau et garder votre espace sans nuisibles.\",\"breadcrumb\":{\"@id\":\"https:\\\/\\\/aspenwildlifecontrol.com\\\/fr\\\/prestations-de-service\\\/souris\\\/conseils-preventifs-pour-eloigner-les-souris-de-votre-maison-a-gatineau\\\/#breadcrumb\"},\"inLanguage\":\"fr-FR\",\"potentialAction\":[{\"@type\":\"ReadAction\",\"target\":[\"https:\\\/\\\/aspenwildlifecontrol.com\\\/fr\\\/prestations-de-service\\\/souris\\\/conseils-preventifs-pour-eloigner-les-souris-de-votre-maison-a-gatineau\\\/\"]}]},{\"@type\":\"BreadcrumbList\",\"@id\":\"https:\\\/\\\/aspenwildlifecontrol.com\\\/fr\\\/prestations-de-service\\\/souris\\\/conseils-preventifs-pour-eloigner-les-souris-de-votre-maison-a-gatineau\\\/#breadcrumb\",\"itemListElement\":[{\"@type\":\"ListItem\",\"position\":1,\"name\":\"Home\",\"item\":\"https:\\\/\\\/aspenwildlifecontrol.com\\\/fr\\\/\"},{\"@type\":\"ListItem\",\"position\":2,\"name\":\"Service control animal\",\"item\":\"https:\\\/\\\/aspenwildlifecontrol.com\\\/fr\\\/prestations-de-service\\\/\"},{\"@type\":\"ListItem\",\"position\":3,\"name\":\"Souris\",\"item\":\"https:\\\/\\\/aspenwildlifecontrol.com\\\/fr\\\/prestations-de-service\\\/souris\\\/\"},{\"@type\":\"ListItem\",\"position\":4,\"name\":\"Conseils pr\u00e9ventifs pour \u00e9loigner les souris de votre maison \u00e0 Gatineau\"}]},{\"@type\":\"WebSite\",\"@id\":\"https:\\\/\\\/aspenwildlifecontrol.com\\\/fr\\\/#website\",\"url\":\"https:\\\/\\\/aspenwildlifecontrol.com\\\/fr\\\/\",\"name\":\"Aspen Wildlife Control\",\"description\":\"Fast, humane wildlife removal in Ottawa-Gatineau \u2014 guaranteed results, 24\\\/7 service\",\"potentialAction\":[{\"@type\":\"SearchAction\",\"target\":{\"@type\":\"EntryPoint\",\"urlTemplate\":\"https:\\\/\\\/aspenwildlifecontrol.com\\\/fr\\\/?s={search_term_string}\"},\"query-input\":{\"@type\":\"PropertyValueSpecification\",\"valueRequired\":true,\"valueName\":\"search_term_string\"}}],\"inLanguage\":\"fr-FR\"}]}<\/script>\n<!-- \/ Yoast SEO Premium plugin. -->","yoast_head_json":{"title":"Conseils Pr\u00e9ventifs pour \u00c9loigner les Souris","description":"D\u00e9couvrez des conseils pratiques d\u2019Aspen Wildlife Control pour \u00e9loigner les souris de votre maison \u00e0 Gatineau et garder votre espace sans nuisibles.","robots":{"index":"index","follow":"follow","max-snippet":"max-snippet:-1","max-image-preview":"max-image-preview:large","max-video-preview":"max-video-preview:-1"},"canonical":"https:\/\/aspenwildlifecontrol.com\/fr\/prestations-de-service\/souris\/conseils-preventifs-pour-eloigner-les-souris-de-votre-maison-a-gatineau\/","og_locale":"fr_FR","og_type":"article","og_title":"Conseils pr\u00e9ventifs pour \u00e9loigner les souris de votre maison \u00e0 Gatineau","og_description":"D\u00e9couvrez des conseils pratiques d\u2019Aspen Wildlife Control pour \u00e9loigner les souris de votre maison \u00e0 Gatineau et garder votre espace sans nuisibles.","og_url":"https:\/\/aspenwildlifecontrol.com\/fr\/prestations-de-service\/souris\/conseils-preventifs-pour-eloigner-les-souris-de-votre-maison-a-gatineau\/","og_site_name":"Aspen Wildlife Control","article_modified_time":"2025-02-11T15:07:17+00:00","twitter_card":"summary_large_image","twitter_misc":{"Dur\u00e9e de lecture estim\u00e9e":"2 minutes"},"schema":{"@context":"https:\/\/schema.org","@graph":[{"@type":"WebPage","@id":"https:\/\/aspenwildlifecontrol.com\/fr\/prestations-de-service\/souris\/conseils-preventifs-pour-eloigner-les-souris-de-votre-maison-a-gatineau\/","url":"https:\/\/aspenwildlifecontrol.com\/fr\/prestations-de-service\/souris\/conseils-preventifs-pour-eloigner-les-souris-de-votre-maison-a-gatineau\/","name":"Conseils Pr\u00e9ventifs pour \u00c9loigner les Souris","isPartOf":{"@id":"https:\/\/aspenwildlifecontrol.com\/fr\/#website"},"datePublished":"2024-11-06T20:19:24+00:00","dateModified":"2025-02-11T15:07:17+00:00","description":"D\u00e9couvrez des conseils pratiques d\u2019Aspen Wildlife Control pour \u00e9loigner les souris de votre maison \u00e0 Gatineau et garder votre espace sans nuisibles.","breadcrumb":{"@id":"https:\/\/aspenwildlifecontrol.com\/fr\/prestations-de-service\/souris\/conseils-preventifs-pour-eloigner-les-souris-de-votre-maison-a-gatineau\/#breadcrumb"},"inLanguage":"fr-FR","potentialAction":[{"@type":"ReadAction","target":["https:\/\/aspenwildlifecontrol.com\/fr\/prestations-de-service\/souris\/conseils-preventifs-pour-eloigner-les-souris-de-votre-maison-a-gatineau\/"]}]},{"@type":"BreadcrumbList","@id":"https:\/\/aspenwildlifecontrol.com\/fr\/prestations-de-service\/souris\/conseils-preventifs-pour-eloigner-les-souris-de-votre-maison-a-gatineau\/#breadcrumb","itemListElement":[{"@type":"ListItem","position":1,"name":"Home","item":"https:\/\/aspenwildlifecontrol.com\/fr\/"},{"@type":"ListItem","position":2,"name":"Service control animal","item":"https:\/\/aspenwildlifecontrol.com\/fr\/prestations-de-service\/"},{"@type":"ListItem","position":3,"name":"Souris","item":"https:\/\/aspenwildlifecontrol.com\/fr\/prestations-de-service\/souris\/"},{"@type":"ListItem","position":4,"name":"Conseils pr\u00e9ventifs pour \u00e9loigner les souris de votre maison \u00e0 Gatineau"}]},{"@type":"WebSite","@id":"https:\/\/aspenwildlifecontrol.com\/fr\/#website","url":"https:\/\/aspenwildlifecontrol.com\/fr\/","name":"Aspen Wildlife Control","description":"Fast, humane wildlife removal in Ottawa-Gatineau \u2014 guaranteed results, 24\/7 service","potentialAction":[{"@type":"SearchAction","target":{"@type":"EntryPoint","urlTemplate":"https:\/\/aspenwildlifecontrol.com\/fr\/?s={search_term_string}"},"query-input":{"@type":"PropertyValueSpecification","valueRequired":true,"valueName":"search_term_string"}}],"inLanguage":"fr-FR"}]}},"_links":{"self":[{"href":"https:\/\/aspenwildlifecontrol.com\/fr\/wp-json\/wp\/v2\/pages\/1175","targetHints":{"allow":["GET"]}}],"collection":[{"href":"https:\/\/aspenwildlifecontrol.com\/fr\/wp-json\/wp\/v2\/pages"}],"about":[{"href":"https:\/\/aspenwildlifecontrol.com\/fr\/wp-json\/wp\/v2\/types\/page"}],"author":[{"embeddable":true,"href":"https:\/\/aspenwildlifecontrol.com\/fr\/wp-json\/wp\/v2\/users\/1"}],"replies":[{"embeddable":true,"href":"https:\/\/aspenwildlifecontrol.com\/fr\/wp-json\/wp\/v2\/comments?post=1175"}],"version-history":[{"count":2,"href":"https:\/\/aspenwildlifecontrol.com\/fr\/wp-json\/wp\/v2\/pages\/1175\/revisions"}],"predecessor-version":[{"id":3102,"href":"https:\/\/aspenwildlifecontrol.com\/fr\/wp-json\/wp\/v2\/pages\/1175\/revisions\/3102"}],"up":[{"embeddable":true,"href":"https:\/\/aspenwildlifecontrol.com\/fr\/wp-json\/wp\/v2\/pages\/976"}],"wp:attachment":[{"href":"https:\/\/aspenwildlifecontrol.com\/fr\/wp-json\/wp\/v2\/media?parent=1175"}],"curies":[{"name":"wp","href":"https:\/\/api.w.org\/{rel}","templated":true}]}}