{"id":1174,"date":"2024-11-06T15:05:12","date_gmt":"2024-11-06T20:05:12","guid":{"rendered":"https:\/\/aspenwildlifecontrol.com\/prestations-de-service\/souris\/capture-sans-cruaute-des-souris-comment-aspen-wildlife-control-gere-les-souris-a-gatineau\/"},"modified":"2025-02-11T10:05:45","modified_gmt":"2025-02-11T15:05:45","slug":"capture-sans-cruaute-des-souris-comment-aspen-wildlife-control-gere-les-souris-a-gatineau","status":"publish","type":"page","link":"https:\/\/aspenwildlifecontrol.com\/fr\/prestations-de-service\/souris\/capture-sans-cruaute-des-souris-comment-aspen-wildlife-control-gere-les-souris-a-gatineau\/","title":{"rendered":"Capture sans cruaut\u00e9 des souris : Comment Aspen Wildlife Control g\u00e8re les souris \u00e0 Gatineau"},"content":{"rendered":"<p><span style=\"font-weight: 400;\">Chez Aspen Wildlife Control, nous privil\u00e9gions des pratiques de capture des souris s\u00fbres et humaines, respectant \u00e0 la fois votre domicile et la faune de Gatineau. Face \u00e0 une infestation de souris, notre \u00e9quipe d\u2019experts en capture de souris \u00e0 Gatineau est l\u00e0 pour g\u00e9rer le probl\u00e8me de mani\u00e8re efficace et \u00e9thique.<\/span><\/p>\n<p><span style=\"font-weight: 400;\">Notre service de capture sans cruaut\u00e9 commence par une inspection approfondie de la propri\u00e9t\u00e9 pour identifier les points d\u2019entr\u00e9e et les zones de nidification. En comprenant le comportement et les mouvements des souris, nous pouvons \u00e9laborer un plan de capture cibl\u00e9 qui capture non seulement les souris pr\u00e9sentes, mais pr\u00e9vient \u00e9galement les invasions futures. Nous utilisons des m\u00e9thodes de capture s\u00fbres et humaines pour retirer les souris sans causer de tort inutile, assurant ainsi une solution efficace et respectueuse.<\/span><\/p>\n<p><span style=\"font-weight: 400;\">Une fois les souris captur\u00e9es, nous mettons l\u2019accent sur des strat\u00e9gies d\u2019exclusion, en s\u00e9curisant tous les points d\u2019entr\u00e9e potentiels pour prot\u00e9ger votre maison. En scellant les fissures, en installant des barri\u00e8res et en recommandant des mesures pr\u00e9ventives, nous nous assurons que votre propri\u00e9t\u00e9 reste sans souris \u00e0 long terme.<\/span><\/p>\n<p><span style=\"font-weight: 400;\">Si vous faites face \u00e0 un probl\u00e8me de souris, faites confiance \u00e0 une \u00e9quipe qui valorise des pratiques humaines et des solutions expertes. Contactez Aspen Wildlife Control d\u00e8s aujourd\u2019hui pour une capture professionnelle des souris \u00e0 Gatineau et profitez de la tranquillit\u00e9 d\u2019esprit qu\u2019offre une approche s\u00e9curis\u00e9e, compl\u00e8te et respectueuse de la gestion de la faune.<\/span><\/p>\n","protected":false},"excerpt":{"rendered":"<p>Chez Aspen Wildlife Control, nous privil\u00e9gions des pratiques de capture des souris s\u00fbres et humaines, respectant \u00e0 la fois votre domicile et la faune de Gatineau. Face \u00e0 une infestation de souris, notre \u00e9quipe d\u2019experts en capture de souris \u00e0 Gatineau est l\u00e0 pour g\u00e9rer le probl\u00e8me de mani\u00e8re efficace et \u00e9thique. Notre service de&hellip; <a class=\"more-link\" href=\"https:\/\/aspenwildlifecontrol.com\/fr\/prestations-de-service\/souris\/capture-sans-cruaute-des-souris-comment-aspen-wildlife-control-gere-les-souris-a-gatineau\/\">Poursuivre la lecture <span class=\"screen-reader-text\">Capture sans cruaut\u00e9 des souris : Comment Aspen Wildlife Control g\u00e8re les souris \u00e0 Gatineau<\/span><\/a><\/p>\n","protected":false},"author":1,"featured_media":0,"parent":976,"menu_order":0,"comment_status":"closed","ping_status":"closed","template":"","meta":{"_acf_changed":false,"footnotes":""},"class_list":["post-1174","page","type-page","status-publish","hentry","entry"],"acf":[],"yoast_head":"<!-- This site is optimized with the Yoast SEO Premium plugin v26.8 (Yoast SEO v27.4) - https:\/\/yoast.com\/product\/yoast-seo-premium-wordpress\/ -->\n<title>Capture Sans Cruaut\u00e9 des Souris \u00e0 Gatineau<\/title>\n<meta name=\"description\" content=\"Aspen Wildlife Control utilise des m\u00e9thodes de capture sans cruaut\u00e9 pour g\u00e9rer les souris \u00e0 Gatineau, offrant des solutions s\u00fbres et humaines pour prot\u00e9ger votre maison.\" \/>\n<meta name=\"robots\" content=\"index, follow, max-snippet:-1, max-image-preview:large, max-video-preview:-1\" \/>\n<link rel=\"canonical\" href=\"https:\/\/aspenwildlifecontrol.com\/fr\/prestations-de-service\/souris\/capture-sans-cruaute-des-souris-comment-aspen-wildlife-control-gere-les-souris-a-gatineau\/\" \/>\n<meta property=\"og:locale\" content=\"fr_FR\" \/>\n<meta property=\"og:type\" content=\"article\" \/>\n<meta property=\"og:title\" content=\"Capture sans cruaut\u00e9 des souris : Comment Aspen Wildlife Control g\u00e8re les souris \u00e0 Gatineau\" \/>\n<meta property=\"og:description\" content=\"Aspen Wildlife Control utilise des m\u00e9thodes de capture sans cruaut\u00e9 pour g\u00e9rer les souris \u00e0 Gatineau, offrant des solutions s\u00fbres et humaines pour prot\u00e9ger votre maison.\" \/>\n<meta property=\"og:url\" content=\"https:\/\/aspenwildlifecontrol.com\/fr\/prestations-de-service\/souris\/capture-sans-cruaute-des-souris-comment-aspen-wildlife-control-gere-les-souris-a-gatineau\/\" \/>\n<meta property=\"og:site_name\" content=\"Aspen Wildlife Control\" \/>\n<meta property=\"article:modified_time\" content=\"2025-02-11T15:05:45+00:00\" \/>\n<meta name=\"twitter:card\" content=\"summary_large_image\" \/>\n<meta name=\"twitter:label1\" content=\"Dur\u00e9e de lecture estim\u00e9e\" \/>\n\t<meta name=\"twitter:data1\" content=\"2 minutes\" \/>\n<script type=\"application\/ld+json\" class=\"yoast-schema-graph\">{\"@context\":\"https:\\\/\\\/schema.org\",\"@graph\":[{\"@type\":\"WebPage\",\"@id\":\"https:\\\/\\\/aspenwildlifecontrol.com\\\/fr\\\/prestations-de-service\\\/souris\\\/capture-sans-cruaute-des-souris-comment-aspen-wildlife-control-gere-les-souris-a-gatineau\\\/\",\"url\":\"https:\\\/\\\/aspenwildlifecontrol.com\\\/fr\\\/prestations-de-service\\\/souris\\\/capture-sans-cruaute-des-souris-comment-aspen-wildlife-control-gere-les-souris-a-gatineau\\\/\",\"name\":\"Capture Sans Cruaut\u00e9 des Souris \u00e0 Gatineau\",\"isPartOf\":{\"@id\":\"https:\\\/\\\/aspenwildlifecontrol.com\\\/fr\\\/#website\"},\"datePublished\":\"2024-11-06T20:05:12+00:00\",\"dateModified\":\"2025-02-11T15:05:45+00:00\",\"description\":\"Aspen Wildlife Control utilise des m\u00e9thodes de capture sans cruaut\u00e9 pour g\u00e9rer les souris \u00e0 Gatineau, offrant des solutions s\u00fbres et humaines pour prot\u00e9ger votre maison.\",\"breadcrumb\":{\"@id\":\"https:\\\/\\\/aspenwildlifecontrol.com\\\/fr\\\/prestations-de-service\\\/souris\\\/capture-sans-cruaute-des-souris-comment-aspen-wildlife-control-gere-les-souris-a-gatineau\\\/#breadcrumb\"},\"inLanguage\":\"fr-FR\",\"potentialAction\":[{\"@type\":\"ReadAction\",\"target\":[\"https:\\\/\\\/aspenwildlifecontrol.com\\\/fr\\\/prestations-de-service\\\/souris\\\/capture-sans-cruaute-des-souris-comment-aspen-wildlife-control-gere-les-souris-a-gatineau\\\/\"]}]},{\"@type\":\"BreadcrumbList\",\"@id\":\"https:\\\/\\\/aspenwildlifecontrol.com\\\/fr\\\/prestations-de-service\\\/souris\\\/capture-sans-cruaute-des-souris-comment-aspen-wildlife-control-gere-les-souris-a-gatineau\\\/#breadcrumb\",\"itemListElement\":[{\"@type\":\"ListItem\",\"position\":1,\"name\":\"Home\",\"item\":\"https:\\\/\\\/aspenwildlifecontrol.com\\\/fr\\\/\"},{\"@type\":\"ListItem\",\"position\":2,\"name\":\"Service control animal\",\"item\":\"https:\\\/\\\/aspenwildlifecontrol.com\\\/fr\\\/prestations-de-service\\\/\"},{\"@type\":\"ListItem\",\"position\":3,\"name\":\"Souris\",\"item\":\"https:\\\/\\\/aspenwildlifecontrol.com\\\/fr\\\/prestations-de-service\\\/souris\\\/\"},{\"@type\":\"ListItem\",\"position\":4,\"name\":\"Capture sans cruaut\u00e9 des souris : Comment Aspen Wildlife Control g\u00e8re les souris \u00e0 Gatineau\"}]},{\"@type\":\"WebSite\",\"@id\":\"https:\\\/\\\/aspenwildlifecontrol.com\\\/fr\\\/#website\",\"url\":\"https:\\\/\\\/aspenwildlifecontrol.com\\\/fr\\\/\",\"name\":\"Aspen Wildlife Control\",\"description\":\"Fast, humane wildlife removal in Ottawa-Gatineau \u2014 guaranteed results, 24\\\/7 service\",\"potentialAction\":[{\"@type\":\"SearchAction\",\"target\":{\"@type\":\"EntryPoint\",\"urlTemplate\":\"https:\\\/\\\/aspenwildlifecontrol.com\\\/fr\\\/?s={search_term_string}\"},\"query-input\":{\"@type\":\"PropertyValueSpecification\",\"valueRequired\":true,\"valueName\":\"search_term_string\"}}],\"inLanguage\":\"fr-FR\"}]}<\/script>\n<!-- \/ Yoast SEO Premium plugin. -->","yoast_head_json":{"title":"Capture Sans Cruaut\u00e9 des Souris \u00e0 Gatineau","description":"Aspen Wildlife Control utilise des m\u00e9thodes de capture sans cruaut\u00e9 pour g\u00e9rer les souris \u00e0 Gatineau, offrant des solutions s\u00fbres et humaines pour prot\u00e9ger votre maison.","robots":{"index":"index","follow":"follow","max-snippet":"max-snippet:-1","max-image-preview":"max-image-preview:large","max-video-preview":"max-video-preview:-1"},"canonical":"https:\/\/aspenwildlifecontrol.com\/fr\/prestations-de-service\/souris\/capture-sans-cruaute-des-souris-comment-aspen-wildlife-control-gere-les-souris-a-gatineau\/","og_locale":"fr_FR","og_type":"article","og_title":"Capture sans cruaut\u00e9 des souris : Comment Aspen Wildlife Control g\u00e8re les souris \u00e0 Gatineau","og_description":"Aspen Wildlife Control utilise des m\u00e9thodes de capture sans cruaut\u00e9 pour g\u00e9rer les souris \u00e0 Gatineau, offrant des solutions s\u00fbres et humaines pour prot\u00e9ger votre maison.","og_url":"https:\/\/aspenwildlifecontrol.com\/fr\/prestations-de-service\/souris\/capture-sans-cruaute-des-souris-comment-aspen-wildlife-control-gere-les-souris-a-gatineau\/","og_site_name":"Aspen Wildlife Control","article_modified_time":"2025-02-11T15:05:45+00:00","twitter_card":"summary_large_image","twitter_misc":{"Dur\u00e9e de lecture estim\u00e9e":"2 minutes"},"schema":{"@context":"https:\/\/schema.org","@graph":[{"@type":"WebPage","@id":"https:\/\/aspenwildlifecontrol.com\/fr\/prestations-de-service\/souris\/capture-sans-cruaute-des-souris-comment-aspen-wildlife-control-gere-les-souris-a-gatineau\/","url":"https:\/\/aspenwildlifecontrol.com\/fr\/prestations-de-service\/souris\/capture-sans-cruaute-des-souris-comment-aspen-wildlife-control-gere-les-souris-a-gatineau\/","name":"Capture Sans Cruaut\u00e9 des Souris \u00e0 Gatineau","isPartOf":{"@id":"https:\/\/aspenwildlifecontrol.com\/fr\/#website"},"datePublished":"2024-11-06T20:05:12+00:00","dateModified":"2025-02-11T15:05:45+00:00","description":"Aspen Wildlife Control utilise des m\u00e9thodes de capture sans cruaut\u00e9 pour g\u00e9rer les souris \u00e0 Gatineau, offrant des solutions s\u00fbres et humaines pour prot\u00e9ger votre maison.","breadcrumb":{"@id":"https:\/\/aspenwildlifecontrol.com\/fr\/prestations-de-service\/souris\/capture-sans-cruaute-des-souris-comment-aspen-wildlife-control-gere-les-souris-a-gatineau\/#breadcrumb"},"inLanguage":"fr-FR","potentialAction":[{"@type":"ReadAction","target":["https:\/\/aspenwildlifecontrol.com\/fr\/prestations-de-service\/souris\/capture-sans-cruaute-des-souris-comment-aspen-wildlife-control-gere-les-souris-a-gatineau\/"]}]},{"@type":"BreadcrumbList","@id":"https:\/\/aspenwildlifecontrol.com\/fr\/prestations-de-service\/souris\/capture-sans-cruaute-des-souris-comment-aspen-wildlife-control-gere-les-souris-a-gatineau\/#breadcrumb","itemListElement":[{"@type":"ListItem","position":1,"name":"Home","item":"https:\/\/aspenwildlifecontrol.com\/fr\/"},{"@type":"ListItem","position":2,"name":"Service control animal","item":"https:\/\/aspenwildlifecontrol.com\/fr\/prestations-de-service\/"},{"@type":"ListItem","position":3,"name":"Souris","item":"https:\/\/aspenwildlifecontrol.com\/fr\/prestations-de-service\/souris\/"},{"@type":"ListItem","position":4,"name":"Capture sans cruaut\u00e9 des souris : Comment Aspen Wildlife Control g\u00e8re les souris \u00e0 Gatineau"}]},{"@type":"WebSite","@id":"https:\/\/aspenwildlifecontrol.com\/fr\/#website","url":"https:\/\/aspenwildlifecontrol.com\/fr\/","name":"Aspen Wildlife Control","description":"Fast, humane wildlife removal in Ottawa-Gatineau \u2014 guaranteed results, 24\/7 service","potentialAction":[{"@type":"SearchAction","target":{"@type":"EntryPoint","urlTemplate":"https:\/\/aspenwildlifecontrol.com\/fr\/?s={search_term_string}"},"query-input":{"@type":"PropertyValueSpecification","valueRequired":true,"valueName":"search_term_string"}}],"inLanguage":"fr-FR"}]}},"_links":{"self":[{"href":"https:\/\/aspenwildlifecontrol.com\/fr\/wp-json\/wp\/v2\/pages\/1174","targetHints":{"allow":["GET"]}}],"collection":[{"href":"https:\/\/aspenwildlifecontrol.com\/fr\/wp-json\/wp\/v2\/pages"}],"about":[{"href":"https:\/\/aspenwildlifecontrol.com\/fr\/wp-json\/wp\/v2\/types\/page"}],"author":[{"embeddable":true,"href":"https:\/\/aspenwildlifecontrol.com\/fr\/wp-json\/wp\/v2\/users\/1"}],"replies":[{"embeddable":true,"href":"https:\/\/aspenwildlifecontrol.com\/fr\/wp-json\/wp\/v2\/comments?post=1174"}],"version-history":[{"count":2,"href":"https:\/\/aspenwildlifecontrol.com\/fr\/wp-json\/wp\/v2\/pages\/1174\/revisions"}],"predecessor-version":[{"id":3098,"href":"https:\/\/aspenwildlifecontrol.com\/fr\/wp-json\/wp\/v2\/pages\/1174\/revisions\/3098"}],"up":[{"embeddable":true,"href":"https:\/\/aspenwildlifecontrol.com\/fr\/wp-json\/wp\/v2\/pages\/976"}],"wp:attachment":[{"href":"https:\/\/aspenwildlifecontrol.com\/fr\/wp-json\/wp\/v2\/media?parent=1174"}],"curies":[{"name":"wp","href":"https:\/\/api.w.org\/{rel}","templated":true}]}}