{"id":1173,"date":"2024-11-06T15:02:00","date_gmt":"2024-11-06T20:02:00","guid":{"rendered":"https:\/\/aspenwildlifecontrol.com\/prestations-de-service\/souris\/les-risques-pour-la-sante-dune-infestation-de-souris-dans-les-maisons-de-gatineau\/"},"modified":"2025-02-11T10:18:10","modified_gmt":"2025-02-11T15:18:10","slug":"les-risques-pour-la-sante-dune-infestation-de-souris-dans-les-maisons-de-gatineau","status":"publish","type":"page","link":"https:\/\/aspenwildlifecontrol.com\/fr\/prestations-de-service\/souris\/les-risques-pour-la-sante-dune-infestation-de-souris-dans-les-maisons-de-gatineau\/","title":{"rendered":"Les risques pour la sant\u00e9 d&rsquo;une infestation de souris dans les maisons de Gatineau"},"content":{"rendered":"<p><span style=\"font-weight: 400;\">Une infestation de souris dans votre maison \u00e0 Gatineau pr\u00e9sente des risques importants pour la sant\u00e9, ce qui rend une intervention imm\u00e9diate essentielle. Les souris sont porteuses de diverses maladies, comme le hantavirus, la leptospirose et la salmonellose, qui peuvent se transmettre aux humains par leurs excr\u00e9ments, leur urine et leur salive. En se d\u00e9pla\u00e7ant dans votre maison, les souris peuvent contaminer les sources de nourriture et les surfaces, mettant en danger la sant\u00e9 de votre famille. M\u00eame un contact indirect avec leurs excr\u00e9ments peut entra\u00eener des probl\u00e8mes de sant\u00e9 graves.<\/span><\/p>\n<p><span style=\"font-weight: 400;\">De plus, les souris introduisent souvent des parasites comme les puces et les tiques dans la maison, qui peuvent transmettre des maladies suppl\u00e9mentaires aux humains et aux animaux de compagnie. Leur tendance \u00e0 ronger constamment l&rsquo;isolation, les fils \u00e9lectriques et d&rsquo;autres mat\u00e9riaux peut \u00e9galement cr\u00e9er des conditions dangereuses, notamment un risque accru d&rsquo;incendie caus\u00e9 par des fils endommag\u00e9s.<\/span><\/p>\n<p><span style=\"font-weight: 400;\">Si vous remarquez des signes d&rsquo;infestation de souris, comme des excr\u00e9ments ou des bruits de grattement, il est crucial de contacter rapidement un expert en capture de souris \u00e0 Gatineau. Aspen Wildlife Control propose un service de capture de souris complet, ax\u00e9 \u00e0 la fois sur la capture des souris pr\u00e9sents et la s\u00e9curisation de votre propri\u00e9t\u00e9 pour pr\u00e9venir de futures infestations.<\/span><\/p>\n<p><span style=\"font-weight: 400;\">Prot\u00e9gez la sant\u00e9 et la s\u00e9curit\u00e9 de votre famille en traitant rapidement un probl\u00e8me de souris. Contactez Aspen Wildlife Control d\u00e8s aujourd&rsquo;hui pour une capture professionnelle et humaine des souris \u00e0 Gatineau et assurez-vous d&rsquo;un environnement domestique s\u00fbr et propre.<\/span><\/p>\n","protected":false},"excerpt":{"rendered":"<p>Une infestation de souris dans votre maison \u00e0 Gatineau pr\u00e9sente des risques importants pour la sant\u00e9, ce qui rend une intervention imm\u00e9diate essentielle. Les souris sont porteuses de diverses maladies, comme le hantavirus, la leptospirose et la salmonellose, qui peuvent se transmettre aux humains par leurs excr\u00e9ments, leur urine et leur salive. En se d\u00e9pla\u00e7ant&hellip; <a class=\"more-link\" href=\"https:\/\/aspenwildlifecontrol.com\/fr\/prestations-de-service\/souris\/les-risques-pour-la-sante-dune-infestation-de-souris-dans-les-maisons-de-gatineau\/\">Poursuivre la lecture <span class=\"screen-reader-text\">Les risques pour la sant\u00e9 d&rsquo;une infestation de souris dans les maisons de Gatineau<\/span><\/a><\/p>\n","protected":false},"author":1,"featured_media":0,"parent":976,"menu_order":0,"comment_status":"closed","ping_status":"closed","template":"","meta":{"_acf_changed":false,"footnotes":""},"class_list":["post-1173","page","type-page","status-publish","hentry","entry"],"acf":{"content":null,"cta_custom":"<h5>Services sur demande<\/h5>\r\nVous avez besoin de services\u00a0Souris\u00a0\u00e0 Ottawa-Gatineau ?\u00a0 <a href=\"https:\/\/aspenwildlifecontrol.com\/fr\/contact\/\">Contactez-nous<\/a>","schema":""},"yoast_head":"<!-- This site is optimized with the Yoast SEO Premium plugin v26.8 (Yoast SEO v27.5) - https:\/\/yoast.com\/product\/yoast-seo-premium-wordpress\/ -->\n<title>Risques pour la Sant\u00e9 d&#039;une Infestation de Souris \u00e0 Gatineau<\/title>\n<meta name=\"description\" content=\"Une infestation de souris peut poser des risques pour la sant\u00e9. D\u00e9couvrez les dangers pour les r\u00e9sidents de Gatineau et comment prot\u00e9ger votre maison.\" \/>\n<meta name=\"robots\" content=\"index, follow, max-snippet:-1, max-image-preview:large, max-video-preview:-1\" \/>\n<link rel=\"canonical\" href=\"https:\/\/aspenwildlifecontrol.com\/fr\/prestations-de-service\/souris\/les-risques-pour-la-sante-dune-infestation-de-souris-dans-les-maisons-de-gatineau\/\" \/>\n<meta property=\"og:locale\" content=\"fr_FR\" \/>\n<meta property=\"og:type\" content=\"article\" \/>\n<meta property=\"og:title\" content=\"Les risques pour la sant\u00e9 d&#039;une infestation de souris dans les maisons de Gatineau\" \/>\n<meta property=\"og:description\" content=\"Une infestation de souris peut poser des risques pour la sant\u00e9. D\u00e9couvrez les dangers pour les r\u00e9sidents de Gatineau et comment prot\u00e9ger votre maison.\" \/>\n<meta property=\"og:url\" content=\"https:\/\/aspenwildlifecontrol.com\/fr\/prestations-de-service\/souris\/les-risques-pour-la-sante-dune-infestation-de-souris-dans-les-maisons-de-gatineau\/\" \/>\n<meta property=\"og:site_name\" content=\"Aspen Wildlife Control\" \/>\n<meta property=\"article:modified_time\" content=\"2025-02-11T15:18:10+00:00\" \/>\n<meta name=\"twitter:card\" content=\"summary_large_image\" \/>\n<meta name=\"twitter:label1\" content=\"Dur\u00e9e de lecture estim\u00e9e\" \/>\n\t<meta name=\"twitter:data1\" content=\"2 minutes\" \/>\n<script type=\"application\/ld+json\" class=\"yoast-schema-graph\">{\"@context\":\"https:\\\/\\\/schema.org\",\"@graph\":[{\"@type\":\"WebPage\",\"@id\":\"https:\\\/\\\/aspenwildlifecontrol.com\\\/fr\\\/prestations-de-service\\\/souris\\\/les-risques-pour-la-sante-dune-infestation-de-souris-dans-les-maisons-de-gatineau\\\/\",\"url\":\"https:\\\/\\\/aspenwildlifecontrol.com\\\/fr\\\/prestations-de-service\\\/souris\\\/les-risques-pour-la-sante-dune-infestation-de-souris-dans-les-maisons-de-gatineau\\\/\",\"name\":\"Risques pour la Sant\u00e9 d'une Infestation de Souris \u00e0 Gatineau\",\"isPartOf\":{\"@id\":\"https:\\\/\\\/aspenwildlifecontrol.com\\\/fr\\\/#website\"},\"datePublished\":\"2024-11-06T20:02:00+00:00\",\"dateModified\":\"2025-02-11T15:18:10+00:00\",\"description\":\"Une infestation de souris peut poser des risques pour la sant\u00e9. D\u00e9couvrez les dangers pour les r\u00e9sidents de Gatineau et comment prot\u00e9ger votre maison.\",\"breadcrumb\":{\"@id\":\"https:\\\/\\\/aspenwildlifecontrol.com\\\/fr\\\/prestations-de-service\\\/souris\\\/les-risques-pour-la-sante-dune-infestation-de-souris-dans-les-maisons-de-gatineau\\\/#breadcrumb\"},\"inLanguage\":\"fr-FR\",\"potentialAction\":[{\"@type\":\"ReadAction\",\"target\":[\"https:\\\/\\\/aspenwildlifecontrol.com\\\/fr\\\/prestations-de-service\\\/souris\\\/les-risques-pour-la-sante-dune-infestation-de-souris-dans-les-maisons-de-gatineau\\\/\"]}]},{\"@type\":\"BreadcrumbList\",\"@id\":\"https:\\\/\\\/aspenwildlifecontrol.com\\\/fr\\\/prestations-de-service\\\/souris\\\/les-risques-pour-la-sante-dune-infestation-de-souris-dans-les-maisons-de-gatineau\\\/#breadcrumb\",\"itemListElement\":[{\"@type\":\"ListItem\",\"position\":1,\"name\":\"Home\",\"item\":\"https:\\\/\\\/aspenwildlifecontrol.com\\\/fr\\\/\"},{\"@type\":\"ListItem\",\"position\":2,\"name\":\"Service control animal\",\"item\":\"https:\\\/\\\/aspenwildlifecontrol.com\\\/fr\\\/prestations-de-service\\\/\"},{\"@type\":\"ListItem\",\"position\":3,\"name\":\"Souris\",\"item\":\"https:\\\/\\\/aspenwildlifecontrol.com\\\/fr\\\/prestations-de-service\\\/souris\\\/\"},{\"@type\":\"ListItem\",\"position\":4,\"name\":\"Les risques pour la sant\u00e9 d&rsquo;une infestation de souris dans les maisons de Gatineau\"}]},{\"@type\":\"WebSite\",\"@id\":\"https:\\\/\\\/aspenwildlifecontrol.com\\\/fr\\\/#website\",\"url\":\"https:\\\/\\\/aspenwildlifecontrol.com\\\/fr\\\/\",\"name\":\"Aspen Wildlife Control\",\"description\":\"Fast, humane wildlife removal in Ottawa-Gatineau \u2014 guaranteed results, 24\\\/7 service\",\"potentialAction\":[{\"@type\":\"SearchAction\",\"target\":{\"@type\":\"EntryPoint\",\"urlTemplate\":\"https:\\\/\\\/aspenwildlifecontrol.com\\\/fr\\\/?s={search_term_string}\"},\"query-input\":{\"@type\":\"PropertyValueSpecification\",\"valueRequired\":true,\"valueName\":\"search_term_string\"}}],\"inLanguage\":\"fr-FR\"}]}<\/script>\n<!-- \/ Yoast SEO Premium plugin. -->","yoast_head_json":{"title":"Risques pour la Sant\u00e9 d'une Infestation de Souris \u00e0 Gatineau","description":"Une infestation de souris peut poser des risques pour la sant\u00e9. D\u00e9couvrez les dangers pour les r\u00e9sidents de Gatineau et comment prot\u00e9ger votre maison.","robots":{"index":"index","follow":"follow","max-snippet":"max-snippet:-1","max-image-preview":"max-image-preview:large","max-video-preview":"max-video-preview:-1"},"canonical":"https:\/\/aspenwildlifecontrol.com\/fr\/prestations-de-service\/souris\/les-risques-pour-la-sante-dune-infestation-de-souris-dans-les-maisons-de-gatineau\/","og_locale":"fr_FR","og_type":"article","og_title":"Les risques pour la sant\u00e9 d'une infestation de souris dans les maisons de Gatineau","og_description":"Une infestation de souris peut poser des risques pour la sant\u00e9. D\u00e9couvrez les dangers pour les r\u00e9sidents de Gatineau et comment prot\u00e9ger votre maison.","og_url":"https:\/\/aspenwildlifecontrol.com\/fr\/prestations-de-service\/souris\/les-risques-pour-la-sante-dune-infestation-de-souris-dans-les-maisons-de-gatineau\/","og_site_name":"Aspen Wildlife Control","article_modified_time":"2025-02-11T15:18:10+00:00","twitter_card":"summary_large_image","twitter_misc":{"Dur\u00e9e de lecture estim\u00e9e":"2 minutes"},"schema":{"@context":"https:\/\/schema.org","@graph":[{"@type":"WebPage","@id":"https:\/\/aspenwildlifecontrol.com\/fr\/prestations-de-service\/souris\/les-risques-pour-la-sante-dune-infestation-de-souris-dans-les-maisons-de-gatineau\/","url":"https:\/\/aspenwildlifecontrol.com\/fr\/prestations-de-service\/souris\/les-risques-pour-la-sante-dune-infestation-de-souris-dans-les-maisons-de-gatineau\/","name":"Risques pour la Sant\u00e9 d'une Infestation de Souris \u00e0 Gatineau","isPartOf":{"@id":"https:\/\/aspenwildlifecontrol.com\/fr\/#website"},"datePublished":"2024-11-06T20:02:00+00:00","dateModified":"2025-02-11T15:18:10+00:00","description":"Une infestation de souris peut poser des risques pour la sant\u00e9. D\u00e9couvrez les dangers pour les r\u00e9sidents de Gatineau et comment prot\u00e9ger votre maison.","breadcrumb":{"@id":"https:\/\/aspenwildlifecontrol.com\/fr\/prestations-de-service\/souris\/les-risques-pour-la-sante-dune-infestation-de-souris-dans-les-maisons-de-gatineau\/#breadcrumb"},"inLanguage":"fr-FR","potentialAction":[{"@type":"ReadAction","target":["https:\/\/aspenwildlifecontrol.com\/fr\/prestations-de-service\/souris\/les-risques-pour-la-sante-dune-infestation-de-souris-dans-les-maisons-de-gatineau\/"]}]},{"@type":"BreadcrumbList","@id":"https:\/\/aspenwildlifecontrol.com\/fr\/prestations-de-service\/souris\/les-risques-pour-la-sante-dune-infestation-de-souris-dans-les-maisons-de-gatineau\/#breadcrumb","itemListElement":[{"@type":"ListItem","position":1,"name":"Home","item":"https:\/\/aspenwildlifecontrol.com\/fr\/"},{"@type":"ListItem","position":2,"name":"Service control animal","item":"https:\/\/aspenwildlifecontrol.com\/fr\/prestations-de-service\/"},{"@type":"ListItem","position":3,"name":"Souris","item":"https:\/\/aspenwildlifecontrol.com\/fr\/prestations-de-service\/souris\/"},{"@type":"ListItem","position":4,"name":"Les risques pour la sant\u00e9 d&rsquo;une infestation de souris dans les maisons de Gatineau"}]},{"@type":"WebSite","@id":"https:\/\/aspenwildlifecontrol.com\/fr\/#website","url":"https:\/\/aspenwildlifecontrol.com\/fr\/","name":"Aspen Wildlife Control","description":"Fast, humane wildlife removal in Ottawa-Gatineau \u2014 guaranteed results, 24\/7 service","potentialAction":[{"@type":"SearchAction","target":{"@type":"EntryPoint","urlTemplate":"https:\/\/aspenwildlifecontrol.com\/fr\/?s={search_term_string}"},"query-input":{"@type":"PropertyValueSpecification","valueRequired":true,"valueName":"search_term_string"}}],"inLanguage":"fr-FR"}]}},"_links":{"self":[{"href":"https:\/\/aspenwildlifecontrol.com\/fr\/wp-json\/wp\/v2\/pages\/1173","targetHints":{"allow":["GET"]}}],"collection":[{"href":"https:\/\/aspenwildlifecontrol.com\/fr\/wp-json\/wp\/v2\/pages"}],"about":[{"href":"https:\/\/aspenwildlifecontrol.com\/fr\/wp-json\/wp\/v2\/types\/page"}],"author":[{"embeddable":true,"href":"https:\/\/aspenwildlifecontrol.com\/fr\/wp-json\/wp\/v2\/users\/1"}],"replies":[{"embeddable":true,"href":"https:\/\/aspenwildlifecontrol.com\/fr\/wp-json\/wp\/v2\/comments?post=1173"}],"version-history":[{"count":2,"href":"https:\/\/aspenwildlifecontrol.com\/fr\/wp-json\/wp\/v2\/pages\/1173\/revisions"}],"predecessor-version":[{"id":3111,"href":"https:\/\/aspenwildlifecontrol.com\/fr\/wp-json\/wp\/v2\/pages\/1173\/revisions\/3111"}],"up":[{"embeddable":true,"href":"https:\/\/aspenwildlifecontrol.com\/fr\/wp-json\/wp\/v2\/pages\/976"}],"wp:attachment":[{"href":"https:\/\/aspenwildlifecontrol.com\/fr\/wp-json\/wp\/v2\/media?parent=1173"}],"curies":[{"name":"wp","href":"https:\/\/api.w.org\/{rel}","templated":true}]}}