{"id":1172,"date":"2024-11-06T14:48:25","date_gmt":"2024-11-06T19:48:25","guid":{"rendered":"https:\/\/aspenwildlifecontrol.com\/prestations-de-service\/souris\/comprendre-le-comportement-des-souris-pourquoi-elles-envahissent-les-proprietes-a-gatineau\/"},"modified":"2025-02-11T10:08:00","modified_gmt":"2025-02-11T15:08:00","slug":"comprendre-le-comportement-des-souris-pourquoi-elles-envahissent-les-proprietes-a-gatineau","status":"publish","type":"page","link":"https:\/\/aspenwildlifecontrol.com\/fr\/prestations-de-service\/souris\/comprendre-le-comportement-des-souris-pourquoi-elles-envahissent-les-proprietes-a-gatineau\/","title":{"rendered":"Comprendre le comportement des souris : Pourquoi elles envahissent les propri\u00e9t\u00e9s \u00e0 Gatineau"},"content":{"rendered":"<p>Comprendre pourquoi les souris envahissent les propri\u00e9t\u00e9s \u00e0 Gatineau est essentiel pour les en \u00e9loigner. Les souris recherchent un abri, de la nourriture et de la chaleur, ce qui rend les maisons et les entreprises de Gatineau id\u00e9ales, surtout pendant les mois plus froids. Ces petits rongeurs peuvent se faufiler dans des ouvertures aussi petites qu\u2019une pi\u00e8ce de dix cents, leur donnant un acc\u00e8s facile \u00e0 la chaleur et aux provisions de votre maison.<\/p>\n<p>Une fois \u00e0 l\u2019int\u00e9rieur, les souris explorent des espaces tels que les cuisines, les sous-sols et les greniers, utilisant leur odorat pour localiser nourriture et sites de nidification. Elles nichent souvent dans des endroits cach\u00e9s comme les cavit\u00e9s murales et les espaces de rangement, o\u00f9 elles peuvent se reproduire rapidement, menant \u00e0 une infestation compl\u00e8te en quelques semaines. Comprendre les comportements qui attirent les souris dans votre propri\u00e9t\u00e9 est la premi\u00e8re \u00e9tape pour les en \u00e9loigner efficacement.<\/p>\n<p>Cependant, les efforts de DIY peuvent \u00eatre difficiles et souvent inefficaces \u00e0 long terme. Pour une solution s\u00fbre et compl\u00e8te, faites confiance \u00e0 un expert en capture de souris \u00e0 Gatineau comme Aspen Wildlife Control. Notre service de capture de souris cible les points d\u2019entr\u00e9e et les zones de nidification, prot\u00e9geant efficacement votre propri\u00e9t\u00e9 des invasions r\u00e9p\u00e9t\u00e9es.<\/p>\n<p>Ne laissez pas une infestation se d\u00e9velopper \u2013 contactez Aspen Wildlife Control d\u00e8s aujourd\u2019hui pour une capture professionnelle des souris \u00e0 Gatineau et gardez votre maison ou entreprise sans souris toute l\u2019ann\u00e9e !<\/p>\n","protected":false},"excerpt":{"rendered":"<p>Comprendre pourquoi les souris envahissent les propri\u00e9t\u00e9s \u00e0 Gatineau est essentiel pour les en \u00e9loigner. Les souris recherchent un abri, de la nourriture et de la chaleur, ce qui rend les maisons et les entreprises de Gatineau id\u00e9ales, surtout pendant les mois plus froids. Ces petits rongeurs peuvent se faufiler dans des ouvertures aussi petites&hellip; <a class=\"more-link\" href=\"https:\/\/aspenwildlifecontrol.com\/fr\/prestations-de-service\/souris\/comprendre-le-comportement-des-souris-pourquoi-elles-envahissent-les-proprietes-a-gatineau\/\">Poursuivre la lecture <span class=\"screen-reader-text\">Comprendre le comportement des souris : Pourquoi elles envahissent les propri\u00e9t\u00e9s \u00e0 Gatineau<\/span><\/a><\/p>\n","protected":false},"author":1,"featured_media":0,"parent":976,"menu_order":0,"comment_status":"closed","ping_status":"closed","template":"","meta":{"_acf_changed":false,"footnotes":""},"class_list":["post-1172","page","type-page","status-publish","hentry","entry"],"acf":{"content":null,"cta_custom":"<h5>Services sur demande<\/h5>\r\nVous avez besoin de services\u00a0Souris\u00a0\u00e0 Ottawa-Gatineau ?\u00a0 <a href=\"https:\/\/aspenwildlifecontrol.com\/fr\/contact\/\">Contactez-nous<\/a>","schema":""},"yoast_head":"<!-- This site is optimized with the Yoast SEO Premium plugin v26.8 (Yoast SEO v27.5) - https:\/\/yoast.com\/product\/yoast-seo-premium-wordpress\/ -->\n<title>Comprendre le Comportement des Souris \u00e0 Gatineau<\/title>\n<meta name=\"description\" content=\"D\u00e9couvrez pourquoi les souris envahissent les propri\u00e9t\u00e9s \u00e0 Gatineau et comment leur comportement peut affecter votre maison. Solutions et conseils d&#039;experts.\" \/>\n<meta name=\"robots\" content=\"index, follow, max-snippet:-1, max-image-preview:large, max-video-preview:-1\" \/>\n<link rel=\"canonical\" href=\"https:\/\/aspenwildlifecontrol.com\/fr\/prestations-de-service\/souris\/comprendre-le-comportement-des-souris-pourquoi-elles-envahissent-les-proprietes-a-gatineau\/\" \/>\n<meta property=\"og:locale\" content=\"fr_FR\" \/>\n<meta property=\"og:type\" content=\"article\" \/>\n<meta property=\"og:title\" content=\"Comprendre le comportement des souris : Pourquoi elles envahissent les propri\u00e9t\u00e9s \u00e0 Gatineau\" \/>\n<meta property=\"og:description\" content=\"D\u00e9couvrez pourquoi les souris envahissent les propri\u00e9t\u00e9s \u00e0 Gatineau et comment leur comportement peut affecter votre maison. Solutions et conseils d&#039;experts.\" \/>\n<meta property=\"og:url\" content=\"https:\/\/aspenwildlifecontrol.com\/fr\/prestations-de-service\/souris\/comprendre-le-comportement-des-souris-pourquoi-elles-envahissent-les-proprietes-a-gatineau\/\" \/>\n<meta property=\"og:site_name\" content=\"Aspen Wildlife Control\" \/>\n<meta property=\"article:modified_time\" content=\"2025-02-11T15:08:00+00:00\" \/>\n<meta name=\"twitter:card\" content=\"summary_large_image\" \/>\n<meta name=\"twitter:label1\" content=\"Dur\u00e9e de lecture estim\u00e9e\" \/>\n\t<meta name=\"twitter:data1\" content=\"2 minutes\" \/>\n<script type=\"application\/ld+json\" class=\"yoast-schema-graph\">{\"@context\":\"https:\\\/\\\/schema.org\",\"@graph\":[{\"@type\":\"WebPage\",\"@id\":\"https:\\\/\\\/aspenwildlifecontrol.com\\\/fr\\\/prestations-de-service\\\/souris\\\/comprendre-le-comportement-des-souris-pourquoi-elles-envahissent-les-proprietes-a-gatineau\\\/\",\"url\":\"https:\\\/\\\/aspenwildlifecontrol.com\\\/fr\\\/prestations-de-service\\\/souris\\\/comprendre-le-comportement-des-souris-pourquoi-elles-envahissent-les-proprietes-a-gatineau\\\/\",\"name\":\"Comprendre le Comportement des Souris \u00e0 Gatineau\",\"isPartOf\":{\"@id\":\"https:\\\/\\\/aspenwildlifecontrol.com\\\/fr\\\/#website\"},\"datePublished\":\"2024-11-06T19:48:25+00:00\",\"dateModified\":\"2025-02-11T15:08:00+00:00\",\"description\":\"D\u00e9couvrez pourquoi les souris envahissent les propri\u00e9t\u00e9s \u00e0 Gatineau et comment leur comportement peut affecter votre maison. Solutions et conseils d'experts.\",\"breadcrumb\":{\"@id\":\"https:\\\/\\\/aspenwildlifecontrol.com\\\/fr\\\/prestations-de-service\\\/souris\\\/comprendre-le-comportement-des-souris-pourquoi-elles-envahissent-les-proprietes-a-gatineau\\\/#breadcrumb\"},\"inLanguage\":\"fr-FR\",\"potentialAction\":[{\"@type\":\"ReadAction\",\"target\":[\"https:\\\/\\\/aspenwildlifecontrol.com\\\/fr\\\/prestations-de-service\\\/souris\\\/comprendre-le-comportement-des-souris-pourquoi-elles-envahissent-les-proprietes-a-gatineau\\\/\"]}]},{\"@type\":\"BreadcrumbList\",\"@id\":\"https:\\\/\\\/aspenwildlifecontrol.com\\\/fr\\\/prestations-de-service\\\/souris\\\/comprendre-le-comportement-des-souris-pourquoi-elles-envahissent-les-proprietes-a-gatineau\\\/#breadcrumb\",\"itemListElement\":[{\"@type\":\"ListItem\",\"position\":1,\"name\":\"Home\",\"item\":\"https:\\\/\\\/aspenwildlifecontrol.com\\\/fr\\\/\"},{\"@type\":\"ListItem\",\"position\":2,\"name\":\"Service control animal\",\"item\":\"https:\\\/\\\/aspenwildlifecontrol.com\\\/fr\\\/prestations-de-service\\\/\"},{\"@type\":\"ListItem\",\"position\":3,\"name\":\"Souris\",\"item\":\"https:\\\/\\\/aspenwildlifecontrol.com\\\/fr\\\/prestations-de-service\\\/souris\\\/\"},{\"@type\":\"ListItem\",\"position\":4,\"name\":\"Comprendre le comportement des souris : Pourquoi elles envahissent les propri\u00e9t\u00e9s \u00e0 Gatineau\"}]},{\"@type\":\"WebSite\",\"@id\":\"https:\\\/\\\/aspenwildlifecontrol.com\\\/fr\\\/#website\",\"url\":\"https:\\\/\\\/aspenwildlifecontrol.com\\\/fr\\\/\",\"name\":\"Aspen Wildlife Control\",\"description\":\"Fast, humane wildlife removal in Ottawa-Gatineau \u2014 guaranteed results, 24\\\/7 service\",\"potentialAction\":[{\"@type\":\"SearchAction\",\"target\":{\"@type\":\"EntryPoint\",\"urlTemplate\":\"https:\\\/\\\/aspenwildlifecontrol.com\\\/fr\\\/?s={search_term_string}\"},\"query-input\":{\"@type\":\"PropertyValueSpecification\",\"valueRequired\":true,\"valueName\":\"search_term_string\"}}],\"inLanguage\":\"fr-FR\"}]}<\/script>\n<!-- \/ Yoast SEO Premium plugin. -->","yoast_head_json":{"title":"Comprendre le Comportement des Souris \u00e0 Gatineau","description":"D\u00e9couvrez pourquoi les souris envahissent les propri\u00e9t\u00e9s \u00e0 Gatineau et comment leur comportement peut affecter votre maison. Solutions et conseils d'experts.","robots":{"index":"index","follow":"follow","max-snippet":"max-snippet:-1","max-image-preview":"max-image-preview:large","max-video-preview":"max-video-preview:-1"},"canonical":"https:\/\/aspenwildlifecontrol.com\/fr\/prestations-de-service\/souris\/comprendre-le-comportement-des-souris-pourquoi-elles-envahissent-les-proprietes-a-gatineau\/","og_locale":"fr_FR","og_type":"article","og_title":"Comprendre le comportement des souris : Pourquoi elles envahissent les propri\u00e9t\u00e9s \u00e0 Gatineau","og_description":"D\u00e9couvrez pourquoi les souris envahissent les propri\u00e9t\u00e9s \u00e0 Gatineau et comment leur comportement peut affecter votre maison. Solutions et conseils d'experts.","og_url":"https:\/\/aspenwildlifecontrol.com\/fr\/prestations-de-service\/souris\/comprendre-le-comportement-des-souris-pourquoi-elles-envahissent-les-proprietes-a-gatineau\/","og_site_name":"Aspen Wildlife Control","article_modified_time":"2025-02-11T15:08:00+00:00","twitter_card":"summary_large_image","twitter_misc":{"Dur\u00e9e de lecture estim\u00e9e":"2 minutes"},"schema":{"@context":"https:\/\/schema.org","@graph":[{"@type":"WebPage","@id":"https:\/\/aspenwildlifecontrol.com\/fr\/prestations-de-service\/souris\/comprendre-le-comportement-des-souris-pourquoi-elles-envahissent-les-proprietes-a-gatineau\/","url":"https:\/\/aspenwildlifecontrol.com\/fr\/prestations-de-service\/souris\/comprendre-le-comportement-des-souris-pourquoi-elles-envahissent-les-proprietes-a-gatineau\/","name":"Comprendre le Comportement des Souris \u00e0 Gatineau","isPartOf":{"@id":"https:\/\/aspenwildlifecontrol.com\/fr\/#website"},"datePublished":"2024-11-06T19:48:25+00:00","dateModified":"2025-02-11T15:08:00+00:00","description":"D\u00e9couvrez pourquoi les souris envahissent les propri\u00e9t\u00e9s \u00e0 Gatineau et comment leur comportement peut affecter votre maison. Solutions et conseils d'experts.","breadcrumb":{"@id":"https:\/\/aspenwildlifecontrol.com\/fr\/prestations-de-service\/souris\/comprendre-le-comportement-des-souris-pourquoi-elles-envahissent-les-proprietes-a-gatineau\/#breadcrumb"},"inLanguage":"fr-FR","potentialAction":[{"@type":"ReadAction","target":["https:\/\/aspenwildlifecontrol.com\/fr\/prestations-de-service\/souris\/comprendre-le-comportement-des-souris-pourquoi-elles-envahissent-les-proprietes-a-gatineau\/"]}]},{"@type":"BreadcrumbList","@id":"https:\/\/aspenwildlifecontrol.com\/fr\/prestations-de-service\/souris\/comprendre-le-comportement-des-souris-pourquoi-elles-envahissent-les-proprietes-a-gatineau\/#breadcrumb","itemListElement":[{"@type":"ListItem","position":1,"name":"Home","item":"https:\/\/aspenwildlifecontrol.com\/fr\/"},{"@type":"ListItem","position":2,"name":"Service control animal","item":"https:\/\/aspenwildlifecontrol.com\/fr\/prestations-de-service\/"},{"@type":"ListItem","position":3,"name":"Souris","item":"https:\/\/aspenwildlifecontrol.com\/fr\/prestations-de-service\/souris\/"},{"@type":"ListItem","position":4,"name":"Comprendre le comportement des souris : Pourquoi elles envahissent les propri\u00e9t\u00e9s \u00e0 Gatineau"}]},{"@type":"WebSite","@id":"https:\/\/aspenwildlifecontrol.com\/fr\/#website","url":"https:\/\/aspenwildlifecontrol.com\/fr\/","name":"Aspen Wildlife Control","description":"Fast, humane wildlife removal in Ottawa-Gatineau \u2014 guaranteed results, 24\/7 service","potentialAction":[{"@type":"SearchAction","target":{"@type":"EntryPoint","urlTemplate":"https:\/\/aspenwildlifecontrol.com\/fr\/?s={search_term_string}"},"query-input":{"@type":"PropertyValueSpecification","valueRequired":true,"valueName":"search_term_string"}}],"inLanguage":"fr-FR"}]}},"_links":{"self":[{"href":"https:\/\/aspenwildlifecontrol.com\/fr\/wp-json\/wp\/v2\/pages\/1172","targetHints":{"allow":["GET"]}}],"collection":[{"href":"https:\/\/aspenwildlifecontrol.com\/fr\/wp-json\/wp\/v2\/pages"}],"about":[{"href":"https:\/\/aspenwildlifecontrol.com\/fr\/wp-json\/wp\/v2\/types\/page"}],"author":[{"embeddable":true,"href":"https:\/\/aspenwildlifecontrol.com\/fr\/wp-json\/wp\/v2\/users\/1"}],"replies":[{"embeddable":true,"href":"https:\/\/aspenwildlifecontrol.com\/fr\/wp-json\/wp\/v2\/comments?post=1172"}],"version-history":[{"count":3,"href":"https:\/\/aspenwildlifecontrol.com\/fr\/wp-json\/wp\/v2\/pages\/1172\/revisions"}],"predecessor-version":[{"id":3103,"href":"https:\/\/aspenwildlifecontrol.com\/fr\/wp-json\/wp\/v2\/pages\/1172\/revisions\/3103"}],"up":[{"embeddable":true,"href":"https:\/\/aspenwildlifecontrol.com\/fr\/wp-json\/wp\/v2\/pages\/976"}],"wp:attachment":[{"href":"https:\/\/aspenwildlifecontrol.com\/fr\/wp-json\/wp\/v2\/media?parent=1172"}],"curies":[{"name":"wp","href":"https:\/\/api.w.org\/{rel}","templated":true}]}}