{"id":1171,"date":"2024-11-06T14:40:29","date_gmt":"2024-11-06T19:40:29","guid":{"rendered":"https:\/\/aspenwildlifecontrol.com\/prestations-de-service\/souris\/principaux-signes-dune-infestation-de-souris-dans-votre-maison-de-gatineau\/"},"modified":"2025-02-11T10:24:03","modified_gmt":"2025-02-11T15:24:03","slug":"principaux-signes-dune-infestation-de-souris-dans-votre-maison-de-gatineau","status":"publish","type":"page","link":"https:\/\/aspenwildlifecontrol.com\/fr\/prestations-de-service\/souris\/principaux-signes-dune-infestation-de-souris-dans-votre-maison-de-gatineau\/","title":{"rendered":"Principaux signes d&rsquo;une infestation de souris dans votre maison de Gatineau"},"content":{"rendered":"<p>Une infestation de souris dans votre maison de Gatineau peut entra\u00eener de graves risques pour la sant\u00e9 et la s\u00e9curit\u00e9, ce qui rend essentiel de reconna\u00eetre les signes d\u00e8s le d\u00e9but. Un indicateur courant est la pr\u00e9sence de petites crottes de la taille de grains de riz pr\u00e8s des sources de nourriture, dans les armoires ou le long des murs. Ces d\u00e9jections peuvent indiquer une activit\u00e9 de souris et n\u00e9cessitent une action imm\u00e9diate.<\/p>\n<p>Un autre signe \u00e0 surveiller est la pr\u00e9sence de marques de rongement sur les emballages alimentaires, les fils \u00e9lectriques ou les surfaces en bois. Les souris ont besoin de ronger en permanence pour maintenir la longueur de leurs dents, vous pourriez donc remarquer des fils effiloch\u00e9s, des meubles endommag\u00e9s ou des marques de morsure sur les produits alimentaires. Ce comportement de rongeur peut pr\u00e9senter des risques d\u2019incendie et causer des dommages structurels \u00e0 votre maison.<\/p>\n<p>Des bruits inhabituels, surtout la nuit, peuvent \u00e9galement indiquer une infestation. Les souris sont nocturnes et font souvent des bruits de grattement ou de course dans les murs, les plafonds ou les combles. Si vous entendez ces bruits, il est probable que des souris aient d\u00e9j\u00e0 \u00e9tabli un nid chez vous.<\/p>\n<p>Si vous remarquez ces signes, contactez un expert en capture de souris \u00e0 Gatineau, comme Aspen Wildlife Control. Notre service professionnel de capture de souris propose des inspections approfondies, un retrait efficace et des strat\u00e9gies pr\u00e9ventives pour garder votre maison s\u00e9curis\u00e9e et sans souris. Ne tardez pas \u2013 appelez Aspen Wildlife Control d\u00e8s aujourd\u2019hui pour prot\u00e9ger votre maison contre les dangers d\u2019une infestation de souris.<\/p>\n","protected":false},"excerpt":{"rendered":"<p>Une infestation de souris dans votre maison de Gatineau peut entra\u00eener de graves risques pour la sant\u00e9 et la s\u00e9curit\u00e9, ce qui rend essentiel de reconna\u00eetre les signes d\u00e8s le d\u00e9but. Un indicateur courant est la pr\u00e9sence de petites crottes de la taille de grains de riz pr\u00e8s des sources de nourriture, dans les armoires&hellip; <a class=\"more-link\" href=\"https:\/\/aspenwildlifecontrol.com\/fr\/prestations-de-service\/souris\/principaux-signes-dune-infestation-de-souris-dans-votre-maison-de-gatineau\/\">Poursuivre la lecture <span class=\"screen-reader-text\">Principaux signes d&rsquo;une infestation de souris dans votre maison de Gatineau<\/span><\/a><\/p>\n","protected":false},"author":1,"featured_media":0,"parent":976,"menu_order":0,"comment_status":"closed","ping_status":"closed","template":"","meta":{"_acf_changed":false,"footnotes":""},"class_list":["post-1171","page","type-page","status-publish","hentry","entry"],"acf":{"content":null,"cta_custom":"<h5>Services sur demande<\/h5>\r\nVous avez besoin de services\u00a0Souris\u00a0\u00e0 Ottawa-Gatineau ?\u00a0 <a href=\"https:\/\/aspenwildlifecontrol.com\/fr\/contact\/\">Contactez-nous<\/a>","schema":""},"yoast_head":"<!-- This site is optimized with the Yoast SEO Premium plugin v26.8 (Yoast SEO v27.5) - https:\/\/yoast.com\/product\/yoast-seo-premium-wordpress\/ -->\n<title>Signes d&#039;Infestation de Souris \u00e0 Gatineau<\/title>\n<meta name=\"description\" content=\"D\u00e9couvrez les principaux signes d&#039;une infestation de souris dans votre maison de Gatineau et prot\u00e9gez votre domicile avec des solutions adapt\u00e9es.\" \/>\n<meta name=\"robots\" content=\"index, follow, max-snippet:-1, max-image-preview:large, max-video-preview:-1\" \/>\n<link rel=\"canonical\" href=\"https:\/\/aspenwildlifecontrol.com\/fr\/prestations-de-service\/souris\/principaux-signes-dune-infestation-de-souris-dans-votre-maison-de-gatineau\/\" \/>\n<meta property=\"og:locale\" content=\"fr_FR\" \/>\n<meta property=\"og:type\" content=\"article\" \/>\n<meta property=\"og:title\" content=\"Principaux signes d&#039;une infestation de souris dans votre maison de Gatineau\" \/>\n<meta property=\"og:description\" content=\"D\u00e9couvrez les principaux signes d&#039;une infestation de souris dans votre maison de Gatineau et prot\u00e9gez votre domicile avec des solutions adapt\u00e9es.\" \/>\n<meta property=\"og:url\" content=\"https:\/\/aspenwildlifecontrol.com\/fr\/prestations-de-service\/souris\/principaux-signes-dune-infestation-de-souris-dans-votre-maison-de-gatineau\/\" \/>\n<meta property=\"og:site_name\" content=\"Aspen Wildlife Control\" \/>\n<meta property=\"article:modified_time\" content=\"2025-02-11T15:24:03+00:00\" \/>\n<meta name=\"twitter:card\" content=\"summary_large_image\" \/>\n<meta name=\"twitter:label1\" content=\"Dur\u00e9e de lecture estim\u00e9e\" \/>\n\t<meta name=\"twitter:data1\" content=\"2 minutes\" \/>\n<script type=\"application\/ld+json\" class=\"yoast-schema-graph\">{\"@context\":\"https:\\\/\\\/schema.org\",\"@graph\":[{\"@type\":\"WebPage\",\"@id\":\"https:\\\/\\\/aspenwildlifecontrol.com\\\/fr\\\/prestations-de-service\\\/souris\\\/principaux-signes-dune-infestation-de-souris-dans-votre-maison-de-gatineau\\\/\",\"url\":\"https:\\\/\\\/aspenwildlifecontrol.com\\\/fr\\\/prestations-de-service\\\/souris\\\/principaux-signes-dune-infestation-de-souris-dans-votre-maison-de-gatineau\\\/\",\"name\":\"Signes d'Infestation de Souris \u00e0 Gatineau\",\"isPartOf\":{\"@id\":\"https:\\\/\\\/aspenwildlifecontrol.com\\\/fr\\\/#website\"},\"datePublished\":\"2024-11-06T19:40:29+00:00\",\"dateModified\":\"2025-02-11T15:24:03+00:00\",\"description\":\"D\u00e9couvrez les principaux signes d'une infestation de souris dans votre maison de Gatineau et prot\u00e9gez votre domicile avec des solutions adapt\u00e9es.\",\"breadcrumb\":{\"@id\":\"https:\\\/\\\/aspenwildlifecontrol.com\\\/fr\\\/prestations-de-service\\\/souris\\\/principaux-signes-dune-infestation-de-souris-dans-votre-maison-de-gatineau\\\/#breadcrumb\"},\"inLanguage\":\"fr-FR\",\"potentialAction\":[{\"@type\":\"ReadAction\",\"target\":[\"https:\\\/\\\/aspenwildlifecontrol.com\\\/fr\\\/prestations-de-service\\\/souris\\\/principaux-signes-dune-infestation-de-souris-dans-votre-maison-de-gatineau\\\/\"]}]},{\"@type\":\"BreadcrumbList\",\"@id\":\"https:\\\/\\\/aspenwildlifecontrol.com\\\/fr\\\/prestations-de-service\\\/souris\\\/principaux-signes-dune-infestation-de-souris-dans-votre-maison-de-gatineau\\\/#breadcrumb\",\"itemListElement\":[{\"@type\":\"ListItem\",\"position\":1,\"name\":\"Home\",\"item\":\"https:\\\/\\\/aspenwildlifecontrol.com\\\/fr\\\/\"},{\"@type\":\"ListItem\",\"position\":2,\"name\":\"Service control animal\",\"item\":\"https:\\\/\\\/aspenwildlifecontrol.com\\\/fr\\\/prestations-de-service\\\/\"},{\"@type\":\"ListItem\",\"position\":3,\"name\":\"Souris\",\"item\":\"https:\\\/\\\/aspenwildlifecontrol.com\\\/fr\\\/prestations-de-service\\\/souris\\\/\"},{\"@type\":\"ListItem\",\"position\":4,\"name\":\"Principaux signes d&rsquo;une infestation de souris dans votre maison de Gatineau\"}]},{\"@type\":\"WebSite\",\"@id\":\"https:\\\/\\\/aspenwildlifecontrol.com\\\/fr\\\/#website\",\"url\":\"https:\\\/\\\/aspenwildlifecontrol.com\\\/fr\\\/\",\"name\":\"Aspen Wildlife Control\",\"description\":\"Fast, humane wildlife removal in Ottawa-Gatineau \u2014 guaranteed results, 24\\\/7 service\",\"potentialAction\":[{\"@type\":\"SearchAction\",\"target\":{\"@type\":\"EntryPoint\",\"urlTemplate\":\"https:\\\/\\\/aspenwildlifecontrol.com\\\/fr\\\/?s={search_term_string}\"},\"query-input\":{\"@type\":\"PropertyValueSpecification\",\"valueRequired\":true,\"valueName\":\"search_term_string\"}}],\"inLanguage\":\"fr-FR\"}]}<\/script>\n<!-- \/ Yoast SEO Premium plugin. -->","yoast_head_json":{"title":"Signes d'Infestation de Souris \u00e0 Gatineau","description":"D\u00e9couvrez les principaux signes d'une infestation de souris dans votre maison de Gatineau et prot\u00e9gez votre domicile avec des solutions adapt\u00e9es.","robots":{"index":"index","follow":"follow","max-snippet":"max-snippet:-1","max-image-preview":"max-image-preview:large","max-video-preview":"max-video-preview:-1"},"canonical":"https:\/\/aspenwildlifecontrol.com\/fr\/prestations-de-service\/souris\/principaux-signes-dune-infestation-de-souris-dans-votre-maison-de-gatineau\/","og_locale":"fr_FR","og_type":"article","og_title":"Principaux signes d'une infestation de souris dans votre maison de Gatineau","og_description":"D\u00e9couvrez les principaux signes d'une infestation de souris dans votre maison de Gatineau et prot\u00e9gez votre domicile avec des solutions adapt\u00e9es.","og_url":"https:\/\/aspenwildlifecontrol.com\/fr\/prestations-de-service\/souris\/principaux-signes-dune-infestation-de-souris-dans-votre-maison-de-gatineau\/","og_site_name":"Aspen Wildlife Control","article_modified_time":"2025-02-11T15:24:03+00:00","twitter_card":"summary_large_image","twitter_misc":{"Dur\u00e9e de lecture estim\u00e9e":"2 minutes"},"schema":{"@context":"https:\/\/schema.org","@graph":[{"@type":"WebPage","@id":"https:\/\/aspenwildlifecontrol.com\/fr\/prestations-de-service\/souris\/principaux-signes-dune-infestation-de-souris-dans-votre-maison-de-gatineau\/","url":"https:\/\/aspenwildlifecontrol.com\/fr\/prestations-de-service\/souris\/principaux-signes-dune-infestation-de-souris-dans-votre-maison-de-gatineau\/","name":"Signes d'Infestation de Souris \u00e0 Gatineau","isPartOf":{"@id":"https:\/\/aspenwildlifecontrol.com\/fr\/#website"},"datePublished":"2024-11-06T19:40:29+00:00","dateModified":"2025-02-11T15:24:03+00:00","description":"D\u00e9couvrez les principaux signes d'une infestation de souris dans votre maison de Gatineau et prot\u00e9gez votre domicile avec des solutions adapt\u00e9es.","breadcrumb":{"@id":"https:\/\/aspenwildlifecontrol.com\/fr\/prestations-de-service\/souris\/principaux-signes-dune-infestation-de-souris-dans-votre-maison-de-gatineau\/#breadcrumb"},"inLanguage":"fr-FR","potentialAction":[{"@type":"ReadAction","target":["https:\/\/aspenwildlifecontrol.com\/fr\/prestations-de-service\/souris\/principaux-signes-dune-infestation-de-souris-dans-votre-maison-de-gatineau\/"]}]},{"@type":"BreadcrumbList","@id":"https:\/\/aspenwildlifecontrol.com\/fr\/prestations-de-service\/souris\/principaux-signes-dune-infestation-de-souris-dans-votre-maison-de-gatineau\/#breadcrumb","itemListElement":[{"@type":"ListItem","position":1,"name":"Home","item":"https:\/\/aspenwildlifecontrol.com\/fr\/"},{"@type":"ListItem","position":2,"name":"Service control animal","item":"https:\/\/aspenwildlifecontrol.com\/fr\/prestations-de-service\/"},{"@type":"ListItem","position":3,"name":"Souris","item":"https:\/\/aspenwildlifecontrol.com\/fr\/prestations-de-service\/souris\/"},{"@type":"ListItem","position":4,"name":"Principaux signes d&rsquo;une infestation de souris dans votre maison de Gatineau"}]},{"@type":"WebSite","@id":"https:\/\/aspenwildlifecontrol.com\/fr\/#website","url":"https:\/\/aspenwildlifecontrol.com\/fr\/","name":"Aspen Wildlife Control","description":"Fast, humane wildlife removal in Ottawa-Gatineau \u2014 guaranteed results, 24\/7 service","potentialAction":[{"@type":"SearchAction","target":{"@type":"EntryPoint","urlTemplate":"https:\/\/aspenwildlifecontrol.com\/fr\/?s={search_term_string}"},"query-input":{"@type":"PropertyValueSpecification","valueRequired":true,"valueName":"search_term_string"}}],"inLanguage":"fr-FR"}]}},"_links":{"self":[{"href":"https:\/\/aspenwildlifecontrol.com\/fr\/wp-json\/wp\/v2\/pages\/1171","targetHints":{"allow":["GET"]}}],"collection":[{"href":"https:\/\/aspenwildlifecontrol.com\/fr\/wp-json\/wp\/v2\/pages"}],"about":[{"href":"https:\/\/aspenwildlifecontrol.com\/fr\/wp-json\/wp\/v2\/types\/page"}],"author":[{"embeddable":true,"href":"https:\/\/aspenwildlifecontrol.com\/fr\/wp-json\/wp\/v2\/users\/1"}],"replies":[{"embeddable":true,"href":"https:\/\/aspenwildlifecontrol.com\/fr\/wp-json\/wp\/v2\/comments?post=1171"}],"version-history":[{"count":3,"href":"https:\/\/aspenwildlifecontrol.com\/fr\/wp-json\/wp\/v2\/pages\/1171\/revisions"}],"predecessor-version":[{"id":3123,"href":"https:\/\/aspenwildlifecontrol.com\/fr\/wp-json\/wp\/v2\/pages\/1171\/revisions\/3123"}],"up":[{"embeddable":true,"href":"https:\/\/aspenwildlifecontrol.com\/fr\/wp-json\/wp\/v2\/pages\/976"}],"wp:attachment":[{"href":"https:\/\/aspenwildlifecontrol.com\/fr\/wp-json\/wp\/v2\/media?parent=1171"}],"curies":[{"name":"wp","href":"https:\/\/api.w.org\/{rel}","templated":true}]}}