{"id":1160,"date":"2024-10-29T16:51:07","date_gmt":"2024-10-29T20:51:07","guid":{"rendered":"https:\/\/aspenwildlifecontrol.com\/prestations-de-service\/ratons-laveurs\/conseils-essentiels-pour-proteger-votre-grenier-des-ratons-laveurs-et-garantir-une-capture-securisee-a-ottawa-gatineau\/"},"modified":"2026-01-14T16:42:24","modified_gmt":"2026-01-14T21:42:24","slug":"conseils-essentiels-pour-proteger-votre-grenier-des-ratons-laveurs-et-garantir-une-capture-securisee-a-ottawa-gatineau","status":"publish","type":"page","link":"https:\/\/aspenwildlifecontrol.com\/fr\/prestations-de-service\/ratons-laveurs\/conseils-essentiels-pour-proteger-votre-grenier-des-ratons-laveurs-et-garantir-une-capture-securisee-a-ottawa-gatineau\/","title":{"rendered":"Conseils essentiels pour prot\u00e9ger votre grenier des ratons laveurs et garantir un contr\u00f4le s\u00e9curis\u00e9e \u00e0 Ottawa-Gatineau"},"content":{"rendered":"<p><span style=\"font-weight: 400;\">Les ratons laveurs sont r\u00e9put\u00e9s pour chercher refuge dans les greniers, o\u00f9 ils peuvent causer des dommages importants et cr\u00e9er des risques pour la sant\u00e9. Pour garder votre maison s\u00fbre et exempte de ratons laveurs, voici des conseils essentiels pour prot\u00e9ger votre grenier et garantir un\u00a0contr\u00f4le professionnel des ratons laveurs \u00e0 Ottawa-Gatineau si n\u00e9cessaire.<\/span><\/p>\n<h5><b>Scellez les points d&rsquo;entr\u00e9e<\/b><\/h5>\n<p><span style=\"font-weight: 400;\">Les ratons laveurs sont d&rsquo;excellents grimpeurs et peuvent acc\u00e9der \u00e0 votre grenier par de petites fissures, des a\u00e9rations et des chemin\u00e9es. Inspectez votre toit, vos soffites et vos ventilations pour d\u00e9celer d&rsquo;\u00e9ventuelles ouvertures. Scellez ces fissures avec des mat\u00e9riaux durables comme du treillis m\u00e9tallique ou du mastic pour bloquer les points d&rsquo;entr\u00e9e. Les chapeaux de chemin\u00e9e sont \u00e9galement efficaces pour emp\u00eacher les ratons laveurs d&rsquo;entrer.<\/span><\/p>\n<h5><b>Taillez les arbres et les branches<\/b><\/h5>\n<p><span style=\"font-weight: 400;\">Les ratons laveurs utilisent souvent les branches d&rsquo;arbres pour acc\u00e9der aux toits. Pour minimiser le risque, taillez toutes les branches qui pendent pr\u00e8s de votre maison. Maintenir une distance d&rsquo;au moins 1,80 m\u00e8tre entre les arbres et votre toit peut rendre l&rsquo;acc\u00e8s au grenier plus difficile pour les ratons laveurs.<\/span><\/p>\n<h5><b>S\u00e9curisez vos d\u00e9chets et vos sources de nourriture<\/b><\/h5>\n<p><span style=\"font-weight: 400;\">Les ratons laveurs sont attir\u00e9s par la nourriture facilement accessible, y compris les ordures et la nourriture pour animaux laiss\u00e9e \u00e0 l&rsquo;ext\u00e9rieur. Assurez-vous que vos poubelles sont s\u00e9curis\u00e9es avec des couvercles herm\u00e9tiques et \u00e9vitez de laisser de la nourriture \u00e0 l&rsquo;ext\u00e9rieur pendant la nuit. En \u00e9liminant ces attractifs, vous r\u00e9duisez la probabilit\u00e9 que des ratons laveurs tra\u00eenent autour de votre propri\u00e9t\u00e9.<\/span><\/p>\n<h5><b>Installez des lumi\u00e8res \u00e0 d\u00e9tection de mouvement<\/b><\/h5>\n<p><span style=\"font-weight: 400;\">Les ratons laveurs pr\u00e9f\u00e8rent les environnements sombres et calmes. Installer des lumi\u00e8res \u00e0 d\u00e9tection de mouvement autour de votre maison peut servir de dissuasion, rendant les ratons laveurs plus expos\u00e9s et moins susceptibles de s&rsquo;approcher de votre grenier.<\/span><\/p>\n<h5><b>Surveillez les signes d&rsquo;activit\u00e9 des ratons laveurs<\/b><\/h5>\n<p><span style=\"font-weight: 400;\">Si vous entendez des bruits de grattement ou remarquez des dommages \u00e0 l&rsquo;isolation ou au c\u00e2blage, il se peut que vous ayez d\u00e9j\u00e0 un raton laveur dans votre grenier. Recherchez des signes tels que des excr\u00e9ments, des mat\u00e9riaux de nidification ou de l&rsquo;isolation d\u00e9rang\u00e9e. Si vous d\u00e9tectez l&rsquo;un de ces signes, il est temps de contacter un professionnel pour le\u00a0contr\u00f4le des ratons laveurs.<\/span><\/p>\n<h5><b>Appelez un service professionnel du\u00a0contr\u00f4le des ratons laveurs<\/b><\/h5>\n<p><span style=\"font-weight: 400;\">Tenter de retirer les ratons laveurs vous-m\u00eame peut \u00eatre dangereux. Ils peuvent devenir agressifs, et sans les bons outils et l&rsquo;expertise appropri\u00e9e, vous risquez des blessures et d&rsquo;autres dommages \u00e0 votre maison. Aspen Wildlife Control propose des services de contr\u00f4le s\u00fbrs et humains des ratons laveurs \u00e0 Ottawa-Gatineau, garantissant que les animaux sont relocalis\u00e9s en toute s\u00e9curit\u00e9 et que votre maison est s\u00e9curis\u00e9e contre de futures invasions.<\/span><\/p>\n<p><span style=\"font-weight: 400;\">Pr\u00e9venir l&rsquo;entr\u00e9e des ratons laveurs dans votre grenier est le meilleur moyen d&rsquo;\u00e9viter des r\u00e9parations co\u00fbteuses et des risques pour la sant\u00e9. En scellant les points d&rsquo;entr\u00e9e, en taillant les arbres et en s\u00e9curisant les sources de nourriture, vous pouvez prot\u00e9ger votre maison. Si des ratons laveurs ont d\u00e9j\u00e0 trouv\u00e9 leur chemin \u00e0 l&rsquo;int\u00e9rieur, contactez Aspen Wildlife Control pour un\u00a0contr\u00f4le professionnel et humaine des ratons laveurs \u00e0 Ottawa-Gatineau.<\/span><\/p>\n","protected":false},"excerpt":{"rendered":"<p>Les ratons laveurs sont r\u00e9put\u00e9s pour chercher refuge dans les greniers, o\u00f9 ils peuvent causer des dommages importants et cr\u00e9er des risques pour la sant\u00e9. Pour garder votre maison s\u00fbre et exempte de ratons laveurs, voici des conseils essentiels pour prot\u00e9ger votre grenier et garantir un\u00a0contr\u00f4le professionnel des ratons laveurs \u00e0 Ottawa-Gatineau si n\u00e9cessaire. Scellez&hellip; <a class=\"more-link\" href=\"https:\/\/aspenwildlifecontrol.com\/fr\/prestations-de-service\/ratons-laveurs\/conseils-essentiels-pour-proteger-votre-grenier-des-ratons-laveurs-et-garantir-une-capture-securisee-a-ottawa-gatineau\/\">Poursuivre la lecture <span class=\"screen-reader-text\">Conseils essentiels pour prot\u00e9ger votre grenier des ratons laveurs et garantir un contr\u00f4le s\u00e9curis\u00e9e \u00e0 Ottawa-Gatineau<\/span><\/a><\/p>\n","protected":false},"author":1,"featured_media":0,"parent":973,"menu_order":0,"comment_status":"closed","ping_status":"closed","template":"","meta":{"_acf_changed":false,"footnotes":""},"class_list":["post-1160","page","type-page","status-publish","hentry","entry"],"acf":[],"yoast_head":"<!-- This site is optimized with the Yoast SEO Premium plugin v26.8 (Yoast SEO v27.4) - https:\/\/yoast.com\/product\/yoast-seo-premium-wordpress\/ -->\n<title>Prot\u00e9gez Votre Grenier des Ratons Laveurs | Ottawa-Gatineau<\/title>\n<meta name=\"description\" content=\"Conseils pour s\u00e9curiser votre grenier contre les ratons laveurs et garantir un contr\u00f4le professionnelle \u00e0 Ottawa-Gatineau.\" \/>\n<meta name=\"robots\" content=\"index, follow, max-snippet:-1, max-image-preview:large, max-video-preview:-1\" \/>\n<link rel=\"canonical\" href=\"https:\/\/aspenwildlifecontrol.com\/fr\/prestations-de-service\/ratons-laveurs\/conseils-essentiels-pour-proteger-votre-grenier-des-ratons-laveurs-et-garantir-une-capture-securisee-a-ottawa-gatineau\/\" \/>\n<meta property=\"og:locale\" content=\"fr_FR\" \/>\n<meta property=\"og:type\" content=\"article\" \/>\n<meta property=\"og:title\" content=\"Conseils essentiels pour prot\u00e9ger votre grenier des ratons laveurs et garantir un contr\u00f4le s\u00e9curis\u00e9e \u00e0 Ottawa-Gatineau\" \/>\n<meta property=\"og:description\" content=\"Conseils pour s\u00e9curiser votre grenier contre les ratons laveurs et garantir un contr\u00f4le professionnelle \u00e0 Ottawa-Gatineau.\" \/>\n<meta property=\"og:url\" content=\"https:\/\/aspenwildlifecontrol.com\/fr\/prestations-de-service\/ratons-laveurs\/conseils-essentiels-pour-proteger-votre-grenier-des-ratons-laveurs-et-garantir-une-capture-securisee-a-ottawa-gatineau\/\" \/>\n<meta property=\"og:site_name\" content=\"Aspen Wildlife Control\" \/>\n<meta property=\"article:modified_time\" content=\"2026-01-14T21:42:24+00:00\" \/>\n<meta name=\"twitter:card\" content=\"summary_large_image\" \/>\n<meta name=\"twitter:label1\" content=\"Dur\u00e9e de lecture estim\u00e9e\" \/>\n\t<meta name=\"twitter:data1\" content=\"3 minutes\" \/>\n<script type=\"application\/ld+json\" class=\"yoast-schema-graph\">{\"@context\":\"https:\\\/\\\/schema.org\",\"@graph\":[{\"@type\":\"WebPage\",\"@id\":\"https:\\\/\\\/aspenwildlifecontrol.com\\\/fr\\\/prestations-de-service\\\/ratons-laveurs\\\/conseils-essentiels-pour-proteger-votre-grenier-des-ratons-laveurs-et-garantir-une-capture-securisee-a-ottawa-gatineau\\\/\",\"url\":\"https:\\\/\\\/aspenwildlifecontrol.com\\\/fr\\\/prestations-de-service\\\/ratons-laveurs\\\/conseils-essentiels-pour-proteger-votre-grenier-des-ratons-laveurs-et-garantir-une-capture-securisee-a-ottawa-gatineau\\\/\",\"name\":\"Prot\u00e9gez Votre Grenier des Ratons Laveurs | Ottawa-Gatineau\",\"isPartOf\":{\"@id\":\"https:\\\/\\\/aspenwildlifecontrol.com\\\/fr\\\/#website\"},\"datePublished\":\"2024-10-29T20:51:07+00:00\",\"dateModified\":\"2026-01-14T21:42:24+00:00\",\"description\":\"Conseils pour s\u00e9curiser votre grenier contre les ratons laveurs et garantir un contr\u00f4le professionnelle \u00e0 Ottawa-Gatineau.\",\"breadcrumb\":{\"@id\":\"https:\\\/\\\/aspenwildlifecontrol.com\\\/fr\\\/prestations-de-service\\\/ratons-laveurs\\\/conseils-essentiels-pour-proteger-votre-grenier-des-ratons-laveurs-et-garantir-une-capture-securisee-a-ottawa-gatineau\\\/#breadcrumb\"},\"inLanguage\":\"fr-FR\",\"potentialAction\":[{\"@type\":\"ReadAction\",\"target\":[\"https:\\\/\\\/aspenwildlifecontrol.com\\\/fr\\\/prestations-de-service\\\/ratons-laveurs\\\/conseils-essentiels-pour-proteger-votre-grenier-des-ratons-laveurs-et-garantir-une-capture-securisee-a-ottawa-gatineau\\\/\"]}]},{\"@type\":\"BreadcrumbList\",\"@id\":\"https:\\\/\\\/aspenwildlifecontrol.com\\\/fr\\\/prestations-de-service\\\/ratons-laveurs\\\/conseils-essentiels-pour-proteger-votre-grenier-des-ratons-laveurs-et-garantir-une-capture-securisee-a-ottawa-gatineau\\\/#breadcrumb\",\"itemListElement\":[{\"@type\":\"ListItem\",\"position\":1,\"name\":\"Home\",\"item\":\"https:\\\/\\\/aspenwildlifecontrol.com\\\/fr\\\/\"},{\"@type\":\"ListItem\",\"position\":2,\"name\":\"Service control animal\",\"item\":\"https:\\\/\\\/aspenwildlifecontrol.com\\\/fr\\\/prestations-de-service\\\/\"},{\"@type\":\"ListItem\",\"position\":3,\"name\":\"Ratons Laveurs\",\"item\":\"https:\\\/\\\/aspenwildlifecontrol.com\\\/fr\\\/prestations-de-service\\\/ratons-laveurs\\\/\"},{\"@type\":\"ListItem\",\"position\":4,\"name\":\"Conseils essentiels pour prot\u00e9ger votre grenier des ratons laveurs et garantir un contr\u00f4le s\u00e9curis\u00e9e \u00e0 Ottawa-Gatineau\"}]},{\"@type\":\"WebSite\",\"@id\":\"https:\\\/\\\/aspenwildlifecontrol.com\\\/fr\\\/#website\",\"url\":\"https:\\\/\\\/aspenwildlifecontrol.com\\\/fr\\\/\",\"name\":\"Aspen Wildlife Control\",\"description\":\"Fast, humane wildlife removal in Ottawa-Gatineau \u2014 guaranteed results, 24\\\/7 service\",\"potentialAction\":[{\"@type\":\"SearchAction\",\"target\":{\"@type\":\"EntryPoint\",\"urlTemplate\":\"https:\\\/\\\/aspenwildlifecontrol.com\\\/fr\\\/?s={search_term_string}\"},\"query-input\":{\"@type\":\"PropertyValueSpecification\",\"valueRequired\":true,\"valueName\":\"search_term_string\"}}],\"inLanguage\":\"fr-FR\"}]}<\/script>\n<!-- \/ Yoast SEO Premium plugin. -->","yoast_head_json":{"title":"Prot\u00e9gez Votre Grenier des Ratons Laveurs | Ottawa-Gatineau","description":"Conseils pour s\u00e9curiser votre grenier contre les ratons laveurs et garantir un contr\u00f4le professionnelle \u00e0 Ottawa-Gatineau.","robots":{"index":"index","follow":"follow","max-snippet":"max-snippet:-1","max-image-preview":"max-image-preview:large","max-video-preview":"max-video-preview:-1"},"canonical":"https:\/\/aspenwildlifecontrol.com\/fr\/prestations-de-service\/ratons-laveurs\/conseils-essentiels-pour-proteger-votre-grenier-des-ratons-laveurs-et-garantir-une-capture-securisee-a-ottawa-gatineau\/","og_locale":"fr_FR","og_type":"article","og_title":"Conseils essentiels pour prot\u00e9ger votre grenier des ratons laveurs et garantir un contr\u00f4le s\u00e9curis\u00e9e \u00e0 Ottawa-Gatineau","og_description":"Conseils pour s\u00e9curiser votre grenier contre les ratons laveurs et garantir un contr\u00f4le professionnelle \u00e0 Ottawa-Gatineau.","og_url":"https:\/\/aspenwildlifecontrol.com\/fr\/prestations-de-service\/ratons-laveurs\/conseils-essentiels-pour-proteger-votre-grenier-des-ratons-laveurs-et-garantir-une-capture-securisee-a-ottawa-gatineau\/","og_site_name":"Aspen Wildlife Control","article_modified_time":"2026-01-14T21:42:24+00:00","twitter_card":"summary_large_image","twitter_misc":{"Dur\u00e9e de lecture estim\u00e9e":"3 minutes"},"schema":{"@context":"https:\/\/schema.org","@graph":[{"@type":"WebPage","@id":"https:\/\/aspenwildlifecontrol.com\/fr\/prestations-de-service\/ratons-laveurs\/conseils-essentiels-pour-proteger-votre-grenier-des-ratons-laveurs-et-garantir-une-capture-securisee-a-ottawa-gatineau\/","url":"https:\/\/aspenwildlifecontrol.com\/fr\/prestations-de-service\/ratons-laveurs\/conseils-essentiels-pour-proteger-votre-grenier-des-ratons-laveurs-et-garantir-une-capture-securisee-a-ottawa-gatineau\/","name":"Prot\u00e9gez Votre Grenier des Ratons Laveurs | Ottawa-Gatineau","isPartOf":{"@id":"https:\/\/aspenwildlifecontrol.com\/fr\/#website"},"datePublished":"2024-10-29T20:51:07+00:00","dateModified":"2026-01-14T21:42:24+00:00","description":"Conseils pour s\u00e9curiser votre grenier contre les ratons laveurs et garantir un contr\u00f4le professionnelle \u00e0 Ottawa-Gatineau.","breadcrumb":{"@id":"https:\/\/aspenwildlifecontrol.com\/fr\/prestations-de-service\/ratons-laveurs\/conseils-essentiels-pour-proteger-votre-grenier-des-ratons-laveurs-et-garantir-une-capture-securisee-a-ottawa-gatineau\/#breadcrumb"},"inLanguage":"fr-FR","potentialAction":[{"@type":"ReadAction","target":["https:\/\/aspenwildlifecontrol.com\/fr\/prestations-de-service\/ratons-laveurs\/conseils-essentiels-pour-proteger-votre-grenier-des-ratons-laveurs-et-garantir-une-capture-securisee-a-ottawa-gatineau\/"]}]},{"@type":"BreadcrumbList","@id":"https:\/\/aspenwildlifecontrol.com\/fr\/prestations-de-service\/ratons-laveurs\/conseils-essentiels-pour-proteger-votre-grenier-des-ratons-laveurs-et-garantir-une-capture-securisee-a-ottawa-gatineau\/#breadcrumb","itemListElement":[{"@type":"ListItem","position":1,"name":"Home","item":"https:\/\/aspenwildlifecontrol.com\/fr\/"},{"@type":"ListItem","position":2,"name":"Service control animal","item":"https:\/\/aspenwildlifecontrol.com\/fr\/prestations-de-service\/"},{"@type":"ListItem","position":3,"name":"Ratons Laveurs","item":"https:\/\/aspenwildlifecontrol.com\/fr\/prestations-de-service\/ratons-laveurs\/"},{"@type":"ListItem","position":4,"name":"Conseils essentiels pour prot\u00e9ger votre grenier des ratons laveurs et garantir un contr\u00f4le s\u00e9curis\u00e9e \u00e0 Ottawa-Gatineau"}]},{"@type":"WebSite","@id":"https:\/\/aspenwildlifecontrol.com\/fr\/#website","url":"https:\/\/aspenwildlifecontrol.com\/fr\/","name":"Aspen Wildlife Control","description":"Fast, humane wildlife removal in Ottawa-Gatineau \u2014 guaranteed results, 24\/7 service","potentialAction":[{"@type":"SearchAction","target":{"@type":"EntryPoint","urlTemplate":"https:\/\/aspenwildlifecontrol.com\/fr\/?s={search_term_string}"},"query-input":{"@type":"PropertyValueSpecification","valueRequired":true,"valueName":"search_term_string"}}],"inLanguage":"fr-FR"}]}},"_links":{"self":[{"href":"https:\/\/aspenwildlifecontrol.com\/fr\/wp-json\/wp\/v2\/pages\/1160","targetHints":{"allow":["GET"]}}],"collection":[{"href":"https:\/\/aspenwildlifecontrol.com\/fr\/wp-json\/wp\/v2\/pages"}],"about":[{"href":"https:\/\/aspenwildlifecontrol.com\/fr\/wp-json\/wp\/v2\/types\/page"}],"author":[{"embeddable":true,"href":"https:\/\/aspenwildlifecontrol.com\/fr\/wp-json\/wp\/v2\/users\/1"}],"replies":[{"embeddable":true,"href":"https:\/\/aspenwildlifecontrol.com\/fr\/wp-json\/wp\/v2\/comments?post=1160"}],"version-history":[{"count":5,"href":"https:\/\/aspenwildlifecontrol.com\/fr\/wp-json\/wp\/v2\/pages\/1160\/revisions"}],"predecessor-version":[{"id":4121,"href":"https:\/\/aspenwildlifecontrol.com\/fr\/wp-json\/wp\/v2\/pages\/1160\/revisions\/4121"}],"up":[{"embeddable":true,"href":"https:\/\/aspenwildlifecontrol.com\/fr\/wp-json\/wp\/v2\/pages\/973"}],"wp:attachment":[{"href":"https:\/\/aspenwildlifecontrol.com\/fr\/wp-json\/wp\/v2\/media?parent=1160"}],"curies":[{"name":"wp","href":"https:\/\/api.w.org\/{rel}","templated":true}]}}