{"id":1157,"date":"2024-10-29T14:45:07","date_gmt":"2024-10-29T18:45:07","guid":{"rendered":"https:\/\/aspenwildlifecontrol.com\/prestations-de-service\/ratons-laveurs\/comprendre-le-role-des-ratons-laveurs-dans-lecosysteme-a-ottawa-gatineau-et-quand-la-capture-des-ratons-laveurs-est-necessaire\/"},"modified":"2026-02-17T15:15:24","modified_gmt":"2026-02-17T20:15:24","slug":"comprendre-le-role-des-ratons-laveurs-dans-lecosysteme-a-ottawa-gatineau-et-quand-la-capture-des-ratons-laveurs-est-necessaire","status":"publish","type":"page","link":"https:\/\/aspenwildlifecontrol.com\/fr\/prestations-de-service\/ratons-laveurs\/comprendre-le-role-des-ratons-laveurs-dans-lecosysteme-a-ottawa-gatineau-et-quand-la-capture-des-ratons-laveurs-est-necessaire\/","title":{"rendered":"Comprendre le r\u00f4le des ratons laveurs dans l\u2019\u00e9cosyst\u00e8me \u00e0 Ottawa-Gatineau et quand le contr\u00f4le des ratons laveurs est n\u00e9cessaire"},"content":{"rendered":"<p><span style=\"font-weight: 400;\"><span dir=\"auto\" style=\"vertical-align: inherit;\"><span dir=\"auto\" style=\"vertical-align: inherit;\">Raccoons, often considered pests, play an important role in the Ottawa-Gatineau ecosystem. They help control insect and rodent populations and contribute to plant growth by dispersing seeds through their droppings. This helps maintain biodiversity in both urban and forested areas.<\/span><\/span><\/span><\/p>\n<h5><b><span dir=\"auto\" style=\"vertical-align: inherit;\"><span dir=\"auto\" style=\"vertical-align: inherit;\">Ecological contributions<\/span><\/span><\/b><\/h5>\n<p><span dir=\"auto\" style=\"vertical-align: inherit;\"><span dir=\"auto\" style=\"vertical-align: inherit;\">As omnivores, raccoons help maintain the balance of the environment by consuming a variety of foods, including insects, fruits, and small animals. They also support plant growth through seed dispersal, thus helping to maintain healthy vegetation in the area.<\/span><\/span><\/p>\n<h5><b><span dir=\"auto\" style=\"vertical-align: inherit;\"><span dir=\"auto\" style=\"vertical-align: inherit;\">When is raccoon control necessary?<\/span><\/span><\/b><\/h5>\n<p><span dir=\"auto\" style=\"vertical-align: inherit;\"><span dir=\"auto\" style=\"vertical-align: inherit;\">Despite their ecological benefits, raccoons can cause problems when they invade homes. They often seek refuge in attics and basements, leading to property damage. Raccoons also carry diseases like rabies and leptospirosis, which can pose health risks to both humans and pets. <\/span><\/span><br \/>\n<span dir=\"auto\" style=\"vertical-align: inherit;\"><span dir=\"auto\" style=\"vertical-align: inherit;\">In such cases,\u00a0 professional raccoon <\/span><\/span><span style=\"font-weight: 400;\"><span dir=\"auto\" style=\"vertical-align: inherit;\"><span dir=\"auto\" style=\"vertical-align: inherit;\">control<\/span><\/span><\/span><span dir=\"auto\" style=\"vertical-align: inherit;\"><span dir=\"auto\" style=\"vertical-align: inherit;\"> by Aspen Wildlife Control is essential to protect your home and family from potential dangers.<\/span><\/span><\/p>\n<h5><b><span dir=\"auto\" style=\"vertical-align: inherit;\"><span dir=\"auto\" style=\"vertical-align: inherit;\">Human-centered control solutions<\/span><\/span><\/b><\/h5>\n<p><span dir=\"auto\" style=\"vertical-align: inherit;\"><span dir=\"auto\" style=\"vertical-align: inherit;\"><a href=\"https:\/\/aspenwildlifecontrol.com\/pest-control\/raccoon-pest-control\/\">Raccoon control<\/a> should always be handled humanely. <a href=\"https:\/\/aspenwildlifecontrol.com\">Aspen Wildlife Control<\/a> uses safe methods to relocate animals without harming them, while also securing your home to prevent future infestations. Raccoons contribute to the local ecosystem, but when they become a threat to property or health,\u00a0 <\/span><span dir=\"auto\" style=\"vertical-align: inherit;\">professional\u00a0 <\/span><\/span><span style=\"font-weight: 400;\"><span dir=\"auto\" style=\"vertical-align: inherit;\"><span dir=\"auto\" style=\"vertical-align: inherit;\">control <\/span><\/span><\/span><span style=\"font-weight: 400;\"><span dir=\"auto\" style=\"vertical-align: inherit;\"><span dir=\"auto\" style=\"vertical-align: inherit;\">by<\/span><\/span><\/span><span dir=\"auto\" style=\"vertical-align: inherit;\"><span dir=\"auto\" style=\"vertical-align: inherit;\"> Aspen Wildlife Control ensures safety. If raccoons have entered your home, contact a <\/span><\/span><span style=\"font-weight: 400;\"><span dir=\"auto\" style=\"vertical-align: inherit;\"><span dir=\"auto\" style=\"vertical-align: inherit;\">control<\/span><\/span><\/span><span dir=\"auto\" style=\"vertical-align: inherit;\"><span dir=\"auto\" style=\"vertical-align: inherit;\"> service to manage the problem responsibly.<\/span><\/span><\/p>\n","protected":false},"excerpt":{"rendered":"<p>Raccoons, often considered pests, play an important role in the Ottawa-Gatineau ecosystem. They help control insect and rodent populations and contribute to plant growth by dispersing seeds through their droppings. This helps maintain biodiversity in both urban and forested areas. Ecological contributions As omnivores, raccoons help maintain the balance of the environment by consuming a&hellip; <a class=\"more-link\" href=\"https:\/\/aspenwildlifecontrol.com\/fr\/prestations-de-service\/ratons-laveurs\/comprendre-le-role-des-ratons-laveurs-dans-lecosysteme-a-ottawa-gatineau-et-quand-la-capture-des-ratons-laveurs-est-necessaire\/\">Poursuivre la lecture <span class=\"screen-reader-text\">Comprendre le r\u00f4le des ratons laveurs dans l\u2019\u00e9cosyst\u00e8me \u00e0 Ottawa-Gatineau et quand le contr\u00f4le des ratons laveurs est n\u00e9cessaire<\/span><\/a><\/p>\n","protected":false},"author":1,"featured_media":0,"parent":973,"menu_order":0,"comment_status":"closed","ping_status":"closed","template":"","meta":{"_acf_changed":false,"footnotes":""},"class_list":["post-1157","page","type-page","status-publish","hentry","entry"],"acf":[],"yoast_head":"<!-- This site is optimized with the Yoast SEO Premium plugin v26.8 (Yoast SEO v27.4) - https:\/\/yoast.com\/product\/yoast-seo-premium-wordpress\/ -->\n<title>R\u00f4le des Ratons Laveurs et contr\u00f4le \u00e0 Ottawa-Gatineau<\/title>\n<meta name=\"description\" content=\"D\u00e9couvrez le r\u00f4le \u00e9cologique des ratons laveurs \u00e0 Ottawa-Gatineau et quand la contr\u00f4le professionnel est n\u00e9cessaire.\" \/>\n<meta name=\"robots\" content=\"index, follow, max-snippet:-1, max-image-preview:large, max-video-preview:-1\" \/>\n<link rel=\"canonical\" href=\"https:\/\/aspenwildlifecontrol.com\/fr\/prestations-de-service\/ratons-laveurs\/comprendre-le-role-des-ratons-laveurs-dans-lecosysteme-a-ottawa-gatineau-et-quand-la-capture-des-ratons-laveurs-est-necessaire\/\" \/>\n<meta property=\"og:locale\" content=\"fr_FR\" \/>\n<meta property=\"og:type\" content=\"article\" \/>\n<meta property=\"og:title\" content=\"Comprendre le r\u00f4le des ratons laveurs dans l\u2019\u00e9cosyst\u00e8me \u00e0 Ottawa-Gatineau et quand le contr\u00f4le des ratons laveurs est n\u00e9cessaire\" \/>\n<meta property=\"og:description\" content=\"D\u00e9couvrez le r\u00f4le \u00e9cologique des ratons laveurs \u00e0 Ottawa-Gatineau et quand la contr\u00f4le professionnel est n\u00e9cessaire.\" \/>\n<meta property=\"og:url\" content=\"https:\/\/aspenwildlifecontrol.com\/fr\/prestations-de-service\/ratons-laveurs\/comprendre-le-role-des-ratons-laveurs-dans-lecosysteme-a-ottawa-gatineau-et-quand-la-capture-des-ratons-laveurs-est-necessaire\/\" \/>\n<meta property=\"og:site_name\" content=\"Aspen Wildlife Control\" \/>\n<meta property=\"article:modified_time\" content=\"2026-02-17T20:15:24+00:00\" \/>\n<meta name=\"twitter:card\" content=\"summary_large_image\" \/>\n<meta name=\"twitter:label1\" content=\"Dur\u00e9e de lecture estim\u00e9e\" \/>\n\t<meta name=\"twitter:data1\" content=\"1 minute\" \/>\n<script type=\"application\/ld+json\" class=\"yoast-schema-graph\">{\"@context\":\"https:\\\/\\\/schema.org\",\"@graph\":[{\"@type\":\"WebPage\",\"@id\":\"https:\\\/\\\/aspenwildlifecontrol.com\\\/fr\\\/prestations-de-service\\\/ratons-laveurs\\\/comprendre-le-role-des-ratons-laveurs-dans-lecosysteme-a-ottawa-gatineau-et-quand-la-capture-des-ratons-laveurs-est-necessaire\\\/\",\"url\":\"https:\\\/\\\/aspenwildlifecontrol.com\\\/fr\\\/prestations-de-service\\\/ratons-laveurs\\\/comprendre-le-role-des-ratons-laveurs-dans-lecosysteme-a-ottawa-gatineau-et-quand-la-capture-des-ratons-laveurs-est-necessaire\\\/\",\"name\":\"R\u00f4le des Ratons Laveurs et contr\u00f4le \u00e0 Ottawa-Gatineau\",\"isPartOf\":{\"@id\":\"https:\\\/\\\/aspenwildlifecontrol.com\\\/fr\\\/#website\"},\"datePublished\":\"2024-10-29T18:45:07+00:00\",\"dateModified\":\"2026-02-17T20:15:24+00:00\",\"description\":\"D\u00e9couvrez le r\u00f4le \u00e9cologique des ratons laveurs \u00e0 Ottawa-Gatineau et quand la contr\u00f4le professionnel est n\u00e9cessaire.\",\"breadcrumb\":{\"@id\":\"https:\\\/\\\/aspenwildlifecontrol.com\\\/fr\\\/prestations-de-service\\\/ratons-laveurs\\\/comprendre-le-role-des-ratons-laveurs-dans-lecosysteme-a-ottawa-gatineau-et-quand-la-capture-des-ratons-laveurs-est-necessaire\\\/#breadcrumb\"},\"inLanguage\":\"fr-FR\",\"potentialAction\":[{\"@type\":\"ReadAction\",\"target\":[\"https:\\\/\\\/aspenwildlifecontrol.com\\\/fr\\\/prestations-de-service\\\/ratons-laveurs\\\/comprendre-le-role-des-ratons-laveurs-dans-lecosysteme-a-ottawa-gatineau-et-quand-la-capture-des-ratons-laveurs-est-necessaire\\\/\"]}]},{\"@type\":\"BreadcrumbList\",\"@id\":\"https:\\\/\\\/aspenwildlifecontrol.com\\\/fr\\\/prestations-de-service\\\/ratons-laveurs\\\/comprendre-le-role-des-ratons-laveurs-dans-lecosysteme-a-ottawa-gatineau-et-quand-la-capture-des-ratons-laveurs-est-necessaire\\\/#breadcrumb\",\"itemListElement\":[{\"@type\":\"ListItem\",\"position\":1,\"name\":\"Home\",\"item\":\"https:\\\/\\\/aspenwildlifecontrol.com\\\/fr\\\/\"},{\"@type\":\"ListItem\",\"position\":2,\"name\":\"Service control animal\",\"item\":\"https:\\\/\\\/aspenwildlifecontrol.com\\\/fr\\\/prestations-de-service\\\/\"},{\"@type\":\"ListItem\",\"position\":3,\"name\":\"Ratons Laveurs\",\"item\":\"https:\\\/\\\/aspenwildlifecontrol.com\\\/fr\\\/prestations-de-service\\\/ratons-laveurs\\\/\"},{\"@type\":\"ListItem\",\"position\":4,\"name\":\"Comprendre le r\u00f4le des ratons laveurs dans l\u2019\u00e9cosyst\u00e8me \u00e0 Ottawa-Gatineau et quand le contr\u00f4le des ratons laveurs est n\u00e9cessaire\"}]},{\"@type\":\"WebSite\",\"@id\":\"https:\\\/\\\/aspenwildlifecontrol.com\\\/fr\\\/#website\",\"url\":\"https:\\\/\\\/aspenwildlifecontrol.com\\\/fr\\\/\",\"name\":\"Aspen Wildlife Control\",\"description\":\"Fast, humane wildlife removal in Ottawa-Gatineau \u2014 guaranteed results, 24\\\/7 service\",\"potentialAction\":[{\"@type\":\"SearchAction\",\"target\":{\"@type\":\"EntryPoint\",\"urlTemplate\":\"https:\\\/\\\/aspenwildlifecontrol.com\\\/fr\\\/?s={search_term_string}\"},\"query-input\":{\"@type\":\"PropertyValueSpecification\",\"valueRequired\":true,\"valueName\":\"search_term_string\"}}],\"inLanguage\":\"fr-FR\"}]}<\/script>\n<!-- \/ Yoast SEO Premium plugin. -->","yoast_head_json":{"title":"R\u00f4le des Ratons Laveurs et contr\u00f4le \u00e0 Ottawa-Gatineau","description":"D\u00e9couvrez le r\u00f4le \u00e9cologique des ratons laveurs \u00e0 Ottawa-Gatineau et quand la contr\u00f4le professionnel est n\u00e9cessaire.","robots":{"index":"index","follow":"follow","max-snippet":"max-snippet:-1","max-image-preview":"max-image-preview:large","max-video-preview":"max-video-preview:-1"},"canonical":"https:\/\/aspenwildlifecontrol.com\/fr\/prestations-de-service\/ratons-laveurs\/comprendre-le-role-des-ratons-laveurs-dans-lecosysteme-a-ottawa-gatineau-et-quand-la-capture-des-ratons-laveurs-est-necessaire\/","og_locale":"fr_FR","og_type":"article","og_title":"Comprendre le r\u00f4le des ratons laveurs dans l\u2019\u00e9cosyst\u00e8me \u00e0 Ottawa-Gatineau et quand le contr\u00f4le des ratons laveurs est n\u00e9cessaire","og_description":"D\u00e9couvrez le r\u00f4le \u00e9cologique des ratons laveurs \u00e0 Ottawa-Gatineau et quand la contr\u00f4le professionnel est n\u00e9cessaire.","og_url":"https:\/\/aspenwildlifecontrol.com\/fr\/prestations-de-service\/ratons-laveurs\/comprendre-le-role-des-ratons-laveurs-dans-lecosysteme-a-ottawa-gatineau-et-quand-la-capture-des-ratons-laveurs-est-necessaire\/","og_site_name":"Aspen Wildlife Control","article_modified_time":"2026-02-17T20:15:24+00:00","twitter_card":"summary_large_image","twitter_misc":{"Dur\u00e9e de lecture estim\u00e9e":"1 minute"},"schema":{"@context":"https:\/\/schema.org","@graph":[{"@type":"WebPage","@id":"https:\/\/aspenwildlifecontrol.com\/fr\/prestations-de-service\/ratons-laveurs\/comprendre-le-role-des-ratons-laveurs-dans-lecosysteme-a-ottawa-gatineau-et-quand-la-capture-des-ratons-laveurs-est-necessaire\/","url":"https:\/\/aspenwildlifecontrol.com\/fr\/prestations-de-service\/ratons-laveurs\/comprendre-le-role-des-ratons-laveurs-dans-lecosysteme-a-ottawa-gatineau-et-quand-la-capture-des-ratons-laveurs-est-necessaire\/","name":"R\u00f4le des Ratons Laveurs et contr\u00f4le \u00e0 Ottawa-Gatineau","isPartOf":{"@id":"https:\/\/aspenwildlifecontrol.com\/fr\/#website"},"datePublished":"2024-10-29T18:45:07+00:00","dateModified":"2026-02-17T20:15:24+00:00","description":"D\u00e9couvrez le r\u00f4le \u00e9cologique des ratons laveurs \u00e0 Ottawa-Gatineau et quand la contr\u00f4le professionnel est n\u00e9cessaire.","breadcrumb":{"@id":"https:\/\/aspenwildlifecontrol.com\/fr\/prestations-de-service\/ratons-laveurs\/comprendre-le-role-des-ratons-laveurs-dans-lecosysteme-a-ottawa-gatineau-et-quand-la-capture-des-ratons-laveurs-est-necessaire\/#breadcrumb"},"inLanguage":"fr-FR","potentialAction":[{"@type":"ReadAction","target":["https:\/\/aspenwildlifecontrol.com\/fr\/prestations-de-service\/ratons-laveurs\/comprendre-le-role-des-ratons-laveurs-dans-lecosysteme-a-ottawa-gatineau-et-quand-la-capture-des-ratons-laveurs-est-necessaire\/"]}]},{"@type":"BreadcrumbList","@id":"https:\/\/aspenwildlifecontrol.com\/fr\/prestations-de-service\/ratons-laveurs\/comprendre-le-role-des-ratons-laveurs-dans-lecosysteme-a-ottawa-gatineau-et-quand-la-capture-des-ratons-laveurs-est-necessaire\/#breadcrumb","itemListElement":[{"@type":"ListItem","position":1,"name":"Home","item":"https:\/\/aspenwildlifecontrol.com\/fr\/"},{"@type":"ListItem","position":2,"name":"Service control animal","item":"https:\/\/aspenwildlifecontrol.com\/fr\/prestations-de-service\/"},{"@type":"ListItem","position":3,"name":"Ratons Laveurs","item":"https:\/\/aspenwildlifecontrol.com\/fr\/prestations-de-service\/ratons-laveurs\/"},{"@type":"ListItem","position":4,"name":"Comprendre le r\u00f4le des ratons laveurs dans l\u2019\u00e9cosyst\u00e8me \u00e0 Ottawa-Gatineau et quand le contr\u00f4le des ratons laveurs est n\u00e9cessaire"}]},{"@type":"WebSite","@id":"https:\/\/aspenwildlifecontrol.com\/fr\/#website","url":"https:\/\/aspenwildlifecontrol.com\/fr\/","name":"Aspen Wildlife Control","description":"Fast, humane wildlife removal in Ottawa-Gatineau \u2014 guaranteed results, 24\/7 service","potentialAction":[{"@type":"SearchAction","target":{"@type":"EntryPoint","urlTemplate":"https:\/\/aspenwildlifecontrol.com\/fr\/?s={search_term_string}"},"query-input":{"@type":"PropertyValueSpecification","valueRequired":true,"valueName":"search_term_string"}}],"inLanguage":"fr-FR"}]}},"_links":{"self":[{"href":"https:\/\/aspenwildlifecontrol.com\/fr\/wp-json\/wp\/v2\/pages\/1157","targetHints":{"allow":["GET"]}}],"collection":[{"href":"https:\/\/aspenwildlifecontrol.com\/fr\/wp-json\/wp\/v2\/pages"}],"about":[{"href":"https:\/\/aspenwildlifecontrol.com\/fr\/wp-json\/wp\/v2\/types\/page"}],"author":[{"embeddable":true,"href":"https:\/\/aspenwildlifecontrol.com\/fr\/wp-json\/wp\/v2\/users\/1"}],"replies":[{"embeddable":true,"href":"https:\/\/aspenwildlifecontrol.com\/fr\/wp-json\/wp\/v2\/comments?post=1157"}],"version-history":[{"count":6,"href":"https:\/\/aspenwildlifecontrol.com\/fr\/wp-json\/wp\/v2\/pages\/1157\/revisions"}],"predecessor-version":[{"id":4255,"href":"https:\/\/aspenwildlifecontrol.com\/fr\/wp-json\/wp\/v2\/pages\/1157\/revisions\/4255"}],"up":[{"embeddable":true,"href":"https:\/\/aspenwildlifecontrol.com\/fr\/wp-json\/wp\/v2\/pages\/973"}],"wp:attachment":[{"href":"https:\/\/aspenwildlifecontrol.com\/fr\/wp-json\/wp\/v2\/media?parent=1157"}],"curies":[{"name":"wp","href":"https:\/\/api.w.org\/{rel}","templated":true}]}}