{"id":1156,"date":"2024-10-29T14:40:41","date_gmt":"2024-10-29T18:40:41","guid":{"rendered":"https:\/\/aspenwildlifecontrol.com\/prestations-de-service\/ratons-laveurs\/comment-les-changements-de-temperatures-affectent-le-comportement-des-ratons-laveurs-et-la-capture-des-ratons-laveurs-a-ottawa-gatineau\/"},"modified":"2026-01-14T16:38:00","modified_gmt":"2026-01-14T21:38:00","slug":"comment-les-changements-de-temperatures-affectent-le-comportement-des-ratons-laveurs-et-la-capture-des-ratons-laveurs-a-ottawa-gatineau","status":"publish","type":"page","link":"https:\/\/aspenwildlifecontrol.com\/fr\/prestations-de-service\/ratons-laveurs\/comment-les-changements-de-temperatures-affectent-le-comportement-des-ratons-laveurs-et-la-capture-des-ratons-laveurs-a-ottawa-gatineau\/","title":{"rendered":"Comment les changements de temp\u00e9ratures affectent le comportement des ratons laveurs et le contr\u00f4le des ratons laveurs \u00e0 Ottawa-Gatineau"},"content":{"rendered":"<p><span style=\"font-weight: 400;\">Les ratons laveurs sont des cr\u00e9atures adaptables, et leur comportement change avec les saisons. \u00c0 Ottawa-Gatineau, les conditions m\u00e9t\u00e9orologiques jouent un r\u00f4le important dans les endroits o\u00f9 les ratons laveurs cherchent refuge et la fr\u00e9quence \u00e0 laquelle ils envahissent les maisons. Comprendre ces changements peut vous aider \u00e0 savoir quand agir et appeler des services professionnels de contr\u00f4le des ratons laveurs.<\/span><\/p>\n<h5><b>Printemps et \u00e9t\u00e9 : activit\u00e9 accrue<\/b><\/h5>\n<p>Au printemps et en \u00e9t\u00e9, les ratons laveurs deviennent plus actifs en entrant dans leur saison de reproduction. Ils recherchent des endroits s\u00fbrs pour \u00e9lever leurs jeunes, ciblant souvent les greniers, les cabanons ou les chemin\u00e9es. Les temp\u00e9ratures plus chaudes signifient \u00e9galement plus de sources de nourriture, attirant les ratons laveurs pr\u00e8s des maisons. Si vous remarquez une activit\u00e9 de ratons laveurs durant cette p\u00e9riode, il est important d&rsquo;agir rapidement et de contacter un professionnel pour le\u00a0<span style=\"font-weight: 400;\">contr\u00f4le<\/span> des ratons laveurs.<\/p>\n<h5><b>Automne : pr\u00e9paration pour l&rsquo;hiver<\/b><\/h5>\n<p>\u00c0 mesure que le temps se refroidit \u00e0 l&rsquo;automne, les ratons laveurs se pr\u00e9parent pour l&rsquo;hiver en augmentant leur consommation de nourriture et en cherchant un abri. Ils recherchent souvent des zones chaudes et prot\u00e9g\u00e9es comme les garages ou les greniers. L&rsquo;automne est une p\u00e9riode cruciale pour s\u00e9curiser votre maison afin d&#8217;emp\u00eacher les ratons laveurs d&rsquo;y emm\u00e9nager. Assurez-vous de v\u00e9rifier les points d&rsquo;entr\u00e9e et de limiter les sources de nourriture. Si des ratons laveurs se sont d\u00e9j\u00e0 install\u00e9s, un service professionnel de <span style=\"font-weight: 400;\">contr\u00f4le<\/span> des ratons laveurs est n\u00e9cessaire pour \u00e9viter d&rsquo;autres probl\u00e8mes.<\/p>\n<h5><b>Hiver : recherche de chaleur<\/b><\/h5>\n<p>En hiver, les ratons laveurs deviennent moins actifs mais recherchent toujours des espaces chauds pour se prot\u00e9ger. Les greniers, les vides sanitaires et les sous-sols sont des endroits courants o\u00f9 ils pourraient nicher pour \u00e9chapper au froid. Bien qu&rsquo;ils soient moins visibles pendant l&rsquo;hiver, les ratons laveurs peuvent causer des dommages importants. Si vous entendez des signes d&rsquo;activit\u00e9, il est pr\u00e9f\u00e9rable d&rsquo;appeler un service professionnel de <span style=\"font-weight: 400;\">contr\u00f4le<\/span> des ratons laveurs.<\/p>\n<h5><b>Importance de la contr\u00f4le professionnelle tout au long de l&rsquo;ann\u00e9e<\/b><\/h5>\n<p>Bien que les ratons laveurs soient plus actifs durant certaines saisons, ils peuvent entrer dans les maisons \u00e0 tout moment de l&rsquo;ann\u00e9e. Que ce soit au printemps ou en hiver, les ratons laveurs peuvent endommager l&rsquo;isolation, le c\u00e2blage et les structures. Le\u00a0<span style=\"font-weight: 400;\">contr\u00f4le<\/span> professionnelle des ratons laveurs garantit des solutions humaines et pr\u00e9vient les futures infestations.<\/p>\n<p><span style=\"font-weight: 400;\">Les conditions m\u00e9t\u00e9orologiques influencent le comportement des ratons laveurs, mais la n\u00e9cessit\u00e9 de vigilance reste pr\u00e9sente toute l&rsquo;ann\u00e9e. Qu&rsquo;ils recherchent de la nourriture au printemps ou un abri en hiver, les ratons laveurs peuvent \u00eatre un probl\u00e8me pour les propri\u00e9taires \u00e0 Ottawa-Gatineau. Si vous soup\u00e7onnez une infestation, contactez imm\u00e9diatement des services professionnels de contr\u00f4le des ratons laveurs pour prot\u00e9ger votre maison.<\/span><\/p>\n","protected":false},"excerpt":{"rendered":"<p>Les ratons laveurs sont des cr\u00e9atures adaptables, et leur comportement change avec les saisons. \u00c0 Ottawa-Gatineau, les conditions m\u00e9t\u00e9orologiques jouent un r\u00f4le important dans les endroits o\u00f9 les ratons laveurs cherchent refuge et la fr\u00e9quence \u00e0 laquelle ils envahissent les maisons. Comprendre ces changements peut vous aider \u00e0 savoir quand agir et appeler des services&hellip; <a class=\"more-link\" href=\"https:\/\/aspenwildlifecontrol.com\/fr\/prestations-de-service\/ratons-laveurs\/comment-les-changements-de-temperatures-affectent-le-comportement-des-ratons-laveurs-et-la-capture-des-ratons-laveurs-a-ottawa-gatineau\/\">Poursuivre la lecture <span class=\"screen-reader-text\">Comment les changements de temp\u00e9ratures affectent le comportement des ratons laveurs et le contr\u00f4le des ratons laveurs \u00e0 Ottawa-Gatineau<\/span><\/a><\/p>\n","protected":false},"author":1,"featured_media":0,"parent":973,"menu_order":0,"comment_status":"closed","ping_status":"closed","template":"","meta":{"_acf_changed":false,"footnotes":""},"class_list":["post-1156","page","type-page","status-publish","hentry","entry"],"acf":{"content":null,"cta_custom":"<h5>Services sur demande<\/h5>\r\nVous avez besoin de services d'enl\u00e8vement de ratons laveurs \u00e0 Ottawa-Gatineau ?\u00a0 <a href=\"https:\/\/aspenwildlifecontrol.com\/fr\/contact\/\">Contactez-nous<\/a>","schema":""},"yoast_head":"<!-- This site is optimized with the Yoast SEO Premium plugin v26.8 (Yoast SEO v27.6) - https:\/\/yoast.com\/product\/yoast-seo-premium-wordpress\/ -->\n<title>Impact des Changements de Temp\u00e9rature sur les Ratons Laveurs<\/title>\n<meta name=\"description\" content=\"D\u00e9couvrez comment les variations de temp\u00e9rature influencent le comportement des ratons laveurs et le contr\u00f4le professionnel \u00e0 Gatineau.\" \/>\n<meta name=\"robots\" content=\"index, follow, max-snippet:-1, max-image-preview:large, max-video-preview:-1\" \/>\n<link rel=\"canonical\" href=\"https:\/\/aspenwildlifecontrol.com\/fr\/prestations-de-service\/ratons-laveurs\/comment-les-changements-de-temperatures-affectent-le-comportement-des-ratons-laveurs-et-la-capture-des-ratons-laveurs-a-ottawa-gatineau\/\" \/>\n<meta property=\"og:locale\" content=\"fr_FR\" \/>\n<meta property=\"og:type\" content=\"article\" \/>\n<meta property=\"og:title\" content=\"Comment les changements de temp\u00e9ratures affectent le comportement des ratons laveurs et le contr\u00f4le des ratons laveurs \u00e0 Ottawa-Gatineau\" \/>\n<meta property=\"og:description\" content=\"D\u00e9couvrez comment les variations de temp\u00e9rature influencent le comportement des ratons laveurs et le contr\u00f4le professionnel \u00e0 Gatineau.\" \/>\n<meta property=\"og:url\" content=\"https:\/\/aspenwildlifecontrol.com\/fr\/prestations-de-service\/ratons-laveurs\/comment-les-changements-de-temperatures-affectent-le-comportement-des-ratons-laveurs-et-la-capture-des-ratons-laveurs-a-ottawa-gatineau\/\" \/>\n<meta property=\"og:site_name\" content=\"Aspen Wildlife Control\" \/>\n<meta property=\"article:modified_time\" content=\"2026-01-14T21:38:00+00:00\" \/>\n<meta name=\"twitter:card\" content=\"summary_large_image\" \/>\n<meta name=\"twitter:label1\" content=\"Dur\u00e9e de lecture estim\u00e9e\" \/>\n\t<meta name=\"twitter:data1\" content=\"2 minutes\" \/>\n<script type=\"application\/ld+json\" class=\"yoast-schema-graph\">{\"@context\":\"https:\\\/\\\/schema.org\",\"@graph\":[{\"@type\":\"WebPage\",\"@id\":\"https:\\\/\\\/aspenwildlifecontrol.com\\\/fr\\\/prestations-de-service\\\/ratons-laveurs\\\/comment-les-changements-de-temperatures-affectent-le-comportement-des-ratons-laveurs-et-la-capture-des-ratons-laveurs-a-ottawa-gatineau\\\/\",\"url\":\"https:\\\/\\\/aspenwildlifecontrol.com\\\/fr\\\/prestations-de-service\\\/ratons-laveurs\\\/comment-les-changements-de-temperatures-affectent-le-comportement-des-ratons-laveurs-et-la-capture-des-ratons-laveurs-a-ottawa-gatineau\\\/\",\"name\":\"Impact des Changements de Temp\u00e9rature sur les Ratons Laveurs\",\"isPartOf\":{\"@id\":\"https:\\\/\\\/aspenwildlifecontrol.com\\\/fr\\\/#website\"},\"datePublished\":\"2024-10-29T18:40:41+00:00\",\"dateModified\":\"2026-01-14T21:38:00+00:00\",\"description\":\"D\u00e9couvrez comment les variations de temp\u00e9rature influencent le comportement des ratons laveurs et le contr\u00f4le professionnel \u00e0 Gatineau.\",\"breadcrumb\":{\"@id\":\"https:\\\/\\\/aspenwildlifecontrol.com\\\/fr\\\/prestations-de-service\\\/ratons-laveurs\\\/comment-les-changements-de-temperatures-affectent-le-comportement-des-ratons-laveurs-et-la-capture-des-ratons-laveurs-a-ottawa-gatineau\\\/#breadcrumb\"},\"inLanguage\":\"fr-FR\",\"potentialAction\":[{\"@type\":\"ReadAction\",\"target\":[\"https:\\\/\\\/aspenwildlifecontrol.com\\\/fr\\\/prestations-de-service\\\/ratons-laveurs\\\/comment-les-changements-de-temperatures-affectent-le-comportement-des-ratons-laveurs-et-la-capture-des-ratons-laveurs-a-ottawa-gatineau\\\/\"]}]},{\"@type\":\"BreadcrumbList\",\"@id\":\"https:\\\/\\\/aspenwildlifecontrol.com\\\/fr\\\/prestations-de-service\\\/ratons-laveurs\\\/comment-les-changements-de-temperatures-affectent-le-comportement-des-ratons-laveurs-et-la-capture-des-ratons-laveurs-a-ottawa-gatineau\\\/#breadcrumb\",\"itemListElement\":[{\"@type\":\"ListItem\",\"position\":1,\"name\":\"Home\",\"item\":\"https:\\\/\\\/aspenwildlifecontrol.com\\\/fr\\\/\"},{\"@type\":\"ListItem\",\"position\":2,\"name\":\"Service control animal\",\"item\":\"https:\\\/\\\/aspenwildlifecontrol.com\\\/fr\\\/prestations-de-service\\\/\"},{\"@type\":\"ListItem\",\"position\":3,\"name\":\"Ratons Laveurs\",\"item\":\"https:\\\/\\\/aspenwildlifecontrol.com\\\/fr\\\/prestations-de-service\\\/ratons-laveurs\\\/\"},{\"@type\":\"ListItem\",\"position\":4,\"name\":\"Comment les changements de temp\u00e9ratures affectent le comportement des ratons laveurs et le contr\u00f4le des ratons laveurs \u00e0 Ottawa-Gatineau\"}]},{\"@type\":\"WebSite\",\"@id\":\"https:\\\/\\\/aspenwildlifecontrol.com\\\/fr\\\/#website\",\"url\":\"https:\\\/\\\/aspenwildlifecontrol.com\\\/fr\\\/\",\"name\":\"Aspen Wildlife Control\",\"description\":\"Fast, humane wildlife removal in Ottawa-Gatineau \u2014 guaranteed results, 24\\\/7 service\",\"potentialAction\":[{\"@type\":\"SearchAction\",\"target\":{\"@type\":\"EntryPoint\",\"urlTemplate\":\"https:\\\/\\\/aspenwildlifecontrol.com\\\/fr\\\/?s={search_term_string}\"},\"query-input\":{\"@type\":\"PropertyValueSpecification\",\"valueRequired\":true,\"valueName\":\"search_term_string\"}}],\"inLanguage\":\"fr-FR\"}]}<\/script>\n<!-- \/ Yoast SEO Premium plugin. -->","yoast_head_json":{"title":"Impact des Changements de Temp\u00e9rature sur les Ratons Laveurs","description":"D\u00e9couvrez comment les variations de temp\u00e9rature influencent le comportement des ratons laveurs et le contr\u00f4le professionnel \u00e0 Gatineau.","robots":{"index":"index","follow":"follow","max-snippet":"max-snippet:-1","max-image-preview":"max-image-preview:large","max-video-preview":"max-video-preview:-1"},"canonical":"https:\/\/aspenwildlifecontrol.com\/fr\/prestations-de-service\/ratons-laveurs\/comment-les-changements-de-temperatures-affectent-le-comportement-des-ratons-laveurs-et-la-capture-des-ratons-laveurs-a-ottawa-gatineau\/","og_locale":"fr_FR","og_type":"article","og_title":"Comment les changements de temp\u00e9ratures affectent le comportement des ratons laveurs et le contr\u00f4le des ratons laveurs \u00e0 Ottawa-Gatineau","og_description":"D\u00e9couvrez comment les variations de temp\u00e9rature influencent le comportement des ratons laveurs et le contr\u00f4le professionnel \u00e0 Gatineau.","og_url":"https:\/\/aspenwildlifecontrol.com\/fr\/prestations-de-service\/ratons-laveurs\/comment-les-changements-de-temperatures-affectent-le-comportement-des-ratons-laveurs-et-la-capture-des-ratons-laveurs-a-ottawa-gatineau\/","og_site_name":"Aspen Wildlife Control","article_modified_time":"2026-01-14T21:38:00+00:00","twitter_card":"summary_large_image","twitter_misc":{"Dur\u00e9e de lecture estim\u00e9e":"2 minutes"},"schema":{"@context":"https:\/\/schema.org","@graph":[{"@type":"WebPage","@id":"https:\/\/aspenwildlifecontrol.com\/fr\/prestations-de-service\/ratons-laveurs\/comment-les-changements-de-temperatures-affectent-le-comportement-des-ratons-laveurs-et-la-capture-des-ratons-laveurs-a-ottawa-gatineau\/","url":"https:\/\/aspenwildlifecontrol.com\/fr\/prestations-de-service\/ratons-laveurs\/comment-les-changements-de-temperatures-affectent-le-comportement-des-ratons-laveurs-et-la-capture-des-ratons-laveurs-a-ottawa-gatineau\/","name":"Impact des Changements de Temp\u00e9rature sur les Ratons Laveurs","isPartOf":{"@id":"https:\/\/aspenwildlifecontrol.com\/fr\/#website"},"datePublished":"2024-10-29T18:40:41+00:00","dateModified":"2026-01-14T21:38:00+00:00","description":"D\u00e9couvrez comment les variations de temp\u00e9rature influencent le comportement des ratons laveurs et le contr\u00f4le professionnel \u00e0 Gatineau.","breadcrumb":{"@id":"https:\/\/aspenwildlifecontrol.com\/fr\/prestations-de-service\/ratons-laveurs\/comment-les-changements-de-temperatures-affectent-le-comportement-des-ratons-laveurs-et-la-capture-des-ratons-laveurs-a-ottawa-gatineau\/#breadcrumb"},"inLanguage":"fr-FR","potentialAction":[{"@type":"ReadAction","target":["https:\/\/aspenwildlifecontrol.com\/fr\/prestations-de-service\/ratons-laveurs\/comment-les-changements-de-temperatures-affectent-le-comportement-des-ratons-laveurs-et-la-capture-des-ratons-laveurs-a-ottawa-gatineau\/"]}]},{"@type":"BreadcrumbList","@id":"https:\/\/aspenwildlifecontrol.com\/fr\/prestations-de-service\/ratons-laveurs\/comment-les-changements-de-temperatures-affectent-le-comportement-des-ratons-laveurs-et-la-capture-des-ratons-laveurs-a-ottawa-gatineau\/#breadcrumb","itemListElement":[{"@type":"ListItem","position":1,"name":"Home","item":"https:\/\/aspenwildlifecontrol.com\/fr\/"},{"@type":"ListItem","position":2,"name":"Service control animal","item":"https:\/\/aspenwildlifecontrol.com\/fr\/prestations-de-service\/"},{"@type":"ListItem","position":3,"name":"Ratons Laveurs","item":"https:\/\/aspenwildlifecontrol.com\/fr\/prestations-de-service\/ratons-laveurs\/"},{"@type":"ListItem","position":4,"name":"Comment les changements de temp\u00e9ratures affectent le comportement des ratons laveurs et le contr\u00f4le des ratons laveurs \u00e0 Ottawa-Gatineau"}]},{"@type":"WebSite","@id":"https:\/\/aspenwildlifecontrol.com\/fr\/#website","url":"https:\/\/aspenwildlifecontrol.com\/fr\/","name":"Aspen Wildlife Control","description":"Fast, humane wildlife removal in Ottawa-Gatineau \u2014 guaranteed results, 24\/7 service","potentialAction":[{"@type":"SearchAction","target":{"@type":"EntryPoint","urlTemplate":"https:\/\/aspenwildlifecontrol.com\/fr\/?s={search_term_string}"},"query-input":{"@type":"PropertyValueSpecification","valueRequired":true,"valueName":"search_term_string"}}],"inLanguage":"fr-FR"}]}},"_links":{"self":[{"href":"https:\/\/aspenwildlifecontrol.com\/fr\/wp-json\/wp\/v2\/pages\/1156","targetHints":{"allow":["GET"]}}],"collection":[{"href":"https:\/\/aspenwildlifecontrol.com\/fr\/wp-json\/wp\/v2\/pages"}],"about":[{"href":"https:\/\/aspenwildlifecontrol.com\/fr\/wp-json\/wp\/v2\/types\/page"}],"author":[{"embeddable":true,"href":"https:\/\/aspenwildlifecontrol.com\/fr\/wp-json\/wp\/v2\/users\/1"}],"replies":[{"embeddable":true,"href":"https:\/\/aspenwildlifecontrol.com\/fr\/wp-json\/wp\/v2\/comments?post=1156"}],"version-history":[{"count":6,"href":"https:\/\/aspenwildlifecontrol.com\/fr\/wp-json\/wp\/v2\/pages\/1156\/revisions"}],"predecessor-version":[{"id":4118,"href":"https:\/\/aspenwildlifecontrol.com\/fr\/wp-json\/wp\/v2\/pages\/1156\/revisions\/4118"}],"up":[{"embeddable":true,"href":"https:\/\/aspenwildlifecontrol.com\/fr\/wp-json\/wp\/v2\/pages\/973"}],"wp:attachment":[{"href":"https:\/\/aspenwildlifecontrol.com\/fr\/wp-json\/wp\/v2\/media?parent=1156"}],"curies":[{"name":"wp","href":"https:\/\/api.w.org\/{rel}","templated":true}]}}