{"id":1154,"date":"2024-10-29T13:47:28","date_gmt":"2024-10-29T17:47:28","guid":{"rendered":"https:\/\/aspenwildlifecontrol.com\/prestations-de-service\/ratons-laveurs\/conseils-pour-securiser-votre-maison-a-ottawa-gatineau-avec-des-services-de-capture-des-ratons-laveurs\/"},"modified":"2026-01-14T16:43:26","modified_gmt":"2026-01-14T21:43:26","slug":"conseils-pour-securiser-votre-maison-a-ottawa-gatineau-avec-des-services-de-capture-des-ratons-laveurs","status":"publish","type":"page","link":"https:\/\/aspenwildlifecontrol.com\/fr\/prestations-de-service\/ratons-laveurs\/conseils-pour-securiser-votre-maison-a-ottawa-gatineau-avec-des-services-de-capture-des-ratons-laveurs\/","title":{"rendered":"Conseils pour s\u00e9curiser votre maison \u00e0 Ottawa-Gatineau avec des services de contr\u00f4le des ratons laveurs"},"content":{"rendered":"<p><span style=\"font-weight: 400;\">Les ratons laveurs sont des cr\u00e9atures intelligentes et d\u00e9brouillardes qui trouvent souvent des moyens d&rsquo;entrer dans les maisons, en particulier dans les zones urbaines comme Ottawa et Gatineau. Ils recherchent un abri et de la nourriture, ce qui peut entra\u00eener des dommages mat\u00e9riels et des probl\u00e8mes de sant\u00e9. Prot\u00e9ger votre maison des ratons laveurs n\u00e9cessite une pr\u00e9vention strat\u00e9gique, et dans de nombreux cas, des services professionnels de contr\u00f4le des ratons laveurs. Voici quelques conseils cl\u00e9s pour emp\u00eacher les ratons laveurs d&rsquo;entrer dans votre maison et maintenir votre tranquillit\u00e9 d&rsquo;esprit.<\/span><\/p>\n<h5><b>Identifier et sceller les points d&rsquo;entr\u00e9e<\/b><\/h5>\n<p><span style=\"font-weight: 400;\">Les ratons laveurs sont experts pour trouver les points faibles de la structure de votre maison. Les points d&rsquo;entr\u00e9e courants incluent les ventilations de toit, les chemin\u00e9es, les soffites et les espaces autour des portes et des fen\u00eatres. Inspectez r\u00e9guli\u00e8rement votre maison pour d\u00e9tecter ces vuln\u00e9rabilit\u00e9s et s\u00e9curisez-les avec des mat\u00e9riaux durables comme du treillis m\u00e9tallique ou du mastic. Si vous avez besoin d&rsquo;aide pour identifier les points d&rsquo;entr\u00e9e, contactez un service professionnel de contr\u00f4le des ratons laveurs comme Aspen Wildlife Control pour une inspection approfondie.<\/span><\/p>\n<h5><b>G\u00e9rer les sources de nourriture<\/b><\/h5>\n<p><span style=\"font-weight: 400;\">Les ratons laveurs sont attir\u00e9s par les sources de nourriture facilement accessibles, notamment la nourriture pour animaux, les ordures et le compost. Assurez-vous que vos poubelles ont des couvercles herm\u00e9tiques, \u00e9vitez de laisser de la nourriture pour animaux \u00e0 l&rsquo;ext\u00e9rieur pendant la nuit et s\u00e9curisez correctement les composteurs. En \u00e9liminant les sources de nourriture faciles, vous r\u00e9duisez la probabilit\u00e9 d&rsquo;attirer des ratons laveurs sur votre propri\u00e9t\u00e9.<\/span><\/p>\n<h5><b>Installer des dispositifs de dissuasion<\/b><\/h5>\n<p><span style=\"font-weight: 400;\">Les ratons laveurs sont des animaux nocturnes qui prosp\u00e8rent dans des environnements sombres et calmes. Installer des lumi\u00e8res ou des arroseurs \u00e0 d\u00e9tection de mouvement peut aider \u00e0 les dissuader en cr\u00e9ant un environnement inconfortable. Vous pouvez \u00e9galement utiliser des r\u00e9pulsifs ultrasoniques ou installer des cl\u00f4tures autour des zones vuln\u00e9rables.<\/span><span style=\"font-weight: 400;\"><br \/>\n<\/span><span style=\"font-weight: 400;\">Un service professionnel comme Aspen Wildlife Control peut recommander des strat\u00e9gies de dissuasion suppl\u00e9mentaires si n\u00e9cessaire.<\/span><\/p>\n<h5><b>Tailler les arbres et entretenir votre jardin<\/b><\/h5>\n<p><span style=\"font-weight: 400;\">Les arbres et buissons envahis offrent aux ratons laveurs un acc\u00e8s facile aux toits et \u00e0 d&rsquo;\u00e9ventuels points d&rsquo;entr\u00e9e. Taillez r\u00e9guli\u00e8rement les branches qui s&rsquo;\u00e9tendent pr\u00e8s de votre maison et d\u00e9barrassez-vous de tout d\u00e9bris qui pourrait servir d&rsquo;abri. Un jardin bien entretenu d\u00e9courage les ratons laveurs de s&rsquo;attarder.<\/span><\/p>\n<h5><b>Faire appel aux professionnels<\/b><\/h5>\n<p><span style=\"font-weight: 400;\">Le contr\u00f4le des ratons laveurs par vous-m\u00eame peut \u00eatre dangereuse. Les ratons laveurs peuvent devenir agressifs lorsqu&rsquo;ils se sentent menac\u00e9s, et un contr\u00f4le incorrecte peut entra\u00eener des blessures ou des dommages mat\u00e9riels. Les services professionnels de contr\u00f4le des ratons laveurs, comme ceux offerts par Aspen Wildlife Control, utilisent des m\u00e9thodes humaines pour \u00e9loigner les ratons laveurs de votre maison de mani\u00e8re s\u00fbre et efficace, tout en s\u00e9curisant votre propri\u00e9t\u00e9 pour pr\u00e9venir de futures invasions.<\/span><\/p>\n<p><span style=\"font-weight: 400;\">Si vous \u00eates confront\u00e9 \u00e0 un probl\u00e8me de ratons laveurs, contactez un expert en contr\u00f4le des ratons laveurs \u00e0 Ottawa, comme Aspen Wildlife Control, pour des solutions s\u00fbres et efficaces.<\/span><\/p>\n","protected":false},"excerpt":{"rendered":"<p>Les ratons laveurs sont des cr\u00e9atures intelligentes et d\u00e9brouillardes qui trouvent souvent des moyens d&rsquo;entrer dans les maisons, en particulier dans les zones urbaines comme Ottawa et Gatineau. Ils recherchent un abri et de la nourriture, ce qui peut entra\u00eener des dommages mat\u00e9riels et des probl\u00e8mes de sant\u00e9. Prot\u00e9ger votre maison des ratons laveurs n\u00e9cessite&hellip; <a class=\"more-link\" href=\"https:\/\/aspenwildlifecontrol.com\/fr\/prestations-de-service\/ratons-laveurs\/conseils-pour-securiser-votre-maison-a-ottawa-gatineau-avec-des-services-de-capture-des-ratons-laveurs\/\">Poursuivre la lecture <span class=\"screen-reader-text\">Conseils pour s\u00e9curiser votre maison \u00e0 Ottawa-Gatineau avec des services de contr\u00f4le des ratons laveurs<\/span><\/a><\/p>\n","protected":false},"author":1,"featured_media":0,"parent":973,"menu_order":0,"comment_status":"closed","ping_status":"closed","template":"","meta":{"_acf_changed":false,"footnotes":""},"class_list":["post-1154","page","type-page","status-publish","hentry","entry"],"acf":{"content":null,"cta_custom":"<h5>Services sur demande<\/h5>\r\nVous avez besoin de services d'enl\u00e8vement de ratons laveurs \u00e0 Ottawa-Gatineau ?\u00a0 <a href=\"https:\/\/aspenwildlifecontrol.com\/fr\/contact\/\">Contactez-nous<\/a>","schema":""},"yoast_head":"<!-- This site is optimized with the Yoast SEO Premium plugin v26.8 (Yoast SEO v27.6) - https:\/\/yoast.com\/product\/yoast-seo-premium-wordpress\/ -->\n<title>S\u00e9curiser Votre Maison | contr\u00f4le de Ratons Laveurs Gatineau<\/title>\n<meta name=\"description\" content=\"Prot\u00e9gez votre maison \u00e0 Ottawa-Gatineau des ratons laveurs avec nos conseils et services de contr\u00f4le professionnels.\" \/>\n<meta name=\"robots\" content=\"index, follow, max-snippet:-1, max-image-preview:large, max-video-preview:-1\" \/>\n<link rel=\"canonical\" href=\"https:\/\/aspenwildlifecontrol.com\/fr\/prestations-de-service\/ratons-laveurs\/conseils-pour-securiser-votre-maison-a-ottawa-gatineau-avec-des-services-de-capture-des-ratons-laveurs\/\" \/>\n<meta property=\"og:locale\" content=\"fr_FR\" \/>\n<meta property=\"og:type\" content=\"article\" \/>\n<meta property=\"og:title\" content=\"Conseils pour s\u00e9curiser votre maison \u00e0 Ottawa-Gatineau avec des services de contr\u00f4le des ratons laveurs\" \/>\n<meta property=\"og:description\" content=\"Prot\u00e9gez votre maison \u00e0 Ottawa-Gatineau des ratons laveurs avec nos conseils et services de contr\u00f4le professionnels.\" \/>\n<meta property=\"og:url\" content=\"https:\/\/aspenwildlifecontrol.com\/fr\/prestations-de-service\/ratons-laveurs\/conseils-pour-securiser-votre-maison-a-ottawa-gatineau-avec-des-services-de-capture-des-ratons-laveurs\/\" \/>\n<meta property=\"og:site_name\" content=\"Aspen Wildlife Control\" \/>\n<meta property=\"article:modified_time\" content=\"2026-01-14T21:43:26+00:00\" \/>\n<meta name=\"twitter:card\" content=\"summary_large_image\" \/>\n<meta name=\"twitter:label1\" content=\"Dur\u00e9e de lecture estim\u00e9e\" \/>\n\t<meta name=\"twitter:data1\" content=\"3 minutes\" \/>\n<script type=\"application\/ld+json\" class=\"yoast-schema-graph\">{\"@context\":\"https:\\\/\\\/schema.org\",\"@graph\":[{\"@type\":\"WebPage\",\"@id\":\"https:\\\/\\\/aspenwildlifecontrol.com\\\/fr\\\/prestations-de-service\\\/ratons-laveurs\\\/conseils-pour-securiser-votre-maison-a-ottawa-gatineau-avec-des-services-de-capture-des-ratons-laveurs\\\/\",\"url\":\"https:\\\/\\\/aspenwildlifecontrol.com\\\/fr\\\/prestations-de-service\\\/ratons-laveurs\\\/conseils-pour-securiser-votre-maison-a-ottawa-gatineau-avec-des-services-de-capture-des-ratons-laveurs\\\/\",\"name\":\"S\u00e9curiser Votre Maison | contr\u00f4le de Ratons Laveurs Gatineau\",\"isPartOf\":{\"@id\":\"https:\\\/\\\/aspenwildlifecontrol.com\\\/fr\\\/#website\"},\"datePublished\":\"2024-10-29T17:47:28+00:00\",\"dateModified\":\"2026-01-14T21:43:26+00:00\",\"description\":\"Prot\u00e9gez votre maison \u00e0 Ottawa-Gatineau des ratons laveurs avec nos conseils et services de contr\u00f4le professionnels.\",\"breadcrumb\":{\"@id\":\"https:\\\/\\\/aspenwildlifecontrol.com\\\/fr\\\/prestations-de-service\\\/ratons-laveurs\\\/conseils-pour-securiser-votre-maison-a-ottawa-gatineau-avec-des-services-de-capture-des-ratons-laveurs\\\/#breadcrumb\"},\"inLanguage\":\"fr-FR\",\"potentialAction\":[{\"@type\":\"ReadAction\",\"target\":[\"https:\\\/\\\/aspenwildlifecontrol.com\\\/fr\\\/prestations-de-service\\\/ratons-laveurs\\\/conseils-pour-securiser-votre-maison-a-ottawa-gatineau-avec-des-services-de-capture-des-ratons-laveurs\\\/\"]}]},{\"@type\":\"BreadcrumbList\",\"@id\":\"https:\\\/\\\/aspenwildlifecontrol.com\\\/fr\\\/prestations-de-service\\\/ratons-laveurs\\\/conseils-pour-securiser-votre-maison-a-ottawa-gatineau-avec-des-services-de-capture-des-ratons-laveurs\\\/#breadcrumb\",\"itemListElement\":[{\"@type\":\"ListItem\",\"position\":1,\"name\":\"Home\",\"item\":\"https:\\\/\\\/aspenwildlifecontrol.com\\\/fr\\\/\"},{\"@type\":\"ListItem\",\"position\":2,\"name\":\"Service control animal\",\"item\":\"https:\\\/\\\/aspenwildlifecontrol.com\\\/fr\\\/prestations-de-service\\\/\"},{\"@type\":\"ListItem\",\"position\":3,\"name\":\"Ratons Laveurs\",\"item\":\"https:\\\/\\\/aspenwildlifecontrol.com\\\/fr\\\/prestations-de-service\\\/ratons-laveurs\\\/\"},{\"@type\":\"ListItem\",\"position\":4,\"name\":\"Conseils pour s\u00e9curiser votre maison \u00e0 Ottawa-Gatineau avec des services de contr\u00f4le des ratons laveurs\"}]},{\"@type\":\"WebSite\",\"@id\":\"https:\\\/\\\/aspenwildlifecontrol.com\\\/fr\\\/#website\",\"url\":\"https:\\\/\\\/aspenwildlifecontrol.com\\\/fr\\\/\",\"name\":\"Aspen Wildlife Control\",\"description\":\"Fast, humane wildlife removal in Ottawa-Gatineau \u2014 guaranteed results, 24\\\/7 service\",\"potentialAction\":[{\"@type\":\"SearchAction\",\"target\":{\"@type\":\"EntryPoint\",\"urlTemplate\":\"https:\\\/\\\/aspenwildlifecontrol.com\\\/fr\\\/?s={search_term_string}\"},\"query-input\":{\"@type\":\"PropertyValueSpecification\",\"valueRequired\":true,\"valueName\":\"search_term_string\"}}],\"inLanguage\":\"fr-FR\"}]}<\/script>\n<!-- \/ Yoast SEO Premium plugin. -->","yoast_head_json":{"title":"S\u00e9curiser Votre Maison | contr\u00f4le de Ratons Laveurs Gatineau","description":"Prot\u00e9gez votre maison \u00e0 Ottawa-Gatineau des ratons laveurs avec nos conseils et services de contr\u00f4le professionnels.","robots":{"index":"index","follow":"follow","max-snippet":"max-snippet:-1","max-image-preview":"max-image-preview:large","max-video-preview":"max-video-preview:-1"},"canonical":"https:\/\/aspenwildlifecontrol.com\/fr\/prestations-de-service\/ratons-laveurs\/conseils-pour-securiser-votre-maison-a-ottawa-gatineau-avec-des-services-de-capture-des-ratons-laveurs\/","og_locale":"fr_FR","og_type":"article","og_title":"Conseils pour s\u00e9curiser votre maison \u00e0 Ottawa-Gatineau avec des services de contr\u00f4le des ratons laveurs","og_description":"Prot\u00e9gez votre maison \u00e0 Ottawa-Gatineau des ratons laveurs avec nos conseils et services de contr\u00f4le professionnels.","og_url":"https:\/\/aspenwildlifecontrol.com\/fr\/prestations-de-service\/ratons-laveurs\/conseils-pour-securiser-votre-maison-a-ottawa-gatineau-avec-des-services-de-capture-des-ratons-laveurs\/","og_site_name":"Aspen Wildlife Control","article_modified_time":"2026-01-14T21:43:26+00:00","twitter_card":"summary_large_image","twitter_misc":{"Dur\u00e9e de lecture estim\u00e9e":"3 minutes"},"schema":{"@context":"https:\/\/schema.org","@graph":[{"@type":"WebPage","@id":"https:\/\/aspenwildlifecontrol.com\/fr\/prestations-de-service\/ratons-laveurs\/conseils-pour-securiser-votre-maison-a-ottawa-gatineau-avec-des-services-de-capture-des-ratons-laveurs\/","url":"https:\/\/aspenwildlifecontrol.com\/fr\/prestations-de-service\/ratons-laveurs\/conseils-pour-securiser-votre-maison-a-ottawa-gatineau-avec-des-services-de-capture-des-ratons-laveurs\/","name":"S\u00e9curiser Votre Maison | contr\u00f4le de Ratons Laveurs Gatineau","isPartOf":{"@id":"https:\/\/aspenwildlifecontrol.com\/fr\/#website"},"datePublished":"2024-10-29T17:47:28+00:00","dateModified":"2026-01-14T21:43:26+00:00","description":"Prot\u00e9gez votre maison \u00e0 Ottawa-Gatineau des ratons laveurs avec nos conseils et services de contr\u00f4le professionnels.","breadcrumb":{"@id":"https:\/\/aspenwildlifecontrol.com\/fr\/prestations-de-service\/ratons-laveurs\/conseils-pour-securiser-votre-maison-a-ottawa-gatineau-avec-des-services-de-capture-des-ratons-laveurs\/#breadcrumb"},"inLanguage":"fr-FR","potentialAction":[{"@type":"ReadAction","target":["https:\/\/aspenwildlifecontrol.com\/fr\/prestations-de-service\/ratons-laveurs\/conseils-pour-securiser-votre-maison-a-ottawa-gatineau-avec-des-services-de-capture-des-ratons-laveurs\/"]}]},{"@type":"BreadcrumbList","@id":"https:\/\/aspenwildlifecontrol.com\/fr\/prestations-de-service\/ratons-laveurs\/conseils-pour-securiser-votre-maison-a-ottawa-gatineau-avec-des-services-de-capture-des-ratons-laveurs\/#breadcrumb","itemListElement":[{"@type":"ListItem","position":1,"name":"Home","item":"https:\/\/aspenwildlifecontrol.com\/fr\/"},{"@type":"ListItem","position":2,"name":"Service control animal","item":"https:\/\/aspenwildlifecontrol.com\/fr\/prestations-de-service\/"},{"@type":"ListItem","position":3,"name":"Ratons Laveurs","item":"https:\/\/aspenwildlifecontrol.com\/fr\/prestations-de-service\/ratons-laveurs\/"},{"@type":"ListItem","position":4,"name":"Conseils pour s\u00e9curiser votre maison \u00e0 Ottawa-Gatineau avec des services de contr\u00f4le des ratons laveurs"}]},{"@type":"WebSite","@id":"https:\/\/aspenwildlifecontrol.com\/fr\/#website","url":"https:\/\/aspenwildlifecontrol.com\/fr\/","name":"Aspen Wildlife Control","description":"Fast, humane wildlife removal in Ottawa-Gatineau \u2014 guaranteed results, 24\/7 service","potentialAction":[{"@type":"SearchAction","target":{"@type":"EntryPoint","urlTemplate":"https:\/\/aspenwildlifecontrol.com\/fr\/?s={search_term_string}"},"query-input":{"@type":"PropertyValueSpecification","valueRequired":true,"valueName":"search_term_string"}}],"inLanguage":"fr-FR"}]}},"_links":{"self":[{"href":"https:\/\/aspenwildlifecontrol.com\/fr\/wp-json\/wp\/v2\/pages\/1154","targetHints":{"allow":["GET"]}}],"collection":[{"href":"https:\/\/aspenwildlifecontrol.com\/fr\/wp-json\/wp\/v2\/pages"}],"about":[{"href":"https:\/\/aspenwildlifecontrol.com\/fr\/wp-json\/wp\/v2\/types\/page"}],"author":[{"embeddable":true,"href":"https:\/\/aspenwildlifecontrol.com\/fr\/wp-json\/wp\/v2\/users\/1"}],"replies":[{"embeddable":true,"href":"https:\/\/aspenwildlifecontrol.com\/fr\/wp-json\/wp\/v2\/comments?post=1154"}],"version-history":[{"count":3,"href":"https:\/\/aspenwildlifecontrol.com\/fr\/wp-json\/wp\/v2\/pages\/1154\/revisions"}],"predecessor-version":[{"id":4122,"href":"https:\/\/aspenwildlifecontrol.com\/fr\/wp-json\/wp\/v2\/pages\/1154\/revisions\/4122"}],"up":[{"embeddable":true,"href":"https:\/\/aspenwildlifecontrol.com\/fr\/wp-json\/wp\/v2\/pages\/973"}],"wp:attachment":[{"href":"https:\/\/aspenwildlifecontrol.com\/fr\/wp-json\/wp\/v2\/media?parent=1154"}],"curies":[{"name":"wp","href":"https:\/\/api.w.org\/{rel}","templated":true}]}}