{"id":1146,"date":"2024-09-30T19:55:28","date_gmt":"2024-09-30T23:55:28","guid":{"rendered":"https:\/\/aspenwildlifecontrol.com\/prestations-de-service\/rats\/les-aspects-juridiques-de-la-deratisation-a-gatineau-ce-que-vous-devez-savoir\/"},"modified":"2025-02-11T09:58:57","modified_gmt":"2025-02-11T14:58:57","slug":"les-aspects-juridiques-de-la-deratisation-a-gatineau-ce-que-vous-devez-savoir","status":"publish","type":"page","link":"https:\/\/aspenwildlifecontrol.com\/fr\/prestations-de-service\/rats\/les-aspects-juridiques-de-la-deratisation-a-gatineau-ce-que-vous-devez-savoir\/","title":{"rendered":"Les aspects juridiques de la d\u00e9ratisation \u00e0 Gatineau : Ce que vous devez savoir"},"content":{"rendered":"<p><span style=\"font-weight: 400;\">\u00c0 Gatineau, la capture de rat et la d\u00e9ratisation doivent \u00eatre effectu\u00e9es dans le respect des r\u00e9glementations locales pour garantir la s\u00e9curit\u00e9 publique et le bien-\u00eatre des animaux. Il est important de conna\u00eetre les aspects juridiques entourant ces op\u00e9rations pour \u00e9viter les amendes et autres complications l\u00e9gales.<\/span><\/p>\n<p><span style=\"font-weight: 400;\">Tout d&rsquo;abord, la loi impose que la d\u00e9ratisation soit men\u00e9e de mani\u00e8re humaine. Cela signifie que les m\u00e9thodes utilis\u00e9es pour \u00e9loigner les rats et les capturer doivent minimiser la souffrance des animaux. L&rsquo;utilisation de pi\u00e8ges non cruels et de techniques respectueuses est non seulement encourag\u00e9e mais souvent requise par la l\u00e9gislation. Les professionnels de la capture de rat \u00e0 Gatineau, comme ceux d&rsquo;Aspen Wildlife Control, sont form\u00e9s pour respecter ces exigences tout en assurant l&rsquo;efficacit\u00e9 de leurs interventions.<\/span><\/p>\n<p><span style=\"font-weight: 400;\">De plus, l&rsquo;\u00e9limination des rats morts ou captur\u00e9s doit \u00eatre effectu\u00e9e conform\u00e9ment aux r\u00e8glements municipaux. Une mauvaise gestion de ces d\u00e9chets peut entra\u00eener des sanctions et poser des risques sanitaires pour la communaut\u00e9.<\/span><\/p>\n<p><span style=\"font-weight: 400;\">Enfin, il est crucial de savoir que certaines interventions peuvent n\u00e9cessiter des permis sp\u00e9cifiques, notamment lorsqu&rsquo;il s&rsquo;agit de manipuler ou de d\u00e9placer des animaux nuisibles. Faire appel \u00e0 des experts en capture de rat \u00e0 Gatineau vous assure de respecter toutes les obligations l\u00e9gales tout en prot\u00e9geant votre propri\u00e9t\u00e9 et votre sant\u00e9.<\/span><\/p>\n","protected":false},"excerpt":{"rendered":"<p>\u00c0 Gatineau, la capture de rat et la d\u00e9ratisation doivent \u00eatre effectu\u00e9es dans le respect des r\u00e9glementations locales pour garantir la s\u00e9curit\u00e9 publique et le bien-\u00eatre des animaux. Il est important de conna\u00eetre les aspects juridiques entourant ces op\u00e9rations pour \u00e9viter les amendes et autres complications l\u00e9gales. Tout d&rsquo;abord, la loi impose que la d\u00e9ratisation&hellip; <a class=\"more-link\" href=\"https:\/\/aspenwildlifecontrol.com\/fr\/prestations-de-service\/rats\/les-aspects-juridiques-de-la-deratisation-a-gatineau-ce-que-vous-devez-savoir\/\">Poursuivre la lecture <span class=\"screen-reader-text\">Les aspects juridiques de la d\u00e9ratisation \u00e0 Gatineau : Ce que vous devez savoir<\/span><\/a><\/p>\n","protected":false},"author":1,"featured_media":0,"parent":981,"menu_order":0,"comment_status":"closed","ping_status":"closed","template":"","meta":{"_acf_changed":false,"footnotes":""},"class_list":["post-1146","page","type-page","status-publish","hentry","entry"],"acf":[],"yoast_head":"<!-- This site is optimized with the Yoast SEO Premium plugin v26.8 (Yoast SEO v27.4) - https:\/\/yoast.com\/product\/yoast-seo-premium-wordpress\/ -->\n<title>Aspects Juridiques de la D\u00e9ratisation \u00e0 Gatineau<\/title>\n<meta name=\"description\" content=\"D\u00e9couvrez les aspects juridiques de la d\u00e9ratisation \u00e0 Gatineau avec Aspen Wildlife Control. Conformit\u00e9 aux lois locales garantie.\" \/>\n<meta name=\"robots\" content=\"index, follow, max-snippet:-1, max-image-preview:large, max-video-preview:-1\" \/>\n<link rel=\"canonical\" href=\"https:\/\/aspenwildlifecontrol.com\/fr\/prestations-de-service\/rats\/les-aspects-juridiques-de-la-deratisation-a-gatineau-ce-que-vous-devez-savoir\/\" \/>\n<meta property=\"og:locale\" content=\"fr_FR\" \/>\n<meta property=\"og:type\" content=\"article\" \/>\n<meta property=\"og:title\" content=\"Les aspects juridiques de la d\u00e9ratisation \u00e0 Gatineau : Ce que vous devez savoir\" \/>\n<meta property=\"og:description\" content=\"D\u00e9couvrez les aspects juridiques de la d\u00e9ratisation \u00e0 Gatineau avec Aspen Wildlife Control. Conformit\u00e9 aux lois locales garantie.\" \/>\n<meta property=\"og:url\" content=\"https:\/\/aspenwildlifecontrol.com\/fr\/prestations-de-service\/rats\/les-aspects-juridiques-de-la-deratisation-a-gatineau-ce-que-vous-devez-savoir\/\" \/>\n<meta property=\"og:site_name\" content=\"Aspen Wildlife Control\" \/>\n<meta property=\"article:modified_time\" content=\"2025-02-11T14:58:57+00:00\" \/>\n<meta name=\"twitter:card\" content=\"summary_large_image\" \/>\n<meta name=\"twitter:label1\" content=\"Dur\u00e9e de lecture estim\u00e9e\" \/>\n\t<meta name=\"twitter:data1\" content=\"1 minute\" \/>\n<script type=\"application\/ld+json\" class=\"yoast-schema-graph\">{\"@context\":\"https:\\\/\\\/schema.org\",\"@graph\":[{\"@type\":\"WebPage\",\"@id\":\"https:\\\/\\\/aspenwildlifecontrol.com\\\/fr\\\/prestations-de-service\\\/rats\\\/les-aspects-juridiques-de-la-deratisation-a-gatineau-ce-que-vous-devez-savoir\\\/\",\"url\":\"https:\\\/\\\/aspenwildlifecontrol.com\\\/fr\\\/prestations-de-service\\\/rats\\\/les-aspects-juridiques-de-la-deratisation-a-gatineau-ce-que-vous-devez-savoir\\\/\",\"name\":\"Aspects Juridiques de la D\u00e9ratisation \u00e0 Gatineau\",\"isPartOf\":{\"@id\":\"https:\\\/\\\/aspenwildlifecontrol.com\\\/fr\\\/#website\"},\"datePublished\":\"2024-09-30T23:55:28+00:00\",\"dateModified\":\"2025-02-11T14:58:57+00:00\",\"description\":\"D\u00e9couvrez les aspects juridiques de la d\u00e9ratisation \u00e0 Gatineau avec Aspen Wildlife Control. Conformit\u00e9 aux lois locales garantie.\",\"breadcrumb\":{\"@id\":\"https:\\\/\\\/aspenwildlifecontrol.com\\\/fr\\\/prestations-de-service\\\/rats\\\/les-aspects-juridiques-de-la-deratisation-a-gatineau-ce-que-vous-devez-savoir\\\/#breadcrumb\"},\"inLanguage\":\"fr-FR\",\"potentialAction\":[{\"@type\":\"ReadAction\",\"target\":[\"https:\\\/\\\/aspenwildlifecontrol.com\\\/fr\\\/prestations-de-service\\\/rats\\\/les-aspects-juridiques-de-la-deratisation-a-gatineau-ce-que-vous-devez-savoir\\\/\"]}]},{\"@type\":\"BreadcrumbList\",\"@id\":\"https:\\\/\\\/aspenwildlifecontrol.com\\\/fr\\\/prestations-de-service\\\/rats\\\/les-aspects-juridiques-de-la-deratisation-a-gatineau-ce-que-vous-devez-savoir\\\/#breadcrumb\",\"itemListElement\":[{\"@type\":\"ListItem\",\"position\":1,\"name\":\"Home\",\"item\":\"https:\\\/\\\/aspenwildlifecontrol.com\\\/fr\\\/\"},{\"@type\":\"ListItem\",\"position\":2,\"name\":\"Service control animal\",\"item\":\"https:\\\/\\\/aspenwildlifecontrol.com\\\/fr\\\/prestations-de-service\\\/\"},{\"@type\":\"ListItem\",\"position\":3,\"name\":\"Rats\",\"item\":\"https:\\\/\\\/aspenwildlifecontrol.com\\\/fr\\\/prestations-de-service\\\/rats\\\/\"},{\"@type\":\"ListItem\",\"position\":4,\"name\":\"Les aspects juridiques de la d\u00e9ratisation \u00e0 Gatineau : Ce que vous devez savoir\"}]},{\"@type\":\"WebSite\",\"@id\":\"https:\\\/\\\/aspenwildlifecontrol.com\\\/fr\\\/#website\",\"url\":\"https:\\\/\\\/aspenwildlifecontrol.com\\\/fr\\\/\",\"name\":\"Aspen Wildlife Control\",\"description\":\"Fast, humane wildlife removal in Ottawa-Gatineau \u2014 guaranteed results, 24\\\/7 service\",\"potentialAction\":[{\"@type\":\"SearchAction\",\"target\":{\"@type\":\"EntryPoint\",\"urlTemplate\":\"https:\\\/\\\/aspenwildlifecontrol.com\\\/fr\\\/?s={search_term_string}\"},\"query-input\":{\"@type\":\"PropertyValueSpecification\",\"valueRequired\":true,\"valueName\":\"search_term_string\"}}],\"inLanguage\":\"fr-FR\"}]}<\/script>\n<!-- \/ Yoast SEO Premium plugin. -->","yoast_head_json":{"title":"Aspects Juridiques de la D\u00e9ratisation \u00e0 Gatineau","description":"D\u00e9couvrez les aspects juridiques de la d\u00e9ratisation \u00e0 Gatineau avec Aspen Wildlife Control. Conformit\u00e9 aux lois locales garantie.","robots":{"index":"index","follow":"follow","max-snippet":"max-snippet:-1","max-image-preview":"max-image-preview:large","max-video-preview":"max-video-preview:-1"},"canonical":"https:\/\/aspenwildlifecontrol.com\/fr\/prestations-de-service\/rats\/les-aspects-juridiques-de-la-deratisation-a-gatineau-ce-que-vous-devez-savoir\/","og_locale":"fr_FR","og_type":"article","og_title":"Les aspects juridiques de la d\u00e9ratisation \u00e0 Gatineau : Ce que vous devez savoir","og_description":"D\u00e9couvrez les aspects juridiques de la d\u00e9ratisation \u00e0 Gatineau avec Aspen Wildlife Control. Conformit\u00e9 aux lois locales garantie.","og_url":"https:\/\/aspenwildlifecontrol.com\/fr\/prestations-de-service\/rats\/les-aspects-juridiques-de-la-deratisation-a-gatineau-ce-que-vous-devez-savoir\/","og_site_name":"Aspen Wildlife Control","article_modified_time":"2025-02-11T14:58:57+00:00","twitter_card":"summary_large_image","twitter_misc":{"Dur\u00e9e de lecture estim\u00e9e":"1 minute"},"schema":{"@context":"https:\/\/schema.org","@graph":[{"@type":"WebPage","@id":"https:\/\/aspenwildlifecontrol.com\/fr\/prestations-de-service\/rats\/les-aspects-juridiques-de-la-deratisation-a-gatineau-ce-que-vous-devez-savoir\/","url":"https:\/\/aspenwildlifecontrol.com\/fr\/prestations-de-service\/rats\/les-aspects-juridiques-de-la-deratisation-a-gatineau-ce-que-vous-devez-savoir\/","name":"Aspects Juridiques de la D\u00e9ratisation \u00e0 Gatineau","isPartOf":{"@id":"https:\/\/aspenwildlifecontrol.com\/fr\/#website"},"datePublished":"2024-09-30T23:55:28+00:00","dateModified":"2025-02-11T14:58:57+00:00","description":"D\u00e9couvrez les aspects juridiques de la d\u00e9ratisation \u00e0 Gatineau avec Aspen Wildlife Control. Conformit\u00e9 aux lois locales garantie.","breadcrumb":{"@id":"https:\/\/aspenwildlifecontrol.com\/fr\/prestations-de-service\/rats\/les-aspects-juridiques-de-la-deratisation-a-gatineau-ce-que-vous-devez-savoir\/#breadcrumb"},"inLanguage":"fr-FR","potentialAction":[{"@type":"ReadAction","target":["https:\/\/aspenwildlifecontrol.com\/fr\/prestations-de-service\/rats\/les-aspects-juridiques-de-la-deratisation-a-gatineau-ce-que-vous-devez-savoir\/"]}]},{"@type":"BreadcrumbList","@id":"https:\/\/aspenwildlifecontrol.com\/fr\/prestations-de-service\/rats\/les-aspects-juridiques-de-la-deratisation-a-gatineau-ce-que-vous-devez-savoir\/#breadcrumb","itemListElement":[{"@type":"ListItem","position":1,"name":"Home","item":"https:\/\/aspenwildlifecontrol.com\/fr\/"},{"@type":"ListItem","position":2,"name":"Service control animal","item":"https:\/\/aspenwildlifecontrol.com\/fr\/prestations-de-service\/"},{"@type":"ListItem","position":3,"name":"Rats","item":"https:\/\/aspenwildlifecontrol.com\/fr\/prestations-de-service\/rats\/"},{"@type":"ListItem","position":4,"name":"Les aspects juridiques de la d\u00e9ratisation \u00e0 Gatineau : Ce que vous devez savoir"}]},{"@type":"WebSite","@id":"https:\/\/aspenwildlifecontrol.com\/fr\/#website","url":"https:\/\/aspenwildlifecontrol.com\/fr\/","name":"Aspen Wildlife Control","description":"Fast, humane wildlife removal in Ottawa-Gatineau \u2014 guaranteed results, 24\/7 service","potentialAction":[{"@type":"SearchAction","target":{"@type":"EntryPoint","urlTemplate":"https:\/\/aspenwildlifecontrol.com\/fr\/?s={search_term_string}"},"query-input":{"@type":"PropertyValueSpecification","valueRequired":true,"valueName":"search_term_string"}}],"inLanguage":"fr-FR"}]}},"_links":{"self":[{"href":"https:\/\/aspenwildlifecontrol.com\/fr\/wp-json\/wp\/v2\/pages\/1146","targetHints":{"allow":["GET"]}}],"collection":[{"href":"https:\/\/aspenwildlifecontrol.com\/fr\/wp-json\/wp\/v2\/pages"}],"about":[{"href":"https:\/\/aspenwildlifecontrol.com\/fr\/wp-json\/wp\/v2\/types\/page"}],"author":[{"embeddable":true,"href":"https:\/\/aspenwildlifecontrol.com\/fr\/wp-json\/wp\/v2\/users\/1"}],"replies":[{"embeddable":true,"href":"https:\/\/aspenwildlifecontrol.com\/fr\/wp-json\/wp\/v2\/comments?post=1146"}],"version-history":[{"count":3,"href":"https:\/\/aspenwildlifecontrol.com\/fr\/wp-json\/wp\/v2\/pages\/1146\/revisions"}],"predecessor-version":[{"id":3088,"href":"https:\/\/aspenwildlifecontrol.com\/fr\/wp-json\/wp\/v2\/pages\/1146\/revisions\/3088"}],"up":[{"embeddable":true,"href":"https:\/\/aspenwildlifecontrol.com\/fr\/wp-json\/wp\/v2\/pages\/981"}],"wp:attachment":[{"href":"https:\/\/aspenwildlifecontrol.com\/fr\/wp-json\/wp\/v2\/media?parent=1146"}],"curies":[{"name":"wp","href":"https:\/\/api.w.org\/{rel}","templated":true}]}}