{"id":1145,"date":"2024-09-30T19:47:13","date_gmt":"2024-09-30T23:47:13","guid":{"rendered":"https:\/\/aspenwildlifecontrol.com\/prestations-de-service\/rats\/limpact-economique-des-infestations-de-rats-sur-les-entreprises-de-gatineau\/"},"modified":"2025-02-11T09:55:58","modified_gmt":"2025-02-11T14:55:58","slug":"limpact-economique-des-infestations-de-rats-sur-les-entreprises-de-gatineau","status":"publish","type":"page","link":"https:\/\/aspenwildlifecontrol.com\/fr\/prestations-de-service\/rats\/limpact-economique-des-infestations-de-rats-sur-les-entreprises-de-gatineau\/","title":{"rendered":"L&rsquo;impact \u00e9conomique des infestations de rats sur les entreprises de Gatineau"},"content":{"rendered":"<p><span style=\"font-weight: 400;\">Les infestations de rats peuvent avoir un impact \u00e9conomique d\u00e9vastateur sur les entreprises de Gatineau. En plus de causer des dommages mat\u00e9riels consid\u00e9rables, les rats peuvent ternir la r\u00e9putation d&rsquo;une entreprise, entra\u00eener des pertes financi\u00e8res et compliquer les op\u00e9rations quotidiennes. C&rsquo;est pourquoi la capture de rat et des mesures pr\u00e9ventives sont essentielles pour prot\u00e9ger vos activit\u00e9s commerciales.<\/span><\/p>\n<p><span style=\"font-weight: 400;\">Les rats sont connus pour ronger divers mat\u00e9riaux, y compris les c\u00e2bles \u00e9lectriques, les structures en bois et m\u00eame les produits stock\u00e9s. Ces dommages peuvent entra\u00eener des interruptions co\u00fbteuses, n\u00e9cessitant des r\u00e9parations ou des remplacements d&rsquo;\u00e9quipements. De plus, les infestations de rats peuvent contaminer les produits alimentaires, obligeant les entreprises \u00e0 se conformer \u00e0 des normes sanitaires strictes et \u00e0 jeter des marchandises, ce qui entra\u00eene des pertes directes.<\/span><\/p>\n<p><span style=\"font-weight: 400;\">Au-del\u00e0 des dommages physiques, la pr\u00e9sence de rats peut nuire \u00e0 la r\u00e9putation de votre entreprise. Les clients qui per\u00e7oivent des probl\u00e8mes d&rsquo;hygi\u00e8ne peuvent perdre confiance en vos services, ce qui pourrait avoir des cons\u00e9quences durables sur vos revenus. Pour \u00e9loigner les rats et prot\u00e9ger votre entreprise, il est crucial de recourir \u00e0 des services professionnels de capture de rats \u00e0 Gatineau.<\/span><\/p>\n<p><span style=\"font-weight: 400;\">Aspen Wildlife Control offre des solutions rapides et efficaces pour capturer les rats et pr\u00e9venir les futures infestations, assurant ainsi la p\u00e9rennit\u00e9 de vos activit\u00e9s et la s\u00e9curit\u00e9 de vos clients.<\/span><\/p>\n","protected":false},"excerpt":{"rendered":"<p>Les infestations de rats peuvent avoir un impact \u00e9conomique d\u00e9vastateur sur les entreprises de Gatineau. En plus de causer des dommages mat\u00e9riels consid\u00e9rables, les rats peuvent ternir la r\u00e9putation d&rsquo;une entreprise, entra\u00eener des pertes financi\u00e8res et compliquer les op\u00e9rations quotidiennes. C&rsquo;est pourquoi la capture de rat et des mesures pr\u00e9ventives sont essentielles pour prot\u00e9ger vos&hellip; <a class=\"more-link\" href=\"https:\/\/aspenwildlifecontrol.com\/fr\/prestations-de-service\/rats\/limpact-economique-des-infestations-de-rats-sur-les-entreprises-de-gatineau\/\">Poursuivre la lecture <span class=\"screen-reader-text\">L&rsquo;impact \u00e9conomique des infestations de rats sur les entreprises de Gatineau<\/span><\/a><\/p>\n","protected":false},"author":1,"featured_media":0,"parent":981,"menu_order":0,"comment_status":"closed","ping_status":"closed","template":"","meta":{"_acf_changed":false,"footnotes":""},"class_list":["post-1145","page","type-page","status-publish","hentry","entry"],"acf":[],"yoast_head":"<!-- This site is optimized with the Yoast SEO Premium plugin v26.8 (Yoast SEO v27.4) - https:\/\/yoast.com\/product\/yoast-seo-premium-wordpress\/ -->\n<title>Impact \u00c9conomique des Infestations de Rats \u00e0 Gatineau<\/title>\n<meta name=\"description\" content=\"Les infestations de rats peuvent causer des pertes aux entreprises de Gatineau. Aspen Wildlife Control propose des solutions efficaces pour pr\u00e9venir ces nuisances.\" \/>\n<meta name=\"robots\" content=\"index, follow, max-snippet:-1, max-image-preview:large, max-video-preview:-1\" \/>\n<link rel=\"canonical\" href=\"https:\/\/aspenwildlifecontrol.com\/fr\/prestations-de-service\/rats\/limpact-economique-des-infestations-de-rats-sur-les-entreprises-de-gatineau\/\" \/>\n<meta property=\"og:locale\" content=\"fr_FR\" \/>\n<meta property=\"og:type\" content=\"article\" \/>\n<meta property=\"og:title\" content=\"L&#039;impact \u00e9conomique des infestations de rats sur les entreprises de Gatineau\" \/>\n<meta property=\"og:description\" content=\"Les infestations de rats peuvent causer des pertes aux entreprises de Gatineau. Aspen Wildlife Control propose des solutions efficaces pour pr\u00e9venir ces nuisances.\" \/>\n<meta property=\"og:url\" content=\"https:\/\/aspenwildlifecontrol.com\/fr\/prestations-de-service\/rats\/limpact-economique-des-infestations-de-rats-sur-les-entreprises-de-gatineau\/\" \/>\n<meta property=\"og:site_name\" content=\"Aspen Wildlife Control\" \/>\n<meta property=\"article:modified_time\" content=\"2025-02-11T14:55:58+00:00\" \/>\n<meta name=\"twitter:card\" content=\"summary_large_image\" \/>\n<meta name=\"twitter:label1\" content=\"Dur\u00e9e de lecture estim\u00e9e\" \/>\n\t<meta name=\"twitter:data1\" content=\"1 minute\" \/>\n<script type=\"application\/ld+json\" class=\"yoast-schema-graph\">{\"@context\":\"https:\\\/\\\/schema.org\",\"@graph\":[{\"@type\":\"WebPage\",\"@id\":\"https:\\\/\\\/aspenwildlifecontrol.com\\\/fr\\\/prestations-de-service\\\/rats\\\/limpact-economique-des-infestations-de-rats-sur-les-entreprises-de-gatineau\\\/\",\"url\":\"https:\\\/\\\/aspenwildlifecontrol.com\\\/fr\\\/prestations-de-service\\\/rats\\\/limpact-economique-des-infestations-de-rats-sur-les-entreprises-de-gatineau\\\/\",\"name\":\"Impact \u00c9conomique des Infestations de Rats \u00e0 Gatineau\",\"isPartOf\":{\"@id\":\"https:\\\/\\\/aspenwildlifecontrol.com\\\/fr\\\/#website\"},\"datePublished\":\"2024-09-30T23:47:13+00:00\",\"dateModified\":\"2025-02-11T14:55:58+00:00\",\"description\":\"Les infestations de rats peuvent causer des pertes aux entreprises de Gatineau. Aspen Wildlife Control propose des solutions efficaces pour pr\u00e9venir ces nuisances.\",\"breadcrumb\":{\"@id\":\"https:\\\/\\\/aspenwildlifecontrol.com\\\/fr\\\/prestations-de-service\\\/rats\\\/limpact-economique-des-infestations-de-rats-sur-les-entreprises-de-gatineau\\\/#breadcrumb\"},\"inLanguage\":\"fr-FR\",\"potentialAction\":[{\"@type\":\"ReadAction\",\"target\":[\"https:\\\/\\\/aspenwildlifecontrol.com\\\/fr\\\/prestations-de-service\\\/rats\\\/limpact-economique-des-infestations-de-rats-sur-les-entreprises-de-gatineau\\\/\"]}]},{\"@type\":\"BreadcrumbList\",\"@id\":\"https:\\\/\\\/aspenwildlifecontrol.com\\\/fr\\\/prestations-de-service\\\/rats\\\/limpact-economique-des-infestations-de-rats-sur-les-entreprises-de-gatineau\\\/#breadcrumb\",\"itemListElement\":[{\"@type\":\"ListItem\",\"position\":1,\"name\":\"Home\",\"item\":\"https:\\\/\\\/aspenwildlifecontrol.com\\\/fr\\\/\"},{\"@type\":\"ListItem\",\"position\":2,\"name\":\"Service control animal\",\"item\":\"https:\\\/\\\/aspenwildlifecontrol.com\\\/fr\\\/prestations-de-service\\\/\"},{\"@type\":\"ListItem\",\"position\":3,\"name\":\"Rats\",\"item\":\"https:\\\/\\\/aspenwildlifecontrol.com\\\/fr\\\/prestations-de-service\\\/rats\\\/\"},{\"@type\":\"ListItem\",\"position\":4,\"name\":\"L&rsquo;impact \u00e9conomique des infestations de rats sur les entreprises de Gatineau\"}]},{\"@type\":\"WebSite\",\"@id\":\"https:\\\/\\\/aspenwildlifecontrol.com\\\/fr\\\/#website\",\"url\":\"https:\\\/\\\/aspenwildlifecontrol.com\\\/fr\\\/\",\"name\":\"Aspen Wildlife Control\",\"description\":\"Fast, humane wildlife removal in Ottawa-Gatineau \u2014 guaranteed results, 24\\\/7 service\",\"potentialAction\":[{\"@type\":\"SearchAction\",\"target\":{\"@type\":\"EntryPoint\",\"urlTemplate\":\"https:\\\/\\\/aspenwildlifecontrol.com\\\/fr\\\/?s={search_term_string}\"},\"query-input\":{\"@type\":\"PropertyValueSpecification\",\"valueRequired\":true,\"valueName\":\"search_term_string\"}}],\"inLanguage\":\"fr-FR\"}]}<\/script>\n<!-- \/ Yoast SEO Premium plugin. -->","yoast_head_json":{"title":"Impact \u00c9conomique des Infestations de Rats \u00e0 Gatineau","description":"Les infestations de rats peuvent causer des pertes aux entreprises de Gatineau. Aspen Wildlife Control propose des solutions efficaces pour pr\u00e9venir ces nuisances.","robots":{"index":"index","follow":"follow","max-snippet":"max-snippet:-1","max-image-preview":"max-image-preview:large","max-video-preview":"max-video-preview:-1"},"canonical":"https:\/\/aspenwildlifecontrol.com\/fr\/prestations-de-service\/rats\/limpact-economique-des-infestations-de-rats-sur-les-entreprises-de-gatineau\/","og_locale":"fr_FR","og_type":"article","og_title":"L'impact \u00e9conomique des infestations de rats sur les entreprises de Gatineau","og_description":"Les infestations de rats peuvent causer des pertes aux entreprises de Gatineau. Aspen Wildlife Control propose des solutions efficaces pour pr\u00e9venir ces nuisances.","og_url":"https:\/\/aspenwildlifecontrol.com\/fr\/prestations-de-service\/rats\/limpact-economique-des-infestations-de-rats-sur-les-entreprises-de-gatineau\/","og_site_name":"Aspen Wildlife Control","article_modified_time":"2025-02-11T14:55:58+00:00","twitter_card":"summary_large_image","twitter_misc":{"Dur\u00e9e de lecture estim\u00e9e":"1 minute"},"schema":{"@context":"https:\/\/schema.org","@graph":[{"@type":"WebPage","@id":"https:\/\/aspenwildlifecontrol.com\/fr\/prestations-de-service\/rats\/limpact-economique-des-infestations-de-rats-sur-les-entreprises-de-gatineau\/","url":"https:\/\/aspenwildlifecontrol.com\/fr\/prestations-de-service\/rats\/limpact-economique-des-infestations-de-rats-sur-les-entreprises-de-gatineau\/","name":"Impact \u00c9conomique des Infestations de Rats \u00e0 Gatineau","isPartOf":{"@id":"https:\/\/aspenwildlifecontrol.com\/fr\/#website"},"datePublished":"2024-09-30T23:47:13+00:00","dateModified":"2025-02-11T14:55:58+00:00","description":"Les infestations de rats peuvent causer des pertes aux entreprises de Gatineau. Aspen Wildlife Control propose des solutions efficaces pour pr\u00e9venir ces nuisances.","breadcrumb":{"@id":"https:\/\/aspenwildlifecontrol.com\/fr\/prestations-de-service\/rats\/limpact-economique-des-infestations-de-rats-sur-les-entreprises-de-gatineau\/#breadcrumb"},"inLanguage":"fr-FR","potentialAction":[{"@type":"ReadAction","target":["https:\/\/aspenwildlifecontrol.com\/fr\/prestations-de-service\/rats\/limpact-economique-des-infestations-de-rats-sur-les-entreprises-de-gatineau\/"]}]},{"@type":"BreadcrumbList","@id":"https:\/\/aspenwildlifecontrol.com\/fr\/prestations-de-service\/rats\/limpact-economique-des-infestations-de-rats-sur-les-entreprises-de-gatineau\/#breadcrumb","itemListElement":[{"@type":"ListItem","position":1,"name":"Home","item":"https:\/\/aspenwildlifecontrol.com\/fr\/"},{"@type":"ListItem","position":2,"name":"Service control animal","item":"https:\/\/aspenwildlifecontrol.com\/fr\/prestations-de-service\/"},{"@type":"ListItem","position":3,"name":"Rats","item":"https:\/\/aspenwildlifecontrol.com\/fr\/prestations-de-service\/rats\/"},{"@type":"ListItem","position":4,"name":"L&rsquo;impact \u00e9conomique des infestations de rats sur les entreprises de Gatineau"}]},{"@type":"WebSite","@id":"https:\/\/aspenwildlifecontrol.com\/fr\/#website","url":"https:\/\/aspenwildlifecontrol.com\/fr\/","name":"Aspen Wildlife Control","description":"Fast, humane wildlife removal in Ottawa-Gatineau \u2014 guaranteed results, 24\/7 service","potentialAction":[{"@type":"SearchAction","target":{"@type":"EntryPoint","urlTemplate":"https:\/\/aspenwildlifecontrol.com\/fr\/?s={search_term_string}"},"query-input":{"@type":"PropertyValueSpecification","valueRequired":true,"valueName":"search_term_string"}}],"inLanguage":"fr-FR"}]}},"_links":{"self":[{"href":"https:\/\/aspenwildlifecontrol.com\/fr\/wp-json\/wp\/v2\/pages\/1145","targetHints":{"allow":["GET"]}}],"collection":[{"href":"https:\/\/aspenwildlifecontrol.com\/fr\/wp-json\/wp\/v2\/pages"}],"about":[{"href":"https:\/\/aspenwildlifecontrol.com\/fr\/wp-json\/wp\/v2\/types\/page"}],"author":[{"embeddable":true,"href":"https:\/\/aspenwildlifecontrol.com\/fr\/wp-json\/wp\/v2\/users\/1"}],"replies":[{"embeddable":true,"href":"https:\/\/aspenwildlifecontrol.com\/fr\/wp-json\/wp\/v2\/comments?post=1145"}],"version-history":[{"count":3,"href":"https:\/\/aspenwildlifecontrol.com\/fr\/wp-json\/wp\/v2\/pages\/1145\/revisions"}],"predecessor-version":[{"id":3084,"href":"https:\/\/aspenwildlifecontrol.com\/fr\/wp-json\/wp\/v2\/pages\/1145\/revisions\/3084"}],"up":[{"embeddable":true,"href":"https:\/\/aspenwildlifecontrol.com\/fr\/wp-json\/wp\/v2\/pages\/981"}],"wp:attachment":[{"href":"https:\/\/aspenwildlifecontrol.com\/fr\/wp-json\/wp\/v2\/media?parent=1145"}],"curies":[{"name":"wp","href":"https:\/\/api.w.org\/{rel}","templated":true}]}}