{"id":1142,"date":"2024-09-30T19:36:13","date_gmt":"2024-09-30T23:36:13","guid":{"rendered":"https:\/\/aspenwildlifecontrol.com\/prestations-de-service\/rats\/comprendre-le-comportement-des-rats-les-cles-dune-gestion-efficace-des-rats-a-gatineau\/"},"modified":"2025-02-11T09:55:37","modified_gmt":"2025-02-11T14:55:37","slug":"comprendre-le-comportement-des-rats-les-cles-dune-gestion-efficace-des-rats-a-gatineau","status":"publish","type":"page","link":"https:\/\/aspenwildlifecontrol.com\/fr\/prestations-de-service\/rats\/comprendre-le-comportement-des-rats-les-cles-dune-gestion-efficace-des-rats-a-gatineau\/","title":{"rendered":"Comprendre le comportement des rats : Les cl\u00e9s d&rsquo;une gestion efficace des rats \u00e0 Gatineau"},"content":{"rendered":"<p><span style=\"font-weight: 400;\">La capture de rat et leur gestion efficace \u00e0 Gatineau n\u00e9cessitent une bonne compr\u00e9hension de leur comportement. Les rats sont des nuisibles tr\u00e8s adaptables, capables de s\u2019installer dans divers environnements, ce qui en fait une menace persistante pour les r\u00e9sidences et les entreprises de la r\u00e9gion. Conna\u00eetre leurs habitudes peut aider \u00e0 \u00e9loigner les rats et \u00e0 pr\u00e9venir les infestations.<\/span><\/p>\n<p><span style=\"font-weight: 400;\">Les rats sont principalement nocturnes, ce qui signifie qu&rsquo;ils sont les plus actifs la nuit, cherchant de la nourriture et un abri. Leur r\u00e9gime alimentaire est vari\u00e9, allant des d\u00e9chets alimentaires aux r\u00e9serves de nourriture pour animaux domestiques, en passant par les l\u00e9gumes dans les jardins. C&rsquo;est cette capacit\u00e9 \u00e0 trouver des sources de nourriture dans les zones urbaines qui les am\u00e8ne souvent \u00e0 s\u2019installer pr\u00e8s des habitations.<\/span><\/p>\n<p><span style=\"font-weight: 400;\">Un autre comportement distinctif des rats est leur besoin constant de ronger. Ils peuvent endommager divers mat\u00e9riaux comme le bois, le plastique et m\u00eame les c\u00e2bles \u00e9lectriques, ce qui peut entra\u00eener des incendies et d&rsquo;autres dommages structurels. C&rsquo;est pourquoi il est essentiel de d\u00e9tecter rapidement les signes de leur pr\u00e9sence et d\u2019intervenir avec une capture de rat \u00e0 Gatineau.<\/span><\/p>\n<p><span style=\"font-weight: 400;\">Pour \u00e9loigner les rats de mani\u00e8re efficace, il est recommand\u00e9 de s\u00e9curiser les sources de nourriture et de sceller les points d&rsquo;entr\u00e9e potentiels dans les b\u00e2timents. Cependant, si une infestation est d\u00e9j\u00e0 en cours, faire appel \u00e0 des professionnels de la capture de rat \u00e0 Gatineau est la meilleure solution. Aspen Wildlife Control offre des services sp\u00e9cialis\u00e9s pour non seulement capturer les rats, mais aussi pr\u00e9venir leur retour, garantissant ainsi un environnement s\u00fbr et sain.<\/span><\/p>\n","protected":false},"excerpt":{"rendered":"<p>La capture de rat et leur gestion efficace \u00e0 Gatineau n\u00e9cessitent une bonne compr\u00e9hension de leur comportement. Les rats sont des nuisibles tr\u00e8s adaptables, capables de s\u2019installer dans divers environnements, ce qui en fait une menace persistante pour les r\u00e9sidences et les entreprises de la r\u00e9gion. Conna\u00eetre leurs habitudes peut aider \u00e0 \u00e9loigner les rats&hellip; <a class=\"more-link\" href=\"https:\/\/aspenwildlifecontrol.com\/fr\/prestations-de-service\/rats\/comprendre-le-comportement-des-rats-les-cles-dune-gestion-efficace-des-rats-a-gatineau\/\">Poursuivre la lecture <span class=\"screen-reader-text\">Comprendre le comportement des rats : Les cl\u00e9s d&rsquo;une gestion efficace des rats \u00e0 Gatineau<\/span><\/a><\/p>\n","protected":false},"author":1,"featured_media":0,"parent":981,"menu_order":0,"comment_status":"closed","ping_status":"closed","template":"","meta":{"_acf_changed":false,"footnotes":""},"class_list":["post-1142","page","type-page","status-publish","hentry","entry"],"acf":[],"yoast_head":"<!-- This site is optimized with the Yoast SEO Premium plugin v26.8 (Yoast SEO v27.4) - https:\/\/yoast.com\/product\/yoast-seo-premium-wordpress\/ -->\n<title>Gestion Efficace des Rats \u00e0 Gatineau | Aspen Wildlife Control<\/title>\n<meta name=\"description\" content=\"Comprenez le comportement des rats pour une gestion efficace \u00e0 Gatineau. Aspen Wildlife Control vous offre des solutions expertes.\" \/>\n<meta name=\"robots\" content=\"index, follow, max-snippet:-1, max-image-preview:large, max-video-preview:-1\" \/>\n<link rel=\"canonical\" href=\"https:\/\/aspenwildlifecontrol.com\/fr\/prestations-de-service\/rats\/comprendre-le-comportement-des-rats-les-cles-dune-gestion-efficace-des-rats-a-gatineau\/\" \/>\n<meta property=\"og:locale\" content=\"fr_FR\" \/>\n<meta property=\"og:type\" content=\"article\" \/>\n<meta property=\"og:title\" content=\"Comprendre le comportement des rats : Les cl\u00e9s d&#039;une gestion efficace des rats \u00e0 Gatineau\" \/>\n<meta property=\"og:description\" content=\"Comprenez le comportement des rats pour une gestion efficace \u00e0 Gatineau. Aspen Wildlife Control vous offre des solutions expertes.\" \/>\n<meta property=\"og:url\" content=\"https:\/\/aspenwildlifecontrol.com\/fr\/prestations-de-service\/rats\/comprendre-le-comportement-des-rats-les-cles-dune-gestion-efficace-des-rats-a-gatineau\/\" \/>\n<meta property=\"og:site_name\" content=\"Aspen Wildlife Control\" \/>\n<meta property=\"article:modified_time\" content=\"2025-02-11T14:55:37+00:00\" \/>\n<meta name=\"twitter:card\" content=\"summary_large_image\" \/>\n<meta name=\"twitter:label1\" content=\"Dur\u00e9e de lecture estim\u00e9e\" \/>\n\t<meta name=\"twitter:data1\" content=\"2 minutes\" \/>\n<script type=\"application\/ld+json\" class=\"yoast-schema-graph\">{\"@context\":\"https:\\\/\\\/schema.org\",\"@graph\":[{\"@type\":\"WebPage\",\"@id\":\"https:\\\/\\\/aspenwildlifecontrol.com\\\/fr\\\/prestations-de-service\\\/rats\\\/comprendre-le-comportement-des-rats-les-cles-dune-gestion-efficace-des-rats-a-gatineau\\\/\",\"url\":\"https:\\\/\\\/aspenwildlifecontrol.com\\\/fr\\\/prestations-de-service\\\/rats\\\/comprendre-le-comportement-des-rats-les-cles-dune-gestion-efficace-des-rats-a-gatineau\\\/\",\"name\":\"Gestion Efficace des Rats \u00e0 Gatineau | Aspen Wildlife Control\",\"isPartOf\":{\"@id\":\"https:\\\/\\\/aspenwildlifecontrol.com\\\/fr\\\/#website\"},\"datePublished\":\"2024-09-30T23:36:13+00:00\",\"dateModified\":\"2025-02-11T14:55:37+00:00\",\"description\":\"Comprenez le comportement des rats pour une gestion efficace \u00e0 Gatineau. Aspen Wildlife Control vous offre des solutions expertes.\",\"breadcrumb\":{\"@id\":\"https:\\\/\\\/aspenwildlifecontrol.com\\\/fr\\\/prestations-de-service\\\/rats\\\/comprendre-le-comportement-des-rats-les-cles-dune-gestion-efficace-des-rats-a-gatineau\\\/#breadcrumb\"},\"inLanguage\":\"fr-FR\",\"potentialAction\":[{\"@type\":\"ReadAction\",\"target\":[\"https:\\\/\\\/aspenwildlifecontrol.com\\\/fr\\\/prestations-de-service\\\/rats\\\/comprendre-le-comportement-des-rats-les-cles-dune-gestion-efficace-des-rats-a-gatineau\\\/\"]}]},{\"@type\":\"BreadcrumbList\",\"@id\":\"https:\\\/\\\/aspenwildlifecontrol.com\\\/fr\\\/prestations-de-service\\\/rats\\\/comprendre-le-comportement-des-rats-les-cles-dune-gestion-efficace-des-rats-a-gatineau\\\/#breadcrumb\",\"itemListElement\":[{\"@type\":\"ListItem\",\"position\":1,\"name\":\"Home\",\"item\":\"https:\\\/\\\/aspenwildlifecontrol.com\\\/fr\\\/\"},{\"@type\":\"ListItem\",\"position\":2,\"name\":\"Service control animal\",\"item\":\"https:\\\/\\\/aspenwildlifecontrol.com\\\/fr\\\/prestations-de-service\\\/\"},{\"@type\":\"ListItem\",\"position\":3,\"name\":\"Rats\",\"item\":\"https:\\\/\\\/aspenwildlifecontrol.com\\\/fr\\\/prestations-de-service\\\/rats\\\/\"},{\"@type\":\"ListItem\",\"position\":4,\"name\":\"Comprendre le comportement des rats : Les cl\u00e9s d&rsquo;une gestion efficace des rats \u00e0 Gatineau\"}]},{\"@type\":\"WebSite\",\"@id\":\"https:\\\/\\\/aspenwildlifecontrol.com\\\/fr\\\/#website\",\"url\":\"https:\\\/\\\/aspenwildlifecontrol.com\\\/fr\\\/\",\"name\":\"Aspen Wildlife Control\",\"description\":\"Fast, humane wildlife removal in Ottawa-Gatineau \u2014 guaranteed results, 24\\\/7 service\",\"potentialAction\":[{\"@type\":\"SearchAction\",\"target\":{\"@type\":\"EntryPoint\",\"urlTemplate\":\"https:\\\/\\\/aspenwildlifecontrol.com\\\/fr\\\/?s={search_term_string}\"},\"query-input\":{\"@type\":\"PropertyValueSpecification\",\"valueRequired\":true,\"valueName\":\"search_term_string\"}}],\"inLanguage\":\"fr-FR\"}]}<\/script>\n<!-- \/ Yoast SEO Premium plugin. -->","yoast_head_json":{"title":"Gestion Efficace des Rats \u00e0 Gatineau | Aspen Wildlife Control","description":"Comprenez le comportement des rats pour une gestion efficace \u00e0 Gatineau. Aspen Wildlife Control vous offre des solutions expertes.","robots":{"index":"index","follow":"follow","max-snippet":"max-snippet:-1","max-image-preview":"max-image-preview:large","max-video-preview":"max-video-preview:-1"},"canonical":"https:\/\/aspenwildlifecontrol.com\/fr\/prestations-de-service\/rats\/comprendre-le-comportement-des-rats-les-cles-dune-gestion-efficace-des-rats-a-gatineau\/","og_locale":"fr_FR","og_type":"article","og_title":"Comprendre le comportement des rats : Les cl\u00e9s d'une gestion efficace des rats \u00e0 Gatineau","og_description":"Comprenez le comportement des rats pour une gestion efficace \u00e0 Gatineau. Aspen Wildlife Control vous offre des solutions expertes.","og_url":"https:\/\/aspenwildlifecontrol.com\/fr\/prestations-de-service\/rats\/comprendre-le-comportement-des-rats-les-cles-dune-gestion-efficace-des-rats-a-gatineau\/","og_site_name":"Aspen Wildlife Control","article_modified_time":"2025-02-11T14:55:37+00:00","twitter_card":"summary_large_image","twitter_misc":{"Dur\u00e9e de lecture estim\u00e9e":"2 minutes"},"schema":{"@context":"https:\/\/schema.org","@graph":[{"@type":"WebPage","@id":"https:\/\/aspenwildlifecontrol.com\/fr\/prestations-de-service\/rats\/comprendre-le-comportement-des-rats-les-cles-dune-gestion-efficace-des-rats-a-gatineau\/","url":"https:\/\/aspenwildlifecontrol.com\/fr\/prestations-de-service\/rats\/comprendre-le-comportement-des-rats-les-cles-dune-gestion-efficace-des-rats-a-gatineau\/","name":"Gestion Efficace des Rats \u00e0 Gatineau | Aspen Wildlife Control","isPartOf":{"@id":"https:\/\/aspenwildlifecontrol.com\/fr\/#website"},"datePublished":"2024-09-30T23:36:13+00:00","dateModified":"2025-02-11T14:55:37+00:00","description":"Comprenez le comportement des rats pour une gestion efficace \u00e0 Gatineau. Aspen Wildlife Control vous offre des solutions expertes.","breadcrumb":{"@id":"https:\/\/aspenwildlifecontrol.com\/fr\/prestations-de-service\/rats\/comprendre-le-comportement-des-rats-les-cles-dune-gestion-efficace-des-rats-a-gatineau\/#breadcrumb"},"inLanguage":"fr-FR","potentialAction":[{"@type":"ReadAction","target":["https:\/\/aspenwildlifecontrol.com\/fr\/prestations-de-service\/rats\/comprendre-le-comportement-des-rats-les-cles-dune-gestion-efficace-des-rats-a-gatineau\/"]}]},{"@type":"BreadcrumbList","@id":"https:\/\/aspenwildlifecontrol.com\/fr\/prestations-de-service\/rats\/comprendre-le-comportement-des-rats-les-cles-dune-gestion-efficace-des-rats-a-gatineau\/#breadcrumb","itemListElement":[{"@type":"ListItem","position":1,"name":"Home","item":"https:\/\/aspenwildlifecontrol.com\/fr\/"},{"@type":"ListItem","position":2,"name":"Service control animal","item":"https:\/\/aspenwildlifecontrol.com\/fr\/prestations-de-service\/"},{"@type":"ListItem","position":3,"name":"Rats","item":"https:\/\/aspenwildlifecontrol.com\/fr\/prestations-de-service\/rats\/"},{"@type":"ListItem","position":4,"name":"Comprendre le comportement des rats : Les cl\u00e9s d&rsquo;une gestion efficace des rats \u00e0 Gatineau"}]},{"@type":"WebSite","@id":"https:\/\/aspenwildlifecontrol.com\/fr\/#website","url":"https:\/\/aspenwildlifecontrol.com\/fr\/","name":"Aspen Wildlife Control","description":"Fast, humane wildlife removal in Ottawa-Gatineau \u2014 guaranteed results, 24\/7 service","potentialAction":[{"@type":"SearchAction","target":{"@type":"EntryPoint","urlTemplate":"https:\/\/aspenwildlifecontrol.com\/fr\/?s={search_term_string}"},"query-input":{"@type":"PropertyValueSpecification","valueRequired":true,"valueName":"search_term_string"}}],"inLanguage":"fr-FR"}]}},"_links":{"self":[{"href":"https:\/\/aspenwildlifecontrol.com\/fr\/wp-json\/wp\/v2\/pages\/1142","targetHints":{"allow":["GET"]}}],"collection":[{"href":"https:\/\/aspenwildlifecontrol.com\/fr\/wp-json\/wp\/v2\/pages"}],"about":[{"href":"https:\/\/aspenwildlifecontrol.com\/fr\/wp-json\/wp\/v2\/types\/page"}],"author":[{"embeddable":true,"href":"https:\/\/aspenwildlifecontrol.com\/fr\/wp-json\/wp\/v2\/users\/1"}],"replies":[{"embeddable":true,"href":"https:\/\/aspenwildlifecontrol.com\/fr\/wp-json\/wp\/v2\/comments?post=1142"}],"version-history":[{"count":2,"href":"https:\/\/aspenwildlifecontrol.com\/fr\/wp-json\/wp\/v2\/pages\/1142\/revisions"}],"predecessor-version":[{"id":3081,"href":"https:\/\/aspenwildlifecontrol.com\/fr\/wp-json\/wp\/v2\/pages\/1142\/revisions\/3081"}],"up":[{"embeddable":true,"href":"https:\/\/aspenwildlifecontrol.com\/fr\/wp-json\/wp\/v2\/pages\/981"}],"wp:attachment":[{"href":"https:\/\/aspenwildlifecontrol.com\/fr\/wp-json\/wp\/v2\/media?parent=1142"}],"curies":[{"name":"wp","href":"https:\/\/api.w.org\/{rel}","templated":true}]}}