{"id":1136,"date":"2024-09-26T19:44:04","date_gmt":"2024-09-26T23:44:04","guid":{"rendered":"https:\/\/aspenwildlifecontrol.com\/prestations-de-service\/souris-des-champs\/solutions-a-long-terme-pour-empecher-les-mulots-denvahir-votre-maison-de-gatineau\/"},"modified":"2025-02-11T08:29:31","modified_gmt":"2025-02-11T13:29:31","slug":"solutions-a-long-terme-pour-empecher-les-mulots-denvahir-votre-maison-de-gatineau","status":"publish","type":"page","link":"https:\/\/aspenwildlifecontrol.com\/fr\/prestations-de-service\/souris-des-champs\/solutions-a-long-terme-pour-empecher-les-mulots-denvahir-votre-maison-de-gatineau\/","title":{"rendered":"Solutions \u00e0 long terme pour emp\u00eacher les mulots d&rsquo;envahir votre maison de Gatineau"},"content":{"rendered":"<p><span style=\"font-weight: 400;\">Pour prot\u00e9ger votre maison \u00e0 Gatineau des invasions de mulots, il est essentiel de mettre en place des solutions \u00e0 long terme. Pr\u00e9venir une infestation est toujours plus efficace que d&rsquo;avoir \u00e0 r\u00e9soudre un probl\u00e8me d\u00e9j\u00e0 install\u00e9. Voici quelques strat\u00e9gies pour garder votre maison \u00e0 l&rsquo;abri des mulots.<\/span><\/p>\n<p><strong>Sceller les points d&rsquo;entr\u00e9e<\/strong><span style=\"font-weight: 400;\"><strong> :<\/strong> Les mulots peuvent s&rsquo;introduire par des ouvertures aussi petites qu&rsquo;une pi\u00e8ce de monnaie. Inspectez r\u00e9guli\u00e8rement l&rsquo;ext\u00e9rieur de votre maison pour rep\u00e9rer les fissures, trous ou interstices autour des fondations, fen\u00eatres et portes. Utilisez des mat\u00e9riaux robustes comme du calfeutrage, du m\u00e9tal ou de la laine d&rsquo;acier pour boucher ces points d&rsquo;acc\u00e8s et emp\u00eacher les mulots d&rsquo;entrer.<\/span><\/p>\n<p><strong>Maintenir un environnement propre<\/strong><span style=\"font-weight: 400;\"><strong> :<\/strong> Les mulots sont attir\u00e9s par la nourriture et les endroits o\u00f9 se cacher. Assurez-vous de ranger les aliments dans des contenants herm\u00e9tiques, de nettoyer r\u00e9guli\u00e8rement les miettes et de ne pas laisser de nourriture pour animaux \u00e0 l&rsquo;ext\u00e9rieur pendant la nuit. En outre, \u00e9liminez les d\u00e9bris, feuilles mortes et autres cachettes potentielles autour de votre maison.<\/span><\/p>\n<p><strong>Surveillance r\u00e9guli\u00e8re et assistance professionnelle<\/strong><span style=\"font-weight: 400;\"><strong> :<\/strong> Malgr\u00e9 toutes ces pr\u00e9cautions, il est important de surveiller r\u00e9guli\u00e8rement les signes d&rsquo;une infestation. Si vous suspectez la pr\u00e9sence de mulots, il est crucial de contacter des experts en capture de mulots \u00e0 Gatineau. Aspen Wildlife Control propose des services de capture de mulot efficaces et humains, garantissant que votre maison reste prot\u00e9g\u00e9e contre ces nuisibles sur le long terme.<\/span><\/p>\n","protected":false},"excerpt":{"rendered":"<p>Pour prot\u00e9ger votre maison \u00e0 Gatineau des invasions de mulots, il est essentiel de mettre en place des solutions \u00e0 long terme. Pr\u00e9venir une infestation est toujours plus efficace que d&rsquo;avoir \u00e0 r\u00e9soudre un probl\u00e8me d\u00e9j\u00e0 install\u00e9. Voici quelques strat\u00e9gies pour garder votre maison \u00e0 l&rsquo;abri des mulots. Sceller les points d&rsquo;entr\u00e9e : Les mulots&hellip; <a class=\"more-link\" href=\"https:\/\/aspenwildlifecontrol.com\/fr\/prestations-de-service\/souris-des-champs\/solutions-a-long-terme-pour-empecher-les-mulots-denvahir-votre-maison-de-gatineau\/\">Poursuivre la lecture <span class=\"screen-reader-text\">Solutions \u00e0 long terme pour emp\u00eacher les mulots d&rsquo;envahir votre maison de Gatineau<\/span><\/a><\/p>\n","protected":false},"author":1,"featured_media":0,"parent":982,"menu_order":0,"comment_status":"closed","ping_status":"closed","template":"","meta":{"_acf_changed":false,"footnotes":""},"class_list":["post-1136","page","type-page","status-publish","hentry","entry"],"acf":[],"yoast_head":"<!-- This site is optimized with the Yoast SEO Premium plugin v26.8 (Yoast SEO v27.4) - https:\/\/yoast.com\/product\/yoast-seo-premium-wordpress\/ -->\n<title>Solutions \u00e0 Long Terme pour Emp\u00eacher les Mulots \u00e0 Gatineau<\/title>\n<meta name=\"description\" content=\"Prot\u00e9gez durablement votre maison \u00e0 Gatineau des mulots avec les solutions \u00e0 long terme d&#039;Aspen Wildlife Control.\" \/>\n<meta name=\"robots\" content=\"index, follow, max-snippet:-1, max-image-preview:large, max-video-preview:-1\" \/>\n<link rel=\"canonical\" href=\"https:\/\/aspenwildlifecontrol.com\/fr\/prestations-de-service\/souris-des-champs\/solutions-a-long-terme-pour-empecher-les-mulots-denvahir-votre-maison-de-gatineau\/\" \/>\n<meta property=\"og:locale\" content=\"fr_FR\" \/>\n<meta property=\"og:type\" content=\"article\" \/>\n<meta property=\"og:title\" content=\"Solutions \u00e0 long terme pour emp\u00eacher les mulots d&#039;envahir votre maison de Gatineau\" \/>\n<meta property=\"og:description\" content=\"Prot\u00e9gez durablement votre maison \u00e0 Gatineau des mulots avec les solutions \u00e0 long terme d&#039;Aspen Wildlife Control.\" \/>\n<meta property=\"og:url\" content=\"https:\/\/aspenwildlifecontrol.com\/fr\/prestations-de-service\/souris-des-champs\/solutions-a-long-terme-pour-empecher-les-mulots-denvahir-votre-maison-de-gatineau\/\" \/>\n<meta property=\"og:site_name\" content=\"Aspen Wildlife Control\" \/>\n<meta property=\"article:modified_time\" content=\"2025-02-11T13:29:31+00:00\" \/>\n<meta name=\"twitter:card\" content=\"summary_large_image\" \/>\n<meta name=\"twitter:label1\" content=\"Dur\u00e9e de lecture estim\u00e9e\" \/>\n\t<meta name=\"twitter:data1\" content=\"2 minutes\" \/>\n<script type=\"application\/ld+json\" class=\"yoast-schema-graph\">{\"@context\":\"https:\\\/\\\/schema.org\",\"@graph\":[{\"@type\":\"WebPage\",\"@id\":\"https:\\\/\\\/aspenwildlifecontrol.com\\\/fr\\\/prestations-de-service\\\/souris-des-champs\\\/solutions-a-long-terme-pour-empecher-les-mulots-denvahir-votre-maison-de-gatineau\\\/\",\"url\":\"https:\\\/\\\/aspenwildlifecontrol.com\\\/fr\\\/prestations-de-service\\\/souris-des-champs\\\/solutions-a-long-terme-pour-empecher-les-mulots-denvahir-votre-maison-de-gatineau\\\/\",\"name\":\"Solutions \u00e0 Long Terme pour Emp\u00eacher les Mulots \u00e0 Gatineau\",\"isPartOf\":{\"@id\":\"https:\\\/\\\/aspenwildlifecontrol.com\\\/fr\\\/#website\"},\"datePublished\":\"2024-09-26T23:44:04+00:00\",\"dateModified\":\"2025-02-11T13:29:31+00:00\",\"description\":\"Prot\u00e9gez durablement votre maison \u00e0 Gatineau des mulots avec les solutions \u00e0 long terme d'Aspen Wildlife Control.\",\"breadcrumb\":{\"@id\":\"https:\\\/\\\/aspenwildlifecontrol.com\\\/fr\\\/prestations-de-service\\\/souris-des-champs\\\/solutions-a-long-terme-pour-empecher-les-mulots-denvahir-votre-maison-de-gatineau\\\/#breadcrumb\"},\"inLanguage\":\"fr-FR\",\"potentialAction\":[{\"@type\":\"ReadAction\",\"target\":[\"https:\\\/\\\/aspenwildlifecontrol.com\\\/fr\\\/prestations-de-service\\\/souris-des-champs\\\/solutions-a-long-terme-pour-empecher-les-mulots-denvahir-votre-maison-de-gatineau\\\/\"]}]},{\"@type\":\"BreadcrumbList\",\"@id\":\"https:\\\/\\\/aspenwildlifecontrol.com\\\/fr\\\/prestations-de-service\\\/souris-des-champs\\\/solutions-a-long-terme-pour-empecher-les-mulots-denvahir-votre-maison-de-gatineau\\\/#breadcrumb\",\"itemListElement\":[{\"@type\":\"ListItem\",\"position\":1,\"name\":\"Home\",\"item\":\"https:\\\/\\\/aspenwildlifecontrol.com\\\/fr\\\/\"},{\"@type\":\"ListItem\",\"position\":2,\"name\":\"Service control animal\",\"item\":\"https:\\\/\\\/aspenwildlifecontrol.com\\\/fr\\\/prestations-de-service\\\/\"},{\"@type\":\"ListItem\",\"position\":3,\"name\":\"Souris des champs\",\"item\":\"https:\\\/\\\/aspenwildlifecontrol.com\\\/fr\\\/prestations-de-service\\\/souris-des-champs\\\/\"},{\"@type\":\"ListItem\",\"position\":4,\"name\":\"Solutions \u00e0 long terme pour emp\u00eacher les mulots d&rsquo;envahir votre maison de Gatineau\"}]},{\"@type\":\"WebSite\",\"@id\":\"https:\\\/\\\/aspenwildlifecontrol.com\\\/fr\\\/#website\",\"url\":\"https:\\\/\\\/aspenwildlifecontrol.com\\\/fr\\\/\",\"name\":\"Aspen Wildlife Control\",\"description\":\"Fast, humane wildlife removal in Ottawa-Gatineau \u2014 guaranteed results, 24\\\/7 service\",\"potentialAction\":[{\"@type\":\"SearchAction\",\"target\":{\"@type\":\"EntryPoint\",\"urlTemplate\":\"https:\\\/\\\/aspenwildlifecontrol.com\\\/fr\\\/?s={search_term_string}\"},\"query-input\":{\"@type\":\"PropertyValueSpecification\",\"valueRequired\":true,\"valueName\":\"search_term_string\"}}],\"inLanguage\":\"fr-FR\"}]}<\/script>\n<!-- \/ Yoast SEO Premium plugin. -->","yoast_head_json":{"title":"Solutions \u00e0 Long Terme pour Emp\u00eacher les Mulots \u00e0 Gatineau","description":"Prot\u00e9gez durablement votre maison \u00e0 Gatineau des mulots avec les solutions \u00e0 long terme d'Aspen Wildlife Control.","robots":{"index":"index","follow":"follow","max-snippet":"max-snippet:-1","max-image-preview":"max-image-preview:large","max-video-preview":"max-video-preview:-1"},"canonical":"https:\/\/aspenwildlifecontrol.com\/fr\/prestations-de-service\/souris-des-champs\/solutions-a-long-terme-pour-empecher-les-mulots-denvahir-votre-maison-de-gatineau\/","og_locale":"fr_FR","og_type":"article","og_title":"Solutions \u00e0 long terme pour emp\u00eacher les mulots d'envahir votre maison de Gatineau","og_description":"Prot\u00e9gez durablement votre maison \u00e0 Gatineau des mulots avec les solutions \u00e0 long terme d'Aspen Wildlife Control.","og_url":"https:\/\/aspenwildlifecontrol.com\/fr\/prestations-de-service\/souris-des-champs\/solutions-a-long-terme-pour-empecher-les-mulots-denvahir-votre-maison-de-gatineau\/","og_site_name":"Aspen Wildlife Control","article_modified_time":"2025-02-11T13:29:31+00:00","twitter_card":"summary_large_image","twitter_misc":{"Dur\u00e9e de lecture estim\u00e9e":"2 minutes"},"schema":{"@context":"https:\/\/schema.org","@graph":[{"@type":"WebPage","@id":"https:\/\/aspenwildlifecontrol.com\/fr\/prestations-de-service\/souris-des-champs\/solutions-a-long-terme-pour-empecher-les-mulots-denvahir-votre-maison-de-gatineau\/","url":"https:\/\/aspenwildlifecontrol.com\/fr\/prestations-de-service\/souris-des-champs\/solutions-a-long-terme-pour-empecher-les-mulots-denvahir-votre-maison-de-gatineau\/","name":"Solutions \u00e0 Long Terme pour Emp\u00eacher les Mulots \u00e0 Gatineau","isPartOf":{"@id":"https:\/\/aspenwildlifecontrol.com\/fr\/#website"},"datePublished":"2024-09-26T23:44:04+00:00","dateModified":"2025-02-11T13:29:31+00:00","description":"Prot\u00e9gez durablement votre maison \u00e0 Gatineau des mulots avec les solutions \u00e0 long terme d'Aspen Wildlife Control.","breadcrumb":{"@id":"https:\/\/aspenwildlifecontrol.com\/fr\/prestations-de-service\/souris-des-champs\/solutions-a-long-terme-pour-empecher-les-mulots-denvahir-votre-maison-de-gatineau\/#breadcrumb"},"inLanguage":"fr-FR","potentialAction":[{"@type":"ReadAction","target":["https:\/\/aspenwildlifecontrol.com\/fr\/prestations-de-service\/souris-des-champs\/solutions-a-long-terme-pour-empecher-les-mulots-denvahir-votre-maison-de-gatineau\/"]}]},{"@type":"BreadcrumbList","@id":"https:\/\/aspenwildlifecontrol.com\/fr\/prestations-de-service\/souris-des-champs\/solutions-a-long-terme-pour-empecher-les-mulots-denvahir-votre-maison-de-gatineau\/#breadcrumb","itemListElement":[{"@type":"ListItem","position":1,"name":"Home","item":"https:\/\/aspenwildlifecontrol.com\/fr\/"},{"@type":"ListItem","position":2,"name":"Service control animal","item":"https:\/\/aspenwildlifecontrol.com\/fr\/prestations-de-service\/"},{"@type":"ListItem","position":3,"name":"Souris des champs","item":"https:\/\/aspenwildlifecontrol.com\/fr\/prestations-de-service\/souris-des-champs\/"},{"@type":"ListItem","position":4,"name":"Solutions \u00e0 long terme pour emp\u00eacher les mulots d&rsquo;envahir votre maison de Gatineau"}]},{"@type":"WebSite","@id":"https:\/\/aspenwildlifecontrol.com\/fr\/#website","url":"https:\/\/aspenwildlifecontrol.com\/fr\/","name":"Aspen Wildlife Control","description":"Fast, humane wildlife removal in Ottawa-Gatineau \u2014 guaranteed results, 24\/7 service","potentialAction":[{"@type":"SearchAction","target":{"@type":"EntryPoint","urlTemplate":"https:\/\/aspenwildlifecontrol.com\/fr\/?s={search_term_string}"},"query-input":{"@type":"PropertyValueSpecification","valueRequired":true,"valueName":"search_term_string"}}],"inLanguage":"fr-FR"}]}},"_links":{"self":[{"href":"https:\/\/aspenwildlifecontrol.com\/fr\/wp-json\/wp\/v2\/pages\/1136","targetHints":{"allow":["GET"]}}],"collection":[{"href":"https:\/\/aspenwildlifecontrol.com\/fr\/wp-json\/wp\/v2\/pages"}],"about":[{"href":"https:\/\/aspenwildlifecontrol.com\/fr\/wp-json\/wp\/v2\/types\/page"}],"author":[{"embeddable":true,"href":"https:\/\/aspenwildlifecontrol.com\/fr\/wp-json\/wp\/v2\/users\/1"}],"replies":[{"embeddable":true,"href":"https:\/\/aspenwildlifecontrol.com\/fr\/wp-json\/wp\/v2\/comments?post=1136"}],"version-history":[{"count":2,"href":"https:\/\/aspenwildlifecontrol.com\/fr\/wp-json\/wp\/v2\/pages\/1136\/revisions"}],"predecessor-version":[{"id":2974,"href":"https:\/\/aspenwildlifecontrol.com\/fr\/wp-json\/wp\/v2\/pages\/1136\/revisions\/2974"}],"up":[{"embeddable":true,"href":"https:\/\/aspenwildlifecontrol.com\/fr\/wp-json\/wp\/v2\/pages\/982"}],"wp:attachment":[{"href":"https:\/\/aspenwildlifecontrol.com\/fr\/wp-json\/wp\/v2\/media?parent=1136"}],"curies":[{"name":"wp","href":"https:\/\/api.w.org\/{rel}","templated":true}]}}