{"id":1132,"date":"2024-09-26T15:04:54","date_gmt":"2024-09-26T19:04:54","guid":{"rendered":"https:\/\/aspenwildlifecontrol.com\/prestations-de-service\/souris-des-champs\/principaux-signes-dune-infestation-de-mulots-dans-votre-maison-de-gatineau\/"},"modified":"2025-02-11T08:29:17","modified_gmt":"2025-02-11T13:29:17","slug":"principaux-signes-dune-infestation-de-mulots-dans-votre-maison-de-gatineau","status":"publish","type":"page","link":"https:\/\/aspenwildlifecontrol.com\/fr\/prestations-de-service\/souris-des-champs\/principaux-signes-dune-infestation-de-mulots-dans-votre-maison-de-gatineau\/","title":{"rendered":"Principaux signes d&rsquo;une infestation de mulots dans votre maison de Gatineau"},"content":{"rendered":"<p><span style=\"font-weight: 400;\">Les mulots peuvent rapidement devenir un probl\u00e8me dans les maisons de Gatineau, surtout lorsqu&rsquo;ils trouvent un acc\u00e8s \u00e0 votre int\u00e9rieur. Identifier les signes pr\u00e9coces d&rsquo;une infestation est crucial pour agir rapidement et faire appel \u00e0 un service professionnel de capture de mulot. Voici les principaux indicateurs \u00e0 surveiller.<\/span><\/p>\n<p><strong>Pr\u00e9sence de crottes<\/strong><span style=\"font-weight: 400;\"><strong> :<\/strong> Les mulots laissent derri\u00e8re eux de petites crottes noires, g\u00e9n\u00e9ralement en forme de grains de riz, que l&rsquo;on peut retrouver pr\u00e8s des sources de nourriture, dans les placards, ou le long des plinthes. La pr\u00e9sence de ces excr\u00e9ments est un signe clair que des mulots se sont install\u00e9s chez vous.<\/span><\/p>\n<p><strong>Bruits nocturnes<\/strong><span style=\"font-weight: 400;\"><strong> :<\/strong> Les mulots sont principalement nocturnes et vous pouvez entendre des bruits de grattements ou de course dans les murs, le plafond, ou les sous-sols pendant la nuit. Ces bruits sont souvent un signe que les mulots cherchent de la nourriture ou construisent des nids.<\/span><\/p>\n<p><strong>Nids et mat\u00e9riaux rong\u00e9s<\/strong><span style=\"font-weight: 400;\"><strong> :<\/strong> Les mulots utilisent du papier, des tissus ou des mat\u00e9riaux d&rsquo;isolation pour construire leurs nids. Si vous trouvez des amas de ces mat\u00e9riaux ou des signes de rongeurs sur des meubles ou des c\u00e2bles, il est temps de consid\u00e9rer la capture de mulots \u00e0 Gatineau.<\/span><\/p>\n<p><span style=\"font-weight: 400;\">Si vous suspectez une infestation, il est crucial de contacter un sp\u00e9cialiste en capture de mulot. Aspen Wildlife Control offre des services professionnels pour \u00e9liminer les mulots de mani\u00e8re efficace et pr\u00e9venir de futures infestations, garantissant ainsi la s\u00e9curit\u00e9 et la tranquillit\u00e9 de votre maison \u00e0 Gatineau.<\/span><\/p>\n","protected":false},"excerpt":{"rendered":"<p>Les mulots peuvent rapidement devenir un probl\u00e8me dans les maisons de Gatineau, surtout lorsqu&rsquo;ils trouvent un acc\u00e8s \u00e0 votre int\u00e9rieur. Identifier les signes pr\u00e9coces d&rsquo;une infestation est crucial pour agir rapidement et faire appel \u00e0 un service professionnel de capture de mulot. Voici les principaux indicateurs \u00e0 surveiller. Pr\u00e9sence de crottes : Les mulots laissent&hellip; <a class=\"more-link\" href=\"https:\/\/aspenwildlifecontrol.com\/fr\/prestations-de-service\/souris-des-champs\/principaux-signes-dune-infestation-de-mulots-dans-votre-maison-de-gatineau\/\">Poursuivre la lecture <span class=\"screen-reader-text\">Principaux signes d&rsquo;une infestation de mulots dans votre maison de Gatineau<\/span><\/a><\/p>\n","protected":false},"author":1,"featured_media":0,"parent":982,"menu_order":0,"comment_status":"closed","ping_status":"closed","template":"","meta":{"_acf_changed":false,"footnotes":""},"class_list":["post-1132","page","type-page","status-publish","hentry","entry"],"acf":[],"yoast_head":"<!-- This site is optimized with the Yoast SEO Premium plugin v26.8 (Yoast SEO v27.4) - https:\/\/yoast.com\/product\/yoast-seo-premium-wordpress\/ -->\n<title>Signes d&#039;Infestation de Mulots \u00e0 Gatineau | Aspen Wildlife Control<\/title>\n<meta name=\"description\" content=\"Apprenez \u00e0 rep\u00e9rer les signes d&#039;une infestation de mulots \u00e0 Gatineau. Aspen Wildlife Control vous aide \u00e0 prot\u00e9ger votre maison efficacement.\" \/>\n<meta name=\"robots\" content=\"index, follow, max-snippet:-1, max-image-preview:large, max-video-preview:-1\" \/>\n<link rel=\"canonical\" href=\"https:\/\/aspenwildlifecontrol.com\/fr\/prestations-de-service\/souris-des-champs\/principaux-signes-dune-infestation-de-mulots-dans-votre-maison-de-gatineau\/\" \/>\n<meta property=\"og:locale\" content=\"fr_FR\" \/>\n<meta property=\"og:type\" content=\"article\" \/>\n<meta property=\"og:title\" content=\"Principaux signes d&#039;une infestation de mulots dans votre maison de Gatineau\" \/>\n<meta property=\"og:description\" content=\"Apprenez \u00e0 rep\u00e9rer les signes d&#039;une infestation de mulots \u00e0 Gatineau. Aspen Wildlife Control vous aide \u00e0 prot\u00e9ger votre maison efficacement.\" \/>\n<meta property=\"og:url\" content=\"https:\/\/aspenwildlifecontrol.com\/fr\/prestations-de-service\/souris-des-champs\/principaux-signes-dune-infestation-de-mulots-dans-votre-maison-de-gatineau\/\" \/>\n<meta property=\"og:site_name\" content=\"Aspen Wildlife Control\" \/>\n<meta property=\"article:modified_time\" content=\"2025-02-11T13:29:17+00:00\" \/>\n<meta name=\"twitter:card\" content=\"summary_large_image\" \/>\n<meta name=\"twitter:label1\" content=\"Dur\u00e9e de lecture estim\u00e9e\" \/>\n\t<meta name=\"twitter:data1\" content=\"2 minutes\" \/>\n<script type=\"application\/ld+json\" class=\"yoast-schema-graph\">{\"@context\":\"https:\\\/\\\/schema.org\",\"@graph\":[{\"@type\":\"WebPage\",\"@id\":\"https:\\\/\\\/aspenwildlifecontrol.com\\\/fr\\\/prestations-de-service\\\/souris-des-champs\\\/principaux-signes-dune-infestation-de-mulots-dans-votre-maison-de-gatineau\\\/\",\"url\":\"https:\\\/\\\/aspenwildlifecontrol.com\\\/fr\\\/prestations-de-service\\\/souris-des-champs\\\/principaux-signes-dune-infestation-de-mulots-dans-votre-maison-de-gatineau\\\/\",\"name\":\"Signes d'Infestation de Mulots \u00e0 Gatineau | Aspen Wildlife Control\",\"isPartOf\":{\"@id\":\"https:\\\/\\\/aspenwildlifecontrol.com\\\/fr\\\/#website\"},\"datePublished\":\"2024-09-26T19:04:54+00:00\",\"dateModified\":\"2025-02-11T13:29:17+00:00\",\"description\":\"Apprenez \u00e0 rep\u00e9rer les signes d'une infestation de mulots \u00e0 Gatineau. Aspen Wildlife Control vous aide \u00e0 prot\u00e9ger votre maison efficacement.\",\"breadcrumb\":{\"@id\":\"https:\\\/\\\/aspenwildlifecontrol.com\\\/fr\\\/prestations-de-service\\\/souris-des-champs\\\/principaux-signes-dune-infestation-de-mulots-dans-votre-maison-de-gatineau\\\/#breadcrumb\"},\"inLanguage\":\"fr-FR\",\"potentialAction\":[{\"@type\":\"ReadAction\",\"target\":[\"https:\\\/\\\/aspenwildlifecontrol.com\\\/fr\\\/prestations-de-service\\\/souris-des-champs\\\/principaux-signes-dune-infestation-de-mulots-dans-votre-maison-de-gatineau\\\/\"]}]},{\"@type\":\"BreadcrumbList\",\"@id\":\"https:\\\/\\\/aspenwildlifecontrol.com\\\/fr\\\/prestations-de-service\\\/souris-des-champs\\\/principaux-signes-dune-infestation-de-mulots-dans-votre-maison-de-gatineau\\\/#breadcrumb\",\"itemListElement\":[{\"@type\":\"ListItem\",\"position\":1,\"name\":\"Home\",\"item\":\"https:\\\/\\\/aspenwildlifecontrol.com\\\/fr\\\/\"},{\"@type\":\"ListItem\",\"position\":2,\"name\":\"Service control animal\",\"item\":\"https:\\\/\\\/aspenwildlifecontrol.com\\\/fr\\\/prestations-de-service\\\/\"},{\"@type\":\"ListItem\",\"position\":3,\"name\":\"Souris des champs\",\"item\":\"https:\\\/\\\/aspenwildlifecontrol.com\\\/fr\\\/prestations-de-service\\\/souris-des-champs\\\/\"},{\"@type\":\"ListItem\",\"position\":4,\"name\":\"Principaux signes d&rsquo;une infestation de mulots dans votre maison de Gatineau\"}]},{\"@type\":\"WebSite\",\"@id\":\"https:\\\/\\\/aspenwildlifecontrol.com\\\/fr\\\/#website\",\"url\":\"https:\\\/\\\/aspenwildlifecontrol.com\\\/fr\\\/\",\"name\":\"Aspen Wildlife Control\",\"description\":\"Fast, humane wildlife removal in Ottawa-Gatineau \u2014 guaranteed results, 24\\\/7 service\",\"potentialAction\":[{\"@type\":\"SearchAction\",\"target\":{\"@type\":\"EntryPoint\",\"urlTemplate\":\"https:\\\/\\\/aspenwildlifecontrol.com\\\/fr\\\/?s={search_term_string}\"},\"query-input\":{\"@type\":\"PropertyValueSpecification\",\"valueRequired\":true,\"valueName\":\"search_term_string\"}}],\"inLanguage\":\"fr-FR\"}]}<\/script>\n<!-- \/ Yoast SEO Premium plugin. -->","yoast_head_json":{"title":"Signes d'Infestation de Mulots \u00e0 Gatineau | Aspen Wildlife Control","description":"Apprenez \u00e0 rep\u00e9rer les signes d'une infestation de mulots \u00e0 Gatineau. Aspen Wildlife Control vous aide \u00e0 prot\u00e9ger votre maison efficacement.","robots":{"index":"index","follow":"follow","max-snippet":"max-snippet:-1","max-image-preview":"max-image-preview:large","max-video-preview":"max-video-preview:-1"},"canonical":"https:\/\/aspenwildlifecontrol.com\/fr\/prestations-de-service\/souris-des-champs\/principaux-signes-dune-infestation-de-mulots-dans-votre-maison-de-gatineau\/","og_locale":"fr_FR","og_type":"article","og_title":"Principaux signes d'une infestation de mulots dans votre maison de Gatineau","og_description":"Apprenez \u00e0 rep\u00e9rer les signes d'une infestation de mulots \u00e0 Gatineau. Aspen Wildlife Control vous aide \u00e0 prot\u00e9ger votre maison efficacement.","og_url":"https:\/\/aspenwildlifecontrol.com\/fr\/prestations-de-service\/souris-des-champs\/principaux-signes-dune-infestation-de-mulots-dans-votre-maison-de-gatineau\/","og_site_name":"Aspen Wildlife Control","article_modified_time":"2025-02-11T13:29:17+00:00","twitter_card":"summary_large_image","twitter_misc":{"Dur\u00e9e de lecture estim\u00e9e":"2 minutes"},"schema":{"@context":"https:\/\/schema.org","@graph":[{"@type":"WebPage","@id":"https:\/\/aspenwildlifecontrol.com\/fr\/prestations-de-service\/souris-des-champs\/principaux-signes-dune-infestation-de-mulots-dans-votre-maison-de-gatineau\/","url":"https:\/\/aspenwildlifecontrol.com\/fr\/prestations-de-service\/souris-des-champs\/principaux-signes-dune-infestation-de-mulots-dans-votre-maison-de-gatineau\/","name":"Signes d'Infestation de Mulots \u00e0 Gatineau | Aspen Wildlife Control","isPartOf":{"@id":"https:\/\/aspenwildlifecontrol.com\/fr\/#website"},"datePublished":"2024-09-26T19:04:54+00:00","dateModified":"2025-02-11T13:29:17+00:00","description":"Apprenez \u00e0 rep\u00e9rer les signes d'une infestation de mulots \u00e0 Gatineau. Aspen Wildlife Control vous aide \u00e0 prot\u00e9ger votre maison efficacement.","breadcrumb":{"@id":"https:\/\/aspenwildlifecontrol.com\/fr\/prestations-de-service\/souris-des-champs\/principaux-signes-dune-infestation-de-mulots-dans-votre-maison-de-gatineau\/#breadcrumb"},"inLanguage":"fr-FR","potentialAction":[{"@type":"ReadAction","target":["https:\/\/aspenwildlifecontrol.com\/fr\/prestations-de-service\/souris-des-champs\/principaux-signes-dune-infestation-de-mulots-dans-votre-maison-de-gatineau\/"]}]},{"@type":"BreadcrumbList","@id":"https:\/\/aspenwildlifecontrol.com\/fr\/prestations-de-service\/souris-des-champs\/principaux-signes-dune-infestation-de-mulots-dans-votre-maison-de-gatineau\/#breadcrumb","itemListElement":[{"@type":"ListItem","position":1,"name":"Home","item":"https:\/\/aspenwildlifecontrol.com\/fr\/"},{"@type":"ListItem","position":2,"name":"Service control animal","item":"https:\/\/aspenwildlifecontrol.com\/fr\/prestations-de-service\/"},{"@type":"ListItem","position":3,"name":"Souris des champs","item":"https:\/\/aspenwildlifecontrol.com\/fr\/prestations-de-service\/souris-des-champs\/"},{"@type":"ListItem","position":4,"name":"Principaux signes d&rsquo;une infestation de mulots dans votre maison de Gatineau"}]},{"@type":"WebSite","@id":"https:\/\/aspenwildlifecontrol.com\/fr\/#website","url":"https:\/\/aspenwildlifecontrol.com\/fr\/","name":"Aspen Wildlife Control","description":"Fast, humane wildlife removal in Ottawa-Gatineau \u2014 guaranteed results, 24\/7 service","potentialAction":[{"@type":"SearchAction","target":{"@type":"EntryPoint","urlTemplate":"https:\/\/aspenwildlifecontrol.com\/fr\/?s={search_term_string}"},"query-input":{"@type":"PropertyValueSpecification","valueRequired":true,"valueName":"search_term_string"}}],"inLanguage":"fr-FR"}]}},"_links":{"self":[{"href":"https:\/\/aspenwildlifecontrol.com\/fr\/wp-json\/wp\/v2\/pages\/1132","targetHints":{"allow":["GET"]}}],"collection":[{"href":"https:\/\/aspenwildlifecontrol.com\/fr\/wp-json\/wp\/v2\/pages"}],"about":[{"href":"https:\/\/aspenwildlifecontrol.com\/fr\/wp-json\/wp\/v2\/types\/page"}],"author":[{"embeddable":true,"href":"https:\/\/aspenwildlifecontrol.com\/fr\/wp-json\/wp\/v2\/users\/1"}],"replies":[{"embeddable":true,"href":"https:\/\/aspenwildlifecontrol.com\/fr\/wp-json\/wp\/v2\/comments?post=1132"}],"version-history":[{"count":2,"href":"https:\/\/aspenwildlifecontrol.com\/fr\/wp-json\/wp\/v2\/pages\/1132\/revisions"}],"predecessor-version":[{"id":2973,"href":"https:\/\/aspenwildlifecontrol.com\/fr\/wp-json\/wp\/v2\/pages\/1132\/revisions\/2973"}],"up":[{"embeddable":true,"href":"https:\/\/aspenwildlifecontrol.com\/fr\/wp-json\/wp\/v2\/pages\/982"}],"wp:attachment":[{"href":"https:\/\/aspenwildlifecontrol.com\/fr\/wp-json\/wp\/v2\/media?parent=1132"}],"curies":[{"name":"wp","href":"https:\/\/api.w.org\/{rel}","templated":true}]}}