{"id":1126,"date":"2024-09-24T14:48:00","date_gmt":"2024-09-24T18:48:00","guid":{"rendered":"https:\/\/aspenwildlifecontrol.com\/prestations-de-service\/marmottes\/solutions-a-long-terme-pour-eloigner-les-marmottes-de-votre-maison-de-gatineau\/"},"modified":"2025-02-11T09:08:27","modified_gmt":"2025-02-11T14:08:27","slug":"solutions-a-long-terme-pour-eloigner-les-marmottes-de-votre-maison-de-gatineau","status":"publish","type":"page","link":"https:\/\/aspenwildlifecontrol.com\/fr\/prestations-de-service\/marmottes\/solutions-a-long-terme-pour-eloigner-les-marmottes-de-votre-maison-de-gatineau\/","title":{"rendered":"Solutions \u00e0 long terme pour \u00e9loigner les marmottes de votre maison de Gatineau"},"content":{"rendered":"<p><span style=\"font-weight: 400;\">Les marmottes peuvent causer des dommages consid\u00e9rables \u00e0 votre propri\u00e9t\u00e9 \u00e0 Gatineau, mais avec les bonnes strat\u00e9gies, il est possible de les \u00e9loigner de mani\u00e8re efficace et durable. Voici quelques solutions \u00e0 long terme pour prot\u00e9ger votre maison et votre jardin de ces rongeurs fouisseurs.<\/span><\/p>\n<ol>\n<li><strong> Installer des cl\u00f4tures souterraines <\/strong><span style=\"font-weight: 400;\"><strong>:<\/strong> Les marmottes sont des expertes en creusage, ce qui signifie qu&rsquo;une simple cl\u00f4ture ne suffit souvent pas. Pour emp\u00eacher ces animaux de p\u00e9n\u00e9trer dans votre jardin, installez une cl\u00f4ture enterr\u00e9e \u00e0 au moins 30 centim\u00e8tres sous terre. Cela dissuadera les marmottes de creuser sous la barri\u00e8re pour acc\u00e9der \u00e0 votre propri\u00e9t\u00e9.<\/span><\/li>\n<li><strong> Supprimer les attractifs alimentaires<\/strong><span style=\"font-weight: 400;\"><strong> :<\/strong> Les marmottes sont attir\u00e9es par les jardins riches en l\u00e9gumes, fruits et plantes \u00e0 feuillage dense. Pour les d\u00e9courager, \u00e9vitez de planter des cultures qu&rsquo;elles adorent, comme les l\u00e9gumes verts, ou utilisez des r\u00e9pulsifs naturels autour de vos plantes. Assurez-vous \u00e9galement de ne pas laisser de d\u00e9chets alimentaires \u00e0 l&rsquo;ext\u00e9rieur, car cela pourrait les attirer.<\/span><\/li>\n<li><strong> Faire appel \u00e0 des professionnels<\/strong><span style=\"font-weight: 400;\"><strong> :<\/strong> Si vous avez d\u00e9j\u00e0 un probl\u00e8me de marmottes, il est essentiel de faire appel \u00e0 un service de capture de marmotte \u00e0 Gatineau. Aspen Wildlife Control propose des solutions efficaces pour la capture de marmottes et offre des conseils sur les mesures pr\u00e9ventives \u00e0 long terme. Gr\u00e2ce \u00e0 leur expertise, vous pouvez \u00eatre s\u00fbr que votre propri\u00e9t\u00e9 restera \u00e0 l&rsquo;abri des marmottes.<\/span><\/li>\n<\/ol>\n<p><span style=\"font-weight: 400;\">En adoptant ces mesures, vous pouvez prot\u00e9ger votre maison de Gatineau contre les d\u00e9g\u00e2ts caus\u00e9s par les marmottes et maintenir un environnement ext\u00e9rieur s\u00fbr et agr\u00e9able.<\/span><\/p>\n","protected":false},"excerpt":{"rendered":"<p>Les marmottes peuvent causer des dommages consid\u00e9rables \u00e0 votre propri\u00e9t\u00e9 \u00e0 Gatineau, mais avec les bonnes strat\u00e9gies, il est possible de les \u00e9loigner de mani\u00e8re efficace et durable. Voici quelques solutions \u00e0 long terme pour prot\u00e9ger votre maison et votre jardin de ces rongeurs fouisseurs. Installer des cl\u00f4tures souterraines : Les marmottes sont des expertes&hellip; <a class=\"more-link\" href=\"https:\/\/aspenwildlifecontrol.com\/fr\/prestations-de-service\/marmottes\/solutions-a-long-terme-pour-eloigner-les-marmottes-de-votre-maison-de-gatineau\/\">Poursuivre la lecture <span class=\"screen-reader-text\">Solutions \u00e0 long terme pour \u00e9loigner les marmottes de votre maison de Gatineau<\/span><\/a><\/p>\n","protected":false},"author":1,"featured_media":0,"parent":979,"menu_order":0,"comment_status":"closed","ping_status":"closed","template":"","meta":{"_acf_changed":false,"footnotes":""},"class_list":["post-1126","page","type-page","status-publish","hentry","entry"],"acf":[],"yoast_head":"<!-- This site is optimized with the Yoast SEO Premium plugin v26.8 (Yoast SEO v27.4) - https:\/\/yoast.com\/product\/yoast-seo-premium-wordpress\/ -->\n<title>Solutions \u00e0 Long Terme pour \u00c9loigner les Marmottes \u00e0 Gatineau<\/title>\n<meta name=\"description\" content=\"D\u00e9couvrez des solutions \u00e0 long terme pour \u00e9loigner les marmottes de votre maison \u00e0 Gatineau avec Aspen Wildlife Control.\" \/>\n<meta name=\"robots\" content=\"index, follow, max-snippet:-1, max-image-preview:large, max-video-preview:-1\" \/>\n<link rel=\"canonical\" href=\"https:\/\/aspenwildlifecontrol.com\/fr\/prestations-de-service\/marmottes\/solutions-a-long-terme-pour-eloigner-les-marmottes-de-votre-maison-de-gatineau\/\" \/>\n<meta property=\"og:locale\" content=\"fr_FR\" \/>\n<meta property=\"og:type\" content=\"article\" \/>\n<meta property=\"og:title\" content=\"Solutions \u00e0 long terme pour \u00e9loigner les marmottes de votre maison de Gatineau\" \/>\n<meta property=\"og:description\" content=\"D\u00e9couvrez des solutions \u00e0 long terme pour \u00e9loigner les marmottes de votre maison \u00e0 Gatineau avec Aspen Wildlife Control.\" \/>\n<meta property=\"og:url\" content=\"https:\/\/aspenwildlifecontrol.com\/fr\/prestations-de-service\/marmottes\/solutions-a-long-terme-pour-eloigner-les-marmottes-de-votre-maison-de-gatineau\/\" \/>\n<meta property=\"og:site_name\" content=\"Aspen Wildlife Control\" \/>\n<meta property=\"article:modified_time\" content=\"2025-02-11T14:08:27+00:00\" \/>\n<meta name=\"twitter:card\" content=\"summary_large_image\" \/>\n<meta name=\"twitter:label1\" content=\"Dur\u00e9e de lecture estim\u00e9e\" \/>\n\t<meta name=\"twitter:data1\" content=\"2 minutes\" \/>\n<script type=\"application\/ld+json\" class=\"yoast-schema-graph\">{\"@context\":\"https:\\\/\\\/schema.org\",\"@graph\":[{\"@type\":\"WebPage\",\"@id\":\"https:\\\/\\\/aspenwildlifecontrol.com\\\/fr\\\/prestations-de-service\\\/marmottes\\\/solutions-a-long-terme-pour-eloigner-les-marmottes-de-votre-maison-de-gatineau\\\/\",\"url\":\"https:\\\/\\\/aspenwildlifecontrol.com\\\/fr\\\/prestations-de-service\\\/marmottes\\\/solutions-a-long-terme-pour-eloigner-les-marmottes-de-votre-maison-de-gatineau\\\/\",\"name\":\"Solutions \u00e0 Long Terme pour \u00c9loigner les Marmottes \u00e0 Gatineau\",\"isPartOf\":{\"@id\":\"https:\\\/\\\/aspenwildlifecontrol.com\\\/fr\\\/#website\"},\"datePublished\":\"2024-09-24T18:48:00+00:00\",\"dateModified\":\"2025-02-11T14:08:27+00:00\",\"description\":\"D\u00e9couvrez des solutions \u00e0 long terme pour \u00e9loigner les marmottes de votre maison \u00e0 Gatineau avec Aspen Wildlife Control.\",\"breadcrumb\":{\"@id\":\"https:\\\/\\\/aspenwildlifecontrol.com\\\/fr\\\/prestations-de-service\\\/marmottes\\\/solutions-a-long-terme-pour-eloigner-les-marmottes-de-votre-maison-de-gatineau\\\/#breadcrumb\"},\"inLanguage\":\"fr-FR\",\"potentialAction\":[{\"@type\":\"ReadAction\",\"target\":[\"https:\\\/\\\/aspenwildlifecontrol.com\\\/fr\\\/prestations-de-service\\\/marmottes\\\/solutions-a-long-terme-pour-eloigner-les-marmottes-de-votre-maison-de-gatineau\\\/\"]}]},{\"@type\":\"BreadcrumbList\",\"@id\":\"https:\\\/\\\/aspenwildlifecontrol.com\\\/fr\\\/prestations-de-service\\\/marmottes\\\/solutions-a-long-terme-pour-eloigner-les-marmottes-de-votre-maison-de-gatineau\\\/#breadcrumb\",\"itemListElement\":[{\"@type\":\"ListItem\",\"position\":1,\"name\":\"Home\",\"item\":\"https:\\\/\\\/aspenwildlifecontrol.com\\\/fr\\\/\"},{\"@type\":\"ListItem\",\"position\":2,\"name\":\"Service control animal\",\"item\":\"https:\\\/\\\/aspenwildlifecontrol.com\\\/fr\\\/prestations-de-service\\\/\"},{\"@type\":\"ListItem\",\"position\":3,\"name\":\"Marmottes\",\"item\":\"https:\\\/\\\/aspenwildlifecontrol.com\\\/fr\\\/prestations-de-service\\\/marmottes\\\/\"},{\"@type\":\"ListItem\",\"position\":4,\"name\":\"Solutions \u00e0 long terme pour \u00e9loigner les marmottes de votre maison de Gatineau\"}]},{\"@type\":\"WebSite\",\"@id\":\"https:\\\/\\\/aspenwildlifecontrol.com\\\/fr\\\/#website\",\"url\":\"https:\\\/\\\/aspenwildlifecontrol.com\\\/fr\\\/\",\"name\":\"Aspen Wildlife Control\",\"description\":\"Fast, humane wildlife removal in Ottawa-Gatineau \u2014 guaranteed results, 24\\\/7 service\",\"potentialAction\":[{\"@type\":\"SearchAction\",\"target\":{\"@type\":\"EntryPoint\",\"urlTemplate\":\"https:\\\/\\\/aspenwildlifecontrol.com\\\/fr\\\/?s={search_term_string}\"},\"query-input\":{\"@type\":\"PropertyValueSpecification\",\"valueRequired\":true,\"valueName\":\"search_term_string\"}}],\"inLanguage\":\"fr-FR\"}]}<\/script>\n<!-- \/ Yoast SEO Premium plugin. -->","yoast_head_json":{"title":"Solutions \u00e0 Long Terme pour \u00c9loigner les Marmottes \u00e0 Gatineau","description":"D\u00e9couvrez des solutions \u00e0 long terme pour \u00e9loigner les marmottes de votre maison \u00e0 Gatineau avec Aspen Wildlife Control.","robots":{"index":"index","follow":"follow","max-snippet":"max-snippet:-1","max-image-preview":"max-image-preview:large","max-video-preview":"max-video-preview:-1"},"canonical":"https:\/\/aspenwildlifecontrol.com\/fr\/prestations-de-service\/marmottes\/solutions-a-long-terme-pour-eloigner-les-marmottes-de-votre-maison-de-gatineau\/","og_locale":"fr_FR","og_type":"article","og_title":"Solutions \u00e0 long terme pour \u00e9loigner les marmottes de votre maison de Gatineau","og_description":"D\u00e9couvrez des solutions \u00e0 long terme pour \u00e9loigner les marmottes de votre maison \u00e0 Gatineau avec Aspen Wildlife Control.","og_url":"https:\/\/aspenwildlifecontrol.com\/fr\/prestations-de-service\/marmottes\/solutions-a-long-terme-pour-eloigner-les-marmottes-de-votre-maison-de-gatineau\/","og_site_name":"Aspen Wildlife Control","article_modified_time":"2025-02-11T14:08:27+00:00","twitter_card":"summary_large_image","twitter_misc":{"Dur\u00e9e de lecture estim\u00e9e":"2 minutes"},"schema":{"@context":"https:\/\/schema.org","@graph":[{"@type":"WebPage","@id":"https:\/\/aspenwildlifecontrol.com\/fr\/prestations-de-service\/marmottes\/solutions-a-long-terme-pour-eloigner-les-marmottes-de-votre-maison-de-gatineau\/","url":"https:\/\/aspenwildlifecontrol.com\/fr\/prestations-de-service\/marmottes\/solutions-a-long-terme-pour-eloigner-les-marmottes-de-votre-maison-de-gatineau\/","name":"Solutions \u00e0 Long Terme pour \u00c9loigner les Marmottes \u00e0 Gatineau","isPartOf":{"@id":"https:\/\/aspenwildlifecontrol.com\/fr\/#website"},"datePublished":"2024-09-24T18:48:00+00:00","dateModified":"2025-02-11T14:08:27+00:00","description":"D\u00e9couvrez des solutions \u00e0 long terme pour \u00e9loigner les marmottes de votre maison \u00e0 Gatineau avec Aspen Wildlife Control.","breadcrumb":{"@id":"https:\/\/aspenwildlifecontrol.com\/fr\/prestations-de-service\/marmottes\/solutions-a-long-terme-pour-eloigner-les-marmottes-de-votre-maison-de-gatineau\/#breadcrumb"},"inLanguage":"fr-FR","potentialAction":[{"@type":"ReadAction","target":["https:\/\/aspenwildlifecontrol.com\/fr\/prestations-de-service\/marmottes\/solutions-a-long-terme-pour-eloigner-les-marmottes-de-votre-maison-de-gatineau\/"]}]},{"@type":"BreadcrumbList","@id":"https:\/\/aspenwildlifecontrol.com\/fr\/prestations-de-service\/marmottes\/solutions-a-long-terme-pour-eloigner-les-marmottes-de-votre-maison-de-gatineau\/#breadcrumb","itemListElement":[{"@type":"ListItem","position":1,"name":"Home","item":"https:\/\/aspenwildlifecontrol.com\/fr\/"},{"@type":"ListItem","position":2,"name":"Service control animal","item":"https:\/\/aspenwildlifecontrol.com\/fr\/prestations-de-service\/"},{"@type":"ListItem","position":3,"name":"Marmottes","item":"https:\/\/aspenwildlifecontrol.com\/fr\/prestations-de-service\/marmottes\/"},{"@type":"ListItem","position":4,"name":"Solutions \u00e0 long terme pour \u00e9loigner les marmottes de votre maison de Gatineau"}]},{"@type":"WebSite","@id":"https:\/\/aspenwildlifecontrol.com\/fr\/#website","url":"https:\/\/aspenwildlifecontrol.com\/fr\/","name":"Aspen Wildlife Control","description":"Fast, humane wildlife removal in Ottawa-Gatineau \u2014 guaranteed results, 24\/7 service","potentialAction":[{"@type":"SearchAction","target":{"@type":"EntryPoint","urlTemplate":"https:\/\/aspenwildlifecontrol.com\/fr\/?s={search_term_string}"},"query-input":{"@type":"PropertyValueSpecification","valueRequired":true,"valueName":"search_term_string"}}],"inLanguage":"fr-FR"}]}},"_links":{"self":[{"href":"https:\/\/aspenwildlifecontrol.com\/fr\/wp-json\/wp\/v2\/pages\/1126","targetHints":{"allow":["GET"]}}],"collection":[{"href":"https:\/\/aspenwildlifecontrol.com\/fr\/wp-json\/wp\/v2\/pages"}],"about":[{"href":"https:\/\/aspenwildlifecontrol.com\/fr\/wp-json\/wp\/v2\/types\/page"}],"author":[{"embeddable":true,"href":"https:\/\/aspenwildlifecontrol.com\/fr\/wp-json\/wp\/v2\/users\/1"}],"replies":[{"embeddable":true,"href":"https:\/\/aspenwildlifecontrol.com\/fr\/wp-json\/wp\/v2\/comments?post=1126"}],"version-history":[{"count":2,"href":"https:\/\/aspenwildlifecontrol.com\/fr\/wp-json\/wp\/v2\/pages\/1126\/revisions"}],"predecessor-version":[{"id":3027,"href":"https:\/\/aspenwildlifecontrol.com\/fr\/wp-json\/wp\/v2\/pages\/1126\/revisions\/3027"}],"up":[{"embeddable":true,"href":"https:\/\/aspenwildlifecontrol.com\/fr\/wp-json\/wp\/v2\/pages\/979"}],"wp:attachment":[{"href":"https:\/\/aspenwildlifecontrol.com\/fr\/wp-json\/wp\/v2\/media?parent=1126"}],"curies":[{"name":"wp","href":"https:\/\/api.w.org\/{rel}","templated":true}]}}